{"id":50241,"date":"2024-10-04T00:14:54","date_gmt":"2024-10-04T00:14:54","guid":{"rendered":"https:\/\/meetcody.ai\/documentacao\/"},"modified":"2024-10-04T00:16:15","modified_gmt":"2024-10-04T00:16:15","slug":"documentacao","status":"publish","type":"page","link":"https:\/\/meetcody.ai\/pt-br\/documentacao\/","title":{"rendered":"Documenta\u00e7\u00e3o"},"content":{"rendered":"<h4><strong>1. Primeiros passos<\/strong><\/h4>\n<p>  Se voc\u00ea \u00e9 novo no CODY, explore o <a href=\"https:\/\/intercom.help\/cody\/en\/\" target=\"_new\" rel=\"noopener\">Guia de Introdu\u00e7\u00e3o<\/a> para entender como configurar sua conta, configurar seu espa\u00e7o de trabalho e navegar pela plataforma.  <\/p>\n<h4><strong>2. Documenta\u00e7\u00e3o do desenvolvedor<\/strong><\/h4>\n<p>  Acesse a documenta\u00e7\u00e3o da API do CODY para integrar o CODY aos seus sistemas, aplicativos e fluxos de trabalho.  <\/p>\n<ul>\n<li><a href=\"https:\/\/developers.meetcody.ai\/\" target=\"_new\" rel=\"noopener\">Guia de refer\u00eancia da API<\/a><\/li>\n<\/ul>\n<h4><strong>3. Conformidade e jur\u00eddico<\/strong><\/h4>\n<p>  Analise a documenta\u00e7\u00e3o de conformidade e os contratos legais da CODY, incluindo a lista de subprocessadores e as pol\u00edticas relacionadas \u00e0 privacidade e \u00e0 prote\u00e7\u00e3o de dados.  <\/p>\n<ul>\n<li><a href=\"https:\/\/meetcody.ai\/terms-conditions\/\" target=\"_new\" rel=\"noopener\">Termos e condi\u00e7\u00f5es<\/a><\/li>\n<li><a href=\"https:\/\/meetcody.ai\/privacy-policy\/\" target=\"_new\" rel=\"noopener\">Pol\u00edtica de privacidade<\/a><\/li>\n<li><a href=\"https:\/\/meetcody.ai\/compliance\/sub-processors\/\" target=\"_new\" rel=\"noopener\">Subprocessadores<\/a><\/li>\n<\/ul>\n<h4><strong>4. Seguran\u00e7a e gerenciamento de incidentes<\/strong><\/h4>\n<p>  Mantenha-se informado sobre os mais recentes problemas de seguran\u00e7a, vulnerabilidades e a\u00e7\u00f5es de atenua\u00e7\u00e3o por meio dos boletins de seguran\u00e7a da CODY.<br \/>\nSaiba mais sobre nossas estrat\u00e9gias de resposta e mecanismos de relat\u00f3rio em nossa p\u00e1gina Gerenciamento de crises.   <\/p>\n<ul>\n<li><a href=\"https:\/\/meetcody.ai\/security\/security-bulletins\/\" target=\"_new\" rel=\"noopener\">Boletins de seguran\u00e7a<\/a><\/li>\n<li><a href=\"https:\/\/meetcody.ai\/security\/crisis\" target=\"_new\" rel=\"noopener\">Gerenciamento de crises e relat\u00f3rios<\/a><\/li>\n<\/ul>\n<h4><strong>5. Suporte e solu\u00e7\u00e3o de problemas<\/strong><\/h4>\n<p>  Encontre respostas para perguntas comuns e solu\u00e7\u00f5es para problemas t\u00e9cnicos na Central de Ajuda CODY ou entre em contato com a equipe de suporte para obter ajuda adicional.  <\/p>\n<ul>\n<li><a href=\"https:\/\/intercom.help\/cody\/en\/\" target=\"_new\" rel=\"noopener\">Central de ajuda e perguntas frequentes<\/a><\/li>\n<\/ul>\n<h4><strong>6. Recursos adicionais<\/strong><\/h4>\n<p>  Mantenha-se atualizado com as \u00faltimas not\u00edcias, atualiza\u00e7\u00f5es de produtos e pr\u00e1ticas recomendadas da CODY em nosso blog.  <\/p>\n<ul>\n<li><a href=\"https:\/\/meetcody.ai\/blog\/\" target=\"_new\" rel=\"noopener\">Blog CODY<\/a><\/li>\n<\/ul>\n","protected":false},"excerpt":{"rendered":"<p>1. Primeiros passos Se voc\u00ea \u00e9 novo no CODY, explore o Guia de Introdu\u00e7\u00e3o para entender como configurar sua conta, configurar seu espa\u00e7o de trabalho e navegar pela plataforma. 2. Documenta\u00e7\u00e3o do desenvolvedor Acesse a documenta\u00e7\u00e3o da API do CODY para integrar o CODY aos seus sistemas, aplicativos e fluxos de trabalho. Guia de refer\u00eancia<a class=\"excerpt-read-more\" href=\"https:\/\/meetcody.ai\/pt-br\/documentacao\/\" title=\"ReadDocumenta\u00e7\u00e3o\">&#8230; Read more &raquo;<\/a><\/p>\n","protected":false},"author":1,"featured_media":0,"parent":0,"menu_order":0,"comment_status":"closed","ping_status":"closed","template":"template-full-width.php","meta":{"_acf_changed":false,"inline_featured_image":false,"footnotes":""},"class_list":["post-50241","page","type-page","status-publish","hentry"],"acf":[],"yoast_head":"<!-- This site is optimized with the Yoast SEO Premium plugin v21.8 (Yoast SEO v24.2) - https:\/\/yoast.com\/wordpress\/plugins\/seo\/ -->\n<title>Documenta\u00e7\u00e3o - Cody - The AI Trained on Your Business<\/title>\n<meta name=\"robots\" content=\"index, follow, max-snippet:-1, max-image-preview:large, max-video-preview:-1\" \/>\n<link rel=\"canonical\" href=\"https:\/\/meetcody.ai\/pt-br\/documentacao\/\" \/>\n<meta property=\"og:locale\" content=\"pt_BR\" \/>\n<meta property=\"og:type\" content=\"article\" \/>\n<meta property=\"og:title\" content=\"Documenta\u00e7\u00e3o\" \/>\n<meta property=\"og:description\" content=\"1. Primeiros passos Se voc\u00ea \u00e9 novo no CODY, explore o Guia de Introdu\u00e7\u00e3o para entender como configurar sua conta, configurar seu espa\u00e7o de trabalho e navegar pela plataforma. 2. Documenta\u00e7\u00e3o do desenvolvedor Acesse a documenta\u00e7\u00e3o da API do CODY para integrar o CODY aos seus sistemas, aplicativos e fluxos de trabalho. Guia de refer\u00eancia... Read more &raquo;\" \/>\n<meta property=\"og:url\" content=\"https:\/\/meetcody.ai\/pt-br\/documentacao\/\" \/>\n<meta property=\"og:site_name\" content=\"Cody - The AI Trained on Your Business\" \/>\n<meta property=\"article:modified_time\" content=\"2024-10-04T00:16:15+00:00\" \/>\n<meta property=\"og:image\" content=\"https:\/\/meetcody.ai\/wp-content\/uploads\/2023\/02\/grid_0-2.png\" \/>\n\t<meta property=\"og:image:width\" content=\"1536\" \/>\n\t<meta property=\"og:image:height\" content=\"1024\" \/>\n\t<meta property=\"og:image:type\" content=\"image\/png\" \/>\n<meta name=\"twitter:card\" content=\"summary_large_image\" \/>\n<meta name=\"twitter:site\" content=\"@meetcodyai\" \/>\n<meta name=\"twitter:label1\" content=\"Est. reading time\" \/>\n\t<meta name=\"twitter:data1\" content=\"1 minute\" \/>\n<script type=\"application\/ld+json\" class=\"yoast-schema-graph\">{\"@context\":\"https:\/\/schema.org\",\"@graph\":[{\"@type\":\"WebPage\",\"@id\":\"https:\/\/meetcody.ai\/pt-br\/documentacao\/\",\"url\":\"https:\/\/meetcody.ai\/pt-br\/documentacao\/\",\"name\":\"Documenta\u00e7\u00e3o - Cody - The AI Trained on Your Business\",\"isPartOf\":{\"@id\":\"https:\/\/meetcody.ai\/#website\"},\"datePublished\":\"2024-10-04T00:14:54+00:00\",\"dateModified\":\"2024-10-04T00:16:15+00:00\",\"breadcrumb\":{\"@id\":\"https:\/\/meetcody.ai\/pt-br\/documentacao\/#breadcrumb\"},\"inLanguage\":\"pt-BR\",\"potentialAction\":[{\"@type\":\"ReadAction\",\"target\":[\"https:\/\/meetcody.ai\/pt-br\/documentacao\/\"]}]},{\"@type\":\"BreadcrumbList\",\"@id\":\"https:\/\/meetcody.ai\/pt-br\/documentacao\/#breadcrumb\",\"itemListElement\":[{\"@type\":\"ListItem\",\"position\":1,\"name\":\"Home\",\"item\":\"https:\/\/meetcody.ai\/pt-br\/inicio-v2\/\"},{\"@type\":\"ListItem\",\"position\":2,\"name\":\"Documenta\u00e7\u00e3o\"}]},{\"@type\":\"WebSite\",\"@id\":\"https:\/\/meetcody.ai\/#website\",\"url\":\"https:\/\/meetcody.ai\/\",\"name\":\"Cody AI - The AI Trained on Your Business\",\"description\":\"AI Powered Knowledge Base for Employees\",\"publisher\":{\"@id\":\"https:\/\/meetcody.ai\/#organization\"},\"potentialAction\":[{\"@type\":\"SearchAction\",\"target\":{\"@type\":\"EntryPoint\",\"urlTemplate\":\"https:\/\/meetcody.ai\/?s={search_term_string}\"},\"query-input\":{\"@type\":\"PropertyValueSpecification\",\"valueRequired\":true,\"valueName\":\"search_term_string\"}}],\"inLanguage\":\"pt-BR\"},{\"@type\":\"Organization\",\"@id\":\"https:\/\/meetcody.ai\/#organization\",\"name\":\"Cody AI - The AI Trained on Your Business\",\"url\":\"https:\/\/meetcody.ai\/\",\"logo\":{\"@type\":\"ImageObject\",\"inLanguage\":\"pt-BR\",\"@id\":\"https:\/\/meetcody.ai\/#\/schema\/logo\/image\/\",\"url\":\"https:\/\/meetcody.ai\/wp-content\/uploads\/2023\/05\/logo-codyai.svg\",\"contentUrl\":\"https:\/\/meetcody.ai\/wp-content\/uploads\/2023\/05\/logo-codyai.svg\",\"width\":\"1024\",\"height\":\"1024\",\"caption\":\"Cody AI - The AI Trained on Your Business\"},\"image\":{\"@id\":\"https:\/\/meetcody.ai\/#\/schema\/logo\/image\/\"},\"sameAs\":[\"https:\/\/x.com\/meetcodyai\",\"https:\/\/discord.com\/invite\/jXEVDcFxqs\"]}]}<\/script>\n<!-- \/ Yoast SEO Premium plugin. -->","yoast_head_json":{"title":"Documenta\u00e7\u00e3o - Cody - The AI Trained on Your Business","robots":{"index":"index","follow":"follow","max-snippet":"max-snippet:-1","max-image-preview":"max-image-preview:large","max-video-preview":"max-video-preview:-1"},"canonical":"https:\/\/meetcody.ai\/pt-br\/documentacao\/","og_locale":"pt_BR","og_type":"article","og_title":"Documenta\u00e7\u00e3o","og_description":"1. Primeiros passos Se voc\u00ea \u00e9 novo no CODY, explore o Guia de Introdu\u00e7\u00e3o para entender como configurar sua conta, configurar seu espa\u00e7o de trabalho e navegar pela plataforma. 2. Documenta\u00e7\u00e3o do desenvolvedor Acesse a documenta\u00e7\u00e3o da API do CODY para integrar o CODY aos seus sistemas, aplicativos e fluxos de trabalho. Guia de refer\u00eancia... Read more &raquo;","og_url":"https:\/\/meetcody.ai\/pt-br\/documentacao\/","og_site_name":"Cody - The AI Trained on Your Business","article_modified_time":"2024-10-04T00:16:15+00:00","og_image":[{"width":1536,"height":1024,"url":"https:\/\/meetcody.ai\/wp-content\/uploads\/2023\/02\/grid_0-2.png","type":"image\/png"}],"twitter_card":"summary_large_image","twitter_site":"@meetcodyai","twitter_misc":{"Est. reading time":"1 minute"},"schema":{"@context":"https:\/\/schema.org","@graph":[{"@type":"WebPage","@id":"https:\/\/meetcody.ai\/pt-br\/documentacao\/","url":"https:\/\/meetcody.ai\/pt-br\/documentacao\/","name":"Documenta\u00e7\u00e3o - Cody - The AI Trained on Your Business","isPartOf":{"@id":"https:\/\/meetcody.ai\/#website"},"datePublished":"2024-10-04T00:14:54+00:00","dateModified":"2024-10-04T00:16:15+00:00","breadcrumb":{"@id":"https:\/\/meetcody.ai\/pt-br\/documentacao\/#breadcrumb"},"inLanguage":"pt-BR","potentialAction":[{"@type":"ReadAction","target":["https:\/\/meetcody.ai\/pt-br\/documentacao\/"]}]},{"@type":"BreadcrumbList","@id":"https:\/\/meetcody.ai\/pt-br\/documentacao\/#breadcrumb","itemListElement":[{"@type":"ListItem","position":1,"name":"Home","item":"https:\/\/meetcody.ai\/pt-br\/inicio-v2\/"},{"@type":"ListItem","position":2,"name":"Documenta\u00e7\u00e3o"}]},{"@type":"WebSite","@id":"https:\/\/meetcody.ai\/#website","url":"https:\/\/meetcody.ai\/","name":"Cody AI - The AI Trained on Your Business","description":"AI Powered Knowledge Base for Employees","publisher":{"@id":"https:\/\/meetcody.ai\/#organization"},"potentialAction":[{"@type":"SearchAction","target":{"@type":"EntryPoint","urlTemplate":"https:\/\/meetcody.ai\/?s={search_term_string}"},"query-input":{"@type":"PropertyValueSpecification","valueRequired":true,"valueName":"search_term_string"}}],"inLanguage":"pt-BR"},{"@type":"Organization","@id":"https:\/\/meetcody.ai\/#organization","name":"Cody AI - The AI Trained on Your Business","url":"https:\/\/meetcody.ai\/","logo":{"@type":"ImageObject","inLanguage":"pt-BR","@id":"https:\/\/meetcody.ai\/#\/schema\/logo\/image\/","url":"https:\/\/meetcody.ai\/wp-content\/uploads\/2023\/05\/logo-codyai.svg","contentUrl":"https:\/\/meetcody.ai\/wp-content\/uploads\/2023\/05\/logo-codyai.svg","width":"1024","height":"1024","caption":"Cody AI - The AI Trained on Your Business"},"image":{"@id":"https:\/\/meetcody.ai\/#\/schema\/logo\/image\/"},"sameAs":["https:\/\/x.com\/meetcodyai","https:\/\/discord.com\/invite\/jXEVDcFxqs"]}]}},"_links":{"self":[{"href":"https:\/\/meetcody.ai\/pt-br\/wp-json\/wp\/v2\/pages\/50241","targetHints":{"allow":["GET"]}}],"collection":[{"href":"https:\/\/meetcody.ai\/pt-br\/wp-json\/wp\/v2\/pages"}],"about":[{"href":"https:\/\/meetcody.ai\/pt-br\/wp-json\/wp\/v2\/types\/page"}],"author":[{"embeddable":true,"href":"https:\/\/meetcody.ai\/pt-br\/wp-json\/wp\/v2\/users\/1"}],"replies":[{"embeddable":true,"href":"https:\/\/meetcody.ai\/pt-br\/wp-json\/wp\/v2\/comments?post=50241"}],"version-history":[{"count":2,"href":"https:\/\/meetcody.ai\/pt-br\/wp-json\/wp\/v2\/pages\/50241\/revisions"}],"predecessor-version":[{"id":50254,"href":"https:\/\/meetcody.ai\/pt-br\/wp-json\/wp\/v2\/pages\/50241\/revisions\/50254"}],"wp:attachment":[{"href":"https:\/\/meetcody.ai\/pt-br\/wp-json\/wp\/v2\/media?parent=50241"}],"curies":[{"name":"wp","href":"https:\/\/api.w.org\/{rel}","templated":true}]}}