{"id":49785,"date":"2024-10-03T23:41:42","date_gmt":"2024-10-03T23:41:42","guid":{"rendered":"https:\/\/meetcody.ai\/boletins-de-seguranca\/"},"modified":"2024-10-04T00:10:43","modified_gmt":"2024-10-04T00:10:43","slug":"boletins-de-seguranca","status":"publish","type":"page","link":"https:\/\/meetcody.ai\/pt-br\/seguranca\/boletins-de-seguranca\/","title":{"rendered":"Boletins de seguran\u00e7a"},"content":{"rendered":"<div class=\"wpb-content-wrapper\"><p>[vc_section el_id=&#8221;privacy-policy-section_0&#8243;][vc_row][vc_column][vc_row_inner el_class=&#8221;row no-padding-vc&#8221;][vc_column_inner][vc_column_text el_class=&#8221;large-text-left text-center&#8221;]<\/p>\n&#13;\n<p>Bem-vindo \u00e0 p\u00e1gina do Boletim de Seguran\u00e7a da CODY.\nAqui, fornecemos atualiza\u00e7\u00f5es e informa\u00e7\u00f5es sobre problemas de seguran\u00e7a, vulnerabilidades e a\u00e7\u00f5es de resposta a incidentes relevantes para a Rede CODY.\nEsta p\u00e1gina \u00e9 atualizada regularmente para garantir a transpar\u00eancia e manter nossos usu\u00e1rios informados sobre quaisquer eventos e resolu\u00e7\u00f5es relacionados \u00e0 seguran\u00e7a.  <\/p>&#13;\n<hr\/>&#13;\n<h3><strong>Current Status: No Security Bulletins Published<\/strong><\/h3>&#13;\n<p>At\u00e9 a presente data, n\u00e3o foram emitidos boletins de seguran\u00e7a.\nA CODY continua operando com um alto n\u00edvel de seguran\u00e7a, e n\u00e3o foram detectados incidentes que exijam divulga\u00e7\u00e3o p\u00fablica. <\/p>&#13;\n<p>Priorizamos a seguran\u00e7a e a privacidade de nossos usu\u00e1rios e implementamos proativamente medidas para manter um ambiente seguro.\nCaso um incidente ou vulnerabilidade de seguran\u00e7a seja identificado, atualizaremos imediatamente esta p\u00e1gina com os detalhes necess\u00e1rios, inclusive a natureza do problema, nossa resposta e as a\u00e7\u00f5es recomendadas para nossos usu\u00e1rios. <\/p>&#13;\n<hr\/>&#13;\n<h3><strong>What to Expect in Future Bulletins<\/strong><\/h3>&#13;\n<p>Se um boletim de seguran\u00e7a for publicado, ele normalmente incluir\u00e1 os seguintes detalhes:<\/p>&#13;\n<ul>&#13;\n<li><strong>Date of Issue<\/strong>: When the bulletin was published.<\/li>&#13;\n<li><strong>Severity Level<\/strong>: An assessment of the severity of the issue (e.g., Low, Medium, High, Critical).<\/li>&#13;\n<li><strong>Description of the Issue<\/strong>: A brief summary of the incident or vulnerability.<\/li>&#13;\n<li><strong>Impact Analysis<\/strong>: How the issue affects CODY\u2019s systems and\/or users.<\/li>&#13;\n<li><strong>Mitigation and Resolution<\/strong>: Steps CODY has taken to address the issue and any actions users need to take.<\/li>&#13;\n<li><strong>Additional Resources<\/strong>: Links to any relevant resources or support documentation.<\/li>&#13;\n<\/ul>&#13;\n<hr\/>&#13;\n<h3><strong>Contact Information<\/strong><\/h3>&#13;\n<p>Se voc\u00ea tiver alguma d\u00favida ou se acreditar que identificou um problema de seguran\u00e7a, entre em contato com nossa equipe de seguran\u00e7a pelo e-mail security@meetcody.ai.\nValorizamos sua opini\u00e3o e levamos todos os relat\u00f3rios a s\u00e9rio para manter a seguran\u00e7a da Rede CODY. <\/p>&#13;\n<p>[\/vc_column_text][\/vc_column_inner][\/vc_row_inner][vc_empty_space height=&#8221;90px&#8221; el_class=&#8221;show-for-large&#8221;][vc_empty_space height=&#8221;45px&#8221; el_class=&#8221;hide-for-large&#8221;][\/vc_column][\/vc_row][\/vc_section][vc_row][vc_column][vc_column_text]<\/p>&#13;\n<p> [\/vc_column_text][\/vc_column][\/vc_row]<\/p><\/div>","protected":false},"excerpt":{"rendered":"<p>[vc_section el_id=&#8221;privacy-policy-section_0&#8243;][vc_row][vc_column][vc_row_inner el_class=&#8221;row no-padding-vc&#8221;][vc_column_inner][vc_column_text el_class=&#8221;large-text-left text-center&#8221;] &#13; Bem-vindo \u00e0 p\u00e1gina do Boletim de Seguran\u00e7a da CODY. Aqui, fornecemos atualiza\u00e7\u00f5es e informa\u00e7\u00f5es sobre problemas de seguran\u00e7a, vulnerabilidades e a\u00e7\u00f5es de resposta a incidentes relevantes para a Rede CODY. Esta p\u00e1gina \u00e9 atualizada regularmente para garantir a transpar\u00eancia e manter nossos usu\u00e1rios informados sobre quaisquer eventos e<a class=\"excerpt-read-more\" href=\"https:\/\/meetcody.ai\/pt-br\/seguranca\/boletins-de-seguranca\/\" title=\"ReadBoletins de seguran\u00e7a\">&#8230; Read more &raquo;<\/a><\/p>\n","protected":false},"author":1,"featured_media":0,"parent":49817,"menu_order":0,"comment_status":"closed","ping_status":"closed","template":"template-full-width.php","meta":{"_acf_changed":false,"inline_featured_image":false,"footnotes":""},"class_list":["post-49785","page","type-page","status-publish","hentry"],"acf":[],"yoast_head":"<!-- This site is optimized with the Yoast SEO Premium plugin v21.8 (Yoast SEO v24.2) - https:\/\/yoast.com\/wordpress\/plugins\/seo\/ -->\n<title>Boletins de seguran\u00e7a - Cody - The AI Trained on Your Business<\/title>\n<meta name=\"robots\" content=\"index, follow, max-snippet:-1, max-image-preview:large, max-video-preview:-1\" \/>\n<link rel=\"canonical\" href=\"https:\/\/meetcody.ai\/pt-br\/seguranca\/boletins-de-seguranca\/\" \/>\n<meta property=\"og:locale\" content=\"pt_BR\" \/>\n<meta property=\"og:type\" content=\"article\" \/>\n<meta property=\"og:title\" content=\"Boletins de seguran\u00e7a\" \/>\n<meta property=\"og:description\" content=\"[vc_section el_id=&#8221;privacy-policy-section_0&#8243;][vc_row][vc_column][vc_row_inner el_class=&#8221;row no-padding-vc&#8221;][vc_column_inner][vc_column_text el_class=&#8221;large-text-left text-center&#8221;] &#013; Bem-vindo \u00e0 p\u00e1gina do Boletim de Seguran\u00e7a da CODY. Aqui, fornecemos atualiza\u00e7\u00f5es e informa\u00e7\u00f5es sobre problemas de seguran\u00e7a, vulnerabilidades e a\u00e7\u00f5es de resposta a incidentes relevantes para a Rede CODY. Esta p\u00e1gina \u00e9 atualizada regularmente para garantir a transpar\u00eancia e manter nossos usu\u00e1rios informados sobre quaisquer eventos e... Read more &raquo;\" \/>\n<meta property=\"og:url\" content=\"https:\/\/meetcody.ai\/pt-br\/seguranca\/boletins-de-seguranca\/\" \/>\n<meta property=\"og:site_name\" content=\"Cody - The AI Trained on Your Business\" \/>\n<meta property=\"article:modified_time\" content=\"2024-10-04T00:10:43+00:00\" \/>\n<meta property=\"og:image\" content=\"https:\/\/meetcody.ai\/wp-content\/uploads\/2023\/02\/grid_0-2.png\" \/>\n\t<meta property=\"og:image:width\" content=\"1536\" \/>\n\t<meta property=\"og:image:height\" content=\"1024\" \/>\n\t<meta property=\"og:image:type\" content=\"image\/png\" \/>\n<meta name=\"twitter:card\" content=\"summary_large_image\" \/>\n<meta name=\"twitter:site\" content=\"@meetcodyai\" \/>\n<meta name=\"twitter:label1\" content=\"Est. reading time\" \/>\n\t<meta name=\"twitter:data1\" content=\"2 minutes\" \/>\n<script type=\"application\/ld+json\" class=\"yoast-schema-graph\">{\"@context\":\"https:\/\/schema.org\",\"@graph\":[{\"@type\":\"WebPage\",\"@id\":\"https:\/\/meetcody.ai\/pt-br\/seguranca\/boletins-de-seguranca\/\",\"url\":\"https:\/\/meetcody.ai\/pt-br\/seguranca\/boletins-de-seguranca\/\",\"name\":\"Boletins de seguran\u00e7a - Cody - The AI Trained on Your Business\",\"isPartOf\":{\"@id\":\"https:\/\/meetcody.ai\/#website\"},\"datePublished\":\"2024-10-03T23:41:42+00:00\",\"dateModified\":\"2024-10-04T00:10:43+00:00\",\"breadcrumb\":{\"@id\":\"https:\/\/meetcody.ai\/pt-br\/seguranca\/boletins-de-seguranca\/#breadcrumb\"},\"inLanguage\":\"pt-BR\",\"potentialAction\":[{\"@type\":\"ReadAction\",\"target\":[\"https:\/\/meetcody.ai\/pt-br\/seguranca\/boletins-de-seguranca\/\"]}]},{\"@type\":\"BreadcrumbList\",\"@id\":\"https:\/\/meetcody.ai\/pt-br\/seguranca\/boletins-de-seguranca\/#breadcrumb\",\"itemListElement\":[{\"@type\":\"ListItem\",\"position\":1,\"name\":\"Home\",\"item\":\"https:\/\/meetcody.ai\/pt-br\/inicio-v2\/\"},{\"@type\":\"ListItem\",\"position\":2,\"name\":\"Seguran\u00e7a\",\"item\":\"https:\/\/meetcody.ai\/seguranca\/\"},{\"@type\":\"ListItem\",\"position\":3,\"name\":\"Boletins de seguran\u00e7a\"}]},{\"@type\":\"WebSite\",\"@id\":\"https:\/\/meetcody.ai\/#website\",\"url\":\"https:\/\/meetcody.ai\/\",\"name\":\"Cody AI - The AI Trained on Your Business\",\"description\":\"AI Powered Knowledge Base for Employees\",\"publisher\":{\"@id\":\"https:\/\/meetcody.ai\/#organization\"},\"potentialAction\":[{\"@type\":\"SearchAction\",\"target\":{\"@type\":\"EntryPoint\",\"urlTemplate\":\"https:\/\/meetcody.ai\/?s={search_term_string}\"},\"query-input\":{\"@type\":\"PropertyValueSpecification\",\"valueRequired\":true,\"valueName\":\"search_term_string\"}}],\"inLanguage\":\"pt-BR\"},{\"@type\":\"Organization\",\"@id\":\"https:\/\/meetcody.ai\/#organization\",\"name\":\"Cody AI - The AI Trained on Your Business\",\"url\":\"https:\/\/meetcody.ai\/\",\"logo\":{\"@type\":\"ImageObject\",\"inLanguage\":\"pt-BR\",\"@id\":\"https:\/\/meetcody.ai\/#\/schema\/logo\/image\/\",\"url\":\"https:\/\/meetcody.ai\/wp-content\/uploads\/2023\/05\/logo-codyai.svg\",\"contentUrl\":\"https:\/\/meetcody.ai\/wp-content\/uploads\/2023\/05\/logo-codyai.svg\",\"width\":\"1024\",\"height\":\"1024\",\"caption\":\"Cody AI - The AI Trained on Your Business\"},\"image\":{\"@id\":\"https:\/\/meetcody.ai\/#\/schema\/logo\/image\/\"},\"sameAs\":[\"https:\/\/x.com\/meetcodyai\",\"https:\/\/discord.com\/invite\/jXEVDcFxqs\"]}]}<\/script>\n<!-- \/ Yoast SEO Premium plugin. -->","yoast_head_json":{"title":"Boletins de seguran\u00e7a - Cody - The AI Trained on Your Business","robots":{"index":"index","follow":"follow","max-snippet":"max-snippet:-1","max-image-preview":"max-image-preview:large","max-video-preview":"max-video-preview:-1"},"canonical":"https:\/\/meetcody.ai\/pt-br\/seguranca\/boletins-de-seguranca\/","og_locale":"pt_BR","og_type":"article","og_title":"Boletins de seguran\u00e7a","og_description":"[vc_section el_id=&#8221;privacy-policy-section_0&#8243;][vc_row][vc_column][vc_row_inner el_class=&#8221;row no-padding-vc&#8221;][vc_column_inner][vc_column_text el_class=&#8221;large-text-left text-center&#8221;] &#13; Bem-vindo \u00e0 p\u00e1gina do Boletim de Seguran\u00e7a da CODY. Aqui, fornecemos atualiza\u00e7\u00f5es e informa\u00e7\u00f5es sobre problemas de seguran\u00e7a, vulnerabilidades e a\u00e7\u00f5es de resposta a incidentes relevantes para a Rede CODY. Esta p\u00e1gina \u00e9 atualizada regularmente para garantir a transpar\u00eancia e manter nossos usu\u00e1rios informados sobre quaisquer eventos e... Read more &raquo;","og_url":"https:\/\/meetcody.ai\/pt-br\/seguranca\/boletins-de-seguranca\/","og_site_name":"Cody - The AI Trained on Your Business","article_modified_time":"2024-10-04T00:10:43+00:00","og_image":[{"width":1536,"height":1024,"url":"https:\/\/meetcody.ai\/wp-content\/uploads\/2023\/02\/grid_0-2.png","type":"image\/png"}],"twitter_card":"summary_large_image","twitter_site":"@meetcodyai","twitter_misc":{"Est. reading time":"2 minutes"},"schema":{"@context":"https:\/\/schema.org","@graph":[{"@type":"WebPage","@id":"https:\/\/meetcody.ai\/pt-br\/seguranca\/boletins-de-seguranca\/","url":"https:\/\/meetcody.ai\/pt-br\/seguranca\/boletins-de-seguranca\/","name":"Boletins de seguran\u00e7a - Cody - The AI Trained on Your Business","isPartOf":{"@id":"https:\/\/meetcody.ai\/#website"},"datePublished":"2024-10-03T23:41:42+00:00","dateModified":"2024-10-04T00:10:43+00:00","breadcrumb":{"@id":"https:\/\/meetcody.ai\/pt-br\/seguranca\/boletins-de-seguranca\/#breadcrumb"},"inLanguage":"pt-BR","potentialAction":[{"@type":"ReadAction","target":["https:\/\/meetcody.ai\/pt-br\/seguranca\/boletins-de-seguranca\/"]}]},{"@type":"BreadcrumbList","@id":"https:\/\/meetcody.ai\/pt-br\/seguranca\/boletins-de-seguranca\/#breadcrumb","itemListElement":[{"@type":"ListItem","position":1,"name":"Home","item":"https:\/\/meetcody.ai\/pt-br\/inicio-v2\/"},{"@type":"ListItem","position":2,"name":"Seguran\u00e7a","item":"https:\/\/meetcody.ai\/seguranca\/"},{"@type":"ListItem","position":3,"name":"Boletins de seguran\u00e7a"}]},{"@type":"WebSite","@id":"https:\/\/meetcody.ai\/#website","url":"https:\/\/meetcody.ai\/","name":"Cody AI - The AI Trained on Your Business","description":"AI Powered Knowledge Base for Employees","publisher":{"@id":"https:\/\/meetcody.ai\/#organization"},"potentialAction":[{"@type":"SearchAction","target":{"@type":"EntryPoint","urlTemplate":"https:\/\/meetcody.ai\/?s={search_term_string}"},"query-input":{"@type":"PropertyValueSpecification","valueRequired":true,"valueName":"search_term_string"}}],"inLanguage":"pt-BR"},{"@type":"Organization","@id":"https:\/\/meetcody.ai\/#organization","name":"Cody AI - The AI Trained on Your Business","url":"https:\/\/meetcody.ai\/","logo":{"@type":"ImageObject","inLanguage":"pt-BR","@id":"https:\/\/meetcody.ai\/#\/schema\/logo\/image\/","url":"https:\/\/meetcody.ai\/wp-content\/uploads\/2023\/05\/logo-codyai.svg","contentUrl":"https:\/\/meetcody.ai\/wp-content\/uploads\/2023\/05\/logo-codyai.svg","width":"1024","height":"1024","caption":"Cody AI - The AI Trained on Your Business"},"image":{"@id":"https:\/\/meetcody.ai\/#\/schema\/logo\/image\/"},"sameAs":["https:\/\/x.com\/meetcodyai","https:\/\/discord.com\/invite\/jXEVDcFxqs"]}]}},"_links":{"self":[{"href":"https:\/\/meetcody.ai\/pt-br\/wp-json\/wp\/v2\/pages\/49785","targetHints":{"allow":["GET"]}}],"collection":[{"href":"https:\/\/meetcody.ai\/pt-br\/wp-json\/wp\/v2\/pages"}],"about":[{"href":"https:\/\/meetcody.ai\/pt-br\/wp-json\/wp\/v2\/types\/page"}],"author":[{"embeddable":true,"href":"https:\/\/meetcody.ai\/pt-br\/wp-json\/wp\/v2\/users\/1"}],"replies":[{"embeddable":true,"href":"https:\/\/meetcody.ai\/pt-br\/wp-json\/wp\/v2\/comments?post=49785"}],"version-history":[{"count":12,"href":"https:\/\/meetcody.ai\/pt-br\/wp-json\/wp\/v2\/pages\/49785\/revisions"}],"predecessor-version":[{"id":50166,"href":"https:\/\/meetcody.ai\/pt-br\/wp-json\/wp\/v2\/pages\/49785\/revisions\/50166"}],"up":[{"embeddable":true,"href":"https:\/\/meetcody.ai\/pt-br\/wp-json\/wp\/v2\/pages\/49817"}],"wp:attachment":[{"href":"https:\/\/meetcody.ai\/pt-br\/wp-json\/wp\/v2\/media?parent=49785"}],"curies":[{"name":"wp","href":"https:\/\/api.w.org\/{rel}","templated":true}]}}