{"id":49626,"date":"2024-10-03T23:38:29","date_gmt":"2024-10-03T23:38:29","guid":{"rendered":"https:\/\/meetcody.ai\/subprocessadores\/"},"modified":"2024-10-03T23:57:08","modified_gmt":"2024-10-03T23:57:08","slug":"subprocessadores","status":"publish","type":"page","link":"https:\/\/meetcody.ai\/pt-br\/conformidade\/subprocessadores\/","title":{"rendered":"Subprocessadores"},"content":{"rendered":"<div class=\"wpb-content-wrapper\"><p>[vc_section el_id=&#8221;privacy-policy-section_0&#8243;][vc_row][vc_column][vc_row_inner el_class=&#8221;row no-padding-vc&#8221;][vc_column_inner][vc_column_text el_class=&#8221;large-text-left text-center&#8221;]\u00daltima modifica\u00e7\u00e3o em 8 de julho de 2024 Subprocessadores terceirizados A Cody LLC usa as entidades terceirizadas abaixo (cada uma, um &#8220;subprocessador&#8221;) para processar dados pessoais em nome dos clientes da Cody LLC e de acordo com os termos do contrato entre a Cody LLC e o subprocessador para manter os compromissos da Cody LLC no Adendo de Processamento de Dados da Cody LLC.<br \/>\nEsta lista abaixo cont\u00e9m subprocessadores para os servi\u00e7os geralmente dispon\u00edveis da Cody LLC.<br \/>\nMais informa\u00e7\u00f5es relacionadas \u00e0s medidas de seguran\u00e7a do subprocessador podem ser encontradas nos links externos abaixo.<br \/>\nObserve que, se voc\u00ea usar a resid\u00eancia de dados da Cody LLC, os dados fixados permanecer\u00e3o no local especificado, conforme descrito nesta p\u00e1gina.[\/vc_column_text][vc_empty_space height=&#8221;50px&#8221; el_class=&#8221;show-for-large&#8221;][vc_column_text el_class=&#8221;large-text-left text-center&#8221;]<\/p>\n<div class=\"recommended-settings\">\n<table>\n<thead>\n<tr>\n<th>\n<h5 class=\"font-color-white no-margin-bottom\">Subprocessador<\/h5>\n<\/th>\n<th>\n<h5 class=\"font-color-white no-margin-bottom\">Produtos de nuvem aplic\u00e1veis<\/h5>\n<\/th>\n<th>\n<h5 class=\"font-color-white no-margin-bottom\">Natureza e finalidade do processamento<\/h5>\n<\/th>\n<th>\n<h5 class=\"font-color-white no-margin-bottom\">Local de processamento<\/h5>\n<\/th>\n<th>\n<h5 class=\"font-color-white no-margin-bottom\">Medidas de seguran\u00e7a<\/h5>\n<\/th>\n<\/tr>\n<\/thead>\n<tbody>\n<tr>\n<td><span class=\"font-weight-bold font-color-secondary\">AWS<\/span><\/td>\n<td>Todos os produtos de nuvem da Cody LLC<\/td>\n<td>Provedor de hospedagem em nuvem<\/td>\n<td>EUA<\/td>\n<td><a class=\"link-arrow-out font-color-secondary\" href=\"https:\/\/aws.amazon.com\/compliance\/programs\/\">Programas de conformidade da AWS<\/a><\/td>\n<\/tr>\n<tr>\n<td><span class=\"font-weight-bold font-color-secondary\">Cloudconvert<\/span><\/td>\n<td>Todos os produtos em nuvem da Cody LLC<\/td>\n<td>Servi\u00e7os de convers\u00e3o de arquivos<\/td>\n<td>EUA<\/td>\n<td><a class=\"link-arrow-out font-color-secondary\" href=\"https:\/\/cloudconvert.com\/security\">Seguran\u00e7a do Cloudconvert<\/a><\/td>\n<\/tr>\n<tr>\n<td><span class=\"font-weight-bold font-color-secondary\">OpenAI<\/span><\/td>\n<td>Todos os produtos em nuvem da Cody LLC com recursos de intelig\u00eancia<\/td>\n<td>Provedor de servi\u00e7os de IA generativa para recursos de produtos de intelig\u00eancia<\/td>\n<td>EUA<\/td>\n<td><a class=\"link-arrow-out font-color-secondary\" href=\"https:\/\/www.openai.com\/security\/\">Seguran\u00e7a e confian\u00e7a<\/a><\/td>\n<\/tr>\n<tr>\n<td><span class=\"font-weight-bold font-color-secondary\">Antr\u00f3pico<\/span><\/td>\n<td>Todos os produtos em nuvem da Cody LLC com recursos de intelig\u00eancia<\/td>\n<td>Provedor de servi\u00e7os de IA generativa para recursos de produtos de intelig\u00eancia<\/td>\n<td>EUA<\/td>\n<td><a class=\"link-arrow-out font-color-secondary\" href=\"https:\/\/www.anthropic.com\/security\">Seguran\u00e7a antr\u00f3pica<\/a><\/td>\n<\/tr>\n<tr>\n<td><span class=\"font-weight-bold font-color-secondary\">SingleStore<\/span><\/td>\n<td>Todos os produtos em nuvem da Cody LLC<\/td>\n<td>Servi\u00e7os de gerenciamento de banco de dados<\/td>\n<td>EUA<\/td>\n<td><a class=\"link-arrow-out font-color-secondary\" href=\"https:\/\/www.singlestore.com\/security\/\">Seguran\u00e7a do SingleStore<\/a><\/td>\n<\/tr>\n<tr>\n<td><span class=\"font-weight-bold font-color-secondary\">Listras<\/span><\/td>\n<td>Todos os produtos em nuvem da Cody LLC<\/td>\n<td>Processamento de faturamento e pagamento<\/td>\n<td>EUA<\/td>\n<td><a class=\"link-arrow-out font-color-secondary\" href=\"https:\/\/stripe.com\/docs\/security\">Seguran\u00e7a do Stripe<\/a><\/td>\n<\/tr>\n<tr>\n<td><span class=\"font-weight-bold font-color-secondary\">Intercomunica\u00e7\u00e3o<\/span><\/td>\n<td>Todos os produtos em nuvem da Cody LLC<\/td>\n<td>Suporte ao cliente e servi\u00e7os de mensagens<\/td>\n<td>EUA<\/td>\n<td><a class=\"link-arrow-out font-color-secondary\" href=\"https:\/\/www.intercom.com\/security\">Intercom Security<\/a><\/td>\n<\/tr>\n<\/tbody>\n<\/table>\n<\/div>\n<p>[\/vc_column_text][vc_empty_space height=&#8221;90px&#8221; el_class=&#8221;hide-for-large&#8221;][\/vc_column_inner][\/vc_row_inner][vc_empty_space height=&#8221;90px&#8221; el_class=&#8221;show-for-large&#8221;][vc_empty_space height=&#8221;45px&#8221; el_class=&#8221;hide-for-large&#8221;][\/vc_column][\/vc_row][\/vc_section]<\/p>\n<\/div>","protected":false},"excerpt":{"rendered":"<p>[vc_section el_id=&#8221;privacy-policy-section_0&#8243;][vc_row][vc_column][vc_row_inner el_class=&#8221;row no-padding-vc&#8221;][vc_column_inner][vc_column_text el_class=&#8221;large-text-left text-center&#8221;]\u00daltima modifica\u00e7\u00e3o em 8 de julho de 2024 Subprocessadores terceirizados A Cody LLC usa as entidades terceirizadas abaixo (cada uma, um &#8220;subprocessador&#8221;) para processar dados pessoais em nome dos clientes da Cody LLC e de acordo com os termos do contrato entre a Cody LLC e o subprocessador para manter<a class=\"excerpt-read-more\" href=\"https:\/\/meetcody.ai\/pt-br\/conformidade\/subprocessadores\/\" title=\"ReadSubprocessadores\">&#8230; Read more &raquo;<\/a><\/p>\n","protected":false},"author":1,"featured_media":0,"parent":49828,"menu_order":0,"comment_status":"closed","ping_status":"closed","template":"template-full-width.php","meta":{"_acf_changed":false,"inline_featured_image":false,"footnotes":""},"class_list":["post-49626","page","type-page","status-publish","hentry"],"acf":[],"yoast_head":"<!-- This site is optimized with the Yoast SEO Premium plugin v21.8 (Yoast SEO v24.2) - https:\/\/yoast.com\/wordpress\/plugins\/seo\/ -->\n<title>Subprocessadores - Cody - The AI Trained on Your Business<\/title>\n<meta name=\"robots\" content=\"index, follow, max-snippet:-1, max-image-preview:large, max-video-preview:-1\" \/>\n<link rel=\"canonical\" href=\"https:\/\/meetcody.ai\/pt-br\/conformidade\/subprocessadores\/\" \/>\n<meta property=\"og:locale\" content=\"pt_BR\" \/>\n<meta property=\"og:type\" content=\"article\" \/>\n<meta property=\"og:title\" content=\"Subprocessadores\" \/>\n<meta property=\"og:description\" content=\"[vc_section el_id=&#8221;privacy-policy-section_0&#8243;][vc_row][vc_column][vc_row_inner el_class=&#8221;row no-padding-vc&#8221;][vc_column_inner][vc_column_text el_class=&#8221;large-text-left text-center&#8221;]\u00daltima modifica\u00e7\u00e3o em 8 de julho de 2024 Subprocessadores terceirizados A Cody LLC usa as entidades terceirizadas abaixo (cada uma, um &#8220;subprocessador&#8221;) para processar dados pessoais em nome dos clientes da Cody LLC e de acordo com os termos do contrato entre a Cody LLC e o subprocessador para manter... Read more &raquo;\" \/>\n<meta property=\"og:url\" content=\"https:\/\/meetcody.ai\/pt-br\/conformidade\/subprocessadores\/\" \/>\n<meta property=\"og:site_name\" content=\"Cody - The AI Trained on Your Business\" \/>\n<meta property=\"article:modified_time\" content=\"2024-10-03T23:57:08+00:00\" \/>\n<meta property=\"og:image\" content=\"https:\/\/meetcody.ai\/wp-content\/uploads\/2023\/02\/grid_0-2.png\" \/>\n\t<meta property=\"og:image:width\" content=\"1536\" \/>\n\t<meta property=\"og:image:height\" content=\"1024\" \/>\n\t<meta property=\"og:image:type\" content=\"image\/png\" \/>\n<meta name=\"twitter:card\" content=\"summary_large_image\" \/>\n<meta name=\"twitter:site\" content=\"@meetcodyai\" \/>\n<meta name=\"twitter:label1\" content=\"Est. reading time\" \/>\n\t<meta name=\"twitter:data1\" content=\"2 minutes\" \/>\n<script type=\"application\/ld+json\" class=\"yoast-schema-graph\">{\"@context\":\"https:\/\/schema.org\",\"@graph\":[{\"@type\":\"WebPage\",\"@id\":\"https:\/\/meetcody.ai\/pt-br\/conformidade\/subprocessadores\/\",\"url\":\"https:\/\/meetcody.ai\/pt-br\/conformidade\/subprocessadores\/\",\"name\":\"Subprocessadores - Cody - The AI Trained on Your Business\",\"isPartOf\":{\"@id\":\"https:\/\/meetcody.ai\/#website\"},\"datePublished\":\"2024-10-03T23:38:29+00:00\",\"dateModified\":\"2024-10-03T23:57:08+00:00\",\"breadcrumb\":{\"@id\":\"https:\/\/meetcody.ai\/pt-br\/conformidade\/subprocessadores\/#breadcrumb\"},\"inLanguage\":\"pt-BR\",\"potentialAction\":[{\"@type\":\"ReadAction\",\"target\":[\"https:\/\/meetcody.ai\/pt-br\/conformidade\/subprocessadores\/\"]}]},{\"@type\":\"BreadcrumbList\",\"@id\":\"https:\/\/meetcody.ai\/pt-br\/conformidade\/subprocessadores\/#breadcrumb\",\"itemListElement\":[{\"@type\":\"ListItem\",\"position\":1,\"name\":\"Home\",\"item\":\"https:\/\/meetcody.ai\/pt-br\/inicio-v2\/\"},{\"@type\":\"ListItem\",\"position\":2,\"name\":\"Conformidade\",\"item\":\"https:\/\/meetcody.ai\/conformidade\/\"},{\"@type\":\"ListItem\",\"position\":3,\"name\":\"Subprocessadores\"}]},{\"@type\":\"WebSite\",\"@id\":\"https:\/\/meetcody.ai\/#website\",\"url\":\"https:\/\/meetcody.ai\/\",\"name\":\"Cody AI - The AI Trained on Your Business\",\"description\":\"AI Powered Knowledge Base for Employees\",\"publisher\":{\"@id\":\"https:\/\/meetcody.ai\/#organization\"},\"potentialAction\":[{\"@type\":\"SearchAction\",\"target\":{\"@type\":\"EntryPoint\",\"urlTemplate\":\"https:\/\/meetcody.ai\/?s={search_term_string}\"},\"query-input\":{\"@type\":\"PropertyValueSpecification\",\"valueRequired\":true,\"valueName\":\"search_term_string\"}}],\"inLanguage\":\"pt-BR\"},{\"@type\":\"Organization\",\"@id\":\"https:\/\/meetcody.ai\/#organization\",\"name\":\"Cody AI - The AI Trained on Your Business\",\"url\":\"https:\/\/meetcody.ai\/\",\"logo\":{\"@type\":\"ImageObject\",\"inLanguage\":\"pt-BR\",\"@id\":\"https:\/\/meetcody.ai\/#\/schema\/logo\/image\/\",\"url\":\"https:\/\/meetcody.ai\/wp-content\/uploads\/2023\/05\/logo-codyai.svg\",\"contentUrl\":\"https:\/\/meetcody.ai\/wp-content\/uploads\/2023\/05\/logo-codyai.svg\",\"width\":\"1024\",\"height\":\"1024\",\"caption\":\"Cody AI - The AI Trained on Your Business\"},\"image\":{\"@id\":\"https:\/\/meetcody.ai\/#\/schema\/logo\/image\/\"},\"sameAs\":[\"https:\/\/x.com\/meetcodyai\",\"https:\/\/discord.com\/invite\/jXEVDcFxqs\"]}]}<\/script>\n<!-- \/ Yoast SEO Premium plugin. -->","yoast_head_json":{"title":"Subprocessadores - Cody - The AI Trained on Your Business","robots":{"index":"index","follow":"follow","max-snippet":"max-snippet:-1","max-image-preview":"max-image-preview:large","max-video-preview":"max-video-preview:-1"},"canonical":"https:\/\/meetcody.ai\/pt-br\/conformidade\/subprocessadores\/","og_locale":"pt_BR","og_type":"article","og_title":"Subprocessadores","og_description":"[vc_section el_id=&#8221;privacy-policy-section_0&#8243;][vc_row][vc_column][vc_row_inner el_class=&#8221;row no-padding-vc&#8221;][vc_column_inner][vc_column_text el_class=&#8221;large-text-left text-center&#8221;]\u00daltima modifica\u00e7\u00e3o em 8 de julho de 2024 Subprocessadores terceirizados A Cody LLC usa as entidades terceirizadas abaixo (cada uma, um &#8220;subprocessador&#8221;) para processar dados pessoais em nome dos clientes da Cody LLC e de acordo com os termos do contrato entre a Cody LLC e o subprocessador para manter... Read more &raquo;","og_url":"https:\/\/meetcody.ai\/pt-br\/conformidade\/subprocessadores\/","og_site_name":"Cody - The AI Trained on Your Business","article_modified_time":"2024-10-03T23:57:08+00:00","og_image":[{"width":1536,"height":1024,"url":"https:\/\/meetcody.ai\/wp-content\/uploads\/2023\/02\/grid_0-2.png","type":"image\/png"}],"twitter_card":"summary_large_image","twitter_site":"@meetcodyai","twitter_misc":{"Est. reading time":"2 minutes"},"schema":{"@context":"https:\/\/schema.org","@graph":[{"@type":"WebPage","@id":"https:\/\/meetcody.ai\/pt-br\/conformidade\/subprocessadores\/","url":"https:\/\/meetcody.ai\/pt-br\/conformidade\/subprocessadores\/","name":"Subprocessadores - Cody - The AI Trained on Your Business","isPartOf":{"@id":"https:\/\/meetcody.ai\/#website"},"datePublished":"2024-10-03T23:38:29+00:00","dateModified":"2024-10-03T23:57:08+00:00","breadcrumb":{"@id":"https:\/\/meetcody.ai\/pt-br\/conformidade\/subprocessadores\/#breadcrumb"},"inLanguage":"pt-BR","potentialAction":[{"@type":"ReadAction","target":["https:\/\/meetcody.ai\/pt-br\/conformidade\/subprocessadores\/"]}]},{"@type":"BreadcrumbList","@id":"https:\/\/meetcody.ai\/pt-br\/conformidade\/subprocessadores\/#breadcrumb","itemListElement":[{"@type":"ListItem","position":1,"name":"Home","item":"https:\/\/meetcody.ai\/pt-br\/inicio-v2\/"},{"@type":"ListItem","position":2,"name":"Conformidade","item":"https:\/\/meetcody.ai\/conformidade\/"},{"@type":"ListItem","position":3,"name":"Subprocessadores"}]},{"@type":"WebSite","@id":"https:\/\/meetcody.ai\/#website","url":"https:\/\/meetcody.ai\/","name":"Cody AI - The AI Trained on Your Business","description":"AI Powered Knowledge Base for Employees","publisher":{"@id":"https:\/\/meetcody.ai\/#organization"},"potentialAction":[{"@type":"SearchAction","target":{"@type":"EntryPoint","urlTemplate":"https:\/\/meetcody.ai\/?s={search_term_string}"},"query-input":{"@type":"PropertyValueSpecification","valueRequired":true,"valueName":"search_term_string"}}],"inLanguage":"pt-BR"},{"@type":"Organization","@id":"https:\/\/meetcody.ai\/#organization","name":"Cody AI - The AI Trained on Your Business","url":"https:\/\/meetcody.ai\/","logo":{"@type":"ImageObject","inLanguage":"pt-BR","@id":"https:\/\/meetcody.ai\/#\/schema\/logo\/image\/","url":"https:\/\/meetcody.ai\/wp-content\/uploads\/2023\/05\/logo-codyai.svg","contentUrl":"https:\/\/meetcody.ai\/wp-content\/uploads\/2023\/05\/logo-codyai.svg","width":"1024","height":"1024","caption":"Cody AI - The AI Trained on Your Business"},"image":{"@id":"https:\/\/meetcody.ai\/#\/schema\/logo\/image\/"},"sameAs":["https:\/\/x.com\/meetcodyai","https:\/\/discord.com\/invite\/jXEVDcFxqs"]}]}},"_links":{"self":[{"href":"https:\/\/meetcody.ai\/pt-br\/wp-json\/wp\/v2\/pages\/49626","targetHints":{"allow":["GET"]}}],"collection":[{"href":"https:\/\/meetcody.ai\/pt-br\/wp-json\/wp\/v2\/pages"}],"about":[{"href":"https:\/\/meetcody.ai\/pt-br\/wp-json\/wp\/v2\/types\/page"}],"author":[{"embeddable":true,"href":"https:\/\/meetcody.ai\/pt-br\/wp-json\/wp\/v2\/users\/1"}],"replies":[{"embeddable":true,"href":"https:\/\/meetcody.ai\/pt-br\/wp-json\/wp\/v2\/comments?post=49626"}],"version-history":[{"count":48,"href":"https:\/\/meetcody.ai\/pt-br\/wp-json\/wp\/v2\/pages\/49626\/revisions"}],"predecessor-version":[{"id":50098,"href":"https:\/\/meetcody.ai\/pt-br\/wp-json\/wp\/v2\/pages\/49626\/revisions\/50098"}],"up":[{"embeddable":true,"href":"https:\/\/meetcody.ai\/pt-br\/wp-json\/wp\/v2\/pages\/49828"}],"wp:attachment":[{"href":"https:\/\/meetcody.ai\/pt-br\/wp-json\/wp\/v2\/media?parent=49626"}],"curies":[{"name":"wp","href":"https:\/\/api.w.org\/{rel}","templated":true}]}}