{"id":30410,"date":"2023-09-02T09:34:28","date_gmt":"2023-09-02T09:34:28","guid":{"rendered":"https:\/\/meetcody.ai\/ia-para-o-sitio-web\/"},"modified":"2023-09-02T09:34:40","modified_gmt":"2023-09-02T09:34:40","slug":"ia-para-o-sitio-web","status":"publish","type":"page","link":"https:\/\/meetcody.ai\/pt-br\/ia-para-o-sitio-web\/","title":{"rendered":"IA para o s\u00edtio Web"},"content":{"rendered":"<div class=\"wpb-content-wrapper\"><p>[vc_section el_id=&#8221;cody-for-slack-section_0&#8243;][vc_row][vc_column][vc_empty_space height=&#8221;90px&#8221; el_class=&#8221;show-for-large&#8221;][vc_empty_space height=&#8221;45px&#8221; el_class=&#8221;hide-for-large&#8221;][vc_row_inner el_class=&#8221;row no-padding-vc&#8221;][vc_column_inner][vc_column_text el_class=&#8221;text-center&#8221;]<\/p>\n<h1 class=\"margin-bottom-1point5rem font-color-gradient page-heading\">Potencie o seu s\u00edtio Web com IA<\/h1>\n<p>[\/vc_column_text][vc_empty_space height=&#8221;45px&#8221;][vc_column_text el_class=&#8221;text-center&#8221;]<\/p>\n<p class=\"no-margin-bottom remove-br\"><span class=\"notion-enable-hover\" data-token-index=\"0\">Suba a bordo do comboio da IA para o seu s\u00edtio Web comercial sem c\u00f3digo.<\/span><\/p>\n<p>[\/vc_column_text][\/vc_column_inner][\/vc_row_inner][vc_empty_space height=&#8221;90px&#8221; el_class=&#8221;show-for-large&#8221;][vc_empty_space height=&#8221;45px&#8221; el_class=&#8221;hide-for-large&#8221;][vc_row_inner el_class=&#8221;row no-padding-vc&#8221;][vc_column_inner][vc_column_text el_class=&#8221;text-center&#8221;]<img loading=\"lazy\" decoding=\"async\" class=\"alignnone size-full wp-image-30366\" src=\"https:\/\/meetcody.ai\/wp-content\/uploads\/2023\/09\/Untitled-1.png\" alt=\"\" width=\"1234\" height=\"791\" srcset=\"https:\/\/meetcody.ai\/wp-content\/uploads\/2023\/09\/Untitled-1.png 1234w, https:\/\/meetcody.ai\/wp-content\/uploads\/2023\/09\/Untitled-1-300x192.png 300w, https:\/\/meetcody.ai\/wp-content\/uploads\/2023\/09\/Untitled-1-1024x656.png 1024w, https:\/\/meetcody.ai\/wp-content\/uploads\/2023\/09\/Untitled-1-768x492.png 768w, https:\/\/meetcody.ai\/wp-content\/uploads\/2023\/09\/Untitled-1-1011x648.png 1011w\" sizes=\"auto, (max-width: 1234px) 100vw, 1234px\" \/>[\/vc_column_text][\/vc_column_inner][\/vc_row_inner][vc_empty_space height=&#8221;45px&#8221;][vc_row_inner el_class=&#8221;row no-padding-vc&#8221;][vc_column_inner][vc_column_text el_class=&#8221;text-center&#8221;]<a class=\"button header-button no-margin-bottom\" href=\"https:\/\/getcody.ai\/auth\/signup\" target=\"_blank\" rel=\"noopener\"><span class=\"\">Come\u00e7ar agora<\/span><\/a>[\/vc_column_text][\/vc_column_inner][\/vc_row_inner][\/vc_column][\/vc_row][\/vc_section][vc_section el_id=&#8221;cody-for-slack-section_1&#8243;][vc_row][vc_column][vc_empty_space height=&#8221;90px&#8221; el_class=&#8221;show-for-large&#8221;][vc_empty_space height=&#8221;45px&#8221; el_class=&#8221;hide-for-large&#8221;][vc_row_inner equal_height=&#8221;yes&#8221; content_placement=&#8221;middle&#8221; el_class=&#8221;row no-padding-vc&#8221;][vc_column_inner el_class=&#8221;large-order-1&#8243; width=&#8221;1\/2&#8243;][vc_column_text el_class=&#8221;text-center&#8221;]<img loading=\"lazy\" decoding=\"async\" class=\"alignnone wp-image-30357 size-full\" src=\"https:\/\/meetcody.ai\/wp-content\/uploads\/2023\/09\/Untitled.png\" alt=\"\" width=\"1234\" height=\"791\" srcset=\"https:\/\/meetcody.ai\/wp-content\/uploads\/2023\/09\/Untitled.png 1234w, https:\/\/meetcody.ai\/wp-content\/uploads\/2023\/09\/Untitled-300x192.png 300w, https:\/\/meetcody.ai\/wp-content\/uploads\/2023\/09\/Untitled-1024x656.png 1024w, https:\/\/meetcody.ai\/wp-content\/uploads\/2023\/09\/Untitled-768x492.png 768w, https:\/\/meetcody.ai\/wp-content\/uploads\/2023\/09\/Untitled-1011x648.png 1011w\" sizes=\"auto, (max-width: 1234px) 100vw, 1234px\" \/>[\/vc_column_text][vc_empty_space height=&#8221;45px&#8221; el_class=&#8221;hide-for-large&#8221;][\/vc_column_inner][vc_column_inner el_class=&#8221;large-order-0&#8243; width=&#8221;1\/2&#8243;][vc_column_text el_class=&#8221;large-text-left text-center extra-large-padding-right-for-large&#8221;]<\/p>\n<h1 class=\"font-color-white margin-bottom-2point5rem\">Incorporar Widgets no seu site<\/h1>\n<p class=\"no-margin-bottom font-color-white\">Integre widgets personalizados no seu s\u00edtio Web, alimentados por algoritmos GPT avan\u00e7ados, para tirar partido dos seus conhecimentos empresariais \u00fanicos e oferecer experi\u00eancias personalizadas para as suas prefer\u00eancias espec\u00edficas.<\/p>\n<p>[\/vc_column_text][\/vc_column_inner][\/vc_row_inner][vc_empty_space height=&#8221;90px&#8221; el_class=&#8221;show-for-large&#8221;][vc_empty_space height=&#8221;45px&#8221; el_class=&#8221;hide-for-large&#8221;][\/vc_column][\/vc_row][\/vc_section][vc_section el_id=&#8221;cody-for-slack-section_2&#8243;][vc_row][vc_column][vc_empty_space height=&#8221;90px&#8221; el_class=&#8221;show-for-large&#8221;][vc_empty_space height=&#8221;45px&#8221; el_class=&#8221;hide-for-large&#8221;][vc_row_inner equal_height=&#8221;yes&#8221; content_placement=&#8221;middle&#8221; el_class=&#8221;row no-padding-vc&#8221;][vc_column_inner width=&#8221;1\/2&#8243;][vc_column_text el_class=&#8221;text-center&#8221;]<img loading=\"lazy\" decoding=\"async\" class=\"alignnone size-full wp-image-30375\" src=\"https:\/\/meetcody.ai\/wp-content\/uploads\/2023\/09\/Untitled-2.png\" alt=\"\" width=\"2468\" height=\"1582\" srcset=\"https:\/\/meetcody.ai\/wp-content\/uploads\/2023\/09\/Untitled-2.png 2468w, https:\/\/meetcody.ai\/wp-content\/uploads\/2023\/09\/Untitled-2-300x192.png 300w, https:\/\/meetcody.ai\/wp-content\/uploads\/2023\/09\/Untitled-2-1024x656.png 1024w, https:\/\/meetcody.ai\/wp-content\/uploads\/2023\/09\/Untitled-2-768x492.png 768w, https:\/\/meetcody.ai\/wp-content\/uploads\/2023\/09\/Untitled-2-1536x985.png 1536w, https:\/\/meetcody.ai\/wp-content\/uploads\/2023\/09\/Untitled-2-2048x1313.png 2048w, https:\/\/meetcody.ai\/wp-content\/uploads\/2023\/09\/Untitled-2-1011x648.png 1011w\" sizes=\"auto, (max-width: 2468px) 100vw, 2468px\" \/>[\/vc_column_text][vc_empty_space height=&#8221;45px&#8221; el_class=&#8221;hide-for-large&#8221;][\/vc_column_inner][vc_column_inner width=&#8221;1\/2&#8243;][vc_column_text el_class=&#8221;large-text-left text-center extra-large-padding-left-for-large&#8221;]<\/p>\n<h1 class=\"font-color-white margin-bottom-2point5rem\">Partilhe o seu bot de IA personalizado com todos<\/h1>\n<p class=\"no-margin-bottom font-color-white\">Aumente o apoio \u00e0 sua empresa fornecendo liga\u00e7\u00f5es facilmente partilh\u00e1veis para o seu Cody Bot, garantindo a acessibilidade universal.<\/p>\n<p>[\/vc_column_text][\/vc_column_inner][\/vc_row_inner][vc_empty_space height=&#8221;90px&#8221; el_class=&#8221;show-for-large&#8221;][vc_empty_space height=&#8221;45px&#8221; el_class=&#8221;hide-for-large&#8221;][\/vc_column][\/vc_row][\/vc_section][vc_section][vc_row][vc_column][vc_empty_space height=&#8221;90px&#8221; el_class=&#8221;show-for-large&#8221;][vc_empty_space height=&#8221;45px&#8221; el_class=&#8221;hide-for-large&#8221;][vc_row_inner equal_height=&#8221;yes&#8221; content_placement=&#8221;middle&#8221; el_class=&#8221;row no-padding-vc&#8221;][vc_column_inner el_class=&#8221;large-order-1&#8243; width=&#8221;1\/2&#8243;][vc_column_text el_class=&#8221;text-center&#8221;]<img loading=\"lazy\" decoding=\"async\" class=\"alignnone size-full wp-image-30384\" src=\"https:\/\/meetcody.ai\/wp-content\/uploads\/2023\/09\/Untitled-3.png\" alt=\"\" width=\"1234\" height=\"816\" srcset=\"https:\/\/meetcody.ai\/wp-content\/uploads\/2023\/09\/Untitled-3.png 1234w, https:\/\/meetcody.ai\/wp-content\/uploads\/2023\/09\/Untitled-3-300x198.png 300w, https:\/\/meetcody.ai\/wp-content\/uploads\/2023\/09\/Untitled-3-1024x677.png 1024w, https:\/\/meetcody.ai\/wp-content\/uploads\/2023\/09\/Untitled-3-768x508.png 768w, https:\/\/meetcody.ai\/wp-content\/uploads\/2023\/09\/Untitled-3-980x648.png 980w\" sizes=\"auto, (max-width: 1234px) 100vw, 1234px\" \/>[\/vc_column_text][vc_empty_space height=&#8221;45px&#8221; el_class=&#8221;hide-for-large&#8221;][\/vc_column_inner][vc_column_inner el_class=&#8221;large-order-0&#8243; width=&#8221;1\/2&#8243;][vc_column_text el_class=&#8221;large-text-left text-center extra-large-padding-right-for-large&#8221;]<\/p>\n<h1 class=\"font-color-white margin-bottom-2point5rem\">Uma lista de op\u00e7\u00f5es de personaliza\u00e7\u00e3o<\/h1>\n<p class=\"no-margin-bottom font-color-white\">D\u00ea um toque de personalidade ao seu widget, personalizando tudo, desde a paleta de cores at\u00e9 ao \u00edcone perfeito. Com o Cody, tem um mundo de op\u00e7\u00f5es de personaliza\u00e7\u00e3o na ponta dos dedos.<\/p>\n<p>[\/vc_column_text][\/vc_column_inner][\/vc_row_inner][vc_empty_space height=&#8221;90px&#8221; el_class=&#8221;show-for-large&#8221;][vc_empty_space height=&#8221;45px&#8221; el_class=&#8221;hide-for-large&#8221;][\/vc_column][\/vc_row][\/vc_section][vc_section el_id=&#8221;cody-for-slack-section_3&#8243;][vc_row][vc_column][vc_empty_space height=&#8221;90px&#8221; el_class=&#8221;show-for-large&#8221;][vc_empty_space height=&#8221;45px&#8221; el_class=&#8221;hide-for-large&#8221;][vc_row_inner equal_height=&#8221;yes&#8221; content_placement=&#8221;middle&#8221; el_class=&#8221;row no-padding-vc animated-gradient-bg has-semirounded-border&#8221;][vc_column_inner][vc_empty_space height=&#8221;100px&#8221;][vc_column_text el_class=&#8221;text-center&#8221;]<\/p>\n<h1 class=\"font-color-white margin-bottom-2point5rem\">Impulsione seu site agora com IA personalizada usando Cody<\/h1>\n<p><a class=\"button header-button no-margin-bottom\" href=\"https:\/\/getcody.ai\/auth\/signup\" target=\"_blank\" rel=\"noopener\"><span class=\"\">Come\u00e7ar gratuitamente<\/span><\/a>[\/vc_column_text][vc_empty_space height=&#8221;100px&#8221;][\/vc_column_inner][\/vc_row_inner][vc_empty_space height=&#8221;90px&#8221; el_class=&#8221;show-for-large&#8221;][vc_empty_space height=&#8221;45px&#8221; el_class=&#8221;hide-for-large&#8221;][\/vc_column][\/vc_row][\/vc_section]<\/p>\n<\/div>","protected":false},"excerpt":{"rendered":"<p>[vc_section el_id=&#8221;cody-for-slack-section_0&#8243;][vc_row][vc_column][vc_empty_space height=&#8221;90px&#8221; el_class=&#8221;show-for-large&#8221;][vc_empty_space height=&#8221;45px&#8221; el_class=&#8221;hide-for-large&#8221;][vc_row_inner el_class=&#8221;row no-padding-vc&#8221;][vc_column_inner][vc_column_text el_class=&#8221;text-center&#8221;] Potencie o seu s\u00edtio Web com IA [\/vc_column_text][vc_empty_space height=&#8221;45px&#8221;][vc_column_text el_class=&#8221;text-center&#8221;] Suba a bordo do comboio da IA para o seu s\u00edtio Web comercial sem c\u00f3digo. [\/vc_column_text][\/vc_column_inner][\/vc_row_inner][vc_empty_space height=&#8221;90px&#8221; el_class=&#8221;show-for-large&#8221;][vc_empty_space height=&#8221;45px&#8221; el_class=&#8221;hide-for-large&#8221;][vc_row_inner el_class=&#8221;row no-padding-vc&#8221;][vc_column_inner][vc_column_text el_class=&#8221;text-center&#8221;][\/vc_column_text][\/vc_column_inner][\/vc_row_inner][vc_empty_space height=&#8221;45px&#8221;][vc_row_inner el_class=&#8221;row no-padding-vc&#8221;][vc_column_inner][vc_column_text el_class=&#8221;text-center&#8221;]Come\u00e7ar agora[\/vc_column_text][\/vc_column_inner][\/vc_row_inner][\/vc_column][\/vc_row][\/vc_section][vc_section el_id=&#8221;cody-for-slack-section_1&#8243;][vc_row][vc_column][vc_empty_space height=&#8221;90px&#8221; el_class=&#8221;show-for-large&#8221;][vc_empty_space height=&#8221;45px&#8221; el_class=&#8221;hide-for-large&#8221;][vc_row_inner equal_height=&#8221;yes&#8221; content_placement=&#8221;middle&#8221; el_class=&#8221;row<a class=\"excerpt-read-more\" href=\"https:\/\/meetcody.ai\/pt-br\/ia-para-o-sitio-web\/\" title=\"ReadIA para o s\u00edtio Web\">&#8230; Read more &raquo;<\/a><\/p>\n","protected":false},"author":1,"featured_media":0,"parent":0,"menu_order":0,"comment_status":"closed","ping_status":"closed","template":"template-visual-builder.php","meta":{"_acf_changed":false,"inline_featured_image":false,"footnotes":""},"class_list":["post-30410","page","type-page","status-publish","hentry"],"acf":[],"yoast_head":"<!-- This site is optimized with the Yoast SEO Premium plugin v21.8 (Yoast SEO v24.2) - https:\/\/yoast.com\/wordpress\/plugins\/seo\/ -->\n<title>IA para o s\u00edtio Web Formado no seu neg\u00f3cio<\/title>\n<meta name=\"robots\" content=\"index, follow, max-snippet:-1, max-image-preview:large, max-video-preview:-1\" \/>\n<link rel=\"canonical\" href=\"https:\/\/meetcody.ai\/pt-br\/ia-para-o-sitio-web\/\" \/>\n<meta property=\"og:locale\" content=\"pt_BR\" \/>\n<meta property=\"og:type\" content=\"article\" \/>\n<meta property=\"og:title\" content=\"IA para o s\u00edtio Web\" \/>\n<meta property=\"og:description\" content=\"[vc_section el_id=&#8221;cody-for-slack-section_0&#8243;][vc_row][vc_column][vc_empty_space height=&#8221;90px&#8221; el_class=&#8221;show-for-large&#8221;][vc_empty_space height=&#8221;45px&#8221; el_class=&#8221;hide-for-large&#8221;][vc_row_inner el_class=&#8221;row no-padding-vc&#8221;][vc_column_inner][vc_column_text el_class=&#8221;text-center&#8221;] Potencie o seu s\u00edtio Web com IA [\/vc_column_text][vc_empty_space height=&#8221;45px&#8221;][vc_column_text el_class=&#8221;text-center&#8221;] Suba a bordo do comboio da IA para o seu s\u00edtio Web comercial sem c\u00f3digo. [\/vc_column_text][\/vc_column_inner][\/vc_row_inner][vc_empty_space height=&#8221;90px&#8221; el_class=&#8221;show-for-large&#8221;][vc_empty_space height=&#8221;45px&#8221; el_class=&#8221;hide-for-large&#8221;][vc_row_inner el_class=&#8221;row no-padding-vc&#8221;][vc_column_inner][vc_column_text el_class=&#8221;text-center&#8221;][\/vc_column_text][\/vc_column_inner][\/vc_row_inner][vc_empty_space height=&#8221;45px&#8221;][vc_row_inner el_class=&#8221;row no-padding-vc&#8221;][vc_column_inner][vc_column_text el_class=&#8221;text-center&#8221;]Come\u00e7ar agora[\/vc_column_text][\/vc_column_inner][\/vc_row_inner][\/vc_column][\/vc_row][\/vc_section][vc_section el_id=&#8221;cody-for-slack-section_1&#8243;][vc_row][vc_column][vc_empty_space height=&#8221;90px&#8221; el_class=&#8221;show-for-large&#8221;][vc_empty_space height=&#8221;45px&#8221; el_class=&#8221;hide-for-large&#8221;][vc_row_inner equal_height=&#8221;yes&#8221; content_placement=&#8221;middle&#8221; el_class=&#8221;row... Read more &raquo;\" \/>\n<meta property=\"og:url\" content=\"https:\/\/meetcody.ai\/pt-br\/ia-para-o-sitio-web\/\" \/>\n<meta property=\"og:site_name\" content=\"Cody - The AI Trained on Your Business\" \/>\n<meta property=\"article:modified_time\" content=\"2023-09-02T09:34:40+00:00\" \/>\n<meta property=\"og:image\" content=\"https:\/\/meetcody.ai\/wp-content\/uploads\/2023\/09\/Untitled-1.png\" \/>\n<meta name=\"twitter:card\" content=\"summary_large_image\" \/>\n<meta name=\"twitter:site\" content=\"@meetcodyai\" \/>\n<meta name=\"twitter:label1\" content=\"Est. reading time\" \/>\n\t<meta name=\"twitter:data1\" content=\"4 minutes\" \/>\n<script type=\"application\/ld+json\" class=\"yoast-schema-graph\">{\"@context\":\"https:\/\/schema.org\",\"@graph\":[{\"@type\":\"WebPage\",\"@id\":\"https:\/\/meetcody.ai\/pt-br\/ia-para-o-sitio-web\/\",\"url\":\"https:\/\/meetcody.ai\/pt-br\/ia-para-o-sitio-web\/\",\"name\":\"IA para o s\u00edtio Web Formado no seu neg\u00f3cio\",\"isPartOf\":{\"@id\":\"https:\/\/meetcody.ai\/#website\"},\"primaryImageOfPage\":{\"@id\":\"https:\/\/meetcody.ai\/pt-br\/ia-para-o-sitio-web\/#primaryimage\"},\"image\":{\"@id\":\"https:\/\/meetcody.ai\/pt-br\/ia-para-o-sitio-web\/#primaryimage\"},\"thumbnailUrl\":\"https:\/\/meetcody.ai\/wp-content\/uploads\/2023\/09\/Untitled-1.png\",\"datePublished\":\"2023-09-02T09:34:28+00:00\",\"dateModified\":\"2023-09-02T09:34:40+00:00\",\"breadcrumb\":{\"@id\":\"https:\/\/meetcody.ai\/pt-br\/ia-para-o-sitio-web\/#breadcrumb\"},\"inLanguage\":\"pt-BR\",\"potentialAction\":[{\"@type\":\"ReadAction\",\"target\":[\"https:\/\/meetcody.ai\/pt-br\/ia-para-o-sitio-web\/\"]}]},{\"@type\":\"ImageObject\",\"inLanguage\":\"pt-BR\",\"@id\":\"https:\/\/meetcody.ai\/pt-br\/ia-para-o-sitio-web\/#primaryimage\",\"url\":\"https:\/\/meetcody.ai\/wp-content\/uploads\/2023\/09\/Untitled-1.png\",\"contentUrl\":\"https:\/\/meetcody.ai\/wp-content\/uploads\/2023\/09\/Untitled-1.png\"},{\"@type\":\"BreadcrumbList\",\"@id\":\"https:\/\/meetcody.ai\/pt-br\/ia-para-o-sitio-web\/#breadcrumb\",\"itemListElement\":[{\"@type\":\"ListItem\",\"position\":1,\"name\":\"Home\",\"item\":\"https:\/\/meetcody.ai\/pt-br\/inicio-v2\/\"},{\"@type\":\"ListItem\",\"position\":2,\"name\":\"IA para o s\u00edtio Web\"}]},{\"@type\":\"WebSite\",\"@id\":\"https:\/\/meetcody.ai\/#website\",\"url\":\"https:\/\/meetcody.ai\/\",\"name\":\"Cody AI - The AI Trained on Your Business\",\"description\":\"AI Powered Knowledge Base for Employees\",\"publisher\":{\"@id\":\"https:\/\/meetcody.ai\/#organization\"},\"potentialAction\":[{\"@type\":\"SearchAction\",\"target\":{\"@type\":\"EntryPoint\",\"urlTemplate\":\"https:\/\/meetcody.ai\/?s={search_term_string}\"},\"query-input\":{\"@type\":\"PropertyValueSpecification\",\"valueRequired\":true,\"valueName\":\"search_term_string\"}}],\"inLanguage\":\"pt-BR\"},{\"@type\":\"Organization\",\"@id\":\"https:\/\/meetcody.ai\/#organization\",\"name\":\"Cody AI - The AI Trained on Your Business\",\"url\":\"https:\/\/meetcody.ai\/\",\"logo\":{\"@type\":\"ImageObject\",\"inLanguage\":\"pt-BR\",\"@id\":\"https:\/\/meetcody.ai\/#\/schema\/logo\/image\/\",\"url\":\"https:\/\/meetcody.ai\/wp-content\/uploads\/2023\/05\/logo-codyai.svg\",\"contentUrl\":\"https:\/\/meetcody.ai\/wp-content\/uploads\/2023\/05\/logo-codyai.svg\",\"width\":\"1024\",\"height\":\"1024\",\"caption\":\"Cody AI - The AI Trained on Your Business\"},\"image\":{\"@id\":\"https:\/\/meetcody.ai\/#\/schema\/logo\/image\/\"},\"sameAs\":[\"https:\/\/x.com\/meetcodyai\",\"https:\/\/discord.com\/invite\/jXEVDcFxqs\"]}]}<\/script>\n<!-- \/ Yoast SEO Premium plugin. -->","yoast_head_json":{"title":"IA para o s\u00edtio Web Formado no seu neg\u00f3cio","robots":{"index":"index","follow":"follow","max-snippet":"max-snippet:-1","max-image-preview":"max-image-preview:large","max-video-preview":"max-video-preview:-1"},"canonical":"https:\/\/meetcody.ai\/pt-br\/ia-para-o-sitio-web\/","og_locale":"pt_BR","og_type":"article","og_title":"IA para o s\u00edtio Web","og_description":"[vc_section el_id=&#8221;cody-for-slack-section_0&#8243;][vc_row][vc_column][vc_empty_space height=&#8221;90px&#8221; el_class=&#8221;show-for-large&#8221;][vc_empty_space height=&#8221;45px&#8221; el_class=&#8221;hide-for-large&#8221;][vc_row_inner el_class=&#8221;row no-padding-vc&#8221;][vc_column_inner][vc_column_text el_class=&#8221;text-center&#8221;] Potencie o seu s\u00edtio Web com IA [\/vc_column_text][vc_empty_space height=&#8221;45px&#8221;][vc_column_text el_class=&#8221;text-center&#8221;] Suba a bordo do comboio da IA para o seu s\u00edtio Web comercial sem c\u00f3digo. [\/vc_column_text][\/vc_column_inner][\/vc_row_inner][vc_empty_space height=&#8221;90px&#8221; el_class=&#8221;show-for-large&#8221;][vc_empty_space height=&#8221;45px&#8221; el_class=&#8221;hide-for-large&#8221;][vc_row_inner el_class=&#8221;row no-padding-vc&#8221;][vc_column_inner][vc_column_text el_class=&#8221;text-center&#8221;][\/vc_column_text][\/vc_column_inner][\/vc_row_inner][vc_empty_space height=&#8221;45px&#8221;][vc_row_inner el_class=&#8221;row no-padding-vc&#8221;][vc_column_inner][vc_column_text el_class=&#8221;text-center&#8221;]Come\u00e7ar agora[\/vc_column_text][\/vc_column_inner][\/vc_row_inner][\/vc_column][\/vc_row][\/vc_section][vc_section el_id=&#8221;cody-for-slack-section_1&#8243;][vc_row][vc_column][vc_empty_space height=&#8221;90px&#8221; el_class=&#8221;show-for-large&#8221;][vc_empty_space height=&#8221;45px&#8221; el_class=&#8221;hide-for-large&#8221;][vc_row_inner equal_height=&#8221;yes&#8221; content_placement=&#8221;middle&#8221; el_class=&#8221;row... Read more &raquo;","og_url":"https:\/\/meetcody.ai\/pt-br\/ia-para-o-sitio-web\/","og_site_name":"Cody - The AI Trained on Your Business","article_modified_time":"2023-09-02T09:34:40+00:00","og_image":[{"url":"https:\/\/meetcody.ai\/wp-content\/uploads\/2023\/09\/Untitled-1.png","type":"","width":"","height":""}],"twitter_card":"summary_large_image","twitter_site":"@meetcodyai","twitter_misc":{"Est. reading time":"4 minutes"},"schema":{"@context":"https:\/\/schema.org","@graph":[{"@type":"WebPage","@id":"https:\/\/meetcody.ai\/pt-br\/ia-para-o-sitio-web\/","url":"https:\/\/meetcody.ai\/pt-br\/ia-para-o-sitio-web\/","name":"IA para o s\u00edtio Web Formado no seu neg\u00f3cio","isPartOf":{"@id":"https:\/\/meetcody.ai\/#website"},"primaryImageOfPage":{"@id":"https:\/\/meetcody.ai\/pt-br\/ia-para-o-sitio-web\/#primaryimage"},"image":{"@id":"https:\/\/meetcody.ai\/pt-br\/ia-para-o-sitio-web\/#primaryimage"},"thumbnailUrl":"https:\/\/meetcody.ai\/wp-content\/uploads\/2023\/09\/Untitled-1.png","datePublished":"2023-09-02T09:34:28+00:00","dateModified":"2023-09-02T09:34:40+00:00","breadcrumb":{"@id":"https:\/\/meetcody.ai\/pt-br\/ia-para-o-sitio-web\/#breadcrumb"},"inLanguage":"pt-BR","potentialAction":[{"@type":"ReadAction","target":["https:\/\/meetcody.ai\/pt-br\/ia-para-o-sitio-web\/"]}]},{"@type":"ImageObject","inLanguage":"pt-BR","@id":"https:\/\/meetcody.ai\/pt-br\/ia-para-o-sitio-web\/#primaryimage","url":"https:\/\/meetcody.ai\/wp-content\/uploads\/2023\/09\/Untitled-1.png","contentUrl":"https:\/\/meetcody.ai\/wp-content\/uploads\/2023\/09\/Untitled-1.png"},{"@type":"BreadcrumbList","@id":"https:\/\/meetcody.ai\/pt-br\/ia-para-o-sitio-web\/#breadcrumb","itemListElement":[{"@type":"ListItem","position":1,"name":"Home","item":"https:\/\/meetcody.ai\/pt-br\/inicio-v2\/"},{"@type":"ListItem","position":2,"name":"IA para o s\u00edtio Web"}]},{"@type":"WebSite","@id":"https:\/\/meetcody.ai\/#website","url":"https:\/\/meetcody.ai\/","name":"Cody AI - The AI Trained on Your Business","description":"AI Powered Knowledge Base for Employees","publisher":{"@id":"https:\/\/meetcody.ai\/#organization"},"potentialAction":[{"@type":"SearchAction","target":{"@type":"EntryPoint","urlTemplate":"https:\/\/meetcody.ai\/?s={search_term_string}"},"query-input":{"@type":"PropertyValueSpecification","valueRequired":true,"valueName":"search_term_string"}}],"inLanguage":"pt-BR"},{"@type":"Organization","@id":"https:\/\/meetcody.ai\/#organization","name":"Cody AI - The AI Trained on Your Business","url":"https:\/\/meetcody.ai\/","logo":{"@type":"ImageObject","inLanguage":"pt-BR","@id":"https:\/\/meetcody.ai\/#\/schema\/logo\/image\/","url":"https:\/\/meetcody.ai\/wp-content\/uploads\/2023\/05\/logo-codyai.svg","contentUrl":"https:\/\/meetcody.ai\/wp-content\/uploads\/2023\/05\/logo-codyai.svg","width":"1024","height":"1024","caption":"Cody AI - The AI Trained on Your Business"},"image":{"@id":"https:\/\/meetcody.ai\/#\/schema\/logo\/image\/"},"sameAs":["https:\/\/x.com\/meetcodyai","https:\/\/discord.com\/invite\/jXEVDcFxqs"]}]}},"_links":{"self":[{"href":"https:\/\/meetcody.ai\/pt-br\/wp-json\/wp\/v2\/pages\/30410","targetHints":{"allow":["GET"]}}],"collection":[{"href":"https:\/\/meetcody.ai\/pt-br\/wp-json\/wp\/v2\/pages"}],"about":[{"href":"https:\/\/meetcody.ai\/pt-br\/wp-json\/wp\/v2\/types\/page"}],"author":[{"embeddable":true,"href":"https:\/\/meetcody.ai\/pt-br\/wp-json\/wp\/v2\/users\/1"}],"replies":[{"embeddable":true,"href":"https:\/\/meetcody.ai\/pt-br\/wp-json\/wp\/v2\/comments?post=30410"}],"version-history":[{"count":2,"href":"https:\/\/meetcody.ai\/pt-br\/wp-json\/wp\/v2\/pages\/30410\/revisions"}],"predecessor-version":[{"id":30416,"href":"https:\/\/meetcody.ai\/pt-br\/wp-json\/wp\/v2\/pages\/30410\/revisions\/30416"}],"wp:attachment":[{"href":"https:\/\/meetcody.ai\/pt-br\/wp-json\/wp\/v2\/media?parent=30410"}],"curies":[{"name":"wp","href":"https:\/\/api.w.org\/{rel}","templated":true}]}}