{"id":26732,"date":"2023-05-21T00:17:14","date_gmt":"2023-05-21T00:17:14","guid":{"rendered":"https:\/\/meetcody.ai\/obrigado\/"},"modified":"2023-06-16T14:46:18","modified_gmt":"2023-06-16T14:46:18","slug":"obrigado","status":"publish","type":"page","link":"https:\/\/meetcody.ai\/pt-br\/obrigado\/","title":{"rendered":"Obrigado"},"content":{"rendered":"<div class=\"wpb-content-wrapper\"><p>[vc_section][vc_row][vc_column][vc_empty_space height=&#8221;90px&#8221; el_class=&#8221;show-for-large&#8221;][vc_empty_space height=&#8221;45px&#8221; el_class=&#8221;show-for-large&#8221;][vc_row_inner el_class=&#8221;row align-center no-padding-vc&#8221;][vc_column_inner width=&#8221;10\/12&#8243;][vc_column_text]<\/p>\n<h1 class=\"font-color-white margin-bottom-2point5rem\" style=\"text-align: center;\">Assinatura confirmada<\/h1>\n<p class=\"margin-bottom-2point5rem\" style=\"text-align: center;\">Agradecemos o vosso apoio. Um pagamento ao Stripe ser\u00e1 refletido no seu extrato. A sua conta ser\u00e1 actualizada em breve, podendo demorar 5 a 30 minutos a refletir. Para gerir a sua subscri\u00e7\u00e3o, visite o separador Fatura\u00e7\u00e3o em Defini\u00e7\u00f5es. Desfrute da sua experi\u00eancia melhorada com os nossos servi\u00e7os!<\/p>\n<p class=\"no-margin-bottom\"><a class=\"button no-margin-bottom\" href=\"https:\/\/getcody.ai\/auth\/signup\" target=\"_blank\" rel=\"noopener\"><span class=\"\">Continuar \u2192<\/span><\/a><\/p>\n<p>[\/vc_column_text][\/vc_column_inner][\/vc_row_inner][vc_empty_space height=&#8221;90px&#8221; el_class=&#8221;show-for-large&#8221;][vc_empty_space height=&#8221;45px&#8221; el_class=&#8221;show-for-large&#8221;][\/vc_column][\/vc_row][\/vc_section]<\/p>\n<\/div>","protected":false},"excerpt":{"rendered":"<p>[vc_section][vc_row][vc_column][vc_empty_space height=&#8221;90px&#8221; el_class=&#8221;show-for-large&#8221;][vc_empty_space height=&#8221;45px&#8221; el_class=&#8221;show-for-large&#8221;][vc_row_inner el_class=&#8221;row align-center no-padding-vc&#8221;][vc_column_inner width=&#8221;10\/12&#8243;][vc_column_text] Assinatura confirmada Agradecemos o vosso apoio. Um pagamento ao Stripe ser\u00e1 refletido no seu extrato. A sua conta ser\u00e1 actualizada em breve, podendo demorar 5 a 30 minutos a refletir. Para gerir a sua subscri\u00e7\u00e3o, visite o separador Fatura\u00e7\u00e3o em Defini\u00e7\u00f5es. Desfrute da sua experi\u00eancia melhorada<a class=\"excerpt-read-more\" href=\"https:\/\/meetcody.ai\/pt-br\/obrigado\/\" title=\"ReadObrigado\">&#8230; Read more &raquo;<\/a><\/p>\n","protected":false},"author":1,"featured_media":0,"parent":0,"menu_order":0,"comment_status":"closed","ping_status":"closed","template":"template-visual-builder.php","meta":{"_acf_changed":false,"inline_featured_image":false,"footnotes":""},"class_list":["post-26732","page","type-page","status-publish","hentry"],"acf":[],"yoast_head":"<!-- This site is optimized with the Yoast SEO Premium plugin v21.8 (Yoast SEO v24.2) - https:\/\/yoast.com\/wordpress\/plugins\/seo\/ -->\n<title>Obrigado - Cody - The AI Trained on Your Business<\/title>\n<meta name=\"robots\" content=\"index, follow, max-snippet:-1, max-image-preview:large, max-video-preview:-1\" \/>\n<link rel=\"canonical\" href=\"https:\/\/meetcody.ai\/pt-br\/obrigado\/\" \/>\n<meta property=\"og:locale\" content=\"pt_BR\" \/>\n<meta property=\"og:type\" content=\"article\" \/>\n<meta property=\"og:title\" content=\"Obrigado\" \/>\n<meta property=\"og:description\" content=\"[vc_section][vc_row][vc_column][vc_empty_space height=&#8221;90px&#8221; el_class=&#8221;show-for-large&#8221;][vc_empty_space height=&#8221;45px&#8221; el_class=&#8221;show-for-large&#8221;][vc_row_inner el_class=&#8221;row align-center no-padding-vc&#8221;][vc_column_inner width=&#8221;10\/12&#8243;][vc_column_text] Assinatura confirmada Agradecemos o vosso apoio. Um pagamento ao Stripe ser\u00e1 refletido no seu extrato. A sua conta ser\u00e1 actualizada em breve, podendo demorar 5 a 30 minutos a refletir. Para gerir a sua subscri\u00e7\u00e3o, visite o separador Fatura\u00e7\u00e3o em Defini\u00e7\u00f5es. Desfrute da sua experi\u00eancia melhorada... Read more &raquo;\" \/>\n<meta property=\"og:url\" content=\"https:\/\/meetcody.ai\/pt-br\/obrigado\/\" \/>\n<meta property=\"og:site_name\" content=\"Cody - The AI Trained on Your Business\" \/>\n<meta property=\"article:modified_time\" content=\"2023-06-16T14:46:18+00:00\" \/>\n<meta property=\"og:image\" content=\"https:\/\/meetcody.ai\/wp-content\/uploads\/2023\/02\/grid_0-2.png\" \/>\n\t<meta property=\"og:image:width\" content=\"1536\" \/>\n\t<meta property=\"og:image:height\" content=\"1024\" \/>\n\t<meta property=\"og:image:type\" content=\"image\/png\" \/>\n<meta name=\"twitter:card\" content=\"summary_large_image\" \/>\n<meta name=\"twitter:site\" content=\"@meetcodyai\" \/>\n<meta name=\"twitter:label1\" content=\"Est. reading time\" \/>\n\t<meta name=\"twitter:data1\" content=\"1 minute\" \/>\n<script type=\"application\/ld+json\" class=\"yoast-schema-graph\">{\"@context\":\"https:\/\/schema.org\",\"@graph\":[{\"@type\":\"WebPage\",\"@id\":\"https:\/\/meetcody.ai\/pt-br\/obrigado\/\",\"url\":\"https:\/\/meetcody.ai\/pt-br\/obrigado\/\",\"name\":\"Obrigado - Cody - The AI Trained on Your Business\",\"isPartOf\":{\"@id\":\"https:\/\/meetcody.ai\/#website\"},\"datePublished\":\"2023-05-21T00:17:14+00:00\",\"dateModified\":\"2023-06-16T14:46:18+00:00\",\"breadcrumb\":{\"@id\":\"https:\/\/meetcody.ai\/pt-br\/obrigado\/#breadcrumb\"},\"inLanguage\":\"pt-BR\",\"potentialAction\":[{\"@type\":\"ReadAction\",\"target\":[\"https:\/\/meetcody.ai\/pt-br\/obrigado\/\"]}]},{\"@type\":\"BreadcrumbList\",\"@id\":\"https:\/\/meetcody.ai\/pt-br\/obrigado\/#breadcrumb\",\"itemListElement\":[{\"@type\":\"ListItem\",\"position\":1,\"name\":\"Home\",\"item\":\"https:\/\/meetcody.ai\/pt-br\/inicio-v2\/\"},{\"@type\":\"ListItem\",\"position\":2,\"name\":\"Obrigado\"}]},{\"@type\":\"WebSite\",\"@id\":\"https:\/\/meetcody.ai\/#website\",\"url\":\"https:\/\/meetcody.ai\/\",\"name\":\"Cody AI - The AI Trained on Your Business\",\"description\":\"AI Powered Knowledge Base for Employees\",\"publisher\":{\"@id\":\"https:\/\/meetcody.ai\/#organization\"},\"potentialAction\":[{\"@type\":\"SearchAction\",\"target\":{\"@type\":\"EntryPoint\",\"urlTemplate\":\"https:\/\/meetcody.ai\/?s={search_term_string}\"},\"query-input\":{\"@type\":\"PropertyValueSpecification\",\"valueRequired\":true,\"valueName\":\"search_term_string\"}}],\"inLanguage\":\"pt-BR\"},{\"@type\":\"Organization\",\"@id\":\"https:\/\/meetcody.ai\/#organization\",\"name\":\"Cody AI - The AI Trained on Your Business\",\"url\":\"https:\/\/meetcody.ai\/\",\"logo\":{\"@type\":\"ImageObject\",\"inLanguage\":\"pt-BR\",\"@id\":\"https:\/\/meetcody.ai\/#\/schema\/logo\/image\/\",\"url\":\"https:\/\/meetcody.ai\/wp-content\/uploads\/2023\/05\/logo-codyai.svg\",\"contentUrl\":\"https:\/\/meetcody.ai\/wp-content\/uploads\/2023\/05\/logo-codyai.svg\",\"width\":\"1024\",\"height\":\"1024\",\"caption\":\"Cody AI - The AI Trained on Your Business\"},\"image\":{\"@id\":\"https:\/\/meetcody.ai\/#\/schema\/logo\/image\/\"},\"sameAs\":[\"https:\/\/x.com\/meetcodyai\",\"https:\/\/discord.com\/invite\/jXEVDcFxqs\"]}]}<\/script>\n<!-- \/ Yoast SEO Premium plugin. -->","yoast_head_json":{"title":"Obrigado - Cody - The AI Trained on Your Business","robots":{"index":"index","follow":"follow","max-snippet":"max-snippet:-1","max-image-preview":"max-image-preview:large","max-video-preview":"max-video-preview:-1"},"canonical":"https:\/\/meetcody.ai\/pt-br\/obrigado\/","og_locale":"pt_BR","og_type":"article","og_title":"Obrigado","og_description":"[vc_section][vc_row][vc_column][vc_empty_space height=&#8221;90px&#8221; el_class=&#8221;show-for-large&#8221;][vc_empty_space height=&#8221;45px&#8221; el_class=&#8221;show-for-large&#8221;][vc_row_inner el_class=&#8221;row align-center no-padding-vc&#8221;][vc_column_inner width=&#8221;10\/12&#8243;][vc_column_text] Assinatura confirmada Agradecemos o vosso apoio. Um pagamento ao Stripe ser\u00e1 refletido no seu extrato. A sua conta ser\u00e1 actualizada em breve, podendo demorar 5 a 30 minutos a refletir. Para gerir a sua subscri\u00e7\u00e3o, visite o separador Fatura\u00e7\u00e3o em Defini\u00e7\u00f5es. Desfrute da sua experi\u00eancia melhorada... Read more &raquo;","og_url":"https:\/\/meetcody.ai\/pt-br\/obrigado\/","og_site_name":"Cody - The AI Trained on Your Business","article_modified_time":"2023-06-16T14:46:18+00:00","og_image":[{"width":1536,"height":1024,"url":"https:\/\/meetcody.ai\/wp-content\/uploads\/2023\/02\/grid_0-2.png","type":"image\/png"}],"twitter_card":"summary_large_image","twitter_site":"@meetcodyai","twitter_misc":{"Est. reading time":"1 minute"},"schema":{"@context":"https:\/\/schema.org","@graph":[{"@type":"WebPage","@id":"https:\/\/meetcody.ai\/pt-br\/obrigado\/","url":"https:\/\/meetcody.ai\/pt-br\/obrigado\/","name":"Obrigado - Cody - The AI Trained on Your Business","isPartOf":{"@id":"https:\/\/meetcody.ai\/#website"},"datePublished":"2023-05-21T00:17:14+00:00","dateModified":"2023-06-16T14:46:18+00:00","breadcrumb":{"@id":"https:\/\/meetcody.ai\/pt-br\/obrigado\/#breadcrumb"},"inLanguage":"pt-BR","potentialAction":[{"@type":"ReadAction","target":["https:\/\/meetcody.ai\/pt-br\/obrigado\/"]}]},{"@type":"BreadcrumbList","@id":"https:\/\/meetcody.ai\/pt-br\/obrigado\/#breadcrumb","itemListElement":[{"@type":"ListItem","position":1,"name":"Home","item":"https:\/\/meetcody.ai\/pt-br\/inicio-v2\/"},{"@type":"ListItem","position":2,"name":"Obrigado"}]},{"@type":"WebSite","@id":"https:\/\/meetcody.ai\/#website","url":"https:\/\/meetcody.ai\/","name":"Cody AI - The AI Trained on Your Business","description":"AI Powered Knowledge Base for Employees","publisher":{"@id":"https:\/\/meetcody.ai\/#organization"},"potentialAction":[{"@type":"SearchAction","target":{"@type":"EntryPoint","urlTemplate":"https:\/\/meetcody.ai\/?s={search_term_string}"},"query-input":{"@type":"PropertyValueSpecification","valueRequired":true,"valueName":"search_term_string"}}],"inLanguage":"pt-BR"},{"@type":"Organization","@id":"https:\/\/meetcody.ai\/#organization","name":"Cody AI - The AI Trained on Your Business","url":"https:\/\/meetcody.ai\/","logo":{"@type":"ImageObject","inLanguage":"pt-BR","@id":"https:\/\/meetcody.ai\/#\/schema\/logo\/image\/","url":"https:\/\/meetcody.ai\/wp-content\/uploads\/2023\/05\/logo-codyai.svg","contentUrl":"https:\/\/meetcody.ai\/wp-content\/uploads\/2023\/05\/logo-codyai.svg","width":"1024","height":"1024","caption":"Cody AI - The AI Trained on Your Business"},"image":{"@id":"https:\/\/meetcody.ai\/#\/schema\/logo\/image\/"},"sameAs":["https:\/\/x.com\/meetcodyai","https:\/\/discord.com\/invite\/jXEVDcFxqs"]}]}},"_links":{"self":[{"href":"https:\/\/meetcody.ai\/pt-br\/wp-json\/wp\/v2\/pages\/26732","targetHints":{"allow":["GET"]}}],"collection":[{"href":"https:\/\/meetcody.ai\/pt-br\/wp-json\/wp\/v2\/pages"}],"about":[{"href":"https:\/\/meetcody.ai\/pt-br\/wp-json\/wp\/v2\/types\/page"}],"author":[{"embeddable":true,"href":"https:\/\/meetcody.ai\/pt-br\/wp-json\/wp\/v2\/users\/1"}],"replies":[{"embeddable":true,"href":"https:\/\/meetcody.ai\/pt-br\/wp-json\/wp\/v2\/comments?post=26732"}],"version-history":[{"count":2,"href":"https:\/\/meetcody.ai\/pt-br\/wp-json\/wp\/v2\/pages\/26732\/revisions"}],"predecessor-version":[{"id":26753,"href":"https:\/\/meetcody.ai\/pt-br\/wp-json\/wp\/v2\/pages\/26732\/revisions\/26753"}],"wp:attachment":[{"href":"https:\/\/meetcody.ai\/pt-br\/wp-json\/wp\/v2\/media?parent=26732"}],"curies":[{"name":"wp","href":"https:\/\/api.w.org\/{rel}","templated":true}]}}