{"id":26086,"date":"2023-04-20T11:58:54","date_gmt":"2023-04-20T11:58:54","guid":{"rendered":"https:\/\/meetcody.ai\/precos\/"},"modified":"2025-11-13T09:06:00","modified_gmt":"2025-11-13T09:06:00","slug":"precos","status":"publish","type":"page","link":"https:\/\/meetcody.ai\/pt-br\/precos\/","title":{"rendered":"Pre\u00e7os"},"content":{"rendered":"<div class=\"wpb-content-wrapper\"><p>[vc_section el_id=&#8221;pricing-section_0&#8243;][vc_row][vc_column][vc_empty_space height=&#8221;90px&#8221; el_class=&#8221;show-for-large&#8221;][vc_empty_space height=&#8221;90px&#8221; el_class=&#8221;hide-for-large&#8221;][vc_row_inner el_class=&#8221;row no-padding-vc&#8221;][vc_column_inner el_class=&#8221;columns large-8 large-offset-2&#8243;][vc_column_text el_class=&#8221;text-center&#8221;]<\/p>\n<h1 class=\"margin-bottom-1point5rem font-color-gradient page-heading\">Comece a trabalhar gratuitamente<\/h1>\n<section class=\"elementor-section elementor-top-section elementor-element elementor-element-3cb60ca elementor-section-boxed elementor-section-height-default elementor-section-height-default\" data-id=\"3cb60ca\" data-element_type=\"section\">\n<div class=\"elementor-container elementor-column-gap-default\">\n<div class=\"elementor-column elementor-col-100 elementor-top-column elementor-element elementor-element-8e0e96f\" data-id=\"8e0e96f\" data-element_type=\"column\">\n<div class=\"elementor-widget-wrap elementor-element-populated\">\n<div class=\"elementor-element elementor-element-18447c9 elementor-widget elementor-widget-text-editor\" data-id=\"18447c9\" data-element_type=\"widget\" data-widget_type=\"text-editor.default\">\n<div class=\"elementor-widget-container\">\n<p>Quer esteja a utilizar o Cody para uso pessoal, com uma equipa ou planeie fornec\u00ea-lo aos seus clientes, temos um pacote para si.<\/p>\n<\/div>\n<\/div>\n<\/div>\n<\/div>\n<\/div>\n<\/section>\n<section class=\"elementor-section elementor-top-section elementor-element elementor-element-148b11e elementor-section-boxed elementor-section-height-default elementor-section-height-default\" data-id=\"148b11e\" data-element_type=\"section\">\n<div class=\"elementor-container elementor-column-gap-default\"><\/div>\n<\/section>\n<section class=\"elementor-section elementor-top-section elementor-element elementor-element-cf8b248 elementor-section-boxed elementor-section-height-default elementor-section-height-default\" data-id=\"cf8b248\" data-element_type=\"section\">\n<div id=\"dl_parallax_ele-cf8b248\" class=\"dl_parallax_ele-wrapper\"><\/div>\n<div class=\"elementor-container elementor-column-gap-default\">\n<div class=\"elementor-column elementor-col-100 elementor-top-column elementor-element elementor-element-3dc9101\" data-id=\"3dc9101\" data-element_type=\"column\">\n<div class=\"elementor-widget-wrap elementor-element-populated\">\n<div class=\"elementor-element elementor-element-5854acd elementor-widget elementor-widget-html\" data-id=\"5854acd\" data-element_type=\"widget\" data-widget_type=\"html.default\">\n<div class=\"elementor-widget-container\"><\/div>\n<\/div>\n<\/div>\n<\/div>\n<\/div>\n<\/section>\n<p>[\/vc_column_text][\/vc_column_inner][\/vc_row_inner][vc_empty_space height=&#8221;90px&#8221; el_class=&#8221;show-for-large&#8221;][vc_empty_space height=&#8221;45px&#8221; el_class=&#8221;hide-for-large&#8221;][\/vc_column][\/vc_row][\/vc_section][vc_section el_id=&#8221;pricing-section_1&#8243;][vc_row][vc_column][vc_empty_space height=&#8221;45px&#8221; el_class=&#8221;hide-for-large&#8221;][vc_row_inner el_class=&#8221;row no-padding-vc&#8221;][vc_column_inner width=&#8221;1\/3&#8243;][vc_empty_space height=&#8221;24px&#8221; el_class=&#8221;hide-for-large&#8221;][vc_column_text]<\/p>\n<div class=\"card bg-color-grayscale dark-border\">\n<p class=\"margin-bottom-0point5rem font-color-white\">B\u00e1sico<\/p>\n<h2 class=\" h1 margin-bottom-1point5rem font-color-gradient\">$29\/m\u00eas<\/h2>\n<div class=\"border-bottom-secondary border-gradient margin-bottom-1point5rem\"><\/div>\n<ul class=\"no-bullet custom-bullets\">\n<li>2.500 cr\u00e9ditos<\/li>\n<li>GPT-5 Mini<\/li>\n<li>3 membros da equipe<\/li>\n<li>Registro de conversas de 14 dias<\/li>\n<li>1.000 documentos<\/li>\n<li>Incorporar Widget do Website<\/li>\n<li>Personalizar o widget do site<\/li>\n<li>API<\/li>\n<\/ul>\n<p><a class=\"button no-margin-bottom\" href=\"https:\/\/getcody.ai\/buy\/00g3d85fgb0VbQc3cd\"><br \/>\n<span class=\"small\">Subscrever<\/span><br \/>\n<\/a><\/p>\n<\/div>\n<p>[\/vc_column_text][\/vc_column_inner][vc_column_inner width=&#8221;1\/3&#8243;][vc_empty_space height=&#8221;24px&#8221; el_class=&#8221;hide-for-large&#8221;][vc_column_text]<\/p>\n<div class=\"card bg-color-grayscale dark-border\">\n<p class=\"margin-bottom-0point5rem font-color-white\">Pr\u00e9mio<\/p>\n<h2 class=\" h1 margin-bottom-1point5rem font-color-gradient\">$99\/m\u00eas<\/h2>\n<div class=\"border-bottom-secondary border-gradient margin-bottom-1point5rem\"><\/div>\n<ul class=\"no-bullet custom-bullets\">\n<li>10.000 cr\u00e9ditos<\/li>\n<li>GPT 5 Mini<\/li>\n<li>GPT 5<\/li>\n<li>Soneto de Claude 4<\/li>\n<li>10 membros da equipe<\/li>\n<li class=\"whitespace-normal break-words\">Registro de conversas de 30 dias<\/li>\n<li>10 000 documentos<\/li>\n<li>10.000 p\u00e1ginas do s\u00edtio Web<\/li>\n<li>Rastreador de sites<\/li>\n<li>Importa\u00e7\u00f5es recorrentes de sites (3 sites)<\/li>\n<li>Incorporar Widget de Website (3 Websites)<\/li>\n<li>Personalizar o widget do site<\/li>\n<li>Remover a marca Cody no widget<\/li>\n<li>API<\/li>\n<\/ul>\n<p><a class=\"button no-margin-bottom\" href=\"https:\/\/getcody.ai\/buy\/fZe150cHIb0VaM8dQS\"><br \/>\n<span class=\"small\">Subscrever<\/span><br \/>\n<\/a><\/p>\n<\/div>\n<p>[\/vc_column_text][\/vc_column_inner][vc_column_inner width=&#8221;1\/3&#8243;][vc_empty_space height=&#8221;24px&#8221; el_class=&#8221;hide-for-large&#8221;][vc_column_text]<\/p>\n<div class=\"card bg-color-grayscale dark-border\">\n<p class=\"margin-bottom-0point5rem font-color-white\">Avan\u00e7ado<\/p>\n<h2 class=\" h1 margin-bottom-1point5rem font-color-gradient\">$249\/m\u00eas<\/h2>\n<div class=\"border-bottom-secondary border-gradient margin-bottom-1point5rem\"><\/div>\n<ul class=\"no-bullet custom-bullets\">\n<li>25.000 cr\u00e9ditos<\/li>\n<li>GPT 5 Mini<\/li>\n<li>GPT 5<\/li>\n<li>Soneto de Claude 4<\/li>\n<li>30 membros da equipe<\/li>\n<li>Registro de conversas de 90 dias<\/li>\n<li>25.000 p\u00e1ginas do s\u00edtio Web<\/li>\n<li>Rastreador de sites<\/li>\n<li>Importa\u00e7\u00f5es recorrentes de sites (9 sites)<\/li>\n<li>Incorporar Widget de Website (50 Websites)<\/li>\n<li>Personalizar o widget do site<\/li>\n<li>Remover a marca Cody no widget<\/li>\n<li>API<\/li>\n<\/ul>\n<p><a class=\"button no-margin-bottom\" href=\"https:\/\/getcody.ai\/buy\/5kAeVQazA7OJ1by28b\"><br \/>\n<span class=\"small\">Subscrever<\/span><br \/>\n<\/a><\/p>\n<\/div>\n<p>[\/vc_column_text][\/vc_column_inner][\/vc_row_inner][vc_empty_space height=&#8221;45px&#8221; el_class=&#8221;show-for-large&#8221;][vc_empty_space height=&#8221;24px&#8221; el_class=&#8221;hide-for-large&#8221;][\/vc_column][\/vc_row][\/vc_section][vc_section el_id=&#8221;pricing-section_2&#8243;][vc_row][vc_column][vc_empty_space height=&#8221;45px&#8221; el_class=&#8221;show-for-large&#8221;][vc_empty_space height=&#8221;24px&#8221; el_class=&#8221;hide-for-large&#8221;][vc_row_inner el_class=&#8221;row no-padding-vc&#8221;][vc_column_inner][vc_column_text el_class=&#8221;text-center&#8221;]<\/p>\n<h1 class=\"font-color-white no-margin-bottom\">Perguntas mais frequentes<\/h1>\n<p>[\/vc_column_text][\/vc_column_inner][\/vc_row_inner][vc_empty_space height=&#8221;90px&#8221; el_class=&#8221;show-for-large&#8221;][vc_empty_space height=&#8221;45px&#8221; el_class=&#8221;hide-for-large&#8221;][vc_row_inner el_class=&#8221;row no-padding-vc&#8221;][vc_column_inner el_class=&#8221;columns small-12 large-8 large-offset-2&#8243;][vc_raw_html]PHVsIGNsYXNzPSJhY2NvcmRpb24iIGRhdGEtYWNjb3JkaW9uPSIiIGRhdGEtYWxsb3ctYWxsLWNsb3NlZD0idHJ1ZSI+CiAgICA8bGkgY2xhc3M9ImFjY29yZGlvbi1pdGVtIGlzLWFjdGl2ZSIgZGF0YS1hY2NvcmRpb24taXRlbT0iIj4KICAgICAgICA8YSBocmVmPSIjIiBjbGFzcz0iYWNjb3JkaW9uLXRpdGxlIj4KICAgICAgICAgICAgPHAgY2xhc3M9Im5vLW1hcmdpbi1ib3R0b20gZXh0cmEtYmlnIGZvbnQtY29sb3Itd2hpdGUiPk8gcXVlIMOpIG8gQ29keT88L3A+CiAgICAgICAgPC9hPgogICAgICAgIDxkaXYgY2xhc3M9ImFjY29yZGlvbi1jb250ZW50IiBkYXRhLXRhYi1jb250ZW50PSIiPgogICAgICAgICAgICA8cCBjbGFzcz0ibm8tbWFyZ2luLWJvdHRvbSBmb250LWNvbG9yLXdoaXRlIj5Db2R5IMOpIHVtIGZ1bmNpb27DoXJpbyB2aXJ0dWFsIGNvbSB0ZWNub2xvZ2lhIGRlIElBIHF1ZSBwb2RlIGFqdWRhciBzdWEgZW1wcmVzYQogZW0gdsOhcmlhcyB0YXJlZmFzLCBjb21vIHJlc3BvbmRlciBhIHBlcmd1bnRhcywgY29uY2x1aXIgdGFyZWZhcywgaW50ZWdyYXIgbm92YXMgY29udHJhdGHDp8O1ZXMsCiBmb3JuZWNlciBzdXBvcnRlIGUgc29sdcOnw6NvIGRlIHByb2JsZW1hcyBlIHRyYXplciBub3ZhcyBpZGVpYXMgZSBpbnNpZ2h0cy48L3A+CiAgICAgICAgPC9kaXY+CiAgICA8L2xpPgogICAgPGxpIGNsYXNzPSJhY2NvcmRpb24taXRlbSIgZGF0YS1hY2NvcmRpb24taXRlbT0iIj4KICAgICAgICA8YSBocmVmPSIjIiBjbGFzcz0iYWNjb3JkaW9uLXRpdGxlIj4KICAgICAgICAgICAgPHAgY2xhc3M9Im5vLW1hcmdpbi1ib3R0b20gZXh0cmEtYmlnIGZvbnQtY29sb3Itd2hpdGUiPkNvbW8gw6kgcXVlIG8gQ29keSB0cmFiYWxoYT88L3A+CiAgICAgICAgPC9hPgogICAgICAgIDxkaXYgY2xhc3M9ImFjY29yZGlvbi1jb250ZW50IiBkYXRhLXRhYi1jb250ZW50PSIiPgogICAgICAgICAgICA8cCBjbGFzcz0ibm8tbWFyZ2luLWJvdHRvbSBmb250LWNvbG9yLXdoaXRlIj4KIEEgQ29keSBwZXNxdWlzYSB0b2RvcyBvcyBkYWRvcyBhY3VtdWxhZG9zIGRhIHN1YSBlbXByZXNhLCBpbmNsdXNpdmUgYXJ0aWdvcywgUG93ZXJQb2ludHMgZSBQREZzIGRvIHNpdGUKLCBlIHNlbGVjaW9uYSBvcyAxMCBkb2N1bWVudG9zIG1haXMgcmVsZXZhbnRlcyBwYXJhIGNyaWFyIHVtYSByZXNwb3N0YSDDoCBzdWEgcGVyZ3VudGEgZW0gc2VndW5kb3MuPC9wPgogICAgICAgIDwvZGl2PgogICAgPC9saT4KICAgIDxsaSBjbGFzcz0iYWNjb3JkaW9uLWl0ZW0iIGRhdGEtYWNjb3JkaW9uLWl0ZW09IiI+CiAgICAgICAgPGEgaHJlZj0iIyIgY2xhc3M9ImFjY29yZGlvbi10aXRsZSI+CiAgICAgICAgICAgIDxwIGNsYXNzPSJuby1tYXJnaW4tYm90dG9tIGV4dHJhLWJpZyBmb250LWNvbG9yLXdoaXRlIj5Qb3NzbyBjYXJyZWdhciBkb2N1bWVudG9zIHBhcmEgbyBDb2R5PzwvcD4KICAgICAgICA8L2E+CiAgICAgICAgPGRpdiBjbGFzcz0iYWNjb3JkaW9uLWNvbnRlbnQiIGRhdGEtdGFiLWNvbnRlbnQ9IiI+CiAgICAgICAgICAgIDxwIGNsYXNzPSJuby1tYXJnaW4tYm90dG9tIGZvbnQtY29sb3Itd2hpdGUiPlNpbSwgdm9jw6ogcG9kZSBjYXJyZWdhciB2w6FyaW9zIHRpcG9zIGRlIGRvY3VtZW50b3MgcGFyYSBvIENvZHksIGNvbW8KIFdvcmQsIFBvd2VyUG9pbnQgZSBQREZzLCBlIG8gQ29keSBhcHJlbmRlcsOhIGluc3RhbnRhbmVhbWVudGUgdG9kYXMgZXNzYXMgaW5mb3JtYcOnw7VlcyBlIGFzIHVzYXLDoSBwYXJhIGZvcm5lY2VyCiByZXNwb3N0YXMgw6BzIHN1YXMgcGVyZ3VudGFzLjwvcD4KICAgICAgICA8L2Rpdj4KICAgIDwvbGk+CiA8bGkgY2xhc3M9ImFjY29yZGlvbi1pdGVtIiBkYXRhLWFjY29yZGlvbi1pdGVtPSIiPgogICAgICAgIDxhIGhyZWY9IiMiIGNsYXNzPSJhY2NvcmRpb24tdGl0bGUiPgogICAgICAgICAgICA8cCBjbGFzcz0ibm8tbWFyZ2luLWJvdHRvbSBleHRyYS1iaWcgZm9udC1jb2xvci13aGl0ZSI+TyBxdWUgc8OjbyBjcsOpZGl0b3M\/CiAgICAgICAgICAgIDwvcD4KICAgICAgICA8L2E+CiAgICAgICAgPGRpdiBjbGFzcz0iYWNjb3JkaW9uLWNvbnRlbnQiIGRhdGEtdGFiLWNvbnRlbnQ+CiAgICAgICAgICAgIDxwIGNsYXNzPSJuby1tYXJnaW4tYm90dG9tIGZvbnQtY29sb3Itd2hpdGUiPjxwPk9zIGNyw6lkaXRvcyBtZWRlbSBhIHV0aWxpemHDp8Ojby4gUG9yIGV4ZW1wbG86PC9wPgogICAgPHVsPgogICAgICAgIDxsaT5VbWEgY29uc3VsdGEgR1BUIDMuNSB1dGlsaXphIDEgY3LDqWRpdG8uPC9saT4KICAgICAgICA8bGk+VW1hIGNvbnN1bHRhIEdQVCAzLjUgMTZLIHJlcXVlciA1IGNyw6lkaXRvcy48L2xpPgogICAgICAgIDxsaT5VbWEgY29uc3VsdGEgR1BUIDQgY29uc29tZSAxMCBjcsOpZGl0b3MuPC9saT4KICAgIDwvdWw+CiAgICA8cD5Wb2PDqiBwb2RlIGFjb21wYW5oYXIgc2V1IGNvbnN1bW8gZGUgY3LDqWRpdG8gZW0gdGVtcG8gcmVhbCBuYSA8ZW0+Imd1aWEgZGUgdXNvPC9lbT48L3A+CiAgICAgICAgPC9kaXY+CiAgICA8L2xpPgogICAgPGxpIGNsYXNzPSJhY2NvcmRpb24taXRlbSIgZGF0YS1hY2NvcmRpb24taXRlbT0iIj4KICAgICAgICA8YSBocmVmPSIjIiBjbGFzcz0iYWNjb3JkaW9uLXRpdGxlIj4KICAgICAgICAgICAgPHAgY2xhc3M9Im5vLW1hcmdpbi1ib3R0b20gZXh0cmEtYmlnIGZvbnQtY29sb3Itd2hpdGUiPlBvc3NvIGRhciBmb3JtYcOnw6NvIMOgIENvZHkgc29icmUgb3MgbWV1cyBwcm9jZXNzb3MgZW1wcmVzYXJpYWlzIGVzcGVjw61maWNvcz8KICAgICAgICAgICAgPC9wPgogICAgICAgIDwvYT4KICAgICAgICA8ZGl2IGNsYXNzPSJhY2NvcmRpb24tY29udGVudCIgZGF0YS10YWItY29udGVudD0iIj4KICAgICAgICAgICAgPHAgY2xhc3M9Im5vLW1hcmdpbi1ib3R0b20gZm9udC1jb2xvci13aGl0ZSI+U2ltLCB2b2PDqiBwb2RlIHRyZWluYXIgYSBDb2R5IGVtIHNldXMgcHJvY2Vzc29zIGNvbWVyY2lhaXMgZXNwZWPDrWZpY29zLAogY29tbyBkb2N1bWVudGHDp8OjbyBkZSBzdXBvcnRlLCBwZXJtaXRpbmRvIHF1ZSBzdWEgZXF1aXBlIHNvbHVjaW9uZSByYXBpZGFtZW50ZSBxdWFscXVlciBwcm9ibGVtYS48L3A+CiAgICAgICAgPC9kaXY+CiAgICA8L2xpPgoKICAgIDxsaSBjbGFzcz0iYWNjb3JkaW9uLWl0ZW0iIGRhdGEtYWNjb3JkaW9uLWl0ZW09IiI+CiAgICAgICAgPGEgaHJlZj0iIyIgY2xhc3M9ImFjY29yZGlvbi10aXRsZSI+CiAgICAgICAgICAgIDxwIGNsYXNzPSJuby1tYXJnaW4tYm90dG9tIGV4dHJhLWJpZyBmb250LWNvbG9yLXdoaXRlIj5TZXLDoSBDb2R5IHVtIHN1YnN0aXR1dG8gcGFyYSBvcyBlbXByZWdhZG9zIGh1bWFub3M\/PC9wPgogICAgICAgIDwvYT4KICAgICAgICA8ZGl2IGNsYXNzPSJhY2NvcmRpb24tY29udGVudCIgZGF0YS10YWItY29udGVudD0iIj4KICAgICAgICAgICAgPHAgY2xhc3M9Im5vLW1hcmdpbi1ib3R0b20gZm9udC1jb2xvci13aGl0ZSI+TsOjbywgbyBDb2R5IG7Do28gc3Vic3RpdHVpIG9zIGVtcHJlZ2Fkb3MgaHVtYW5vcy4gRW0gdmV6IGRpc3NvLCBlbGUKIGZvaSBwcm9qZXRhZG8gcGFyYSBhdXhpbGlhciBlIGF1bWVudGFyIGEgc3VhIGVxdWlwZSwgcGVybWl0aW5kbyBxdWUgZWxhIHNlIGNvbmNlbnRyZSBlbSB0YXJlZmFzIG1haXMgaW1wb3J0YW50ZXMgZSB0cmFiYWxoZQogY29tIG1haXMgZWZpY2nDqm5jaWEuPC9wPgogICAgICAgIDwvZGl2PgogICAgPC9saT4KCgoKPC91bD4=[\/vc_raw_html][\/vc_column_inner][\/vc_row_inner][vc_empty_space height=&#8221;90px&#8221; el_class=&#8221;show-for-large&#8221;][vc_empty_space height=&#8221;45px&#8221; el_class=&#8221;hide-for-large&#8221;][\/vc_column][\/vc_row][\/vc_section][vc_section el_id=&#8221;pricing-section_3&#8243;][vc_row][vc_column][vc_empty_space height=&#8221;45px&#8221; el_class=&#8221;hide-for-large&#8221;][vc_row_inner el_class=&#8221;row no-padding-vc animated-gradient-bg has-semirounded-border&#8221;][vc_column_inner el_class=&#8221;columns small-12 large-10 large-offset-1&#8243;][vc_empty_space height=&#8221;100px&#8221;][vc_column_text el_class=&#8221;text-center&#8221;]<\/p>\n<h2 class=\"font-color-white margin-bottom-2point5rem h1\">Comece gratuitamente com uma conta pessoal<\/h2>\n<p>Voc\u00ea receber\u00e1 100 cr\u00e9ditos por m\u00eas, 100 documentos e um widget gratuito para seu site.<\/p>\n<p><a class=\"button header-button no-margin-bottom\" style=\"max-width: 320px;\" href=\"https:\/\/getcody.ai\/auth\/signup\" target=\"_blank\" rel=\"noopener\"><span class=\"\">Crie a sua IA personalizada<\/span><\/a>[\/vc_column_text][vc_empty_space height=&#8221;100px&#8221;][\/vc_column_inner][\/vc_row_inner][vc_empty_space height=&#8221;90px&#8221; el_class=&#8221;show-for-large&#8221;][vc_empty_space height=&#8221;45px&#8221; el_class=&#8221;hide-for-large&#8221;][\/vc_column][\/vc_row][\/vc_section]<\/p>\n<\/div>","protected":false},"excerpt":{"rendered":"<p>[vc_section el_id=&#8221;pricing-section_0&#8243;][vc_row][vc_column][vc_empty_space height=&#8221;90px&#8221; el_class=&#8221;show-for-large&#8221;][vc_empty_space height=&#8221;90px&#8221; el_class=&#8221;hide-for-large&#8221;][vc_row_inner el_class=&#8221;row no-padding-vc&#8221;][vc_column_inner el_class=&#8221;columns large-8 large-offset-2&#8243;][vc_column_text el_class=&#8221;text-center&#8221;] Comece a trabalhar gratuitamente Quer esteja a utilizar o Cody para uso pessoal, com uma equipa ou planeie fornec\u00ea-lo aos seus clientes, temos um pacote para si. [\/vc_column_text][\/vc_column_inner][\/vc_row_inner][vc_empty_space height=&#8221;90px&#8221; el_class=&#8221;show-for-large&#8221;][vc_empty_space height=&#8221;45px&#8221; el_class=&#8221;hide-for-large&#8221;][\/vc_column][\/vc_row][\/vc_section][vc_section el_id=&#8221;pricing-section_1&#8243;][vc_row][vc_column][vc_empty_space height=&#8221;45px&#8221; el_class=&#8221;hide-for-large&#8221;][vc_row_inner el_class=&#8221;row no-padding-vc&#8221;][vc_column_inner width=&#8221;1\/3&#8243;][vc_empty_space height=&#8221;24px&#8221; el_class=&#8221;hide-for-large&#8221;][vc_column_text] B\u00e1sico $29\/m\u00eas 2.500<a class=\"excerpt-read-more\" href=\"https:\/\/meetcody.ai\/pt-br\/precos\/\" title=\"ReadPre\u00e7os\">&#8230; Read more &raquo;<\/a><\/p>\n","protected":false},"author":1,"featured_media":0,"parent":0,"menu_order":0,"comment_status":"closed","ping_status":"closed","template":"template-visual-builder.php","meta":{"_acf_changed":false,"inline_featured_image":false,"footnotes":""},"class_list":["post-26086","page","type-page","status-publish","hentry"],"acf":[],"yoast_head":"<!-- This site is optimized with the Yoast SEO Premium plugin v21.8 (Yoast SEO v24.2) - https:\/\/yoast.com\/wordpress\/plugins\/seo\/ -->\n<title>Pre\u00e7os - Cody - The AI Trained on Your Business<\/title>\n<meta name=\"robots\" content=\"index, follow, max-snippet:-1, max-image-preview:large, max-video-preview:-1\" \/>\n<link rel=\"canonical\" href=\"https:\/\/meetcody.ai\/pt-br\/precos\/\" \/>\n<meta property=\"og:locale\" content=\"pt_BR\" \/>\n<meta property=\"og:type\" content=\"article\" \/>\n<meta property=\"og:title\" content=\"Pre\u00e7os\" \/>\n<meta property=\"og:description\" content=\"[vc_section el_id=&#8221;pricing-section_0&#8243;][vc_row][vc_column][vc_empty_space height=&#8221;90px&#8221; el_class=&#8221;show-for-large&#8221;][vc_empty_space height=&#8221;90px&#8221; el_class=&#8221;hide-for-large&#8221;][vc_row_inner el_class=&#8221;row no-padding-vc&#8221;][vc_column_inner el_class=&#8221;columns large-8 large-offset-2&#8243;][vc_column_text el_class=&#8221;text-center&#8221;] Comece a trabalhar gratuitamente Quer esteja a utilizar o Cody para uso pessoal, com uma equipa ou planeie fornec\u00ea-lo aos seus clientes, temos um pacote para si. [\/vc_column_text][\/vc_column_inner][\/vc_row_inner][vc_empty_space height=&#8221;90px&#8221; el_class=&#8221;show-for-large&#8221;][vc_empty_space height=&#8221;45px&#8221; el_class=&#8221;hide-for-large&#8221;][\/vc_column][\/vc_row][\/vc_section][vc_section el_id=&#8221;pricing-section_1&#8243;][vc_row][vc_column][vc_empty_space height=&#8221;45px&#8221; el_class=&#8221;hide-for-large&#8221;][vc_row_inner el_class=&#8221;row no-padding-vc&#8221;][vc_column_inner width=&#8221;1\/3&#8243;][vc_empty_space height=&#8221;24px&#8221; el_class=&#8221;hide-for-large&#8221;][vc_column_text] B\u00e1sico $29\/m\u00eas 2.500... Read more &raquo;\" \/>\n<meta property=\"og:url\" content=\"https:\/\/meetcody.ai\/pt-br\/precos\/\" \/>\n<meta property=\"og:site_name\" content=\"Cody - The AI Trained on Your Business\" \/>\n<meta property=\"article:modified_time\" content=\"2025-11-13T09:06:00+00:00\" \/>\n<meta property=\"og:image\" content=\"https:\/\/meetcody.ai\/wp-content\/uploads\/2023\/02\/grid_0-2.png\" \/>\n\t<meta property=\"og:image:width\" content=\"1536\" \/>\n\t<meta property=\"og:image:height\" content=\"1024\" \/>\n\t<meta property=\"og:image:type\" content=\"image\/png\" \/>\n<meta name=\"twitter:card\" content=\"summary_large_image\" \/>\n<meta name=\"twitter:site\" content=\"@meetcodyai\" \/>\n<meta name=\"twitter:label1\" content=\"Est. reading time\" \/>\n\t<meta name=\"twitter:data1\" content=\"6 minutes\" \/>\n<script type=\"application\/ld+json\" class=\"yoast-schema-graph\">{\"@context\":\"https:\/\/schema.org\",\"@graph\":[{\"@type\":\"WebPage\",\"@id\":\"https:\/\/meetcody.ai\/pt-br\/precos\/\",\"url\":\"https:\/\/meetcody.ai\/pt-br\/precos\/\",\"name\":\"Pre\u00e7os - Cody - The AI Trained on Your Business\",\"isPartOf\":{\"@id\":\"https:\/\/meetcody.ai\/#website\"},\"datePublished\":\"2023-04-20T11:58:54+00:00\",\"dateModified\":\"2025-11-13T09:06:00+00:00\",\"breadcrumb\":{\"@id\":\"https:\/\/meetcody.ai\/pt-br\/precos\/#breadcrumb\"},\"inLanguage\":\"pt-BR\",\"potentialAction\":[{\"@type\":\"ReadAction\",\"target\":[\"https:\/\/meetcody.ai\/pt-br\/precos\/\"]}]},{\"@type\":\"BreadcrumbList\",\"@id\":\"https:\/\/meetcody.ai\/pt-br\/precos\/#breadcrumb\",\"itemListElement\":[{\"@type\":\"ListItem\",\"position\":1,\"name\":\"Home\",\"item\":\"https:\/\/meetcody.ai\/pt-br\/inicio-v2\/\"},{\"@type\":\"ListItem\",\"position\":2,\"name\":\"Pre\u00e7os\"}]},{\"@type\":\"WebSite\",\"@id\":\"https:\/\/meetcody.ai\/#website\",\"url\":\"https:\/\/meetcody.ai\/\",\"name\":\"Cody AI - The AI Trained on Your Business\",\"description\":\"AI Powered Knowledge Base for Employees\",\"publisher\":{\"@id\":\"https:\/\/meetcody.ai\/#organization\"},\"potentialAction\":[{\"@type\":\"SearchAction\",\"target\":{\"@type\":\"EntryPoint\",\"urlTemplate\":\"https:\/\/meetcody.ai\/?s={search_term_string}\"},\"query-input\":{\"@type\":\"PropertyValueSpecification\",\"valueRequired\":true,\"valueName\":\"search_term_string\"}}],\"inLanguage\":\"pt-BR\"},{\"@type\":\"Organization\",\"@id\":\"https:\/\/meetcody.ai\/#organization\",\"name\":\"Cody AI - The AI Trained on Your Business\",\"url\":\"https:\/\/meetcody.ai\/\",\"logo\":{\"@type\":\"ImageObject\",\"inLanguage\":\"pt-BR\",\"@id\":\"https:\/\/meetcody.ai\/#\/schema\/logo\/image\/\",\"url\":\"https:\/\/meetcody.ai\/wp-content\/uploads\/2023\/05\/logo-codyai.svg\",\"contentUrl\":\"https:\/\/meetcody.ai\/wp-content\/uploads\/2023\/05\/logo-codyai.svg\",\"width\":\"1024\",\"height\":\"1024\",\"caption\":\"Cody AI - The AI Trained on Your Business\"},\"image\":{\"@id\":\"https:\/\/meetcody.ai\/#\/schema\/logo\/image\/\"},\"sameAs\":[\"https:\/\/x.com\/meetcodyai\",\"https:\/\/discord.com\/invite\/jXEVDcFxqs\"]}]}<\/script>\n<!-- \/ Yoast SEO Premium plugin. -->","yoast_head_json":{"title":"Pre\u00e7os - Cody - The AI Trained on Your Business","robots":{"index":"index","follow":"follow","max-snippet":"max-snippet:-1","max-image-preview":"max-image-preview:large","max-video-preview":"max-video-preview:-1"},"canonical":"https:\/\/meetcody.ai\/pt-br\/precos\/","og_locale":"pt_BR","og_type":"article","og_title":"Pre\u00e7os","og_description":"[vc_section el_id=&#8221;pricing-section_0&#8243;][vc_row][vc_column][vc_empty_space height=&#8221;90px&#8221; el_class=&#8221;show-for-large&#8221;][vc_empty_space height=&#8221;90px&#8221; el_class=&#8221;hide-for-large&#8221;][vc_row_inner el_class=&#8221;row no-padding-vc&#8221;][vc_column_inner el_class=&#8221;columns large-8 large-offset-2&#8243;][vc_column_text el_class=&#8221;text-center&#8221;] Comece a trabalhar gratuitamente Quer esteja a utilizar o Cody para uso pessoal, com uma equipa ou planeie fornec\u00ea-lo aos seus clientes, temos um pacote para si. [\/vc_column_text][\/vc_column_inner][\/vc_row_inner][vc_empty_space height=&#8221;90px&#8221; el_class=&#8221;show-for-large&#8221;][vc_empty_space height=&#8221;45px&#8221; el_class=&#8221;hide-for-large&#8221;][\/vc_column][\/vc_row][\/vc_section][vc_section el_id=&#8221;pricing-section_1&#8243;][vc_row][vc_column][vc_empty_space height=&#8221;45px&#8221; el_class=&#8221;hide-for-large&#8221;][vc_row_inner el_class=&#8221;row no-padding-vc&#8221;][vc_column_inner width=&#8221;1\/3&#8243;][vc_empty_space height=&#8221;24px&#8221; el_class=&#8221;hide-for-large&#8221;][vc_column_text] B\u00e1sico $29\/m\u00eas 2.500... Read more &raquo;","og_url":"https:\/\/meetcody.ai\/pt-br\/precos\/","og_site_name":"Cody - The AI Trained on Your Business","article_modified_time":"2025-11-13T09:06:00+00:00","og_image":[{"width":1536,"height":1024,"url":"https:\/\/meetcody.ai\/wp-content\/uploads\/2023\/02\/grid_0-2.png","type":"image\/png"}],"twitter_card":"summary_large_image","twitter_site":"@meetcodyai","twitter_misc":{"Est. reading time":"6 minutes"},"schema":{"@context":"https:\/\/schema.org","@graph":[{"@type":"WebPage","@id":"https:\/\/meetcody.ai\/pt-br\/precos\/","url":"https:\/\/meetcody.ai\/pt-br\/precos\/","name":"Pre\u00e7os - Cody - The AI Trained on Your Business","isPartOf":{"@id":"https:\/\/meetcody.ai\/#website"},"datePublished":"2023-04-20T11:58:54+00:00","dateModified":"2025-11-13T09:06:00+00:00","breadcrumb":{"@id":"https:\/\/meetcody.ai\/pt-br\/precos\/#breadcrumb"},"inLanguage":"pt-BR","potentialAction":[{"@type":"ReadAction","target":["https:\/\/meetcody.ai\/pt-br\/precos\/"]}]},{"@type":"BreadcrumbList","@id":"https:\/\/meetcody.ai\/pt-br\/precos\/#breadcrumb","itemListElement":[{"@type":"ListItem","position":1,"name":"Home","item":"https:\/\/meetcody.ai\/pt-br\/inicio-v2\/"},{"@type":"ListItem","position":2,"name":"Pre\u00e7os"}]},{"@type":"WebSite","@id":"https:\/\/meetcody.ai\/#website","url":"https:\/\/meetcody.ai\/","name":"Cody AI - The AI Trained on Your Business","description":"AI Powered Knowledge Base for Employees","publisher":{"@id":"https:\/\/meetcody.ai\/#organization"},"potentialAction":[{"@type":"SearchAction","target":{"@type":"EntryPoint","urlTemplate":"https:\/\/meetcody.ai\/?s={search_term_string}"},"query-input":{"@type":"PropertyValueSpecification","valueRequired":true,"valueName":"search_term_string"}}],"inLanguage":"pt-BR"},{"@type":"Organization","@id":"https:\/\/meetcody.ai\/#organization","name":"Cody AI - The AI Trained on Your Business","url":"https:\/\/meetcody.ai\/","logo":{"@type":"ImageObject","inLanguage":"pt-BR","@id":"https:\/\/meetcody.ai\/#\/schema\/logo\/image\/","url":"https:\/\/meetcody.ai\/wp-content\/uploads\/2023\/05\/logo-codyai.svg","contentUrl":"https:\/\/meetcody.ai\/wp-content\/uploads\/2023\/05\/logo-codyai.svg","width":"1024","height":"1024","caption":"Cody AI - The AI Trained on Your Business"},"image":{"@id":"https:\/\/meetcody.ai\/#\/schema\/logo\/image\/"},"sameAs":["https:\/\/x.com\/meetcodyai","https:\/\/discord.com\/invite\/jXEVDcFxqs"]}]}},"_links":{"self":[{"href":"https:\/\/meetcody.ai\/pt-br\/wp-json\/wp\/v2\/pages\/26086","targetHints":{"allow":["GET"]}}],"collection":[{"href":"https:\/\/meetcody.ai\/pt-br\/wp-json\/wp\/v2\/pages"}],"about":[{"href":"https:\/\/meetcody.ai\/pt-br\/wp-json\/wp\/v2\/types\/page"}],"author":[{"embeddable":true,"href":"https:\/\/meetcody.ai\/pt-br\/wp-json\/wp\/v2\/users\/1"}],"replies":[{"embeddable":true,"href":"https:\/\/meetcody.ai\/pt-br\/wp-json\/wp\/v2\/comments?post=26086"}],"version-history":[{"count":62,"href":"https:\/\/meetcody.ai\/pt-br\/wp-json\/wp\/v2\/pages\/26086\/revisions"}],"predecessor-version":[{"id":62074,"href":"https:\/\/meetcody.ai\/pt-br\/wp-json\/wp\/v2\/pages\/26086\/revisions\/62074"}],"wp:attachment":[{"href":"https:\/\/meetcody.ai\/pt-br\/wp-json\/wp\/v2\/media?parent=26086"}],"curies":[{"name":"wp","href":"https:\/\/api.w.org\/{rel}","templated":true}]}}