{"id":26068,"date":"2023-04-25T08:34:14","date_gmt":"2023-04-25T08:34:14","guid":{"rendered":"https:\/\/meetcody.ai\/solucoes-empresariais-personalizadas-de-ia-para-empresas\/"},"modified":"2024-09-09T13:02:38","modified_gmt":"2024-09-09T13:02:38","slug":"solucoes-empresariais-personalizadas-de-ia-para-empresas","status":"publish","type":"page","link":"https:\/\/meetcody.ai\/pt-br\/solucoes-empresariais-personalizadas-de-ia-para-empresas\/","title":{"rendered":"Solu\u00e7\u00f5es personalizadas de IA para empresas"},"content":{"rendered":"<div class=\"wpb-content-wrapper\"><p>[vc_section el_id=&#8221;enterprise-section_0&#8243;][vc_row][vc_column][vc_empty_space height=&#8221;90px&#8221; el_class=&#8221;show-for-large&#8221;][vc_empty_space height=&#8221;90px&#8221; el_class=&#8221;hide-for-large&#8221;][vc_row_inner el_class=&#8221;row no-padding-vc&#8221;][vc_column_inner el_class=&#8221;columns small-12 large-8 large-offset-2&#8243;][vc_column_text el_class=&#8221;text-center&#8221;]<\/p>\n<h1 class=\"margin-bottom-1point5rem font-color-gradient page-heading\">Solu\u00e7\u00f5es de IA para empresas<\/h1>\n<p class=\"font-color-white no-margin-bottom\">Libere o potencial das tecnologias de IA de ponta para revolucionar suas opera\u00e7\u00f5es comerciais com as solu\u00e7\u00f5es abrangentes de IA empresarial da Cody AI.<br \/>\nImagine aumentar a produtividade de sua for\u00e7a de trabalho por meio de assist\u00eancia com tecnologia de IA para cada tarefa e decis\u00e3o.<br \/>\nNossa plataforma utiliza modelos de linguagem grande (LLMs) de \u00faltima gera\u00e7\u00e3o, como Llama 3.1, Claude 3.5, GPT-4o, Gemini 1.5 e Mixtral-8x7B, para oferecer intelig\u00eancia semelhante \u00e0 humana, independente de plataforma, personaliz\u00e1vel e que prioriza a privacidade dos dados com seguran\u00e7a adicional baseada em fun\u00e7\u00f5es.   Ao tirar partido das tecnologias de IA de ponta de denoising, podemos ajudar a sua empresa a atingir n\u00edveis inigual\u00e1veis de efici\u00eancia e inova\u00e7\u00e3o.<\/p>\n<p>[\/vc_column_text][\/vc_column_inner][\/vc_row_inner][\/vc_column][\/vc_row][\/vc_section][vc_section el_id=&#8221;enterprise-section_1&#8243;][vc_row][vc_column][vc_empty_space height=&#8221;90px&#8221; el_class=&#8221;show-for-large&#8221;][vc_empty_space height=&#8221;45px&#8221; el_class=&#8221;hide-for-large&#8221;][vc_row_inner el_class=&#8221;row no-padding-vc&#8221;][vc_column_inner width=&#8221;1\/3&#8243;][vc_column_text el_class=&#8221;large-text-left text-center&#8221;]<\/p>\n<p class=\"margin-bottom-2rem\"><img loading=\"lazy\" decoding=\"async\" class=\"alignnone size-full wp-image-145\" src=\"\/wp-content\/uploads\/2023\/05\/enterprise-section_1-img_1-updated.svg\" alt=\"\" width=\"99\" height=\"90\"><\/p>\n<p class=\"margin-bottom-2rem extra-big font-color-white\">Efici\u00eancia e produtividade melhoradas<\/p>\n<p class=\"no-margin-bottom font-color-white\">As solu\u00e7\u00f5es da Cody AI aumentam a efici\u00eancia e a produtividade atrav\u00e9s da automatiza\u00e7\u00e3o de tarefas e da racionaliza\u00e7\u00e3o de processos. Nossos modelos de IA analisam dados, geram insights e fornecem recomenda\u00e7\u00f5es, permitindo que sua <a href=\"https:\/\/meetcody.ai\/pt-br\/blog\/melhorar-o-trabalho-em-equipa-utilizando-a-gestao-de-conhecimentos-baseada-em-ia\/\">equipe<\/a> se concentre em iniciativas estrat\u00e9gicas.<\/p>\n<p>[\/vc_column_text][vc_empty_space height=&#8221;24px&#8221; el_class=&#8221;hide-for-large&#8221;][\/vc_column_inner][vc_column_inner width=&#8221;1\/3&#8243;][vc_column_text el_class=&#8221;large-text-left text-center&#8221;]<\/p>\n<p class=\"margin-bottom-2rem\"><img loading=\"lazy\" decoding=\"async\" class=\"alignnone size-full wp-image-145\" src=\"\/wp-content\/uploads\/2023\/05\/enterprise-section_1-img_2-updated.svg\" alt=\"\" width=\"99\" height=\"90\"><\/p>\n<p class=\"margin-bottom-2rem extra-big font-color-white\">Solu\u00e7\u00f5es de IA personalizadas para necessidades empresariais exclusivas<\/p>\n<p class=\"no-margin-bottom font-color-white\">Fornecemos modelos e solu\u00e7\u00f5es de IA personalizados que respondem \u00e0s suas necessidades comerciais espec\u00edficas e se integram perfeitamente nos seus sistemas existentes. A nossa colabora\u00e7\u00e3o garante que as nossas solu\u00e7\u00f5es de IA se adaptam \u00e0 evolu\u00e7\u00e3o do seu panorama empresarial.<\/p>\n<p>[\/vc_column_text][vc_empty_space height=&#8221;24px&#8221; el_class=&#8221;hide-for-large&#8221;][\/vc_column_inner][vc_column_inner width=&#8221;1\/3&#8243;][vc_column_text el_class=&#8221;large-text-left text-center&#8221;]<\/p>\n<p class=\"margin-bottom-2rem\"><img loading=\"lazy\" decoding=\"async\" class=\"alignnone size-full wp-image-145\" src=\"\/wp-content\/uploads\/2023\/05\/home-section_3-icon_1.svg\" alt=\"\" width=\"99\" height=\"90\"><\/p>\n<p class=\"margin-bottom-2rem extra-big font-color-white\">Experi\u00eancia e apoio ao longo de todo o percurso da IA<\/p>\n<p class=\"no-margin-bottom font-color-white\">As nossas solu\u00e7\u00f5es de IA empresarial de ponta a ponta incluem consultoria, desenvolvimento, testes, automatiza\u00e7\u00e3o, implementa\u00e7\u00e3o e dimensionamento. A nossa equipa de especialistas em IA tamb\u00e9m oferece forma\u00e7\u00e3o e implementa\u00e7\u00e3o de melhores pr\u00e1ticas para ajudar a sua equipa a utilizar eficazmente as tecnologias de IA e a manter-se competitiva.<\/p>\n<p>[\/vc_column_text][\/vc_column_inner][\/vc_row_inner][vc_empty_space height=&#8221;90px&#8221; el_class=&#8221;show-for-large&#8221;][vc_empty_space height=&#8221;45px&#8221; el_class=&#8221;hide-for-large&#8221;][\/vc_column][\/vc_row][\/vc_section][vc_section el_id=&#8221;enterprise-section_2&#8243; css=&#8221;.vc_custom_1684793633129{background-image: url(https:\/\/meetcody.ai\/wp-content\/uploads\/2023\/05\/home-section_1-bg.png?id=261) !important;background-position: center !important;background-repeat: no-repeat !important;background-size: cover !important;}&#8221;][vc_row][vc_column][vc_empty_space height=&#8221;90px&#8221; el_class=&#8221;show-for-large&#8221;][vc_empty_space height=&#8221;45px&#8221; el_class=&#8221;hide-for-large&#8221;][vc_row_inner el_class=&#8221;row no-padding-vc bg-color-grayscale extra-padding-left-for-large extra-padding-right-for-large has-semirounded-border&#8221;][vc_column_inner][vc_empty_space height=&#8221;90px&#8221; el_class=&#8221;show-for-large&#8221;][vc_empty_space height=&#8221;45px&#8221; el_class=&#8221;hide-for-large&#8221;][vc_raw_html]PGRpdiBjbGFzcz0icm93Ij4KICAgIDxkaXYgY2xhc3M9ImNvbHVtbnMgc21hbGwtMTIgdGV4dC1jZW50ZXIiPgogICAgICAgIDxoMSBjbGFzcz0iZm9udC1jb2xvci13aGl0ZSBtYXJnaW4tYm90dG9tLTJyZW0iPlBvcnF1w6ogZXNjb2xoZXIgYSBDb2R5IEFJIHBhcmEgc29sdcOnw7VlcyBkZSBJQSBwYXJhIGVtcHJlc2FzPC9oMT4KICAgICAgICA8cCBjbGFzcz0iZm9udC1jb2xvci13aGl0ZSBuby1tYXJnaW4tYm90dG9tIHJlbW92ZS1iciI+Tm9zc2EgZXF1aXBlIGRlIGVzcGVjaWFsaXN0YXMgZW0gSUEgZGEgQ29keSBBSSB0ZW0gYW1wbGEgZXhwZXJpw6puY2lhIGRlIHRyYWJhbGhvIGNvbSBtYWlzIGRlIDEuMDAwIGVtcHJlc2FzIGUgcG9kZTxicj4gYWp1ZGFyIGEgc3VhIGVtcHJlc2EgYSBhcHJvdmVpdGFyIG8gcG9kZXIgZGFzIHRlY25vbG9naWFzIGF2YW7Dp2FkYXMgZGUgSUEuIE7Ds3Mgb2ZlcmVjZW1vczo8L3A+CiAgICAgICAgPGRpdiBjbGFzcz0ic2hvdy1mb3ItbGFyZ2UiIHN0eWxlPSJoZWlnaHQ6IDkwcHgiPjwvZGl2PgogICAgICAgIDxkaXYgY2xhc3M9ImhpZGUtZm9yLWxhcmdlIiBzdHlsZT0iaGVpZ2h0OiA0NXB4Ij48L2Rpdj4KICAgIDwvZGl2Pgo8L2Rpdj4KPGRpdiBjbGFzcz0icm93Ij4KICAgIDxkaXYgY2xhc3M9ImNvbHVtbnMgc21hbGwtMTIgbWVkaXVtLTYgbGFyZ2UtNiBsYXJnZS10ZXh0LWxlZnQgdGV4dC1jZW50ZXIiPgogICAgICAgIDxwIGNsYXNzPSJtYXJnaW4tYm90dG9tLTFwb2ludDVyZW0gZXh0cmEtYmlnIGZvbnQtY29sb3Itd2hpdGUgZm9udC13ZWlnaHQtYm9sZCI+RXN0cmF0w6lnaWFzIGRlIGltcGxlbWVudGHDp8OjbyBjb21wcm92YWRhcyAgPC9wPgogICAgICAgIDxwIGNsYXNzPSJmb250LWNvbG9yLXdoaXRlIG1hcmdpbi1ib3R0b20tMnBvaW50NXJlbSI+UG9kZW1vcyBhanVkYXIgdm9jw6ogYSBpbnRlZ3JhciBtb2RlbG9zIGRlIElBIGVtIHN1YXMgZmVycmFtZW50YXMgZSBwcm9jZXNzb3MgZXhpc3RlbnRlcyBwYXJhIG1lbGhvcmFyIGEgcHJvZHV0aXZpZGFkZSBlIGEgY29sYWJvcmHDp8OjbyBjb20gYSBzZWd1cmFuw6dhIGVtIHByaW1laXJvIHBsYW5vLjwvcD4KICAgICAgICA8ZGl2IGNsYXNzPSIiIHN0eWxlPSJoZWlnaHQ6IDQ1cHgiPjwvZGl2PgogICAgPC9kaXY+CiAgICA8ZGl2IGNsYXNzPSJjb2x1bW5zIHNtYWxsLTEyIG1lZGl1bS02IGxhcmdlLTYgbGFyZ2UtdGV4dC1sZWZ0IHRleHQtY2VudGVyIj4KICAgICAgICA8cCBjbGFzcz0ibWFyZ2luLWJvdHRvbS0xcG9pbnQ1cmVtIGV4dHJhLWJpZyBmb250LWNvbG9yLXdoaXRlIGZvbnQtd2VpZ2h0LWJvbGQiPlBpcGVsaW5lcyBkZSBkYWRvcyBzZWd1cm9zIGVzcGVjaWFsaXphZG9zICA8L3A+CiAgICAgICAgPHAgY2xhc3M9ImZvbnQtY29sb3Itd2hpdGUgbWFyZ2luLWJvdHRvbS0ycG9pbnQ1cmVtIj5Ob3NzYSBlcXVpcGUgcG9kZSBjcmlhciBtb2RlbG9zIGRlIElBIHBlcnNvbmFsaXphZG9zIGNvbSBiYXNlIG5vIGRvbcOtbmlvIGUgbm9zIHJlcXVpc2l0b3MgZG8gc2V1IG5lZ8OzY2lvLCBzZWphIGVzdGVuZGVuZG8gb3MgbW9kZWxvcyBkYSBPcGVuQUkgb3UgdXNhbmRvIG1vZGVsb3MgZGUgY8OzZGlnbyBhYmVydG8gcHLDqS10cmVpbmFkb3MuPC9wPgogICAgICAgIDxkaXYgY2xhc3M9IiIgc3R5bGU9ImhlaWdodDogNDVweCI+PC9kaXY+CiAgICA8L2Rpdj4KICAgIDxkaXYgY2xhc3M9ImNvbHVtbnMgc21hbGwtMTIgbWVkaXVtLTYgbGFyZ2UtNiBsYXJnZS10ZXh0LWxlZnQgdGV4dC1jZW50ZXIiPgogICAgICAgIDxwIGNsYXNzPSJtYXJnaW4tYm90dG9tLTFwb2ludDVyZW0gZXh0cmEtYmlnIGZvbnQtY29sb3Itd2hpdGUgZm9udC13ZWlnaHQtYm9sZCI+Q3VzdG8tYmVuZWbDrWNpbyBlbSBlc2NhbGE8L3A+CiAgICAgICAgPHAgY2xhc3M9ImZvbnQtY29sb3Itd2hpdGUgbWFyZ2luLWJvdHRvbS0ycG9pbnQ1cmVtIj5Qb2RlbW9zIGFqdWRhciB2b2PDqiBhIHJlZHV6aXIgb3MgY3VzdG9zIGFzc29jaWFkb3MgYW8gdXNvIGRlIG1vZGVsb3MgZGUgSUEsIGltcGxlbWVudGFuZG8gbyBtb2RlbG8gY2VydG8gcGFyYSBvIHRyYWJhbGhvIGUgb3RpbWl6YW5kby1vIHBhcmEgdGFyZWZhcyBpbmRpdmlkdWFpcy48L3A+CiAgICAgICAgPGRpdiBjbGFzcz0iIiBzdHlsZT0iaGVpZ2h0OiA0NXB4Ij48L2Rpdj4KICAgIDwvZGl2PgogICAgPGRpdiBjbGFzcz0iY29sdW1ucyBzbWFsbC0xMiBtZWRpdW0tNiBsYXJnZS02IGxhcmdlLXRleHQtbGVmdCB0ZXh0LWNlbnRlciI+CiAgICAgICAgPHAgY2xhc3M9Im1hcmdpbi1ib3R0b20tMXBvaW50NXJlbSBleHRyYS1iaWcgZm9udC1jb2xvci13aGl0ZSBmb250LXdlaWdodC1ib2xkIj5Tb2x1w6fDtWVzIGRlIElBIGRlIHBvbnRhIGEgcG9udGE8L3A+CiAgICAgICAgPHAgY2xhc3M9ImZvbnQtY29sb3Itd2hpdGUgbWFyZ2luLWJvdHRvbS0ycG9pbnQ1cmVtIj5Gb3JuZWNlbW9zIHVtYSBnYW1hIGNvbXBsZXRhIGRlIHNvbHXDp8O1ZXMgZW1wcmVzYXJpYWlzIGRlIElBLCBkZXNkZSBhIGNvbnN1bHRvcmlhIGluaWNpYWwgYXTDqSBvIGRlc2Vudm9sdmltZW50bywgb3MgdGVzdGVzLCBhIGF1dG9tYcOnw6NvLCBhIGltcGxlbWVudGHDp8OjbyBlIG8gZGltZW5zaW9uYW1lbnRvIGVtIHVtIGFtYmllbnRlIGxvY2FsLCBtdWx0aW51dmVtIG91IGjDrWJyaWRvLjwvcD4KICAgICAgICA8ZGl2IGNsYXNzPSIiIHN0eWxlPSJoZWlnaHQ6IDQ1cHgiPjwvZGl2PgogICAgPC9kaXY+CjwvZGl2Pg==[\/vc_raw_html][\/vc_column_inner][\/vc_row_inner][vc_empty_space height=&#8221;90px&#8221; el_class=&#8221;show-for-large&#8221;][vc_empty_space height=&#8221;45px&#8221; el_class=&#8221;hide-for-large&#8221;][\/vc_column][\/vc_row][\/vc_section][vc_section el_id=&#8221;enterprise-section_3&#8243;][vc_row][vc_column][vc_empty_space height=&#8221;90px&#8221; el_class=&#8221;show-for-large&#8221;][vc_empty_space height=&#8221;45px&#8221; el_class=&#8221;hide-for-large&#8221;][vc_row_inner el_class=&#8221;row no-padding-vc&#8221;][vc_column_inner el_class=&#8221;columns small-12 large-10 large-offset-1&#8243;][vc_column_text el_class=&#8221;text-center&#8221;]<\/p>\n<h1 class=\"font-color-white margin-bottom-2point5rem\">Embarque na sua viagem de transforma\u00e7\u00e3o da IA<\/h1>\n<p class=\"font-color-white no-margin-bottom remove-br\">Entre em contato conosco hoje mesmo para saber mais sobre nossas solu\u00e7\u00f5es de IA para empresas na Cody AI e descubra como podemos ajudar sua empresa a prosperar na era da IA.<\/p>\n<p>[\/vc_column_text][\/vc_column_inner][\/vc_row_inner][vc_empty_space height=&#8221;90px&#8221; el_class=&#8221;show-for-large&#8221;][vc_empty_space height=&#8221;45px&#8221; el_class=&#8221;hide-for-large&#8221;][vc_row_inner el_class=&#8221;row no-padding-vc&#8221;][vc_column_inner][vc_column_text el_class=&#8221;text-center&#8221;]\n<div class=\"wpcf7 no-js\" id=\"wpcf7-f192-o1\" lang=\"en-US\" dir=\"ltr\">\n<div class=\"screen-reader-response\"><p role=\"status\" aria-live=\"polite\" aria-atomic=\"true\"><\/p> <ul><\/ul><\/div>\n<form action=\"\/pt-br\/wp-json\/wp\/v2\/pages\/26068#wpcf7-f192-o1\" method=\"post\" class=\"wpcf7-form init\" aria-label=\"Contact form\" novalidate=\"novalidate\" data-status=\"init\">\n<div style=\"display: none;\">\n<input type=\"hidden\" name=\"_wpcf7\" value=\"192\" \/>\n<input type=\"hidden\" name=\"_wpcf7_version\" value=\"5.9.6\" \/>\n<input type=\"hidden\" name=\"_wpcf7_locale\" value=\"en_US\" \/>\n<input type=\"hidden\" name=\"_wpcf7_unit_tag\" value=\"wpcf7-f192-o1\" \/>\n<input type=\"hidden\" name=\"_wpcf7_container_post\" value=\"0\" \/>\n<input type=\"hidden\" name=\"_wpcf7_posted_data_hash\" value=\"\" \/>\n<\/div>\n<div class=\"row\">\n\t<div class=\"columns small-12 xlarge-6\">\n\t\t<p><span class=\"wpcf7-form-control-wrap\" data-name=\"full-name\"><input size=\"40\" maxlength=\"80\" class=\"wpcf7-form-control wpcf7-text wpcf7-validates-as-required\" aria-required=\"true\" aria-invalid=\"false\" placeholder=\"Full Name*\" value=\"\" type=\"text\" name=\"full-name\" \/><\/span>\n\t\t<\/p>\n\t<\/div>\n\t<div class=\"columns small-12 xlarge-6\">\n\t\t<p><span class=\"wpcf7-form-control-wrap\" data-name=\"email\"><input size=\"40\" maxlength=\"80\" class=\"wpcf7-form-control wpcf7-email wpcf7-validates-as-required wpcf7-text wpcf7-validates-as-email\" aria-required=\"true\" aria-invalid=\"false\" placeholder=\"Email*\" value=\"\" type=\"email\" name=\"email\" \/><\/span>\n\t\t<\/p>\n\t<\/div>\n<\/div>\n<div class=\"row\">\n\t<div class=\"columns small-12 xlarge-6\">\n\t\t<p><span class=\"wpcf7-form-control-wrap\" data-name=\"company-name\"><input size=\"40\" maxlength=\"80\" class=\"wpcf7-form-control wpcf7-text wpcf7-validates-as-required\" aria-required=\"true\" aria-invalid=\"false\" placeholder=\"Company Name\" value=\"\" type=\"text\" name=\"company-name\" \/><\/span>\n\t\t<\/p>\n\t<\/div>\n\t<div class=\"columns small-12 xlarge-6\">\n\t\t<p><span class=\"wpcf7-form-control-wrap\" data-name=\"mobile-phone\"><input size=\"40\" maxlength=\"80\" class=\"wpcf7-form-control wpcf7-text wpcf7-validates-as-required codesm-phone-field\" aria-required=\"true\" aria-invalid=\"false\" placeholder=\"Phone*\" value=\"\" type=\"text\" name=\"mobile-phone\" \/><\/span>\n\t\t<\/p>\n\t<\/div>\n<\/div>\n<div class=\"row\">\n\t<div class=\"columns small-12 xlarge-6\">\n\t\t<p><span class=\"wpcf7-form-control-wrap\" data-name=\"team-size\"><input size=\"40\" maxlength=\"80\" class=\"wpcf7-form-control wpcf7-text wpcf7-validates-as-required\" aria-required=\"true\" aria-invalid=\"false\" placeholder=\"Team Size\" value=\"\" type=\"text\" name=\"team-size\" \/><\/span>\n\t\t<\/p>\n\t<\/div>\n\t<div class=\"columns small-12 xlarge-6\">\n\t\t<p><span class=\"wpcf7-form-control-wrap\" data-name=\"website\"><input size=\"40\" maxlength=\"80\" class=\"wpcf7-form-control wpcf7-text wpcf7-validates-as-required\" aria-required=\"true\" aria-invalid=\"false\" placeholder=\"Website\" value=\"\" type=\"text\" name=\"website\" \/><\/span>\n\t\t<\/p>\n\t<\/div>\n<\/div>\n<div class=\"row\">\n\t<div class=\"columns small-12 xlarge-12\">\n\t\t<p><span class=\"wpcf7-form-control-wrap\" data-name=\"message\"><textarea cols=\"40\" rows=\"4\" maxlength=\"400\" class=\"wpcf7-form-control wpcf7-textarea\" aria-invalid=\"false\" placeholder=\"Tell us about your use case...\" name=\"message\"><\/textarea><\/span>\n\t\t<\/p>\n\t<\/div>\n<\/div>\n<div class=\"show-for-large\" style=\"height: 60px\">\n<\/div>\n<div class=\"hide-for-large\" style=\"height: 30px\">\n<\/div>\n<div class=\"row\">\n\t<div class=\"columns small-12 xlarge-12 text-center\">\n\t\t<p><span id=\"wpcf7-69de26aba52a9-wrapper\" class=\"wpcf7-form-control-wrap email-confirm-wrap\" style=\"display:none !important; visibility:hidden !important;\"><label for=\"wpcf7-69de26aba52a9-field\" class=\"hp-message\">Please leave this field empty.<\/label><input id=\"wpcf7-69de26aba52a9-field\"  class=\"wpcf7-form-control wpcf7-text\" type=\"text\" name=\"email-confirm\" value=\"\" size=\"40\" tabindex=\"-1\" autocomplete=\"new-password\" \/><\/span><button type=\"submit\" class=\"button no-margin-bottom\"><span>Submit<\/span><\/button>\n\t\t<\/p>\n\t<\/div>\n<\/div><div class=\"wpcf7-response-output\" aria-hidden=\"true\"><\/div>\n<\/form>\n<\/div>\n[\/vc_column_text][\/vc_column_inner][\/vc_row_inner][vc_empty_space height=&#8221;90px&#8221; el_class=&#8221;show-for-large&#8221;][vc_empty_space height=&#8221;45px&#8221; el_class=&#8221;hide-for-large&#8221;][\/vc_column][\/vc_row][\/vc_section]<\/p>\n<\/div>","protected":false},"excerpt":{"rendered":"<p>[vc_section el_id=&#8221;enterprise-section_0&#8243;][vc_row][vc_column][vc_empty_space height=&#8221;90px&#8221; el_class=&#8221;show-for-large&#8221;][vc_empty_space height=&#8221;90px&#8221; el_class=&#8221;hide-for-large&#8221;][vc_row_inner el_class=&#8221;row no-padding-vc&#8221;][vc_column_inner el_class=&#8221;columns small-12 large-8 large-offset-2&#8243;][vc_column_text el_class=&#8221;text-center&#8221;] Solu\u00e7\u00f5es de IA para empresas Libere o potencial das tecnologias de IA de ponta para revolucionar suas opera\u00e7\u00f5es comerciais com as solu\u00e7\u00f5es abrangentes de IA empresarial da Cody AI. Imagine aumentar a produtividade de sua for\u00e7a de trabalho por meio de assist\u00eancia<a class=\"excerpt-read-more\" href=\"https:\/\/meetcody.ai\/pt-br\/solucoes-empresariais-personalizadas-de-ia-para-empresas\/\" title=\"ReadSolu\u00e7\u00f5es personalizadas de IA para empresas\">&#8230; Read more &raquo;<\/a><\/p>\n","protected":false},"author":1,"featured_media":0,"parent":0,"menu_order":0,"comment_status":"closed","ping_status":"closed","template":"template-visual-builder.php","meta":{"_acf_changed":false,"inline_featured_image":false,"footnotes":""},"class_list":["post-26068","page","type-page","status-publish","hentry"],"acf":[],"yoast_head":"<!-- This site is optimized with the Yoast SEO Premium plugin v21.8 (Yoast SEO v24.2) - https:\/\/yoast.com\/wordpress\/plugins\/seo\/ -->\n<title>Solu\u00e7\u00f5es personalizadas de IA para empresas<\/title>\n<meta name=\"description\" content=\"Desbloqueie o potencial das tecnologias avan\u00e7adas de IA para transformar o seu neg\u00f3cio com as nossas solu\u00e7\u00f5es abrangentes de IA empresarial na Cody AI.\" \/>\n<meta name=\"robots\" content=\"index, follow, max-snippet:-1, max-image-preview:large, max-video-preview:-1\" \/>\n<link rel=\"canonical\" href=\"https:\/\/meetcody.ai\/pt-br\/solucoes-empresariais-personalizadas-de-ia-para-empresas\/\" \/>\n<meta property=\"og:locale\" content=\"pt_BR\" \/>\n<meta property=\"og:type\" content=\"article\" \/>\n<meta property=\"og:title\" content=\"Solu\u00e7\u00f5es personalizadas de IA para empresas\" \/>\n<meta property=\"og:description\" content=\"Desbloqueie o potencial das tecnologias avan\u00e7adas de IA para transformar o seu neg\u00f3cio com as nossas solu\u00e7\u00f5es abrangentes de IA empresarial na Cody AI.\" \/>\n<meta property=\"og:url\" content=\"https:\/\/meetcody.ai\/pt-br\/solucoes-empresariais-personalizadas-de-ia-para-empresas\/\" \/>\n<meta property=\"og:site_name\" content=\"Cody - The AI Trained on Your Business\" \/>\n<meta property=\"article:modified_time\" content=\"2024-09-09T13:02:38+00:00\" \/>\n<meta property=\"og:image\" content=\"https:\/\/meetcody.ai\/wp-content\/uploads\/2023\/02\/grid_0-2.png\" \/>\n\t<meta property=\"og:image:width\" content=\"1536\" \/>\n\t<meta property=\"og:image:height\" content=\"1024\" \/>\n\t<meta property=\"og:image:type\" content=\"image\/png\" \/>\n<meta name=\"twitter:card\" content=\"summary_large_image\" \/>\n<meta name=\"twitter:site\" content=\"@meetcodyai\" \/>\n<meta name=\"twitter:label1\" content=\"Est. reading time\" \/>\n\t<meta name=\"twitter:data1\" content=\"6 minutes\" \/>\n<script type=\"application\/ld+json\" class=\"yoast-schema-graph\">{\"@context\":\"https:\/\/schema.org\",\"@graph\":[{\"@type\":\"WebPage\",\"@id\":\"https:\/\/meetcody.ai\/pt-br\/solucoes-empresariais-personalizadas-de-ia-para-empresas\/\",\"url\":\"https:\/\/meetcody.ai\/pt-br\/solucoes-empresariais-personalizadas-de-ia-para-empresas\/\",\"name\":\"Solu\u00e7\u00f5es personalizadas de IA para empresas\",\"isPartOf\":{\"@id\":\"https:\/\/meetcody.ai\/#website\"},\"datePublished\":\"2023-04-25T08:34:14+00:00\",\"dateModified\":\"2024-09-09T13:02:38+00:00\",\"description\":\"Desbloqueie o potencial das tecnologias avan\u00e7adas de IA para transformar o seu neg\u00f3cio com as nossas solu\u00e7\u00f5es abrangentes de IA empresarial na Cody AI.\",\"breadcrumb\":{\"@id\":\"https:\/\/meetcody.ai\/pt-br\/solucoes-empresariais-personalizadas-de-ia-para-empresas\/#breadcrumb\"},\"inLanguage\":\"pt-BR\",\"potentialAction\":[{\"@type\":\"ReadAction\",\"target\":[\"https:\/\/meetcody.ai\/pt-br\/solucoes-empresariais-personalizadas-de-ia-para-empresas\/\"]}]},{\"@type\":\"BreadcrumbList\",\"@id\":\"https:\/\/meetcody.ai\/pt-br\/solucoes-empresariais-personalizadas-de-ia-para-empresas\/#breadcrumb\",\"itemListElement\":[{\"@type\":\"ListItem\",\"position\":1,\"name\":\"Home\",\"item\":\"https:\/\/meetcody.ai\/pt-br\/inicio-v2\/\"},{\"@type\":\"ListItem\",\"position\":2,\"name\":\"Solu\u00e7\u00f5es personalizadas de IA para empresas\"}]},{\"@type\":\"WebSite\",\"@id\":\"https:\/\/meetcody.ai\/#website\",\"url\":\"https:\/\/meetcody.ai\/\",\"name\":\"Cody AI - The AI Trained on Your Business\",\"description\":\"AI Powered Knowledge Base for Employees\",\"publisher\":{\"@id\":\"https:\/\/meetcody.ai\/#organization\"},\"potentialAction\":[{\"@type\":\"SearchAction\",\"target\":{\"@type\":\"EntryPoint\",\"urlTemplate\":\"https:\/\/meetcody.ai\/?s={search_term_string}\"},\"query-input\":{\"@type\":\"PropertyValueSpecification\",\"valueRequired\":true,\"valueName\":\"search_term_string\"}}],\"inLanguage\":\"pt-BR\"},{\"@type\":\"Organization\",\"@id\":\"https:\/\/meetcody.ai\/#organization\",\"name\":\"Cody AI - The AI Trained on Your Business\",\"url\":\"https:\/\/meetcody.ai\/\",\"logo\":{\"@type\":\"ImageObject\",\"inLanguage\":\"pt-BR\",\"@id\":\"https:\/\/meetcody.ai\/#\/schema\/logo\/image\/\",\"url\":\"https:\/\/meetcody.ai\/wp-content\/uploads\/2023\/05\/logo-codyai.svg\",\"contentUrl\":\"https:\/\/meetcody.ai\/wp-content\/uploads\/2023\/05\/logo-codyai.svg\",\"width\":\"1024\",\"height\":\"1024\",\"caption\":\"Cody AI - The AI Trained on Your Business\"},\"image\":{\"@id\":\"https:\/\/meetcody.ai\/#\/schema\/logo\/image\/\"},\"sameAs\":[\"https:\/\/x.com\/meetcodyai\",\"https:\/\/discord.com\/invite\/jXEVDcFxqs\"]}]}<\/script>\n<!-- \/ Yoast SEO Premium plugin. -->","yoast_head_json":{"title":"Solu\u00e7\u00f5es personalizadas de IA para empresas","description":"Desbloqueie o potencial das tecnologias avan\u00e7adas de IA para transformar o seu neg\u00f3cio com as nossas solu\u00e7\u00f5es abrangentes de IA empresarial na Cody AI.","robots":{"index":"index","follow":"follow","max-snippet":"max-snippet:-1","max-image-preview":"max-image-preview:large","max-video-preview":"max-video-preview:-1"},"canonical":"https:\/\/meetcody.ai\/pt-br\/solucoes-empresariais-personalizadas-de-ia-para-empresas\/","og_locale":"pt_BR","og_type":"article","og_title":"Solu\u00e7\u00f5es personalizadas de IA para empresas","og_description":"Desbloqueie o potencial das tecnologias avan\u00e7adas de IA para transformar o seu neg\u00f3cio com as nossas solu\u00e7\u00f5es abrangentes de IA empresarial na Cody AI.","og_url":"https:\/\/meetcody.ai\/pt-br\/solucoes-empresariais-personalizadas-de-ia-para-empresas\/","og_site_name":"Cody - The AI Trained on Your Business","article_modified_time":"2024-09-09T13:02:38+00:00","og_image":[{"width":1536,"height":1024,"url":"https:\/\/meetcody.ai\/wp-content\/uploads\/2023\/02\/grid_0-2.png","type":"image\/png"}],"twitter_card":"summary_large_image","twitter_site":"@meetcodyai","twitter_misc":{"Est. reading time":"6 minutes"},"schema":{"@context":"https:\/\/schema.org","@graph":[{"@type":"WebPage","@id":"https:\/\/meetcody.ai\/pt-br\/solucoes-empresariais-personalizadas-de-ia-para-empresas\/","url":"https:\/\/meetcody.ai\/pt-br\/solucoes-empresariais-personalizadas-de-ia-para-empresas\/","name":"Solu\u00e7\u00f5es personalizadas de IA para empresas","isPartOf":{"@id":"https:\/\/meetcody.ai\/#website"},"datePublished":"2023-04-25T08:34:14+00:00","dateModified":"2024-09-09T13:02:38+00:00","description":"Desbloqueie o potencial das tecnologias avan\u00e7adas de IA para transformar o seu neg\u00f3cio com as nossas solu\u00e7\u00f5es abrangentes de IA empresarial na Cody AI.","breadcrumb":{"@id":"https:\/\/meetcody.ai\/pt-br\/solucoes-empresariais-personalizadas-de-ia-para-empresas\/#breadcrumb"},"inLanguage":"pt-BR","potentialAction":[{"@type":"ReadAction","target":["https:\/\/meetcody.ai\/pt-br\/solucoes-empresariais-personalizadas-de-ia-para-empresas\/"]}]},{"@type":"BreadcrumbList","@id":"https:\/\/meetcody.ai\/pt-br\/solucoes-empresariais-personalizadas-de-ia-para-empresas\/#breadcrumb","itemListElement":[{"@type":"ListItem","position":1,"name":"Home","item":"https:\/\/meetcody.ai\/pt-br\/inicio-v2\/"},{"@type":"ListItem","position":2,"name":"Solu\u00e7\u00f5es personalizadas de IA para empresas"}]},{"@type":"WebSite","@id":"https:\/\/meetcody.ai\/#website","url":"https:\/\/meetcody.ai\/","name":"Cody AI - The AI Trained on Your Business","description":"AI Powered Knowledge Base for Employees","publisher":{"@id":"https:\/\/meetcody.ai\/#organization"},"potentialAction":[{"@type":"SearchAction","target":{"@type":"EntryPoint","urlTemplate":"https:\/\/meetcody.ai\/?s={search_term_string}"},"query-input":{"@type":"PropertyValueSpecification","valueRequired":true,"valueName":"search_term_string"}}],"inLanguage":"pt-BR"},{"@type":"Organization","@id":"https:\/\/meetcody.ai\/#organization","name":"Cody AI - The AI Trained on Your Business","url":"https:\/\/meetcody.ai\/","logo":{"@type":"ImageObject","inLanguage":"pt-BR","@id":"https:\/\/meetcody.ai\/#\/schema\/logo\/image\/","url":"https:\/\/meetcody.ai\/wp-content\/uploads\/2023\/05\/logo-codyai.svg","contentUrl":"https:\/\/meetcody.ai\/wp-content\/uploads\/2023\/05\/logo-codyai.svg","width":"1024","height":"1024","caption":"Cody AI - The AI Trained on Your Business"},"image":{"@id":"https:\/\/meetcody.ai\/#\/schema\/logo\/image\/"},"sameAs":["https:\/\/x.com\/meetcodyai","https:\/\/discord.com\/invite\/jXEVDcFxqs"]}]}},"_links":{"self":[{"href":"https:\/\/meetcody.ai\/pt-br\/wp-json\/wp\/v2\/pages\/26068","targetHints":{"allow":["GET"]}}],"collection":[{"href":"https:\/\/meetcody.ai\/pt-br\/wp-json\/wp\/v2\/pages"}],"about":[{"href":"https:\/\/meetcody.ai\/pt-br\/wp-json\/wp\/v2\/types\/page"}],"author":[{"embeddable":true,"href":"https:\/\/meetcody.ai\/pt-br\/wp-json\/wp\/v2\/users\/1"}],"replies":[{"embeddable":true,"href":"https:\/\/meetcody.ai\/pt-br\/wp-json\/wp\/v2\/comments?post=26068"}],"version-history":[{"count":50,"href":"https:\/\/meetcody.ai\/pt-br\/wp-json\/wp\/v2\/pages\/26068\/revisions"}],"predecessor-version":[{"id":49484,"href":"https:\/\/meetcody.ai\/pt-br\/wp-json\/wp\/v2\/pages\/26068\/revisions\/49484"}],"wp:attachment":[{"href":"https:\/\/meetcody.ai\/pt-br\/wp-json\/wp\/v2\/media?parent=26068"}],"curies":[{"name":"wp","href":"https:\/\/api.w.org\/{rel}","templated":true}]}}