{"id":50243,"date":"2024-10-04T00:14:54","date_gmt":"2024-10-04T00:14:54","guid":{"rendered":"https:\/\/meetcody.ai\/dokumentacja\/"},"modified":"2024-10-04T00:16:15","modified_gmt":"2024-10-04T00:16:15","slug":"dokumentacja","status":"publish","type":"page","link":"https:\/\/meetcody.ai\/pl\/dokumentacja\/","title":{"rendered":"Dokumentacja"},"content":{"rendered":"<h4><strong>1. Pierwsze kroki<\/strong><\/h4>\n<p>  Je\u015bli dopiero zaczynasz korzysta\u0107 z CODY, zapoznaj si\u0119 z <a href=\"https:\/\/intercom.help\/cody\/en\/\" target=\"_new\" rel=\"noopener\">Przewodnikiem dla pocz\u0105tkuj\u0105cych<\/a>, aby dowiedzie\u0107 si\u0119, jak za\u0142o\u017cy\u0107 konto, skonfigurowa\u0107 obszar roboczy i porusza\u0107 si\u0119 po platformie.  <\/p>\n<h4><strong>2. Dokumentacja deweloperska<\/strong><\/h4>\n<p>  Uzyskaj dost\u0119p do dokumentacji API CODY, aby zintegrowa\u0107 CODY ze swoimi systemami, aplikacjami i przep\u0142ywami pracy.  <\/p>\n<ul>\n<li><a href=\"https:\/\/developers.meetcody.ai\/\" target=\"_new\" rel=\"noopener\">Przewodnik API<\/a><\/li>\n<\/ul>\n<h4><strong>3. Zgodno\u015b\u0107 z przepisami i prawo<\/strong><\/h4>\n<p>  Zapoznaj si\u0119 z dokumentacj\u0105 zgodno\u015bci i umowami prawnymi firmy CODY, w tym list\u0105 podwykonawc\u00f3w przetwarzania i politykami zwi\u0105zanymi z prywatno\u015bci\u0105 i ochron\u0105 danych.  <\/p>\n<ul>\n<li><a href=\"https:\/\/meetcody.ai\/terms-conditions\/\" target=\"_new\" rel=\"noopener\">Regulamin<\/a><\/li>\n<li><a href=\"https:\/\/meetcody.ai\/privacy-policy\/\" target=\"_new\" rel=\"noopener\">Polityka prywatno\u015bci<\/a><\/li>\n<li><a href=\"https:\/\/meetcody.ai\/compliance\/sub-processors\/\" target=\"_new\" rel=\"noopener\">Podprzetwarzaj\u0105cy<\/a><\/li>\n<\/ul>\n<h4><strong>4. Bezpiecze\u0144stwo i zarz\u0105dzanie incydentami<\/strong><\/h4>\n<p>  B\u0105d\u017a na bie\u017c\u0105co z najnowszymi kwestiami bezpiecze\u0144stwa, lukami w zabezpieczeniach i dzia\u0142aniami \u0142agodz\u0105cymi dzi\u0119ki biuletynom bezpiecze\u0144stwa CODY.<br \/>\nDowiedz si\u0119 o naszych strategiach reagowania i mechanizmach raportowania na naszej stronie Zarz\u0105dzanie kryzysowe.   <\/p>\n<ul>\n<li><a href=\"https:\/\/meetcody.ai\/security\/security-bulletins\/\" target=\"_new\" rel=\"noopener\">Biuletyny bezpiecze\u0144stwa<\/a><\/li>\n<li><a href=\"https:\/\/meetcody.ai\/security\/crisis\" target=\"_new\" rel=\"noopener\">Zarz\u0105dzanie kryzysowe i raportowanie<\/a><\/li>\n<\/ul>\n<h4><strong>5. Wsparcie i rozwi\u0105zywanie problem\u00f3w<\/strong><\/h4>\n<p>  Znajd\u017a odpowiedzi na najcz\u0119\u015bciej zadawane pytania i rozwi\u0105zania problem\u00f3w technicznych w Centrum pomocy CODY lub skontaktuj si\u0119 z zespo\u0142em wsparcia, aby uzyska\u0107 dodatkow\u0105 pomoc.  <\/p>\n<ul>\n<li><a href=\"https:\/\/intercom.help\/cody\/en\/\" target=\"_new\" rel=\"noopener\">Centrum pomocy i FAQ<\/a><\/li>\n<\/ul>\n<h4><strong>6. Dodatkowe zasoby<\/strong><\/h4>\n<p>  B\u0105d\u017a na bie\u017c\u0105co z najnowszymi wiadomo\u015bciami, aktualizacjami produkt\u00f3w i najlepszymi praktykami CODY za po\u015brednictwem naszego bloga.  <\/p>\n<ul>\n<li><a href=\"https:\/\/meetcody.ai\/blog\/\" target=\"_new\" rel=\"noopener\">Blog CODY<\/a><\/li>\n<\/ul>\n","protected":false},"excerpt":{"rendered":"<p>1. Pierwsze kroki Je\u015bli dopiero zaczynasz korzysta\u0107 z CODY, zapoznaj si\u0119 z Przewodnikiem dla pocz\u0105tkuj\u0105cych, aby dowiedzie\u0107 si\u0119, jak za\u0142o\u017cy\u0107 konto, skonfigurowa\u0107 obszar roboczy i porusza\u0107 si\u0119 po platformie. 2. Dokumentacja deweloperska Uzyskaj dost\u0119p do dokumentacji API CODY, aby zintegrowa\u0107 CODY ze swoimi systemami, aplikacjami i przep\u0142ywami pracy. Przewodnik API 3. Zgodno\u015b\u0107 z przepisami i<a class=\"excerpt-read-more\" href=\"https:\/\/meetcody.ai\/pl\/dokumentacja\/\" title=\"ReadDokumentacja\">&#8230; Read more &raquo;<\/a><\/p>\n","protected":false},"author":1,"featured_media":0,"parent":0,"menu_order":0,"comment_status":"closed","ping_status":"closed","template":"template-full-width.php","meta":{"_acf_changed":false,"inline_featured_image":false,"footnotes":""},"class_list":["post-50243","page","type-page","status-publish","hentry"],"acf":[],"yoast_head":"<!-- This site is optimized with the Yoast SEO Premium plugin v21.8 (Yoast SEO v24.2) - https:\/\/yoast.com\/wordpress\/plugins\/seo\/ -->\n<title>Dokumentacja - Cody - The AI Trained on Your Business<\/title>\n<meta name=\"robots\" content=\"index, follow, max-snippet:-1, max-image-preview:large, max-video-preview:-1\" \/>\n<link rel=\"canonical\" href=\"https:\/\/meetcody.ai\/pl\/dokumentacja\/\" \/>\n<meta property=\"og:locale\" content=\"pl_PL\" \/>\n<meta property=\"og:type\" content=\"article\" \/>\n<meta property=\"og:title\" content=\"Dokumentacja\" \/>\n<meta property=\"og:description\" content=\"1. Pierwsze kroki Je\u015bli dopiero zaczynasz korzysta\u0107 z CODY, zapoznaj si\u0119 z Przewodnikiem dla pocz\u0105tkuj\u0105cych, aby dowiedzie\u0107 si\u0119, jak za\u0142o\u017cy\u0107 konto, skonfigurowa\u0107 obszar roboczy i porusza\u0107 si\u0119 po platformie. 2. Dokumentacja deweloperska Uzyskaj dost\u0119p do dokumentacji API CODY, aby zintegrowa\u0107 CODY ze swoimi systemami, aplikacjami i przep\u0142ywami pracy. Przewodnik API 3. Zgodno\u015b\u0107 z przepisami i... Read more &raquo;\" \/>\n<meta property=\"og:url\" content=\"https:\/\/meetcody.ai\/pl\/dokumentacja\/\" \/>\n<meta property=\"og:site_name\" content=\"Cody - The AI Trained on Your Business\" \/>\n<meta property=\"article:modified_time\" content=\"2024-10-04T00:16:15+00:00\" \/>\n<meta property=\"og:image\" content=\"https:\/\/meetcody.ai\/wp-content\/uploads\/2023\/02\/grid_0-2.png\" \/>\n\t<meta property=\"og:image:width\" content=\"1536\" \/>\n\t<meta property=\"og:image:height\" content=\"1024\" \/>\n\t<meta property=\"og:image:type\" content=\"image\/png\" \/>\n<meta name=\"twitter:card\" content=\"summary_large_image\" \/>\n<meta name=\"twitter:site\" content=\"@meetcodyai\" \/>\n<meta name=\"twitter:label1\" content=\"Est. reading time\" \/>\n\t<meta name=\"twitter:data1\" content=\"1 minute\" \/>\n<script type=\"application\/ld+json\" class=\"yoast-schema-graph\">{\"@context\":\"https:\/\/schema.org\",\"@graph\":[{\"@type\":\"WebPage\",\"@id\":\"https:\/\/meetcody.ai\/pl\/dokumentacja\/\",\"url\":\"https:\/\/meetcody.ai\/pl\/dokumentacja\/\",\"name\":\"Dokumentacja - Cody - The AI Trained on Your Business\",\"isPartOf\":{\"@id\":\"https:\/\/meetcody.ai\/#website\"},\"datePublished\":\"2024-10-04T00:14:54+00:00\",\"dateModified\":\"2024-10-04T00:16:15+00:00\",\"breadcrumb\":{\"@id\":\"https:\/\/meetcody.ai\/pl\/dokumentacja\/#breadcrumb\"},\"inLanguage\":\"pl-PL\",\"potentialAction\":[{\"@type\":\"ReadAction\",\"target\":[\"https:\/\/meetcody.ai\/pl\/dokumentacja\/\"]}]},{\"@type\":\"BreadcrumbList\",\"@id\":\"https:\/\/meetcody.ai\/pl\/dokumentacja\/#breadcrumb\",\"itemListElement\":[{\"@type\":\"ListItem\",\"position\":1,\"name\":\"Home\",\"item\":\"https:\/\/meetcody.ai\/pl\/home-v2\/\"},{\"@type\":\"ListItem\",\"position\":2,\"name\":\"Dokumentacja\"}]},{\"@type\":\"WebSite\",\"@id\":\"https:\/\/meetcody.ai\/#website\",\"url\":\"https:\/\/meetcody.ai\/\",\"name\":\"Cody AI - The AI Trained on Your Business\",\"description\":\"AI Powered Knowledge Base for Employees\",\"publisher\":{\"@id\":\"https:\/\/meetcody.ai\/#organization\"},\"potentialAction\":[{\"@type\":\"SearchAction\",\"target\":{\"@type\":\"EntryPoint\",\"urlTemplate\":\"https:\/\/meetcody.ai\/?s={search_term_string}\"},\"query-input\":{\"@type\":\"PropertyValueSpecification\",\"valueRequired\":true,\"valueName\":\"search_term_string\"}}],\"inLanguage\":\"pl-PL\"},{\"@type\":\"Organization\",\"@id\":\"https:\/\/meetcody.ai\/#organization\",\"name\":\"Cody AI - The AI Trained on Your Business\",\"url\":\"https:\/\/meetcody.ai\/\",\"logo\":{\"@type\":\"ImageObject\",\"inLanguage\":\"pl-PL\",\"@id\":\"https:\/\/meetcody.ai\/#\/schema\/logo\/image\/\",\"url\":\"https:\/\/meetcody.ai\/wp-content\/uploads\/2023\/05\/logo-codyai.svg\",\"contentUrl\":\"https:\/\/meetcody.ai\/wp-content\/uploads\/2023\/05\/logo-codyai.svg\",\"width\":\"1024\",\"height\":\"1024\",\"caption\":\"Cody AI - The AI Trained on Your Business\"},\"image\":{\"@id\":\"https:\/\/meetcody.ai\/#\/schema\/logo\/image\/\"},\"sameAs\":[\"https:\/\/x.com\/meetcodyai\",\"https:\/\/discord.com\/invite\/jXEVDcFxqs\"]}]}<\/script>\n<!-- \/ Yoast SEO Premium plugin. -->","yoast_head_json":{"title":"Dokumentacja - Cody - The AI Trained on Your Business","robots":{"index":"index","follow":"follow","max-snippet":"max-snippet:-1","max-image-preview":"max-image-preview:large","max-video-preview":"max-video-preview:-1"},"canonical":"https:\/\/meetcody.ai\/pl\/dokumentacja\/","og_locale":"pl_PL","og_type":"article","og_title":"Dokumentacja","og_description":"1. Pierwsze kroki Je\u015bli dopiero zaczynasz korzysta\u0107 z CODY, zapoznaj si\u0119 z Przewodnikiem dla pocz\u0105tkuj\u0105cych, aby dowiedzie\u0107 si\u0119, jak za\u0142o\u017cy\u0107 konto, skonfigurowa\u0107 obszar roboczy i porusza\u0107 si\u0119 po platformie. 2. Dokumentacja deweloperska Uzyskaj dost\u0119p do dokumentacji API CODY, aby zintegrowa\u0107 CODY ze swoimi systemami, aplikacjami i przep\u0142ywami pracy. Przewodnik API 3. Zgodno\u015b\u0107 z przepisami i... Read more &raquo;","og_url":"https:\/\/meetcody.ai\/pl\/dokumentacja\/","og_site_name":"Cody - The AI Trained on Your Business","article_modified_time":"2024-10-04T00:16:15+00:00","og_image":[{"width":1536,"height":1024,"url":"https:\/\/meetcody.ai\/wp-content\/uploads\/2023\/02\/grid_0-2.png","type":"image\/png"}],"twitter_card":"summary_large_image","twitter_site":"@meetcodyai","twitter_misc":{"Est. reading time":"1 minute"},"schema":{"@context":"https:\/\/schema.org","@graph":[{"@type":"WebPage","@id":"https:\/\/meetcody.ai\/pl\/dokumentacja\/","url":"https:\/\/meetcody.ai\/pl\/dokumentacja\/","name":"Dokumentacja - Cody - The AI Trained on Your Business","isPartOf":{"@id":"https:\/\/meetcody.ai\/#website"},"datePublished":"2024-10-04T00:14:54+00:00","dateModified":"2024-10-04T00:16:15+00:00","breadcrumb":{"@id":"https:\/\/meetcody.ai\/pl\/dokumentacja\/#breadcrumb"},"inLanguage":"pl-PL","potentialAction":[{"@type":"ReadAction","target":["https:\/\/meetcody.ai\/pl\/dokumentacja\/"]}]},{"@type":"BreadcrumbList","@id":"https:\/\/meetcody.ai\/pl\/dokumentacja\/#breadcrumb","itemListElement":[{"@type":"ListItem","position":1,"name":"Home","item":"https:\/\/meetcody.ai\/pl\/home-v2\/"},{"@type":"ListItem","position":2,"name":"Dokumentacja"}]},{"@type":"WebSite","@id":"https:\/\/meetcody.ai\/#website","url":"https:\/\/meetcody.ai\/","name":"Cody AI - The AI Trained on Your Business","description":"AI Powered Knowledge Base for Employees","publisher":{"@id":"https:\/\/meetcody.ai\/#organization"},"potentialAction":[{"@type":"SearchAction","target":{"@type":"EntryPoint","urlTemplate":"https:\/\/meetcody.ai\/?s={search_term_string}"},"query-input":{"@type":"PropertyValueSpecification","valueRequired":true,"valueName":"search_term_string"}}],"inLanguage":"pl-PL"},{"@type":"Organization","@id":"https:\/\/meetcody.ai\/#organization","name":"Cody AI - The AI Trained on Your Business","url":"https:\/\/meetcody.ai\/","logo":{"@type":"ImageObject","inLanguage":"pl-PL","@id":"https:\/\/meetcody.ai\/#\/schema\/logo\/image\/","url":"https:\/\/meetcody.ai\/wp-content\/uploads\/2023\/05\/logo-codyai.svg","contentUrl":"https:\/\/meetcody.ai\/wp-content\/uploads\/2023\/05\/logo-codyai.svg","width":"1024","height":"1024","caption":"Cody AI - The AI Trained on Your Business"},"image":{"@id":"https:\/\/meetcody.ai\/#\/schema\/logo\/image\/"},"sameAs":["https:\/\/x.com\/meetcodyai","https:\/\/discord.com\/invite\/jXEVDcFxqs"]}]}},"_links":{"self":[{"href":"https:\/\/meetcody.ai\/pl\/wp-json\/wp\/v2\/pages\/50243","targetHints":{"allow":["GET"]}}],"collection":[{"href":"https:\/\/meetcody.ai\/pl\/wp-json\/wp\/v2\/pages"}],"about":[{"href":"https:\/\/meetcody.ai\/pl\/wp-json\/wp\/v2\/types\/page"}],"author":[{"embeddable":true,"href":"https:\/\/meetcody.ai\/pl\/wp-json\/wp\/v2\/users\/1"}],"replies":[{"embeddable":true,"href":"https:\/\/meetcody.ai\/pl\/wp-json\/wp\/v2\/comments?post=50243"}],"version-history":[{"count":2,"href":"https:\/\/meetcody.ai\/pl\/wp-json\/wp\/v2\/pages\/50243\/revisions"}],"predecessor-version":[{"id":50255,"href":"https:\/\/meetcody.ai\/pl\/wp-json\/wp\/v2\/pages\/50243\/revisions\/50255"}],"wp:attachment":[{"href":"https:\/\/meetcody.ai\/pl\/wp-json\/wp\/v2\/media?parent=50243"}],"curies":[{"name":"wp","href":"https:\/\/api.w.org\/{rel}","templated":true}]}}