{"id":49781,"date":"2024-10-03T23:41:42","date_gmt":"2024-10-03T23:41:42","guid":{"rendered":"https:\/\/meetcody.ai\/biuletyny-bezpieczenstwa\/"},"modified":"2024-10-04T00:10:42","modified_gmt":"2024-10-04T00:10:42","slug":"biuletyny-bezpieczenstwa","status":"publish","type":"page","link":"https:\/\/meetcody.ai\/pl\/bezpieczenstwo\/biuletyny-bezpieczenstwa\/","title":{"rendered":"Biuletyny bezpiecze\u0144stwa"},"content":{"rendered":"<div class=\"wpb-content-wrapper\"><p>[vc_section el_id=&#8221;privacy-policy-section_0&#8243;][vc_row][vc_column][vc_row_inner el_class=&#8221;row no-padding-vc&#8221;][vc_column_inner][vc_column_text el_class=&#8221;large-text-left text-center&#8221;]<\/p>\n&#13;\n<p>Witamy na stronie biuletynu bezpiecze\u0144stwa CODY.\nW tym miejscu udost\u0119pniamy aktualizacje i informacje na temat kwestii bezpiecze\u0144stwa, luk w zabezpieczeniach i dzia\u0142a\u0144 zwi\u0105zanych z reagowaniem na incydenty dotycz\u0105ce sieci CODY.\nTa strona jest regularnie aktualizowana, aby zapewni\u0107 przejrzysto\u015b\u0107 i informowa\u0107 naszych u\u017cytkownik\u00f3w o wszelkich zdarzeniach i rozwi\u0105zaniach zwi\u0105zanych z bezpiecze\u0144stwem.  <\/p>&#13;\n<hr\/>&#13;\n<h3><strong>Current Status: No Security Bulletins Published<\/strong><\/h3>&#13;\n<p>Na dzie\u0144 dzisiejszy nie wydano \u017cadnych biuletyn\u00f3w bezpiecze\u0144stwa.\nCODY nadal dzia\u0142a na wysokim poziomie bezpiecze\u0144stwa i nie wykryto \u017cadnych incydent\u00f3w, kt\u00f3re wymaga\u0142yby publicznego ujawnienia. <\/p>&#13;\n<p>Priorytetowo traktujemy bezpiecze\u0144stwo i prywatno\u015b\u0107 naszych u\u017cytkownik\u00f3w i aktywnie wdra\u017camy \u015brodki maj\u0105ce na celu utrzymanie bezpiecznego \u015brodowiska.\nW przypadku zidentyfikowania incydentu bezpiecze\u0144stwa lub luki w zabezpieczeniach, niezw\u0142ocznie zaktualizujemy t\u0119 stron\u0119 o niezb\u0119dne szczeg\u00f3\u0142y, w tym charakter problemu, nasz\u0105 reakcj\u0119 i zalecane dzia\u0142ania dla naszych u\u017cytkownik\u00f3w. <\/p>&#13;\n<hr\/>&#13;\n<h3><strong>What to Expect in Future Bulletins<\/strong><\/h3>&#13;\n<p>Je\u015bli publikowany jest biuletyn zabezpiecze\u0144, zazwyczaj zawiera on nast\u0119puj\u0105ce szczeg\u00f3\u0142y:<\/p>&#13;\n<ul>&#13;\n<li><strong>Date of Issue<\/strong>: When the bulletin was published.<\/li>&#13;\n<li><strong>Severity Level<\/strong>: An assessment of the severity of the issue (e.g., Low, Medium, High, Critical).<\/li>&#13;\n<li><strong>Description of the Issue<\/strong>: A brief summary of the incident or vulnerability.<\/li>&#13;\n<li><strong>Impact Analysis<\/strong>: How the issue affects CODY\u2019s systems and\/or users.<\/li>&#13;\n<li><strong>Mitigation and Resolution<\/strong>: Steps CODY has taken to address the issue and any actions users need to take.<\/li>&#13;\n<li><strong>Additional Resources<\/strong>: Links to any relevant resources or support documentation.<\/li>&#13;\n<\/ul>&#13;\n<hr\/>&#13;\n<h3><strong>Contact Information<\/strong><\/h3>&#13;\n<p>W przypadku jakichkolwiek pyta\u0144 lub podejrze\u0144 o zidentyfikowanie problemu zwi\u0105zanego z bezpiecze\u0144stwem prosimy o kontakt z naszym zespo\u0142em ds. bezpiecze\u0144stwa pod adresem security@meetcody.ai.\nCenimy Tw\u00f3j wk\u0142ad i powa\u017cnie traktujemy wszystkie zg\u0142oszenia, aby utrzyma\u0107 bezpiecze\u0144stwo sieci CODY. <\/p>&#13;\n<p>[\/vc_column_text][\/vc_column_inner][\/vc_row_inner][vc_empty_space height=&#8221;90px&#8221; el_class=&#8221;show-for-large&#8221;][vc_empty_space height=&#8221;45px&#8221; el_class=&#8221;hide-for-large&#8221;][\/vc_column][\/vc_row][\/vc_section][vc_row][vc_column][vc_column_text]<\/p>&#13;\n<p> [\/vc_column_text][\/vc_column][\/vc_row]<\/p><\/div>","protected":false},"excerpt":{"rendered":"<p>[vc_section el_id=&#8221;privacy-policy-section_0&#8243;][vc_row][vc_column][vc_row_inner el_class=&#8221;row no-padding-vc&#8221;][vc_column_inner][vc_column_text el_class=&#8221;large-text-left text-center&#8221;] &#13; Witamy na stronie biuletynu bezpiecze\u0144stwa CODY. W tym miejscu udost\u0119pniamy aktualizacje i informacje na temat kwestii bezpiecze\u0144stwa, luk w zabezpieczeniach i dzia\u0142a\u0144 zwi\u0105zanych z reagowaniem na incydenty dotycz\u0105ce sieci CODY. Ta strona jest regularnie aktualizowana, aby zapewni\u0107 przejrzysto\u015b\u0107 i informowa\u0107 naszych u\u017cytkownik\u00f3w o wszelkich zdarzeniach i rozwi\u0105zaniach zwi\u0105zanych<a class=\"excerpt-read-more\" href=\"https:\/\/meetcody.ai\/pl\/bezpieczenstwo\/biuletyny-bezpieczenstwa\/\" title=\"ReadBiuletyny bezpiecze\u0144stwa\">&#8230; Read more &raquo;<\/a><\/p>\n","protected":false},"author":1,"featured_media":0,"parent":49815,"menu_order":0,"comment_status":"closed","ping_status":"closed","template":"template-full-width.php","meta":{"_acf_changed":false,"inline_featured_image":false,"footnotes":""},"class_list":["post-49781","page","type-page","status-publish","hentry"],"acf":[],"yoast_head":"<!-- This site is optimized with the Yoast SEO Premium plugin v21.8 (Yoast SEO v24.2) - https:\/\/yoast.com\/wordpress\/plugins\/seo\/ -->\n<title>Biuletyny bezpiecze\u0144stwa - Cody - The AI Trained on Your Business<\/title>\n<meta name=\"robots\" content=\"index, follow, max-snippet:-1, max-image-preview:large, max-video-preview:-1\" \/>\n<link rel=\"canonical\" href=\"https:\/\/meetcody.ai\/pl\/bezpieczenstwo\/biuletyny-bezpieczenstwa\/\" \/>\n<meta property=\"og:locale\" content=\"pl_PL\" \/>\n<meta property=\"og:type\" content=\"article\" \/>\n<meta property=\"og:title\" content=\"Biuletyny bezpiecze\u0144stwa\" \/>\n<meta property=\"og:description\" content=\"[vc_section el_id=&#8221;privacy-policy-section_0&#8243;][vc_row][vc_column][vc_row_inner el_class=&#8221;row no-padding-vc&#8221;][vc_column_inner][vc_column_text el_class=&#8221;large-text-left text-center&#8221;] &#013; Witamy na stronie biuletynu bezpiecze\u0144stwa CODY. W tym miejscu udost\u0119pniamy aktualizacje i informacje na temat kwestii bezpiecze\u0144stwa, luk w zabezpieczeniach i dzia\u0142a\u0144 zwi\u0105zanych z reagowaniem na incydenty dotycz\u0105ce sieci CODY. Ta strona jest regularnie aktualizowana, aby zapewni\u0107 przejrzysto\u015b\u0107 i informowa\u0107 naszych u\u017cytkownik\u00f3w o wszelkich zdarzeniach i rozwi\u0105zaniach zwi\u0105zanych... Read more &raquo;\" \/>\n<meta property=\"og:url\" content=\"https:\/\/meetcody.ai\/pl\/bezpieczenstwo\/biuletyny-bezpieczenstwa\/\" \/>\n<meta property=\"og:site_name\" content=\"Cody - The AI Trained on Your Business\" \/>\n<meta property=\"article:modified_time\" content=\"2024-10-04T00:10:42+00:00\" \/>\n<meta property=\"og:image\" content=\"https:\/\/meetcody.ai\/wp-content\/uploads\/2023\/02\/grid_0-2.png\" \/>\n\t<meta property=\"og:image:width\" content=\"1536\" \/>\n\t<meta property=\"og:image:height\" content=\"1024\" \/>\n\t<meta property=\"og:image:type\" content=\"image\/png\" \/>\n<meta name=\"twitter:card\" content=\"summary_large_image\" \/>\n<meta name=\"twitter:site\" content=\"@meetcodyai\" \/>\n<meta name=\"twitter:label1\" content=\"Est. reading time\" \/>\n\t<meta name=\"twitter:data1\" content=\"2 minutes\" \/>\n<script type=\"application\/ld+json\" class=\"yoast-schema-graph\">{\"@context\":\"https:\/\/schema.org\",\"@graph\":[{\"@type\":\"WebPage\",\"@id\":\"https:\/\/meetcody.ai\/pl\/bezpieczenstwo\/biuletyny-bezpieczenstwa\/\",\"url\":\"https:\/\/meetcody.ai\/pl\/bezpieczenstwo\/biuletyny-bezpieczenstwa\/\",\"name\":\"Biuletyny bezpiecze\u0144stwa - Cody - The AI Trained on Your Business\",\"isPartOf\":{\"@id\":\"https:\/\/meetcody.ai\/#website\"},\"datePublished\":\"2024-10-03T23:41:42+00:00\",\"dateModified\":\"2024-10-04T00:10:42+00:00\",\"breadcrumb\":{\"@id\":\"https:\/\/meetcody.ai\/pl\/bezpieczenstwo\/biuletyny-bezpieczenstwa\/#breadcrumb\"},\"inLanguage\":\"pl-PL\",\"potentialAction\":[{\"@type\":\"ReadAction\",\"target\":[\"https:\/\/meetcody.ai\/pl\/bezpieczenstwo\/biuletyny-bezpieczenstwa\/\"]}]},{\"@type\":\"BreadcrumbList\",\"@id\":\"https:\/\/meetcody.ai\/pl\/bezpieczenstwo\/biuletyny-bezpieczenstwa\/#breadcrumb\",\"itemListElement\":[{\"@type\":\"ListItem\",\"position\":1,\"name\":\"Home\",\"item\":\"https:\/\/meetcody.ai\/pl\/home-v2\/\"},{\"@type\":\"ListItem\",\"position\":2,\"name\":\"Bezpiecze\u0144stwo\",\"item\":\"https:\/\/meetcody.ai\/bezpieczenstwo\/\"},{\"@type\":\"ListItem\",\"position\":3,\"name\":\"Biuletyny bezpiecze\u0144stwa\"}]},{\"@type\":\"WebSite\",\"@id\":\"https:\/\/meetcody.ai\/#website\",\"url\":\"https:\/\/meetcody.ai\/\",\"name\":\"Cody AI - The AI Trained on Your Business\",\"description\":\"AI Powered Knowledge Base for Employees\",\"publisher\":{\"@id\":\"https:\/\/meetcody.ai\/#organization\"},\"potentialAction\":[{\"@type\":\"SearchAction\",\"target\":{\"@type\":\"EntryPoint\",\"urlTemplate\":\"https:\/\/meetcody.ai\/?s={search_term_string}\"},\"query-input\":{\"@type\":\"PropertyValueSpecification\",\"valueRequired\":true,\"valueName\":\"search_term_string\"}}],\"inLanguage\":\"pl-PL\"},{\"@type\":\"Organization\",\"@id\":\"https:\/\/meetcody.ai\/#organization\",\"name\":\"Cody AI - The AI Trained on Your Business\",\"url\":\"https:\/\/meetcody.ai\/\",\"logo\":{\"@type\":\"ImageObject\",\"inLanguage\":\"pl-PL\",\"@id\":\"https:\/\/meetcody.ai\/#\/schema\/logo\/image\/\",\"url\":\"https:\/\/meetcody.ai\/wp-content\/uploads\/2023\/05\/logo-codyai.svg\",\"contentUrl\":\"https:\/\/meetcody.ai\/wp-content\/uploads\/2023\/05\/logo-codyai.svg\",\"width\":\"1024\",\"height\":\"1024\",\"caption\":\"Cody AI - The AI Trained on Your Business\"},\"image\":{\"@id\":\"https:\/\/meetcody.ai\/#\/schema\/logo\/image\/\"},\"sameAs\":[\"https:\/\/x.com\/meetcodyai\",\"https:\/\/discord.com\/invite\/jXEVDcFxqs\"]}]}<\/script>\n<!-- \/ Yoast SEO Premium plugin. -->","yoast_head_json":{"title":"Biuletyny bezpiecze\u0144stwa - Cody - The AI Trained on Your Business","robots":{"index":"index","follow":"follow","max-snippet":"max-snippet:-1","max-image-preview":"max-image-preview:large","max-video-preview":"max-video-preview:-1"},"canonical":"https:\/\/meetcody.ai\/pl\/bezpieczenstwo\/biuletyny-bezpieczenstwa\/","og_locale":"pl_PL","og_type":"article","og_title":"Biuletyny bezpiecze\u0144stwa","og_description":"[vc_section el_id=&#8221;privacy-policy-section_0&#8243;][vc_row][vc_column][vc_row_inner el_class=&#8221;row no-padding-vc&#8221;][vc_column_inner][vc_column_text el_class=&#8221;large-text-left text-center&#8221;] &#13; Witamy na stronie biuletynu bezpiecze\u0144stwa CODY. W tym miejscu udost\u0119pniamy aktualizacje i informacje na temat kwestii bezpiecze\u0144stwa, luk w zabezpieczeniach i dzia\u0142a\u0144 zwi\u0105zanych z reagowaniem na incydenty dotycz\u0105ce sieci CODY. Ta strona jest regularnie aktualizowana, aby zapewni\u0107 przejrzysto\u015b\u0107 i informowa\u0107 naszych u\u017cytkownik\u00f3w o wszelkich zdarzeniach i rozwi\u0105zaniach zwi\u0105zanych... Read more &raquo;","og_url":"https:\/\/meetcody.ai\/pl\/bezpieczenstwo\/biuletyny-bezpieczenstwa\/","og_site_name":"Cody - The AI Trained on Your Business","article_modified_time":"2024-10-04T00:10:42+00:00","og_image":[{"width":1536,"height":1024,"url":"https:\/\/meetcody.ai\/wp-content\/uploads\/2023\/02\/grid_0-2.png","type":"image\/png"}],"twitter_card":"summary_large_image","twitter_site":"@meetcodyai","twitter_misc":{"Est. reading time":"2 minutes"},"schema":{"@context":"https:\/\/schema.org","@graph":[{"@type":"WebPage","@id":"https:\/\/meetcody.ai\/pl\/bezpieczenstwo\/biuletyny-bezpieczenstwa\/","url":"https:\/\/meetcody.ai\/pl\/bezpieczenstwo\/biuletyny-bezpieczenstwa\/","name":"Biuletyny bezpiecze\u0144stwa - Cody - The AI Trained on Your Business","isPartOf":{"@id":"https:\/\/meetcody.ai\/#website"},"datePublished":"2024-10-03T23:41:42+00:00","dateModified":"2024-10-04T00:10:42+00:00","breadcrumb":{"@id":"https:\/\/meetcody.ai\/pl\/bezpieczenstwo\/biuletyny-bezpieczenstwa\/#breadcrumb"},"inLanguage":"pl-PL","potentialAction":[{"@type":"ReadAction","target":["https:\/\/meetcody.ai\/pl\/bezpieczenstwo\/biuletyny-bezpieczenstwa\/"]}]},{"@type":"BreadcrumbList","@id":"https:\/\/meetcody.ai\/pl\/bezpieczenstwo\/biuletyny-bezpieczenstwa\/#breadcrumb","itemListElement":[{"@type":"ListItem","position":1,"name":"Home","item":"https:\/\/meetcody.ai\/pl\/home-v2\/"},{"@type":"ListItem","position":2,"name":"Bezpiecze\u0144stwo","item":"https:\/\/meetcody.ai\/bezpieczenstwo\/"},{"@type":"ListItem","position":3,"name":"Biuletyny bezpiecze\u0144stwa"}]},{"@type":"WebSite","@id":"https:\/\/meetcody.ai\/#website","url":"https:\/\/meetcody.ai\/","name":"Cody AI - The AI Trained on Your Business","description":"AI Powered Knowledge Base for Employees","publisher":{"@id":"https:\/\/meetcody.ai\/#organization"},"potentialAction":[{"@type":"SearchAction","target":{"@type":"EntryPoint","urlTemplate":"https:\/\/meetcody.ai\/?s={search_term_string}"},"query-input":{"@type":"PropertyValueSpecification","valueRequired":true,"valueName":"search_term_string"}}],"inLanguage":"pl-PL"},{"@type":"Organization","@id":"https:\/\/meetcody.ai\/#organization","name":"Cody AI - The AI Trained on Your Business","url":"https:\/\/meetcody.ai\/","logo":{"@type":"ImageObject","inLanguage":"pl-PL","@id":"https:\/\/meetcody.ai\/#\/schema\/logo\/image\/","url":"https:\/\/meetcody.ai\/wp-content\/uploads\/2023\/05\/logo-codyai.svg","contentUrl":"https:\/\/meetcody.ai\/wp-content\/uploads\/2023\/05\/logo-codyai.svg","width":"1024","height":"1024","caption":"Cody AI - The AI Trained on Your Business"},"image":{"@id":"https:\/\/meetcody.ai\/#\/schema\/logo\/image\/"},"sameAs":["https:\/\/x.com\/meetcodyai","https:\/\/discord.com\/invite\/jXEVDcFxqs"]}]}},"_links":{"self":[{"href":"https:\/\/meetcody.ai\/pl\/wp-json\/wp\/v2\/pages\/49781","targetHints":{"allow":["GET"]}}],"collection":[{"href":"https:\/\/meetcody.ai\/pl\/wp-json\/wp\/v2\/pages"}],"about":[{"href":"https:\/\/meetcody.ai\/pl\/wp-json\/wp\/v2\/types\/page"}],"author":[{"embeddable":true,"href":"https:\/\/meetcody.ai\/pl\/wp-json\/wp\/v2\/users\/1"}],"replies":[{"embeddable":true,"href":"https:\/\/meetcody.ai\/pl\/wp-json\/wp\/v2\/comments?post=49781"}],"version-history":[{"count":10,"href":"https:\/\/meetcody.ai\/pl\/wp-json\/wp\/v2\/pages\/49781\/revisions"}],"predecessor-version":[{"id":50165,"href":"https:\/\/meetcody.ai\/pl\/wp-json\/wp\/v2\/pages\/49781\/revisions\/50165"}],"up":[{"embeddable":true,"href":"https:\/\/meetcody.ai\/pl\/wp-json\/wp\/v2\/pages\/49815"}],"wp:attachment":[{"href":"https:\/\/meetcody.ai\/pl\/wp-json\/wp\/v2\/media?parent=49781"}],"curies":[{"name":"wp","href":"https:\/\/api.w.org\/{rel}","templated":true}]}}