{"id":49643,"date":"2024-10-03T23:38:29","date_gmt":"2024-10-03T23:38:29","guid":{"rendered":"https:\/\/meetcody.ai\/podprocesory\/"},"modified":"2024-10-03T23:57:08","modified_gmt":"2024-10-03T23:57:08","slug":"podprocesory","status":"publish","type":"page","link":"https:\/\/meetcody.ai\/pl\/zgodnosc\/podprocesory\/","title":{"rendered":"Podprocesory"},"content":{"rendered":"<div class=\"wpb-content-wrapper\"><p>[vc_section el_id=&#8221;privacy-policy-section_0&#8243;][vc_row][vc_column][vc_row_inner el_class=&#8221;row no-padding-vc&#8221;][vc_column_inner][vc_column_text el_class=&#8221;large-text-left text-center&#8221;]Ostatnia modyfikacja z dnia 8 lipca 2024 r. Zewn\u0119trzni podwykonawcy przetwarzania Cody LLC korzysta z us\u0142ug poni\u017cszych podmiot\u00f3w zewn\u0119trznych (ka\u017cdy z nich zwany jest &#8220;podwykonawc\u0105 przetwarzania&#8221;) w celu przetwarzania danych osobowych w imieniu klient\u00f3w Cody LLC i zgodnie z warunkami umowy mi\u0119dzy Cody LLC a podwykonawc\u0105 przetwarzania w celu dotrzymania zobowi\u0105za\u0144 Cody LLC zawartych w Dodatku dotycz\u0105cym przetwarzania danych Cody LLC.<br \/>\nPoni\u017csza lista zawiera podprzetwarzaj\u0105cych dla og\u00f3lnie dost\u0119pnych us\u0142ug Cody LLC.<br \/>\nDalsze informacje dotycz\u0105ce \u015brodk\u00f3w bezpiecze\u0144stwa podwykonawc\u00f3w przetwarzania mo\u017cna znale\u017a\u0107 za po\u015brednictwem poni\u017cszych link\u00f3w zewn\u0119trznych.<br \/>\nNale\u017cy pami\u0119ta\u0107, \u017ce je\u015bli u\u017cytkownik korzysta z us\u0142ugi przechowywania danych Cody LLC, przypi\u0119te dane pozostaj\u0105 w okre\u015blonej lokalizacji u\u017cytkownika, zgodnie z opisem na tej stronie.[\/vc_column_text][vc_empty_space height=&#8221;50px&#8221; el_class=&#8221;show-for-large&#8221;][vc_column_text el_class=&#8221;large-text-left text-center&#8221;]<\/p>\n<div class=\"recommended-settings\">\n<table>\n<thead>\n<tr>\n<th>\n<h5 class=\"font-color-white no-margin-bottom\">Podprocesor<\/h5>\n<\/th>\n<th>\n<h5 class=\"font-color-white no-margin-bottom\">Odpowiednie produkty w chmurze<\/h5>\n<\/th>\n<th>\n<h5 class=\"font-color-white no-margin-bottom\">Charakter i cel przetwarzania<\/h5>\n<\/th>\n<th>\n<h5 class=\"font-color-white no-margin-bottom\">Lokalizacja przetwarzania<\/h5>\n<\/th>\n<th>\n<h5 class=\"font-color-white no-margin-bottom\">\u015arodki bezpiecze\u0144stwa<\/h5>\n<\/th>\n<\/tr>\n<\/thead>\n<tbody>\n<tr>\n<td><span class=\"font-weight-bold font-color-secondary\">AWS<\/span><\/td>\n<td>Wszystkie produkty Cody LLC w chmurze<\/td>\n<td>Dostawca hostingu w chmurze<\/td>\n<td>USA<\/td>\n<td><a class=\"link-arrow-out font-color-secondary\" href=\"https:\/\/aws.amazon.com\/compliance\/programs\/\">Programy zgodno\u015bci AWS<\/a><\/td>\n<\/tr>\n<tr>\n<td><span class=\"font-weight-bold font-color-secondary\">Cloudconvert<\/span><\/td>\n<td>Wszystkie produkty Cody LLC w chmurze<\/td>\n<td>Us\u0142ugi konwersji plik\u00f3w<\/td>\n<td>USA<\/td>\n<td><a class=\"link-arrow-out font-color-secondary\" href=\"https:\/\/cloudconvert.com\/security\">Bezpiecze\u0144stwo Cloudconvert<\/a><\/td>\n<\/tr>\n<tr>\n<td><span class=\"font-weight-bold font-color-secondary\">OpenAI<\/span><\/td>\n<td>Wszystkie produkty Cody LLC w chmurze z funkcjami inteligentnymi<\/td>\n<td>Dostawca us\u0142ug generatywnej sztucznej inteligencji dla funkcji produkt\u00f3w inteligentnych<\/td>\n<td>USA<\/td>\n<td><a class=\"link-arrow-out font-color-secondary\" href=\"https:\/\/www.openai.com\/security\/\">Bezpiecze\u0144stwo i zaufanie<\/a><\/td>\n<\/tr>\n<tr>\n<td><span class=\"font-weight-bold font-color-secondary\">Anthropic<\/span><\/td>\n<td>Wszystkie produkty Cody LLC w chmurze z funkcjami inteligentnymi<\/td>\n<td>Dostawca us\u0142ug generatywnej sztucznej inteligencji dla funkcji produkt\u00f3w inteligentnych<\/td>\n<td>USA<\/td>\n<td><a class=\"link-arrow-out font-color-secondary\" href=\"https:\/\/www.anthropic.com\/security\">Anthropic Security<\/a><\/td>\n<\/tr>\n<tr>\n<td><span class=\"font-weight-bold font-color-secondary\">SingleStore<\/span><\/td>\n<td>Wszystkie produkty Cody LLC w chmurze<\/td>\n<td>Us\u0142ugi zarz\u0105dzania bazami danych<\/td>\n<td>USA<\/td>\n<td><a class=\"link-arrow-out font-color-secondary\" href=\"https:\/\/www.singlestore.com\/security\/\">Bezpiecze\u0144stwo SingleStore<\/a><\/td>\n<\/tr>\n<tr>\n<td><span class=\"font-weight-bold font-color-secondary\">Pasek<\/span><\/td>\n<td>Wszystkie produkty Cody LLC w chmurze<\/td>\n<td>Rozliczenia i przetwarzanie p\u0142atno\u015bci<\/td>\n<td>USA<\/td>\n<td><a class=\"link-arrow-out font-color-secondary\" href=\"https:\/\/stripe.com\/docs\/security\">Bezpiecze\u0144stwo Stripe<\/a><\/td>\n<\/tr>\n<tr>\n<td><span class=\"font-weight-bold font-color-secondary\">Interkom<\/span><\/td>\n<td>Wszystkie produkty Cody LLC w chmurze<\/td>\n<td>Obs\u0142uga klienta i us\u0142ugi przesy\u0142ania wiadomo\u015bci<\/td>\n<td>USA<\/td>\n<td><a class=\"link-arrow-out font-color-secondary\" href=\"https:\/\/www.intercom.com\/security\">Intercom Security<\/a><\/td>\n<\/tr>\n<\/tbody>\n<\/table>\n<\/div>\n<p>[\/vc_column_text][vc_empty_space height=&#8221;90px&#8221; el_class=&#8221;hide-for-large&#8221;][\/vc_column_inner][\/vc_row_inner][vc_empty_space height=&#8221;90px&#8221; el_class=&#8221;show-for-large&#8221;][vc_empty_space height=&#8221;45px&#8221; el_class=&#8221;hide-for-large&#8221;][\/vc_column][\/vc_row][\/vc_section]<\/p>\n<\/div>","protected":false},"excerpt":{"rendered":"<p>[vc_section el_id=&#8221;privacy-policy-section_0&#8243;][vc_row][vc_column][vc_row_inner el_class=&#8221;row no-padding-vc&#8221;][vc_column_inner][vc_column_text el_class=&#8221;large-text-left text-center&#8221;]Ostatnia modyfikacja z dnia 8 lipca 2024 r. Zewn\u0119trzni podwykonawcy przetwarzania Cody LLC korzysta z us\u0142ug poni\u017cszych podmiot\u00f3w zewn\u0119trznych (ka\u017cdy z nich zwany jest &#8220;podwykonawc\u0105 przetwarzania&#8221;) w celu przetwarzania danych osobowych w imieniu klient\u00f3w Cody LLC i zgodnie z warunkami umowy mi\u0119dzy Cody LLC a podwykonawc\u0105 przetwarzania w celu dotrzymania<a class=\"excerpt-read-more\" href=\"https:\/\/meetcody.ai\/pl\/zgodnosc\/podprocesory\/\" title=\"ReadPodprocesory\">&#8230; Read more &raquo;<\/a><\/p>\n","protected":false},"author":1,"featured_media":0,"parent":49827,"menu_order":0,"comment_status":"closed","ping_status":"closed","template":"template-full-width.php","meta":{"_acf_changed":false,"inline_featured_image":false,"footnotes":""},"class_list":["post-49643","page","type-page","status-publish","hentry"],"acf":[],"yoast_head":"<!-- This site is optimized with the Yoast SEO Premium plugin v21.8 (Yoast SEO v24.2) - https:\/\/yoast.com\/wordpress\/plugins\/seo\/ -->\n<title>Podprocesory - Cody - The AI Trained on Your Business<\/title>\n<meta name=\"robots\" content=\"index, follow, max-snippet:-1, max-image-preview:large, max-video-preview:-1\" \/>\n<link rel=\"canonical\" href=\"https:\/\/meetcody.ai\/pl\/zgodnosc\/podprocesory\/\" \/>\n<meta property=\"og:locale\" content=\"pl_PL\" \/>\n<meta property=\"og:type\" content=\"article\" \/>\n<meta property=\"og:title\" content=\"Podprocesory\" \/>\n<meta property=\"og:description\" content=\"[vc_section el_id=&#8221;privacy-policy-section_0&#8243;][vc_row][vc_column][vc_row_inner el_class=&#8221;row no-padding-vc&#8221;][vc_column_inner][vc_column_text el_class=&#8221;large-text-left text-center&#8221;]Ostatnia modyfikacja z dnia 8 lipca 2024 r. Zewn\u0119trzni podwykonawcy przetwarzania Cody LLC korzysta z us\u0142ug poni\u017cszych podmiot\u00f3w zewn\u0119trznych (ka\u017cdy z nich zwany jest &#8220;podwykonawc\u0105 przetwarzania&#8221;) w celu przetwarzania danych osobowych w imieniu klient\u00f3w Cody LLC i zgodnie z warunkami umowy mi\u0119dzy Cody LLC a podwykonawc\u0105 przetwarzania w celu dotrzymania... Read more &raquo;\" \/>\n<meta property=\"og:url\" content=\"https:\/\/meetcody.ai\/pl\/zgodnosc\/podprocesory\/\" \/>\n<meta property=\"og:site_name\" content=\"Cody - The AI Trained on Your Business\" \/>\n<meta property=\"article:modified_time\" content=\"2024-10-03T23:57:08+00:00\" \/>\n<meta property=\"og:image\" content=\"https:\/\/meetcody.ai\/wp-content\/uploads\/2023\/02\/grid_0-2.png\" \/>\n\t<meta property=\"og:image:width\" content=\"1536\" \/>\n\t<meta property=\"og:image:height\" content=\"1024\" \/>\n\t<meta property=\"og:image:type\" content=\"image\/png\" \/>\n<meta name=\"twitter:card\" content=\"summary_large_image\" \/>\n<meta name=\"twitter:site\" content=\"@meetcodyai\" \/>\n<meta name=\"twitter:label1\" content=\"Est. reading time\" \/>\n\t<meta name=\"twitter:data1\" content=\"2 minutes\" \/>\n<script type=\"application\/ld+json\" class=\"yoast-schema-graph\">{\"@context\":\"https:\/\/schema.org\",\"@graph\":[{\"@type\":\"WebPage\",\"@id\":\"https:\/\/meetcody.ai\/pl\/zgodnosc\/podprocesory\/\",\"url\":\"https:\/\/meetcody.ai\/pl\/zgodnosc\/podprocesory\/\",\"name\":\"Podprocesory - Cody - The AI Trained on Your Business\",\"isPartOf\":{\"@id\":\"https:\/\/meetcody.ai\/#website\"},\"datePublished\":\"2024-10-03T23:38:29+00:00\",\"dateModified\":\"2024-10-03T23:57:08+00:00\",\"breadcrumb\":{\"@id\":\"https:\/\/meetcody.ai\/pl\/zgodnosc\/podprocesory\/#breadcrumb\"},\"inLanguage\":\"pl-PL\",\"potentialAction\":[{\"@type\":\"ReadAction\",\"target\":[\"https:\/\/meetcody.ai\/pl\/zgodnosc\/podprocesory\/\"]}]},{\"@type\":\"BreadcrumbList\",\"@id\":\"https:\/\/meetcody.ai\/pl\/zgodnosc\/podprocesory\/#breadcrumb\",\"itemListElement\":[{\"@type\":\"ListItem\",\"position\":1,\"name\":\"Home\",\"item\":\"https:\/\/meetcody.ai\/pl\/home-v2\/\"},{\"@type\":\"ListItem\",\"position\":2,\"name\":\"Zgodno\u015b\u0107\",\"item\":\"https:\/\/meetcody.ai\/zgodnosc\/\"},{\"@type\":\"ListItem\",\"position\":3,\"name\":\"Podprocesory\"}]},{\"@type\":\"WebSite\",\"@id\":\"https:\/\/meetcody.ai\/#website\",\"url\":\"https:\/\/meetcody.ai\/\",\"name\":\"Cody AI - The AI Trained on Your Business\",\"description\":\"AI Powered Knowledge Base for Employees\",\"publisher\":{\"@id\":\"https:\/\/meetcody.ai\/#organization\"},\"potentialAction\":[{\"@type\":\"SearchAction\",\"target\":{\"@type\":\"EntryPoint\",\"urlTemplate\":\"https:\/\/meetcody.ai\/?s={search_term_string}\"},\"query-input\":{\"@type\":\"PropertyValueSpecification\",\"valueRequired\":true,\"valueName\":\"search_term_string\"}}],\"inLanguage\":\"pl-PL\"},{\"@type\":\"Organization\",\"@id\":\"https:\/\/meetcody.ai\/#organization\",\"name\":\"Cody AI - The AI Trained on Your Business\",\"url\":\"https:\/\/meetcody.ai\/\",\"logo\":{\"@type\":\"ImageObject\",\"inLanguage\":\"pl-PL\",\"@id\":\"https:\/\/meetcody.ai\/#\/schema\/logo\/image\/\",\"url\":\"https:\/\/meetcody.ai\/wp-content\/uploads\/2023\/05\/logo-codyai.svg\",\"contentUrl\":\"https:\/\/meetcody.ai\/wp-content\/uploads\/2023\/05\/logo-codyai.svg\",\"width\":\"1024\",\"height\":\"1024\",\"caption\":\"Cody AI - The AI Trained on Your Business\"},\"image\":{\"@id\":\"https:\/\/meetcody.ai\/#\/schema\/logo\/image\/\"},\"sameAs\":[\"https:\/\/x.com\/meetcodyai\",\"https:\/\/discord.com\/invite\/jXEVDcFxqs\"]}]}<\/script>\n<!-- \/ Yoast SEO Premium plugin. -->","yoast_head_json":{"title":"Podprocesory - Cody - The AI Trained on Your Business","robots":{"index":"index","follow":"follow","max-snippet":"max-snippet:-1","max-image-preview":"max-image-preview:large","max-video-preview":"max-video-preview:-1"},"canonical":"https:\/\/meetcody.ai\/pl\/zgodnosc\/podprocesory\/","og_locale":"pl_PL","og_type":"article","og_title":"Podprocesory","og_description":"[vc_section el_id=&#8221;privacy-policy-section_0&#8243;][vc_row][vc_column][vc_row_inner el_class=&#8221;row no-padding-vc&#8221;][vc_column_inner][vc_column_text el_class=&#8221;large-text-left text-center&#8221;]Ostatnia modyfikacja z dnia 8 lipca 2024 r. Zewn\u0119trzni podwykonawcy przetwarzania Cody LLC korzysta z us\u0142ug poni\u017cszych podmiot\u00f3w zewn\u0119trznych (ka\u017cdy z nich zwany jest &#8220;podwykonawc\u0105 przetwarzania&#8221;) w celu przetwarzania danych osobowych w imieniu klient\u00f3w Cody LLC i zgodnie z warunkami umowy mi\u0119dzy Cody LLC a podwykonawc\u0105 przetwarzania w celu dotrzymania... Read more &raquo;","og_url":"https:\/\/meetcody.ai\/pl\/zgodnosc\/podprocesory\/","og_site_name":"Cody - The AI Trained on Your Business","article_modified_time":"2024-10-03T23:57:08+00:00","og_image":[{"width":1536,"height":1024,"url":"https:\/\/meetcody.ai\/wp-content\/uploads\/2023\/02\/grid_0-2.png","type":"image\/png"}],"twitter_card":"summary_large_image","twitter_site":"@meetcodyai","twitter_misc":{"Est. reading time":"2 minutes"},"schema":{"@context":"https:\/\/schema.org","@graph":[{"@type":"WebPage","@id":"https:\/\/meetcody.ai\/pl\/zgodnosc\/podprocesory\/","url":"https:\/\/meetcody.ai\/pl\/zgodnosc\/podprocesory\/","name":"Podprocesory - Cody - The AI Trained on Your Business","isPartOf":{"@id":"https:\/\/meetcody.ai\/#website"},"datePublished":"2024-10-03T23:38:29+00:00","dateModified":"2024-10-03T23:57:08+00:00","breadcrumb":{"@id":"https:\/\/meetcody.ai\/pl\/zgodnosc\/podprocesory\/#breadcrumb"},"inLanguage":"pl-PL","potentialAction":[{"@type":"ReadAction","target":["https:\/\/meetcody.ai\/pl\/zgodnosc\/podprocesory\/"]}]},{"@type":"BreadcrumbList","@id":"https:\/\/meetcody.ai\/pl\/zgodnosc\/podprocesory\/#breadcrumb","itemListElement":[{"@type":"ListItem","position":1,"name":"Home","item":"https:\/\/meetcody.ai\/pl\/home-v2\/"},{"@type":"ListItem","position":2,"name":"Zgodno\u015b\u0107","item":"https:\/\/meetcody.ai\/zgodnosc\/"},{"@type":"ListItem","position":3,"name":"Podprocesory"}]},{"@type":"WebSite","@id":"https:\/\/meetcody.ai\/#website","url":"https:\/\/meetcody.ai\/","name":"Cody AI - The AI Trained on Your Business","description":"AI Powered Knowledge Base for Employees","publisher":{"@id":"https:\/\/meetcody.ai\/#organization"},"potentialAction":[{"@type":"SearchAction","target":{"@type":"EntryPoint","urlTemplate":"https:\/\/meetcody.ai\/?s={search_term_string}"},"query-input":{"@type":"PropertyValueSpecification","valueRequired":true,"valueName":"search_term_string"}}],"inLanguage":"pl-PL"},{"@type":"Organization","@id":"https:\/\/meetcody.ai\/#organization","name":"Cody AI - The AI Trained on Your Business","url":"https:\/\/meetcody.ai\/","logo":{"@type":"ImageObject","inLanguage":"pl-PL","@id":"https:\/\/meetcody.ai\/#\/schema\/logo\/image\/","url":"https:\/\/meetcody.ai\/wp-content\/uploads\/2023\/05\/logo-codyai.svg","contentUrl":"https:\/\/meetcody.ai\/wp-content\/uploads\/2023\/05\/logo-codyai.svg","width":"1024","height":"1024","caption":"Cody AI - The AI Trained on Your Business"},"image":{"@id":"https:\/\/meetcody.ai\/#\/schema\/logo\/image\/"},"sameAs":["https:\/\/x.com\/meetcodyai","https:\/\/discord.com\/invite\/jXEVDcFxqs"]}]}},"_links":{"self":[{"href":"https:\/\/meetcody.ai\/pl\/wp-json\/wp\/v2\/pages\/49643","targetHints":{"allow":["GET"]}}],"collection":[{"href":"https:\/\/meetcody.ai\/pl\/wp-json\/wp\/v2\/pages"}],"about":[{"href":"https:\/\/meetcody.ai\/pl\/wp-json\/wp\/v2\/types\/page"}],"author":[{"embeddable":true,"href":"https:\/\/meetcody.ai\/pl\/wp-json\/wp\/v2\/users\/1"}],"replies":[{"embeddable":true,"href":"https:\/\/meetcody.ai\/pl\/wp-json\/wp\/v2\/comments?post=49643"}],"version-history":[{"count":57,"href":"https:\/\/meetcody.ai\/pl\/wp-json\/wp\/v2\/pages\/49643\/revisions"}],"predecessor-version":[{"id":50097,"href":"https:\/\/meetcody.ai\/pl\/wp-json\/wp\/v2\/pages\/49643\/revisions\/50097"}],"up":[{"embeddable":true,"href":"https:\/\/meetcody.ai\/pl\/wp-json\/wp\/v2\/pages\/49827"}],"wp:attachment":[{"href":"https:\/\/meetcody.ai\/pl\/wp-json\/wp\/v2\/media?parent=49643"}],"curies":[{"name":"wp","href":"https:\/\/api.w.org\/{rel}","templated":true}]}}