{"id":30409,"date":"2023-09-02T09:34:28","date_gmt":"2023-09-02T09:34:28","guid":{"rendered":"https:\/\/meetcody.ai\/sztuczna-inteligencja-dla-stron-internetowych\/"},"modified":"2023-09-02T09:34:40","modified_gmt":"2023-09-02T09:34:40","slug":"sztuczna-inteligencja-dla-stron-internetowych","status":"publish","type":"page","link":"https:\/\/meetcody.ai\/pl\/sztuczna-inteligencja-dla-stron-internetowych\/","title":{"rendered":"Sztuczna inteligencja dla stron internetowych"},"content":{"rendered":"<div class=\"wpb-content-wrapper\"><p>[vc_section el_id=&#8221;cody-for-slack-section_0&#8243;][vc_row][vc_column][vc_empty_space height=&#8221;90px&#8221; el_class=&#8221;show-for-large&#8221;][vc_empty_space height=&#8221;45px&#8221; el_class=&#8221;hide-for-large&#8221;][vc_row_inner el_class=&#8221;row no-padding-vc&#8221;][vc_column_inner][vc_column_text el_class=&#8221;text-center&#8221;]<\/p>\n<h1 class=\"margin-bottom-1point5rem font-color-gradient page-heading\">Wzmocnij swoj\u0105 witryn\u0119 dzi\u0119ki sztucznej inteligencji<\/h1>\n<p>[\/vc_column_text][vc_empty_space height=&#8221;45px&#8221;][vc_column_text el_class=&#8221;text-center&#8221;]<\/p>\n<p class=\"no-margin-bottom remove-br\"><span class=\"notion-enable-hover\" data-token-index=\"0\">Wskocz na pok\u0142ad poci\u0105gu AI dla swojej witryny biznesowej bez kodu.<\/span><\/p>\n<p>[\/vc_column_text][\/vc_column_inner][\/vc_row_inner][vc_empty_space height=&#8221;90px&#8221; el_class=&#8221;show-for-large&#8221;][vc_empty_space height=&#8221;45px&#8221; el_class=&#8221;hide-for-large&#8221;][vc_row_inner el_class=&#8221;row no-padding-vc&#8221;][vc_column_inner][vc_column_text el_class=&#8221;text-center&#8221;]<img loading=\"lazy\" decoding=\"async\" class=\"alignnone size-full wp-image-30366\" src=\"https:\/\/meetcody.ai\/wp-content\/uploads\/2023\/09\/Untitled-1.png\" alt=\"\" width=\"1234\" height=\"791\" srcset=\"https:\/\/meetcody.ai\/wp-content\/uploads\/2023\/09\/Untitled-1.png 1234w, https:\/\/meetcody.ai\/wp-content\/uploads\/2023\/09\/Untitled-1-300x192.png 300w, https:\/\/meetcody.ai\/wp-content\/uploads\/2023\/09\/Untitled-1-1024x656.png 1024w, https:\/\/meetcody.ai\/wp-content\/uploads\/2023\/09\/Untitled-1-768x492.png 768w, https:\/\/meetcody.ai\/wp-content\/uploads\/2023\/09\/Untitled-1-1011x648.png 1011w\" sizes=\"auto, (max-width: 1234px) 100vw, 1234px\" \/>[\/vc_column_text][\/vc_column_inner][\/vc_row_inner][vc_empty_space height=&#8221;45px&#8221;][vc_row_inner el_class=&#8221;row no-padding-vc&#8221;][vc_column_inner][vc_column_text el_class=&#8221;text-center&#8221;]<a class=\"button header-button no-margin-bottom\" href=\"https:\/\/getcody.ai\/auth\/signup\" target=\"_blank\" rel=\"noopener\"><span class=\"\">Zacznij teraz<\/span><\/a>[\/vc_column_text][\/vc_column_inner][\/vc_row_inner][\/vc_column][\/vc_row][\/vc_section][vc_section el_id=&#8221;cody-for-slack-section_1&#8243;][vc_row][vc_column][vc_empty_space height=&#8221;90px&#8221; el_class=&#8221;show-for-large&#8221;][vc_empty_space height=&#8221;45px&#8221; el_class=&#8221;hide-for-large&#8221;][vc_row_inner equal_height=&#8221;yes&#8221; content_placement=&#8221;middle&#8221; el_class=&#8221;row no-padding-vc&#8221;][vc_column_inner el_class=&#8221;large-order-1&#8243; width=&#8221;1\/2&#8243;][vc_column_text el_class=&#8221;text-center&#8221;]<img loading=\"lazy\" decoding=\"async\" class=\"alignnone wp-image-30357 size-full\" src=\"https:\/\/meetcody.ai\/wp-content\/uploads\/2023\/09\/Untitled.png\" alt=\"\" width=\"1234\" height=\"791\" srcset=\"https:\/\/meetcody.ai\/wp-content\/uploads\/2023\/09\/Untitled.png 1234w, https:\/\/meetcody.ai\/wp-content\/uploads\/2023\/09\/Untitled-300x192.png 300w, https:\/\/meetcody.ai\/wp-content\/uploads\/2023\/09\/Untitled-1024x656.png 1024w, https:\/\/meetcody.ai\/wp-content\/uploads\/2023\/09\/Untitled-768x492.png 768w, https:\/\/meetcody.ai\/wp-content\/uploads\/2023\/09\/Untitled-1011x648.png 1011w\" sizes=\"auto, (max-width: 1234px) 100vw, 1234px\" \/>[\/vc_column_text][vc_empty_space height=&#8221;45px&#8221; el_class=&#8221;hide-for-large&#8221;][\/vc_column_inner][vc_column_inner el_class=&#8221;large-order-0&#8243; width=&#8221;1\/2&#8243;][vc_column_text el_class=&#8221;large-text-left text-center extra-large-padding-right-for-large&#8221;]<\/p>\n<h1 class=\"font-color-white margin-bottom-2point5rem\">Osadzanie wid\u017cet\u00f3w na stronie internetowej<\/h1>\n<p class=\"no-margin-bottom font-color-white\">Zintegruj niestandardowe wid\u017cety ze swoj\u0105 witryn\u0105, korzystaj\u0105c z zaawansowanych algorytm\u00f3w GPT, aby wykorzysta\u0107 swoj\u0105 unikaln\u0105 wiedz\u0119 biznesow\u0105 i zaoferowa\u0107 spersonalizowane do\u015bwiadczenia dla okre\u015blonych preferencji.<\/p>\n<p>[\/vc_column_text][\/vc_column_inner][\/vc_row_inner][vc_empty_space height=&#8221;90px&#8221; el_class=&#8221;show-for-large&#8221;][vc_empty_space height=&#8221;45px&#8221; el_class=&#8221;hide-for-large&#8221;][\/vc_column][\/vc_row][\/vc_section][vc_section el_id=&#8221;cody-for-slack-section_2&#8243;][vc_row][vc_column][vc_empty_space height=&#8221;90px&#8221; el_class=&#8221;show-for-large&#8221;][vc_empty_space height=&#8221;45px&#8221; el_class=&#8221;hide-for-large&#8221;][vc_row_inner equal_height=&#8221;yes&#8221; content_placement=&#8221;middle&#8221; el_class=&#8221;row no-padding-vc&#8221;][vc_column_inner width=&#8221;1\/2&#8243;][vc_column_text el_class=&#8221;text-center&#8221;]<img loading=\"lazy\" decoding=\"async\" class=\"alignnone size-full wp-image-30375\" src=\"https:\/\/meetcody.ai\/wp-content\/uploads\/2023\/09\/Untitled-2.png\" alt=\"\" width=\"2468\" height=\"1582\" srcset=\"https:\/\/meetcody.ai\/wp-content\/uploads\/2023\/09\/Untitled-2.png 2468w, https:\/\/meetcody.ai\/wp-content\/uploads\/2023\/09\/Untitled-2-300x192.png 300w, https:\/\/meetcody.ai\/wp-content\/uploads\/2023\/09\/Untitled-2-1024x656.png 1024w, https:\/\/meetcody.ai\/wp-content\/uploads\/2023\/09\/Untitled-2-768x492.png 768w, https:\/\/meetcody.ai\/wp-content\/uploads\/2023\/09\/Untitled-2-1536x985.png 1536w, https:\/\/meetcody.ai\/wp-content\/uploads\/2023\/09\/Untitled-2-2048x1313.png 2048w, https:\/\/meetcody.ai\/wp-content\/uploads\/2023\/09\/Untitled-2-1011x648.png 1011w\" sizes=\"auto, (max-width: 2468px) 100vw, 2468px\" \/>[\/vc_column_text][vc_empty_space height=&#8221;45px&#8221; el_class=&#8221;hide-for-large&#8221;][\/vc_column_inner][vc_column_inner width=&#8221;1\/2&#8243;][vc_column_text el_class=&#8221;large-text-left text-center extra-large-padding-left-for-large&#8221;]<\/p>\n<h1 class=\"font-color-white margin-bottom-2point5rem\">Udost\u0119pnij wszystkim swojego niestandardowego bota AI<\/h1>\n<p class=\"no-margin-bottom font-color-white\">Rozszerz wsparcie dla swojej firmy, dostarczaj\u0105c \u0142atwe do udost\u0119pnienia linki do Cody Bot, zapewniaj\u0105c powszechn\u0105 dost\u0119pno\u015b\u0107.<\/p>\n<p>[\/vc_column_text][\/vc_column_inner][\/vc_row_inner][vc_empty_space height=&#8221;90px&#8221; el_class=&#8221;show-for-large&#8221;][vc_empty_space height=&#8221;45px&#8221; el_class=&#8221;hide-for-large&#8221;][\/vc_column][\/vc_row][\/vc_section][vc_section][vc_row][vc_column][vc_empty_space height=&#8221;90px&#8221; el_class=&#8221;show-for-large&#8221;][vc_empty_space height=&#8221;45px&#8221; el_class=&#8221;hide-for-large&#8221;][vc_row_inner equal_height=&#8221;yes&#8221; content_placement=&#8221;middle&#8221; el_class=&#8221;row no-padding-vc&#8221;][vc_column_inner el_class=&#8221;large-order-1&#8243; width=&#8221;1\/2&#8243;][vc_column_text el_class=&#8221;text-center&#8221;]<img loading=\"lazy\" decoding=\"async\" class=\"alignnone size-full wp-image-30384\" src=\"https:\/\/meetcody.ai\/wp-content\/uploads\/2023\/09\/Untitled-3.png\" alt=\"\" width=\"1234\" height=\"816\" srcset=\"https:\/\/meetcody.ai\/wp-content\/uploads\/2023\/09\/Untitled-3.png 1234w, https:\/\/meetcody.ai\/wp-content\/uploads\/2023\/09\/Untitled-3-300x198.png 300w, https:\/\/meetcody.ai\/wp-content\/uploads\/2023\/09\/Untitled-3-1024x677.png 1024w, https:\/\/meetcody.ai\/wp-content\/uploads\/2023\/09\/Untitled-3-768x508.png 768w, https:\/\/meetcody.ai\/wp-content\/uploads\/2023\/09\/Untitled-3-980x648.png 980w\" sizes=\"auto, (max-width: 1234px) 100vw, 1234px\" \/>[\/vc_column_text][vc_empty_space height=&#8221;45px&#8221; el_class=&#8221;hide-for-large&#8221;][\/vc_column_inner][vc_column_inner el_class=&#8221;large-order-0&#8243; width=&#8221;1\/2&#8243;][vc_column_text el_class=&#8221;large-text-left text-center extra-large-padding-right-for-large&#8221;]<\/p>\n<h1 class=\"font-color-white margin-bottom-2point5rem\">Lista opcji personalizacji<\/h1>\n<p class=\"no-margin-bottom font-color-white\">Nadaj swojemu wid\u017cetowi troch\u0119 osobowo\u015bci, dostosowuj\u0105c wszystko, od palety kolor\u00f3w po idealn\u0105 ikon\u0119. Dzi\u0119ki Cody masz \u015bwiat opcji personalizacji na wyci\u0105gni\u0119cie r\u0119ki.<\/p>\n<p>[\/vc_column_text][\/vc_column_inner][\/vc_row_inner][vc_empty_space height=&#8221;90px&#8221; el_class=&#8221;show-for-large&#8221;][vc_empty_space height=&#8221;45px&#8221; el_class=&#8221;hide-for-large&#8221;][\/vc_column][\/vc_row][\/vc_section][vc_section el_id=&#8221;cody-for-slack-section_3&#8243;][vc_row][vc_column][vc_empty_space height=&#8221;90px&#8221; el_class=&#8221;show-for-large&#8221;][vc_empty_space height=&#8221;45px&#8221; el_class=&#8221;hide-for-large&#8221;][vc_row_inner equal_height=&#8221;yes&#8221; content_placement=&#8221;middle&#8221; el_class=&#8221;row no-padding-vc animated-gradient-bg has-semirounded-border&#8221;][vc_column_inner][vc_empty_space height=&#8221;100px&#8221;][vc_column_text el_class=&#8221;text-center&#8221;]<\/p>\n<h1 class=\"font-color-white margin-bottom-2point5rem\">Wzmocnij swoj\u0105 stron\u0119 internetow\u0105 dzi\u0119ki niestandardowej sztucznej inteligencji Cody&#8217;ego<\/h1>\n<p><a class=\"button header-button no-margin-bottom\" href=\"https:\/\/getcody.ai\/auth\/signup\" target=\"_blank\" rel=\"noopener\"><span class=\"\">Rozpocznij za darmo<\/span><\/a>[\/vc_column_text][vc_empty_space height=&#8221;100px&#8221;][\/vc_column_inner][\/vc_row_inner][vc_empty_space height=&#8221;90px&#8221; el_class=&#8221;show-for-large&#8221;][vc_empty_space height=&#8221;45px&#8221; el_class=&#8221;hide-for-large&#8221;][\/vc_column][\/vc_row][\/vc_section]<\/p>\n<\/div>","protected":false},"excerpt":{"rendered":"<p>[vc_section el_id=&#8221;cody-for-slack-section_0&#8243;][vc_row][vc_column][vc_empty_space height=&#8221;90px&#8221; el_class=&#8221;show-for-large&#8221;][vc_empty_space height=&#8221;45px&#8221; el_class=&#8221;hide-for-large&#8221;][vc_row_inner el_class=&#8221;row no-padding-vc&#8221;][vc_column_inner][vc_column_text el_class=&#8221;text-center&#8221;] Wzmocnij swoj\u0105 witryn\u0119 dzi\u0119ki sztucznej inteligencji [\/vc_column_text][vc_empty_space height=&#8221;45px&#8221;][vc_column_text el_class=&#8221;text-center&#8221;] Wskocz na pok\u0142ad poci\u0105gu AI dla swojej witryny biznesowej bez kodu. [\/vc_column_text][\/vc_column_inner][\/vc_row_inner][vc_empty_space height=&#8221;90px&#8221; el_class=&#8221;show-for-large&#8221;][vc_empty_space height=&#8221;45px&#8221; el_class=&#8221;hide-for-large&#8221;][vc_row_inner el_class=&#8221;row no-padding-vc&#8221;][vc_column_inner][vc_column_text el_class=&#8221;text-center&#8221;][\/vc_column_text][\/vc_column_inner][\/vc_row_inner][vc_empty_space height=&#8221;45px&#8221;][vc_row_inner el_class=&#8221;row no-padding-vc&#8221;][vc_column_inner][vc_column_text el_class=&#8221;text-center&#8221;]Zacznij teraz[\/vc_column_text][\/vc_column_inner][\/vc_row_inner][\/vc_column][\/vc_row][\/vc_section][vc_section el_id=&#8221;cody-for-slack-section_1&#8243;][vc_row][vc_column][vc_empty_space height=&#8221;90px&#8221; el_class=&#8221;show-for-large&#8221;][vc_empty_space height=&#8221;45px&#8221; el_class=&#8221;hide-for-large&#8221;][vc_row_inner equal_height=&#8221;yes&#8221; content_placement=&#8221;middle&#8221; el_class=&#8221;row no-padding-vc&#8221;][vc_column_inner el_class=&#8221;large-order-1&#8243; width=&#8221;1\/2&#8243;][vc_column_text el_class=&#8221;text-center&#8221;][\/vc_column_text][vc_empty_space height=&#8221;45px&#8221;<a class=\"excerpt-read-more\" href=\"https:\/\/meetcody.ai\/pl\/sztuczna-inteligencja-dla-stron-internetowych\/\" title=\"ReadSztuczna inteligencja dla stron internetowych\">&#8230; Read more &raquo;<\/a><\/p>\n","protected":false},"author":1,"featured_media":0,"parent":0,"menu_order":0,"comment_status":"closed","ping_status":"closed","template":"template-visual-builder.php","meta":{"_acf_changed":false,"inline_featured_image":false,"footnotes":""},"class_list":["post-30409","page","type-page","status-publish","hentry"],"acf":[],"yoast_head":"<!-- This site is optimized with the Yoast SEO Premium plugin v21.8 (Yoast SEO v24.2) - https:\/\/yoast.com\/wordpress\/plugins\/seo\/ -->\n<title>Sztuczna inteligencja dla stron internetowych Przeszkolony w zakresie Twojej dzia\u0142alno\u015bci<\/title>\n<meta name=\"robots\" content=\"index, follow, max-snippet:-1, max-image-preview:large, max-video-preview:-1\" \/>\n<link rel=\"canonical\" href=\"https:\/\/meetcody.ai\/pl\/sztuczna-inteligencja-dla-stron-internetowych\/\" \/>\n<meta property=\"og:locale\" content=\"pl_PL\" \/>\n<meta property=\"og:type\" content=\"article\" \/>\n<meta property=\"og:title\" content=\"Sztuczna inteligencja dla stron internetowych\" \/>\n<meta property=\"og:description\" content=\"[vc_section el_id=&#8221;cody-for-slack-section_0&#8243;][vc_row][vc_column][vc_empty_space height=&#8221;90px&#8221; el_class=&#8221;show-for-large&#8221;][vc_empty_space height=&#8221;45px&#8221; el_class=&#8221;hide-for-large&#8221;][vc_row_inner el_class=&#8221;row no-padding-vc&#8221;][vc_column_inner][vc_column_text el_class=&#8221;text-center&#8221;] Wzmocnij swoj\u0105 witryn\u0119 dzi\u0119ki sztucznej inteligencji [\/vc_column_text][vc_empty_space height=&#8221;45px&#8221;][vc_column_text el_class=&#8221;text-center&#8221;] Wskocz na pok\u0142ad poci\u0105gu AI dla swojej witryny biznesowej bez kodu. [\/vc_column_text][\/vc_column_inner][\/vc_row_inner][vc_empty_space height=&#8221;90px&#8221; el_class=&#8221;show-for-large&#8221;][vc_empty_space height=&#8221;45px&#8221; el_class=&#8221;hide-for-large&#8221;][vc_row_inner el_class=&#8221;row no-padding-vc&#8221;][vc_column_inner][vc_column_text el_class=&#8221;text-center&#8221;][\/vc_column_text][\/vc_column_inner][\/vc_row_inner][vc_empty_space height=&#8221;45px&#8221;][vc_row_inner el_class=&#8221;row no-padding-vc&#8221;][vc_column_inner][vc_column_text el_class=&#8221;text-center&#8221;]Zacznij teraz[\/vc_column_text][\/vc_column_inner][\/vc_row_inner][\/vc_column][\/vc_row][\/vc_section][vc_section el_id=&#8221;cody-for-slack-section_1&#8243;][vc_row][vc_column][vc_empty_space height=&#8221;90px&#8221; el_class=&#8221;show-for-large&#8221;][vc_empty_space height=&#8221;45px&#8221; el_class=&#8221;hide-for-large&#8221;][vc_row_inner equal_height=&#8221;yes&#8221; content_placement=&#8221;middle&#8221; el_class=&#8221;row no-padding-vc&#8221;][vc_column_inner el_class=&#8221;large-order-1&#8243; width=&#8221;1\/2&#8243;][vc_column_text el_class=&#8221;text-center&#8221;][\/vc_column_text][vc_empty_space height=&#8221;45px&#8221;... Read more &raquo;\" \/>\n<meta property=\"og:url\" content=\"https:\/\/meetcody.ai\/pl\/sztuczna-inteligencja-dla-stron-internetowych\/\" \/>\n<meta property=\"og:site_name\" content=\"Cody - The AI Trained on Your Business\" \/>\n<meta property=\"article:modified_time\" content=\"2023-09-02T09:34:40+00:00\" \/>\n<meta property=\"og:image\" content=\"https:\/\/meetcody.ai\/wp-content\/uploads\/2023\/09\/Untitled-1.png\" \/>\n<meta name=\"twitter:card\" content=\"summary_large_image\" \/>\n<meta name=\"twitter:site\" content=\"@meetcodyai\" \/>\n<meta name=\"twitter:label1\" content=\"Est. reading time\" \/>\n\t<meta name=\"twitter:data1\" content=\"3 minutes\" \/>\n<script type=\"application\/ld+json\" class=\"yoast-schema-graph\">{\"@context\":\"https:\/\/schema.org\",\"@graph\":[{\"@type\":\"WebPage\",\"@id\":\"https:\/\/meetcody.ai\/pl\/sztuczna-inteligencja-dla-stron-internetowych\/\",\"url\":\"https:\/\/meetcody.ai\/pl\/sztuczna-inteligencja-dla-stron-internetowych\/\",\"name\":\"Sztuczna inteligencja dla stron internetowych Przeszkolony w zakresie Twojej dzia\u0142alno\u015bci\",\"isPartOf\":{\"@id\":\"https:\/\/meetcody.ai\/#website\"},\"primaryImageOfPage\":{\"@id\":\"https:\/\/meetcody.ai\/pl\/sztuczna-inteligencja-dla-stron-internetowych\/#primaryimage\"},\"image\":{\"@id\":\"https:\/\/meetcody.ai\/pl\/sztuczna-inteligencja-dla-stron-internetowych\/#primaryimage\"},\"thumbnailUrl\":\"https:\/\/meetcody.ai\/wp-content\/uploads\/2023\/09\/Untitled-1.png\",\"datePublished\":\"2023-09-02T09:34:28+00:00\",\"dateModified\":\"2023-09-02T09:34:40+00:00\",\"breadcrumb\":{\"@id\":\"https:\/\/meetcody.ai\/pl\/sztuczna-inteligencja-dla-stron-internetowych\/#breadcrumb\"},\"inLanguage\":\"pl-PL\",\"potentialAction\":[{\"@type\":\"ReadAction\",\"target\":[\"https:\/\/meetcody.ai\/pl\/sztuczna-inteligencja-dla-stron-internetowych\/\"]}]},{\"@type\":\"ImageObject\",\"inLanguage\":\"pl-PL\",\"@id\":\"https:\/\/meetcody.ai\/pl\/sztuczna-inteligencja-dla-stron-internetowych\/#primaryimage\",\"url\":\"https:\/\/meetcody.ai\/wp-content\/uploads\/2023\/09\/Untitled-1.png\",\"contentUrl\":\"https:\/\/meetcody.ai\/wp-content\/uploads\/2023\/09\/Untitled-1.png\"},{\"@type\":\"BreadcrumbList\",\"@id\":\"https:\/\/meetcody.ai\/pl\/sztuczna-inteligencja-dla-stron-internetowych\/#breadcrumb\",\"itemListElement\":[{\"@type\":\"ListItem\",\"position\":1,\"name\":\"Home\",\"item\":\"https:\/\/meetcody.ai\/pl\/home-v2\/\"},{\"@type\":\"ListItem\",\"position\":2,\"name\":\"Sztuczna inteligencja dla stron internetowych\"}]},{\"@type\":\"WebSite\",\"@id\":\"https:\/\/meetcody.ai\/#website\",\"url\":\"https:\/\/meetcody.ai\/\",\"name\":\"Cody AI - The AI Trained on Your Business\",\"description\":\"AI Powered Knowledge Base for Employees\",\"publisher\":{\"@id\":\"https:\/\/meetcody.ai\/#organization\"},\"potentialAction\":[{\"@type\":\"SearchAction\",\"target\":{\"@type\":\"EntryPoint\",\"urlTemplate\":\"https:\/\/meetcody.ai\/?s={search_term_string}\"},\"query-input\":{\"@type\":\"PropertyValueSpecification\",\"valueRequired\":true,\"valueName\":\"search_term_string\"}}],\"inLanguage\":\"pl-PL\"},{\"@type\":\"Organization\",\"@id\":\"https:\/\/meetcody.ai\/#organization\",\"name\":\"Cody AI - The AI Trained on Your Business\",\"url\":\"https:\/\/meetcody.ai\/\",\"logo\":{\"@type\":\"ImageObject\",\"inLanguage\":\"pl-PL\",\"@id\":\"https:\/\/meetcody.ai\/#\/schema\/logo\/image\/\",\"url\":\"https:\/\/meetcody.ai\/wp-content\/uploads\/2023\/05\/logo-codyai.svg\",\"contentUrl\":\"https:\/\/meetcody.ai\/wp-content\/uploads\/2023\/05\/logo-codyai.svg\",\"width\":\"1024\",\"height\":\"1024\",\"caption\":\"Cody AI - The AI Trained on Your Business\"},\"image\":{\"@id\":\"https:\/\/meetcody.ai\/#\/schema\/logo\/image\/\"},\"sameAs\":[\"https:\/\/x.com\/meetcodyai\",\"https:\/\/discord.com\/invite\/jXEVDcFxqs\"]}]}<\/script>\n<!-- \/ Yoast SEO Premium plugin. -->","yoast_head_json":{"title":"Sztuczna inteligencja dla stron internetowych Przeszkolony w zakresie Twojej dzia\u0142alno\u015bci","robots":{"index":"index","follow":"follow","max-snippet":"max-snippet:-1","max-image-preview":"max-image-preview:large","max-video-preview":"max-video-preview:-1"},"canonical":"https:\/\/meetcody.ai\/pl\/sztuczna-inteligencja-dla-stron-internetowych\/","og_locale":"pl_PL","og_type":"article","og_title":"Sztuczna inteligencja dla stron internetowych","og_description":"[vc_section el_id=&#8221;cody-for-slack-section_0&#8243;][vc_row][vc_column][vc_empty_space height=&#8221;90px&#8221; el_class=&#8221;show-for-large&#8221;][vc_empty_space height=&#8221;45px&#8221; el_class=&#8221;hide-for-large&#8221;][vc_row_inner el_class=&#8221;row no-padding-vc&#8221;][vc_column_inner][vc_column_text el_class=&#8221;text-center&#8221;] Wzmocnij swoj\u0105 witryn\u0119 dzi\u0119ki sztucznej inteligencji [\/vc_column_text][vc_empty_space height=&#8221;45px&#8221;][vc_column_text el_class=&#8221;text-center&#8221;] Wskocz na pok\u0142ad poci\u0105gu AI dla swojej witryny biznesowej bez kodu. [\/vc_column_text][\/vc_column_inner][\/vc_row_inner][vc_empty_space height=&#8221;90px&#8221; el_class=&#8221;show-for-large&#8221;][vc_empty_space height=&#8221;45px&#8221; el_class=&#8221;hide-for-large&#8221;][vc_row_inner el_class=&#8221;row no-padding-vc&#8221;][vc_column_inner][vc_column_text el_class=&#8221;text-center&#8221;][\/vc_column_text][\/vc_column_inner][\/vc_row_inner][vc_empty_space height=&#8221;45px&#8221;][vc_row_inner el_class=&#8221;row no-padding-vc&#8221;][vc_column_inner][vc_column_text el_class=&#8221;text-center&#8221;]Zacznij teraz[\/vc_column_text][\/vc_column_inner][\/vc_row_inner][\/vc_column][\/vc_row][\/vc_section][vc_section el_id=&#8221;cody-for-slack-section_1&#8243;][vc_row][vc_column][vc_empty_space height=&#8221;90px&#8221; el_class=&#8221;show-for-large&#8221;][vc_empty_space height=&#8221;45px&#8221; el_class=&#8221;hide-for-large&#8221;][vc_row_inner equal_height=&#8221;yes&#8221; content_placement=&#8221;middle&#8221; el_class=&#8221;row no-padding-vc&#8221;][vc_column_inner el_class=&#8221;large-order-1&#8243; width=&#8221;1\/2&#8243;][vc_column_text el_class=&#8221;text-center&#8221;][\/vc_column_text][vc_empty_space height=&#8221;45px&#8221;... Read more &raquo;","og_url":"https:\/\/meetcody.ai\/pl\/sztuczna-inteligencja-dla-stron-internetowych\/","og_site_name":"Cody - The AI Trained on Your Business","article_modified_time":"2023-09-02T09:34:40+00:00","og_image":[{"url":"https:\/\/meetcody.ai\/wp-content\/uploads\/2023\/09\/Untitled-1.png","type":"","width":"","height":""}],"twitter_card":"summary_large_image","twitter_site":"@meetcodyai","twitter_misc":{"Est. reading time":"3 minutes"},"schema":{"@context":"https:\/\/schema.org","@graph":[{"@type":"WebPage","@id":"https:\/\/meetcody.ai\/pl\/sztuczna-inteligencja-dla-stron-internetowych\/","url":"https:\/\/meetcody.ai\/pl\/sztuczna-inteligencja-dla-stron-internetowych\/","name":"Sztuczna inteligencja dla stron internetowych Przeszkolony w zakresie Twojej dzia\u0142alno\u015bci","isPartOf":{"@id":"https:\/\/meetcody.ai\/#website"},"primaryImageOfPage":{"@id":"https:\/\/meetcody.ai\/pl\/sztuczna-inteligencja-dla-stron-internetowych\/#primaryimage"},"image":{"@id":"https:\/\/meetcody.ai\/pl\/sztuczna-inteligencja-dla-stron-internetowych\/#primaryimage"},"thumbnailUrl":"https:\/\/meetcody.ai\/wp-content\/uploads\/2023\/09\/Untitled-1.png","datePublished":"2023-09-02T09:34:28+00:00","dateModified":"2023-09-02T09:34:40+00:00","breadcrumb":{"@id":"https:\/\/meetcody.ai\/pl\/sztuczna-inteligencja-dla-stron-internetowych\/#breadcrumb"},"inLanguage":"pl-PL","potentialAction":[{"@type":"ReadAction","target":["https:\/\/meetcody.ai\/pl\/sztuczna-inteligencja-dla-stron-internetowych\/"]}]},{"@type":"ImageObject","inLanguage":"pl-PL","@id":"https:\/\/meetcody.ai\/pl\/sztuczna-inteligencja-dla-stron-internetowych\/#primaryimage","url":"https:\/\/meetcody.ai\/wp-content\/uploads\/2023\/09\/Untitled-1.png","contentUrl":"https:\/\/meetcody.ai\/wp-content\/uploads\/2023\/09\/Untitled-1.png"},{"@type":"BreadcrumbList","@id":"https:\/\/meetcody.ai\/pl\/sztuczna-inteligencja-dla-stron-internetowych\/#breadcrumb","itemListElement":[{"@type":"ListItem","position":1,"name":"Home","item":"https:\/\/meetcody.ai\/pl\/home-v2\/"},{"@type":"ListItem","position":2,"name":"Sztuczna inteligencja dla stron internetowych"}]},{"@type":"WebSite","@id":"https:\/\/meetcody.ai\/#website","url":"https:\/\/meetcody.ai\/","name":"Cody AI - The AI Trained on Your Business","description":"AI Powered Knowledge Base for Employees","publisher":{"@id":"https:\/\/meetcody.ai\/#organization"},"potentialAction":[{"@type":"SearchAction","target":{"@type":"EntryPoint","urlTemplate":"https:\/\/meetcody.ai\/?s={search_term_string}"},"query-input":{"@type":"PropertyValueSpecification","valueRequired":true,"valueName":"search_term_string"}}],"inLanguage":"pl-PL"},{"@type":"Organization","@id":"https:\/\/meetcody.ai\/#organization","name":"Cody AI - The AI Trained on Your Business","url":"https:\/\/meetcody.ai\/","logo":{"@type":"ImageObject","inLanguage":"pl-PL","@id":"https:\/\/meetcody.ai\/#\/schema\/logo\/image\/","url":"https:\/\/meetcody.ai\/wp-content\/uploads\/2023\/05\/logo-codyai.svg","contentUrl":"https:\/\/meetcody.ai\/wp-content\/uploads\/2023\/05\/logo-codyai.svg","width":"1024","height":"1024","caption":"Cody AI - The AI Trained on Your Business"},"image":{"@id":"https:\/\/meetcody.ai\/#\/schema\/logo\/image\/"},"sameAs":["https:\/\/x.com\/meetcodyai","https:\/\/discord.com\/invite\/jXEVDcFxqs"]}]}},"_links":{"self":[{"href":"https:\/\/meetcody.ai\/pl\/wp-json\/wp\/v2\/pages\/30409","targetHints":{"allow":["GET"]}}],"collection":[{"href":"https:\/\/meetcody.ai\/pl\/wp-json\/wp\/v2\/pages"}],"about":[{"href":"https:\/\/meetcody.ai\/pl\/wp-json\/wp\/v2\/types\/page"}],"author":[{"embeddable":true,"href":"https:\/\/meetcody.ai\/pl\/wp-json\/wp\/v2\/users\/1"}],"replies":[{"embeddable":true,"href":"https:\/\/meetcody.ai\/pl\/wp-json\/wp\/v2\/comments?post=30409"}],"version-history":[{"count":2,"href":"https:\/\/meetcody.ai\/pl\/wp-json\/wp\/v2\/pages\/30409\/revisions"}],"predecessor-version":[{"id":30413,"href":"https:\/\/meetcody.ai\/pl\/wp-json\/wp\/v2\/pages\/30409\/revisions\/30413"}],"wp:attachment":[{"href":"https:\/\/meetcody.ai\/pl\/wp-json\/wp\/v2\/media?parent=30409"}],"curies":[{"name":"wp","href":"https:\/\/api.w.org\/{rel}","templated":true}]}}