{"id":30324,"date":"2023-08-30T17:02:33","date_gmt":"2023-08-30T17:02:33","guid":{"rendered":"https:\/\/meetcody.ai\/ai-dla-discord\/"},"modified":"2023-08-30T17:02:48","modified_gmt":"2023-08-30T17:02:48","slug":"ai-dla-discord","status":"publish","type":"page","link":"https:\/\/meetcody.ai\/pl\/ai-dla-discord\/","title":{"rendered":"AI dla Discord"},"content":{"rendered":"<div class=\"wpb-content-wrapper\"><p>[vc_section el_id=&#8221;cody-for-slack-section_0&#8243;][vc_row][vc_column][vc_empty_space height=&#8221;90px&#8221; el_class=&#8221;show-for-large&#8221;][vc_empty_space height=&#8221;45px&#8221; el_class=&#8221;hide-for-large&#8221;][vc_row_inner el_class=&#8221;row no-padding-vc&#8221;][vc_column_inner][vc_column_text el_class=&#8221;text-center&#8221;]<\/p>\n<h1 class=\"margin-bottom-1point5rem font-color-gradient page-heading\">Przekszta\u0142\u0107 sw\u00f3j serwer Discord<br \/>\nz niestandardow\u0105 sztuczn\u0105 inteligencj\u0105<\/h1>\n<p>[\/vc_column_text][vc_empty_space height=&#8221;45px&#8221;][vc_column_text el_class=&#8221;text-center&#8221;]<\/p>\n<p class=\"no-margin-bottom remove-br\">Integracja niestandardowego ChatGPT z serwerem Discord jest teraz szybsza i \u0142atwiejsza ni\u017c kiedykolwiek.<\/p>\n<p>[\/vc_column_text][\/vc_column_inner][\/vc_row_inner][vc_empty_space height=&#8221;90px&#8221; el_class=&#8221;show-for-large&#8221;][vc_empty_space height=&#8221;45px&#8221; el_class=&#8221;hide-for-large&#8221;][vc_row_inner el_class=&#8221;row no-padding-vc&#8221;][vc_column_inner][vc_column_text el_class=&#8221;text-center&#8221;]<\/p>\n<p><img loading=\"lazy\" decoding=\"async\" class=\"alignnone size-full wp-image-30300\" src=\"https:\/\/meetcody.ai\/wp-content\/uploads\/2023\/08\/DiscordCover3.png\" alt=\"\" width=\"1234\" height=\"780\" srcset=\"https:\/\/meetcody.ai\/wp-content\/uploads\/2023\/08\/DiscordCover3.png 1234w, https:\/\/meetcody.ai\/wp-content\/uploads\/2023\/08\/DiscordCover3-300x190.png 300w, https:\/\/meetcody.ai\/wp-content\/uploads\/2023\/08\/DiscordCover3-1024x647.png 1024w, https:\/\/meetcody.ai\/wp-content\/uploads\/2023\/08\/DiscordCover3-768x485.png 768w, https:\/\/meetcody.ai\/wp-content\/uploads\/2023\/08\/DiscordCover3-1025x648.png 1025w\" sizes=\"auto, (max-width: 1234px) 100vw, 1234px\" \/>[\/vc_column_text][\/vc_column_inner][\/vc_row_inner][vc_empty_space height=&#8221;45px&#8221;][vc_row_inner el_class=&#8221;row no-padding-vc&#8221;][vc_column_inner][vc_column_text el_class=&#8221;text-center&#8221;]<a class=\"button header-button no-margin-bottom\" href=\"https:\/\/getcody.ai\/auth\/signup\" target=\"_blank\" rel=\"noopener\"><span class=\"\">Zacznij teraz<\/span><\/a>[\/vc_column_text][\/vc_column_inner][\/vc_row_inner][\/vc_column][\/vc_row][\/vc_section][vc_section el_id=&#8221;cody-for-slack-section_1&#8243;][vc_row][vc_column][vc_empty_space height=&#8221;90px&#8221; el_class=&#8221;show-for-large&#8221;][vc_empty_space height=&#8221;45px&#8221; el_class=&#8221;hide-for-large&#8221;][vc_row_inner equal_height=&#8221;yes&#8221; content_placement=&#8221;middle&#8221; el_class=&#8221;row no-padding-vc&#8221;][vc_column_inner el_class=&#8221;large-order-1&#8243; width=&#8221;1\/2&#8243;][vc_column_text el_class=&#8221;text-center&#8221;]<\/p>\n<p><img loading=\"lazy\" decoding=\"async\" class=\"alignnone size-full wp-image-30282\" src=\"https:\/\/meetcody.ai\/wp-content\/uploads\/2023\/08\/DiscordCover1.png\" alt=\"\" width=\"1234\" height=\"735\" srcset=\"https:\/\/meetcody.ai\/wp-content\/uploads\/2023\/08\/DiscordCover1.png 1234w, https:\/\/meetcody.ai\/wp-content\/uploads\/2023\/08\/DiscordCover1-300x179.png 300w, https:\/\/meetcody.ai\/wp-content\/uploads\/2023\/08\/DiscordCover1-1024x610.png 1024w, https:\/\/meetcody.ai\/wp-content\/uploads\/2023\/08\/DiscordCover1-768x457.png 768w, https:\/\/meetcody.ai\/wp-content\/uploads\/2023\/08\/DiscordCover1-1088x648.png 1088w\" sizes=\"auto, (max-width: 1234px) 100vw, 1234px\" \/>[\/vc_column_text][vc_empty_space height=&#8221;45px&#8221; el_class=&#8221;hide-for-large&#8221;][\/vc_column_inner][vc_column_inner el_class=&#8221;large-order-0&#8243; width=&#8221;1\/2&#8243;][vc_column_text el_class=&#8221;large-text-left text-center extra-large-padding-right-for-large&#8221;]<\/p>\n<h1 class=\"font-color-white margin-bottom-2point5rem\"><span class=\"notion-enable-hover\" data-token-index=\"0\">Uczy\u0144 sw\u00f3j serwer bardziej interaktywnym<\/span><\/h1>\n<p class=\"no-margin-bottom font-color-white\">Porzu\u0107 stare, oskryptowane wiadomo\u015bci. Dzi\u0119ki Cody mo\u017cesz cieszy\u0107 si\u0119 spontanicznymi i anga\u017cuj\u0105cymi rozmowami, kt\u00f3re sprawi\u0105, \u017ce u\u017cytkownicy b\u0119d\u0105 wraca\u0107 po wi\u0119cej.<\/p>\n<p>[\/vc_column_text][\/vc_column_inner][\/vc_row_inner][vc_empty_space height=&#8221;90px&#8221; el_class=&#8221;show-for-large&#8221;][vc_empty_space height=&#8221;45px&#8221; el_class=&#8221;hide-for-large&#8221;][\/vc_column][\/vc_row][\/vc_section][vc_section el_id=&#8221;cody-for-slack-section_2&#8243;][vc_row][vc_column][vc_empty_space height=&#8221;90px&#8221; el_class=&#8221;show-for-large&#8221;][vc_empty_space height=&#8221;45px&#8221; el_class=&#8221;hide-for-large&#8221;][vc_row_inner equal_height=&#8221;yes&#8221; content_placement=&#8221;middle&#8221; el_class=&#8221;row no-padding-vc&#8221;][vc_column_inner width=&#8221;1\/2&#8243;][vc_column_text el_class=&#8221;text-center&#8221;]<\/p>\n<p><img loading=\"lazy\" decoding=\"async\" class=\"alignnone size-full wp-image-30291\" src=\"https:\/\/meetcody.ai\/wp-content\/uploads\/2023\/08\/DiscordCover2.png\" alt=\"\" width=\"1234\" height=\"781\" srcset=\"https:\/\/meetcody.ai\/wp-content\/uploads\/2023\/08\/DiscordCover2.png 1234w, https:\/\/meetcody.ai\/wp-content\/uploads\/2023\/08\/DiscordCover2-300x190.png 300w, https:\/\/meetcody.ai\/wp-content\/uploads\/2023\/08\/DiscordCover2-1024x648.png 1024w, https:\/\/meetcody.ai\/wp-content\/uploads\/2023\/08\/DiscordCover2-768x486.png 768w\" sizes=\"auto, (max-width: 1234px) 100vw, 1234px\" \/>[\/vc_column_text][vc_empty_space height=&#8221;45px&#8221; el_class=&#8221;hide-for-large&#8221;][\/vc_column_inner][vc_column_inner width=&#8221;1\/2&#8243;][vc_column_text el_class=&#8221;large-text-left text-center extra-large-padding-left-for-large&#8221;]<\/p>\n<h1 class=\"font-color-white margin-bottom-2point5rem\"><span class=\"notion-enable-hover\" data-token-index=\"0\">Usprawnienie dost\u0119pu do bazy wiedzy<\/span><\/h1>\n<p class=\"no-margin-bottom font-color-white\">Koniec z \u017cmudnym przeszukiwaniem cz\u0119sto zadawanych pyta\u0144. Cody umo\u017cliwia u\u017cytkownikom bezpo\u015brednie przeszukiwanie bazy wiedzy, u\u0142atwiaj\u0105c zrozumienie danych i dost\u0119p do nich dla spo\u0142eczno\u015bci.<\/p>\n<p>[\/vc_column_text][\/vc_column_inner][\/vc_row_inner][vc_empty_space height=&#8221;90px&#8221; el_class=&#8221;show-for-large&#8221;][vc_empty_space height=&#8221;45px&#8221; el_class=&#8221;hide-for-large&#8221;][\/vc_column][\/vc_row][\/vc_section][vc_section el_id=&#8221;cody-for-slack-section_3&#8243;][vc_row][vc_column][vc_empty_space height=&#8221;90px&#8221; el_class=&#8221;show-for-large&#8221;][vc_empty_space height=&#8221;45px&#8221; el_class=&#8221;hide-for-large&#8221;][vc_row_inner equal_height=&#8221;yes&#8221; content_placement=&#8221;middle&#8221; el_class=&#8221;row no-padding-vc animated-gradient-bg has-semirounded-border&#8221;][vc_column_inner][vc_empty_space height=&#8221;100px&#8221;][vc_column_text el_class=&#8221;text-center&#8221;]<\/p>\n<h1 class=\"font-color-white margin-bottom-2point5rem\">Usprawnij prac\u0119 zespo\u0142ow\u0105 dzi\u0119ki Cody dla Discord AI<\/h1>\n<p><a class=\"button header-button no-margin-bottom\" href=\"https:\/\/getcody.ai\/auth\/signup\" target=\"_blank\" rel=\"noopener\"><span class=\"\">Rozpocznij za darmo<\/span><\/a>[\/vc_column_text][vc_empty_space height=&#8221;100px&#8221;][\/vc_column_inner][\/vc_row_inner][vc_empty_space height=&#8221;90px&#8221; el_class=&#8221;show-for-large&#8221;][vc_empty_space height=&#8221;45px&#8221; el_class=&#8221;hide-for-large&#8221;][\/vc_column][\/vc_row][\/vc_section]<\/p>\n<\/div>","protected":false},"excerpt":{"rendered":"<p>[vc_section el_id=&#8221;cody-for-slack-section_0&#8243;][vc_row][vc_column][vc_empty_space height=&#8221;90px&#8221; el_class=&#8221;show-for-large&#8221;][vc_empty_space height=&#8221;45px&#8221; el_class=&#8221;hide-for-large&#8221;][vc_row_inner el_class=&#8221;row no-padding-vc&#8221;][vc_column_inner][vc_column_text el_class=&#8221;text-center&#8221;] Przekszta\u0142\u0107 sw\u00f3j serwer Discord z niestandardow\u0105 sztuczn\u0105 inteligencj\u0105 [\/vc_column_text][vc_empty_space height=&#8221;45px&#8221;][vc_column_text el_class=&#8221;text-center&#8221;] Integracja niestandardowego ChatGPT z serwerem Discord jest teraz szybsza i \u0142atwiejsza ni\u017c kiedykolwiek. [\/vc_column_text][\/vc_column_inner][\/vc_row_inner][vc_empty_space height=&#8221;90px&#8221; el_class=&#8221;show-for-large&#8221;][vc_empty_space height=&#8221;45px&#8221; el_class=&#8221;hide-for-large&#8221;][vc_row_inner el_class=&#8221;row no-padding-vc&#8221;][vc_column_inner][vc_column_text el_class=&#8221;text-center&#8221;] [\/vc_column_text][\/vc_column_inner][\/vc_row_inner][vc_empty_space height=&#8221;45px&#8221;][vc_row_inner el_class=&#8221;row no-padding-vc&#8221;][vc_column_inner][vc_column_text el_class=&#8221;text-center&#8221;]Zacznij teraz[\/vc_column_text][\/vc_column_inner][\/vc_row_inner][\/vc_column][\/vc_row][\/vc_section][vc_section el_id=&#8221;cody-for-slack-section_1&#8243;][vc_row][vc_column][vc_empty_space height=&#8221;90px&#8221; el_class=&#8221;show-for-large&#8221;][vc_empty_space height=&#8221;45px&#8221; el_class=&#8221;hide-for-large&#8221;][vc_row_inner equal_height=&#8221;yes&#8221; content_placement=&#8221;middle&#8221; el_class=&#8221;row<a class=\"excerpt-read-more\" href=\"https:\/\/meetcody.ai\/pl\/ai-dla-discord\/\" title=\"ReadAI dla Discord\">&#8230; Read more &raquo;<\/a><\/p>\n","protected":false},"author":1,"featured_media":0,"parent":0,"menu_order":0,"comment_status":"closed","ping_status":"closed","template":"template-visual-builder.php","meta":{"_acf_changed":false,"inline_featured_image":false,"footnotes":""},"class_list":["post-30324","page","type-page","status-publish","hentry"],"acf":[],"yoast_head":"<!-- This site is optimized with the Yoast SEO Premium plugin v21.8 (Yoast SEO v24.2) - https:\/\/yoast.com\/wordpress\/plugins\/seo\/ -->\n<title>AI dla Discord Przeszkolony w zakresie Twojej dzia\u0142alno\u015bci<\/title>\n<meta name=\"description\" content=\"Integracja niestandardowego ChatGPT z serwerem Discord jest teraz szybsza i \u0142atwiejsza ni\u017c kiedykolwiek.\" \/>\n<meta name=\"robots\" content=\"index, follow, max-snippet:-1, max-image-preview:large, max-video-preview:-1\" \/>\n<link rel=\"canonical\" href=\"https:\/\/meetcody.ai\/pl\/ai-dla-discord\/\" \/>\n<meta property=\"og:locale\" content=\"pl_PL\" \/>\n<meta property=\"og:type\" content=\"article\" \/>\n<meta property=\"og:title\" content=\"AI dla Discord\" \/>\n<meta property=\"og:description\" content=\"Integracja niestandardowego ChatGPT z serwerem Discord jest teraz szybsza i \u0142atwiejsza ni\u017c kiedykolwiek.\" \/>\n<meta property=\"og:url\" content=\"https:\/\/meetcody.ai\/pl\/ai-dla-discord\/\" \/>\n<meta property=\"og:site_name\" content=\"Cody - The AI Trained on Your Business\" \/>\n<meta property=\"article:modified_time\" content=\"2023-08-30T17:02:48+00:00\" \/>\n<meta property=\"og:image\" content=\"https:\/\/meetcody.ai\/wp-content\/uploads\/2023\/08\/DiscordCover3.png\" \/>\n<meta name=\"twitter:card\" content=\"summary_large_image\" \/>\n<meta name=\"twitter:site\" content=\"@meetcodyai\" \/>\n<meta name=\"twitter:label1\" content=\"Est. reading time\" \/>\n\t<meta name=\"twitter:data1\" content=\"3 minutes\" \/>\n<script type=\"application\/ld+json\" class=\"yoast-schema-graph\">{\"@context\":\"https:\/\/schema.org\",\"@graph\":[{\"@type\":\"WebPage\",\"@id\":\"https:\/\/meetcody.ai\/pl\/ai-dla-discord\/\",\"url\":\"https:\/\/meetcody.ai\/pl\/ai-dla-discord\/\",\"name\":\"AI dla Discord Przeszkolony w zakresie Twojej dzia\u0142alno\u015bci\",\"isPartOf\":{\"@id\":\"https:\/\/meetcody.ai\/#website\"},\"primaryImageOfPage\":{\"@id\":\"https:\/\/meetcody.ai\/pl\/ai-dla-discord\/#primaryimage\"},\"image\":{\"@id\":\"https:\/\/meetcody.ai\/pl\/ai-dla-discord\/#primaryimage\"},\"thumbnailUrl\":\"https:\/\/meetcody.ai\/wp-content\/uploads\/2023\/08\/DiscordCover3.png\",\"datePublished\":\"2023-08-30T17:02:33+00:00\",\"dateModified\":\"2023-08-30T17:02:48+00:00\",\"description\":\"Integracja niestandardowego ChatGPT z serwerem Discord jest teraz szybsza i \u0142atwiejsza ni\u017c kiedykolwiek.\",\"breadcrumb\":{\"@id\":\"https:\/\/meetcody.ai\/pl\/ai-dla-discord\/#breadcrumb\"},\"inLanguage\":\"pl-PL\",\"potentialAction\":[{\"@type\":\"ReadAction\",\"target\":[\"https:\/\/meetcody.ai\/pl\/ai-dla-discord\/\"]}]},{\"@type\":\"ImageObject\",\"inLanguage\":\"pl-PL\",\"@id\":\"https:\/\/meetcody.ai\/pl\/ai-dla-discord\/#primaryimage\",\"url\":\"https:\/\/meetcody.ai\/wp-content\/uploads\/2023\/08\/DiscordCover3.png\",\"contentUrl\":\"https:\/\/meetcody.ai\/wp-content\/uploads\/2023\/08\/DiscordCover3.png\"},{\"@type\":\"BreadcrumbList\",\"@id\":\"https:\/\/meetcody.ai\/pl\/ai-dla-discord\/#breadcrumb\",\"itemListElement\":[{\"@type\":\"ListItem\",\"position\":1,\"name\":\"Home\",\"item\":\"https:\/\/meetcody.ai\/pl\/home-v2\/\"},{\"@type\":\"ListItem\",\"position\":2,\"name\":\"AI dla Discord\"}]},{\"@type\":\"WebSite\",\"@id\":\"https:\/\/meetcody.ai\/#website\",\"url\":\"https:\/\/meetcody.ai\/\",\"name\":\"Cody AI - The AI Trained on Your Business\",\"description\":\"AI Powered Knowledge Base for Employees\",\"publisher\":{\"@id\":\"https:\/\/meetcody.ai\/#organization\"},\"potentialAction\":[{\"@type\":\"SearchAction\",\"target\":{\"@type\":\"EntryPoint\",\"urlTemplate\":\"https:\/\/meetcody.ai\/?s={search_term_string}\"},\"query-input\":{\"@type\":\"PropertyValueSpecification\",\"valueRequired\":true,\"valueName\":\"search_term_string\"}}],\"inLanguage\":\"pl-PL\"},{\"@type\":\"Organization\",\"@id\":\"https:\/\/meetcody.ai\/#organization\",\"name\":\"Cody AI - The AI Trained on Your Business\",\"url\":\"https:\/\/meetcody.ai\/\",\"logo\":{\"@type\":\"ImageObject\",\"inLanguage\":\"pl-PL\",\"@id\":\"https:\/\/meetcody.ai\/#\/schema\/logo\/image\/\",\"url\":\"https:\/\/meetcody.ai\/wp-content\/uploads\/2023\/05\/logo-codyai.svg\",\"contentUrl\":\"https:\/\/meetcody.ai\/wp-content\/uploads\/2023\/05\/logo-codyai.svg\",\"width\":\"1024\",\"height\":\"1024\",\"caption\":\"Cody AI - The AI Trained on Your Business\"},\"image\":{\"@id\":\"https:\/\/meetcody.ai\/#\/schema\/logo\/image\/\"},\"sameAs\":[\"https:\/\/x.com\/meetcodyai\",\"https:\/\/discord.com\/invite\/jXEVDcFxqs\"]}]}<\/script>\n<!-- \/ Yoast SEO Premium plugin. -->","yoast_head_json":{"title":"AI dla Discord Przeszkolony w zakresie Twojej dzia\u0142alno\u015bci","description":"Integracja niestandardowego ChatGPT z serwerem Discord jest teraz szybsza i \u0142atwiejsza ni\u017c kiedykolwiek.","robots":{"index":"index","follow":"follow","max-snippet":"max-snippet:-1","max-image-preview":"max-image-preview:large","max-video-preview":"max-video-preview:-1"},"canonical":"https:\/\/meetcody.ai\/pl\/ai-dla-discord\/","og_locale":"pl_PL","og_type":"article","og_title":"AI dla Discord","og_description":"Integracja niestandardowego ChatGPT z serwerem Discord jest teraz szybsza i \u0142atwiejsza ni\u017c kiedykolwiek.","og_url":"https:\/\/meetcody.ai\/pl\/ai-dla-discord\/","og_site_name":"Cody - The AI Trained on Your Business","article_modified_time":"2023-08-30T17:02:48+00:00","og_image":[{"url":"https:\/\/meetcody.ai\/wp-content\/uploads\/2023\/08\/DiscordCover3.png","type":"","width":"","height":""}],"twitter_card":"summary_large_image","twitter_site":"@meetcodyai","twitter_misc":{"Est. reading time":"3 minutes"},"schema":{"@context":"https:\/\/schema.org","@graph":[{"@type":"WebPage","@id":"https:\/\/meetcody.ai\/pl\/ai-dla-discord\/","url":"https:\/\/meetcody.ai\/pl\/ai-dla-discord\/","name":"AI dla Discord Przeszkolony w zakresie Twojej dzia\u0142alno\u015bci","isPartOf":{"@id":"https:\/\/meetcody.ai\/#website"},"primaryImageOfPage":{"@id":"https:\/\/meetcody.ai\/pl\/ai-dla-discord\/#primaryimage"},"image":{"@id":"https:\/\/meetcody.ai\/pl\/ai-dla-discord\/#primaryimage"},"thumbnailUrl":"https:\/\/meetcody.ai\/wp-content\/uploads\/2023\/08\/DiscordCover3.png","datePublished":"2023-08-30T17:02:33+00:00","dateModified":"2023-08-30T17:02:48+00:00","description":"Integracja niestandardowego ChatGPT z serwerem Discord jest teraz szybsza i \u0142atwiejsza ni\u017c kiedykolwiek.","breadcrumb":{"@id":"https:\/\/meetcody.ai\/pl\/ai-dla-discord\/#breadcrumb"},"inLanguage":"pl-PL","potentialAction":[{"@type":"ReadAction","target":["https:\/\/meetcody.ai\/pl\/ai-dla-discord\/"]}]},{"@type":"ImageObject","inLanguage":"pl-PL","@id":"https:\/\/meetcody.ai\/pl\/ai-dla-discord\/#primaryimage","url":"https:\/\/meetcody.ai\/wp-content\/uploads\/2023\/08\/DiscordCover3.png","contentUrl":"https:\/\/meetcody.ai\/wp-content\/uploads\/2023\/08\/DiscordCover3.png"},{"@type":"BreadcrumbList","@id":"https:\/\/meetcody.ai\/pl\/ai-dla-discord\/#breadcrumb","itemListElement":[{"@type":"ListItem","position":1,"name":"Home","item":"https:\/\/meetcody.ai\/pl\/home-v2\/"},{"@type":"ListItem","position":2,"name":"AI dla Discord"}]},{"@type":"WebSite","@id":"https:\/\/meetcody.ai\/#website","url":"https:\/\/meetcody.ai\/","name":"Cody AI - The AI Trained on Your Business","description":"AI Powered Knowledge Base for Employees","publisher":{"@id":"https:\/\/meetcody.ai\/#organization"},"potentialAction":[{"@type":"SearchAction","target":{"@type":"EntryPoint","urlTemplate":"https:\/\/meetcody.ai\/?s={search_term_string}"},"query-input":{"@type":"PropertyValueSpecification","valueRequired":true,"valueName":"search_term_string"}}],"inLanguage":"pl-PL"},{"@type":"Organization","@id":"https:\/\/meetcody.ai\/#organization","name":"Cody AI - The AI Trained on Your Business","url":"https:\/\/meetcody.ai\/","logo":{"@type":"ImageObject","inLanguage":"pl-PL","@id":"https:\/\/meetcody.ai\/#\/schema\/logo\/image\/","url":"https:\/\/meetcody.ai\/wp-content\/uploads\/2023\/05\/logo-codyai.svg","contentUrl":"https:\/\/meetcody.ai\/wp-content\/uploads\/2023\/05\/logo-codyai.svg","width":"1024","height":"1024","caption":"Cody AI - The AI Trained on Your Business"},"image":{"@id":"https:\/\/meetcody.ai\/#\/schema\/logo\/image\/"},"sameAs":["https:\/\/x.com\/meetcodyai","https:\/\/discord.com\/invite\/jXEVDcFxqs"]}]}},"_links":{"self":[{"href":"https:\/\/meetcody.ai\/pl\/wp-json\/wp\/v2\/pages\/30324","targetHints":{"allow":["GET"]}}],"collection":[{"href":"https:\/\/meetcody.ai\/pl\/wp-json\/wp\/v2\/pages"}],"about":[{"href":"https:\/\/meetcody.ai\/pl\/wp-json\/wp\/v2\/types\/page"}],"author":[{"embeddable":true,"href":"https:\/\/meetcody.ai\/pl\/wp-json\/wp\/v2\/users\/1"}],"replies":[{"embeddable":true,"href":"https:\/\/meetcody.ai\/pl\/wp-json\/wp\/v2\/comments?post=30324"}],"version-history":[{"count":2,"href":"https:\/\/meetcody.ai\/pl\/wp-json\/wp\/v2\/pages\/30324\/revisions"}],"predecessor-version":[{"id":30328,"href":"https:\/\/meetcody.ai\/pl\/wp-json\/wp\/v2\/pages\/30324\/revisions\/30328"}],"wp:attachment":[{"href":"https:\/\/meetcody.ai\/pl\/wp-json\/wp\/v2\/media?parent=30324"}],"curies":[{"name":"wp","href":"https:\/\/api.w.org\/{rel}","templated":true}]}}