{"id":29933,"date":"2023-08-28T03:02:04","date_gmt":"2023-08-28T03:02:04","guid":{"rendered":"https:\/\/meetcody.ai\/cody-dla-slack\/"},"modified":"2023-09-13T14:29:50","modified_gmt":"2023-09-13T14:29:50","slug":"cody-dla-slack","status":"publish","type":"page","link":"https:\/\/meetcody.ai\/pl\/cody-dla-slack\/","title":{"rendered":"Sztuczna inteligencja dla Slack"},"content":{"rendered":"<div class=\"wpb-content-wrapper\"><p>[vc_section el_id=&#8221;cody-for-slack-section_0&#8243;][vc_row][vc_column][vc_empty_space height=&#8221;90px&#8221; el_class=&#8221;show-for-large&#8221;][vc_empty_space height=&#8221;45px&#8221; el_class=&#8221;hide-for-large&#8221;][vc_row_inner el_class=&#8221;row no-padding-vc&#8221;][vc_column_inner][vc_column_text el_class=&#8221;text-center&#8221;]<\/p>\n<h1 class=\"margin-bottom-1point5rem font-color-gradient page-heading\">Wzmocnij sw\u00f3j zesp\u00f3\u0142<br \/>\nze sztuczn\u0105 inteligencj\u0105 biznesow\u0105 dla Slack<\/h1>\n<p>[\/vc_column_text][vc_empty_space height=&#8221;45px&#8221;][vc_column_text el_class=&#8221;text-center&#8221;]<\/p>\n<p class=\"no-margin-bottom remove-br\">Zjednocz sw\u00f3j zesp\u00f3\u0142 jak nigdy dot\u0105d dzi\u0119ki naszej inteligentnej sztucznej inteligencji Slack, Cody. Poprawa wsp\u00f3\u0142pracy,<br \/>\nusprawni\u0107 komunikacj\u0119 i zwi\u0119kszy\u0107 produktywno\u015b\u0107 zespo\u0142u.<\/p>\n<p>[\/vc_column_text][\/vc_column_inner][\/vc_row_inner][vc_empty_space height=&#8221;90px&#8221; el_class=&#8221;show-for-large&#8221;][vc_empty_space height=&#8221;45px&#8221; el_class=&#8221;hide-for-large&#8221;][vc_row_inner el_class=&#8221;row no-padding-vc&#8221;][vc_column_inner][vc_column_text el_class=&#8221;text-center&#8221;]<img loading=\"lazy\" decoding=\"async\" class=\"alignnone wp-image-29909\" src=\"\/wp-content\/uploads\/2023\/08\/cody-for-slack-section_0-img_1.png\" alt=\"Sztuczna inteligencja dla Slack  \" width=\"1200\" height=\"885\"><\/p>\n<p>[\/vc_column_text][\/vc_column_inner][\/vc_row_inner][vc_empty_space height=&#8221;45px&#8221;][vc_row_inner el_class=&#8221;row no-padding-vc&#8221;][vc_column_inner][vc_column_text el_class=&#8221;text-center&#8221;]<a href=\"https:\/\/slack.com\/oauth\/v2\/authorize?client_id=4788846187559.5430113500931&amp;scope=app_mentions:read,chat:write,commands,im:history,im:read,metadata.message:read,users:read&amp;user_scope=\"><img loading=\"lazy\" decoding=\"async\" class=\"aligncenter\" src=\"https:\/\/platform.slack-edge.com\/img\/add_to_slack.png\" srcset=\"https:\/\/platform.slack-edge.com\/img\/add_to_slack.png 1x, https:\/\/platform.slack-edge.com\/img\/add_to_slack@2x.png 2x\" alt=\"Dodaj do Slack\" width=\"139\" height=\"40\"><\/a>[\/vc_column_text][\/vc_column_inner][\/vc_row_inner][\/vc_column][\/vc_row][\/vc_section][vc_section el_id=&#8221;cody-for-slack-section_1&#8243;][vc_row][vc_column][vc_empty_space height=&#8221;90px&#8221; el_class=&#8221;show-for-large&#8221;][vc_empty_space height=&#8221;45px&#8221; el_class=&#8221;hide-for-large&#8221;][vc_row_inner equal_height=&#8221;yes&#8221; content_placement=&#8221;middle&#8221; el_class=&#8221;row no-padding-vc&#8221;][vc_column_inner el_class=&#8221;large-order-1&#8243; width=&#8221;1\/2&#8243;][vc_column_text el_class=&#8221;text-center&#8221;]<img decoding=\"async\" class=\"alignnone size-full wp-image-29995\" src=\"\/wp-content\/uploads\/2023\/08\/cody-for-slack-section_1-img.png\" alt=\"\" width=\"100%\" height=\"1670\" srcset=\"https:\/\/meetcody.ai\/wp-content\/uploads\/2023\/08\/cody-for-slack-section_1-img.png 2275w, https:\/\/meetcody.ai\/wp-content\/uploads\/2023\/08\/cody-for-slack-section_1-img-300x220.png 300w, https:\/\/meetcody.ai\/wp-content\/uploads\/2023\/08\/cody-for-slack-section_1-img-1024x752.png 1024w, https:\/\/meetcody.ai\/wp-content\/uploads\/2023\/08\/cody-for-slack-section_1-img-768x564.png 768w, https:\/\/meetcody.ai\/wp-content\/uploads\/2023\/08\/cody-for-slack-section_1-img-1536x1128.png 1536w, https:\/\/meetcody.ai\/wp-content\/uploads\/2023\/08\/cody-for-slack-section_1-img-2048x1503.png 2048w, https:\/\/meetcody.ai\/wp-content\/uploads\/2023\/08\/cody-for-slack-section_1-img-883x648.png 883w\" sizes=\"(max-width: 2275px) 100vw, 2275px\" \/>[\/vc_column_text][vc_empty_space height=&#8221;45px&#8221; el_class=&#8221;hide-for-large&#8221;][\/vc_column_inner][vc_column_inner el_class=&#8221;large-order-0&#8243; width=&#8221;1\/2&#8243;][vc_column_text el_class=&#8221;large-text-left text-center extra-large-padding-right-for-large&#8221;]<\/p>\n<h1 class=\"font-color-white margin-bottom-2point5rem\">\u0141atwa wsp\u00f3\u0142praca w zespole<\/h1>\n<p class=\"no-margin-bottom font-color-white\">Odblokuj moc informacji w czasie rzeczywistym dzi\u0119ki Cody for Slack AI. Dzi\u0119ki \u0142atwemu dost\u0119powi do wiedzy zesp\u00f3\u0142 mo\u017ce natychmiast odpowiada\u0107 na pytania i pracowa\u0107 wydajniej. Co wi\u0119cej, zdolno\u015b\u0107 Cody&#8217;ego do pracy we wsp\u00f3\u0142dzielonych kana\u0142ach oznacza, \u017ce wszyscy s\u0105 na bie\u017c\u0105co informowani, co sprzyja bardziej opartemu na wsp\u00f3\u0142pracy i wiedzy \u015brodowisku zespo\u0142owemu.<\/p>\n<p>[\/vc_column_text][\/vc_column_inner][\/vc_row_inner][vc_empty_space height=&#8221;90px&#8221; el_class=&#8221;show-for-large&#8221;][vc_empty_space height=&#8221;45px&#8221; el_class=&#8221;hide-for-large&#8221;][\/vc_column][\/vc_row][\/vc_section][vc_section el_id=&#8221;cody-for-slack-section_2&#8243;][vc_row][vc_column][vc_empty_space height=&#8221;90px&#8221; el_class=&#8221;show-for-large&#8221;][vc_empty_space height=&#8221;45px&#8221; el_class=&#8221;hide-for-large&#8221;][vc_row_inner equal_height=&#8221;yes&#8221; content_placement=&#8221;middle&#8221; el_class=&#8221;row no-padding-vc&#8221;][vc_column_inner width=&#8221;1\/2&#8243;][vc_column_text el_class=&#8221;text-center&#8221;]<img decoding=\"async\" class=\"alignnone size-full wp-image-30024\" src=\"\/wp-content\/uploads\/2023\/08\/cody-for-slack-section_2-img.png\" alt=\"\" width=\"100%\" height=\"1670\" srcset=\"https:\/\/meetcody.ai\/wp-content\/uploads\/2023\/08\/cody-for-slack-section_2-img.png 2275w, https:\/\/meetcody.ai\/wp-content\/uploads\/2023\/08\/cody-for-slack-section_2-img-300x220.png 300w, https:\/\/meetcody.ai\/wp-content\/uploads\/2023\/08\/cody-for-slack-section_2-img-1024x752.png 1024w, https:\/\/meetcody.ai\/wp-content\/uploads\/2023\/08\/cody-for-slack-section_2-img-768x564.png 768w, https:\/\/meetcody.ai\/wp-content\/uploads\/2023\/08\/cody-for-slack-section_2-img-1536x1128.png 1536w, https:\/\/meetcody.ai\/wp-content\/uploads\/2023\/08\/cody-for-slack-section_2-img-2048x1503.png 2048w, https:\/\/meetcody.ai\/wp-content\/uploads\/2023\/08\/cody-for-slack-section_2-img-883x648.png 883w\" sizes=\"(max-width: 2275px) 100vw, 2275px\" \/>[\/vc_column_text][vc_empty_space height=&#8221;45px&#8221; el_class=&#8221;hide-for-large&#8221;][\/vc_column_inner][vc_column_inner width=&#8221;1\/2&#8243;][vc_column_text el_class=&#8221;large-text-left text-center extra-large-padding-left-for-large&#8221;]<\/p>\n<h1 class=\"font-color-white margin-bottom-2point5rem\">Jednoczenie zespo\u0142\u00f3w ponad granicami<\/h1>\n<p class=\"no-margin-bottom font-color-white\">Cody for Slack AI prze\u0142amuje bariery j\u0119zykowe, umo\u017cliwiaj\u0105c globalnemu zespo\u0142owi p\u0142ynn\u0105 wsp\u00f3\u0142prac\u0119. Niezale\u017cnie od j\u0119zyka lub lokalizacji, Cody zapewnia, \u017ce wszyscy s\u0105 na tej samej stronie, wspieraj\u0105c prawdziwie zjednoczony zesp\u00f3\u0142.<\/p>\n<p>[\/vc_column_text][\/vc_column_inner][\/vc_row_inner][vc_empty_space height=&#8221;90px&#8221; el_class=&#8221;show-for-large&#8221;][vc_empty_space height=&#8221;45px&#8221; el_class=&#8221;hide-for-large&#8221;][\/vc_column][\/vc_row][\/vc_section][vc_section el_id=&#8221;cody-for-slack-section_3&#8243;][vc_row][vc_column][vc_empty_space height=&#8221;90px&#8221; el_class=&#8221;show-for-large&#8221;][vc_empty_space height=&#8221;45px&#8221; el_class=&#8221;hide-for-large&#8221;][vc_row_inner equal_height=&#8221;yes&#8221; content_placement=&#8221;middle&#8221; el_class=&#8221;row no-padding-vc animated-gradient-bg has-semirounded-border&#8221;][vc_column_inner][vc_empty_space height=&#8221;100px&#8221;][vc_column_text el_class=&#8221;text-center&#8221;]<\/p>\n<h1 class=\"font-color-white margin-bottom-2point5rem\">Usprawnij prac\u0119 zespo\u0142ow\u0105 dzi\u0119ki Cody dla Slack AI<\/h1>\n<p><a class=\"button header-button no-margin-bottom\" href=\"https:\/\/getcody.ai\/auth\/signup\" target=\"_blank\" rel=\"noopener\"><span class=\"\">Rozpocznij za darmo<\/span><\/a>[\/vc_column_text][vc_empty_space height=&#8221;100px&#8221;][\/vc_column_inner][\/vc_row_inner][vc_empty_space height=&#8221;90px&#8221; el_class=&#8221;show-for-large&#8221;][vc_empty_space height=&#8221;45px&#8221; el_class=&#8221;hide-for-large&#8221;][\/vc_column][\/vc_row][\/vc_section]<\/p>\n<\/div>","protected":false},"excerpt":{"rendered":"<p>[vc_section el_id=&#8221;cody-for-slack-section_0&#8243;][vc_row][vc_column][vc_empty_space height=&#8221;90px&#8221; el_class=&#8221;show-for-large&#8221;][vc_empty_space height=&#8221;45px&#8221; el_class=&#8221;hide-for-large&#8221;][vc_row_inner el_class=&#8221;row no-padding-vc&#8221;][vc_column_inner][vc_column_text el_class=&#8221;text-center&#8221;] Wzmocnij sw\u00f3j zesp\u00f3\u0142 ze sztuczn\u0105 inteligencj\u0105 biznesow\u0105 dla Slack [\/vc_column_text][vc_empty_space height=&#8221;45px&#8221;][vc_column_text el_class=&#8221;text-center&#8221;] Zjednocz sw\u00f3j zesp\u00f3\u0142 jak nigdy dot\u0105d dzi\u0119ki naszej inteligentnej sztucznej inteligencji Slack, Cody. Poprawa wsp\u00f3\u0142pracy, usprawni\u0107 komunikacj\u0119 i zwi\u0119kszy\u0107 produktywno\u015b\u0107 zespo\u0142u. [\/vc_column_text][\/vc_column_inner][\/vc_row_inner][vc_empty_space height=&#8221;90px&#8221; el_class=&#8221;show-for-large&#8221;][vc_empty_space height=&#8221;45px&#8221; el_class=&#8221;hide-for-large&#8221;][vc_row_inner el_class=&#8221;row no-padding-vc&#8221;][vc_column_inner][vc_column_text el_class=&#8221;text-center&#8221;] [\/vc_column_text][\/vc_column_inner][\/vc_row_inner][vc_empty_space height=&#8221;45px&#8221;][vc_row_inner el_class=&#8221;row no-padding-vc&#8221;][vc_column_inner][vc_column_text el_class=&#8221;text-center&#8221;][\/vc_column_text][\/vc_column_inner][\/vc_row_inner][\/vc_column][\/vc_row][\/vc_section][vc_section<a class=\"excerpt-read-more\" href=\"https:\/\/meetcody.ai\/pl\/cody-dla-slack\/\" title=\"ReadSztuczna inteligencja dla Slack\">&#8230; Read more &raquo;<\/a><\/p>\n","protected":false},"author":1,"featured_media":0,"parent":0,"menu_order":0,"comment_status":"closed","ping_status":"closed","template":"template-visual-builder.php","meta":{"_acf_changed":false,"inline_featured_image":false,"footnotes":""},"class_list":["post-29933","page","type-page","status-publish","hentry"],"acf":[],"yoast_head":"<!-- This site is optimized with the Yoast SEO Premium plugin v21.8 (Yoast SEO v24.2) - https:\/\/yoast.com\/wordpress\/plugins\/seo\/ -->\n<title>Sztuczna inteligencja dla Slack Przeszkolony w zakresie Twojej dzia\u0142alno\u015bci<\/title>\n<meta name=\"robots\" content=\"index, follow, max-snippet:-1, max-image-preview:large, max-video-preview:-1\" \/>\n<link rel=\"canonical\" href=\"https:\/\/meetcody.ai\/pl\/cody-dla-slack\/\" \/>\n<meta property=\"og:locale\" content=\"pl_PL\" \/>\n<meta property=\"og:type\" content=\"article\" \/>\n<meta property=\"og:title\" content=\"Sztuczna inteligencja dla Slack\" \/>\n<meta property=\"og:description\" content=\"[vc_section el_id=&#8221;cody-for-slack-section_0&#8243;][vc_row][vc_column][vc_empty_space height=&#8221;90px&#8221; el_class=&#8221;show-for-large&#8221;][vc_empty_space height=&#8221;45px&#8221; el_class=&#8221;hide-for-large&#8221;][vc_row_inner el_class=&#8221;row no-padding-vc&#8221;][vc_column_inner][vc_column_text el_class=&#8221;text-center&#8221;] Wzmocnij sw\u00f3j zesp\u00f3\u0142 ze sztuczn\u0105 inteligencj\u0105 biznesow\u0105 dla Slack [\/vc_column_text][vc_empty_space height=&#8221;45px&#8221;][vc_column_text el_class=&#8221;text-center&#8221;] Zjednocz sw\u00f3j zesp\u00f3\u0142 jak nigdy dot\u0105d dzi\u0119ki naszej inteligentnej sztucznej inteligencji Slack, Cody. Poprawa wsp\u00f3\u0142pracy, usprawni\u0107 komunikacj\u0119 i zwi\u0119kszy\u0107 produktywno\u015b\u0107 zespo\u0142u. [\/vc_column_text][\/vc_column_inner][\/vc_row_inner][vc_empty_space height=&#8221;90px&#8221; el_class=&#8221;show-for-large&#8221;][vc_empty_space height=&#8221;45px&#8221; el_class=&#8221;hide-for-large&#8221;][vc_row_inner el_class=&#8221;row no-padding-vc&#8221;][vc_column_inner][vc_column_text el_class=&#8221;text-center&#8221;] [\/vc_column_text][\/vc_column_inner][\/vc_row_inner][vc_empty_space height=&#8221;45px&#8221;][vc_row_inner el_class=&#8221;row no-padding-vc&#8221;][vc_column_inner][vc_column_text el_class=&#8221;text-center&#8221;][\/vc_column_text][\/vc_column_inner][\/vc_row_inner][\/vc_column][\/vc_row][\/vc_section][vc_section... Read more &raquo;\" \/>\n<meta property=\"og:url\" content=\"https:\/\/meetcody.ai\/pl\/cody-dla-slack\/\" \/>\n<meta property=\"og:site_name\" content=\"Cody - The AI Trained on Your Business\" \/>\n<meta property=\"article:modified_time\" content=\"2023-09-13T14:29:50+00:00\" \/>\n<meta property=\"og:image\" content=\"https:\/\/platform.slack-edge.com\/img\/add_to_slack.png\" \/>\n<meta name=\"twitter:card\" content=\"summary_large_image\" \/>\n<meta name=\"twitter:site\" content=\"@meetcodyai\" \/>\n<meta name=\"twitter:label1\" content=\"Est. reading time\" \/>\n\t<meta name=\"twitter:data1\" content=\"3 minutes\" \/>\n<script type=\"application\/ld+json\" class=\"yoast-schema-graph\">{\"@context\":\"https:\/\/schema.org\",\"@graph\":[{\"@type\":\"WebPage\",\"@id\":\"https:\/\/meetcody.ai\/pl\/cody-dla-slack\/\",\"url\":\"https:\/\/meetcody.ai\/pl\/cody-dla-slack\/\",\"name\":\"Sztuczna inteligencja dla Slack Przeszkolony w zakresie Twojej dzia\u0142alno\u015bci\",\"isPartOf\":{\"@id\":\"https:\/\/meetcody.ai\/#website\"},\"primaryImageOfPage\":{\"@id\":\"https:\/\/meetcody.ai\/pl\/cody-dla-slack\/#primaryimage\"},\"image\":{\"@id\":\"https:\/\/meetcody.ai\/pl\/cody-dla-slack\/#primaryimage\"},\"thumbnailUrl\":\"https:\/\/platform.slack-edge.com\/img\/add_to_slack.png\",\"datePublished\":\"2023-08-28T03:02:04+00:00\",\"dateModified\":\"2023-09-13T14:29:50+00:00\",\"breadcrumb\":{\"@id\":\"https:\/\/meetcody.ai\/pl\/cody-dla-slack\/#breadcrumb\"},\"inLanguage\":\"pl-PL\",\"potentialAction\":[{\"@type\":\"ReadAction\",\"target\":[\"https:\/\/meetcody.ai\/pl\/cody-dla-slack\/\"]}]},{\"@type\":\"ImageObject\",\"inLanguage\":\"pl-PL\",\"@id\":\"https:\/\/meetcody.ai\/pl\/cody-dla-slack\/#primaryimage\",\"url\":\"https:\/\/platform.slack-edge.com\/img\/add_to_slack.png\",\"contentUrl\":\"https:\/\/platform.slack-edge.com\/img\/add_to_slack.png\"},{\"@type\":\"BreadcrumbList\",\"@id\":\"https:\/\/meetcody.ai\/pl\/cody-dla-slack\/#breadcrumb\",\"itemListElement\":[{\"@type\":\"ListItem\",\"position\":1,\"name\":\"Home\",\"item\":\"https:\/\/meetcody.ai\/pl\/home-v2\/\"},{\"@type\":\"ListItem\",\"position\":2,\"name\":\"Sztuczna inteligencja dla Slack\"}]},{\"@type\":\"WebSite\",\"@id\":\"https:\/\/meetcody.ai\/#website\",\"url\":\"https:\/\/meetcody.ai\/\",\"name\":\"Cody AI - The AI Trained on Your Business\",\"description\":\"AI Powered Knowledge Base for Employees\",\"publisher\":{\"@id\":\"https:\/\/meetcody.ai\/#organization\"},\"potentialAction\":[{\"@type\":\"SearchAction\",\"target\":{\"@type\":\"EntryPoint\",\"urlTemplate\":\"https:\/\/meetcody.ai\/?s={search_term_string}\"},\"query-input\":{\"@type\":\"PropertyValueSpecification\",\"valueRequired\":true,\"valueName\":\"search_term_string\"}}],\"inLanguage\":\"pl-PL\"},{\"@type\":\"Organization\",\"@id\":\"https:\/\/meetcody.ai\/#organization\",\"name\":\"Cody AI - The AI Trained on Your Business\",\"url\":\"https:\/\/meetcody.ai\/\",\"logo\":{\"@type\":\"ImageObject\",\"inLanguage\":\"pl-PL\",\"@id\":\"https:\/\/meetcody.ai\/#\/schema\/logo\/image\/\",\"url\":\"https:\/\/meetcody.ai\/wp-content\/uploads\/2023\/05\/logo-codyai.svg\",\"contentUrl\":\"https:\/\/meetcody.ai\/wp-content\/uploads\/2023\/05\/logo-codyai.svg\",\"width\":\"1024\",\"height\":\"1024\",\"caption\":\"Cody AI - The AI Trained on Your Business\"},\"image\":{\"@id\":\"https:\/\/meetcody.ai\/#\/schema\/logo\/image\/\"},\"sameAs\":[\"https:\/\/x.com\/meetcodyai\",\"https:\/\/discord.com\/invite\/jXEVDcFxqs\"]}]}<\/script>\n<!-- \/ Yoast SEO Premium plugin. -->","yoast_head_json":{"title":"Sztuczna inteligencja dla Slack Przeszkolony w zakresie Twojej dzia\u0142alno\u015bci","robots":{"index":"index","follow":"follow","max-snippet":"max-snippet:-1","max-image-preview":"max-image-preview:large","max-video-preview":"max-video-preview:-1"},"canonical":"https:\/\/meetcody.ai\/pl\/cody-dla-slack\/","og_locale":"pl_PL","og_type":"article","og_title":"Sztuczna inteligencja dla Slack","og_description":"[vc_section el_id=&#8221;cody-for-slack-section_0&#8243;][vc_row][vc_column][vc_empty_space height=&#8221;90px&#8221; el_class=&#8221;show-for-large&#8221;][vc_empty_space height=&#8221;45px&#8221; el_class=&#8221;hide-for-large&#8221;][vc_row_inner el_class=&#8221;row no-padding-vc&#8221;][vc_column_inner][vc_column_text el_class=&#8221;text-center&#8221;] Wzmocnij sw\u00f3j zesp\u00f3\u0142 ze sztuczn\u0105 inteligencj\u0105 biznesow\u0105 dla Slack [\/vc_column_text][vc_empty_space height=&#8221;45px&#8221;][vc_column_text el_class=&#8221;text-center&#8221;] Zjednocz sw\u00f3j zesp\u00f3\u0142 jak nigdy dot\u0105d dzi\u0119ki naszej inteligentnej sztucznej inteligencji Slack, Cody. Poprawa wsp\u00f3\u0142pracy, usprawni\u0107 komunikacj\u0119 i zwi\u0119kszy\u0107 produktywno\u015b\u0107 zespo\u0142u. [\/vc_column_text][\/vc_column_inner][\/vc_row_inner][vc_empty_space height=&#8221;90px&#8221; el_class=&#8221;show-for-large&#8221;][vc_empty_space height=&#8221;45px&#8221; el_class=&#8221;hide-for-large&#8221;][vc_row_inner el_class=&#8221;row no-padding-vc&#8221;][vc_column_inner][vc_column_text el_class=&#8221;text-center&#8221;] [\/vc_column_text][\/vc_column_inner][\/vc_row_inner][vc_empty_space height=&#8221;45px&#8221;][vc_row_inner el_class=&#8221;row no-padding-vc&#8221;][vc_column_inner][vc_column_text el_class=&#8221;text-center&#8221;][\/vc_column_text][\/vc_column_inner][\/vc_row_inner][\/vc_column][\/vc_row][\/vc_section][vc_section... Read more &raquo;","og_url":"https:\/\/meetcody.ai\/pl\/cody-dla-slack\/","og_site_name":"Cody - The AI Trained on Your Business","article_modified_time":"2023-09-13T14:29:50+00:00","og_image":[{"url":"https:\/\/platform.slack-edge.com\/img\/add_to_slack.png","type":"","width":"","height":""}],"twitter_card":"summary_large_image","twitter_site":"@meetcodyai","twitter_misc":{"Est. reading time":"3 minutes"},"schema":{"@context":"https:\/\/schema.org","@graph":[{"@type":"WebPage","@id":"https:\/\/meetcody.ai\/pl\/cody-dla-slack\/","url":"https:\/\/meetcody.ai\/pl\/cody-dla-slack\/","name":"Sztuczna inteligencja dla Slack Przeszkolony w zakresie Twojej dzia\u0142alno\u015bci","isPartOf":{"@id":"https:\/\/meetcody.ai\/#website"},"primaryImageOfPage":{"@id":"https:\/\/meetcody.ai\/pl\/cody-dla-slack\/#primaryimage"},"image":{"@id":"https:\/\/meetcody.ai\/pl\/cody-dla-slack\/#primaryimage"},"thumbnailUrl":"https:\/\/platform.slack-edge.com\/img\/add_to_slack.png","datePublished":"2023-08-28T03:02:04+00:00","dateModified":"2023-09-13T14:29:50+00:00","breadcrumb":{"@id":"https:\/\/meetcody.ai\/pl\/cody-dla-slack\/#breadcrumb"},"inLanguage":"pl-PL","potentialAction":[{"@type":"ReadAction","target":["https:\/\/meetcody.ai\/pl\/cody-dla-slack\/"]}]},{"@type":"ImageObject","inLanguage":"pl-PL","@id":"https:\/\/meetcody.ai\/pl\/cody-dla-slack\/#primaryimage","url":"https:\/\/platform.slack-edge.com\/img\/add_to_slack.png","contentUrl":"https:\/\/platform.slack-edge.com\/img\/add_to_slack.png"},{"@type":"BreadcrumbList","@id":"https:\/\/meetcody.ai\/pl\/cody-dla-slack\/#breadcrumb","itemListElement":[{"@type":"ListItem","position":1,"name":"Home","item":"https:\/\/meetcody.ai\/pl\/home-v2\/"},{"@type":"ListItem","position":2,"name":"Sztuczna inteligencja dla Slack"}]},{"@type":"WebSite","@id":"https:\/\/meetcody.ai\/#website","url":"https:\/\/meetcody.ai\/","name":"Cody AI - The AI Trained on Your Business","description":"AI Powered Knowledge Base for Employees","publisher":{"@id":"https:\/\/meetcody.ai\/#organization"},"potentialAction":[{"@type":"SearchAction","target":{"@type":"EntryPoint","urlTemplate":"https:\/\/meetcody.ai\/?s={search_term_string}"},"query-input":{"@type":"PropertyValueSpecification","valueRequired":true,"valueName":"search_term_string"}}],"inLanguage":"pl-PL"},{"@type":"Organization","@id":"https:\/\/meetcody.ai\/#organization","name":"Cody AI - The AI Trained on Your Business","url":"https:\/\/meetcody.ai\/","logo":{"@type":"ImageObject","inLanguage":"pl-PL","@id":"https:\/\/meetcody.ai\/#\/schema\/logo\/image\/","url":"https:\/\/meetcody.ai\/wp-content\/uploads\/2023\/05\/logo-codyai.svg","contentUrl":"https:\/\/meetcody.ai\/wp-content\/uploads\/2023\/05\/logo-codyai.svg","width":"1024","height":"1024","caption":"Cody AI - The AI Trained on Your Business"},"image":{"@id":"https:\/\/meetcody.ai\/#\/schema\/logo\/image\/"},"sameAs":["https:\/\/x.com\/meetcodyai","https:\/\/discord.com\/invite\/jXEVDcFxqs"]}]}},"_links":{"self":[{"href":"https:\/\/meetcody.ai\/pl\/wp-json\/wp\/v2\/pages\/29933","targetHints":{"allow":["GET"]}}],"collection":[{"href":"https:\/\/meetcody.ai\/pl\/wp-json\/wp\/v2\/pages"}],"about":[{"href":"https:\/\/meetcody.ai\/pl\/wp-json\/wp\/v2\/types\/page"}],"author":[{"embeddable":true,"href":"https:\/\/meetcody.ai\/pl\/wp-json\/wp\/v2\/users\/1"}],"replies":[{"embeddable":true,"href":"https:\/\/meetcody.ai\/pl\/wp-json\/wp\/v2\/comments?post=29933"}],"version-history":[{"count":33,"href":"https:\/\/meetcody.ai\/pl\/wp-json\/wp\/v2\/pages\/29933\/revisions"}],"predecessor-version":[{"id":30738,"href":"https:\/\/meetcody.ai\/pl\/wp-json\/wp\/v2\/pages\/29933\/revisions\/30738"}],"wp:attachment":[{"href":"https:\/\/meetcody.ai\/pl\/wp-json\/wp\/v2\/media?parent=29933"}],"curies":[{"name":"wp","href":"https:\/\/api.w.org\/{rel}","templated":true}]}}