{"id":28197,"date":"2023-04-25T08:34:14","date_gmt":"2023-04-25T08:34:14","guid":{"rendered":"https:\/\/meetcody.ai\/przedsiebiorstwo\/"},"modified":"2024-09-09T13:02:34","modified_gmt":"2024-09-09T13:02:34","slug":"przedsiebiorstwo","status":"publish","type":"page","link":"https:\/\/meetcody.ai\/pl\/przedsiebiorstwo\/","title":{"rendered":"Niestandardowe rozwi\u0105zania AI dla przedsi\u0119biorstw"},"content":{"rendered":"<div class=\"wpb-content-wrapper\"><p>[vc_section el_id=&#8221;enterprise-section_0&#8243;][vc_row][vc_column][vc_empty_space height=&#8221;90px&#8221; el_class=&#8221;show-for-large&#8221;][vc_empty_space height=&#8221;90px&#8221; el_class=&#8221;hide-for-large&#8221;][vc_row_inner el_class=&#8221;row no-padding-vc&#8221;][vc_column_inner el_class=&#8221;columns small-12 large-8 large-offset-2&#8243;][vc_column_text el_class=&#8221;text-center&#8221;]<\/p>\n<h1 class=\"margin-bottom-1point5rem font-color-gradient page-heading\">Rozwi\u0105zania AI dla przedsi\u0119biorstw<\/h1>\n<p class=\"font-color-white no-margin-bottom\">Uwolnij potencja\u0142 najnowocze\u015bniejszych technologii AI, aby zrewolucjonizowa\u0107 operacje biznesowe dzi\u0119ki kompleksowym rozwi\u0105zaniom AI dla przedsi\u0119biorstw firmy Cody AI.<br \/>\nWyobra\u017a sobie zwi\u0119kszenie produktywno\u015bci pracownik\u00f3w dzi\u0119ki pomocy opartej na sztucznej inteligencji w ka\u017cdym zadaniu i decyzji.<br \/>\nNasza platforma wykorzystuje najnowocze\u015bniejsze du\u017ce modele j\u0119zykowe (LLM), takie jak Llama 3.1, Claude 3.5, GPT-4o, Gemini 1.5 i Mixtral-8x7B, aby dostarcza\u0107 inteligentne rozwi\u0105zania podobne do ludzkich, kt\u00f3re s\u0105 niezale\u017cne od platformy, konfigurowalne i priorytetowo traktuj\u0105 prywatno\u015b\u0107 danych z dodatkowymi zabezpieczeniami opartymi na rolach.   Wykorzystuj\u0105c najnowocze\u015bniejsze technologie sztucznej inteligencji, mo\u017cemy pom\u00f3c Twojej firmie osi\u0105gn\u0105\u0107 niezr\u00f3wnany poziom wydajno\u015bci i innowacyjno\u015bci.<\/p>\n<p>[\/vc_column_text][\/vc_column_inner][\/vc_row_inner][\/vc_column][\/vc_row][\/vc_section][vc_section el_id=&#8221;enterprise-section_1&#8243;][vc_row][vc_column][vc_empty_space height=&#8221;90px&#8221; el_class=&#8221;show-for-large&#8221;][vc_empty_space height=&#8221;45px&#8221; el_class=&#8221;hide-for-large&#8221;][vc_row_inner el_class=&#8221;row no-padding-vc&#8221;][vc_column_inner width=&#8221;1\/3&#8243;][vc_column_text el_class=&#8221;large-text-left text-center&#8221;]<\/p>\n<p class=\"margin-bottom-2rem\"><img loading=\"lazy\" decoding=\"async\" class=\"alignnone size-full wp-image-145\" src=\"\/wp-content\/uploads\/2023\/05\/enterprise-section_1-img_1-updated.svg\" alt=\"\" width=\"99\" height=\"90\"><\/p>\n<p class=\"margin-bottom-2rem extra-big font-color-white\">Zwi\u0119kszona wydajno\u015b\u0107 i produktywno\u015b\u0107<\/p>\n<p class=\"no-margin-bottom font-color-white\">Rozwi\u0105zania Cody AI zwi\u0119kszaj\u0105 wydajno\u015b\u0107 i produktywno\u015b\u0107 poprzez automatyzacj\u0119 zada\u0144 i usprawnienie proces\u00f3w. Nasze modele AI analizuj\u0105 dane, generuj\u0105 spostrze\u017cenia i dostarczaj\u0105 rekomendacje, pozwalaj\u0105c <a href=\"https:\/\/meetcody.ai\/pl\/blog\/lepsza-praca-zespolowa-dzieki-zarzadzaniu-wiedza-opartemu-na-sztucznej-inteligencji\/\">zespo\u0142owi<\/a> skupi\u0107 si\u0119 na strategicznych inicjatywach.<\/p>\n<p>[\/vc_column_text][vc_empty_space height=&#8221;24px&#8221; el_class=&#8221;hide-for-large&#8221;][\/vc_column_inner][vc_column_inner width=&#8221;1\/3&#8243;][vc_column_text el_class=&#8221;large-text-left text-center&#8221;]<\/p>\n<p class=\"margin-bottom-2rem\"><img loading=\"lazy\" decoding=\"async\" class=\"alignnone size-full wp-image-145\" src=\"\/wp-content\/uploads\/2023\/05\/enterprise-section_1-img_2-updated.svg\" alt=\"\" width=\"99\" height=\"90\"><\/p>\n<p class=\"margin-bottom-2rem extra-big font-color-white\">Indywidualne rozwi\u0105zania AI dla unikalnych potrzeb przedsi\u0119biorstw<\/p>\n<p class=\"no-margin-bottom font-color-white\">Dostarczamy dostosowane modele i rozwi\u0105zania AI, kt\u00f3re odpowiadaj\u0105 na konkretne potrzeby biznesowe i p\u0142ynnie integruj\u0105 si\u0119 z istniej\u0105cymi systemami. Nasza wsp\u00f3\u0142praca zapewnia, \u017ce nasze rozwi\u0105zania AI dostosowuj\u0105 si\u0119 do zmieniaj\u0105cego si\u0119 krajobrazu przedsi\u0119biorstwa.<\/p>\n<p>[\/vc_column_text][vc_empty_space height=&#8221;24px&#8221; el_class=&#8221;hide-for-large&#8221;][\/vc_column_inner][vc_column_inner width=&#8221;1\/3&#8243;][vc_column_text el_class=&#8221;large-text-left text-center&#8221;]<\/p>\n<p class=\"margin-bottom-2rem\"><img loading=\"lazy\" decoding=\"async\" class=\"alignnone size-full wp-image-145\" src=\"\/wp-content\/uploads\/2023\/05\/home-section_3-icon_1.svg\" alt=\"\" width=\"99\" height=\"90\"><\/p>\n<p class=\"margin-bottom-2rem extra-big font-color-white\">Wiedza specjalistyczna i wsparcie w ca\u0142ym procesie wdra\u017cania sztucznej inteligencji<\/p>\n<p class=\"no-margin-bottom font-color-white\">Nasze kompleksowe rozwi\u0105zania AI dla przedsi\u0119biorstw obejmuj\u0105 doradztwo, rozw\u00f3j, testowanie, automatyzacj\u0119, wdra\u017canie i skalowanie. Nasz zesp\u00f3\u0142 ekspert\u00f3w AI oferuje r\u00f3wnie\u017c szkolenia i wdra\u017canie najlepszych praktyk, aby pom\u00f3c Twojemu zespo\u0142owi skutecznie wykorzysta\u0107 technologie AI i pozosta\u0107 konkurencyjnym.<\/p>\n<p>[\/vc_column_text][\/vc_column_inner][\/vc_row_inner][vc_empty_space height=&#8221;90px&#8221; el_class=&#8221;show-for-large&#8221;][vc_empty_space height=&#8221;45px&#8221; el_class=&#8221;hide-for-large&#8221;][\/vc_column][\/vc_row][\/vc_section][vc_section el_id=&#8221;enterprise-section_2&#8243; css=&#8221;.vc_custom_1684793633129{background-image: url(https:\/\/meetcody.ai\/wp-content\/uploads\/2023\/05\/home-section_1-bg.png?id=261) !important;background-position: center !important;background-repeat: no-repeat !important;background-size: cover !important;}&#8221;][vc_row][vc_column][vc_empty_space height=&#8221;90px&#8221; el_class=&#8221;show-for-large&#8221;][vc_empty_space height=&#8221;45px&#8221; el_class=&#8221;hide-for-large&#8221;][vc_row_inner el_class=&#8221;row no-padding-vc bg-color-grayscale extra-padding-left-for-large extra-padding-right-for-large has-semirounded-border&#8221;][vc_column_inner][vc_empty_space height=&#8221;90px&#8221; el_class=&#8221;show-for-large&#8221;][vc_empty_space height=&#8221;45px&#8221; el_class=&#8221;hide-for-large&#8221;][vc_raw_html]PGRpdiBjbGFzcz0icm93Ij4KICAgIDxkaXYgY2xhc3M9ImNvbHVtbnMgc21hbGwtMTIgdGV4dC1jZW50ZXIiPgogICAgICAgIDxoMSBjbGFzcz0iZm9udC1jb2xvci13aGl0ZSBtYXJnaW4tYm90dG9tLTJyZW0iPkRsYWN6ZWdvIHdhcnRvIHd5YnJhxIcgQ29keSBBSSBkbGEgcm96d2nEhXphxYQgQUkgZGxhIHByemVkc2nEmWJpb3JzdHc\/PC9oMT4KICAgICAgICA8cCBjbGFzcz0iZm9udC1jb2xvci13aGl0ZSBuby1tYXJnaW4tYm90dG9tIHJlbW92ZS1iciI+TmFzeiB6ZXNww7PFgiBla3NwZXJ0w7N3IEFJIHcgQ29keSBBSSBtYSBib2dhdGUgZG\/Fm3dpYWRjemVuaWUgd2Ugd3Nww7PFgnByYWN5IHogcG9uYWQgMTAwMCBmaXJtIGkgbW\/FvGU8YnI+IHBvbcOzYyBUd29qZWogZmlybWllIHd5a29yenlzdGHEhyBtb2MgemFhd2Fuc293YW55Y2ggdGVjaG5vbG9naWkgQUkuIE9mZXJ1amVteTo8L3A+CiAgICAgICAgPGRpdiBjbGFzcz0ic2hvdy1mb3ItbGFyZ2UiIHN0eWxlPSJoZWlnaHQ6IDkwcHgiPjwvZGl2PgogICAgICAgIDxkaXYgY2xhc3M9ImhpZGUtZm9yLWxhcmdlIiBzdHlsZT0iaGVpZ2h0OiA0NXB4Ij48L2Rpdj4KICAgIDwvZGl2Pgo8L2Rpdj4KPGRpdiBjbGFzcz0icm93Ij4KICAgIDxkaXYgY2xhc3M9ImNvbHVtbnMgc21hbGwtMTIgbWVkaXVtLTYgbGFyZ2UtNiBsYXJnZS10ZXh0LWxlZnQgdGV4dC1jZW50ZXIiPgogICAgICAgIDxwIGNsYXNzPSJtYXJnaW4tYm90dG9tLTFwb2ludDVyZW0gZXh0cmEtYmlnIGZvbnQtY29sb3Itd2hpdGUgZm9udC13ZWlnaHQtYm9sZCI+U3ByYXdkem9uZSBzdHJhdGVnaWUgd2RyYcW8YW5pYSAgPC9wPgogICAgICAgIDxwIGNsYXNzPSJmb250LWNvbG9yLXdoaXRlIG1hcmdpbi1ib3R0b20tMnBvaW50NXJlbSI+TW\/FvGVteSBwb23Ds2MgemludGVncm93YcSHIG1vZGVsZSBBSSB6IGlzdG5pZWrEhWN5bWkgbmFyesSZZHppYW1pIGkgcHJvY2VzYW1pLCBhYnkgcG9wcmF3acSHIHByb2R1a3R5d25vxZvEhyBpIHdzcMOzxYJwcmFjxJkgeiBiZXpwaWVjemXFhHN0d2VtIG5hIGN6ZWxlLjwvcD4KICAgICAgICA8ZGl2IGNsYXNzPSIiIHN0eWxlPSJoZWlnaHQ6IDQ1cHgiPjwvZGl2PgogICAgPC9kaXY+CiAgICA8ZGl2IGNsYXNzPSJjb2x1bW5zIHNtYWxsLTEyIG1lZGl1bS02IGxhcmdlLTYgbGFyZ2UtdGV4dC1sZWZ0IHRleHQtY2VudGVyIj4KICAgICAgICA8cCBjbGFzcz0ibWFyZ2luLWJvdHRvbS0xcG9pbnQ1cmVtIGV4dHJhLWJpZyBmb250LWNvbG9yLXdoaXRlIGZvbnQtd2VpZ2h0LWJvbGQiPlNwZWNqYWxpc3R5Y3puZSB6YWJlenBpZWN6b25lIHBvdG9raSBkYW55Y2ggIDwvcD4KICAgICAgICA8cCBjbGFzcz0iZm9udC1jb2xvci13aGl0ZSBtYXJnaW4tYm90dG9tLTJwb2ludDVyZW0iPk5hc3ogemVzcMOzxYIgbW\/FvGUgdHdvcnp5xIcgbmllc3RhbmRhcmRvd2UgbW9kZWxlIHN6dHVjem5laiBpbnRlbGlnZW5jamkgdyBvcGFyY2l1IG8gZG9tZW7EmSBiaXpuZXNvd8SFIGkgd3ltYWdhbmlhLCByb3pzemVyemFqxIVjIG1vZGVsZSBPcGVuQUkgbHViIHd5a29yenlzdHVqxIVjIHdzdMSZcG5pZSB3eXRyZW5vd2FuZSBtb2RlbGUgb3BlbiBzb3VyY2UuPC9wPgogICAgICAgIDxkaXYgY2xhc3M9IiIgc3R5bGU9ImhlaWdodDogNDVweCI+PC9kaXY+CiAgICA8L2Rpdj4KICAgIDxkaXYgY2xhc3M9ImNvbHVtbnMgc21hbGwtMTIgbWVkaXVtLTYgbGFyZ2UtNiBsYXJnZS10ZXh0LWxlZnQgdGV4dC1jZW50ZXIiPgogICAgICAgIDxwIGNsYXNzPSJtYXJnaW4tYm90dG9tLTFwb2ludDVyZW0gZXh0cmEtYmlnIGZvbnQtY29sb3Itd2hpdGUgZm9udC13ZWlnaHQtYm9sZCI+RWZla3R5d25vxZvEhyBrb3N6dG93YSBuYSBkdcW8xIUgc2thbMSZPC9wPgogICAgICAgIDxwIGNsYXNzPSJmb250LWNvbG9yLXdoaXRlIG1hcmdpbi1ib3R0b20tMnBvaW50NXJlbSI+TW\/FvGVteSBwb23Ds2Mgb2JuacW8ecSHIGtvc3p0eSB6d2nEhXphbmUgeiB3eWtvcnp5c3RhbmllbSBtb2RlbGkgQUksIHdkcmHFvGFqxIVjIG9kcG93aWVkbmkgbW9kZWwgZG8gZGFuZWdvIHphZGFuaWEgaSBvcHR5bWFsaXp1asSFYyBnbyBwb2Qga8SFdGVtIHBvc3pjemVnw7NsbnljaCB6YWRhxYQuPC9wPgogICAgICAgIDxkaXYgY2xhc3M9IiIgc3R5bGU9ImhlaWdodDogNDVweCI+PC9kaXY+CiAgICA8L2Rpdj4KICAgIDxkaXYgY2xhc3M9ImNvbHVtbnMgc21hbGwtMTIgbWVkaXVtLTYgbGFyZ2UtNiBsYXJnZS10ZXh0LWxlZnQgdGV4dC1jZW50ZXIiPgogICAgICAgIDxwIGNsYXNzPSJtYXJnaW4tYm90dG9tLTFwb2ludDVyZW0gZXh0cmEtYmlnIGZvbnQtY29sb3Itd2hpdGUgZm9udC13ZWlnaHQtYm9sZCI+S29tcGxla3Nvd2Ugcm96d2nEhXphbmlhIEFJPC9wPgogICAgICAgIDxwIGNsYXNzPSJmb250LWNvbG9yLXdoaXRlIG1hcmdpbi1ib3R0b20tMnBvaW50NXJlbSI+WmFwZXduaWFteSBwZcWCZW4gemFrcmVzIHJvendpxIV6YcWEIEFJIGRsYSBwcnplZHNpxJliaW9yc3R3LCBvZCB3c3TEmXBuZWdvIGRvcmFkenR3YSBwbyByb3p3w7NqLCB0ZXN0b3dhbmllLCBhdXRvbWF0eXphY2rEmSwgd2RyYcW8YW5pZSBpIHNrYWxvd2FuaWUgdyDFm3JvZG93aXNrdSBsb2thbG55bSwgd2llbG9jaG11cm93eW0gbHViIGh5YnJ5ZG93eW0uPC9wPgogICAgICAgIDxkaXYgY2xhc3M9IiIgc3R5bGU9ImhlaWdodDogNDVweCI+PC9kaXY+CiAgICA8L2Rpdj4KPC9kaXY+[\/vc_raw_html][\/vc_column_inner][\/vc_row_inner][vc_empty_space height=&#8221;90px&#8221; el_class=&#8221;show-for-large&#8221;][vc_empty_space height=&#8221;45px&#8221; el_class=&#8221;hide-for-large&#8221;][\/vc_column][\/vc_row][\/vc_section][vc_section el_id=&#8221;enterprise-section_3&#8243;][vc_row][vc_column][vc_empty_space height=&#8221;90px&#8221; el_class=&#8221;show-for-large&#8221;][vc_empty_space height=&#8221;45px&#8221; el_class=&#8221;hide-for-large&#8221;][vc_row_inner el_class=&#8221;row no-padding-vc&#8221;][vc_column_inner el_class=&#8221;columns small-12 large-10 large-offset-1&#8243;][vc_column_text el_class=&#8221;text-center&#8221;]<\/p>\n<h1 class=\"font-color-white margin-bottom-2point5rem\">Rozpocznij swoj\u0105 podr\u00f3\u017c transformacji AI<\/h1>\n<p class=\"font-color-white no-margin-bottom remove-br\">Skontaktuj si\u0119 z nami ju\u017c dzi\u015b, aby dowiedzie\u0107 si\u0119 wi\u0119cej o naszych rozwi\u0105zaniach Enterprise AI w Cody AI i odkryj, jak mo\u017cemy pom\u00f3c Twojej firmie rozwija\u0107 si\u0119 w erze sztucznej inteligencji.<\/p>\n<p>[\/vc_column_text][\/vc_column_inner][\/vc_row_inner][vc_empty_space height=&#8221;90px&#8221; el_class=&#8221;show-for-large&#8221;][vc_empty_space height=&#8221;45px&#8221; el_class=&#8221;hide-for-large&#8221;][vc_row_inner el_class=&#8221;row no-padding-vc&#8221;][vc_column_inner][vc_column_text el_class=&#8221;text-center&#8221;]\n<div class=\"wpcf7 no-js\" id=\"wpcf7-f192-o1\" lang=\"en-US\" dir=\"ltr\">\n<div class=\"screen-reader-response\"><p role=\"status\" aria-live=\"polite\" aria-atomic=\"true\"><\/p> <ul><\/ul><\/div>\n<form action=\"\/pl\/wp-json\/wp\/v2\/pages\/28197#wpcf7-f192-o1\" method=\"post\" class=\"wpcf7-form init\" aria-label=\"Contact form\" novalidate=\"novalidate\" data-status=\"init\">\n<div style=\"display: none;\">\n<input type=\"hidden\" name=\"_wpcf7\" value=\"192\" \/>\n<input type=\"hidden\" name=\"_wpcf7_version\" value=\"5.9.6\" \/>\n<input type=\"hidden\" name=\"_wpcf7_locale\" value=\"en_US\" \/>\n<input type=\"hidden\" name=\"_wpcf7_unit_tag\" value=\"wpcf7-f192-o1\" \/>\n<input type=\"hidden\" name=\"_wpcf7_container_post\" value=\"0\" \/>\n<input type=\"hidden\" name=\"_wpcf7_posted_data_hash\" value=\"\" \/>\n<\/div>\n<div class=\"row\">\n\t<div class=\"columns small-12 xlarge-6\">\n\t\t<p><span class=\"wpcf7-form-control-wrap\" data-name=\"full-name\"><input size=\"40\" maxlength=\"80\" class=\"wpcf7-form-control wpcf7-text wpcf7-validates-as-required\" aria-required=\"true\" aria-invalid=\"false\" placeholder=\"Full Name*\" value=\"\" type=\"text\" name=\"full-name\" \/><\/span>\n\t\t<\/p>\n\t<\/div>\n\t<div class=\"columns small-12 xlarge-6\">\n\t\t<p><span class=\"wpcf7-form-control-wrap\" data-name=\"email\"><input size=\"40\" maxlength=\"80\" class=\"wpcf7-form-control wpcf7-email wpcf7-validates-as-required wpcf7-text wpcf7-validates-as-email\" aria-required=\"true\" aria-invalid=\"false\" placeholder=\"Email*\" value=\"\" type=\"email\" name=\"email\" \/><\/span>\n\t\t<\/p>\n\t<\/div>\n<\/div>\n<div class=\"row\">\n\t<div class=\"columns small-12 xlarge-6\">\n\t\t<p><span class=\"wpcf7-form-control-wrap\" data-name=\"company-name\"><input size=\"40\" maxlength=\"80\" class=\"wpcf7-form-control wpcf7-text wpcf7-validates-as-required\" aria-required=\"true\" aria-invalid=\"false\" placeholder=\"Company Name\" value=\"\" type=\"text\" name=\"company-name\" \/><\/span>\n\t\t<\/p>\n\t<\/div>\n\t<div class=\"columns small-12 xlarge-6\">\n\t\t<p><span class=\"wpcf7-form-control-wrap\" data-name=\"mobile-phone\"><input size=\"40\" maxlength=\"80\" class=\"wpcf7-form-control wpcf7-text wpcf7-validates-as-required codesm-phone-field\" aria-required=\"true\" aria-invalid=\"false\" placeholder=\"Phone*\" value=\"\" type=\"text\" name=\"mobile-phone\" \/><\/span>\n\t\t<\/p>\n\t<\/div>\n<\/div>\n<div class=\"row\">\n\t<div class=\"columns small-12 xlarge-6\">\n\t\t<p><span class=\"wpcf7-form-control-wrap\" data-name=\"team-size\"><input size=\"40\" maxlength=\"80\" class=\"wpcf7-form-control wpcf7-text wpcf7-validates-as-required\" aria-required=\"true\" aria-invalid=\"false\" placeholder=\"Team Size\" value=\"\" type=\"text\" name=\"team-size\" \/><\/span>\n\t\t<\/p>\n\t<\/div>\n\t<div class=\"columns small-12 xlarge-6\">\n\t\t<p><span class=\"wpcf7-form-control-wrap\" data-name=\"website\"><input size=\"40\" maxlength=\"80\" class=\"wpcf7-form-control wpcf7-text wpcf7-validates-as-required\" aria-required=\"true\" aria-invalid=\"false\" placeholder=\"Website\" value=\"\" type=\"text\" name=\"website\" \/><\/span>\n\t\t<\/p>\n\t<\/div>\n<\/div>\n<div class=\"row\">\n\t<div class=\"columns small-12 xlarge-12\">\n\t\t<p><span class=\"wpcf7-form-control-wrap\" data-name=\"message\"><textarea cols=\"40\" rows=\"4\" maxlength=\"400\" class=\"wpcf7-form-control wpcf7-textarea\" aria-invalid=\"false\" placeholder=\"Tell us about your use case...\" name=\"message\"><\/textarea><\/span>\n\t\t<\/p>\n\t<\/div>\n<\/div>\n<div class=\"show-for-large\" style=\"height: 60px\">\n<\/div>\n<div class=\"hide-for-large\" style=\"height: 30px\">\n<\/div>\n<div class=\"row\">\n\t<div class=\"columns small-12 xlarge-12 text-center\">\n\t\t<p><span id=\"wpcf7-69de1e1ad86f7-wrapper\" class=\"wpcf7-form-control-wrap email-confirm-wrap\" style=\"display:none !important; visibility:hidden !important;\"><label for=\"wpcf7-69de1e1ad86f7-field\" class=\"hp-message\">Please leave this field empty.<\/label><input id=\"wpcf7-69de1e1ad86f7-field\"  class=\"wpcf7-form-control wpcf7-text\" type=\"text\" name=\"email-confirm\" value=\"\" size=\"40\" tabindex=\"-1\" autocomplete=\"new-password\" \/><\/span><button type=\"submit\" class=\"button no-margin-bottom\"><span>Submit<\/span><\/button>\n\t\t<\/p>\n\t<\/div>\n<\/div><div class=\"wpcf7-response-output\" aria-hidden=\"true\"><\/div>\n<\/form>\n<\/div>\n[\/vc_column_text][\/vc_column_inner][\/vc_row_inner][vc_empty_space height=&#8221;90px&#8221; el_class=&#8221;show-for-large&#8221;][vc_empty_space height=&#8221;45px&#8221; el_class=&#8221;hide-for-large&#8221;][\/vc_column][\/vc_row][\/vc_section]<\/p>\n<\/div>","protected":false},"excerpt":{"rendered":"<p>[vc_section el_id=&#8221;enterprise-section_0&#8243;][vc_row][vc_column][vc_empty_space height=&#8221;90px&#8221; el_class=&#8221;show-for-large&#8221;][vc_empty_space height=&#8221;90px&#8221; el_class=&#8221;hide-for-large&#8221;][vc_row_inner el_class=&#8221;row no-padding-vc&#8221;][vc_column_inner el_class=&#8221;columns small-12 large-8 large-offset-2&#8243;][vc_column_text el_class=&#8221;text-center&#8221;] Rozwi\u0105zania AI dla przedsi\u0119biorstw Uwolnij potencja\u0142 najnowocze\u015bniejszych technologii AI, aby zrewolucjonizowa\u0107 operacje biznesowe dzi\u0119ki kompleksowym rozwi\u0105zaniom AI dla przedsi\u0119biorstw firmy Cody AI. Wyobra\u017a sobie zwi\u0119kszenie produktywno\u015bci pracownik\u00f3w dzi\u0119ki pomocy opartej na sztucznej inteligencji w ka\u017cdym zadaniu i decyzji. Nasza platforma wykorzystuje najnowocze\u015bniejsze<a class=\"excerpt-read-more\" href=\"https:\/\/meetcody.ai\/pl\/przedsiebiorstwo\/\" title=\"ReadNiestandardowe rozwi\u0105zania AI dla przedsi\u0119biorstw\">&#8230; Read more &raquo;<\/a><\/p>\n","protected":false},"author":1,"featured_media":0,"parent":0,"menu_order":0,"comment_status":"closed","ping_status":"closed","template":"template-visual-builder.php","meta":{"_acf_changed":false,"inline_featured_image":false,"footnotes":""},"class_list":["post-28197","page","type-page","status-publish","hentry"],"acf":[],"yoast_head":"<!-- This site is optimized with the Yoast SEO Premium plugin v21.8 (Yoast SEO v24.2) - https:\/\/yoast.com\/wordpress\/plugins\/seo\/ -->\n<title>Niestandardowe rozwi\u0105zania AI dla przedsi\u0119biorstw<\/title>\n<meta name=\"description\" content=\"Uwolnij potencja\u0142 zaawansowanych technologii AI, aby przekszta\u0142ci\u0107 swoj\u0105 firm\u0119 dzi\u0119ki naszym kompleksowym rozwi\u0105zaniom AI dla przedsi\u0119biorstw w Cody AI.\" \/>\n<meta name=\"robots\" content=\"index, follow, max-snippet:-1, max-image-preview:large, max-video-preview:-1\" \/>\n<link rel=\"canonical\" href=\"https:\/\/meetcody.ai\/pl\/przedsiebiorstwo\/\" \/>\n<meta property=\"og:locale\" content=\"pl_PL\" \/>\n<meta property=\"og:type\" content=\"article\" \/>\n<meta property=\"og:title\" content=\"Niestandardowe rozwi\u0105zania AI dla przedsi\u0119biorstw\" \/>\n<meta property=\"og:description\" content=\"Uwolnij potencja\u0142 zaawansowanych technologii AI, aby przekszta\u0142ci\u0107 swoj\u0105 firm\u0119 dzi\u0119ki naszym kompleksowym rozwi\u0105zaniom AI dla przedsi\u0119biorstw w Cody AI.\" \/>\n<meta property=\"og:url\" content=\"https:\/\/meetcody.ai\/pl\/przedsiebiorstwo\/\" \/>\n<meta property=\"og:site_name\" content=\"Cody - The AI Trained on Your Business\" \/>\n<meta property=\"article:modified_time\" content=\"2024-09-09T13:02:34+00:00\" \/>\n<meta property=\"og:image\" content=\"https:\/\/meetcody.ai\/wp-content\/uploads\/2023\/02\/grid_0-2.png\" \/>\n\t<meta property=\"og:image:width\" content=\"1536\" \/>\n\t<meta property=\"og:image:height\" content=\"1024\" \/>\n\t<meta property=\"og:image:type\" content=\"image\/png\" \/>\n<meta name=\"twitter:card\" content=\"summary_large_image\" \/>\n<meta name=\"twitter:site\" content=\"@meetcodyai\" \/>\n<meta name=\"twitter:label1\" content=\"Est. reading time\" \/>\n\t<meta name=\"twitter:data1\" content=\"6 minutes\" \/>\n<script type=\"application\/ld+json\" class=\"yoast-schema-graph\">{\"@context\":\"https:\/\/schema.org\",\"@graph\":[{\"@type\":\"WebPage\",\"@id\":\"https:\/\/meetcody.ai\/pl\/przedsiebiorstwo\/\",\"url\":\"https:\/\/meetcody.ai\/pl\/przedsiebiorstwo\/\",\"name\":\"Niestandardowe rozwi\u0105zania AI dla przedsi\u0119biorstw\",\"isPartOf\":{\"@id\":\"https:\/\/meetcody.ai\/#website\"},\"datePublished\":\"2023-04-25T08:34:14+00:00\",\"dateModified\":\"2024-09-09T13:02:34+00:00\",\"description\":\"Uwolnij potencja\u0142 zaawansowanych technologii AI, aby przekszta\u0142ci\u0107 swoj\u0105 firm\u0119 dzi\u0119ki naszym kompleksowym rozwi\u0105zaniom AI dla przedsi\u0119biorstw w Cody AI.\",\"breadcrumb\":{\"@id\":\"https:\/\/meetcody.ai\/pl\/przedsiebiorstwo\/#breadcrumb\"},\"inLanguage\":\"pl-PL\",\"potentialAction\":[{\"@type\":\"ReadAction\",\"target\":[\"https:\/\/meetcody.ai\/pl\/przedsiebiorstwo\/\"]}]},{\"@type\":\"BreadcrumbList\",\"@id\":\"https:\/\/meetcody.ai\/pl\/przedsiebiorstwo\/#breadcrumb\",\"itemListElement\":[{\"@type\":\"ListItem\",\"position\":1,\"name\":\"Home\",\"item\":\"https:\/\/meetcody.ai\/pl\/home-v2\/\"},{\"@type\":\"ListItem\",\"position\":2,\"name\":\"Niestandardowe rozwi\u0105zania AI dla przedsi\u0119biorstw\"}]},{\"@type\":\"WebSite\",\"@id\":\"https:\/\/meetcody.ai\/#website\",\"url\":\"https:\/\/meetcody.ai\/\",\"name\":\"Cody AI - The AI Trained on Your Business\",\"description\":\"AI Powered Knowledge Base for Employees\",\"publisher\":{\"@id\":\"https:\/\/meetcody.ai\/#organization\"},\"potentialAction\":[{\"@type\":\"SearchAction\",\"target\":{\"@type\":\"EntryPoint\",\"urlTemplate\":\"https:\/\/meetcody.ai\/?s={search_term_string}\"},\"query-input\":{\"@type\":\"PropertyValueSpecification\",\"valueRequired\":true,\"valueName\":\"search_term_string\"}}],\"inLanguage\":\"pl-PL\"},{\"@type\":\"Organization\",\"@id\":\"https:\/\/meetcody.ai\/#organization\",\"name\":\"Cody AI - The AI Trained on Your Business\",\"url\":\"https:\/\/meetcody.ai\/\",\"logo\":{\"@type\":\"ImageObject\",\"inLanguage\":\"pl-PL\",\"@id\":\"https:\/\/meetcody.ai\/#\/schema\/logo\/image\/\",\"url\":\"https:\/\/meetcody.ai\/wp-content\/uploads\/2023\/05\/logo-codyai.svg\",\"contentUrl\":\"https:\/\/meetcody.ai\/wp-content\/uploads\/2023\/05\/logo-codyai.svg\",\"width\":\"1024\",\"height\":\"1024\",\"caption\":\"Cody AI - The AI Trained on Your Business\"},\"image\":{\"@id\":\"https:\/\/meetcody.ai\/#\/schema\/logo\/image\/\"},\"sameAs\":[\"https:\/\/x.com\/meetcodyai\",\"https:\/\/discord.com\/invite\/jXEVDcFxqs\"]}]}<\/script>\n<!-- \/ Yoast SEO Premium plugin. -->","yoast_head_json":{"title":"Niestandardowe rozwi\u0105zania AI dla przedsi\u0119biorstw","description":"Uwolnij potencja\u0142 zaawansowanych technologii AI, aby przekszta\u0142ci\u0107 swoj\u0105 firm\u0119 dzi\u0119ki naszym kompleksowym rozwi\u0105zaniom AI dla przedsi\u0119biorstw w Cody AI.","robots":{"index":"index","follow":"follow","max-snippet":"max-snippet:-1","max-image-preview":"max-image-preview:large","max-video-preview":"max-video-preview:-1"},"canonical":"https:\/\/meetcody.ai\/pl\/przedsiebiorstwo\/","og_locale":"pl_PL","og_type":"article","og_title":"Niestandardowe rozwi\u0105zania AI dla przedsi\u0119biorstw","og_description":"Uwolnij potencja\u0142 zaawansowanych technologii AI, aby przekszta\u0142ci\u0107 swoj\u0105 firm\u0119 dzi\u0119ki naszym kompleksowym rozwi\u0105zaniom AI dla przedsi\u0119biorstw w Cody AI.","og_url":"https:\/\/meetcody.ai\/pl\/przedsiebiorstwo\/","og_site_name":"Cody - The AI Trained on Your Business","article_modified_time":"2024-09-09T13:02:34+00:00","og_image":[{"width":1536,"height":1024,"url":"https:\/\/meetcody.ai\/wp-content\/uploads\/2023\/02\/grid_0-2.png","type":"image\/png"}],"twitter_card":"summary_large_image","twitter_site":"@meetcodyai","twitter_misc":{"Est. reading time":"6 minutes"},"schema":{"@context":"https:\/\/schema.org","@graph":[{"@type":"WebPage","@id":"https:\/\/meetcody.ai\/pl\/przedsiebiorstwo\/","url":"https:\/\/meetcody.ai\/pl\/przedsiebiorstwo\/","name":"Niestandardowe rozwi\u0105zania AI dla przedsi\u0119biorstw","isPartOf":{"@id":"https:\/\/meetcody.ai\/#website"},"datePublished":"2023-04-25T08:34:14+00:00","dateModified":"2024-09-09T13:02:34+00:00","description":"Uwolnij potencja\u0142 zaawansowanych technologii AI, aby przekszta\u0142ci\u0107 swoj\u0105 firm\u0119 dzi\u0119ki naszym kompleksowym rozwi\u0105zaniom AI dla przedsi\u0119biorstw w Cody AI.","breadcrumb":{"@id":"https:\/\/meetcody.ai\/pl\/przedsiebiorstwo\/#breadcrumb"},"inLanguage":"pl-PL","potentialAction":[{"@type":"ReadAction","target":["https:\/\/meetcody.ai\/pl\/przedsiebiorstwo\/"]}]},{"@type":"BreadcrumbList","@id":"https:\/\/meetcody.ai\/pl\/przedsiebiorstwo\/#breadcrumb","itemListElement":[{"@type":"ListItem","position":1,"name":"Home","item":"https:\/\/meetcody.ai\/pl\/home-v2\/"},{"@type":"ListItem","position":2,"name":"Niestandardowe rozwi\u0105zania AI dla przedsi\u0119biorstw"}]},{"@type":"WebSite","@id":"https:\/\/meetcody.ai\/#website","url":"https:\/\/meetcody.ai\/","name":"Cody AI - The AI Trained on Your Business","description":"AI Powered Knowledge Base for Employees","publisher":{"@id":"https:\/\/meetcody.ai\/#organization"},"potentialAction":[{"@type":"SearchAction","target":{"@type":"EntryPoint","urlTemplate":"https:\/\/meetcody.ai\/?s={search_term_string}"},"query-input":{"@type":"PropertyValueSpecification","valueRequired":true,"valueName":"search_term_string"}}],"inLanguage":"pl-PL"},{"@type":"Organization","@id":"https:\/\/meetcody.ai\/#organization","name":"Cody AI - The AI Trained on Your Business","url":"https:\/\/meetcody.ai\/","logo":{"@type":"ImageObject","inLanguage":"pl-PL","@id":"https:\/\/meetcody.ai\/#\/schema\/logo\/image\/","url":"https:\/\/meetcody.ai\/wp-content\/uploads\/2023\/05\/logo-codyai.svg","contentUrl":"https:\/\/meetcody.ai\/wp-content\/uploads\/2023\/05\/logo-codyai.svg","width":"1024","height":"1024","caption":"Cody AI - The AI Trained on Your Business"},"image":{"@id":"https:\/\/meetcody.ai\/#\/schema\/logo\/image\/"},"sameAs":["https:\/\/x.com\/meetcodyai","https:\/\/discord.com\/invite\/jXEVDcFxqs"]}]}},"_links":{"self":[{"href":"https:\/\/meetcody.ai\/pl\/wp-json\/wp\/v2\/pages\/28197","targetHints":{"allow":["GET"]}}],"collection":[{"href":"https:\/\/meetcody.ai\/pl\/wp-json\/wp\/v2\/pages"}],"about":[{"href":"https:\/\/meetcody.ai\/pl\/wp-json\/wp\/v2\/types\/page"}],"author":[{"embeddable":true,"href":"https:\/\/meetcody.ai\/pl\/wp-json\/wp\/v2\/users\/1"}],"replies":[{"embeddable":true,"href":"https:\/\/meetcody.ai\/pl\/wp-json\/wp\/v2\/comments?post=28197"}],"version-history":[{"count":50,"href":"https:\/\/meetcody.ai\/pl\/wp-json\/wp\/v2\/pages\/28197\/revisions"}],"predecessor-version":[{"id":49475,"href":"https:\/\/meetcody.ai\/pl\/wp-json\/wp\/v2\/pages\/28197\/revisions\/49475"}],"wp:attachment":[{"href":"https:\/\/meetcody.ai\/pl\/wp-json\/wp\/v2\/media?parent=28197"}],"curies":[{"name":"wp","href":"https:\/\/api.w.org\/{rel}","templated":true}]}}