{"id":28193,"date":"2023-04-20T11:58:54","date_gmt":"2023-04-20T11:58:54","guid":{"rendered":"https:\/\/meetcody.ai\/wycena\/"},"modified":"2025-11-13T09:06:00","modified_gmt":"2025-11-13T09:06:00","slug":"wycena","status":"publish","type":"page","link":"https:\/\/meetcody.ai\/pl\/wycena\/","title":{"rendered":"Wycena"},"content":{"rendered":"<div class=\"wpb-content-wrapper\"><p>[vc_section el_id=&#8221;pricing-section_0&#8243;][vc_row][vc_column][vc_empty_space height=&#8221;90px&#8221; el_class=&#8221;show-for-large&#8221;][vc_empty_space height=&#8221;90px&#8221; el_class=&#8221;hide-for-large&#8221;][vc_row_inner el_class=&#8221;row no-padding-vc&#8221;][vc_column_inner el_class=&#8221;columns large-8 large-offset-2&#8243;][vc_column_text el_class=&#8221;text-center&#8221;]<\/p>\n<h1 class=\"margin-bottom-1point5rem font-color-gradient page-heading\">Rozpocznij za darmo<\/h1>\n<section class=\"elementor-section elementor-top-section elementor-element elementor-element-3cb60ca elementor-section-boxed elementor-section-height-default elementor-section-height-default\" data-id=\"3cb60ca\" data-element_type=\"section\">\n<div class=\"elementor-container elementor-column-gap-default\">\n<div class=\"elementor-column elementor-col-100 elementor-top-column elementor-element elementor-element-8e0e96f\" data-id=\"8e0e96f\" data-element_type=\"column\">\n<div class=\"elementor-widget-wrap elementor-element-populated\">\n<div class=\"elementor-element elementor-element-18447c9 elementor-widget elementor-widget-text-editor\" data-id=\"18447c9\" data-element_type=\"widget\" data-widget_type=\"text-editor.default\">\n<div class=\"elementor-widget-container\">\n<p>Niezale\u017cnie od tego, czy u\u017cywasz Cody do u\u017cytku osobistego, z zespo\u0142em, czy planujesz udost\u0119pni\u0107 go swoim klientom, mamy dla Ciebie odpowiedni pakiet.<\/p>\n<\/div>\n<\/div>\n<\/div>\n<\/div>\n<\/div>\n<\/section>\n<section class=\"elementor-section elementor-top-section elementor-element elementor-element-148b11e elementor-section-boxed elementor-section-height-default elementor-section-height-default\" data-id=\"148b11e\" data-element_type=\"section\">\n<div class=\"elementor-container elementor-column-gap-default\"><\/div>\n<\/section>\n<section class=\"elementor-section elementor-top-section elementor-element elementor-element-cf8b248 elementor-section-boxed elementor-section-height-default elementor-section-height-default\" data-id=\"cf8b248\" data-element_type=\"section\">\n<div id=\"dl_parallax_ele-cf8b248\" class=\"dl_parallax_ele-wrapper\"><\/div>\n<div class=\"elementor-container elementor-column-gap-default\">\n<div class=\"elementor-column elementor-col-100 elementor-top-column elementor-element elementor-element-3dc9101\" data-id=\"3dc9101\" data-element_type=\"column\">\n<div class=\"elementor-widget-wrap elementor-element-populated\">\n<div class=\"elementor-element elementor-element-5854acd elementor-widget elementor-widget-html\" data-id=\"5854acd\" data-element_type=\"widget\" data-widget_type=\"html.default\">\n<div class=\"elementor-widget-container\"><\/div>\n<\/div>\n<\/div>\n<\/div>\n<\/div>\n<\/section>\n<p>[\/vc_column_text][\/vc_column_inner][\/vc_row_inner][vc_empty_space height=&#8221;90px&#8221; el_class=&#8221;show-for-large&#8221;][vc_empty_space height=&#8221;45px&#8221; el_class=&#8221;hide-for-large&#8221;][\/vc_column][\/vc_row][\/vc_section][vc_section el_id=&#8221;pricing-section_1&#8243;][vc_row][vc_column][vc_empty_space height=&#8221;45px&#8221; el_class=&#8221;hide-for-large&#8221;][vc_row_inner el_class=&#8221;row no-padding-vc&#8221;][vc_column_inner width=&#8221;1\/3&#8243;][vc_empty_space height=&#8221;24px&#8221; el_class=&#8221;hide-for-large&#8221;][vc_column_text]<\/p>\n<div class=\"card bg-color-grayscale dark-border\">\n<p class=\"margin-bottom-0point5rem font-color-white\">Podstawowy<\/p>\n<h2 class=\" h1 margin-bottom-1point5rem font-color-gradient\">29 USD\/miesi\u0105c<\/h2>\n<div class=\"border-bottom-secondary border-gradient margin-bottom-1point5rem\"><\/div>\n<ul class=\"no-bullet custom-bullets\">\n<li>2 500 kredyt\u00f3w<\/li>\n<li>GPT-5 Mini<\/li>\n<li>3 cz\u0142onk\u00f3w zespo\u0142u<\/li>\n<li>14-dniowy dziennik rozm\u00f3w<\/li>\n<li>1 000 dokument\u00f3w<\/li>\n<li>Widget osadzania strony internetowej<\/li>\n<li>Dostosuj wid\u017cet strony internetowej<\/li>\n<li>API<\/li>\n<\/ul>\n<p><a class=\"button no-margin-bottom\" href=\"https:\/\/getcody.ai\/buy\/00g3d85fgb0VbQc3cd\"><br \/>\n<span class=\"small\">Subskrybuj<\/span><br \/>\n<\/a><\/p>\n<\/div>\n<p>[\/vc_column_text][\/vc_column_inner][vc_column_inner width=&#8221;1\/3&#8243;][vc_empty_space height=&#8221;24px&#8221; el_class=&#8221;hide-for-large&#8221;][vc_column_text]<\/p>\n<div class=\"card bg-color-grayscale dark-border\">\n<p class=\"margin-bottom-0point5rem font-color-white\">Premium<\/p>\n<h2 class=\" h1 margin-bottom-1point5rem font-color-gradient\">99 USD\/miesi\u0105c<\/h2>\n<div class=\"border-bottom-secondary border-gradient margin-bottom-1point5rem\"><\/div>\n<ul class=\"no-bullet custom-bullets\">\n<li>10 000 kredyt\u00f3w<\/li>\n<li>GPT 5 Mini<\/li>\n<li>GPT 5<\/li>\n<li>Sonet Claude 4<\/li>\n<li>10 cz\u0142onk\u00f3w zespo\u0142u<\/li>\n<li class=\"whitespace-normal break-words\">30-dniowy dziennik rozm\u00f3w<\/li>\n<li>10 000 dokument\u00f3w<\/li>\n<li>10 000 stron internetowych<\/li>\n<li>Website Crawler<\/li>\n<li>Cykliczne importy stron internetowych (3 strony internetowe)<\/li>\n<li>Embed Website Widget (3 strony internetowe)<\/li>\n<li>Dostosuj wid\u017cet strony internetowej<\/li>\n<li>Usu\u0144 mark\u0119 Cody z wid\u017cetu<\/li>\n<li>API<\/li>\n<\/ul>\n<p><a class=\"button no-margin-bottom\" href=\"https:\/\/getcody.ai\/buy\/fZe150cHIb0VaM8dQS\"><br \/>\n<span class=\"small\">Subskrybuj<\/span><br \/>\n<\/a><\/p>\n<\/div>\n<p>[\/vc_column_text][\/vc_column_inner][vc_column_inner width=&#8221;1\/3&#8243;][vc_empty_space height=&#8221;24px&#8221; el_class=&#8221;hide-for-large&#8221;][vc_column_text]<\/p>\n<div class=\"card bg-color-grayscale dark-border\">\n<p class=\"margin-bottom-0point5rem font-color-white\">Zaawansowany<\/p>\n<h2 class=\" h1 margin-bottom-1point5rem font-color-gradient\">249 USD\/miesi\u0105c<\/h2>\n<div class=\"border-bottom-secondary border-gradient margin-bottom-1point5rem\"><\/div>\n<ul class=\"no-bullet custom-bullets\">\n<li>25 000 kredyt\u00f3w<\/li>\n<li>GPT 5 Mini<\/li>\n<li>GPT 5<\/li>\n<li>Sonet Claude 4<\/li>\n<li>30 cz\u0142onk\u00f3w zespo\u0142u<\/li>\n<li>90-dniowy dziennik rozm\u00f3w<\/li>\n<li>25 000 stron internetowych<\/li>\n<li>Website Crawler<\/li>\n<li>Cykliczne importowanie stron internetowych (9 stron internetowych)<\/li>\n<li>Wid\u017cet osadzania strony internetowej (50 stron internetowych)<\/li>\n<li>Dostosuj wid\u017cet strony internetowej<\/li>\n<li>Usu\u0144 mark\u0119 Cody z wid\u017cetu<\/li>\n<li>API<\/li>\n<\/ul>\n<p><a class=\"button no-margin-bottom\" href=\"https:\/\/getcody.ai\/buy\/5kAeVQazA7OJ1by28b\"><br \/>\n<span class=\"small\">Subskrybuj<\/span><br \/>\n<\/a><\/p>\n<\/div>\n<p>[\/vc_column_text][\/vc_column_inner][\/vc_row_inner][vc_empty_space height=&#8221;45px&#8221; el_class=&#8221;show-for-large&#8221;][vc_empty_space height=&#8221;24px&#8221; el_class=&#8221;hide-for-large&#8221;][\/vc_column][\/vc_row][\/vc_section][vc_section el_id=&#8221;pricing-section_2&#8243;][vc_row][vc_column][vc_empty_space height=&#8221;45px&#8221; el_class=&#8221;show-for-large&#8221;][vc_empty_space height=&#8221;24px&#8221; el_class=&#8221;hide-for-large&#8221;][vc_row_inner el_class=&#8221;row no-padding-vc&#8221;][vc_column_inner][vc_column_text el_class=&#8221;text-center&#8221;]<\/p>\n<h1 class=\"font-color-white no-margin-bottom\">Cz\u0119sto zadawane pytania<\/h1>\n<p>[\/vc_column_text][\/vc_column_inner][\/vc_row_inner][vc_empty_space height=&#8221;90px&#8221; el_class=&#8221;show-for-large&#8221;][vc_empty_space height=&#8221;45px&#8221; el_class=&#8221;hide-for-large&#8221;][vc_row_inner el_class=&#8221;row no-padding-vc&#8221;][vc_column_inner el_class=&#8221;columns small-12 large-8 large-offset-2&#8243;][vc_raw_html]PHVsIGNsYXNzPSJhY2NvcmRpb24iIGRhdGEtYWNjb3JkaW9uPSIiIGRhdGEtYWxsb3ctYWxsLWNsb3NlZD0idHJ1ZSI+CiAgICA8bGkgY2xhc3M9ImFjY29yZGlvbi1pdGVtIGlzLWFjdGl2ZSIgZGF0YS1hY2NvcmRpb24taXRlbT0iIj4KICAgICAgICA8YSBocmVmPSIjIiBjbGFzcz0iYWNjb3JkaW9uLXRpdGxlIj4KICAgICAgICAgICAgPHAgY2xhc3M9Im5vLW1hcmdpbi1ib3R0b20gZXh0cmEtYmlnIGZvbnQtY29sb3Itd2hpdGUiPktpbSBqZXN0IENvZHk\/PC9wPgogICAgICAgIDwvYT4KICAgICAgICA8ZGl2IGNsYXNzPSJhY2NvcmRpb24tY29udGVudCIgZGF0YS10YWItY29udGVudD0iIj4KICAgICAgICAgICAgPHAgY2xhc3M9Im5vLW1hcmdpbi1ib3R0b20gZm9udC1jb2xvci13aGl0ZSI+Q29keSB0byB3aXJ0dWFsbnkgcHJhY293bmlrIG9wYXJ0eSBuYSBzenR1Y3puZWogaW50ZWxpZ2VuY2ppLCBrdMOzcnkgbW\/FvGUgcG9tw7NjIFR3b2plaiBmaXJtaWUKIHcgcsOzxbxueWNoIHphZGFuaWFjaCwgdGFraWNoIGphayBvZHBvd2lhZGFuaWUgbmEgcHl0YW5pYSwgd3lrb255d2FuaWUgemFkYcWELCB3ZHJhxbxhbmllIG5vd3ljaCBwcmFjb3duaWvDs3csCiB6YXBld25pYW5pZSB3c3BhcmNpYSBpIHJvendpxIV6eXdhbmllIHByb2JsZW3Ds3cgb3JheiB3bm9zemVuaWUgbm93eWNoIHBvbXlzxYLDs3cgaSBzcG9zdHJ6ZcW8ZcWELjwvcD4KICAgICAgICA8L2Rpdj4KICAgIDwvbGk+CiAgICA8bGkgY2xhc3M9ImFjY29yZGlvbi1pdGVtIiBkYXRhLWFjY29yZGlvbi1pdGVtPSIiPgogICAgICAgIDxhIGhyZWY9IiMiIGNsYXNzPSJhY2NvcmRpb24tdGl0bGUiPgogICAgICAgICAgICA8cCBjbGFzcz0ibm8tbWFyZ2luLWJvdHRvbSBleHRyYS1iaWcgZm9udC1jb2xvci13aGl0ZSI+SmFrIGR6aWHFgmEgQ29keT88L3A+CiAgICAgICAgPC9hPgogICAgICAgIDxkaXYgY2xhc3M9ImFjY29yZGlvbi1jb250ZW50IiBkYXRhLXRhYi1jb250ZW50PSIiPgogICAgICAgICAgICA8cCBjbGFzcz0ibm8tbWFyZ2luLWJvdHRvbSBmb250LWNvbG9yLXdoaXRlIj5Db2R5IHByemVzenVrdWplIHdzenlzdGtpZSB6Z3JvbWFkem9uZSBkYW5lIGZpcm15LCB3IHR5bSBhcnR5a3XFgnkKLCBQb3dlclBvaW50cyBpIHBsaWtpIFBERiwgaSB3eXN6dWt1amUgMTAgbmFqaXN0b3RuaWVqc3p5Y2ggZG9rdW1lbnTDs3csIGFieSB3IGNpxIVndSBraWxrdSBzZWt1bmQgdXR3b3J6ecSHIG9kcG93aWVkxbogbmEgcHl0YW5pZQouPC9wPgogICAgICAgIDwvZGl2PgogICAgPC9saT4KICAgIDxsaSBjbGFzcz0iYWNjb3JkaW9uLWl0ZW0iIGRhdGEtYWNjb3JkaW9uLWl0ZW09IiI+CiAgICAgICAgPGEgaHJlZj0iIyIgY2xhc3M9ImFjY29yZGlvbi10aXRsZSI+CiAgICAgICAgICAgIDxwIGNsYXNzPSJuby1tYXJnaW4tYm90dG9tIGV4dHJhLWJpZyBmb250LWNvbG9yLXdoaXRlIj5DenkgbW9nxJkgcHJ6ZXPFgmHEhyBkb2t1bWVudHkgZG8gQ29keT88L3A+CiAgICAgICAgPC9hPgogICAgICAgIDxkaXYgY2xhc3M9ImFjY29yZGlvbi1jb250ZW50IiBkYXRhLXRhYi1jb250ZW50PSIiPgogICAgICAgICAgICA8cCBjbGFzcz0ibm8tbWFyZ2luLWJvdHRvbSBmb250LWNvbG9yLXdoaXRlIj5UYWssIG1vxbxlc3ogcHJ6ZXN5xYJhxIcgZG8gQ29keSByw7PFvG5lIHR5cHkgZG9rdW1lbnTDs3csIHRha2llIGphawogV29yZCwgUG93ZXJQb2ludCBpIFBERiwgYSBDb2R5IG5hdHljaG1pYXN0IG5hdWN6eSBzacSZIHdzenlzdGtpY2ggdHljaCBpbmZvcm1hY2ppIGkgd3lrb3J6eXN0YSBqZSwgYWJ5IGRvc3RhcmN6ecSHCiBvZHBvd2llZHppIG5hIHR3b2plIHB5dGFuaWEuPC9wPgogICAgICAgIDwvZGl2PgogICAgPC9saT4KIDxsaSBjbGFzcz0iYWNjb3JkaW9uLWl0ZW0iIGRhdGEtYWNjb3JkaW9uLWl0ZW09IiI+CiAgICAgICAgPGEgaHJlZj0iIyIgY2xhc3M9ImFjY29yZGlvbi10aXRsZSI+CiAgICAgICAgICAgIDxwIGNsYXNzPSJuby1tYXJnaW4tYm90dG9tIGV4dHJhLWJpZyBmb250LWNvbG9yLXdoaXRlIj5DenltIHPEhSBrcmVkeXR5PwogICAgICAgICAgICA8L3A+CiAgICAgICAgPC9hPgogICAgICAgIDxkaXYgY2xhc3M9ImFjY29yZGlvbi1jb250ZW50IiBkYXRhLXRhYi1jb250ZW50PgogICAgICAgICAgICA8cCBjbGFzcz0ibm8tbWFyZ2luLWJvdHRvbSBmb250LWNvbG9yLXdoaXRlIj48cD5LcmVkeXR5IG1pZXJ6xIUgd3lrb3J6eXN0YW5pZS4gTmEgcHJ6eWvFgmFkOjwvcD4KICAgIDx1bD4KICAgICAgICA8bGk+WmFweXRhbmllIEdQVCAzLjUgd3lrb3J6eXN0dWplIDEga3JlZHl0LjwvbGk+CiAgICAgICAgPGxpPlphcHl0YW5pZSBHUFQgMy41IDE2SyB3eW1hZ2EgNSBrcmVkeXTDs3cuPC9saT4KICAgICAgICA8bGk+WmFweXRhbmllIEdQVCA0IHp1xbx5d2EgMTAga3JlZHl0w7N3LjwvbGk+CiAgICA8L3VsPgogICAgPHA+TW\/FvGVzeiDFm2xlZHppxIcgenXFvHljaWUga3JlZHl0dSB3IGN6YXNpZSByemVjenl3aXN0eW0gdyA8ZW0+IHpha8WCYWRjZSAid3lrb3J6eXN0YW5pZSI8L2VtPi48L3A+CiAgICAgICAgPC9kaXY+CiAgICA8L2xpPgogICAgPGxpIGNsYXNzPSJhY2NvcmRpb24taXRlbSIgZGF0YS1hY2NvcmRpb24taXRlbT0iIj4KICAgICAgICA8YSBocmVmPSIjIiBjbGFzcz0iYWNjb3JkaW9uLXRpdGxlIj4KICAgICAgICAgICAgPHAgY2xhc3M9Im5vLW1hcmdpbi1ib3R0b20gZXh0cmEtYmlnIGZvbnQtY29sb3Itd2hpdGUiPkN6eSBtb2fEmSBwcnplc3prb2xpxIcgQ29keSdlZ28gdyB6YWtyZXNpZSBtb2ljaCBrb25rcmV0bnljaCBwcm9jZXPDs3cgYml6bmVzb3d5Y2g\/CiAgICAgICAgICAgIDwvcD4KICAgICAgICA8L2E+CiAgICAgICAgPGRpdiBjbGFzcz0iYWNjb3JkaW9uLWNvbnRlbnQiIGRhdGEtdGFiLWNvbnRlbnQ9IiI+CiAgICAgICAgICAgIDxwIGNsYXNzPSJuby1tYXJnaW4tYm90dG9tIGZvbnQtY29sb3Itd2hpdGUiPlRhaywgbW\/FvGVzeiBwcnplc3prb2xpxIcgQ29keSdlZ28gdyB6YWtyZXNpZSBrb25rcmV0bnljaCBwcm9jZXPDs3cgYml6bmVzb3d5Y2gsCiB0YWtpY2ggamFrIGRva3VtZW50YWNqYSB3c3BhcmNpYSwgdW1vxbxsaXdpYWrEhWMgemVzcG\/Fgm93aSBzenlia2llIHJvendpxIV6eXdhbmllIHdzemVsa2ljaCBwcm9ibGVtw7N3LjwvcD4KICAgICAgICA8L2Rpdj4KICAgIDwvbGk+CgogICAgPGxpIGNsYXNzPSJhY2NvcmRpb24taXRlbSIgZGF0YS1hY2NvcmRpb24taXRlbT0iIj4KICAgICAgICA8YSBocmVmPSIjIiBjbGFzcz0iYWNjb3JkaW9uLXRpdGxlIj4KICAgICAgICAgICAgPHAgY2xhc3M9Im5vLW1hcmdpbi1ib3R0b20gZXh0cmEtYmlnIGZvbnQtY29sb3Itd2hpdGUiPkN6eSBDb2R5IHphc3TEmXB1amUgbHVkemtpY2ggcHJhY293bmlrw7N3PzwvcD4KICAgICAgICA8L2E+CiAgICAgICAgPGRpdiBjbGFzcz0iYWNjb3JkaW9uLWNvbnRlbnQiIGRhdGEtdGFiLWNvbnRlbnQ9IiI+CiAgICAgICAgICAgIDxwIGNsYXNzPSJuby1tYXJnaW4tYm90dG9tIGZvbnQtY29sb3Itd2hpdGUiPk5pZSwgQ29keSBuaWUgemFzdMSZcHVqZSBsdWR6a2ljaCBwcmFjb3duaWvDs3cuIFphbWlhc3QgdGVnbywKIHpvc3RhxYIgemFwcm9qZWt0b3dhbnksIGFieSBwb21hZ2HEhyBpIHdzcGllcmHEhyB6ZXNww7PFgiwgcG96d2FsYWrEhWMgbXUgc2t1cGnEhyBzacSZIG5hIHdhxbxuaWVqc3p5Y2ggemFkYW5pYWNoIGkgcHJhY293YcSHCiBiYXJkemllaiBlZmVrdHl3bmllLjwvcD4KICAgICAgICA8L2Rpdj4KICAgIDwvbGk+CgoKCjwvdWw+[\/vc_raw_html][\/vc_column_inner][\/vc_row_inner][vc_empty_space height=&#8221;90px&#8221; el_class=&#8221;show-for-large&#8221;][vc_empty_space height=&#8221;45px&#8221; el_class=&#8221;hide-for-large&#8221;][\/vc_column][\/vc_row][\/vc_section][vc_section el_id=&#8221;pricing-section_3&#8243;][vc_row][vc_column][vc_empty_space height=&#8221;45px&#8221; el_class=&#8221;hide-for-large&#8221;][vc_row_inner el_class=&#8221;row no-padding-vc animated-gradient-bg has-semirounded-border&#8221;][vc_column_inner el_class=&#8221;columns small-12 large-10 large-offset-1&#8243;][vc_empty_space height=&#8221;100px&#8221;][vc_column_text el_class=&#8221;text-center&#8221;]<\/p>\n<h2 class=\"font-color-white margin-bottom-2point5rem h1\">Rozpocznij bezp\u0142atnie z kontem osobistym<\/h2>\n<p>Otrzymaj 100 kredyt\u00f3w miesi\u0119cznie, 100 dokument\u00f3w i darmowy widget na swoj\u0105 stron\u0119 internetow\u0105.<\/p>\n<p><a class=\"button header-button no-margin-bottom\" style=\"max-width: 320px;\" href=\"https:\/\/getcody.ai\/auth\/signup\" target=\"_blank\" rel=\"noopener\"><span class=\"\">Stw\u00f3rz w\u0142asn\u0105 sztuczn\u0105 inteligencj\u0119<\/span><\/a>[\/vc_column_text][vc_empty_space height=&#8221;100px&#8221;][\/vc_column_inner][\/vc_row_inner][vc_empty_space height=&#8221;90px&#8221; el_class=&#8221;show-for-large&#8221;][vc_empty_space height=&#8221;45px&#8221; el_class=&#8221;hide-for-large&#8221;][\/vc_column][\/vc_row][\/vc_section]<\/p>\n<\/div>","protected":false},"excerpt":{"rendered":"<p>[vc_section el_id=&#8221;pricing-section_0&#8243;][vc_row][vc_column][vc_empty_space height=&#8221;90px&#8221; el_class=&#8221;show-for-large&#8221;][vc_empty_space height=&#8221;90px&#8221; el_class=&#8221;hide-for-large&#8221;][vc_row_inner el_class=&#8221;row no-padding-vc&#8221;][vc_column_inner el_class=&#8221;columns large-8 large-offset-2&#8243;][vc_column_text el_class=&#8221;text-center&#8221;] Rozpocznij za darmo Niezale\u017cnie od tego, czy u\u017cywasz Cody do u\u017cytku osobistego, z zespo\u0142em, czy planujesz udost\u0119pni\u0107 go swoim klientom, mamy dla Ciebie odpowiedni pakiet. [\/vc_column_text][\/vc_column_inner][\/vc_row_inner][vc_empty_space height=&#8221;90px&#8221; el_class=&#8221;show-for-large&#8221;][vc_empty_space height=&#8221;45px&#8221; el_class=&#8221;hide-for-large&#8221;][\/vc_column][\/vc_row][\/vc_section][vc_section el_id=&#8221;pricing-section_1&#8243;][vc_row][vc_column][vc_empty_space height=&#8221;45px&#8221; el_class=&#8221;hide-for-large&#8221;][vc_row_inner el_class=&#8221;row no-padding-vc&#8221;][vc_column_inner width=&#8221;1\/3&#8243;][vc_empty_space height=&#8221;24px&#8221; el_class=&#8221;hide-for-large&#8221;][vc_column_text] Podstawowy 29 USD\/miesi\u0105c 2 500<a class=\"excerpt-read-more\" href=\"https:\/\/meetcody.ai\/pl\/wycena\/\" title=\"ReadWycena\">&#8230; Read more &raquo;<\/a><\/p>\n","protected":false},"author":1,"featured_media":0,"parent":0,"menu_order":0,"comment_status":"closed","ping_status":"closed","template":"template-visual-builder.php","meta":{"_acf_changed":false,"inline_featured_image":false,"footnotes":""},"class_list":["post-28193","page","type-page","status-publish","hentry"],"acf":[],"yoast_head":"<!-- This site is optimized with the Yoast SEO Premium plugin v21.8 (Yoast SEO v24.2) - https:\/\/yoast.com\/wordpress\/plugins\/seo\/ -->\n<title>Wycena - Cody - The AI Trained on Your Business<\/title>\n<meta name=\"robots\" content=\"index, follow, max-snippet:-1, max-image-preview:large, max-video-preview:-1\" \/>\n<link rel=\"canonical\" href=\"https:\/\/meetcody.ai\/pl\/wycena\/\" \/>\n<meta property=\"og:locale\" content=\"pl_PL\" \/>\n<meta property=\"og:type\" content=\"article\" \/>\n<meta property=\"og:title\" content=\"Wycena\" \/>\n<meta property=\"og:description\" content=\"[vc_section el_id=&#8221;pricing-section_0&#8243;][vc_row][vc_column][vc_empty_space height=&#8221;90px&#8221; el_class=&#8221;show-for-large&#8221;][vc_empty_space height=&#8221;90px&#8221; el_class=&#8221;hide-for-large&#8221;][vc_row_inner el_class=&#8221;row no-padding-vc&#8221;][vc_column_inner el_class=&#8221;columns large-8 large-offset-2&#8243;][vc_column_text el_class=&#8221;text-center&#8221;] Rozpocznij za darmo Niezale\u017cnie od tego, czy u\u017cywasz Cody do u\u017cytku osobistego, z zespo\u0142em, czy planujesz udost\u0119pni\u0107 go swoim klientom, mamy dla Ciebie odpowiedni pakiet. [\/vc_column_text][\/vc_column_inner][\/vc_row_inner][vc_empty_space height=&#8221;90px&#8221; el_class=&#8221;show-for-large&#8221;][vc_empty_space height=&#8221;45px&#8221; el_class=&#8221;hide-for-large&#8221;][\/vc_column][\/vc_row][\/vc_section][vc_section el_id=&#8221;pricing-section_1&#8243;][vc_row][vc_column][vc_empty_space height=&#8221;45px&#8221; el_class=&#8221;hide-for-large&#8221;][vc_row_inner el_class=&#8221;row no-padding-vc&#8221;][vc_column_inner width=&#8221;1\/3&#8243;][vc_empty_space height=&#8221;24px&#8221; el_class=&#8221;hide-for-large&#8221;][vc_column_text] Podstawowy 29 USD\/miesi\u0105c 2 500... Read more &raquo;\" \/>\n<meta property=\"og:url\" content=\"https:\/\/meetcody.ai\/pl\/wycena\/\" \/>\n<meta property=\"og:site_name\" content=\"Cody - The AI Trained on Your Business\" \/>\n<meta property=\"article:modified_time\" content=\"2025-11-13T09:06:00+00:00\" \/>\n<meta property=\"og:image\" content=\"https:\/\/meetcody.ai\/wp-content\/uploads\/2023\/02\/grid_0-2.png\" \/>\n\t<meta property=\"og:image:width\" content=\"1536\" \/>\n\t<meta property=\"og:image:height\" content=\"1024\" \/>\n\t<meta property=\"og:image:type\" content=\"image\/png\" \/>\n<meta name=\"twitter:card\" content=\"summary_large_image\" \/>\n<meta name=\"twitter:site\" content=\"@meetcodyai\" \/>\n<meta name=\"twitter:label1\" content=\"Est. reading time\" \/>\n\t<meta name=\"twitter:data1\" content=\"6 minutes\" \/>\n<script type=\"application\/ld+json\" class=\"yoast-schema-graph\">{\"@context\":\"https:\/\/schema.org\",\"@graph\":[{\"@type\":\"WebPage\",\"@id\":\"https:\/\/meetcody.ai\/pl\/wycena\/\",\"url\":\"https:\/\/meetcody.ai\/pl\/wycena\/\",\"name\":\"Wycena - Cody - The AI Trained on Your Business\",\"isPartOf\":{\"@id\":\"https:\/\/meetcody.ai\/#website\"},\"datePublished\":\"2023-04-20T11:58:54+00:00\",\"dateModified\":\"2025-11-13T09:06:00+00:00\",\"breadcrumb\":{\"@id\":\"https:\/\/meetcody.ai\/pl\/wycena\/#breadcrumb\"},\"inLanguage\":\"pl-PL\",\"potentialAction\":[{\"@type\":\"ReadAction\",\"target\":[\"https:\/\/meetcody.ai\/pl\/wycena\/\"]}]},{\"@type\":\"BreadcrumbList\",\"@id\":\"https:\/\/meetcody.ai\/pl\/wycena\/#breadcrumb\",\"itemListElement\":[{\"@type\":\"ListItem\",\"position\":1,\"name\":\"Home\",\"item\":\"https:\/\/meetcody.ai\/pl\/home-v2\/\"},{\"@type\":\"ListItem\",\"position\":2,\"name\":\"Wycena\"}]},{\"@type\":\"WebSite\",\"@id\":\"https:\/\/meetcody.ai\/#website\",\"url\":\"https:\/\/meetcody.ai\/\",\"name\":\"Cody AI - The AI Trained on Your Business\",\"description\":\"AI Powered Knowledge Base for Employees\",\"publisher\":{\"@id\":\"https:\/\/meetcody.ai\/#organization\"},\"potentialAction\":[{\"@type\":\"SearchAction\",\"target\":{\"@type\":\"EntryPoint\",\"urlTemplate\":\"https:\/\/meetcody.ai\/?s={search_term_string}\"},\"query-input\":{\"@type\":\"PropertyValueSpecification\",\"valueRequired\":true,\"valueName\":\"search_term_string\"}}],\"inLanguage\":\"pl-PL\"},{\"@type\":\"Organization\",\"@id\":\"https:\/\/meetcody.ai\/#organization\",\"name\":\"Cody AI - The AI Trained on Your Business\",\"url\":\"https:\/\/meetcody.ai\/\",\"logo\":{\"@type\":\"ImageObject\",\"inLanguage\":\"pl-PL\",\"@id\":\"https:\/\/meetcody.ai\/#\/schema\/logo\/image\/\",\"url\":\"https:\/\/meetcody.ai\/wp-content\/uploads\/2023\/05\/logo-codyai.svg\",\"contentUrl\":\"https:\/\/meetcody.ai\/wp-content\/uploads\/2023\/05\/logo-codyai.svg\",\"width\":\"1024\",\"height\":\"1024\",\"caption\":\"Cody AI - The AI Trained on Your Business\"},\"image\":{\"@id\":\"https:\/\/meetcody.ai\/#\/schema\/logo\/image\/\"},\"sameAs\":[\"https:\/\/x.com\/meetcodyai\",\"https:\/\/discord.com\/invite\/jXEVDcFxqs\"]}]}<\/script>\n<!-- \/ Yoast SEO Premium plugin. -->","yoast_head_json":{"title":"Wycena - Cody - The AI Trained on Your Business","robots":{"index":"index","follow":"follow","max-snippet":"max-snippet:-1","max-image-preview":"max-image-preview:large","max-video-preview":"max-video-preview:-1"},"canonical":"https:\/\/meetcody.ai\/pl\/wycena\/","og_locale":"pl_PL","og_type":"article","og_title":"Wycena","og_description":"[vc_section el_id=&#8221;pricing-section_0&#8243;][vc_row][vc_column][vc_empty_space height=&#8221;90px&#8221; el_class=&#8221;show-for-large&#8221;][vc_empty_space height=&#8221;90px&#8221; el_class=&#8221;hide-for-large&#8221;][vc_row_inner el_class=&#8221;row no-padding-vc&#8221;][vc_column_inner el_class=&#8221;columns large-8 large-offset-2&#8243;][vc_column_text el_class=&#8221;text-center&#8221;] Rozpocznij za darmo Niezale\u017cnie od tego, czy u\u017cywasz Cody do u\u017cytku osobistego, z zespo\u0142em, czy planujesz udost\u0119pni\u0107 go swoim klientom, mamy dla Ciebie odpowiedni pakiet. [\/vc_column_text][\/vc_column_inner][\/vc_row_inner][vc_empty_space height=&#8221;90px&#8221; el_class=&#8221;show-for-large&#8221;][vc_empty_space height=&#8221;45px&#8221; el_class=&#8221;hide-for-large&#8221;][\/vc_column][\/vc_row][\/vc_section][vc_section el_id=&#8221;pricing-section_1&#8243;][vc_row][vc_column][vc_empty_space height=&#8221;45px&#8221; el_class=&#8221;hide-for-large&#8221;][vc_row_inner el_class=&#8221;row no-padding-vc&#8221;][vc_column_inner width=&#8221;1\/3&#8243;][vc_empty_space height=&#8221;24px&#8221; el_class=&#8221;hide-for-large&#8221;][vc_column_text] Podstawowy 29 USD\/miesi\u0105c 2 500... Read more &raquo;","og_url":"https:\/\/meetcody.ai\/pl\/wycena\/","og_site_name":"Cody - The AI Trained on Your Business","article_modified_time":"2025-11-13T09:06:00+00:00","og_image":[{"width":1536,"height":1024,"url":"https:\/\/meetcody.ai\/wp-content\/uploads\/2023\/02\/grid_0-2.png","type":"image\/png"}],"twitter_card":"summary_large_image","twitter_site":"@meetcodyai","twitter_misc":{"Est. reading time":"6 minutes"},"schema":{"@context":"https:\/\/schema.org","@graph":[{"@type":"WebPage","@id":"https:\/\/meetcody.ai\/pl\/wycena\/","url":"https:\/\/meetcody.ai\/pl\/wycena\/","name":"Wycena - Cody - The AI Trained on Your Business","isPartOf":{"@id":"https:\/\/meetcody.ai\/#website"},"datePublished":"2023-04-20T11:58:54+00:00","dateModified":"2025-11-13T09:06:00+00:00","breadcrumb":{"@id":"https:\/\/meetcody.ai\/pl\/wycena\/#breadcrumb"},"inLanguage":"pl-PL","potentialAction":[{"@type":"ReadAction","target":["https:\/\/meetcody.ai\/pl\/wycena\/"]}]},{"@type":"BreadcrumbList","@id":"https:\/\/meetcody.ai\/pl\/wycena\/#breadcrumb","itemListElement":[{"@type":"ListItem","position":1,"name":"Home","item":"https:\/\/meetcody.ai\/pl\/home-v2\/"},{"@type":"ListItem","position":2,"name":"Wycena"}]},{"@type":"WebSite","@id":"https:\/\/meetcody.ai\/#website","url":"https:\/\/meetcody.ai\/","name":"Cody AI - The AI Trained on Your Business","description":"AI Powered Knowledge Base for Employees","publisher":{"@id":"https:\/\/meetcody.ai\/#organization"},"potentialAction":[{"@type":"SearchAction","target":{"@type":"EntryPoint","urlTemplate":"https:\/\/meetcody.ai\/?s={search_term_string}"},"query-input":{"@type":"PropertyValueSpecification","valueRequired":true,"valueName":"search_term_string"}}],"inLanguage":"pl-PL"},{"@type":"Organization","@id":"https:\/\/meetcody.ai\/#organization","name":"Cody AI - The AI Trained on Your Business","url":"https:\/\/meetcody.ai\/","logo":{"@type":"ImageObject","inLanguage":"pl-PL","@id":"https:\/\/meetcody.ai\/#\/schema\/logo\/image\/","url":"https:\/\/meetcody.ai\/wp-content\/uploads\/2023\/05\/logo-codyai.svg","contentUrl":"https:\/\/meetcody.ai\/wp-content\/uploads\/2023\/05\/logo-codyai.svg","width":"1024","height":"1024","caption":"Cody AI - The AI Trained on Your Business"},"image":{"@id":"https:\/\/meetcody.ai\/#\/schema\/logo\/image\/"},"sameAs":["https:\/\/x.com\/meetcodyai","https:\/\/discord.com\/invite\/jXEVDcFxqs"]}]}},"_links":{"self":[{"href":"https:\/\/meetcody.ai\/pl\/wp-json\/wp\/v2\/pages\/28193","targetHints":{"allow":["GET"]}}],"collection":[{"href":"https:\/\/meetcody.ai\/pl\/wp-json\/wp\/v2\/pages"}],"about":[{"href":"https:\/\/meetcody.ai\/pl\/wp-json\/wp\/v2\/types\/page"}],"author":[{"embeddable":true,"href":"https:\/\/meetcody.ai\/pl\/wp-json\/wp\/v2\/users\/1"}],"replies":[{"embeddable":true,"href":"https:\/\/meetcody.ai\/pl\/wp-json\/wp\/v2\/comments?post=28193"}],"version-history":[{"count":53,"href":"https:\/\/meetcody.ai\/pl\/wp-json\/wp\/v2\/pages\/28193\/revisions"}],"predecessor-version":[{"id":62075,"href":"https:\/\/meetcody.ai\/pl\/wp-json\/wp\/v2\/pages\/28193\/revisions\/62075"}],"wp:attachment":[{"href":"https:\/\/meetcody.ai\/pl\/wp-json\/wp\/v2\/media?parent=28193"}],"curies":[{"name":"wp","href":"https:\/\/api.w.org\/{rel}","templated":true}]}}