{"id":50237,"date":"2024-10-04T00:14:54","date_gmt":"2024-10-04T00:14:54","guid":{"rendered":"https:\/\/meetcody.ai\/documentation\/"},"modified":"2024-10-04T00:16:13","modified_gmt":"2024-10-04T00:16:13","slug":"documentation","status":"publish","type":"page","link":"https:\/\/meetcody.ai\/fr\/documentation\/","title":{"rendered":"Documentation"},"content":{"rendered":"<h4><strong>1. Pour commencer<\/strong><\/h4>\n<p>  Si vous \u00eates nouveau sur CODY, consultez le <a href=\"https:\/\/intercom.help\/cody\/en\/\" target=\"_new\" rel=\"noopener\">Guide de d\u00e9marrage<\/a> pour comprendre comment cr\u00e9er votre compte, configurer votre espace de travail et naviguer sur la plateforme.  <\/p>\n<h4><strong>2. Documentation du d\u00e9veloppeur<\/strong><\/h4>\n<p>  Acc\u00e9dez \u00e0 la documentation de l&#8217;API CODY pour int\u00e9grer CODY \u00e0 vos syst\u00e8mes, applications et flux de travail.  <\/p>\n<ul>\n<li><a href=\"https:\/\/developers.meetcody.ai\/\" target=\"_new\" rel=\"noopener\">Guide de r\u00e9f\u00e9rence de l&#8217;API<\/a><\/li>\n<\/ul>\n<h4><strong>3. Conformit\u00e9 et aspects juridiques<\/strong><\/h4>\n<p>  Examinez les documents de conformit\u00e9 et les accords juridiques de CODY, y compris la liste des sous-traitants et les politiques relatives \u00e0 la protection de la vie priv\u00e9e et des donn\u00e9es.  <\/p>\n<ul>\n<li><a href=\"https:\/\/meetcody.ai\/terms-conditions\/\" target=\"_new\" rel=\"noopener\">Conditions g\u00e9n\u00e9rales d&#8217;utilisation<\/a><\/li>\n<li><a href=\"https:\/\/meetcody.ai\/privacy-policy\/\" target=\"_new\" rel=\"noopener\">Politique de confidentialit\u00e9<\/a><\/li>\n<li><a href=\"https:\/\/meetcody.ai\/compliance\/sub-processors\/\" target=\"_new\" rel=\"noopener\">Sous-processeurs<\/a><\/li>\n<\/ul>\n<h4><strong>4. S\u00e9curit\u00e9 et gestion des incidents<\/strong><\/h4>\n<p>  Restez inform\u00e9 des derniers probl\u00e8mes de s\u00e9curit\u00e9, des vuln\u00e9rabilit\u00e9s et des mesures d&#8217;att\u00e9nuation gr\u00e2ce aux bulletins de s\u00e9curit\u00e9 de CODY.<br \/>\nD\u00e9couvrez nos strat\u00e9gies de r\u00e9ponse et nos m\u00e9canismes de signalement sur notre page Gestion de crise.   <\/p>\n<ul>\n<li><a href=\"https:\/\/meetcody.ai\/security\/security-bulletins\/\" target=\"_new\" rel=\"noopener\">Bulletins de s\u00e9curit\u00e9<\/a><\/li>\n<li><a href=\"https:\/\/meetcody.ai\/security\/crisis\" target=\"_new\" rel=\"noopener\">Gestion de crise et rapports<\/a><\/li>\n<\/ul>\n<h4><strong>5. Assistance et d\u00e9pannage<\/strong><\/h4>\n<p>  Trouvez les r\u00e9ponses aux questions les plus courantes et les solutions aux probl\u00e8mes techniques dans le centre d&#8217;aide CODY, ou contactez l&#8217;\u00e9quipe d&#8217;assistance pour obtenir de l&#8217;aide suppl\u00e9mentaire.  <\/p>\n<ul>\n<li><a href=\"https:\/\/intercom.help\/cody\/en\/\" target=\"_new\" rel=\"noopener\">Centre d&#8217;aide et FAQ<\/a><\/li>\n<\/ul>\n<h4><strong>6. Ressources suppl\u00e9mentaires<\/strong><\/h4>\n<p>  Restez au courant des derni\u00e8res nouvelles, des mises \u00e0 jour de produits et des meilleures pratiques de CODY gr\u00e2ce \u00e0 notre blog.  <\/p>\n<ul>\n<li><a href=\"https:\/\/meetcody.ai\/blog\/\" target=\"_new\" rel=\"noopener\">Blog CODY<\/a><\/li>\n<\/ul>\n","protected":false},"excerpt":{"rendered":"<p>1. Pour commencer Si vous \u00eates nouveau sur CODY, consultez le Guide de d\u00e9marrage pour comprendre comment cr\u00e9er votre compte, configurer votre espace de travail et naviguer sur la plateforme. 2. Documentation du d\u00e9veloppeur Acc\u00e9dez \u00e0 la documentation de l&#8217;API CODY pour int\u00e9grer CODY \u00e0 vos syst\u00e8mes, applications et flux de travail. Guide de r\u00e9f\u00e9rence<a class=\"excerpt-read-more\" href=\"https:\/\/meetcody.ai\/fr\/documentation\/\" title=\"ReadDocumentation\">&#8230; Read more &raquo;<\/a><\/p>\n","protected":false},"author":1,"featured_media":0,"parent":0,"menu_order":0,"comment_status":"closed","ping_status":"closed","template":"template-full-width.php","meta":{"_acf_changed":false,"inline_featured_image":false,"footnotes":""},"class_list":["post-50237","page","type-page","status-publish","hentry"],"acf":[],"yoast_head":"<!-- This site is optimized with the Yoast SEO Premium plugin v21.8 (Yoast SEO v24.2) - https:\/\/yoast.com\/wordpress\/plugins\/seo\/ -->\n<title>Documentation - Cody - The AI Trained on Your Business<\/title>\n<meta name=\"robots\" content=\"index, follow, max-snippet:-1, max-image-preview:large, max-video-preview:-1\" \/>\n<link rel=\"canonical\" href=\"https:\/\/meetcody.ai\/fr\/documentation\/\" \/>\n<meta property=\"og:locale\" content=\"fr_FR\" \/>\n<meta property=\"og:type\" content=\"article\" \/>\n<meta property=\"og:title\" content=\"Documentation\" \/>\n<meta property=\"og:description\" content=\"1. Pour commencer Si vous \u00eates nouveau sur CODY, consultez le Guide de d\u00e9marrage pour comprendre comment cr\u00e9er votre compte, configurer votre espace de travail et naviguer sur la plateforme. 2. Documentation du d\u00e9veloppeur Acc\u00e9dez \u00e0 la documentation de l&#8217;API CODY pour int\u00e9grer CODY \u00e0 vos syst\u00e8mes, applications et flux de travail. Guide de r\u00e9f\u00e9rence... Read more &raquo;\" \/>\n<meta property=\"og:url\" content=\"https:\/\/meetcody.ai\/fr\/documentation\/\" \/>\n<meta property=\"og:site_name\" content=\"Cody - The AI Trained on Your Business\" \/>\n<meta property=\"article:modified_time\" content=\"2024-10-04T00:16:13+00:00\" \/>\n<meta property=\"og:image\" content=\"https:\/\/meetcody.ai\/wp-content\/uploads\/2023\/02\/grid_0-2.png\" \/>\n\t<meta property=\"og:image:width\" content=\"1536\" \/>\n\t<meta property=\"og:image:height\" content=\"1024\" \/>\n\t<meta property=\"og:image:type\" content=\"image\/png\" \/>\n<meta name=\"twitter:card\" content=\"summary_large_image\" \/>\n<meta name=\"twitter:site\" content=\"@meetcodyai\" \/>\n<meta name=\"twitter:label1\" content=\"Est. reading time\" \/>\n\t<meta name=\"twitter:data1\" content=\"1 minute\" \/>\n<script type=\"application\/ld+json\" class=\"yoast-schema-graph\">{\"@context\":\"https:\/\/schema.org\",\"@graph\":[{\"@type\":\"WebPage\",\"@id\":\"https:\/\/meetcody.ai\/fr\/documentation\/\",\"url\":\"https:\/\/meetcody.ai\/fr\/documentation\/\",\"name\":\"Documentation - Cody - The AI Trained on Your Business\",\"isPartOf\":{\"@id\":\"https:\/\/meetcody.ai\/#website\"},\"datePublished\":\"2024-10-04T00:14:54+00:00\",\"dateModified\":\"2024-10-04T00:16:13+00:00\",\"breadcrumb\":{\"@id\":\"https:\/\/meetcody.ai\/fr\/documentation\/#breadcrumb\"},\"inLanguage\":\"fr-FR\",\"potentialAction\":[{\"@type\":\"ReadAction\",\"target\":[\"https:\/\/meetcody.ai\/fr\/documentation\/\"]}]},{\"@type\":\"BreadcrumbList\",\"@id\":\"https:\/\/meetcody.ai\/fr\/documentation\/#breadcrumb\",\"itemListElement\":[{\"@type\":\"ListItem\",\"position\":1,\"name\":\"Home\",\"item\":\"https:\/\/meetcody.ai\/fr\/home-v2\/\"},{\"@type\":\"ListItem\",\"position\":2,\"name\":\"Documentation\"}]},{\"@type\":\"WebSite\",\"@id\":\"https:\/\/meetcody.ai\/#website\",\"url\":\"https:\/\/meetcody.ai\/\",\"name\":\"Cody AI - The AI Trained on Your Business\",\"description\":\"AI Powered Knowledge Base for Employees\",\"publisher\":{\"@id\":\"https:\/\/meetcody.ai\/#organization\"},\"potentialAction\":[{\"@type\":\"SearchAction\",\"target\":{\"@type\":\"EntryPoint\",\"urlTemplate\":\"https:\/\/meetcody.ai\/?s={search_term_string}\"},\"query-input\":{\"@type\":\"PropertyValueSpecification\",\"valueRequired\":true,\"valueName\":\"search_term_string\"}}],\"inLanguage\":\"fr-FR\"},{\"@type\":\"Organization\",\"@id\":\"https:\/\/meetcody.ai\/#organization\",\"name\":\"Cody AI - The AI Trained on Your Business\",\"url\":\"https:\/\/meetcody.ai\/\",\"logo\":{\"@type\":\"ImageObject\",\"inLanguage\":\"fr-FR\",\"@id\":\"https:\/\/meetcody.ai\/#\/schema\/logo\/image\/\",\"url\":\"https:\/\/meetcody.ai\/wp-content\/uploads\/2023\/05\/logo-codyai.svg\",\"contentUrl\":\"https:\/\/meetcody.ai\/wp-content\/uploads\/2023\/05\/logo-codyai.svg\",\"width\":\"1024\",\"height\":\"1024\",\"caption\":\"Cody AI - The AI Trained on Your Business\"},\"image\":{\"@id\":\"https:\/\/meetcody.ai\/#\/schema\/logo\/image\/\"},\"sameAs\":[\"https:\/\/x.com\/meetcodyai\",\"https:\/\/discord.com\/invite\/jXEVDcFxqs\"]}]}<\/script>\n<!-- \/ Yoast SEO Premium plugin. -->","yoast_head_json":{"title":"Documentation - Cody - The AI Trained on Your Business","robots":{"index":"index","follow":"follow","max-snippet":"max-snippet:-1","max-image-preview":"max-image-preview:large","max-video-preview":"max-video-preview:-1"},"canonical":"https:\/\/meetcody.ai\/fr\/documentation\/","og_locale":"fr_FR","og_type":"article","og_title":"Documentation","og_description":"1. Pour commencer Si vous \u00eates nouveau sur CODY, consultez le Guide de d\u00e9marrage pour comprendre comment cr\u00e9er votre compte, configurer votre espace de travail et naviguer sur la plateforme. 2. Documentation du d\u00e9veloppeur Acc\u00e9dez \u00e0 la documentation de l&#8217;API CODY pour int\u00e9grer CODY \u00e0 vos syst\u00e8mes, applications et flux de travail. Guide de r\u00e9f\u00e9rence... Read more &raquo;","og_url":"https:\/\/meetcody.ai\/fr\/documentation\/","og_site_name":"Cody - The AI Trained on Your Business","article_modified_time":"2024-10-04T00:16:13+00:00","og_image":[{"width":1536,"height":1024,"url":"https:\/\/meetcody.ai\/wp-content\/uploads\/2023\/02\/grid_0-2.png","type":"image\/png"}],"twitter_card":"summary_large_image","twitter_site":"@meetcodyai","twitter_misc":{"Est. reading time":"1 minute"},"schema":{"@context":"https:\/\/schema.org","@graph":[{"@type":"WebPage","@id":"https:\/\/meetcody.ai\/fr\/documentation\/","url":"https:\/\/meetcody.ai\/fr\/documentation\/","name":"Documentation - Cody - The AI Trained on Your Business","isPartOf":{"@id":"https:\/\/meetcody.ai\/#website"},"datePublished":"2024-10-04T00:14:54+00:00","dateModified":"2024-10-04T00:16:13+00:00","breadcrumb":{"@id":"https:\/\/meetcody.ai\/fr\/documentation\/#breadcrumb"},"inLanguage":"fr-FR","potentialAction":[{"@type":"ReadAction","target":["https:\/\/meetcody.ai\/fr\/documentation\/"]}]},{"@type":"BreadcrumbList","@id":"https:\/\/meetcody.ai\/fr\/documentation\/#breadcrumb","itemListElement":[{"@type":"ListItem","position":1,"name":"Home","item":"https:\/\/meetcody.ai\/fr\/home-v2\/"},{"@type":"ListItem","position":2,"name":"Documentation"}]},{"@type":"WebSite","@id":"https:\/\/meetcody.ai\/#website","url":"https:\/\/meetcody.ai\/","name":"Cody AI - The AI Trained on Your Business","description":"AI Powered Knowledge Base for Employees","publisher":{"@id":"https:\/\/meetcody.ai\/#organization"},"potentialAction":[{"@type":"SearchAction","target":{"@type":"EntryPoint","urlTemplate":"https:\/\/meetcody.ai\/?s={search_term_string}"},"query-input":{"@type":"PropertyValueSpecification","valueRequired":true,"valueName":"search_term_string"}}],"inLanguage":"fr-FR"},{"@type":"Organization","@id":"https:\/\/meetcody.ai\/#organization","name":"Cody AI - The AI Trained on Your Business","url":"https:\/\/meetcody.ai\/","logo":{"@type":"ImageObject","inLanguage":"fr-FR","@id":"https:\/\/meetcody.ai\/#\/schema\/logo\/image\/","url":"https:\/\/meetcody.ai\/wp-content\/uploads\/2023\/05\/logo-codyai.svg","contentUrl":"https:\/\/meetcody.ai\/wp-content\/uploads\/2023\/05\/logo-codyai.svg","width":"1024","height":"1024","caption":"Cody AI - The AI Trained on Your Business"},"image":{"@id":"https:\/\/meetcody.ai\/#\/schema\/logo\/image\/"},"sameAs":["https:\/\/x.com\/meetcodyai","https:\/\/discord.com\/invite\/jXEVDcFxqs"]}]}},"_links":{"self":[{"href":"https:\/\/meetcody.ai\/fr\/wp-json\/wp\/v2\/pages\/50237","targetHints":{"allow":["GET"]}}],"collection":[{"href":"https:\/\/meetcody.ai\/fr\/wp-json\/wp\/v2\/pages"}],"about":[{"href":"https:\/\/meetcody.ai\/fr\/wp-json\/wp\/v2\/types\/page"}],"author":[{"embeddable":true,"href":"https:\/\/meetcody.ai\/fr\/wp-json\/wp\/v2\/users\/1"}],"replies":[{"embeddable":true,"href":"https:\/\/meetcody.ai\/fr\/wp-json\/wp\/v2\/comments?post=50237"}],"version-history":[{"count":1,"href":"https:\/\/meetcody.ai\/fr\/wp-json\/wp\/v2\/pages\/50237\/revisions"}],"predecessor-version":[{"id":50250,"href":"https:\/\/meetcody.ai\/fr\/wp-json\/wp\/v2\/pages\/50237\/revisions\/50250"}],"wp:attachment":[{"href":"https:\/\/meetcody.ai\/fr\/wp-json\/wp\/v2\/media?parent=50237"}],"curies":[{"name":"wp","href":"https:\/\/api.w.org\/{rel}","templated":true}]}}