{"id":49776,"date":"2024-10-03T23:41:42","date_gmt":"2024-10-03T23:41:42","guid":{"rendered":"https:\/\/meetcody.ai\/bulletins-de-securite\/"},"modified":"2024-10-04T00:10:40","modified_gmt":"2024-10-04T00:10:40","slug":"bulletins-de-securite","status":"publish","type":"page","link":"https:\/\/meetcody.ai\/fr\/securite\/bulletins-de-securite\/","title":{"rendered":"Bulletins de s\u00e9curit\u00e9"},"content":{"rendered":"<div class=\"wpb-content-wrapper\"><p>[vc_section el_id=&#8221;privacy-policy-section_0&#8243;][vc_row][vc_column][vc_row_inner el_class=&#8221;row no-padding-vc&#8221;][vc_column_inner][vc_column_text el_class=&#8221;large-text-left text-center&#8221;]<\/p>\n&#13;\n<p>Bienvenue sur la page des bulletins de s\u00e9curit\u00e9 de CODY.\nVous y trouverez des mises \u00e0 jour et des informations sur les probl\u00e8mes de s\u00e9curit\u00e9, les vuln\u00e9rabilit\u00e9s et les mesures de r\u00e9ponse aux incidents concernant le r\u00e9seau CODY.\nCette page est r\u00e9guli\u00e8rement mise \u00e0 jour afin de garantir la transparence et de tenir nos utilisateurs inform\u00e9s de tous les \u00e9v\u00e9nements et r\u00e9solutions li\u00e9s \u00e0 la s\u00e9curit\u00e9.  <\/p>&#13;\n<hr\/>&#13;\n<h3><strong>Current Status: No Security Bulletins Published<\/strong><\/h3>&#13;\n<p>\u00c0 ce jour, aucun bulletin de s\u00e9curit\u00e9 n&#8217;a \u00e9t\u00e9 publi\u00e9.\nCODY continue de fonctionner avec un niveau de s\u00e9curit\u00e9 \u00e9lev\u00e9 et aucun incident n\u00e9cessitant une divulgation publique n&#8217;a \u00e9t\u00e9 d\u00e9tect\u00e9. <\/p>&#13;\n<p>Nous accordons la priorit\u00e9 \u00e0 la s\u00e9curit\u00e9 et \u00e0 la confidentialit\u00e9 de nos utilisateurs et nous mettons en \u0153uvre de mani\u00e8re proactive des mesures visant \u00e0 maintenir un environnement s\u00e9curis\u00e9.\nSi un incident de s\u00e9curit\u00e9 ou une vuln\u00e9rabilit\u00e9 est identifi\u00e9, nous mettrons rapidement \u00e0 jour cette page avec les d\u00e9tails n\u00e9cessaires, y compris la nature du probl\u00e8me, notre r\u00e9ponse et les actions recommand\u00e9es pour nos utilisateurs. <\/p>&#13;\n<hr\/>&#13;\n<h3><strong>What to Expect in Future Bulletins<\/strong><\/h3>&#13;\n<p>Si un bulletin de s\u00e9curit\u00e9 est publi\u00e9, il contient g\u00e9n\u00e9ralement les informations suivantes :<\/p>&#13;\n<ul>&#13;\n<li><strong>Date of Issue<\/strong>: When the bulletin was published.<\/li>&#13;\n<li><strong>Severity Level<\/strong>: An assessment of the severity of the issue (e.g., Low, Medium, High, Critical).<\/li>&#13;\n<li><strong>Description of the Issue<\/strong>: A brief summary of the incident or vulnerability.<\/li>&#13;\n<li><strong>Impact Analysis<\/strong>: How the issue affects CODY\u2019s systems and\/or users.<\/li>&#13;\n<li><strong>Mitigation and Resolution<\/strong>: Steps CODY has taken to address the issue and any actions users need to take.<\/li>&#13;\n<li><strong>Additional Resources<\/strong>: Links to any relevant resources or support documentation.<\/li>&#13;\n<\/ul>&#13;\n<hr\/>&#13;\n<h3><strong>Contact Information<\/strong><\/h3>&#13;\n<p>Si vous avez des questions ou si vous pensez avoir identifi\u00e9 un probl\u00e8me de s\u00e9curit\u00e9, veuillez contacter notre \u00e9quipe de s\u00e9curit\u00e9 \u00e0 l&#8217;adresse security@meetcody.ai.\nNous appr\u00e9cions votre contribution et prenons tous les rapports au s\u00e9rieux afin de maintenir la s\u00e9curit\u00e9 du r\u00e9seau CODY. <\/p>&#13;\n<p>[\/vc_column_text][\/vc_column_inner][\/vc_row_inner][vc_empty_space height=&#8221;90px&#8221; el_class=&#8221;show-for-large&#8221;][vc_empty_space height=&#8221;45px&#8221; el_class=&#8221;hide-for-large&#8221;][\/vc_column][\/vc_row][\/vc_section][vc_row][vc_column][vc_column_text]<\/p>&#13;\n<p> [\/vc_column_text][\/vc_column][\/vc_row]<\/p><\/div>","protected":false},"excerpt":{"rendered":"<p>[vc_section el_id=&#8221;privacy-policy-section_0&#8243;][vc_row][vc_column][vc_row_inner el_class=&#8221;row no-padding-vc&#8221;][vc_column_inner][vc_column_text el_class=&#8221;large-text-left text-center&#8221;] &#13; Bienvenue sur la page des bulletins de s\u00e9curit\u00e9 de CODY. Vous y trouverez des mises \u00e0 jour et des informations sur les probl\u00e8mes de s\u00e9curit\u00e9, les vuln\u00e9rabilit\u00e9s et les mesures de r\u00e9ponse aux incidents concernant le r\u00e9seau CODY. Cette page est r\u00e9guli\u00e8rement mise \u00e0 jour afin de garantir<a class=\"excerpt-read-more\" href=\"https:\/\/meetcody.ai\/fr\/securite\/bulletins-de-securite\/\" title=\"ReadBulletins de s\u00e9curit\u00e9\">&#8230; Read more &raquo;<\/a><\/p>\n","protected":false},"author":1,"featured_media":0,"parent":49810,"menu_order":0,"comment_status":"closed","ping_status":"closed","template":"template-full-width.php","meta":{"_acf_changed":false,"inline_featured_image":false,"footnotes":""},"class_list":["post-49776","page","type-page","status-publish","hentry"],"acf":[],"yoast_head":"<!-- This site is optimized with the Yoast SEO Premium plugin v21.8 (Yoast SEO v24.2) - https:\/\/yoast.com\/wordpress\/plugins\/seo\/ -->\n<title>Bulletins de s\u00e9curit\u00e9 - Cody - The AI Trained on Your Business<\/title>\n<meta name=\"robots\" content=\"index, follow, max-snippet:-1, max-image-preview:large, max-video-preview:-1\" \/>\n<link rel=\"canonical\" href=\"https:\/\/meetcody.ai\/fr\/securite\/bulletins-de-securite\/\" \/>\n<meta property=\"og:locale\" content=\"fr_FR\" \/>\n<meta property=\"og:type\" content=\"article\" \/>\n<meta property=\"og:title\" content=\"Bulletins de s\u00e9curit\u00e9\" \/>\n<meta property=\"og:description\" content=\"[vc_section el_id=&#8221;privacy-policy-section_0&#8243;][vc_row][vc_column][vc_row_inner el_class=&#8221;row no-padding-vc&#8221;][vc_column_inner][vc_column_text el_class=&#8221;large-text-left text-center&#8221;] &#013; Bienvenue sur la page des bulletins de s\u00e9curit\u00e9 de CODY. Vous y trouverez des mises \u00e0 jour et des informations sur les probl\u00e8mes de s\u00e9curit\u00e9, les vuln\u00e9rabilit\u00e9s et les mesures de r\u00e9ponse aux incidents concernant le r\u00e9seau CODY. Cette page est r\u00e9guli\u00e8rement mise \u00e0 jour afin de garantir... Read more &raquo;\" \/>\n<meta property=\"og:url\" content=\"https:\/\/meetcody.ai\/fr\/securite\/bulletins-de-securite\/\" \/>\n<meta property=\"og:site_name\" content=\"Cody - The AI Trained on Your Business\" \/>\n<meta property=\"article:modified_time\" content=\"2024-10-04T00:10:40+00:00\" \/>\n<meta property=\"og:image\" content=\"https:\/\/meetcody.ai\/wp-content\/uploads\/2023\/02\/grid_0-2.png\" \/>\n\t<meta property=\"og:image:width\" content=\"1536\" \/>\n\t<meta property=\"og:image:height\" content=\"1024\" \/>\n\t<meta property=\"og:image:type\" content=\"image\/png\" \/>\n<meta name=\"twitter:card\" content=\"summary_large_image\" \/>\n<meta name=\"twitter:site\" content=\"@meetcodyai\" \/>\n<meta name=\"twitter:label1\" content=\"Est. reading time\" \/>\n\t<meta name=\"twitter:data1\" content=\"2 minutes\" \/>\n<script type=\"application\/ld+json\" class=\"yoast-schema-graph\">{\"@context\":\"https:\/\/schema.org\",\"@graph\":[{\"@type\":\"WebPage\",\"@id\":\"https:\/\/meetcody.ai\/fr\/securite\/bulletins-de-securite\/\",\"url\":\"https:\/\/meetcody.ai\/fr\/securite\/bulletins-de-securite\/\",\"name\":\"Bulletins de s\u00e9curit\u00e9 - Cody - The AI Trained on Your Business\",\"isPartOf\":{\"@id\":\"https:\/\/meetcody.ai\/#website\"},\"datePublished\":\"2024-10-03T23:41:42+00:00\",\"dateModified\":\"2024-10-04T00:10:40+00:00\",\"breadcrumb\":{\"@id\":\"https:\/\/meetcody.ai\/fr\/securite\/bulletins-de-securite\/#breadcrumb\"},\"inLanguage\":\"fr-FR\",\"potentialAction\":[{\"@type\":\"ReadAction\",\"target\":[\"https:\/\/meetcody.ai\/fr\/securite\/bulletins-de-securite\/\"]}]},{\"@type\":\"BreadcrumbList\",\"@id\":\"https:\/\/meetcody.ai\/fr\/securite\/bulletins-de-securite\/#breadcrumb\",\"itemListElement\":[{\"@type\":\"ListItem\",\"position\":1,\"name\":\"Home\",\"item\":\"https:\/\/meetcody.ai\/fr\/home-v2\/\"},{\"@type\":\"ListItem\",\"position\":2,\"name\":\"S\u00e9curit\u00e9\",\"item\":\"https:\/\/meetcody.ai\/securite\/\"},{\"@type\":\"ListItem\",\"position\":3,\"name\":\"Bulletins de s\u00e9curit\u00e9\"}]},{\"@type\":\"WebSite\",\"@id\":\"https:\/\/meetcody.ai\/#website\",\"url\":\"https:\/\/meetcody.ai\/\",\"name\":\"Cody AI - The AI Trained on Your Business\",\"description\":\"AI Powered Knowledge Base for Employees\",\"publisher\":{\"@id\":\"https:\/\/meetcody.ai\/#organization\"},\"potentialAction\":[{\"@type\":\"SearchAction\",\"target\":{\"@type\":\"EntryPoint\",\"urlTemplate\":\"https:\/\/meetcody.ai\/?s={search_term_string}\"},\"query-input\":{\"@type\":\"PropertyValueSpecification\",\"valueRequired\":true,\"valueName\":\"search_term_string\"}}],\"inLanguage\":\"fr-FR\"},{\"@type\":\"Organization\",\"@id\":\"https:\/\/meetcody.ai\/#organization\",\"name\":\"Cody AI - The AI Trained on Your Business\",\"url\":\"https:\/\/meetcody.ai\/\",\"logo\":{\"@type\":\"ImageObject\",\"inLanguage\":\"fr-FR\",\"@id\":\"https:\/\/meetcody.ai\/#\/schema\/logo\/image\/\",\"url\":\"https:\/\/meetcody.ai\/wp-content\/uploads\/2023\/05\/logo-codyai.svg\",\"contentUrl\":\"https:\/\/meetcody.ai\/wp-content\/uploads\/2023\/05\/logo-codyai.svg\",\"width\":\"1024\",\"height\":\"1024\",\"caption\":\"Cody AI - The AI Trained on Your Business\"},\"image\":{\"@id\":\"https:\/\/meetcody.ai\/#\/schema\/logo\/image\/\"},\"sameAs\":[\"https:\/\/x.com\/meetcodyai\",\"https:\/\/discord.com\/invite\/jXEVDcFxqs\"]}]}<\/script>\n<!-- \/ Yoast SEO Premium plugin. -->","yoast_head_json":{"title":"Bulletins de s\u00e9curit\u00e9 - Cody - The AI Trained on Your Business","robots":{"index":"index","follow":"follow","max-snippet":"max-snippet:-1","max-image-preview":"max-image-preview:large","max-video-preview":"max-video-preview:-1"},"canonical":"https:\/\/meetcody.ai\/fr\/securite\/bulletins-de-securite\/","og_locale":"fr_FR","og_type":"article","og_title":"Bulletins de s\u00e9curit\u00e9","og_description":"[vc_section el_id=&#8221;privacy-policy-section_0&#8243;][vc_row][vc_column][vc_row_inner el_class=&#8221;row no-padding-vc&#8221;][vc_column_inner][vc_column_text el_class=&#8221;large-text-left text-center&#8221;] &#13; Bienvenue sur la page des bulletins de s\u00e9curit\u00e9 de CODY. Vous y trouverez des mises \u00e0 jour et des informations sur les probl\u00e8mes de s\u00e9curit\u00e9, les vuln\u00e9rabilit\u00e9s et les mesures de r\u00e9ponse aux incidents concernant le r\u00e9seau CODY. Cette page est r\u00e9guli\u00e8rement mise \u00e0 jour afin de garantir... Read more &raquo;","og_url":"https:\/\/meetcody.ai\/fr\/securite\/bulletins-de-securite\/","og_site_name":"Cody - The AI Trained on Your Business","article_modified_time":"2024-10-04T00:10:40+00:00","og_image":[{"width":1536,"height":1024,"url":"https:\/\/meetcody.ai\/wp-content\/uploads\/2023\/02\/grid_0-2.png","type":"image\/png"}],"twitter_card":"summary_large_image","twitter_site":"@meetcodyai","twitter_misc":{"Est. reading time":"2 minutes"},"schema":{"@context":"https:\/\/schema.org","@graph":[{"@type":"WebPage","@id":"https:\/\/meetcody.ai\/fr\/securite\/bulletins-de-securite\/","url":"https:\/\/meetcody.ai\/fr\/securite\/bulletins-de-securite\/","name":"Bulletins de s\u00e9curit\u00e9 - Cody - The AI Trained on Your Business","isPartOf":{"@id":"https:\/\/meetcody.ai\/#website"},"datePublished":"2024-10-03T23:41:42+00:00","dateModified":"2024-10-04T00:10:40+00:00","breadcrumb":{"@id":"https:\/\/meetcody.ai\/fr\/securite\/bulletins-de-securite\/#breadcrumb"},"inLanguage":"fr-FR","potentialAction":[{"@type":"ReadAction","target":["https:\/\/meetcody.ai\/fr\/securite\/bulletins-de-securite\/"]}]},{"@type":"BreadcrumbList","@id":"https:\/\/meetcody.ai\/fr\/securite\/bulletins-de-securite\/#breadcrumb","itemListElement":[{"@type":"ListItem","position":1,"name":"Home","item":"https:\/\/meetcody.ai\/fr\/home-v2\/"},{"@type":"ListItem","position":2,"name":"S\u00e9curit\u00e9","item":"https:\/\/meetcody.ai\/securite\/"},{"@type":"ListItem","position":3,"name":"Bulletins de s\u00e9curit\u00e9"}]},{"@type":"WebSite","@id":"https:\/\/meetcody.ai\/#website","url":"https:\/\/meetcody.ai\/","name":"Cody AI - The AI Trained on Your Business","description":"AI Powered Knowledge Base for Employees","publisher":{"@id":"https:\/\/meetcody.ai\/#organization"},"potentialAction":[{"@type":"SearchAction","target":{"@type":"EntryPoint","urlTemplate":"https:\/\/meetcody.ai\/?s={search_term_string}"},"query-input":{"@type":"PropertyValueSpecification","valueRequired":true,"valueName":"search_term_string"}}],"inLanguage":"fr-FR"},{"@type":"Organization","@id":"https:\/\/meetcody.ai\/#organization","name":"Cody AI - The AI Trained on Your Business","url":"https:\/\/meetcody.ai\/","logo":{"@type":"ImageObject","inLanguage":"fr-FR","@id":"https:\/\/meetcody.ai\/#\/schema\/logo\/image\/","url":"https:\/\/meetcody.ai\/wp-content\/uploads\/2023\/05\/logo-codyai.svg","contentUrl":"https:\/\/meetcody.ai\/wp-content\/uploads\/2023\/05\/logo-codyai.svg","width":"1024","height":"1024","caption":"Cody AI - The AI Trained on Your Business"},"image":{"@id":"https:\/\/meetcody.ai\/#\/schema\/logo\/image\/"},"sameAs":["https:\/\/x.com\/meetcodyai","https:\/\/discord.com\/invite\/jXEVDcFxqs"]}]}},"_links":{"self":[{"href":"https:\/\/meetcody.ai\/fr\/wp-json\/wp\/v2\/pages\/49776","targetHints":{"allow":["GET"]}}],"collection":[{"href":"https:\/\/meetcody.ai\/fr\/wp-json\/wp\/v2\/pages"}],"about":[{"href":"https:\/\/meetcody.ai\/fr\/wp-json\/wp\/v2\/types\/page"}],"author":[{"embeddable":true,"href":"https:\/\/meetcody.ai\/fr\/wp-json\/wp\/v2\/users\/1"}],"replies":[{"embeddable":true,"href":"https:\/\/meetcody.ai\/fr\/wp-json\/wp\/v2\/comments?post=49776"}],"version-history":[{"count":8,"href":"https:\/\/meetcody.ai\/fr\/wp-json\/wp\/v2\/pages\/49776\/revisions"}],"predecessor-version":[{"id":50161,"href":"https:\/\/meetcody.ai\/fr\/wp-json\/wp\/v2\/pages\/49776\/revisions\/50161"}],"up":[{"embeddable":true,"href":"https:\/\/meetcody.ai\/fr\/wp-json\/wp\/v2\/pages\/49810"}],"wp:attachment":[{"href":"https:\/\/meetcody.ai\/fr\/wp-json\/wp\/v2\/media?parent=49776"}],"curies":[{"name":"wp","href":"https:\/\/api.w.org\/{rel}","templated":true}]}}