{"id":49625,"date":"2024-10-03T23:38:29","date_gmt":"2024-10-03T23:38:29","guid":{"rendered":"https:\/\/meetcody.ai\/sous-processeurs\/"},"modified":"2024-10-03T23:57:00","modified_gmt":"2024-10-03T23:57:00","slug":"sous-processeurs","status":"publish","type":"page","link":"https:\/\/meetcody.ai\/fr\/conformite\/sous-processeurs\/","title":{"rendered":"Sous-processeurs"},"content":{"rendered":"<div class=\"wpb-content-wrapper\"><p>[vc_section el_id=&#8221;privacy-policy-section_0&#8243;][vc_row][vc_column][vc_row_inner el_class=&#8221;row no-padding-vc&#8221;][vc_column_inner][vc_column_text el_class=&#8221;large-text-left text-center&#8221;]Derni\u00e8re modification le 8 juillet 2024 Sous-traitants tiers Cody LLC utilise les entit\u00e9s tierces ci-dessous (chacune \u00e9tant un &#8221; sous-traitant &#8220;) pour traiter les donn\u00e9es personnelles au nom des clients de Cody LLC et conform\u00e9ment aux conditions contractuelles entre Cody LLC et le sous-traitant afin de respecter les engagements de Cody LLC dans l&#8217;addendum sur le traitement des donn\u00e9es de Cody LLC. La liste ci-dessous contient des sous-traitants pour les services g\u00e9n\u00e9ralement disponibles de Cody LLC. Vous trouverez de plus amples informations sur les mesures de s\u00e9curit\u00e9 des sous-traitants en cliquant sur les liens externes ci-dessous. Veuillez noter que si vous utilisez la r\u00e9sidence des donn\u00e9es de Cody LLC, les donn\u00e9es \u00e9pingl\u00e9es restent \u00e0 l&#8217;endroit que vous avez sp\u00e9cifi\u00e9, comme d\u00e9crit sur cette page.[\/vc_column_text][vc_empty_space height=&#8221;50px&#8221; el_class=&#8221;show-for-large&#8221;][vc_column_text el_class=&#8221;large-text-left text-center&#8221;]<\/p>\n<div class=\"recommended-settings\">\n<table>\n<thead>\n<tr>\n<th>\n<h5 class=\"font-color-white no-margin-bottom\">Sous-processeur<\/h5>\n<\/th>\n<th>\n<h5 class=\"font-color-white no-margin-bottom\">Produits en nuage applicables<\/h5>\n<\/th>\n<th>\n<h5 class=\"font-color-white no-margin-bottom\">Nature et finalit\u00e9 du traitement<\/h5>\n<\/th>\n<th>\n<h5 class=\"font-color-white no-margin-bottom\">Lieu de traitement<\/h5>\n<\/th>\n<th>\n<h5 class=\"font-color-white no-margin-bottom\">Mesures de s\u00e9curit\u00e9<\/h5>\n<\/th>\n<\/tr>\n<\/thead>\n<tbody>\n<tr>\n<td><span class=\"font-weight-bold font-color-secondary\">AWS<\/span><\/td>\n<td>Tous les produits cloud de Cody LLC<\/td>\n<td>Fournisseur d&#8217;h\u00e9bergement cloud<\/td>\n<td>USA<\/td>\n<td><a class=\"link-arrow-out font-color-secondary\" href=\"https:\/\/aws.amazon.com\/compliance\/programs\/\">Programmes de conformit\u00e9 AWS<\/a><\/td>\n<\/tr>\n<tr>\n<td><span class=\"font-weight-bold font-color-secondary\">Cloudconvert<\/span><\/td>\n<td>Tous les produits Cloud de Cody LLC<\/td>\n<td>Services de conversion de fichiers<\/td>\n<td>USA<\/td>\n<td><a class=\"link-arrow-out font-color-secondary\" href=\"https:\/\/cloudconvert.com\/security\">Cloudconvert S\u00e9curit\u00e9<\/a><\/td>\n<\/tr>\n<tr>\n<td><span class=\"font-weight-bold font-color-secondary\">OpenAI<\/span><\/td>\n<td>Tous les produits cloud de Cody LLC avec des fonctions d&#8217;intelligence<\/td>\n<td>Fournisseur de services d&#8217;IA g\u00e9n\u00e9rative pour les caract\u00e9ristiques des produits d&#8217;intelligence<\/td>\n<td>\u00c9TATS-UNIS D&#8217;AM\u00c9RIQUE<\/td>\n<td><a class=\"link-arrow-out font-color-secondary\" href=\"https:\/\/www.openai.com\/security\/\">S\u00e9curit\u00e9 et confiance<\/a><\/td>\n<\/tr>\n<tr>\n<td><span class=\"font-weight-bold font-color-secondary\">Anthropique<\/span><\/td>\n<td>Tous les produits cloud de Cody LLC avec des fonctions d&#8217;intelligence<\/td>\n<td>Fournisseur de services d&#8217;IA g\u00e9n\u00e9rative pour les caract\u00e9ristiques des produits d&#8217;intelligence<\/td>\n<td>USA<\/td>\n<td><a class=\"link-arrow-out font-color-secondary\" href=\"https:\/\/www.anthropic.com\/security\">Anthropic Security<\/a><\/td>\n<\/tr>\n<tr>\n<td><span class=\"font-weight-bold font-color-secondary\">SingleStore<\/span><\/td>\n<td>Tous les produits cloud de Cody LLC<\/td>\n<td>Services de gestion de bases de donn\u00e9es<\/td>\n<td>FRANCE<\/td>\n<td><a class=\"link-arrow-out font-color-secondary\" href=\"https:\/\/www.singlestore.com\/security\/\">SingleStore S\u00e9curit\u00e9<\/a><\/td>\n<\/tr>\n<tr>\n<td><span class=\"font-weight-bold font-color-secondary\">Rayure<\/span><\/td>\n<td>Tous les produits cloud de Cody LLC<\/td>\n<td>Facturation et traitement des paiements<\/td>\n<td>USA<\/td>\n<td><a class=\"link-arrow-out font-color-secondary\" href=\"https:\/\/stripe.com\/docs\/security\">S\u00e9curit\u00e9 Stripe<\/a><\/td>\n<\/tr>\n<tr>\n<td><span class=\"font-weight-bold font-color-secondary\">Interphone<\/span><\/td>\n<td>Tous les produits cloud de Cody LLC<\/td>\n<td>Services d&#8217;assistance \u00e0 la client\u00e8le et de messagerie<\/td>\n<td>USA<\/td>\n<td><a class=\"link-arrow-out font-color-secondary\" href=\"https:\/\/www.intercom.com\/security\">Intercom Security<\/a><\/td>\n<\/tr>\n<\/tbody>\n<\/table>\n<\/div>\n<p>[\/vc_column_text][vc_empty_space height=&#8221;90px&#8221; el_class=&#8221;hide-for-large&#8221;][\/vc_column_inner][\/vc_row_inner][vc_empty_space height=&#8221;90px&#8221; el_class=&#8221;show-for-large&#8221;][vc_empty_space height=&#8221;45px&#8221; el_class=&#8221;hide-for-large&#8221;][\/vc_column][\/vc_row][\/vc_section]<\/p>\n<\/div>","protected":false},"excerpt":{"rendered":"<p>[vc_section el_id=&#8221;privacy-policy-section_0&#8243;][vc_row][vc_column][vc_row_inner el_class=&#8221;row no-padding-vc&#8221;][vc_column_inner][vc_column_text el_class=&#8221;large-text-left text-center&#8221;]Derni\u00e8re modification le 8 juillet 2024 Sous-traitants tiers Cody LLC utilise les entit\u00e9s tierces ci-dessous (chacune \u00e9tant un &#8221; sous-traitant &#8220;) pour traiter les donn\u00e9es personnelles au nom des clients de Cody LLC et conform\u00e9ment aux conditions contractuelles entre Cody LLC et le sous-traitant afin de respecter les engagements de<a class=\"excerpt-read-more\" href=\"https:\/\/meetcody.ai\/fr\/conformite\/sous-processeurs\/\" title=\"ReadSous-processeurs\">&#8230; Read more &raquo;<\/a><\/p>\n","protected":false},"author":1,"featured_media":0,"parent":49823,"menu_order":0,"comment_status":"closed","ping_status":"closed","template":"template-full-width.php","meta":{"_acf_changed":false,"inline_featured_image":false,"footnotes":""},"class_list":["post-49625","page","type-page","status-publish","hentry"],"acf":[],"yoast_head":"<!-- This site is optimized with the Yoast SEO Premium plugin v21.8 (Yoast SEO v24.2) - https:\/\/yoast.com\/wordpress\/plugins\/seo\/ -->\n<title>Sous-processeurs - Cody - The AI Trained on Your Business<\/title>\n<meta name=\"robots\" content=\"index, follow, max-snippet:-1, max-image-preview:large, max-video-preview:-1\" \/>\n<link rel=\"canonical\" href=\"https:\/\/meetcody.ai\/fr\/conformite\/sous-processeurs\/\" \/>\n<meta property=\"og:locale\" content=\"fr_FR\" \/>\n<meta property=\"og:type\" content=\"article\" \/>\n<meta property=\"og:title\" content=\"Sous-processeurs\" \/>\n<meta property=\"og:description\" content=\"[vc_section el_id=&#8221;privacy-policy-section_0&#8243;][vc_row][vc_column][vc_row_inner el_class=&#8221;row no-padding-vc&#8221;][vc_column_inner][vc_column_text el_class=&#8221;large-text-left text-center&#8221;]Derni\u00e8re modification le 8 juillet 2024 Sous-traitants tiers Cody LLC utilise les entit\u00e9s tierces ci-dessous (chacune \u00e9tant un &#8221; sous-traitant &#8220;) pour traiter les donn\u00e9es personnelles au nom des clients de Cody LLC et conform\u00e9ment aux conditions contractuelles entre Cody LLC et le sous-traitant afin de respecter les engagements de... Read more &raquo;\" \/>\n<meta property=\"og:url\" content=\"https:\/\/meetcody.ai\/fr\/conformite\/sous-processeurs\/\" \/>\n<meta property=\"og:site_name\" content=\"Cody - The AI Trained on Your Business\" \/>\n<meta property=\"article:modified_time\" content=\"2024-10-03T23:57:00+00:00\" \/>\n<meta property=\"og:image\" content=\"https:\/\/meetcody.ai\/wp-content\/uploads\/2023\/02\/grid_0-2.png\" \/>\n\t<meta property=\"og:image:width\" content=\"1536\" \/>\n\t<meta property=\"og:image:height\" content=\"1024\" \/>\n\t<meta property=\"og:image:type\" content=\"image\/png\" \/>\n<meta name=\"twitter:card\" content=\"summary_large_image\" \/>\n<meta name=\"twitter:site\" content=\"@meetcodyai\" \/>\n<meta name=\"twitter:label1\" content=\"Est. reading time\" \/>\n\t<meta name=\"twitter:data1\" content=\"2 minutes\" \/>\n<script type=\"application\/ld+json\" class=\"yoast-schema-graph\">{\"@context\":\"https:\/\/schema.org\",\"@graph\":[{\"@type\":\"WebPage\",\"@id\":\"https:\/\/meetcody.ai\/fr\/conformite\/sous-processeurs\/\",\"url\":\"https:\/\/meetcody.ai\/fr\/conformite\/sous-processeurs\/\",\"name\":\"Sous-processeurs - Cody - The AI Trained on Your Business\",\"isPartOf\":{\"@id\":\"https:\/\/meetcody.ai\/#website\"},\"datePublished\":\"2024-10-03T23:38:29+00:00\",\"dateModified\":\"2024-10-03T23:57:00+00:00\",\"breadcrumb\":{\"@id\":\"https:\/\/meetcody.ai\/fr\/conformite\/sous-processeurs\/#breadcrumb\"},\"inLanguage\":\"fr-FR\",\"potentialAction\":[{\"@type\":\"ReadAction\",\"target\":[\"https:\/\/meetcody.ai\/fr\/conformite\/sous-processeurs\/\"]}]},{\"@type\":\"BreadcrumbList\",\"@id\":\"https:\/\/meetcody.ai\/fr\/conformite\/sous-processeurs\/#breadcrumb\",\"itemListElement\":[{\"@type\":\"ListItem\",\"position\":1,\"name\":\"Home\",\"item\":\"https:\/\/meetcody.ai\/fr\/home-v2\/\"},{\"@type\":\"ListItem\",\"position\":2,\"name\":\"Conformit\u00e9\",\"item\":\"https:\/\/meetcody.ai\/conformite\/\"},{\"@type\":\"ListItem\",\"position\":3,\"name\":\"Sous-processeurs\"}]},{\"@type\":\"WebSite\",\"@id\":\"https:\/\/meetcody.ai\/#website\",\"url\":\"https:\/\/meetcody.ai\/\",\"name\":\"Cody AI - The AI Trained on Your Business\",\"description\":\"AI Powered Knowledge Base for Employees\",\"publisher\":{\"@id\":\"https:\/\/meetcody.ai\/#organization\"},\"potentialAction\":[{\"@type\":\"SearchAction\",\"target\":{\"@type\":\"EntryPoint\",\"urlTemplate\":\"https:\/\/meetcody.ai\/?s={search_term_string}\"},\"query-input\":{\"@type\":\"PropertyValueSpecification\",\"valueRequired\":true,\"valueName\":\"search_term_string\"}}],\"inLanguage\":\"fr-FR\"},{\"@type\":\"Organization\",\"@id\":\"https:\/\/meetcody.ai\/#organization\",\"name\":\"Cody AI - The AI Trained on Your Business\",\"url\":\"https:\/\/meetcody.ai\/\",\"logo\":{\"@type\":\"ImageObject\",\"inLanguage\":\"fr-FR\",\"@id\":\"https:\/\/meetcody.ai\/#\/schema\/logo\/image\/\",\"url\":\"https:\/\/meetcody.ai\/wp-content\/uploads\/2023\/05\/logo-codyai.svg\",\"contentUrl\":\"https:\/\/meetcody.ai\/wp-content\/uploads\/2023\/05\/logo-codyai.svg\",\"width\":\"1024\",\"height\":\"1024\",\"caption\":\"Cody AI - The AI Trained on Your Business\"},\"image\":{\"@id\":\"https:\/\/meetcody.ai\/#\/schema\/logo\/image\/\"},\"sameAs\":[\"https:\/\/x.com\/meetcodyai\",\"https:\/\/discord.com\/invite\/jXEVDcFxqs\"]}]}<\/script>\n<!-- \/ Yoast SEO Premium plugin. -->","yoast_head_json":{"title":"Sous-processeurs - Cody - The AI Trained on Your Business","robots":{"index":"index","follow":"follow","max-snippet":"max-snippet:-1","max-image-preview":"max-image-preview:large","max-video-preview":"max-video-preview:-1"},"canonical":"https:\/\/meetcody.ai\/fr\/conformite\/sous-processeurs\/","og_locale":"fr_FR","og_type":"article","og_title":"Sous-processeurs","og_description":"[vc_section el_id=&#8221;privacy-policy-section_0&#8243;][vc_row][vc_column][vc_row_inner el_class=&#8221;row no-padding-vc&#8221;][vc_column_inner][vc_column_text el_class=&#8221;large-text-left text-center&#8221;]Derni\u00e8re modification le 8 juillet 2024 Sous-traitants tiers Cody LLC utilise les entit\u00e9s tierces ci-dessous (chacune \u00e9tant un &#8221; sous-traitant &#8220;) pour traiter les donn\u00e9es personnelles au nom des clients de Cody LLC et conform\u00e9ment aux conditions contractuelles entre Cody LLC et le sous-traitant afin de respecter les engagements de... Read more &raquo;","og_url":"https:\/\/meetcody.ai\/fr\/conformite\/sous-processeurs\/","og_site_name":"Cody - The AI Trained on Your Business","article_modified_time":"2024-10-03T23:57:00+00:00","og_image":[{"width":1536,"height":1024,"url":"https:\/\/meetcody.ai\/wp-content\/uploads\/2023\/02\/grid_0-2.png","type":"image\/png"}],"twitter_card":"summary_large_image","twitter_site":"@meetcodyai","twitter_misc":{"Est. reading time":"2 minutes"},"schema":{"@context":"https:\/\/schema.org","@graph":[{"@type":"WebPage","@id":"https:\/\/meetcody.ai\/fr\/conformite\/sous-processeurs\/","url":"https:\/\/meetcody.ai\/fr\/conformite\/sous-processeurs\/","name":"Sous-processeurs - Cody - The AI Trained on Your Business","isPartOf":{"@id":"https:\/\/meetcody.ai\/#website"},"datePublished":"2024-10-03T23:38:29+00:00","dateModified":"2024-10-03T23:57:00+00:00","breadcrumb":{"@id":"https:\/\/meetcody.ai\/fr\/conformite\/sous-processeurs\/#breadcrumb"},"inLanguage":"fr-FR","potentialAction":[{"@type":"ReadAction","target":["https:\/\/meetcody.ai\/fr\/conformite\/sous-processeurs\/"]}]},{"@type":"BreadcrumbList","@id":"https:\/\/meetcody.ai\/fr\/conformite\/sous-processeurs\/#breadcrumb","itemListElement":[{"@type":"ListItem","position":1,"name":"Home","item":"https:\/\/meetcody.ai\/fr\/home-v2\/"},{"@type":"ListItem","position":2,"name":"Conformit\u00e9","item":"https:\/\/meetcody.ai\/conformite\/"},{"@type":"ListItem","position":3,"name":"Sous-processeurs"}]},{"@type":"WebSite","@id":"https:\/\/meetcody.ai\/#website","url":"https:\/\/meetcody.ai\/","name":"Cody AI - The AI Trained on Your Business","description":"AI Powered Knowledge Base for Employees","publisher":{"@id":"https:\/\/meetcody.ai\/#organization"},"potentialAction":[{"@type":"SearchAction","target":{"@type":"EntryPoint","urlTemplate":"https:\/\/meetcody.ai\/?s={search_term_string}"},"query-input":{"@type":"PropertyValueSpecification","valueRequired":true,"valueName":"search_term_string"}}],"inLanguage":"fr-FR"},{"@type":"Organization","@id":"https:\/\/meetcody.ai\/#organization","name":"Cody AI - The AI Trained on Your Business","url":"https:\/\/meetcody.ai\/","logo":{"@type":"ImageObject","inLanguage":"fr-FR","@id":"https:\/\/meetcody.ai\/#\/schema\/logo\/image\/","url":"https:\/\/meetcody.ai\/wp-content\/uploads\/2023\/05\/logo-codyai.svg","contentUrl":"https:\/\/meetcody.ai\/wp-content\/uploads\/2023\/05\/logo-codyai.svg","width":"1024","height":"1024","caption":"Cody AI - The AI Trained on Your Business"},"image":{"@id":"https:\/\/meetcody.ai\/#\/schema\/logo\/image\/"},"sameAs":["https:\/\/x.com\/meetcodyai","https:\/\/discord.com\/invite\/jXEVDcFxqs"]}]}},"_links":{"self":[{"href":"https:\/\/meetcody.ai\/fr\/wp-json\/wp\/v2\/pages\/49625","targetHints":{"allow":["GET"]}}],"collection":[{"href":"https:\/\/meetcody.ai\/fr\/wp-json\/wp\/v2\/pages"}],"about":[{"href":"https:\/\/meetcody.ai\/fr\/wp-json\/wp\/v2\/types\/page"}],"author":[{"embeddable":true,"href":"https:\/\/meetcody.ai\/fr\/wp-json\/wp\/v2\/users\/1"}],"replies":[{"embeddable":true,"href":"https:\/\/meetcody.ai\/fr\/wp-json\/wp\/v2\/comments?post=49625"}],"version-history":[{"count":50,"href":"https:\/\/meetcody.ai\/fr\/wp-json\/wp\/v2\/pages\/49625\/revisions"}],"predecessor-version":[{"id":50052,"href":"https:\/\/meetcody.ai\/fr\/wp-json\/wp\/v2\/pages\/49625\/revisions\/50052"}],"up":[{"embeddable":true,"href":"https:\/\/meetcody.ai\/fr\/wp-json\/wp\/v2\/pages\/49823"}],"wp:attachment":[{"href":"https:\/\/meetcody.ai\/fr\/wp-json\/wp\/v2\/media?parent=49625"}],"curies":[{"name":"wp","href":"https:\/\/api.w.org\/{rel}","templated":true}]}}