{"id":30397,"date":"2023-09-02T09:34:28","date_gmt":"2023-09-02T09:34:28","guid":{"rendered":"https:\/\/meetcody.ai\/lia-pour-les-sites-web\/"},"modified":"2023-09-02T09:34:39","modified_gmt":"2023-09-02T09:34:39","slug":"lia-pour-les-sites-web","status":"publish","type":"page","link":"https:\/\/meetcody.ai\/fr\/lia-pour-les-sites-web\/","title":{"rendered":"L&#8217;IA pour les sites web"},"content":{"rendered":"<div class=\"wpb-content-wrapper\"><p>[vc_section el_id=&#8221;cody-for-slack-section_0&#8243;][vc_row][vc_column][vc_empty_space height=&#8221;90px&#8221; el_class=&#8221;show-for-large&#8221;][vc_empty_space height=&#8221;45px&#8221; el_class=&#8221;hide-for-large&#8221;][vc_row_inner el_class=&#8221;row no-padding-vc&#8221;][vc_column_inner][vc_column_text el_class=&#8221;text-center&#8221;]<\/p>\n<h1 class=\"margin-bottom-1point5rem font-color-gradient page-heading\">L&#8217;IA au service de votre site web<\/h1>\n<p>[\/vc_column_text][vc_empty_space height=&#8221;45px&#8221;][vc_column_text el_class=&#8221;text-center&#8221;]<\/p>\n<p class=\"no-margin-bottom remove-br\"><span class=\"notion-enable-hover\" data-token-index=\"0\">Montez \u00e0 bord du train de l&#8217;IA pour votre site web d&#8217;entreprise sans code.<\/span><\/p>\n<p>[\/vc_column_text][\/vc_column_inner][\/vc_row_inner][vc_empty_space height=&#8221;90px&#8221; el_class=&#8221;show-for-large&#8221;][vc_empty_space height=&#8221;45px&#8221; el_class=&#8221;hide-for-large&#8221;][vc_row_inner el_class=&#8221;row no-padding-vc&#8221;][vc_column_inner][vc_column_text el_class=&#8221;text-center&#8221;]<img loading=\"lazy\" decoding=\"async\" class=\"alignnone size-full wp-image-30366\" src=\"https:\/\/meetcody.ai\/wp-content\/uploads\/2023\/09\/Untitled-1.png\" alt=\"\" width=\"1234\" height=\"791\" srcset=\"https:\/\/meetcody.ai\/wp-content\/uploads\/2023\/09\/Untitled-1.png 1234w, https:\/\/meetcody.ai\/wp-content\/uploads\/2023\/09\/Untitled-1-300x192.png 300w, https:\/\/meetcody.ai\/wp-content\/uploads\/2023\/09\/Untitled-1-1024x656.png 1024w, https:\/\/meetcody.ai\/wp-content\/uploads\/2023\/09\/Untitled-1-768x492.png 768w, https:\/\/meetcody.ai\/wp-content\/uploads\/2023\/09\/Untitled-1-1011x648.png 1011w\" sizes=\"auto, (max-width: 1234px) 100vw, 1234px\" \/>[\/vc_column_text][\/vc_column_inner][\/vc_row_inner][vc_empty_space height=&#8221;45px&#8221;][vc_row_inner el_class=&#8221;row no-padding-vc&#8221;][vc_column_inner][vc_column_text el_class=&#8221;text-center&#8221;]<a class=\"button header-button no-margin-bottom\" href=\"https:\/\/getcody.ai\/auth\/signup\" target=\"_blank\" rel=\"noopener\"><span class=\"\">Commencer maintenant<\/span><\/a>[\/vc_column_text][\/vc_column_inner][\/vc_row_inner][\/vc_column][\/vc_row][\/vc_section][vc_section el_id=&#8221;cody-for-slack-section_1&#8243;][vc_row][vc_column][vc_empty_space height=&#8221;90px&#8221; el_class=&#8221;show-for-large&#8221;][vc_empty_space height=&#8221;45px&#8221; el_class=&#8221;hide-for-large&#8221;][vc_row_inner equal_height=&#8221;yes&#8221; content_placement=&#8221;middle&#8221; el_class=&#8221;row no-padding-vc&#8221;][vc_column_inner el_class=&#8221;large-order-1&#8243; width=&#8221;1\/2&#8243;][vc_column_text el_class=&#8221;text-center&#8221;]<img loading=\"lazy\" decoding=\"async\" class=\"alignnone wp-image-30357 size-full\" src=\"https:\/\/meetcody.ai\/wp-content\/uploads\/2023\/09\/Untitled.png\" alt=\"\" width=\"1234\" height=\"791\" srcset=\"https:\/\/meetcody.ai\/wp-content\/uploads\/2023\/09\/Untitled.png 1234w, https:\/\/meetcody.ai\/wp-content\/uploads\/2023\/09\/Untitled-300x192.png 300w, https:\/\/meetcody.ai\/wp-content\/uploads\/2023\/09\/Untitled-1024x656.png 1024w, https:\/\/meetcody.ai\/wp-content\/uploads\/2023\/09\/Untitled-768x492.png 768w, https:\/\/meetcody.ai\/wp-content\/uploads\/2023\/09\/Untitled-1011x648.png 1011w\" sizes=\"auto, (max-width: 1234px) 100vw, 1234px\" \/>[\/vc_column_text][vc_empty_space height=&#8221;45px&#8221; el_class=&#8221;hide-for-large&#8221;][\/vc_column_inner][vc_column_inner el_class=&#8221;large-order-0&#8243; width=&#8221;1\/2&#8243;][vc_column_text el_class=&#8221;large-text-left text-center extra-large-padding-right-for-large&#8221;]<\/p>\n<h1 class=\"font-color-white margin-bottom-2point5rem\">Int\u00e9grer des widgets sur votre site web<\/h1>\n<p class=\"no-margin-bottom font-color-white\">Int\u00e9grez des widgets personnalis\u00e9s \u00e0 votre site web, aliment\u00e9s par des algorithmes GPT avanc\u00e9s, pour tirer parti de votre connaissance unique de l&#8217;entreprise et offrir des exp\u00e9riences personnalis\u00e9es en fonction de vos pr\u00e9f\u00e9rences sp\u00e9cifiques.<\/p>\n<p>[\/vc_column_text][\/vc_column_inner][\/vc_row_inner][vc_empty_space height=&#8221;90px&#8221; el_class=&#8221;show-for-large&#8221;][vc_empty_space height=&#8221;45px&#8221; el_class=&#8221;hide-for-large&#8221;][\/vc_column][\/vc_row][\/vc_section][vc_section el_id=&#8221;cody-for-slack-section_2&#8243;][vc_row][vc_column][vc_empty_space height=&#8221;90px&#8221; el_class=&#8221;show-for-large&#8221;][vc_empty_space height=&#8221;45px&#8221; el_class=&#8221;hide-for-large&#8221;][vc_row_inner equal_height=&#8221;yes&#8221; content_placement=&#8221;middle&#8221; el_class=&#8221;row no-padding-vc&#8221;][vc_column_inner width=&#8221;1\/2&#8243;][vc_column_text el_class=&#8221;text-center&#8221;]<img loading=\"lazy\" decoding=\"async\" class=\"alignnone size-full wp-image-30375\" src=\"https:\/\/meetcody.ai\/wp-content\/uploads\/2023\/09\/Untitled-2.png\" alt=\"\" width=\"2468\" height=\"1582\" srcset=\"https:\/\/meetcody.ai\/wp-content\/uploads\/2023\/09\/Untitled-2.png 2468w, https:\/\/meetcody.ai\/wp-content\/uploads\/2023\/09\/Untitled-2-300x192.png 300w, https:\/\/meetcody.ai\/wp-content\/uploads\/2023\/09\/Untitled-2-1024x656.png 1024w, https:\/\/meetcody.ai\/wp-content\/uploads\/2023\/09\/Untitled-2-768x492.png 768w, https:\/\/meetcody.ai\/wp-content\/uploads\/2023\/09\/Untitled-2-1536x985.png 1536w, https:\/\/meetcody.ai\/wp-content\/uploads\/2023\/09\/Untitled-2-2048x1313.png 2048w, https:\/\/meetcody.ai\/wp-content\/uploads\/2023\/09\/Untitled-2-1011x648.png 1011w\" sizes=\"auto, (max-width: 2468px) 100vw, 2468px\" \/>[\/vc_column_text][vc_empty_space height=&#8221;45px&#8221; el_class=&#8221;hide-for-large&#8221;][\/vc_column_inner][vc_column_inner width=&#8221;1\/2&#8243;][vc_column_text el_class=&#8221;large-text-left text-center extra-large-padding-left-for-large&#8221;]<\/p>\n<h1 class=\"font-color-white margin-bottom-2point5rem\">Partagez votre robot d&#8217;IA personnalis\u00e9 avec tout le monde<\/h1>\n<p class=\"no-margin-bottom font-color-white\">\u00c9tendez le soutien \u00e0 votre entreprise en fournissant des liens facilement partageables vers votre Cody Bot, garantissant ainsi une accessibilit\u00e9 universelle.<\/p>\n<p>[\/vc_column_text][\/vc_column_inner][\/vc_row_inner][vc_empty_space height=&#8221;90px&#8221; el_class=&#8221;show-for-large&#8221;][vc_empty_space height=&#8221;45px&#8221; el_class=&#8221;hide-for-large&#8221;][\/vc_column][\/vc_row][\/vc_section][vc_section][vc_row][vc_column][vc_empty_space height=&#8221;90px&#8221; el_class=&#8221;show-for-large&#8221;][vc_empty_space height=&#8221;45px&#8221; el_class=&#8221;hide-for-large&#8221;][vc_row_inner equal_height=&#8221;yes&#8221; content_placement=&#8221;middle&#8221; el_class=&#8221;row no-padding-vc&#8221;][vc_column_inner el_class=&#8221;large-order-1&#8243; width=&#8221;1\/2&#8243;][vc_column_text el_class=&#8221;text-center&#8221;]<img loading=\"lazy\" decoding=\"async\" class=\"alignnone size-full wp-image-30384\" src=\"https:\/\/meetcody.ai\/wp-content\/uploads\/2023\/09\/Untitled-3.png\" alt=\"\" width=\"1234\" height=\"816\" srcset=\"https:\/\/meetcody.ai\/wp-content\/uploads\/2023\/09\/Untitled-3.png 1234w, https:\/\/meetcody.ai\/wp-content\/uploads\/2023\/09\/Untitled-3-300x198.png 300w, https:\/\/meetcody.ai\/wp-content\/uploads\/2023\/09\/Untitled-3-1024x677.png 1024w, https:\/\/meetcody.ai\/wp-content\/uploads\/2023\/09\/Untitled-3-768x508.png 768w, https:\/\/meetcody.ai\/wp-content\/uploads\/2023\/09\/Untitled-3-980x648.png 980w\" sizes=\"auto, (max-width: 1234px) 100vw, 1234px\" \/>[\/vc_column_text][vc_empty_space height=&#8221;45px&#8221; el_class=&#8221;hide-for-large&#8221;][\/vc_column_inner][vc_column_inner el_class=&#8221;large-order-0&#8243; width=&#8221;1\/2&#8243;][vc_column_text el_class=&#8221;large-text-left text-center extra-large-padding-right-for-large&#8221;]<\/p>\n<h1 class=\"font-color-white margin-bottom-2point5rem\">Une liste d&#8217;options de personnalisation<\/h1>\n<p class=\"no-margin-bottom font-color-white\">Donnez de la personnalit\u00e9 \u00e0 votre widget en personnalisant tout, de la palette de couleurs \u00e0 l&#8217;ic\u00f4ne parfaite. Avec Cody, vous disposez d&#8217;un monde d&#8217;options de personnalisation \u00e0 port\u00e9e de main.<\/p>\n<p>[\/vc_column_text][\/vc_column_inner][\/vc_row_inner][vc_empty_space height=&#8221;90px&#8221; el_class=&#8221;show-for-large&#8221;][vc_empty_space height=&#8221;45px&#8221; el_class=&#8221;hide-for-large&#8221;][\/vc_column][\/vc_row][\/vc_section][vc_section el_id=&#8221;cody-for-slack-section_3&#8243;][vc_row][vc_column][vc_empty_space height=&#8221;90px&#8221; el_class=&#8221;show-for-large&#8221;][vc_empty_space height=&#8221;45px&#8221; el_class=&#8221;hide-for-large&#8221;][vc_row_inner equal_height=&#8221;yes&#8221; content_placement=&#8221;middle&#8221; el_class=&#8221;row no-padding-vc animated-gradient-bg has-semirounded-border&#8221;][vc_column_inner][vc_empty_space height=&#8221;100px&#8221;][vc_column_text el_class=&#8221;text-center&#8221;]<\/p>\n<h1 class=\"font-color-white margin-bottom-2point5rem\">Boostez votre site web d\u00e8s maintenant gr\u00e2ce \u00e0 l&#8217;utilisation de l&#8217;IA par Cody<\/h1>\n<p><a class=\"button header-button no-margin-bottom\" href=\"https:\/\/getcody.ai\/auth\/signup\" target=\"_blank\" rel=\"noopener\"><span class=\"\">Commencer gratuitement<\/span><\/a>[\/vc_column_text][vc_empty_space height=&#8221;100px&#8221;][\/vc_column_inner][\/vc_row_inner][vc_empty_space height=&#8221;90px&#8221; el_class=&#8221;show-for-large&#8221;][vc_empty_space height=&#8221;45px&#8221; el_class=&#8221;hide-for-large&#8221;][\/vc_column][\/vc_row][\/vc_section]<\/p>\n<\/div>","protected":false},"excerpt":{"rendered":"<p>[vc_section el_id=&#8221;cody-for-slack-section_0&#8243;][vc_row][vc_column][vc_empty_space height=&#8221;90px&#8221; el_class=&#8221;show-for-large&#8221;][vc_empty_space height=&#8221;45px&#8221; el_class=&#8221;hide-for-large&#8221;][vc_row_inner el_class=&#8221;row no-padding-vc&#8221;][vc_column_inner][vc_column_text el_class=&#8221;text-center&#8221;] L&#8217;IA au service de votre site web [\/vc_column_text][vc_empty_space height=&#8221;45px&#8221;][vc_column_text el_class=&#8221;text-center&#8221;] Montez \u00e0 bord du train de l&#8217;IA pour votre site web d&#8217;entreprise sans code. [\/vc_column_text][\/vc_column_inner][\/vc_row_inner][vc_empty_space height=&#8221;90px&#8221; el_class=&#8221;show-for-large&#8221;][vc_empty_space height=&#8221;45px&#8221; el_class=&#8221;hide-for-large&#8221;][vc_row_inner el_class=&#8221;row no-padding-vc&#8221;][vc_column_inner][vc_column_text el_class=&#8221;text-center&#8221;][\/vc_column_text][\/vc_column_inner][\/vc_row_inner][vc_empty_space height=&#8221;45px&#8221;][vc_row_inner el_class=&#8221;row no-padding-vc&#8221;][vc_column_inner][vc_column_text el_class=&#8221;text-center&#8221;]Commencer maintenant[\/vc_column_text][\/vc_column_inner][\/vc_row_inner][\/vc_column][\/vc_row][\/vc_section][vc_section el_id=&#8221;cody-for-slack-section_1&#8243;][vc_row][vc_column][vc_empty_space height=&#8221;90px&#8221; el_class=&#8221;show-for-large&#8221;][vc_empty_space height=&#8221;45px&#8221; el_class=&#8221;hide-for-large&#8221;][vc_row_inner equal_height=&#8221;yes&#8221; content_placement=&#8221;middle&#8221; el_class=&#8221;row no-padding-vc&#8221;][vc_column_inner<a class=\"excerpt-read-more\" href=\"https:\/\/meetcody.ai\/fr\/lia-pour-les-sites-web\/\" title=\"ReadL&#8217;IA pour les sites web\">&#8230; Read more &raquo;<\/a><\/p>\n","protected":false},"author":1,"featured_media":0,"parent":0,"menu_order":0,"comment_status":"closed","ping_status":"closed","template":"template-visual-builder.php","meta":{"_acf_changed":false,"inline_featured_image":false,"footnotes":""},"class_list":["post-30397","page","type-page","status-publish","hentry"],"acf":[],"yoast_head":"<!-- This site is optimized with the Yoast SEO Premium plugin v21.8 (Yoast SEO v24.2) - https:\/\/yoast.com\/wordpress\/plugins\/seo\/ -->\n<title>L&#039;IA pour les sites web Form\u00e9 \u00e0 votre m\u00e9tier<\/title>\n<meta name=\"robots\" content=\"index, follow, max-snippet:-1, max-image-preview:large, max-video-preview:-1\" \/>\n<link rel=\"canonical\" href=\"https:\/\/meetcody.ai\/fr\/lia-pour-les-sites-web\/\" \/>\n<meta property=\"og:locale\" content=\"fr_FR\" \/>\n<meta property=\"og:type\" content=\"article\" \/>\n<meta property=\"og:title\" content=\"L&#039;IA pour les sites web\" \/>\n<meta property=\"og:description\" content=\"[vc_section el_id=&#8221;cody-for-slack-section_0&#8243;][vc_row][vc_column][vc_empty_space height=&#8221;90px&#8221; el_class=&#8221;show-for-large&#8221;][vc_empty_space height=&#8221;45px&#8221; el_class=&#8221;hide-for-large&#8221;][vc_row_inner el_class=&#8221;row no-padding-vc&#8221;][vc_column_inner][vc_column_text el_class=&#8221;text-center&#8221;] L&#8217;IA au service de votre site web [\/vc_column_text][vc_empty_space height=&#8221;45px&#8221;][vc_column_text el_class=&#8221;text-center&#8221;] Montez \u00e0 bord du train de l&#8217;IA pour votre site web d&#8217;entreprise sans code. [\/vc_column_text][\/vc_column_inner][\/vc_row_inner][vc_empty_space height=&#8221;90px&#8221; el_class=&#8221;show-for-large&#8221;][vc_empty_space height=&#8221;45px&#8221; el_class=&#8221;hide-for-large&#8221;][vc_row_inner el_class=&#8221;row no-padding-vc&#8221;][vc_column_inner][vc_column_text el_class=&#8221;text-center&#8221;][\/vc_column_text][\/vc_column_inner][\/vc_row_inner][vc_empty_space height=&#8221;45px&#8221;][vc_row_inner el_class=&#8221;row no-padding-vc&#8221;][vc_column_inner][vc_column_text el_class=&#8221;text-center&#8221;]Commencer maintenant[\/vc_column_text][\/vc_column_inner][\/vc_row_inner][\/vc_column][\/vc_row][\/vc_section][vc_section el_id=&#8221;cody-for-slack-section_1&#8243;][vc_row][vc_column][vc_empty_space height=&#8221;90px&#8221; el_class=&#8221;show-for-large&#8221;][vc_empty_space height=&#8221;45px&#8221; el_class=&#8221;hide-for-large&#8221;][vc_row_inner equal_height=&#8221;yes&#8221; content_placement=&#8221;middle&#8221; el_class=&#8221;row no-padding-vc&#8221;][vc_column_inner... Read more &raquo;\" \/>\n<meta property=\"og:url\" content=\"https:\/\/meetcody.ai\/fr\/lia-pour-les-sites-web\/\" \/>\n<meta property=\"og:site_name\" content=\"Cody - The AI Trained on Your Business\" \/>\n<meta property=\"article:modified_time\" content=\"2023-09-02T09:34:39+00:00\" \/>\n<meta property=\"og:image\" content=\"https:\/\/meetcody.ai\/wp-content\/uploads\/2023\/09\/Untitled-1.png\" \/>\n<meta name=\"twitter:card\" content=\"summary_large_image\" \/>\n<meta name=\"twitter:site\" content=\"@meetcodyai\" \/>\n<meta name=\"twitter:label1\" content=\"Est. reading time\" \/>\n\t<meta name=\"twitter:data1\" content=\"4 minutes\" \/>\n<script type=\"application\/ld+json\" class=\"yoast-schema-graph\">{\"@context\":\"https:\/\/schema.org\",\"@graph\":[{\"@type\":\"WebPage\",\"@id\":\"https:\/\/meetcody.ai\/fr\/lia-pour-les-sites-web\/\",\"url\":\"https:\/\/meetcody.ai\/fr\/lia-pour-les-sites-web\/\",\"name\":\"L'IA pour les sites web Form\u00e9 \u00e0 votre m\u00e9tier\",\"isPartOf\":{\"@id\":\"https:\/\/meetcody.ai\/#website\"},\"primaryImageOfPage\":{\"@id\":\"https:\/\/meetcody.ai\/fr\/lia-pour-les-sites-web\/#primaryimage\"},\"image\":{\"@id\":\"https:\/\/meetcody.ai\/fr\/lia-pour-les-sites-web\/#primaryimage\"},\"thumbnailUrl\":\"https:\/\/meetcody.ai\/wp-content\/uploads\/2023\/09\/Untitled-1.png\",\"datePublished\":\"2023-09-02T09:34:28+00:00\",\"dateModified\":\"2023-09-02T09:34:39+00:00\",\"breadcrumb\":{\"@id\":\"https:\/\/meetcody.ai\/fr\/lia-pour-les-sites-web\/#breadcrumb\"},\"inLanguage\":\"fr-FR\",\"potentialAction\":[{\"@type\":\"ReadAction\",\"target\":[\"https:\/\/meetcody.ai\/fr\/lia-pour-les-sites-web\/\"]}]},{\"@type\":\"ImageObject\",\"inLanguage\":\"fr-FR\",\"@id\":\"https:\/\/meetcody.ai\/fr\/lia-pour-les-sites-web\/#primaryimage\",\"url\":\"https:\/\/meetcody.ai\/wp-content\/uploads\/2023\/09\/Untitled-1.png\",\"contentUrl\":\"https:\/\/meetcody.ai\/wp-content\/uploads\/2023\/09\/Untitled-1.png\"},{\"@type\":\"BreadcrumbList\",\"@id\":\"https:\/\/meetcody.ai\/fr\/lia-pour-les-sites-web\/#breadcrumb\",\"itemListElement\":[{\"@type\":\"ListItem\",\"position\":1,\"name\":\"Home\",\"item\":\"https:\/\/meetcody.ai\/fr\/home-v2\/\"},{\"@type\":\"ListItem\",\"position\":2,\"name\":\"L&#8217;IA pour les sites web\"}]},{\"@type\":\"WebSite\",\"@id\":\"https:\/\/meetcody.ai\/#website\",\"url\":\"https:\/\/meetcody.ai\/\",\"name\":\"Cody AI - The AI Trained on Your Business\",\"description\":\"AI Powered Knowledge Base for Employees\",\"publisher\":{\"@id\":\"https:\/\/meetcody.ai\/#organization\"},\"potentialAction\":[{\"@type\":\"SearchAction\",\"target\":{\"@type\":\"EntryPoint\",\"urlTemplate\":\"https:\/\/meetcody.ai\/?s={search_term_string}\"},\"query-input\":{\"@type\":\"PropertyValueSpecification\",\"valueRequired\":true,\"valueName\":\"search_term_string\"}}],\"inLanguage\":\"fr-FR\"},{\"@type\":\"Organization\",\"@id\":\"https:\/\/meetcody.ai\/#organization\",\"name\":\"Cody AI - The AI Trained on Your Business\",\"url\":\"https:\/\/meetcody.ai\/\",\"logo\":{\"@type\":\"ImageObject\",\"inLanguage\":\"fr-FR\",\"@id\":\"https:\/\/meetcody.ai\/#\/schema\/logo\/image\/\",\"url\":\"https:\/\/meetcody.ai\/wp-content\/uploads\/2023\/05\/logo-codyai.svg\",\"contentUrl\":\"https:\/\/meetcody.ai\/wp-content\/uploads\/2023\/05\/logo-codyai.svg\",\"width\":\"1024\",\"height\":\"1024\",\"caption\":\"Cody AI - The AI Trained on Your Business\"},\"image\":{\"@id\":\"https:\/\/meetcody.ai\/#\/schema\/logo\/image\/\"},\"sameAs\":[\"https:\/\/x.com\/meetcodyai\",\"https:\/\/discord.com\/invite\/jXEVDcFxqs\"]}]}<\/script>\n<!-- \/ Yoast SEO Premium plugin. -->","yoast_head_json":{"title":"L'IA pour les sites web Form\u00e9 \u00e0 votre m\u00e9tier","robots":{"index":"index","follow":"follow","max-snippet":"max-snippet:-1","max-image-preview":"max-image-preview:large","max-video-preview":"max-video-preview:-1"},"canonical":"https:\/\/meetcody.ai\/fr\/lia-pour-les-sites-web\/","og_locale":"fr_FR","og_type":"article","og_title":"L'IA pour les sites web","og_description":"[vc_section el_id=&#8221;cody-for-slack-section_0&#8243;][vc_row][vc_column][vc_empty_space height=&#8221;90px&#8221; el_class=&#8221;show-for-large&#8221;][vc_empty_space height=&#8221;45px&#8221; el_class=&#8221;hide-for-large&#8221;][vc_row_inner el_class=&#8221;row no-padding-vc&#8221;][vc_column_inner][vc_column_text el_class=&#8221;text-center&#8221;] L&#8217;IA au service de votre site web [\/vc_column_text][vc_empty_space height=&#8221;45px&#8221;][vc_column_text el_class=&#8221;text-center&#8221;] Montez \u00e0 bord du train de l&#8217;IA pour votre site web d&#8217;entreprise sans code. [\/vc_column_text][\/vc_column_inner][\/vc_row_inner][vc_empty_space height=&#8221;90px&#8221; el_class=&#8221;show-for-large&#8221;][vc_empty_space height=&#8221;45px&#8221; el_class=&#8221;hide-for-large&#8221;][vc_row_inner el_class=&#8221;row no-padding-vc&#8221;][vc_column_inner][vc_column_text el_class=&#8221;text-center&#8221;][\/vc_column_text][\/vc_column_inner][\/vc_row_inner][vc_empty_space height=&#8221;45px&#8221;][vc_row_inner el_class=&#8221;row no-padding-vc&#8221;][vc_column_inner][vc_column_text el_class=&#8221;text-center&#8221;]Commencer maintenant[\/vc_column_text][\/vc_column_inner][\/vc_row_inner][\/vc_column][\/vc_row][\/vc_section][vc_section el_id=&#8221;cody-for-slack-section_1&#8243;][vc_row][vc_column][vc_empty_space height=&#8221;90px&#8221; el_class=&#8221;show-for-large&#8221;][vc_empty_space height=&#8221;45px&#8221; el_class=&#8221;hide-for-large&#8221;][vc_row_inner equal_height=&#8221;yes&#8221; content_placement=&#8221;middle&#8221; el_class=&#8221;row no-padding-vc&#8221;][vc_column_inner... Read more &raquo;","og_url":"https:\/\/meetcody.ai\/fr\/lia-pour-les-sites-web\/","og_site_name":"Cody - The AI Trained on Your Business","article_modified_time":"2023-09-02T09:34:39+00:00","og_image":[{"url":"https:\/\/meetcody.ai\/wp-content\/uploads\/2023\/09\/Untitled-1.png","type":"","width":"","height":""}],"twitter_card":"summary_large_image","twitter_site":"@meetcodyai","twitter_misc":{"Est. reading time":"4 minutes"},"schema":{"@context":"https:\/\/schema.org","@graph":[{"@type":"WebPage","@id":"https:\/\/meetcody.ai\/fr\/lia-pour-les-sites-web\/","url":"https:\/\/meetcody.ai\/fr\/lia-pour-les-sites-web\/","name":"L'IA pour les sites web Form\u00e9 \u00e0 votre m\u00e9tier","isPartOf":{"@id":"https:\/\/meetcody.ai\/#website"},"primaryImageOfPage":{"@id":"https:\/\/meetcody.ai\/fr\/lia-pour-les-sites-web\/#primaryimage"},"image":{"@id":"https:\/\/meetcody.ai\/fr\/lia-pour-les-sites-web\/#primaryimage"},"thumbnailUrl":"https:\/\/meetcody.ai\/wp-content\/uploads\/2023\/09\/Untitled-1.png","datePublished":"2023-09-02T09:34:28+00:00","dateModified":"2023-09-02T09:34:39+00:00","breadcrumb":{"@id":"https:\/\/meetcody.ai\/fr\/lia-pour-les-sites-web\/#breadcrumb"},"inLanguage":"fr-FR","potentialAction":[{"@type":"ReadAction","target":["https:\/\/meetcody.ai\/fr\/lia-pour-les-sites-web\/"]}]},{"@type":"ImageObject","inLanguage":"fr-FR","@id":"https:\/\/meetcody.ai\/fr\/lia-pour-les-sites-web\/#primaryimage","url":"https:\/\/meetcody.ai\/wp-content\/uploads\/2023\/09\/Untitled-1.png","contentUrl":"https:\/\/meetcody.ai\/wp-content\/uploads\/2023\/09\/Untitled-1.png"},{"@type":"BreadcrumbList","@id":"https:\/\/meetcody.ai\/fr\/lia-pour-les-sites-web\/#breadcrumb","itemListElement":[{"@type":"ListItem","position":1,"name":"Home","item":"https:\/\/meetcody.ai\/fr\/home-v2\/"},{"@type":"ListItem","position":2,"name":"L&#8217;IA pour les sites web"}]},{"@type":"WebSite","@id":"https:\/\/meetcody.ai\/#website","url":"https:\/\/meetcody.ai\/","name":"Cody AI - The AI Trained on Your Business","description":"AI Powered Knowledge Base for Employees","publisher":{"@id":"https:\/\/meetcody.ai\/#organization"},"potentialAction":[{"@type":"SearchAction","target":{"@type":"EntryPoint","urlTemplate":"https:\/\/meetcody.ai\/?s={search_term_string}"},"query-input":{"@type":"PropertyValueSpecification","valueRequired":true,"valueName":"search_term_string"}}],"inLanguage":"fr-FR"},{"@type":"Organization","@id":"https:\/\/meetcody.ai\/#organization","name":"Cody AI - The AI Trained on Your Business","url":"https:\/\/meetcody.ai\/","logo":{"@type":"ImageObject","inLanguage":"fr-FR","@id":"https:\/\/meetcody.ai\/#\/schema\/logo\/image\/","url":"https:\/\/meetcody.ai\/wp-content\/uploads\/2023\/05\/logo-codyai.svg","contentUrl":"https:\/\/meetcody.ai\/wp-content\/uploads\/2023\/05\/logo-codyai.svg","width":"1024","height":"1024","caption":"Cody AI - The AI Trained on Your Business"},"image":{"@id":"https:\/\/meetcody.ai\/#\/schema\/logo\/image\/"},"sameAs":["https:\/\/x.com\/meetcodyai","https:\/\/discord.com\/invite\/jXEVDcFxqs"]}]}},"_links":{"self":[{"href":"https:\/\/meetcody.ai\/fr\/wp-json\/wp\/v2\/pages\/30397","targetHints":{"allow":["GET"]}}],"collection":[{"href":"https:\/\/meetcody.ai\/fr\/wp-json\/wp\/v2\/pages"}],"about":[{"href":"https:\/\/meetcody.ai\/fr\/wp-json\/wp\/v2\/types\/page"}],"author":[{"embeddable":true,"href":"https:\/\/meetcody.ai\/fr\/wp-json\/wp\/v2\/users\/1"}],"replies":[{"embeddable":true,"href":"https:\/\/meetcody.ai\/fr\/wp-json\/wp\/v2\/comments?post=30397"}],"version-history":[{"count":2,"href":"https:\/\/meetcody.ai\/fr\/wp-json\/wp\/v2\/pages\/30397\/revisions"}],"predecessor-version":[{"id":30404,"href":"https:\/\/meetcody.ai\/fr\/wp-json\/wp\/v2\/pages\/30397\/revisions\/30404"}],"wp:attachment":[{"href":"https:\/\/meetcody.ai\/fr\/wp-json\/wp\/v2\/media?parent=30397"}],"curies":[{"name":"wp","href":"https:\/\/api.w.org\/{rel}","templated":true}]}}