{"id":30312,"date":"2023-08-30T17:02:33","date_gmt":"2023-08-30T17:02:33","guid":{"rendered":"https:\/\/meetcody.ai\/ai-pour-discord\/"},"modified":"2023-08-30T17:02:47","modified_gmt":"2023-08-30T17:02:47","slug":"ai-pour-discord","status":"publish","type":"page","link":"https:\/\/meetcody.ai\/fr\/ai-pour-discord\/","title":{"rendered":"AI pour Discord"},"content":{"rendered":"<div class=\"wpb-content-wrapper\"><p>[vc_section el_id=&#8221;cody-for-slack-section_0&#8243;][vc_row][vc_column][vc_empty_space height=&#8221;90px&#8221; el_class=&#8221;show-for-large&#8221;][vc_empty_space height=&#8221;45px&#8221; el_class=&#8221;hide-for-large&#8221;][vc_row_inner el_class=&#8221;row no-padding-vc&#8221;][vc_column_inner][vc_column_text el_class=&#8221;text-center&#8221;]<\/p>\n<h1 class=\"margin-bottom-1point5rem font-color-gradient page-heading\">Transformez votre serveur Discord<br \/>\navec l&#8217;IA personnalis\u00e9e<\/h1>\n<p>[\/vc_column_text][vc_empty_space height=&#8221;45px&#8221;][vc_column_text el_class=&#8221;text-center&#8221;]<\/p>\n<p class=\"no-margin-bottom remove-br\">L&#8217;int\u00e9gration d&#8217;un ChatGPT personnalis\u00e9 dans votre serveur Discord est maintenant plus rapide et plus facile que jamais.<\/p>\n<p>[\/vc_column_text][\/vc_column_inner][\/vc_row_inner][vc_empty_space height=&#8221;90px&#8221; el_class=&#8221;show-for-large&#8221;][vc_empty_space height=&#8221;45px&#8221; el_class=&#8221;hide-for-large&#8221;][vc_row_inner el_class=&#8221;row no-padding-vc&#8221;][vc_column_inner][vc_column_text el_class=&#8221;text-center&#8221;]<\/p>\n<p><img loading=\"lazy\" decoding=\"async\" class=\"alignnone size-full wp-image-30300\" src=\"https:\/\/meetcody.ai\/wp-content\/uploads\/2023\/08\/DiscordCover3.png\" alt=\"\" width=\"1234\" height=\"780\" srcset=\"https:\/\/meetcody.ai\/wp-content\/uploads\/2023\/08\/DiscordCover3.png 1234w, https:\/\/meetcody.ai\/wp-content\/uploads\/2023\/08\/DiscordCover3-300x190.png 300w, https:\/\/meetcody.ai\/wp-content\/uploads\/2023\/08\/DiscordCover3-1024x647.png 1024w, https:\/\/meetcody.ai\/wp-content\/uploads\/2023\/08\/DiscordCover3-768x485.png 768w, https:\/\/meetcody.ai\/wp-content\/uploads\/2023\/08\/DiscordCover3-1025x648.png 1025w\" sizes=\"auto, (max-width: 1234px) 100vw, 1234px\" \/>[\/vc_column_text][\/vc_column_inner][\/vc_row_inner][vc_empty_space height=&#8221;45px&#8221;][vc_row_inner el_class=&#8221;row no-padding-vc&#8221;][vc_column_inner][vc_column_text el_class=&#8221;text-center&#8221;]<a class=\"button header-button no-margin-bottom\" href=\"https:\/\/getcody.ai\/auth\/signup\" target=\"_blank\" rel=\"noopener\"><span class=\"\">Commencer maintenant<\/span><\/a>[\/vc_column_text][\/vc_column_inner][\/vc_row_inner][\/vc_column][\/vc_row][\/vc_section][vc_section el_id=&#8221;cody-for-slack-section_1&#8243;][vc_row][vc_column][vc_empty_space height=&#8221;90px&#8221; el_class=&#8221;show-for-large&#8221;][vc_empty_space height=&#8221;45px&#8221; el_class=&#8221;hide-for-large&#8221;][vc_row_inner equal_height=&#8221;yes&#8221; content_placement=&#8221;middle&#8221; el_class=&#8221;row no-padding-vc&#8221;][vc_column_inner el_class=&#8221;large-order-1&#8243; width=&#8221;1\/2&#8243;][vc_column_text el_class=&#8221;text-center&#8221;]<\/p>\n<p><img loading=\"lazy\" decoding=\"async\" class=\"alignnone size-full wp-image-30282\" src=\"https:\/\/meetcody.ai\/wp-content\/uploads\/2023\/08\/DiscordCover1.png\" alt=\"\" width=\"1234\" height=\"735\" srcset=\"https:\/\/meetcody.ai\/wp-content\/uploads\/2023\/08\/DiscordCover1.png 1234w, https:\/\/meetcody.ai\/wp-content\/uploads\/2023\/08\/DiscordCover1-300x179.png 300w, https:\/\/meetcody.ai\/wp-content\/uploads\/2023\/08\/DiscordCover1-1024x610.png 1024w, https:\/\/meetcody.ai\/wp-content\/uploads\/2023\/08\/DiscordCover1-768x457.png 768w, https:\/\/meetcody.ai\/wp-content\/uploads\/2023\/08\/DiscordCover1-1088x648.png 1088w\" sizes=\"auto, (max-width: 1234px) 100vw, 1234px\" \/>[\/vc_column_text][vc_empty_space height=&#8221;45px&#8221; el_class=&#8221;hide-for-large&#8221;][\/vc_column_inner][vc_column_inner el_class=&#8221;large-order-0&#8243; width=&#8221;1\/2&#8243;][vc_column_text el_class=&#8221;large-text-left text-center extra-large-padding-right-for-large&#8221;]<\/p>\n<h1 class=\"font-color-white margin-bottom-2point5rem\"><span class=\"notion-enable-hover\" data-token-index=\"0\">Rendez votre serveur plus interactif<\/span><\/h1>\n<p class=\"no-margin-bottom font-color-white\">Abandonnez les messages anciens et script\u00e9s. Avec Cody, profitez de conversations spontan\u00e9es et engageantes qui incitent les utilisateurs \u00e0 revenir.<\/p>\n<p>[\/vc_column_text][\/vc_column_inner][\/vc_row_inner][vc_empty_space height=&#8221;90px&#8221; el_class=&#8221;show-for-large&#8221;][vc_empty_space height=&#8221;45px&#8221; el_class=&#8221;hide-for-large&#8221;][\/vc_column][\/vc_row][\/vc_section][vc_section el_id=&#8221;cody-for-slack-section_2&#8243;][vc_row][vc_column][vc_empty_space height=&#8221;90px&#8221; el_class=&#8221;show-for-large&#8221;][vc_empty_space height=&#8221;45px&#8221; el_class=&#8221;hide-for-large&#8221;][vc_row_inner equal_height=&#8221;yes&#8221; content_placement=&#8221;middle&#8221; el_class=&#8221;row no-padding-vc&#8221;][vc_column_inner width=&#8221;1\/2&#8243;][vc_column_text el_class=&#8221;text-center&#8221;]<\/p>\n<p><img loading=\"lazy\" decoding=\"async\" class=\"alignnone size-full wp-image-30291\" src=\"https:\/\/meetcody.ai\/wp-content\/uploads\/2023\/08\/DiscordCover2.png\" alt=\"\" width=\"1234\" height=\"781\" srcset=\"https:\/\/meetcody.ai\/wp-content\/uploads\/2023\/08\/DiscordCover2.png 1234w, https:\/\/meetcody.ai\/wp-content\/uploads\/2023\/08\/DiscordCover2-300x190.png 300w, https:\/\/meetcody.ai\/wp-content\/uploads\/2023\/08\/DiscordCover2-1024x648.png 1024w, https:\/\/meetcody.ai\/wp-content\/uploads\/2023\/08\/DiscordCover2-768x486.png 768w\" sizes=\"auto, (max-width: 1234px) 100vw, 1234px\" \/>[\/vc_column_text][vc_empty_space height=&#8221;45px&#8221; el_class=&#8221;hide-for-large&#8221;][\/vc_column_inner][vc_column_inner width=&#8221;1\/2&#8243;][vc_column_text el_class=&#8221;large-text-left text-center extra-large-padding-left-for-large&#8221;]<\/p>\n<h1 class=\"font-color-white margin-bottom-2point5rem\"><span class=\"notion-enable-hover\" data-token-index=\"0\">Rationaliser l&#8217;acc\u00e8s \u00e0 votre base de connaissances<\/span><\/h1>\n<p class=\"no-margin-bottom font-color-white\">Finies les recherches fastidieuses dans les FAQ. Cody permet aux utilisateurs d&#8217;interroger directement votre base de connaissances, ce qui facilite la compr\u00e9hension et l&#8217;acc\u00e8s aux donn\u00e9es pour votre communaut\u00e9.<\/p>\n<p>[\/vc_column_text][\/vc_column_inner][\/vc_row_inner][vc_empty_space height=&#8221;90px&#8221; el_class=&#8221;show-for-large&#8221;][vc_empty_space height=&#8221;45px&#8221; el_class=&#8221;hide-for-large&#8221;][\/vc_column][\/vc_row][\/vc_section][vc_section el_id=&#8221;cody-for-slack-section_3&#8243;][vc_row][vc_column][vc_empty_space height=&#8221;90px&#8221; el_class=&#8221;show-for-large&#8221;][vc_empty_space height=&#8221;45px&#8221; el_class=&#8221;hide-for-large&#8221;][vc_row_inner equal_height=&#8221;yes&#8221; content_placement=&#8221;middle&#8221; el_class=&#8221;row no-padding-vc animated-gradient-bg has-semirounded-border&#8221;][vc_column_inner][vc_empty_space height=&#8221;100px&#8221;][vc_column_text el_class=&#8221;text-center&#8221;]<\/p>\n<h1 class=\"font-color-white margin-bottom-2point5rem\">Am\u00e9liorez le travail d&#8217;\u00e9quipe d\u00e8s maintenant avec Cody for Discord AI<\/h1>\n<p><a class=\"button header-button no-margin-bottom\" href=\"https:\/\/getcody.ai\/auth\/signup\" target=\"_blank\" rel=\"noopener\"><span class=\"\">Commencer gratuitement<\/span><\/a>[\/vc_column_text][vc_empty_space height=&#8221;100px&#8221;][\/vc_column_inner][\/vc_row_inner][vc_empty_space height=&#8221;90px&#8221; el_class=&#8221;show-for-large&#8221;][vc_empty_space height=&#8221;45px&#8221; el_class=&#8221;hide-for-large&#8221;][\/vc_column][\/vc_row][\/vc_section]<\/p>\n<\/div>","protected":false},"excerpt":{"rendered":"<p>[vc_section el_id=&#8221;cody-for-slack-section_0&#8243;][vc_row][vc_column][vc_empty_space height=&#8221;90px&#8221; el_class=&#8221;show-for-large&#8221;][vc_empty_space height=&#8221;45px&#8221; el_class=&#8221;hide-for-large&#8221;][vc_row_inner el_class=&#8221;row no-padding-vc&#8221;][vc_column_inner][vc_column_text el_class=&#8221;text-center&#8221;] Transformez votre serveur Discord avec l&#8217;IA personnalis\u00e9e [\/vc_column_text][vc_empty_space height=&#8221;45px&#8221;][vc_column_text el_class=&#8221;text-center&#8221;] L&#8217;int\u00e9gration d&#8217;un ChatGPT personnalis\u00e9 dans votre serveur Discord est maintenant plus rapide et plus facile que jamais. [\/vc_column_text][\/vc_column_inner][\/vc_row_inner][vc_empty_space height=&#8221;90px&#8221; el_class=&#8221;show-for-large&#8221;][vc_empty_space height=&#8221;45px&#8221; el_class=&#8221;hide-for-large&#8221;][vc_row_inner el_class=&#8221;row no-padding-vc&#8221;][vc_column_inner][vc_column_text el_class=&#8221;text-center&#8221;] [\/vc_column_text][\/vc_column_inner][\/vc_row_inner][vc_empty_space height=&#8221;45px&#8221;][vc_row_inner el_class=&#8221;row no-padding-vc&#8221;][vc_column_inner][vc_column_text el_class=&#8221;text-center&#8221;]Commencer maintenant[\/vc_column_text][\/vc_column_inner][\/vc_row_inner][\/vc_column][\/vc_row][\/vc_section][vc_section el_id=&#8221;cody-for-slack-section_1&#8243;][vc_row][vc_column][vc_empty_space height=&#8221;90px&#8221; el_class=&#8221;show-for-large&#8221;][vc_empty_space height=&#8221;45px&#8221; el_class=&#8221;hide-for-large&#8221;][vc_row_inner<a class=\"excerpt-read-more\" href=\"https:\/\/meetcody.ai\/fr\/ai-pour-discord\/\" title=\"ReadAI pour Discord\">&#8230; Read more &raquo;<\/a><\/p>\n","protected":false},"author":1,"featured_media":0,"parent":0,"menu_order":0,"comment_status":"closed","ping_status":"closed","template":"template-visual-builder.php","meta":{"_acf_changed":false,"inline_featured_image":false,"footnotes":""},"class_list":["post-30312","page","type-page","status-publish","hentry"],"acf":[],"yoast_head":"<!-- This site is optimized with the Yoast SEO Premium plugin v21.8 (Yoast SEO v24.2) - https:\/\/yoast.com\/wordpress\/plugins\/seo\/ -->\n<title>AI pour Discord Form\u00e9 \u00e0 votre m\u00e9tier<\/title>\n<meta name=\"description\" content=\"L&#039;int\u00e9gration d&#039;un ChatGPT personnalis\u00e9 dans votre serveur Discord est maintenant plus rapide et plus facile que jamais.\" \/>\n<meta name=\"robots\" content=\"index, follow, max-snippet:-1, max-image-preview:large, max-video-preview:-1\" \/>\n<link rel=\"canonical\" href=\"https:\/\/meetcody.ai\/fr\/ai-pour-discord\/\" \/>\n<meta property=\"og:locale\" content=\"fr_FR\" \/>\n<meta property=\"og:type\" content=\"article\" \/>\n<meta property=\"og:title\" content=\"AI pour Discord\" \/>\n<meta property=\"og:description\" content=\"L&#039;int\u00e9gration d&#039;un ChatGPT personnalis\u00e9 dans votre serveur Discord est maintenant plus rapide et plus facile que jamais.\" \/>\n<meta property=\"og:url\" content=\"https:\/\/meetcody.ai\/fr\/ai-pour-discord\/\" \/>\n<meta property=\"og:site_name\" content=\"Cody - The AI Trained on Your Business\" \/>\n<meta property=\"article:modified_time\" content=\"2023-08-30T17:02:47+00:00\" \/>\n<meta property=\"og:image\" content=\"https:\/\/meetcody.ai\/wp-content\/uploads\/2023\/08\/DiscordCover3.png\" \/>\n<meta name=\"twitter:card\" content=\"summary_large_image\" \/>\n<meta name=\"twitter:site\" content=\"@meetcodyai\" \/>\n<meta name=\"twitter:label1\" content=\"Est. reading time\" \/>\n\t<meta name=\"twitter:data1\" content=\"3 minutes\" \/>\n<script type=\"application\/ld+json\" class=\"yoast-schema-graph\">{\"@context\":\"https:\/\/schema.org\",\"@graph\":[{\"@type\":\"WebPage\",\"@id\":\"https:\/\/meetcody.ai\/fr\/ai-pour-discord\/\",\"url\":\"https:\/\/meetcody.ai\/fr\/ai-pour-discord\/\",\"name\":\"AI pour Discord Form\u00e9 \u00e0 votre m\u00e9tier\",\"isPartOf\":{\"@id\":\"https:\/\/meetcody.ai\/#website\"},\"primaryImageOfPage\":{\"@id\":\"https:\/\/meetcody.ai\/fr\/ai-pour-discord\/#primaryimage\"},\"image\":{\"@id\":\"https:\/\/meetcody.ai\/fr\/ai-pour-discord\/#primaryimage\"},\"thumbnailUrl\":\"https:\/\/meetcody.ai\/wp-content\/uploads\/2023\/08\/DiscordCover3.png\",\"datePublished\":\"2023-08-30T17:02:33+00:00\",\"dateModified\":\"2023-08-30T17:02:47+00:00\",\"description\":\"L'int\u00e9gration d'un ChatGPT personnalis\u00e9 dans votre serveur Discord est maintenant plus rapide et plus facile que jamais.\",\"breadcrumb\":{\"@id\":\"https:\/\/meetcody.ai\/fr\/ai-pour-discord\/#breadcrumb\"},\"inLanguage\":\"fr-FR\",\"potentialAction\":[{\"@type\":\"ReadAction\",\"target\":[\"https:\/\/meetcody.ai\/fr\/ai-pour-discord\/\"]}]},{\"@type\":\"ImageObject\",\"inLanguage\":\"fr-FR\",\"@id\":\"https:\/\/meetcody.ai\/fr\/ai-pour-discord\/#primaryimage\",\"url\":\"https:\/\/meetcody.ai\/wp-content\/uploads\/2023\/08\/DiscordCover3.png\",\"contentUrl\":\"https:\/\/meetcody.ai\/wp-content\/uploads\/2023\/08\/DiscordCover3.png\"},{\"@type\":\"BreadcrumbList\",\"@id\":\"https:\/\/meetcody.ai\/fr\/ai-pour-discord\/#breadcrumb\",\"itemListElement\":[{\"@type\":\"ListItem\",\"position\":1,\"name\":\"Home\",\"item\":\"https:\/\/meetcody.ai\/fr\/home-v2\/\"},{\"@type\":\"ListItem\",\"position\":2,\"name\":\"AI pour Discord\"}]},{\"@type\":\"WebSite\",\"@id\":\"https:\/\/meetcody.ai\/#website\",\"url\":\"https:\/\/meetcody.ai\/\",\"name\":\"Cody AI - The AI Trained on Your Business\",\"description\":\"AI Powered Knowledge Base for Employees\",\"publisher\":{\"@id\":\"https:\/\/meetcody.ai\/#organization\"},\"potentialAction\":[{\"@type\":\"SearchAction\",\"target\":{\"@type\":\"EntryPoint\",\"urlTemplate\":\"https:\/\/meetcody.ai\/?s={search_term_string}\"},\"query-input\":{\"@type\":\"PropertyValueSpecification\",\"valueRequired\":true,\"valueName\":\"search_term_string\"}}],\"inLanguage\":\"fr-FR\"},{\"@type\":\"Organization\",\"@id\":\"https:\/\/meetcody.ai\/#organization\",\"name\":\"Cody AI - The AI Trained on Your Business\",\"url\":\"https:\/\/meetcody.ai\/\",\"logo\":{\"@type\":\"ImageObject\",\"inLanguage\":\"fr-FR\",\"@id\":\"https:\/\/meetcody.ai\/#\/schema\/logo\/image\/\",\"url\":\"https:\/\/meetcody.ai\/wp-content\/uploads\/2023\/05\/logo-codyai.svg\",\"contentUrl\":\"https:\/\/meetcody.ai\/wp-content\/uploads\/2023\/05\/logo-codyai.svg\",\"width\":\"1024\",\"height\":\"1024\",\"caption\":\"Cody AI - The AI Trained on Your Business\"},\"image\":{\"@id\":\"https:\/\/meetcody.ai\/#\/schema\/logo\/image\/\"},\"sameAs\":[\"https:\/\/x.com\/meetcodyai\",\"https:\/\/discord.com\/invite\/jXEVDcFxqs\"]}]}<\/script>\n<!-- \/ Yoast SEO Premium plugin. -->","yoast_head_json":{"title":"AI pour Discord Form\u00e9 \u00e0 votre m\u00e9tier","description":"L'int\u00e9gration d'un ChatGPT personnalis\u00e9 dans votre serveur Discord est maintenant plus rapide et plus facile que jamais.","robots":{"index":"index","follow":"follow","max-snippet":"max-snippet:-1","max-image-preview":"max-image-preview:large","max-video-preview":"max-video-preview:-1"},"canonical":"https:\/\/meetcody.ai\/fr\/ai-pour-discord\/","og_locale":"fr_FR","og_type":"article","og_title":"AI pour Discord","og_description":"L'int\u00e9gration d'un ChatGPT personnalis\u00e9 dans votre serveur Discord est maintenant plus rapide et plus facile que jamais.","og_url":"https:\/\/meetcody.ai\/fr\/ai-pour-discord\/","og_site_name":"Cody - The AI Trained on Your Business","article_modified_time":"2023-08-30T17:02:47+00:00","og_image":[{"url":"https:\/\/meetcody.ai\/wp-content\/uploads\/2023\/08\/DiscordCover3.png","type":"","width":"","height":""}],"twitter_card":"summary_large_image","twitter_site":"@meetcodyai","twitter_misc":{"Est. reading time":"3 minutes"},"schema":{"@context":"https:\/\/schema.org","@graph":[{"@type":"WebPage","@id":"https:\/\/meetcody.ai\/fr\/ai-pour-discord\/","url":"https:\/\/meetcody.ai\/fr\/ai-pour-discord\/","name":"AI pour Discord Form\u00e9 \u00e0 votre m\u00e9tier","isPartOf":{"@id":"https:\/\/meetcody.ai\/#website"},"primaryImageOfPage":{"@id":"https:\/\/meetcody.ai\/fr\/ai-pour-discord\/#primaryimage"},"image":{"@id":"https:\/\/meetcody.ai\/fr\/ai-pour-discord\/#primaryimage"},"thumbnailUrl":"https:\/\/meetcody.ai\/wp-content\/uploads\/2023\/08\/DiscordCover3.png","datePublished":"2023-08-30T17:02:33+00:00","dateModified":"2023-08-30T17:02:47+00:00","description":"L'int\u00e9gration d'un ChatGPT personnalis\u00e9 dans votre serveur Discord est maintenant plus rapide et plus facile que jamais.","breadcrumb":{"@id":"https:\/\/meetcody.ai\/fr\/ai-pour-discord\/#breadcrumb"},"inLanguage":"fr-FR","potentialAction":[{"@type":"ReadAction","target":["https:\/\/meetcody.ai\/fr\/ai-pour-discord\/"]}]},{"@type":"ImageObject","inLanguage":"fr-FR","@id":"https:\/\/meetcody.ai\/fr\/ai-pour-discord\/#primaryimage","url":"https:\/\/meetcody.ai\/wp-content\/uploads\/2023\/08\/DiscordCover3.png","contentUrl":"https:\/\/meetcody.ai\/wp-content\/uploads\/2023\/08\/DiscordCover3.png"},{"@type":"BreadcrumbList","@id":"https:\/\/meetcody.ai\/fr\/ai-pour-discord\/#breadcrumb","itemListElement":[{"@type":"ListItem","position":1,"name":"Home","item":"https:\/\/meetcody.ai\/fr\/home-v2\/"},{"@type":"ListItem","position":2,"name":"AI pour Discord"}]},{"@type":"WebSite","@id":"https:\/\/meetcody.ai\/#website","url":"https:\/\/meetcody.ai\/","name":"Cody AI - The AI Trained on Your Business","description":"AI Powered Knowledge Base for Employees","publisher":{"@id":"https:\/\/meetcody.ai\/#organization"},"potentialAction":[{"@type":"SearchAction","target":{"@type":"EntryPoint","urlTemplate":"https:\/\/meetcody.ai\/?s={search_term_string}"},"query-input":{"@type":"PropertyValueSpecification","valueRequired":true,"valueName":"search_term_string"}}],"inLanguage":"fr-FR"},{"@type":"Organization","@id":"https:\/\/meetcody.ai\/#organization","name":"Cody AI - The AI Trained on Your Business","url":"https:\/\/meetcody.ai\/","logo":{"@type":"ImageObject","inLanguage":"fr-FR","@id":"https:\/\/meetcody.ai\/#\/schema\/logo\/image\/","url":"https:\/\/meetcody.ai\/wp-content\/uploads\/2023\/05\/logo-codyai.svg","contentUrl":"https:\/\/meetcody.ai\/wp-content\/uploads\/2023\/05\/logo-codyai.svg","width":"1024","height":"1024","caption":"Cody AI - The AI Trained on Your Business"},"image":{"@id":"https:\/\/meetcody.ai\/#\/schema\/logo\/image\/"},"sameAs":["https:\/\/x.com\/meetcodyai","https:\/\/discord.com\/invite\/jXEVDcFxqs"]}]}},"_links":{"self":[{"href":"https:\/\/meetcody.ai\/fr\/wp-json\/wp\/v2\/pages\/30312","targetHints":{"allow":["GET"]}}],"collection":[{"href":"https:\/\/meetcody.ai\/fr\/wp-json\/wp\/v2\/pages"}],"about":[{"href":"https:\/\/meetcody.ai\/fr\/wp-json\/wp\/v2\/types\/page"}],"author":[{"embeddable":true,"href":"https:\/\/meetcody.ai\/fr\/wp-json\/wp\/v2\/users\/1"}],"replies":[{"embeddable":true,"href":"https:\/\/meetcody.ai\/fr\/wp-json\/wp\/v2\/comments?post=30312"}],"version-history":[{"count":2,"href":"https:\/\/meetcody.ai\/fr\/wp-json\/wp\/v2\/pages\/30312\/revisions"}],"predecessor-version":[{"id":30320,"href":"https:\/\/meetcody.ai\/fr\/wp-json\/wp\/v2\/pages\/30312\/revisions\/30320"}],"wp:attachment":[{"href":"https:\/\/meetcody.ai\/fr\/wp-json\/wp\/v2\/media?parent=30312"}],"curies":[{"name":"wp","href":"https:\/\/api.w.org\/{rel}","templated":true}]}}