{"id":29922,"date":"2023-08-28T03:02:04","date_gmt":"2023-08-28T03:02:04","guid":{"rendered":"https:\/\/meetcody.ai\/cody-pour-slack\/"},"modified":"2023-09-13T14:29:47","modified_gmt":"2023-09-13T14:29:47","slug":"cody-pour-slack","status":"publish","type":"page","link":"https:\/\/meetcody.ai\/fr\/cody-pour-slack\/","title":{"rendered":"L&#8217;IA pour Slack"},"content":{"rendered":"<div class=\"wpb-content-wrapper\"><p>[vc_section el_id=&#8221;cody-for-slack-section_0&#8243;][vc_row][vc_column][vc_empty_space height=&#8221;90px&#8221; el_class=&#8221;show-for-large&#8221;][vc_empty_space height=&#8221;45px&#8221; el_class=&#8221;hide-for-large&#8221;][vc_row_inner el_class=&#8221;row no-padding-vc&#8221;][vc_column_inner][vc_column_text el_class=&#8221;text-center&#8221;]<\/p>\n<h1 class=\"margin-bottom-1point5rem font-color-gradient page-heading\">Renforcer l&#8217;autonomie de votre \u00e9quipe<br \/>\navec Business AI pour Slack<\/h1>\n<p>[\/vc_column_text][vc_empty_space height=&#8221;45px&#8221;][vc_column_text el_class=&#8221;text-center&#8221;]<\/p>\n<p class=\"no-margin-bottom remove-br\">Unissez votre \u00e9quipe comme jamais auparavant gr\u00e2ce \u00e0 notre IA intelligente Slack, Cody. Renforcer la collaboration,<br \/>\nrationaliser la communication et stimuler la productivit\u00e9 au sein de votre \u00e9quipe.<\/p>\n<p>[\/vc_column_text][\/vc_column_inner][\/vc_row_inner][vc_empty_space height=&#8221;90px&#8221; el_class=&#8221;show-for-large&#8221;][vc_empty_space height=&#8221;45px&#8221; el_class=&#8221;hide-for-large&#8221;][vc_row_inner el_class=&#8221;row no-padding-vc&#8221;][vc_column_inner][vc_column_text el_class=&#8221;text-center&#8221;]<img loading=\"lazy\" decoding=\"async\" class=\"alignnone wp-image-29909\" src=\"\/wp-content\/uploads\/2023\/08\/cody-for-slack-section_0-img_1.png\" alt=\"L'IA pour Slack  \" width=\"1200\" height=\"885\"><\/p>\n<p>[\/vc_column_text][\/vc_column_inner][\/vc_row_inner][vc_empty_space height=&#8221;45px&#8221;][vc_row_inner el_class=&#8221;row no-padding-vc&#8221;][vc_column_inner][vc_column_text el_class=&#8221;text-center&#8221;]<a href=\"https:\/\/slack.com\/oauth\/v2\/authorize?client_id=4788846187559.5430113500931&amp;scope=app_mentions:read,chat:write,commands,im:history,im:read,metadata.message:read,users:read&amp;user_scope=\"><img loading=\"lazy\" decoding=\"async\" class=\"aligncenter\" src=\"https:\/\/platform.slack-edge.com\/img\/add_to_slack.png\" srcset=\"https:\/\/platform.slack-edge.com\/img\/add_to_slack.png 1x, https:\/\/platform.slack-edge.com\/img\/add_to_slack@2x.png 2x\" alt=\"Ajouter \u00e0 Slack\" width=\"139\" height=\"40\"><\/a>[\/vc_column_text][\/vc_column_inner][\/vc_row_inner][\/vc_column][\/vc_row][\/vc_section][vc_section el_id=&#8221;cody-for-slack-section_1&#8243;][vc_row][vc_column][vc_empty_space height=&#8221;90px&#8221; el_class=&#8221;show-for-large&#8221;][vc_empty_space height=&#8221;45px&#8221; el_class=&#8221;hide-for-large&#8221;][vc_row_inner equal_height=&#8221;yes&#8221; content_placement=&#8221;middle&#8221; el_class=&#8221;row no-padding-vc&#8221;][vc_column_inner el_class=&#8221;large-order-1&#8243; width=&#8221;1\/2&#8243;][vc_column_text el_class=&#8221;text-center&#8221;]<img decoding=\"async\" class=\"alignnone size-full wp-image-29995\" src=\"\/wp-content\/uploads\/2023\/08\/cody-for-slack-section_1-img.png\" alt=\"\" width=\"100%\" height=\"1670\" srcset=\"https:\/\/meetcody.ai\/wp-content\/uploads\/2023\/08\/cody-for-slack-section_1-img.png 2275w, https:\/\/meetcody.ai\/wp-content\/uploads\/2023\/08\/cody-for-slack-section_1-img-300x220.png 300w, https:\/\/meetcody.ai\/wp-content\/uploads\/2023\/08\/cody-for-slack-section_1-img-1024x752.png 1024w, https:\/\/meetcody.ai\/wp-content\/uploads\/2023\/08\/cody-for-slack-section_1-img-768x564.png 768w, https:\/\/meetcody.ai\/wp-content\/uploads\/2023\/08\/cody-for-slack-section_1-img-1536x1128.png 1536w, https:\/\/meetcody.ai\/wp-content\/uploads\/2023\/08\/cody-for-slack-section_1-img-2048x1503.png 2048w, https:\/\/meetcody.ai\/wp-content\/uploads\/2023\/08\/cody-for-slack-section_1-img-883x648.png 883w\" sizes=\"(max-width: 2275px) 100vw, 2275px\" \/>[\/vc_column_text][vc_empty_space height=&#8221;45px&#8221; el_class=&#8221;hide-for-large&#8221;][\/vc_column_inner][vc_column_inner el_class=&#8221;large-order-0&#8243; width=&#8221;1\/2&#8243;][vc_column_text el_class=&#8221;large-text-left text-center extra-large-padding-right-for-large&#8221;]<\/p>\n<h1 class=\"font-color-white margin-bottom-2point5rem\">Collaboration d&#8217;\u00e9quipe facilit\u00e9e<\/h1>\n<p class=\"no-margin-bottom font-color-white\">Exploitez la puissance des informations en temps r\u00e9el avec Cody pour Slack AI. En rendant les connaissances facilement accessibles, votre \u00e9quipe peut r\u00e9pondre instantan\u00e9ment aux questions et travailler plus efficacement. De plus, la capacit\u00e9 de Cody \u00e0 travailler sur des canaux partag\u00e9s signifie que tout le monde reste inform\u00e9, ce qui favorise un environnement d&#8217;\u00e9quipe plus collaboratif et mieux inform\u00e9.<\/p>\n<p>[\/vc_column_text][\/vc_column_inner][\/vc_row_inner][vc_empty_space height=&#8221;90px&#8221; el_class=&#8221;show-for-large&#8221;][vc_empty_space height=&#8221;45px&#8221; el_class=&#8221;hide-for-large&#8221;][\/vc_column][\/vc_row][\/vc_section][vc_section el_id=&#8221;cody-for-slack-section_2&#8243;][vc_row][vc_column][vc_empty_space height=&#8221;90px&#8221; el_class=&#8221;show-for-large&#8221;][vc_empty_space height=&#8221;45px&#8221; el_class=&#8221;hide-for-large&#8221;][vc_row_inner equal_height=&#8221;yes&#8221; content_placement=&#8221;middle&#8221; el_class=&#8221;row no-padding-vc&#8221;][vc_column_inner width=&#8221;1\/2&#8243;][vc_column_text el_class=&#8221;text-center&#8221;]<img decoding=\"async\" class=\"alignnone size-full wp-image-30024\" src=\"\/wp-content\/uploads\/2023\/08\/cody-for-slack-section_2-img.png\" alt=\"\" width=\"100%\" height=\"1670\" srcset=\"https:\/\/meetcody.ai\/wp-content\/uploads\/2023\/08\/cody-for-slack-section_2-img.png 2275w, https:\/\/meetcody.ai\/wp-content\/uploads\/2023\/08\/cody-for-slack-section_2-img-300x220.png 300w, https:\/\/meetcody.ai\/wp-content\/uploads\/2023\/08\/cody-for-slack-section_2-img-1024x752.png 1024w, https:\/\/meetcody.ai\/wp-content\/uploads\/2023\/08\/cody-for-slack-section_2-img-768x564.png 768w, https:\/\/meetcody.ai\/wp-content\/uploads\/2023\/08\/cody-for-slack-section_2-img-1536x1128.png 1536w, https:\/\/meetcody.ai\/wp-content\/uploads\/2023\/08\/cody-for-slack-section_2-img-2048x1503.png 2048w, https:\/\/meetcody.ai\/wp-content\/uploads\/2023\/08\/cody-for-slack-section_2-img-883x648.png 883w\" sizes=\"(max-width: 2275px) 100vw, 2275px\" \/>[\/vc_column_text][vc_empty_space height=&#8221;45px&#8221; el_class=&#8221;hide-for-large&#8221;][\/vc_column_inner][vc_column_inner width=&#8221;1\/2&#8243;][vc_column_text el_class=&#8221;large-text-left text-center extra-large-padding-left-for-large&#8221;]<\/p>\n<h1 class=\"font-color-white margin-bottom-2point5rem\">Unifier les \u00e9quipes au-del\u00e0 des fronti\u00e8res<\/h1>\n<p class=\"no-margin-bottom font-color-white\">Cody pour Slack L&#8217;IA \u00e9limine les barri\u00e8res linguistiques et permet \u00e0 votre \u00e9quipe internationale de collaborer en toute transparence. Quelle que soit la langue ou le lieu, Cody veille \u00e0 ce que tout le monde soit sur la m\u00eame longueur d&#8217;onde, ce qui favorise l&#8217;\u00e9mergence d&#8217;une \u00e9quipe v\u00e9ritablement unifi\u00e9e.<\/p>\n<p>[\/vc_column_text][\/vc_column_inner][\/vc_row_inner][vc_empty_space height=&#8221;90px&#8221; el_class=&#8221;show-for-large&#8221;][vc_empty_space height=&#8221;45px&#8221; el_class=&#8221;hide-for-large&#8221;][\/vc_column][\/vc_row][\/vc_section][vc_section el_id=&#8221;cody-for-slack-section_3&#8243;][vc_row][vc_column][vc_empty_space height=&#8221;90px&#8221; el_class=&#8221;show-for-large&#8221;][vc_empty_space height=&#8221;45px&#8221; el_class=&#8221;hide-for-large&#8221;][vc_row_inner equal_height=&#8221;yes&#8221; content_placement=&#8221;middle&#8221; el_class=&#8221;row no-padding-vc animated-gradient-bg has-semirounded-border&#8221;][vc_column_inner][vc_empty_space height=&#8221;100px&#8221;][vc_column_text el_class=&#8221;text-center&#8221;]<\/p>\n<h1 class=\"font-color-white margin-bottom-2point5rem\">Am\u00e9liorez le travail d&#8217;\u00e9quipe d\u00e8s maintenant avec Cody pour Slack AI<\/h1>\n<p><a class=\"button header-button no-margin-bottom\" href=\"https:\/\/getcody.ai\/auth\/signup\" target=\"_blank\" rel=\"noopener\"><span class=\"\">Commencer gratuitement<\/span><\/a>[\/vc_column_text][vc_empty_space height=&#8221;100px&#8221;][\/vc_column_inner][\/vc_row_inner][vc_empty_space height=&#8221;90px&#8221; el_class=&#8221;show-for-large&#8221;][vc_empty_space height=&#8221;45px&#8221; el_class=&#8221;hide-for-large&#8221;][\/vc_column][\/vc_row][\/vc_section]<\/p>\n<\/div>","protected":false},"excerpt":{"rendered":"<p>[vc_section el_id=&#8221;cody-for-slack-section_0&#8243;][vc_row][vc_column][vc_empty_space height=&#8221;90px&#8221; el_class=&#8221;show-for-large&#8221;][vc_empty_space height=&#8221;45px&#8221; el_class=&#8221;hide-for-large&#8221;][vc_row_inner el_class=&#8221;row no-padding-vc&#8221;][vc_column_inner][vc_column_text el_class=&#8221;text-center&#8221;] Renforcer l&#8217;autonomie de votre \u00e9quipe avec Business AI pour Slack [\/vc_column_text][vc_empty_space height=&#8221;45px&#8221;][vc_column_text el_class=&#8221;text-center&#8221;] Unissez votre \u00e9quipe comme jamais auparavant gr\u00e2ce \u00e0 notre IA intelligente Slack, Cody. Renforcer la collaboration, rationaliser la communication et stimuler la productivit\u00e9 au sein de votre \u00e9quipe. [\/vc_column_text][\/vc_column_inner][\/vc_row_inner][vc_empty_space height=&#8221;90px&#8221; el_class=&#8221;show-for-large&#8221;][vc_empty_space height=&#8221;45px&#8221; el_class=&#8221;hide-for-large&#8221;][vc_row_inner<a class=\"excerpt-read-more\" href=\"https:\/\/meetcody.ai\/fr\/cody-pour-slack\/\" title=\"ReadL&#8217;IA pour Slack\">&#8230; Read more &raquo;<\/a><\/p>\n","protected":false},"author":1,"featured_media":0,"parent":0,"menu_order":0,"comment_status":"closed","ping_status":"closed","template":"template-visual-builder.php","meta":{"_acf_changed":false,"inline_featured_image":false,"footnotes":""},"class_list":["post-29922","page","type-page","status-publish","hentry"],"acf":[],"yoast_head":"<!-- This site is optimized with the Yoast SEO Premium plugin v21.8 (Yoast SEO v24.2) - https:\/\/yoast.com\/wordpress\/plugins\/seo\/ -->\n<title>L&#039;IA pour Slack Form\u00e9 \u00e0 votre m\u00e9tier<\/title>\n<meta name=\"robots\" content=\"index, follow, max-snippet:-1, max-image-preview:large, max-video-preview:-1\" \/>\n<link rel=\"canonical\" href=\"https:\/\/meetcody.ai\/fr\/cody-pour-slack\/\" \/>\n<meta property=\"og:locale\" content=\"fr_FR\" \/>\n<meta property=\"og:type\" content=\"article\" \/>\n<meta property=\"og:title\" content=\"L&#039;IA pour Slack\" \/>\n<meta property=\"og:description\" content=\"[vc_section el_id=&#8221;cody-for-slack-section_0&#8243;][vc_row][vc_column][vc_empty_space height=&#8221;90px&#8221; el_class=&#8221;show-for-large&#8221;][vc_empty_space height=&#8221;45px&#8221; el_class=&#8221;hide-for-large&#8221;][vc_row_inner el_class=&#8221;row no-padding-vc&#8221;][vc_column_inner][vc_column_text el_class=&#8221;text-center&#8221;] Renforcer l&#8217;autonomie de votre \u00e9quipe avec Business AI pour Slack [\/vc_column_text][vc_empty_space height=&#8221;45px&#8221;][vc_column_text el_class=&#8221;text-center&#8221;] Unissez votre \u00e9quipe comme jamais auparavant gr\u00e2ce \u00e0 notre IA intelligente Slack, Cody. Renforcer la collaboration, rationaliser la communication et stimuler la productivit\u00e9 au sein de votre \u00e9quipe. [\/vc_column_text][\/vc_column_inner][\/vc_row_inner][vc_empty_space height=&#8221;90px&#8221; el_class=&#8221;show-for-large&#8221;][vc_empty_space height=&#8221;45px&#8221; el_class=&#8221;hide-for-large&#8221;][vc_row_inner... Read more &raquo;\" \/>\n<meta property=\"og:url\" content=\"https:\/\/meetcody.ai\/fr\/cody-pour-slack\/\" \/>\n<meta property=\"og:site_name\" content=\"Cody - The AI Trained on Your Business\" \/>\n<meta property=\"article:modified_time\" content=\"2023-09-13T14:29:47+00:00\" \/>\n<meta property=\"og:image\" content=\"https:\/\/platform.slack-edge.com\/img\/add_to_slack.png\" \/>\n<meta name=\"twitter:card\" content=\"summary_large_image\" \/>\n<meta name=\"twitter:site\" content=\"@meetcodyai\" \/>\n<meta name=\"twitter:label1\" content=\"Est. reading time\" \/>\n\t<meta name=\"twitter:data1\" content=\"3 minutes\" \/>\n<script type=\"application\/ld+json\" class=\"yoast-schema-graph\">{\"@context\":\"https:\/\/schema.org\",\"@graph\":[{\"@type\":\"WebPage\",\"@id\":\"https:\/\/meetcody.ai\/fr\/cody-pour-slack\/\",\"url\":\"https:\/\/meetcody.ai\/fr\/cody-pour-slack\/\",\"name\":\"L'IA pour Slack Form\u00e9 \u00e0 votre m\u00e9tier\",\"isPartOf\":{\"@id\":\"https:\/\/meetcody.ai\/#website\"},\"primaryImageOfPage\":{\"@id\":\"https:\/\/meetcody.ai\/fr\/cody-pour-slack\/#primaryimage\"},\"image\":{\"@id\":\"https:\/\/meetcody.ai\/fr\/cody-pour-slack\/#primaryimage\"},\"thumbnailUrl\":\"https:\/\/platform.slack-edge.com\/img\/add_to_slack.png\",\"datePublished\":\"2023-08-28T03:02:04+00:00\",\"dateModified\":\"2023-09-13T14:29:47+00:00\",\"breadcrumb\":{\"@id\":\"https:\/\/meetcody.ai\/fr\/cody-pour-slack\/#breadcrumb\"},\"inLanguage\":\"fr-FR\",\"potentialAction\":[{\"@type\":\"ReadAction\",\"target\":[\"https:\/\/meetcody.ai\/fr\/cody-pour-slack\/\"]}]},{\"@type\":\"ImageObject\",\"inLanguage\":\"fr-FR\",\"@id\":\"https:\/\/meetcody.ai\/fr\/cody-pour-slack\/#primaryimage\",\"url\":\"https:\/\/platform.slack-edge.com\/img\/add_to_slack.png\",\"contentUrl\":\"https:\/\/platform.slack-edge.com\/img\/add_to_slack.png\"},{\"@type\":\"BreadcrumbList\",\"@id\":\"https:\/\/meetcody.ai\/fr\/cody-pour-slack\/#breadcrumb\",\"itemListElement\":[{\"@type\":\"ListItem\",\"position\":1,\"name\":\"Home\",\"item\":\"https:\/\/meetcody.ai\/fr\/home-v2\/\"},{\"@type\":\"ListItem\",\"position\":2,\"name\":\"L&#8217;IA pour Slack\"}]},{\"@type\":\"WebSite\",\"@id\":\"https:\/\/meetcody.ai\/#website\",\"url\":\"https:\/\/meetcody.ai\/\",\"name\":\"Cody AI - The AI Trained on Your Business\",\"description\":\"AI Powered Knowledge Base for Employees\",\"publisher\":{\"@id\":\"https:\/\/meetcody.ai\/#organization\"},\"potentialAction\":[{\"@type\":\"SearchAction\",\"target\":{\"@type\":\"EntryPoint\",\"urlTemplate\":\"https:\/\/meetcody.ai\/?s={search_term_string}\"},\"query-input\":{\"@type\":\"PropertyValueSpecification\",\"valueRequired\":true,\"valueName\":\"search_term_string\"}}],\"inLanguage\":\"fr-FR\"},{\"@type\":\"Organization\",\"@id\":\"https:\/\/meetcody.ai\/#organization\",\"name\":\"Cody AI - The AI Trained on Your Business\",\"url\":\"https:\/\/meetcody.ai\/\",\"logo\":{\"@type\":\"ImageObject\",\"inLanguage\":\"fr-FR\",\"@id\":\"https:\/\/meetcody.ai\/#\/schema\/logo\/image\/\",\"url\":\"https:\/\/meetcody.ai\/wp-content\/uploads\/2023\/05\/logo-codyai.svg\",\"contentUrl\":\"https:\/\/meetcody.ai\/wp-content\/uploads\/2023\/05\/logo-codyai.svg\",\"width\":\"1024\",\"height\":\"1024\",\"caption\":\"Cody AI - The AI Trained on Your Business\"},\"image\":{\"@id\":\"https:\/\/meetcody.ai\/#\/schema\/logo\/image\/\"},\"sameAs\":[\"https:\/\/x.com\/meetcodyai\",\"https:\/\/discord.com\/invite\/jXEVDcFxqs\"]}]}<\/script>\n<!-- \/ Yoast SEO Premium plugin. -->","yoast_head_json":{"title":"L'IA pour Slack Form\u00e9 \u00e0 votre m\u00e9tier","robots":{"index":"index","follow":"follow","max-snippet":"max-snippet:-1","max-image-preview":"max-image-preview:large","max-video-preview":"max-video-preview:-1"},"canonical":"https:\/\/meetcody.ai\/fr\/cody-pour-slack\/","og_locale":"fr_FR","og_type":"article","og_title":"L'IA pour Slack","og_description":"[vc_section el_id=&#8221;cody-for-slack-section_0&#8243;][vc_row][vc_column][vc_empty_space height=&#8221;90px&#8221; el_class=&#8221;show-for-large&#8221;][vc_empty_space height=&#8221;45px&#8221; el_class=&#8221;hide-for-large&#8221;][vc_row_inner el_class=&#8221;row no-padding-vc&#8221;][vc_column_inner][vc_column_text el_class=&#8221;text-center&#8221;] Renforcer l&#8217;autonomie de votre \u00e9quipe avec Business AI pour Slack [\/vc_column_text][vc_empty_space height=&#8221;45px&#8221;][vc_column_text el_class=&#8221;text-center&#8221;] Unissez votre \u00e9quipe comme jamais auparavant gr\u00e2ce \u00e0 notre IA intelligente Slack, Cody. Renforcer la collaboration, rationaliser la communication et stimuler la productivit\u00e9 au sein de votre \u00e9quipe. [\/vc_column_text][\/vc_column_inner][\/vc_row_inner][vc_empty_space height=&#8221;90px&#8221; el_class=&#8221;show-for-large&#8221;][vc_empty_space height=&#8221;45px&#8221; el_class=&#8221;hide-for-large&#8221;][vc_row_inner... Read more &raquo;","og_url":"https:\/\/meetcody.ai\/fr\/cody-pour-slack\/","og_site_name":"Cody - The AI Trained on Your Business","article_modified_time":"2023-09-13T14:29:47+00:00","og_image":[{"url":"https:\/\/platform.slack-edge.com\/img\/add_to_slack.png","type":"","width":"","height":""}],"twitter_card":"summary_large_image","twitter_site":"@meetcodyai","twitter_misc":{"Est. reading time":"3 minutes"},"schema":{"@context":"https:\/\/schema.org","@graph":[{"@type":"WebPage","@id":"https:\/\/meetcody.ai\/fr\/cody-pour-slack\/","url":"https:\/\/meetcody.ai\/fr\/cody-pour-slack\/","name":"L'IA pour Slack Form\u00e9 \u00e0 votre m\u00e9tier","isPartOf":{"@id":"https:\/\/meetcody.ai\/#website"},"primaryImageOfPage":{"@id":"https:\/\/meetcody.ai\/fr\/cody-pour-slack\/#primaryimage"},"image":{"@id":"https:\/\/meetcody.ai\/fr\/cody-pour-slack\/#primaryimage"},"thumbnailUrl":"https:\/\/platform.slack-edge.com\/img\/add_to_slack.png","datePublished":"2023-08-28T03:02:04+00:00","dateModified":"2023-09-13T14:29:47+00:00","breadcrumb":{"@id":"https:\/\/meetcody.ai\/fr\/cody-pour-slack\/#breadcrumb"},"inLanguage":"fr-FR","potentialAction":[{"@type":"ReadAction","target":["https:\/\/meetcody.ai\/fr\/cody-pour-slack\/"]}]},{"@type":"ImageObject","inLanguage":"fr-FR","@id":"https:\/\/meetcody.ai\/fr\/cody-pour-slack\/#primaryimage","url":"https:\/\/platform.slack-edge.com\/img\/add_to_slack.png","contentUrl":"https:\/\/platform.slack-edge.com\/img\/add_to_slack.png"},{"@type":"BreadcrumbList","@id":"https:\/\/meetcody.ai\/fr\/cody-pour-slack\/#breadcrumb","itemListElement":[{"@type":"ListItem","position":1,"name":"Home","item":"https:\/\/meetcody.ai\/fr\/home-v2\/"},{"@type":"ListItem","position":2,"name":"L&#8217;IA pour Slack"}]},{"@type":"WebSite","@id":"https:\/\/meetcody.ai\/#website","url":"https:\/\/meetcody.ai\/","name":"Cody AI - The AI Trained on Your Business","description":"AI Powered Knowledge Base for Employees","publisher":{"@id":"https:\/\/meetcody.ai\/#organization"},"potentialAction":[{"@type":"SearchAction","target":{"@type":"EntryPoint","urlTemplate":"https:\/\/meetcody.ai\/?s={search_term_string}"},"query-input":{"@type":"PropertyValueSpecification","valueRequired":true,"valueName":"search_term_string"}}],"inLanguage":"fr-FR"},{"@type":"Organization","@id":"https:\/\/meetcody.ai\/#organization","name":"Cody AI - The AI Trained on Your Business","url":"https:\/\/meetcody.ai\/","logo":{"@type":"ImageObject","inLanguage":"fr-FR","@id":"https:\/\/meetcody.ai\/#\/schema\/logo\/image\/","url":"https:\/\/meetcody.ai\/wp-content\/uploads\/2023\/05\/logo-codyai.svg","contentUrl":"https:\/\/meetcody.ai\/wp-content\/uploads\/2023\/05\/logo-codyai.svg","width":"1024","height":"1024","caption":"Cody AI - The AI Trained on Your Business"},"image":{"@id":"https:\/\/meetcody.ai\/#\/schema\/logo\/image\/"},"sameAs":["https:\/\/x.com\/meetcodyai","https:\/\/discord.com\/invite\/jXEVDcFxqs"]}]}},"_links":{"self":[{"href":"https:\/\/meetcody.ai\/fr\/wp-json\/wp\/v2\/pages\/29922","targetHints":{"allow":["GET"]}}],"collection":[{"href":"https:\/\/meetcody.ai\/fr\/wp-json\/wp\/v2\/pages"}],"about":[{"href":"https:\/\/meetcody.ai\/fr\/wp-json\/wp\/v2\/types\/page"}],"author":[{"embeddable":true,"href":"https:\/\/meetcody.ai\/fr\/wp-json\/wp\/v2\/users\/1"}],"replies":[{"embeddable":true,"href":"https:\/\/meetcody.ai\/fr\/wp-json\/wp\/v2\/comments?post=29922"}],"version-history":[{"count":36,"href":"https:\/\/meetcody.ai\/fr\/wp-json\/wp\/v2\/pages\/29922\/revisions"}],"predecessor-version":[{"id":30726,"href":"https:\/\/meetcody.ai\/fr\/wp-json\/wp\/v2\/pages\/29922\/revisions\/30726"}],"wp:attachment":[{"href":"https:\/\/meetcody.ai\/fr\/wp-json\/wp\/v2\/media?parent=29922"}],"curies":[{"name":"wp","href":"https:\/\/api.w.org\/{rel}","templated":true}]}}