{"id":26760,"date":"2023-06-10T19:55:39","date_gmt":"2023-06-10T19:55:39","guid":{"rendered":"https:\/\/meetcody.ai\/affilies\/"},"modified":"2023-06-16T14:46:20","modified_gmt":"2023-06-16T14:46:20","slug":"affilies","status":"publish","type":"page","link":"https:\/\/meetcody.ai\/fr\/affilies\/","title":{"rendered":"Affili\u00e9s"},"content":{"rendered":"<div class=\"wpb-content-wrapper\"><p>[vc_section el_id=&#8221;pricing-section_0&#8243;][vc_row][vc_column][vc_empty_space height=&#8221;90px&#8221; el_class=&#8221;show-for-large&#8221;][vc_empty_space height=&#8221;90px&#8221; el_class=&#8221;hide-for-large&#8221;][vc_row_inner el_class=&#8221;row no-padding-vc&#8221;][vc_column_inner el_class=&#8221;columns large-8 large-offset-2&#8243;][vc_column_text el_class=&#8221;text-center&#8221;]<\/p>\n<h1 class=\"margin-bottom-1point5rem font-color-gradient page-heading\">Affili\u00e9s<\/h1>\n<section class=\"elementor-section elementor-top-section elementor-element elementor-element-3cb60ca elementor-section-boxed elementor-section-height-default elementor-section-height-default\" data-id=\"3cb60ca\" data-element_type=\"section\">\n<div class=\"elementor-container elementor-column-gap-default\">\n<div class=\"elementor-column elementor-col-100 elementor-top-column elementor-element elementor-element-8e0e96f\" data-id=\"8e0e96f\" data-element_type=\"column\">\n<div class=\"elementor-widget-wrap elementor-element-populated\">\n<div class=\"elementor-element elementor-element-18447c9 elementor-widget elementor-widget-text-editor\" data-id=\"18447c9\" data-element_type=\"widget\" data-widget_type=\"text-editor.default\">\n<div class=\"elementor-widget-container\">\n<p><strong class=\"text-gray-800\">Rejoignez Cody Affiliates<\/strong> et recevez une commission de 20% sur tous les paiements effectu\u00e9s au cours des 12 premiers mois pour les clients payants que vous recommandez \u00e0 meetcody.ai !<\/p>\n<p>&nbsp;<\/p>\n<p class=\"\" style=\"text-align: center;\"><a class=\"button header-button no-margin-bottom\" href=\"https:\/\/meetcody.firstpromoter.com\/\" target=\"_blank\" rel=\"noopener\"><span class=\"\">Commencer \u00e0 gagner de l&#8217;argent<\/span><\/a><\/p>\n<p>&nbsp;<\/p>\n<\/div>\n<h1><\/h1>\n<h1 class=\"margin-bottom-1point5rem font-color-gradient page-heading\">Partenaire de Cody<\/h1>\n<div class=\"elementor-widget-container\">\n<p>Chez Cody, nous croyons au pouvoir de la collaboration et sommes toujours pr\u00eats \u00e0 explorer de nouvelles possibilit\u00e9s de partenariat. Que vous soyez un m\u00e9dia, un influenceur ou que vous ayez une autre id\u00e9e g\u00e9niale sur la fa\u00e7on dont nous pourrions travailler ensemble, nous aimerions avoir de vos nouvelles !<\/p>\n<p>[\/vc_column_text][\/vc_column_inner][\/vc_row_inner][vc_empty_space height=&#8221;90px&#8221; el_class=&#8221;show-for-large&#8221;][vc_empty_space height=&#8221;45px&#8221; el_class=&#8221;hide-for-large&#8221;][vc_row_inner el_class=&#8221;row no-padding-vc&#8221;][vc_column_inner][vc_column_text el_class=&#8221;text-center&#8221;]\n<div class=\"wpcf7 no-js\" id=\"wpcf7-f192-o1\" lang=\"en-US\" dir=\"ltr\">\n<div class=\"screen-reader-response\"><p role=\"status\" aria-live=\"polite\" aria-atomic=\"true\"><\/p> <ul><\/ul><\/div>\n<form action=\"\/fr\/wp-json\/wp\/v2\/pages\/26760#wpcf7-f192-o1\" method=\"post\" class=\"wpcf7-form init\" aria-label=\"Contact form\" novalidate=\"novalidate\" data-status=\"init\">\n<div style=\"display: none;\">\n<input type=\"hidden\" name=\"_wpcf7\" value=\"192\" \/>\n<input type=\"hidden\" name=\"_wpcf7_version\" value=\"5.9.6\" \/>\n<input type=\"hidden\" name=\"_wpcf7_locale\" value=\"en_US\" \/>\n<input type=\"hidden\" name=\"_wpcf7_unit_tag\" value=\"wpcf7-f192-o1\" \/>\n<input type=\"hidden\" name=\"_wpcf7_container_post\" value=\"0\" \/>\n<input type=\"hidden\" name=\"_wpcf7_posted_data_hash\" value=\"\" \/>\n<\/div>\n<div class=\"row\">\n\t<div class=\"columns small-12 xlarge-6\">\n\t\t<p><span class=\"wpcf7-form-control-wrap\" data-name=\"full-name\"><input size=\"40\" maxlength=\"80\" class=\"wpcf7-form-control wpcf7-text wpcf7-validates-as-required\" aria-required=\"true\" aria-invalid=\"false\" placeholder=\"Full Name*\" value=\"\" type=\"text\" name=\"full-name\" \/><\/span>\n\t\t<\/p>\n\t<\/div>\n\t<div class=\"columns small-12 xlarge-6\">\n\t\t<p><span class=\"wpcf7-form-control-wrap\" data-name=\"email\"><input size=\"40\" maxlength=\"80\" class=\"wpcf7-form-control wpcf7-email wpcf7-validates-as-required wpcf7-text wpcf7-validates-as-email\" aria-required=\"true\" aria-invalid=\"false\" placeholder=\"Email*\" value=\"\" type=\"email\" name=\"email\" \/><\/span>\n\t\t<\/p>\n\t<\/div>\n<\/div>\n<div class=\"row\">\n\t<div class=\"columns small-12 xlarge-6\">\n\t\t<p><span class=\"wpcf7-form-control-wrap\" data-name=\"company-name\"><input size=\"40\" maxlength=\"80\" class=\"wpcf7-form-control wpcf7-text wpcf7-validates-as-required\" aria-required=\"true\" aria-invalid=\"false\" placeholder=\"Company Name\" value=\"\" type=\"text\" name=\"company-name\" \/><\/span>\n\t\t<\/p>\n\t<\/div>\n\t<div class=\"columns small-12 xlarge-6\">\n\t\t<p><span class=\"wpcf7-form-control-wrap\" data-name=\"mobile-phone\"><input size=\"40\" maxlength=\"80\" class=\"wpcf7-form-control wpcf7-text wpcf7-validates-as-required codesm-phone-field\" aria-required=\"true\" aria-invalid=\"false\" placeholder=\"Phone*\" value=\"\" type=\"text\" name=\"mobile-phone\" \/><\/span>\n\t\t<\/p>\n\t<\/div>\n<\/div>\n<div class=\"row\">\n\t<div class=\"columns small-12 xlarge-6\">\n\t\t<p><span class=\"wpcf7-form-control-wrap\" data-name=\"team-size\"><input size=\"40\" maxlength=\"80\" class=\"wpcf7-form-control wpcf7-text wpcf7-validates-as-required\" aria-required=\"true\" aria-invalid=\"false\" placeholder=\"Team Size\" value=\"\" type=\"text\" name=\"team-size\" \/><\/span>\n\t\t<\/p>\n\t<\/div>\n\t<div class=\"columns small-12 xlarge-6\">\n\t\t<p><span class=\"wpcf7-form-control-wrap\" data-name=\"website\"><input size=\"40\" maxlength=\"80\" class=\"wpcf7-form-control wpcf7-text wpcf7-validates-as-required\" aria-required=\"true\" aria-invalid=\"false\" placeholder=\"Website\" value=\"\" type=\"text\" name=\"website\" \/><\/span>\n\t\t<\/p>\n\t<\/div>\n<\/div>\n<div class=\"row\">\n\t<div class=\"columns small-12 xlarge-12\">\n\t\t<p><span class=\"wpcf7-form-control-wrap\" data-name=\"message\"><textarea cols=\"40\" rows=\"4\" maxlength=\"400\" class=\"wpcf7-form-control wpcf7-textarea\" aria-invalid=\"false\" placeholder=\"Tell us about your use case...\" name=\"message\"><\/textarea><\/span>\n\t\t<\/p>\n\t<\/div>\n<\/div>\n<div class=\"show-for-large\" style=\"height: 60px\">\n<\/div>\n<div class=\"hide-for-large\" style=\"height: 30px\">\n<\/div>\n<div class=\"row\">\n\t<div class=\"columns small-12 xlarge-12 text-center\">\n\t\t<p><span id=\"wpcf7-69d9dd5e589bb-wrapper\" class=\"wpcf7-form-control-wrap email-confirm-wrap\" style=\"display:none !important; visibility:hidden !important;\"><label for=\"wpcf7-69d9dd5e589bb-field\" class=\"hp-message\">Please leave this field empty.<\/label><input id=\"wpcf7-69d9dd5e589bb-field\"  class=\"wpcf7-form-control wpcf7-text\" type=\"text\" name=\"email-confirm\" value=\"\" size=\"40\" tabindex=\"-1\" autocomplete=\"new-password\" \/><\/span><button type=\"submit\" class=\"button no-margin-bottom\"><span>Submit<\/span><\/button>\n\t\t<\/p>\n\t<\/div>\n<\/div><div class=\"wpcf7-response-output\" aria-hidden=\"true\"><\/div>\n<\/form>\n<\/div>\n[\/vc_column_text][\/vc_column_inner][\/vc_row_inner][vc_empty_space height=&#8221;90px&#8221; el_class=&#8221;show-for-large&#8221;][vc_empty_space height=&#8221;45px&#8221; el_class=&#8221;hide-for-large&#8221;][\/vc_column][\/vc_row][\/vc_section]<\/p>\n<\/div>\n<\/div>\n<\/div>\n<\/div>\n<\/div>\n<\/section>\n<\/div>","protected":false},"excerpt":{"rendered":"<p>[vc_section el_id=&#8221;pricing-section_0&#8243;][vc_row][vc_column][vc_empty_space height=&#8221;90px&#8221; el_class=&#8221;show-for-large&#8221;][vc_empty_space height=&#8221;90px&#8221; el_class=&#8221;hide-for-large&#8221;][vc_row_inner el_class=&#8221;row no-padding-vc&#8221;][vc_column_inner el_class=&#8221;columns large-8 large-offset-2&#8243;][vc_column_text el_class=&#8221;text-center&#8221;] Affili\u00e9s Rejoignez Cody Affiliates et recevez une commission de 20% sur tous les paiements effectu\u00e9s au cours des 12 premiers mois pour les clients payants que vous recommandez \u00e0 meetcody.ai ! &nbsp; Commencer \u00e0 gagner de l&#8217;argent &nbsp; Partenaire de Cody Chez Cody,<a class=\"excerpt-read-more\" href=\"https:\/\/meetcody.ai\/fr\/affilies\/\" title=\"ReadAffili\u00e9s\">&#8230; Read more &raquo;<\/a><\/p>\n","protected":false},"author":1,"featured_media":0,"parent":0,"menu_order":0,"comment_status":"closed","ping_status":"closed","template":"template-visual-builder.php","meta":{"_acf_changed":false,"inline_featured_image":false,"footnotes":""},"class_list":["post-26760","page","type-page","status-publish","hentry"],"acf":[],"yoast_head":"<!-- This site is optimized with the Yoast SEO Premium plugin v21.8 (Yoast SEO v24.2) - https:\/\/yoast.com\/wordpress\/plugins\/seo\/ -->\n<title>Affili\u00e9s - Cody - The AI Trained on Your Business<\/title>\n<meta name=\"robots\" content=\"index, follow, max-snippet:-1, max-image-preview:large, max-video-preview:-1\" \/>\n<link rel=\"canonical\" href=\"https:\/\/meetcody.ai\/fr\/affilies\/\" \/>\n<meta property=\"og:locale\" content=\"fr_FR\" \/>\n<meta property=\"og:type\" content=\"article\" \/>\n<meta property=\"og:title\" content=\"Affili\u00e9s\" \/>\n<meta property=\"og:description\" content=\"[vc_section el_id=&#8221;pricing-section_0&#8243;][vc_row][vc_column][vc_empty_space height=&#8221;90px&#8221; el_class=&#8221;show-for-large&#8221;][vc_empty_space height=&#8221;90px&#8221; el_class=&#8221;hide-for-large&#8221;][vc_row_inner el_class=&#8221;row no-padding-vc&#8221;][vc_column_inner el_class=&#8221;columns large-8 large-offset-2&#8243;][vc_column_text el_class=&#8221;text-center&#8221;] Affili\u00e9s Rejoignez Cody Affiliates et recevez une commission de 20% sur tous les paiements effectu\u00e9s au cours des 12 premiers mois pour les clients payants que vous recommandez \u00e0 meetcody.ai ! &nbsp; Commencer \u00e0 gagner de l&#8217;argent &nbsp; Partenaire de Cody Chez Cody,... Read more &raquo;\" \/>\n<meta property=\"og:url\" content=\"https:\/\/meetcody.ai\/fr\/affilies\/\" \/>\n<meta property=\"og:site_name\" content=\"Cody - The AI Trained on Your Business\" \/>\n<meta property=\"article:modified_time\" content=\"2023-06-16T14:46:20+00:00\" \/>\n<meta property=\"og:image\" content=\"https:\/\/meetcody.ai\/wp-content\/uploads\/2023\/02\/grid_0-2.png\" \/>\n\t<meta property=\"og:image:width\" content=\"1536\" \/>\n\t<meta property=\"og:image:height\" content=\"1024\" \/>\n\t<meta property=\"og:image:type\" content=\"image\/png\" \/>\n<meta name=\"twitter:card\" content=\"summary_large_image\" \/>\n<meta name=\"twitter:site\" content=\"@meetcodyai\" \/>\n<meta name=\"twitter:label1\" content=\"Est. reading time\" \/>\n\t<meta name=\"twitter:data1\" content=\"1 minute\" \/>\n<script type=\"application\/ld+json\" class=\"yoast-schema-graph\">{\"@context\":\"https:\/\/schema.org\",\"@graph\":[{\"@type\":\"WebPage\",\"@id\":\"https:\/\/meetcody.ai\/fr\/affilies\/\",\"url\":\"https:\/\/meetcody.ai\/fr\/affilies\/\",\"name\":\"Affili\u00e9s - Cody - The AI Trained on Your Business\",\"isPartOf\":{\"@id\":\"https:\/\/meetcody.ai\/#website\"},\"datePublished\":\"2023-06-10T19:55:39+00:00\",\"dateModified\":\"2023-06-16T14:46:20+00:00\",\"breadcrumb\":{\"@id\":\"https:\/\/meetcody.ai\/fr\/affilies\/#breadcrumb\"},\"inLanguage\":\"fr-FR\",\"potentialAction\":[{\"@type\":\"ReadAction\",\"target\":[\"https:\/\/meetcody.ai\/fr\/affilies\/\"]}]},{\"@type\":\"BreadcrumbList\",\"@id\":\"https:\/\/meetcody.ai\/fr\/affilies\/#breadcrumb\",\"itemListElement\":[{\"@type\":\"ListItem\",\"position\":1,\"name\":\"Home\",\"item\":\"https:\/\/meetcody.ai\/fr\/home-v2\/\"},{\"@type\":\"ListItem\",\"position\":2,\"name\":\"Affili\u00e9s\"}]},{\"@type\":\"WebSite\",\"@id\":\"https:\/\/meetcody.ai\/#website\",\"url\":\"https:\/\/meetcody.ai\/\",\"name\":\"Cody AI - The AI Trained on Your Business\",\"description\":\"AI Powered Knowledge Base for Employees\",\"publisher\":{\"@id\":\"https:\/\/meetcody.ai\/#organization\"},\"potentialAction\":[{\"@type\":\"SearchAction\",\"target\":{\"@type\":\"EntryPoint\",\"urlTemplate\":\"https:\/\/meetcody.ai\/?s={search_term_string}\"},\"query-input\":{\"@type\":\"PropertyValueSpecification\",\"valueRequired\":true,\"valueName\":\"search_term_string\"}}],\"inLanguage\":\"fr-FR\"},{\"@type\":\"Organization\",\"@id\":\"https:\/\/meetcody.ai\/#organization\",\"name\":\"Cody AI - The AI Trained on Your Business\",\"url\":\"https:\/\/meetcody.ai\/\",\"logo\":{\"@type\":\"ImageObject\",\"inLanguage\":\"fr-FR\",\"@id\":\"https:\/\/meetcody.ai\/#\/schema\/logo\/image\/\",\"url\":\"https:\/\/meetcody.ai\/wp-content\/uploads\/2023\/05\/logo-codyai.svg\",\"contentUrl\":\"https:\/\/meetcody.ai\/wp-content\/uploads\/2023\/05\/logo-codyai.svg\",\"width\":\"1024\",\"height\":\"1024\",\"caption\":\"Cody AI - The AI Trained on Your Business\"},\"image\":{\"@id\":\"https:\/\/meetcody.ai\/#\/schema\/logo\/image\/\"},\"sameAs\":[\"https:\/\/x.com\/meetcodyai\",\"https:\/\/discord.com\/invite\/jXEVDcFxqs\"]}]}<\/script>\n<!-- \/ Yoast SEO Premium plugin. -->","yoast_head_json":{"title":"Affili\u00e9s - Cody - The AI Trained on Your Business","robots":{"index":"index","follow":"follow","max-snippet":"max-snippet:-1","max-image-preview":"max-image-preview:large","max-video-preview":"max-video-preview:-1"},"canonical":"https:\/\/meetcody.ai\/fr\/affilies\/","og_locale":"fr_FR","og_type":"article","og_title":"Affili\u00e9s","og_description":"[vc_section el_id=&#8221;pricing-section_0&#8243;][vc_row][vc_column][vc_empty_space height=&#8221;90px&#8221; el_class=&#8221;show-for-large&#8221;][vc_empty_space height=&#8221;90px&#8221; el_class=&#8221;hide-for-large&#8221;][vc_row_inner el_class=&#8221;row no-padding-vc&#8221;][vc_column_inner el_class=&#8221;columns large-8 large-offset-2&#8243;][vc_column_text el_class=&#8221;text-center&#8221;] Affili\u00e9s Rejoignez Cody Affiliates et recevez une commission de 20% sur tous les paiements effectu\u00e9s au cours des 12 premiers mois pour les clients payants que vous recommandez \u00e0 meetcody.ai ! &nbsp; Commencer \u00e0 gagner de l&#8217;argent &nbsp; Partenaire de Cody Chez Cody,... Read more &raquo;","og_url":"https:\/\/meetcody.ai\/fr\/affilies\/","og_site_name":"Cody - The AI Trained on Your Business","article_modified_time":"2023-06-16T14:46:20+00:00","og_image":[{"width":1536,"height":1024,"url":"https:\/\/meetcody.ai\/wp-content\/uploads\/2023\/02\/grid_0-2.png","type":"image\/png"}],"twitter_card":"summary_large_image","twitter_site":"@meetcodyai","twitter_misc":{"Est. reading time":"1 minute"},"schema":{"@context":"https:\/\/schema.org","@graph":[{"@type":"WebPage","@id":"https:\/\/meetcody.ai\/fr\/affilies\/","url":"https:\/\/meetcody.ai\/fr\/affilies\/","name":"Affili\u00e9s - Cody - The AI Trained on Your Business","isPartOf":{"@id":"https:\/\/meetcody.ai\/#website"},"datePublished":"2023-06-10T19:55:39+00:00","dateModified":"2023-06-16T14:46:20+00:00","breadcrumb":{"@id":"https:\/\/meetcody.ai\/fr\/affilies\/#breadcrumb"},"inLanguage":"fr-FR","potentialAction":[{"@type":"ReadAction","target":["https:\/\/meetcody.ai\/fr\/affilies\/"]}]},{"@type":"BreadcrumbList","@id":"https:\/\/meetcody.ai\/fr\/affilies\/#breadcrumb","itemListElement":[{"@type":"ListItem","position":1,"name":"Home","item":"https:\/\/meetcody.ai\/fr\/home-v2\/"},{"@type":"ListItem","position":2,"name":"Affili\u00e9s"}]},{"@type":"WebSite","@id":"https:\/\/meetcody.ai\/#website","url":"https:\/\/meetcody.ai\/","name":"Cody AI - The AI Trained on Your Business","description":"AI Powered Knowledge Base for Employees","publisher":{"@id":"https:\/\/meetcody.ai\/#organization"},"potentialAction":[{"@type":"SearchAction","target":{"@type":"EntryPoint","urlTemplate":"https:\/\/meetcody.ai\/?s={search_term_string}"},"query-input":{"@type":"PropertyValueSpecification","valueRequired":true,"valueName":"search_term_string"}}],"inLanguage":"fr-FR"},{"@type":"Organization","@id":"https:\/\/meetcody.ai\/#organization","name":"Cody AI - The AI Trained on Your Business","url":"https:\/\/meetcody.ai\/","logo":{"@type":"ImageObject","inLanguage":"fr-FR","@id":"https:\/\/meetcody.ai\/#\/schema\/logo\/image\/","url":"https:\/\/meetcody.ai\/wp-content\/uploads\/2023\/05\/logo-codyai.svg","contentUrl":"https:\/\/meetcody.ai\/wp-content\/uploads\/2023\/05\/logo-codyai.svg","width":"1024","height":"1024","caption":"Cody AI - The AI Trained on Your Business"},"image":{"@id":"https:\/\/meetcody.ai\/#\/schema\/logo\/image\/"},"sameAs":["https:\/\/x.com\/meetcodyai","https:\/\/discord.com\/invite\/jXEVDcFxqs"]}]}},"_links":{"self":[{"href":"https:\/\/meetcody.ai\/fr\/wp-json\/wp\/v2\/pages\/26760","targetHints":{"allow":["GET"]}}],"collection":[{"href":"https:\/\/meetcody.ai\/fr\/wp-json\/wp\/v2\/pages"}],"about":[{"href":"https:\/\/meetcody.ai\/fr\/wp-json\/wp\/v2\/types\/page"}],"author":[{"embeddable":true,"href":"https:\/\/meetcody.ai\/fr\/wp-json\/wp\/v2\/users\/1"}],"replies":[{"embeddable":true,"href":"https:\/\/meetcody.ai\/fr\/wp-json\/wp\/v2\/comments?post=26760"}],"version-history":[{"count":1,"href":"https:\/\/meetcody.ai\/fr\/wp-json\/wp\/v2\/pages\/26760\/revisions"}],"predecessor-version":[{"id":26769,"href":"https:\/\/meetcody.ai\/fr\/wp-json\/wp\/v2\/pages\/26760\/revisions\/26769"}],"wp:attachment":[{"href":"https:\/\/meetcody.ai\/fr\/wp-json\/wp\/v2\/media?parent=26760"}],"curies":[{"name":"wp","href":"https:\/\/api.w.org\/{rel}","templated":true}]}}