{"id":26098,"date":"2023-04-20T11:58:54","date_gmt":"2023-04-20T11:58:54","guid":{"rendered":"https:\/\/meetcody.ai\/tarification\/"},"modified":"2025-11-13T09:05:56","modified_gmt":"2025-11-13T09:05:56","slug":"tarification","status":"publish","type":"page","link":"https:\/\/meetcody.ai\/fr\/tarification\/","title":{"rendered":"Tarification"},"content":{"rendered":"<div class=\"wpb-content-wrapper\"><p>[vc_section el_id=&#8221;pricing-section_0&#8243;][vc_row][vc_column][vc_empty_space height=&#8221;90px&#8221; el_class=&#8221;show-for-large&#8221;][vc_empty_space height=&#8221;90px&#8221; el_class=&#8221;hide-for-large&#8221;][vc_row_inner el_class=&#8221;row no-padding-vc&#8221;][vc_column_inner el_class=&#8221;columns large-8 large-offset-2&#8243;][vc_column_text el_class=&#8221;text-center&#8221;]<\/p>\n<h1 class=\"margin-bottom-1point5rem font-color-gradient page-heading\">Commencez gratuitement<\/h1>\n<section class=\"elementor-section elementor-top-section elementor-element elementor-element-3cb60ca elementor-section-boxed elementor-section-height-default elementor-section-height-default\" data-id=\"3cb60ca\" data-element_type=\"section\">\n<div class=\"elementor-container elementor-column-gap-default\">\n<div class=\"elementor-column elementor-col-100 elementor-top-column elementor-element elementor-element-8e0e96f\" data-id=\"8e0e96f\" data-element_type=\"column\">\n<div class=\"elementor-widget-wrap elementor-element-populated\">\n<div class=\"elementor-element elementor-element-18447c9 elementor-widget elementor-widget-text-editor\" data-id=\"18447c9\" data-element_type=\"widget\" data-widget_type=\"text-editor.default\">\n<div class=\"elementor-widget-container\">\n<p>Que vous utilisiez Cody \u00e0 des fins personnelles, avec une \u00e9quipe, ou que vous envisagiez de le fournir \u00e0 vos clients, nous avons un forfait pour vous.<\/p>\n<\/div>\n<\/div>\n<\/div>\n<\/div>\n<\/div>\n<\/section>\n<section class=\"elementor-section elementor-top-section elementor-element elementor-element-148b11e elementor-section-boxed elementor-section-height-default elementor-section-height-default\" data-id=\"148b11e\" data-element_type=\"section\">\n<div class=\"elementor-container elementor-column-gap-default\"><\/div>\n<\/section>\n<section class=\"elementor-section elementor-top-section elementor-element elementor-element-cf8b248 elementor-section-boxed elementor-section-height-default elementor-section-height-default\" data-id=\"cf8b248\" data-element_type=\"section\">\n<div id=\"dl_parallax_ele-cf8b248\" class=\"dl_parallax_ele-wrapper\"><\/div>\n<div class=\"elementor-container elementor-column-gap-default\">\n<div class=\"elementor-column elementor-col-100 elementor-top-column elementor-element elementor-element-3dc9101\" data-id=\"3dc9101\" data-element_type=\"column\">\n<div class=\"elementor-widget-wrap elementor-element-populated\">\n<div class=\"elementor-element elementor-element-5854acd elementor-widget elementor-widget-html\" data-id=\"5854acd\" data-element_type=\"widget\" data-widget_type=\"html.default\">\n<div class=\"elementor-widget-container\"><\/div>\n<\/div>\n<\/div>\n<\/div>\n<\/div>\n<\/section>\n<p>[\/vc_column_text][\/vc_column_inner][\/vc_row_inner][vc_empty_space height=&#8221;90px&#8221; el_class=&#8221;show-for-large&#8221;][vc_empty_space height=&#8221;45px&#8221; el_class=&#8221;hide-for-large&#8221;][\/vc_column][\/vc_row][\/vc_section][vc_section el_id=&#8221;pricing-section_1&#8243;][vc_row][vc_column][vc_empty_space height=&#8221;45px&#8221; el_class=&#8221;hide-for-large&#8221;][vc_row_inner el_class=&#8221;row no-padding-vc&#8221;][vc_column_inner width=&#8221;1\/3&#8243;][vc_empty_space height=&#8221;24px&#8221; el_class=&#8221;hide-for-large&#8221;][vc_column_text]<\/p>\n<div class=\"card bg-color-grayscale dark-border\">\n<p class=\"margin-bottom-0point5rem font-color-white\">De base<\/p>\n<h2 class=\" h1 margin-bottom-1point5rem font-color-gradient\">29 $\/mois<\/h2>\n<div class=\"border-bottom-secondary border-gradient margin-bottom-1point5rem\"><\/div>\n<ul class=\"no-bullet custom-bullets\">\n<li>2 500 cr\u00e9dits<\/li>\n<li>GPT-5 Mini<\/li>\n<li>3 membres de l&#8217;\u00e9quipe<\/li>\n<li>Journal de bord de 14 jours<\/li>\n<li>1 000 documents<\/li>\n<li>Int\u00e9grer le widget du site web<\/li>\n<li>Personnaliser le widget du site web<\/li>\n<li>API<\/li>\n<\/ul>\n<p><a class=\"button no-margin-bottom\" href=\"https:\/\/getcody.ai\/buy\/00g3d85fgb0VbQc3cd\"><br \/>\n<span class=\"small\">S&#8217;abonner<\/span><br \/>\n<\/a><\/p>\n<\/div>\n<p>[\/vc_column_text][\/vc_column_inner][vc_column_inner width=&#8221;1\/3&#8243;][vc_empty_space height=&#8221;24px&#8221; el_class=&#8221;hide-for-large&#8221;][vc_column_text]<\/p>\n<div class=\"card bg-color-grayscale dark-border\">\n<p class=\"margin-bottom-0point5rem font-color-white\">Prime<\/p>\n<h2 class=\" h1 margin-bottom-1point5rem font-color-gradient\">99 $\/mois<\/h2>\n<div class=\"border-bottom-secondary border-gradient margin-bottom-1point5rem\"><\/div>\n<ul class=\"no-bullet custom-bullets\">\n<li>10 000 cr\u00e9dits<\/li>\n<li>GPT 5 Mini<\/li>\n<li>GPT 5<\/li>\n<li>Claude 4 Sonnet<\/li>\n<li>10 membres de l&#8217;\u00e9quipe<\/li>\n<li class=\"whitespace-normal break-words\">Journal de bord de 30 jours<\/li>\n<li>10 000 documents<\/li>\n<li>10 000 pages de site web<\/li>\n<li>Crawler de site web<\/li>\n<li>Importations r\u00e9currentes de sites web (3 sites web)<\/li>\n<li>Int\u00e9grer le widget du site web (3 sites web)<\/li>\n<li>Personnaliser le widget du site web<\/li>\n<li>Supprimer la marque Cody sur le widget<\/li>\n<li>API<\/li>\n<\/ul>\n<p><a class=\"button no-margin-bottom\" href=\"https:\/\/getcody.ai\/buy\/fZe150cHIb0VaM8dQS\"><br \/>\n<span class=\"small\">S&#8217;abonner<\/span><br \/>\n<\/a><\/p>\n<\/div>\n<p>[\/vc_column_text][\/vc_column_inner][vc_column_inner width=&#8221;1\/3&#8243;][vc_empty_space height=&#8221;24px&#8221; el_class=&#8221;hide-for-large&#8221;][vc_column_text]<\/p>\n<div class=\"card bg-color-grayscale dark-border\">\n<p class=\"margin-bottom-0point5rem font-color-white\">Avanc\u00e9<\/p>\n<h2 class=\" h1 margin-bottom-1point5rem font-color-gradient\">249 $\/mois<\/h2>\n<div class=\"border-bottom-secondary border-gradient margin-bottom-1point5rem\"><\/div>\n<ul class=\"no-bullet custom-bullets\">\n<li>25 000 cr\u00e9dits<\/li>\n<li>GPT 5 Mini<\/li>\n<li>GPT 5<\/li>\n<li>Claude 4 Sonnet<\/li>\n<li>30 membres de l&#8217;\u00e9quipe<\/li>\n<li>Journal de bord de 90 jours<\/li>\n<li>25 000 pages de site web<\/li>\n<li>Crawler de site web<\/li>\n<li>Importations r\u00e9currentes de sites web (9 sites web)<\/li>\n<li>Int\u00e9grer un widget de site web (50 sites web)<\/li>\n<li>Personnaliser le widget du site web<\/li>\n<li>Supprimer la marque Cody sur le widget<\/li>\n<li>API<\/li>\n<\/ul>\n<p><a class=\"button no-margin-bottom\" href=\"https:\/\/getcody.ai\/buy\/5kAeVQazA7OJ1by28b\"><br \/>\n<span class=\"small\">S&#8217;abonner<\/span><br \/>\n<\/a><\/p>\n<\/div>\n<p>[\/vc_column_text][\/vc_column_inner][\/vc_row_inner][vc_empty_space height=&#8221;45px&#8221; el_class=&#8221;show-for-large&#8221;][vc_empty_space height=&#8221;24px&#8221; el_class=&#8221;hide-for-large&#8221;][\/vc_column][\/vc_row][\/vc_section][vc_section el_id=&#8221;pricing-section_2&#8243;][vc_row][vc_column][vc_empty_space height=&#8221;45px&#8221; el_class=&#8221;show-for-large&#8221;][vc_empty_space height=&#8221;24px&#8221; el_class=&#8221;hide-for-large&#8221;][vc_row_inner el_class=&#8221;row no-padding-vc&#8221;][vc_column_inner][vc_column_text el_class=&#8221;text-center&#8221;]<\/p>\n<h1 class=\"font-color-white no-margin-bottom\">Questions fr\u00e9quemment pos\u00e9es<\/h1>\n<p>[\/vc_column_text][\/vc_column_inner][\/vc_row_inner][vc_empty_space height=&#8221;90px&#8221; el_class=&#8221;show-for-large&#8221;][vc_empty_space height=&#8221;45px&#8221; el_class=&#8221;hide-for-large&#8221;][vc_row_inner el_class=&#8221;row no-padding-vc&#8221;][vc_column_inner el_class=&#8221;columns small-12 large-8 large-offset-2&#8243;][vc_raw_html]PHVsIGNsYXNzPSJhY2NvcmRpb24iIGRhdGEtYWNjb3JkaW9uPSIiIGRhdGEtYWxsb3ctYWxsLWNsb3NlZD0idHJ1ZSI+CiAgICA8bGkgY2xhc3M9ImFjY29yZGlvbi1pdGVtIGlzLWFjdGl2ZSIgZGF0YS1hY2NvcmRpb24taXRlbT0iIj4KICAgICAgICA8YSBocmVmPSIjIiBjbGFzcz0iYWNjb3JkaW9uLXRpdGxlIj4KICAgICAgICAgICAgPHAgY2xhc3M9Im5vLW1hcmdpbi1ib3R0b20gZXh0cmEtYmlnIGZvbnQtY29sb3Itd2hpdGUiPlF1J2VzdC1jZSBxdWUgQ29keSA\/PC9wPgogICAgICAgIDwvYT4KICAgICAgICA8ZGl2IGNsYXNzPSJhY2NvcmRpb24tY29udGVudCIgZGF0YS10YWItY29udGVudD0iIj4KICAgICAgICAgICAgPHAgY2xhc3M9Im5vLW1hcmdpbi1ib3R0b20gZm9udC1jb2xvci13aGl0ZSI+Q29keSBlc3QgdW4gZW1wbG95w6kgdmlydHVlbCBkb3TDqSBkJ0lBIHF1aSBwZXV0IGFpZGVyIHZvdHJlIGVudHJlcHJpc2UKIGRhbnMgZGl2ZXJzZXMgdMOiY2hlcywgY29tbWUgcsOpcG9uZHJlIMOgIGRlcyBxdWVzdGlvbnMsIGFjY29tcGxpciBkZXMgdMOiY2hlcywgaW50w6lncmVyIGRlIG5vdXZlYXV4IGVtcGxvecOpcywKIGZvdXJuaXIgdW5lIGFzc2lzdGFuY2UgZXQgdW4gZMOpcGFubmFnZSwgZXQgYXBwb3J0ZXIgZGUgbm91dmVsbGVzIGlkw6llcyBldCBkZSBub3V2ZWF1eCBwb2ludHMgZGUgdnVlLjwvcD4KICAgICAgICA8L2Rpdj4KICAgIDwvbGk+CiAgICA8bGkgY2xhc3M9ImFjY29yZGlvbi1pdGVtIiBkYXRhLWFjY29yZGlvbi1pdGVtPSIiPgogICAgICAgIDxhIGhyZWY9IiMiIGNsYXNzPSJhY2NvcmRpb24tdGl0bGUiPgogICAgICAgICAgICA8cCBjbGFzcz0ibm8tbWFyZ2luLWJvdHRvbSBleHRyYS1iaWcgZm9udC1jb2xvci13aGl0ZSI+Q29tbWVudCBmb25jdGlvbm5lIENvZHkgPzwvcD4KICAgICAgICA8L2E+CiAgICAgICAgPGRpdiBjbGFzcz0iYWNjb3JkaW9uLWNvbnRlbnQiIGRhdGEtdGFiLWNvbnRlbnQ9IiI+CiAgICAgICAgICAgIDxwIGNsYXNzPSJuby1tYXJnaW4tYm90dG9tIGZvbnQtY29sb3Itd2hpdGUiPkNvZHkgcmVjaGVyY2hlIHRvdXRlcyBsZXMgZG9ubsOpZXMgYWNjdW11bMOpZXMgc3VyIHZvdHJlIGVudHJlcHJpc2UsIHkgY29tcHJpcyBsZXMgYXJ0aWNsZXMKLCBsZXMgUG93ZXJQb2ludHMgZXQgbGVzIFBERiwgZXQgcmVjaGVyY2hlIGxlcyAxMCBkb2N1bWVudHMgbGVzIHBsdXMgcGVydGluZW50cyBwb3VyIGNyw6llciB1bmUgcsOpcG9uc2Ugw6AKIHZvdHJlIHF1ZXN0aW9uIGVuIHF1ZWxxdWVzIHNlY29uZGVzLjwvcD4KICAgICAgICA8L2Rpdj4KICAgIDwvbGk+CiAgICA8bGkgY2xhc3M9ImFjY29yZGlvbi1pdGVtIiBkYXRhLWFjY29yZGlvbi1pdGVtPSIiPgogICAgICAgIDxhIGhyZWY9IiMiIGNsYXNzPSJhY2NvcmRpb24tdGl0bGUiPgogICAgICAgICAgICA8cCBjbGFzcz0ibm8tbWFyZ2luLWJvdHRvbSBleHRyYS1iaWcgZm9udC1jb2xvci13aGl0ZSI+UHVpcy1qZSB0w6lsw6ljaGFyZ2VyIGRlcyBkb2N1bWVudHMgdmVycyBDb2R5ID88L3A+CiAgICAgICAgPC9hPgogICAgICAgIDxkaXYgY2xhc3M9ImFjY29yZGlvbi1jb250ZW50IiBkYXRhLXRhYi1jb250ZW50PSIiPgogICAgICAgICAgICA8cCBjbGFzcz0ibm8tbWFyZ2luLWJvdHRvbSBmb250LWNvbG9yLXdoaXRlIj5PdWksIHZvdXMgcG91dmV6IHTDqWzDqWNoYXJnZXIgZGlmZsOpcmVudHMgdHlwZXMgZGUgZG9jdW1lbnRzIHZlcnMgQ29keSwgdGVscyBxdWUKIFdvcmQsIFBvd2VyUG9pbnQgZXQgUERGLCBldCBDb2R5IGFwcHJlbmRyYSBpbnN0YW50YW7DqW1lbnQgdG91dGVzIGNlcyBpbmZvcm1hdGlvbnMgZXQgbGVzIHV0aWxpc2VyYSBwb3VyIGZvdXJuaXIKIGRlcyByw6lwb25zZXMgw6Agdm9zIHF1ZXN0aW9ucy48L3A+CiAgICAgICAgPC9kaXY+CiAgICA8L2xpPgogPGxpIGNsYXNzPSJhY2NvcmRpb24taXRlbSIgZGF0YS1hY2NvcmRpb24taXRlbT0iIj4KICAgICAgICA8YSBocmVmPSIjIiBjbGFzcz0iYWNjb3JkaW9uLXRpdGxlIj4KICAgICAgICAgICAgPHAgY2xhc3M9Im5vLW1hcmdpbi1ib3R0b20gZXh0cmEtYmlnIGZvbnQtY29sb3Itd2hpdGUiPlF1J2VzdC1jZSBxdSd1biBjcsOpZGl0ID8KICAgICAgICAgICAgPC9wPgogICAgICAgIDwvYT4KICAgICAgICA8ZGl2IGNsYXNzPSJhY2NvcmRpb24tY29udGVudCIgZGF0YS10YWItY29udGVudD4KICAgICAgICAgICAgPHAgY2xhc3M9Im5vLW1hcmdpbi1ib3R0b20gZm9udC1jb2xvci13aGl0ZSI+PHA+TGVzIGNyw6lkaXRzIG1lc3VyZW50IGwndXRpbGlzYXRpb24uIFBhciBleGVtcGxlIDo8L3A+CiAgICA8dWw+CiAgICAgICAgPGxpPlVuZSByZXF1w6p0ZSBHUFQgMy41IHV0aWxpc2UgMSBjcsOpZGl0LjwvbGk+CiAgICAgICAgPGxpPlVuZSByZXF1w6p0ZSBHUFQgMy41IDE2SyBuw6ljZXNzaXRlIDUgY3LDqWRpdHMuPC9saT4KICAgICAgICA8bGk+VW5lIHJlcXXDqnRlIEdQVCA0IGNvbnNvbW1lIDEwIGNyw6lkaXRzLjwvbGk+CiAgICA8L3VsPgogICAgPHA+Vm91cyBwb3V2ZXogc3VpdnJlIHZvdHJlIGNvbnNvbW1hdGlvbiBkZSBjcsOpZGl0IGVuIHRlbXBzIHLDqWVsIHNvdXMgbCc8ZW0+b25nbGV0ICJ1dGlsaXNhdGlvbjwvZW0+PC9wPgogICAgICAgIDwvZGl2PgogICAgPC9saT4KICAgIDxsaSBjbGFzcz0iYWNjb3JkaW9uLWl0ZW0iIGRhdGEtYWNjb3JkaW9uLWl0ZW09IiI+CiAgICAgICAgPGEgaHJlZj0iIyIgY2xhc3M9ImFjY29yZGlvbi10aXRsZSI+CiAgICAgICAgICAgIDxwIGNsYXNzPSJuby1tYXJnaW4tYm90dG9tIGV4dHJhLWJpZyBmb250LWNvbG9yLXdoaXRlIj5QdWlzLWplIGZvcm1lciBDb2R5IMOgIG1lcyBwcm9jZXNzdXMgY29tbWVyY2lhdXggc3DDqWNpZmlxdWVzID8KICAgICAgICAgICAgPC9wPgogICAgICAgIDwvYT4KICAgICAgICA8ZGl2IGNsYXNzPSJhY2NvcmRpb24tY29udGVudCIgZGF0YS10YWItY29udGVudD0iIj4KICAgICAgICAgICAgPHAgY2xhc3M9Im5vLW1hcmdpbi1ib3R0b20gZm9udC1jb2xvci13aGl0ZSI+T3VpLCB2b3VzIHBvdXZleiBmb3JtZXIgQ29keSDDoCB2b3MgcHJvY2Vzc3VzIGNvbW1lcmNpYXV4IHNww6ljaWZpcXVlcywKLCBjb21tZSBsYSBkb2N1bWVudGF0aW9uIGQnYXNzaXN0YW5jZSwgY2UgcXVpIHBlcm1ldCDDoCB2b3RyZSDDqXF1aXBlIGRlIHLDqXNvdWRyZSByYXBpZGVtZW50IHRvdXQgcHJvYmzDqG1lLjwvcD4KICAgICAgICA8L2Rpdj4KICAgIDwvbGk+CgogICAgPGxpIGNsYXNzPSJhY2NvcmRpb24taXRlbSIgZGF0YS1hY2NvcmRpb24taXRlbT0iIj4KICAgICAgICA8YSBocmVmPSIjIiBjbGFzcz0iYWNjb3JkaW9uLXRpdGxlIj4KICAgICAgICAgICAgPHAgY2xhc3M9Im5vLW1hcmdpbi1ib3R0b20gZXh0cmEtYmlnIGZvbnQtY29sb3Itd2hpdGUiPkNvZHkgcmVtcGxhY2UtdC1pbCBsZXMgZW1wbG95w6lzIGh1bWFpbnMgPzwvcD4KICAgICAgICA8L2E+CiAgICAgICAgPGRpdiBjbGFzcz0iYWNjb3JkaW9uLWNvbnRlbnQiIGRhdGEtdGFiLWNvbnRlbnQ9IiI+CiAgICAgICAgICAgIDxwIGNsYXNzPSJuby1tYXJnaW4tYm90dG9tIGZvbnQtY29sb3Itd2hpdGUiPk5vbiwgQ29keSBuZSByZW1wbGFjZSBwYXMgbGVzIGVtcGxvecOpcyBodW1haW5zLiBBdSBjb250cmFpcmUsCiBlc3QgY29uw6d1IHBvdXIgYXNzaXN0ZXIgZXQgcmVuZm9yY2VyIHZvdHJlIMOpcXVpcGUsIGVuIGx1aSBwZXJtZXR0YW50IGRlIHNlIGNvbmNlbnRyZXIgc3VyIGRlcyB0w6JjaGVzIHBsdXMgaW1wb3J0YW50ZXMgZXQgZGUgdHJhdmFpbGxlciBwbHVzIGVmZmljYWNlbWVudCBzdXIKLjwvcD4KICAgICAgICA8L2Rpdj4KICAgIDwvbGk+CgoKCjwvdWw+[\/vc_raw_html][\/vc_column_inner][\/vc_row_inner][vc_empty_space height=&#8221;90px&#8221; el_class=&#8221;show-for-large&#8221;][vc_empty_space height=&#8221;45px&#8221; el_class=&#8221;hide-for-large&#8221;][\/vc_column][\/vc_row][\/vc_section][vc_section el_id=&#8221;pricing-section_3&#8243;][vc_row][vc_column][vc_empty_space height=&#8221;45px&#8221; el_class=&#8221;hide-for-large&#8221;][vc_row_inner el_class=&#8221;row no-padding-vc animated-gradient-bg has-semirounded-border&#8221;][vc_column_inner el_class=&#8221;columns small-12 large-10 large-offset-1&#8243;][vc_empty_space height=&#8221;100px&#8221;][vc_column_text el_class=&#8221;text-center&#8221;]<\/p>\n<h2 class=\"font-color-white margin-bottom-2point5rem h1\">D\u00e9marrer gratuitement avec un compte personnel<\/h2>\n<p>Recevez 100 cr\u00e9dits par mois, 100 documents et un widget gratuit pour votre site web.<\/p>\n<p><a class=\"button header-button no-margin-bottom\" style=\"max-width: 320px;\" href=\"https:\/\/getcody.ai\/auth\/signup\" target=\"_blank\" rel=\"noopener\"><span class=\"\">Cr\u00e9ez votre IA personnalis\u00e9e<\/span><\/a>[\/vc_column_text][vc_empty_space height=&#8221;100px&#8221;][\/vc_column_inner][\/vc_row_inner][vc_empty_space height=&#8221;90px&#8221; el_class=&#8221;show-for-large&#8221;][vc_empty_space height=&#8221;45px&#8221; el_class=&#8221;hide-for-large&#8221;][\/vc_column][\/vc_row][\/vc_section]<\/p>\n<\/div>","protected":false},"excerpt":{"rendered":"<p>[vc_section el_id=&#8221;pricing-section_0&#8243;][vc_row][vc_column][vc_empty_space height=&#8221;90px&#8221; el_class=&#8221;show-for-large&#8221;][vc_empty_space height=&#8221;90px&#8221; el_class=&#8221;hide-for-large&#8221;][vc_row_inner el_class=&#8221;row no-padding-vc&#8221;][vc_column_inner el_class=&#8221;columns large-8 large-offset-2&#8243;][vc_column_text el_class=&#8221;text-center&#8221;] Commencez gratuitement Que vous utilisiez Cody \u00e0 des fins personnelles, avec une \u00e9quipe, ou que vous envisagiez de le fournir \u00e0 vos clients, nous avons un forfait pour vous. [\/vc_column_text][\/vc_column_inner][\/vc_row_inner][vc_empty_space height=&#8221;90px&#8221; el_class=&#8221;show-for-large&#8221;][vc_empty_space height=&#8221;45px&#8221; el_class=&#8221;hide-for-large&#8221;][\/vc_column][\/vc_row][\/vc_section][vc_section el_id=&#8221;pricing-section_1&#8243;][vc_row][vc_column][vc_empty_space height=&#8221;45px&#8221; el_class=&#8221;hide-for-large&#8221;][vc_row_inner el_class=&#8221;row no-padding-vc&#8221;][vc_column_inner width=&#8221;1\/3&#8243;][vc_empty_space height=&#8221;24px&#8221; el_class=&#8221;hide-for-large&#8221;][vc_column_text] De<a class=\"excerpt-read-more\" href=\"https:\/\/meetcody.ai\/fr\/tarification\/\" title=\"ReadTarification\">&#8230; Read more &raquo;<\/a><\/p>\n","protected":false},"author":1,"featured_media":0,"parent":0,"menu_order":0,"comment_status":"closed","ping_status":"closed","template":"template-visual-builder.php","meta":{"_acf_changed":false,"inline_featured_image":false,"footnotes":""},"class_list":["post-26098","page","type-page","status-publish","hentry"],"acf":[],"yoast_head":"<!-- This site is optimized with the Yoast SEO Premium plugin v21.8 (Yoast SEO v24.2) - https:\/\/yoast.com\/wordpress\/plugins\/seo\/ -->\n<title>Tarification - Cody - The AI Trained on Your Business<\/title>\n<meta name=\"robots\" content=\"index, follow, max-snippet:-1, max-image-preview:large, max-video-preview:-1\" \/>\n<link rel=\"canonical\" href=\"https:\/\/meetcody.ai\/fr\/tarification\/\" \/>\n<meta property=\"og:locale\" content=\"fr_FR\" \/>\n<meta property=\"og:type\" content=\"article\" \/>\n<meta property=\"og:title\" content=\"Tarification\" \/>\n<meta property=\"og:description\" content=\"[vc_section el_id=&#8221;pricing-section_0&#8243;][vc_row][vc_column][vc_empty_space height=&#8221;90px&#8221; el_class=&#8221;show-for-large&#8221;][vc_empty_space height=&#8221;90px&#8221; el_class=&#8221;hide-for-large&#8221;][vc_row_inner el_class=&#8221;row no-padding-vc&#8221;][vc_column_inner el_class=&#8221;columns large-8 large-offset-2&#8243;][vc_column_text el_class=&#8221;text-center&#8221;] Commencez gratuitement Que vous utilisiez Cody \u00e0 des fins personnelles, avec une \u00e9quipe, ou que vous envisagiez de le fournir \u00e0 vos clients, nous avons un forfait pour vous. [\/vc_column_text][\/vc_column_inner][\/vc_row_inner][vc_empty_space height=&#8221;90px&#8221; el_class=&#8221;show-for-large&#8221;][vc_empty_space height=&#8221;45px&#8221; el_class=&#8221;hide-for-large&#8221;][\/vc_column][\/vc_row][\/vc_section][vc_section el_id=&#8221;pricing-section_1&#8243;][vc_row][vc_column][vc_empty_space height=&#8221;45px&#8221; el_class=&#8221;hide-for-large&#8221;][vc_row_inner el_class=&#8221;row no-padding-vc&#8221;][vc_column_inner width=&#8221;1\/3&#8243;][vc_empty_space height=&#8221;24px&#8221; el_class=&#8221;hide-for-large&#8221;][vc_column_text] De... Read more &raquo;\" \/>\n<meta property=\"og:url\" content=\"https:\/\/meetcody.ai\/fr\/tarification\/\" \/>\n<meta property=\"og:site_name\" content=\"Cody - The AI Trained on Your Business\" \/>\n<meta property=\"article:modified_time\" content=\"2025-11-13T09:05:56+00:00\" \/>\n<meta property=\"og:image\" content=\"https:\/\/meetcody.ai\/wp-content\/uploads\/2023\/02\/grid_0-2.png\" \/>\n\t<meta property=\"og:image:width\" content=\"1536\" \/>\n\t<meta property=\"og:image:height\" content=\"1024\" \/>\n\t<meta property=\"og:image:type\" content=\"image\/png\" \/>\n<meta name=\"twitter:card\" content=\"summary_large_image\" \/>\n<meta name=\"twitter:site\" content=\"@meetcodyai\" \/>\n<meta name=\"twitter:label1\" content=\"Est. reading time\" \/>\n\t<meta name=\"twitter:data1\" content=\"6 minutes\" \/>\n<script type=\"application\/ld+json\" class=\"yoast-schema-graph\">{\"@context\":\"https:\/\/schema.org\",\"@graph\":[{\"@type\":\"WebPage\",\"@id\":\"https:\/\/meetcody.ai\/fr\/tarification\/\",\"url\":\"https:\/\/meetcody.ai\/fr\/tarification\/\",\"name\":\"Tarification - Cody - The AI Trained on Your Business\",\"isPartOf\":{\"@id\":\"https:\/\/meetcody.ai\/#website\"},\"datePublished\":\"2023-04-20T11:58:54+00:00\",\"dateModified\":\"2025-11-13T09:05:56+00:00\",\"breadcrumb\":{\"@id\":\"https:\/\/meetcody.ai\/fr\/tarification\/#breadcrumb\"},\"inLanguage\":\"fr-FR\",\"potentialAction\":[{\"@type\":\"ReadAction\",\"target\":[\"https:\/\/meetcody.ai\/fr\/tarification\/\"]}]},{\"@type\":\"BreadcrumbList\",\"@id\":\"https:\/\/meetcody.ai\/fr\/tarification\/#breadcrumb\",\"itemListElement\":[{\"@type\":\"ListItem\",\"position\":1,\"name\":\"Home\",\"item\":\"https:\/\/meetcody.ai\/fr\/home-v2\/\"},{\"@type\":\"ListItem\",\"position\":2,\"name\":\"Tarification\"}]},{\"@type\":\"WebSite\",\"@id\":\"https:\/\/meetcody.ai\/#website\",\"url\":\"https:\/\/meetcody.ai\/\",\"name\":\"Cody AI - The AI Trained on Your Business\",\"description\":\"AI Powered Knowledge Base for Employees\",\"publisher\":{\"@id\":\"https:\/\/meetcody.ai\/#organization\"},\"potentialAction\":[{\"@type\":\"SearchAction\",\"target\":{\"@type\":\"EntryPoint\",\"urlTemplate\":\"https:\/\/meetcody.ai\/?s={search_term_string}\"},\"query-input\":{\"@type\":\"PropertyValueSpecification\",\"valueRequired\":true,\"valueName\":\"search_term_string\"}}],\"inLanguage\":\"fr-FR\"},{\"@type\":\"Organization\",\"@id\":\"https:\/\/meetcody.ai\/#organization\",\"name\":\"Cody AI - The AI Trained on Your Business\",\"url\":\"https:\/\/meetcody.ai\/\",\"logo\":{\"@type\":\"ImageObject\",\"inLanguage\":\"fr-FR\",\"@id\":\"https:\/\/meetcody.ai\/#\/schema\/logo\/image\/\",\"url\":\"https:\/\/meetcody.ai\/wp-content\/uploads\/2023\/05\/logo-codyai.svg\",\"contentUrl\":\"https:\/\/meetcody.ai\/wp-content\/uploads\/2023\/05\/logo-codyai.svg\",\"width\":\"1024\",\"height\":\"1024\",\"caption\":\"Cody AI - The AI Trained on Your Business\"},\"image\":{\"@id\":\"https:\/\/meetcody.ai\/#\/schema\/logo\/image\/\"},\"sameAs\":[\"https:\/\/x.com\/meetcodyai\",\"https:\/\/discord.com\/invite\/jXEVDcFxqs\"]}]}<\/script>\n<!-- \/ Yoast SEO Premium plugin. -->","yoast_head_json":{"title":"Tarification - Cody - The AI Trained on Your Business","robots":{"index":"index","follow":"follow","max-snippet":"max-snippet:-1","max-image-preview":"max-image-preview:large","max-video-preview":"max-video-preview:-1"},"canonical":"https:\/\/meetcody.ai\/fr\/tarification\/","og_locale":"fr_FR","og_type":"article","og_title":"Tarification","og_description":"[vc_section el_id=&#8221;pricing-section_0&#8243;][vc_row][vc_column][vc_empty_space height=&#8221;90px&#8221; el_class=&#8221;show-for-large&#8221;][vc_empty_space height=&#8221;90px&#8221; el_class=&#8221;hide-for-large&#8221;][vc_row_inner el_class=&#8221;row no-padding-vc&#8221;][vc_column_inner el_class=&#8221;columns large-8 large-offset-2&#8243;][vc_column_text el_class=&#8221;text-center&#8221;] Commencez gratuitement Que vous utilisiez Cody \u00e0 des fins personnelles, avec une \u00e9quipe, ou que vous envisagiez de le fournir \u00e0 vos clients, nous avons un forfait pour vous. [\/vc_column_text][\/vc_column_inner][\/vc_row_inner][vc_empty_space height=&#8221;90px&#8221; el_class=&#8221;show-for-large&#8221;][vc_empty_space height=&#8221;45px&#8221; el_class=&#8221;hide-for-large&#8221;][\/vc_column][\/vc_row][\/vc_section][vc_section el_id=&#8221;pricing-section_1&#8243;][vc_row][vc_column][vc_empty_space height=&#8221;45px&#8221; el_class=&#8221;hide-for-large&#8221;][vc_row_inner el_class=&#8221;row no-padding-vc&#8221;][vc_column_inner width=&#8221;1\/3&#8243;][vc_empty_space height=&#8221;24px&#8221; el_class=&#8221;hide-for-large&#8221;][vc_column_text] De... Read more &raquo;","og_url":"https:\/\/meetcody.ai\/fr\/tarification\/","og_site_name":"Cody - The AI Trained on Your Business","article_modified_time":"2025-11-13T09:05:56+00:00","og_image":[{"width":1536,"height":1024,"url":"https:\/\/meetcody.ai\/wp-content\/uploads\/2023\/02\/grid_0-2.png","type":"image\/png"}],"twitter_card":"summary_large_image","twitter_site":"@meetcodyai","twitter_misc":{"Est. reading time":"6 minutes"},"schema":{"@context":"https:\/\/schema.org","@graph":[{"@type":"WebPage","@id":"https:\/\/meetcody.ai\/fr\/tarification\/","url":"https:\/\/meetcody.ai\/fr\/tarification\/","name":"Tarification - Cody - The AI Trained on Your Business","isPartOf":{"@id":"https:\/\/meetcody.ai\/#website"},"datePublished":"2023-04-20T11:58:54+00:00","dateModified":"2025-11-13T09:05:56+00:00","breadcrumb":{"@id":"https:\/\/meetcody.ai\/fr\/tarification\/#breadcrumb"},"inLanguage":"fr-FR","potentialAction":[{"@type":"ReadAction","target":["https:\/\/meetcody.ai\/fr\/tarification\/"]}]},{"@type":"BreadcrumbList","@id":"https:\/\/meetcody.ai\/fr\/tarification\/#breadcrumb","itemListElement":[{"@type":"ListItem","position":1,"name":"Home","item":"https:\/\/meetcody.ai\/fr\/home-v2\/"},{"@type":"ListItem","position":2,"name":"Tarification"}]},{"@type":"WebSite","@id":"https:\/\/meetcody.ai\/#website","url":"https:\/\/meetcody.ai\/","name":"Cody AI - The AI Trained on Your Business","description":"AI Powered Knowledge Base for Employees","publisher":{"@id":"https:\/\/meetcody.ai\/#organization"},"potentialAction":[{"@type":"SearchAction","target":{"@type":"EntryPoint","urlTemplate":"https:\/\/meetcody.ai\/?s={search_term_string}"},"query-input":{"@type":"PropertyValueSpecification","valueRequired":true,"valueName":"search_term_string"}}],"inLanguage":"fr-FR"},{"@type":"Organization","@id":"https:\/\/meetcody.ai\/#organization","name":"Cody AI - The AI Trained on Your Business","url":"https:\/\/meetcody.ai\/","logo":{"@type":"ImageObject","inLanguage":"fr-FR","@id":"https:\/\/meetcody.ai\/#\/schema\/logo\/image\/","url":"https:\/\/meetcody.ai\/wp-content\/uploads\/2023\/05\/logo-codyai.svg","contentUrl":"https:\/\/meetcody.ai\/wp-content\/uploads\/2023\/05\/logo-codyai.svg","width":"1024","height":"1024","caption":"Cody AI - The AI Trained on Your Business"},"image":{"@id":"https:\/\/meetcody.ai\/#\/schema\/logo\/image\/"},"sameAs":["https:\/\/x.com\/meetcodyai","https:\/\/discord.com\/invite\/jXEVDcFxqs"]}]}},"_links":{"self":[{"href":"https:\/\/meetcody.ai\/fr\/wp-json\/wp\/v2\/pages\/26098","targetHints":{"allow":["GET"]}}],"collection":[{"href":"https:\/\/meetcody.ai\/fr\/wp-json\/wp\/v2\/pages"}],"about":[{"href":"https:\/\/meetcody.ai\/fr\/wp-json\/wp\/v2\/types\/page"}],"author":[{"embeddable":true,"href":"https:\/\/meetcody.ai\/fr\/wp-json\/wp\/v2\/users\/1"}],"replies":[{"embeddable":true,"href":"https:\/\/meetcody.ai\/fr\/wp-json\/wp\/v2\/comments?post=26098"}],"version-history":[{"count":40,"href":"https:\/\/meetcody.ai\/fr\/wp-json\/wp\/v2\/pages\/26098\/revisions"}],"predecessor-version":[{"id":62055,"href":"https:\/\/meetcody.ai\/fr\/wp-json\/wp\/v2\/pages\/26098\/revisions\/62055"}],"wp:attachment":[{"href":"https:\/\/meetcody.ai\/fr\/wp-json\/wp\/v2\/media?parent=26098"}],"curies":[{"name":"wp","href":"https:\/\/api.w.org\/{rel}","templated":true}]}}