{"id":26071,"date":"2023-04-25T08:34:14","date_gmt":"2023-04-25T08:34:14","guid":{"rendered":"https:\/\/meetcody.ai\/solutions-dentreprise-personnalisees-en-matiere-dia\/"},"modified":"2024-09-09T13:02:33","modified_gmt":"2024-09-09T13:02:33","slug":"solutions-dentreprise-personnalisees-en-matiere-dia","status":"publish","type":"page","link":"https:\/\/meetcody.ai\/fr\/solutions-dentreprise-personnalisees-en-matiere-dia\/","title":{"rendered":"Solutions personnalis\u00e9es d&#8217;IA pour les entreprises"},"content":{"rendered":"<div class=\"wpb-content-wrapper\"><p>[vc_section el_id=&#8221;enterprise-section_0&#8243;][vc_row][vc_column][vc_empty_space height=&#8221;90px&#8221; el_class=&#8221;show-for-large&#8221;][vc_empty_space height=&#8221;90px&#8221; el_class=&#8221;hide-for-large&#8221;][vc_row_inner el_class=&#8221;row no-padding-vc&#8221;][vc_column_inner el_class=&#8221;columns small-12 large-8 large-offset-2&#8243;][vc_column_text el_class=&#8221;text-center&#8221;]<\/p>\n<h1 class=\"margin-bottom-1point5rem font-color-gradient page-heading\">Solutions d&#8217;entreprise en mati\u00e8re d&#8217;IA<\/h1>\n<p class=\"font-color-white no-margin-bottom\">Lib\u00e9rez le potentiel des technologies d&#8217;IA de pointe pour r\u00e9volutionner les op\u00e9rations de votre entreprise gr\u00e2ce aux solutions compl\u00e8tes d&#8217;IA d&#8217;entreprise de Cody AI.<br \/>\nImaginez que vous puissiez augmenter la productivit\u00e9 de votre personnel gr\u00e2ce \u00e0 l&#8217;assistance de l&#8217;IA pour chaque t\u00e2che et chaque d\u00e9cision.<br \/>\nNotre plateforme s&#8217;appuie sur des mod\u00e8les linguistiques de pointe tels que Llama 3.1, Claude 3.5, GPT-4o, Gemini 1.5 et Mixtral-8x7B pour offrir une intelligence de type humain, ind\u00e9pendante de la plateforme, personnalisable et donnant la priorit\u00e9 \u00e0 la confidentialit\u00e9 des donn\u00e9es gr\u00e2ce \u00e0 une s\u00e9curit\u00e9 accrue bas\u00e9e sur les r\u00f4les.   En tirant parti des technologies de pointe en mati\u00e8re d&#8217;IA pour le d\u00e9bruitage, nous pouvons aider votre entreprise \u00e0 atteindre des niveaux d&#8217;efficacit\u00e9 et d&#8217;innovation in\u00e9gal\u00e9s.<\/p>\n<p>[\/vc_column_text][\/vc_column_inner][\/vc_row_inner][\/vc_column][\/vc_row][\/vc_section][vc_section el_id=&#8221;enterprise-section_1&#8243;][vc_row][vc_column][vc_empty_space height=&#8221;90px&#8221; el_class=&#8221;show-for-large&#8221;][vc_empty_space height=&#8221;45px&#8221; el_class=&#8221;hide-for-large&#8221;][vc_row_inner el_class=&#8221;row no-padding-vc&#8221;][vc_column_inner width=&#8221;1\/3&#8243;][vc_column_text el_class=&#8221;large-text-left text-center&#8221;]<\/p>\n<p class=\"margin-bottom-2rem\"><img loading=\"lazy\" decoding=\"async\" class=\"alignnone size-full wp-image-145\" src=\"\/wp-content\/uploads\/2023\/05\/enterprise-section_1-img_1-updated.svg\" alt=\"\" width=\"99\" height=\"90\"><\/p>\n<p class=\"margin-bottom-2rem extra-big font-color-white\">Efficacit\u00e9 et productivit\u00e9 accrues<\/p>\n<p class=\"no-margin-bottom font-color-white\">Les solutions de Cody AI stimulent l&#8217;efficacit\u00e9 et la productivit\u00e9 en automatisant les t\u00e2ches et en rationalisant les processus. Nos mod\u00e8les d&#8217;IA analysent les donn\u00e9es, g\u00e9n\u00e8rent des insights et fournissent des recommandations, permettant \u00e0 votre <a href=\"https:\/\/meetcody.ai\/fr\/blog\/ameliorer-le-travail-dequipe-grace-a-la-gestion-des-connaissances-basee-sur-lia\/\">\u00e9quipe de<\/a> se concentrer sur des initiatives strat\u00e9giques.<\/p>\n<p>[\/vc_column_text][vc_empty_space height=&#8221;24px&#8221; el_class=&#8221;hide-for-large&#8221;][\/vc_column_inner][vc_column_inner width=&#8221;1\/3&#8243;][vc_column_text el_class=&#8221;large-text-left text-center&#8221;]<\/p>\n<p class=\"margin-bottom-2rem\"><img loading=\"lazy\" decoding=\"async\" class=\"alignnone size-full wp-image-145\" src=\"\/wp-content\/uploads\/2023\/05\/enterprise-section_1-img_2-updated.svg\" alt=\"\" width=\"99\" height=\"90\"><\/p>\n<p class=\"margin-bottom-2rem extra-big font-color-white\">Des solutions d&#8217;IA personnalis\u00e9es pour les besoins uniques des entreprises<\/p>\n<p class=\"no-margin-bottom font-color-white\">Nous fournissons des mod\u00e8les et des solutions d&#8217;IA sur mesure qui r\u00e9pondent aux besoins sp\u00e9cifiques de votre entreprise et s&#8217;int\u00e8grent parfaitement \u00e0 vos syst\u00e8mes existants. Notre collaboration garantit que nos solutions d&#8217;IA s&#8217;adaptent \u00e0 l&#8217;\u00e9volution du paysage de votre entreprise.<\/p>\n<p>[\/vc_column_text][vc_empty_space height=&#8221;24px&#8221; el_class=&#8221;hide-for-large&#8221;][\/vc_column_inner][vc_column_inner width=&#8221;1\/3&#8243;][vc_column_text el_class=&#8221;large-text-left text-center&#8221;]<\/p>\n<p class=\"margin-bottom-2rem\"><img loading=\"lazy\" decoding=\"async\" class=\"alignnone size-full wp-image-145\" src=\"\/wp-content\/uploads\/2023\/05\/home-section_3-icon_1.svg\" alt=\"\" width=\"99\" height=\"90\"><\/p>\n<p class=\"margin-bottom-2rem extra-big font-color-white\">Expertise et soutien tout au long du parcours de l&#8217;IA<\/p>\n<p class=\"no-margin-bottom font-color-white\">Nos solutions d&#8217;IA d&#8217;entreprise de bout en bout comprennent le conseil, le d\u00e9veloppement, les tests, l&#8217;automatisation, le d\u00e9ploiement et la mise \u00e0 l&#8217;\u00e9chelle. Notre \u00e9quipe d&#8217;experts en IA propose \u00e9galement des formations et la mise en \u0153uvre des meilleures pratiques pour aider votre \u00e9quipe \u00e0 utiliser efficacement les technologies de l&#8217;IA et \u00e0 rester comp\u00e9titive.<\/p>\n<p>[\/vc_column_text][\/vc_column_inner][\/vc_row_inner][vc_empty_space height=&#8221;90px&#8221; el_class=&#8221;show-for-large&#8221;][vc_empty_space height=&#8221;45px&#8221; el_class=&#8221;hide-for-large&#8221;][\/vc_column][\/vc_row][\/vc_section][vc_section el_id=&#8221;enterprise-section_2&#8243; css=&#8221;.vc_custom_1684793633129{background-image: url(https:\/\/meetcody.ai\/wp-content\/uploads\/2023\/05\/home-section_1-bg.png?id=261) !important;background-position: center !important;background-repeat: no-repeat !important;background-size: cover !important;}&#8221;][vc_row][vc_column][vc_empty_space height=&#8221;90px&#8221; el_class=&#8221;show-for-large&#8221;][vc_empty_space height=&#8221;45px&#8221; el_class=&#8221;hide-for-large&#8221;][vc_row_inner el_class=&#8221;row no-padding-vc bg-color-grayscale extra-padding-left-for-large extra-padding-right-for-large has-semirounded-border&#8221;][vc_column_inner][vc_empty_space height=&#8221;90px&#8221; el_class=&#8221;show-for-large&#8221;][vc_empty_space height=&#8221;45px&#8221; el_class=&#8221;hide-for-large&#8221;][vc_raw_html]PGRpdiBjbGFzcz0icm93Ij4KICAgIDxkaXYgY2xhc3M9ImNvbHVtbnMgc21hbGwtMTIgdGV4dC1jZW50ZXIiPgogICAgICAgIDxoMSBjbGFzcz0iZm9udC1jb2xvci13aGl0ZSBtYXJnaW4tYm90dG9tLTJyZW0iPlBvdXJxdW9pIGNob2lzaXIgQ29keSBBSSBwb3VyIGRlcyBzb2x1dGlvbnMgZCdJQSBkJ2VudHJlcHJpc2U8L2gxPgogICAgICAgIDxwIGNsYXNzPSJmb250LWNvbG9yLXdoaXRlIG5vLW1hcmdpbi1ib3R0b20gcmVtb3ZlLWJyIj5Ob3RyZSDDqXF1aXBlIGQnZXhwZXJ0cyBlbiBJQSBjaGV6IENvZHkgQUkgcG9zc8OoZGUgdW5lIHZhc3RlIGV4cMOpcmllbmNlIGRlIHRyYXZhaWwgYXZlYyBwbHVzIGRlIDEgMDAwIGVudHJlcHJpc2VzIGV0IHBldXQ8YnI+IGFpZGVyIHZvdHJlIGVudHJlcHJpc2Ugw6AgZXhwbG9pdGVyIGxhIHB1aXNzYW5jZSBkZXMgdGVjaG5vbG9naWVzIGQnSUEgYXZhbmPDqWVzLiBOb3VzIG9mZnJvbnMgOjwvcD4KICAgICAgICA8ZGl2IGNsYXNzPSJzaG93LWZvci1sYXJnZSIgc3R5bGU9ImhlaWdodDogOTBweCI+PC9kaXY+CiAgICAgICAgPGRpdiBjbGFzcz0iaGlkZS1mb3ItbGFyZ2UiIHN0eWxlPSJoZWlnaHQ6IDQ1cHgiPjwvZGl2PgogICAgPC9kaXY+CjwvZGl2Pgo8ZGl2IGNsYXNzPSJyb3ciPgogICAgPGRpdiBjbGFzcz0iY29sdW1ucyBzbWFsbC0xMiBtZWRpdW0tNiBsYXJnZS02IGxhcmdlLXRleHQtbGVmdCB0ZXh0LWNlbnRlciI+CiAgICAgICAgPHAgY2xhc3M9Im1hcmdpbi1ib3R0b20tMXBvaW50NXJlbSBleHRyYS1iaWcgZm9udC1jb2xvci13aGl0ZSBmb250LXdlaWdodC1ib2xkIj5EZXMgc3RyYXTDqWdpZXMgZGUgbWlzZSBlbiDFk3V2cmUgw6lwcm91dsOpZXMgIDwvcD4KICAgICAgICA8cCBjbGFzcz0iZm9udC1jb2xvci13aGl0ZSBtYXJnaW4tYm90dG9tLTJwb2ludDVyZW0iPk5vdXMgcG91dm9ucyB2b3VzIGFpZGVyIMOgIGludMOpZ3JlciBkZXMgbW9kw6hsZXMgZCdJQSBkYW5zIHZvcyBvdXRpbHMgZXQgcHJvY2Vzc3VzIGV4aXN0YW50cyBhZmluIGQnYW3DqWxpb3JlciBsYSBwcm9kdWN0aXZpdMOpIGV0IGxhIGNvbGxhYm9yYXRpb24sIGF2ZWMgbGEgc8OpY3VyaXTDqSBhdSBwcmVtaWVyIHBsYW4uPC9wPgogICAgICAgIDxkaXYgY2xhc3M9IiIgc3R5bGU9ImhlaWdodDogNDVweCI+PC9kaXY+CiAgICA8L2Rpdj4KICAgIDxkaXYgY2xhc3M9ImNvbHVtbnMgc21hbGwtMTIgbWVkaXVtLTYgbGFyZ2UtNiBsYXJnZS10ZXh0LWxlZnQgdGV4dC1jZW50ZXIiPgogICAgICAgIDxwIGNsYXNzPSJtYXJnaW4tYm90dG9tLTFwb2ludDVyZW0gZXh0cmEtYmlnIGZvbnQtY29sb3Itd2hpdGUgZm9udC13ZWlnaHQtYm9sZCI+UGlwZWxpbmVzIGRlIGRvbm7DqWVzIHNww6ljaWFsaXPDqXMgZXQgc8OpY3VyaXPDqXMgIDwvcD4KICAgICAgICA8cCBjbGFzcz0iZm9udC1jb2xvci13aGl0ZSBtYXJnaW4tYm90dG9tLTJwb2ludDVyZW0iPk5vdHJlIMOpcXVpcGUgcGV1dCBjcsOpZXIgZGVzIG1vZMOobGVzIGQnSUEgcGVyc29ubmFsaXPDqXMgZW4gZm9uY3Rpb24gZGUgdm90cmUgZG9tYWluZSBkJ2FjdGl2aXTDqSBldCBkZSB2b3MgZXhpZ2VuY2VzLCBzb2l0IGVuIMOpdGVuZGFudCBsZXMgbW9kw6hsZXMgT3BlbkFJLCBzb2l0IGVuIHV0aWxpc2FudCBkZXMgbW9kw6hsZXMgb3Blbi1zb3VyY2UgcHLDqS1lbnRyYcOubsOpcy48L3A+CiAgICAgICAgPGRpdiBjbGFzcz0iIiBzdHlsZT0iaGVpZ2h0OiA0NXB4Ij48L2Rpdj4KICAgIDwvZGl2PgogICAgPGRpdiBjbGFzcz0iY29sdW1ucyBzbWFsbC0xMiBtZWRpdW0tNiBsYXJnZS02IGxhcmdlLXRleHQtbGVmdCB0ZXh0LWNlbnRlciI+CiAgICAgICAgPHAgY2xhc3M9Im1hcmdpbi1ib3R0b20tMXBvaW50NXJlbSBleHRyYS1iaWcgZm9udC1jb2xvci13aGl0ZSBmb250LXdlaWdodC1ib2xkIj5SZW50YWJpbGl0w6kgw6AgZ3JhbmRlIMOpY2hlbGxlPC9wPgogICAgICAgIDxwIGNsYXNzPSJmb250LWNvbG9yLXdoaXRlIG1hcmdpbi1ib3R0b20tMnBvaW50NXJlbSI+Tm91cyBwb3V2b25zIHZvdXMgYWlkZXIgw6AgcsOpZHVpcmUgbGVzIGNvw7t0cyBhc3NvY2nDqXMgw6AgbCd1dGlsaXNhdGlvbiBkZSBtb2TDqGxlcyBkJ0lBIGVuIG1ldHRhbnQgZW4gxZN1dnJlIGxlIGJvbiBtb2TDqGxlIHBvdXIgbGUgdHJhdmFpbCBldCBlbiBsJ29wdGltaXNhbnQgcG91ciBsZXMgdMOiY2hlcyBpbmRpdmlkdWVsbGVzLjwvcD4KICAgICAgICA8ZGl2IGNsYXNzPSIiIHN0eWxlPSJoZWlnaHQ6IDQ1cHgiPjwvZGl2PgogICAgPC9kaXY+CiAgICA8ZGl2IGNsYXNzPSJjb2x1bW5zIHNtYWxsLTEyIG1lZGl1bS02IGxhcmdlLTYgbGFyZ2UtdGV4dC1sZWZ0IHRleHQtY2VudGVyIj4KICAgICAgICA8cCBjbGFzcz0ibWFyZ2luLWJvdHRvbS0xcG9pbnQ1cmVtIGV4dHJhLWJpZyBmb250LWNvbG9yLXdoaXRlIGZvbnQtd2VpZ2h0LWJvbGQiPlNvbHV0aW9ucyBkJ0lBIGRlIGJvdXQgZW4gYm91dDwvcD4KICAgICAgICA8cCBjbGFzcz0iZm9udC1jb2xvci13aGl0ZSBtYXJnaW4tYm90dG9tLTJwb2ludDVyZW0iPk5vdXMgZm91cm5pc3NvbnMgdW5lIGdhbW1lIGNvbXBsw6h0ZSBkZSBzb2x1dGlvbnMgZCdJQSBkJ2VudHJlcHJpc2UsIGR1IGNvbnNlaWwgaW5pdGlhbCBhdSBkw6l2ZWxvcHBlbWVudCwgYXV4IHRlc3RzLCDDoCBsJ2F1dG9tYXRpc2F0aW9uLCBhdSBkw6lwbG9pZW1lbnQgZXQgw6AgbGEgbWlzZSDDoCBsJ8OpY2hlbGxlIGRhbnMgdW4gZW52aXJvbm5lbWVudCBzdXIgc2l0ZSwgbXVsdGktY2xvdWQgb3UgaHlicmlkZS48L3A+CiAgICAgICAgPGRpdiBjbGFzcz0iIiBzdHlsZT0iaGVpZ2h0OiA0NXB4Ij48L2Rpdj4KICAgIDwvZGl2Pgo8L2Rpdj4=[\/vc_raw_html][\/vc_column_inner][\/vc_row_inner][vc_empty_space height=&#8221;90px&#8221; el_class=&#8221;show-for-large&#8221;][vc_empty_space height=&#8221;45px&#8221; el_class=&#8221;hide-for-large&#8221;][\/vc_column][\/vc_row][\/vc_section][vc_section el_id=&#8221;enterprise-section_3&#8243;][vc_row][vc_column][vc_empty_space height=&#8221;90px&#8221; el_class=&#8221;show-for-large&#8221;][vc_empty_space height=&#8221;45px&#8221; el_class=&#8221;hide-for-large&#8221;][vc_row_inner el_class=&#8221;row no-padding-vc&#8221;][vc_column_inner el_class=&#8221;columns small-12 large-10 large-offset-1&#8243;][vc_column_text el_class=&#8221;text-center&#8221;]<\/p>\n<h1 class=\"font-color-white margin-bottom-2point5rem\">Embarquez pour votre voyage de transformation de l&#8217;IA<\/h1>\n<p class=\"font-color-white no-margin-bottom remove-br\">Contactez-nous d\u00e8s aujourd&#8217;hui pour en savoir plus sur nos solutions d&#8217;IA d&#8217;entreprise chez Cody AI et d\u00e9couvrir comment nous pouvons aider votre entreprise \u00e0 prosp\u00e9rer \u00e0 l&#8217;\u00e8re de l&#8217;IA.<\/p>\n<p>[\/vc_column_text][\/vc_column_inner][\/vc_row_inner][vc_empty_space height=&#8221;90px&#8221; el_class=&#8221;show-for-large&#8221;][vc_empty_space height=&#8221;45px&#8221; el_class=&#8221;hide-for-large&#8221;][vc_row_inner el_class=&#8221;row no-padding-vc&#8221;][vc_column_inner][vc_column_text el_class=&#8221;text-center&#8221;]\n<div class=\"wpcf7 no-js\" id=\"wpcf7-f192-o1\" lang=\"en-US\" dir=\"ltr\">\n<div class=\"screen-reader-response\"><p role=\"status\" aria-live=\"polite\" aria-atomic=\"true\"><\/p> <ul><\/ul><\/div>\n<form action=\"\/fr\/wp-json\/wp\/v2\/pages\/26071#wpcf7-f192-o1\" method=\"post\" class=\"wpcf7-form init\" aria-label=\"Contact form\" novalidate=\"novalidate\" data-status=\"init\">\n<div style=\"display: none;\">\n<input type=\"hidden\" name=\"_wpcf7\" value=\"192\" \/>\n<input type=\"hidden\" name=\"_wpcf7_version\" value=\"5.9.6\" \/>\n<input type=\"hidden\" name=\"_wpcf7_locale\" value=\"en_US\" \/>\n<input type=\"hidden\" name=\"_wpcf7_unit_tag\" value=\"wpcf7-f192-o1\" \/>\n<input type=\"hidden\" name=\"_wpcf7_container_post\" value=\"0\" \/>\n<input type=\"hidden\" name=\"_wpcf7_posted_data_hash\" value=\"\" \/>\n<\/div>\n<div class=\"row\">\n\t<div class=\"columns small-12 xlarge-6\">\n\t\t<p><span class=\"wpcf7-form-control-wrap\" data-name=\"full-name\"><input size=\"40\" maxlength=\"80\" class=\"wpcf7-form-control wpcf7-text wpcf7-validates-as-required\" aria-required=\"true\" aria-invalid=\"false\" placeholder=\"Full Name*\" value=\"\" type=\"text\" name=\"full-name\" \/><\/span>\n\t\t<\/p>\n\t<\/div>\n\t<div class=\"columns small-12 xlarge-6\">\n\t\t<p><span class=\"wpcf7-form-control-wrap\" data-name=\"email\"><input size=\"40\" maxlength=\"80\" class=\"wpcf7-form-control wpcf7-email wpcf7-validates-as-required wpcf7-text wpcf7-validates-as-email\" aria-required=\"true\" aria-invalid=\"false\" placeholder=\"Email*\" value=\"\" type=\"email\" name=\"email\" \/><\/span>\n\t\t<\/p>\n\t<\/div>\n<\/div>\n<div class=\"row\">\n\t<div class=\"columns small-12 xlarge-6\">\n\t\t<p><span class=\"wpcf7-form-control-wrap\" data-name=\"company-name\"><input size=\"40\" maxlength=\"80\" class=\"wpcf7-form-control wpcf7-text wpcf7-validates-as-required\" aria-required=\"true\" aria-invalid=\"false\" placeholder=\"Company Name\" value=\"\" type=\"text\" name=\"company-name\" \/><\/span>\n\t\t<\/p>\n\t<\/div>\n\t<div class=\"columns small-12 xlarge-6\">\n\t\t<p><span class=\"wpcf7-form-control-wrap\" data-name=\"mobile-phone\"><input size=\"40\" maxlength=\"80\" class=\"wpcf7-form-control wpcf7-text wpcf7-validates-as-required codesm-phone-field\" aria-required=\"true\" aria-invalid=\"false\" placeholder=\"Phone*\" value=\"\" type=\"text\" name=\"mobile-phone\" \/><\/span>\n\t\t<\/p>\n\t<\/div>\n<\/div>\n<div class=\"row\">\n\t<div class=\"columns small-12 xlarge-6\">\n\t\t<p><span class=\"wpcf7-form-control-wrap\" data-name=\"team-size\"><input size=\"40\" maxlength=\"80\" class=\"wpcf7-form-control wpcf7-text wpcf7-validates-as-required\" aria-required=\"true\" aria-invalid=\"false\" placeholder=\"Team Size\" value=\"\" type=\"text\" name=\"team-size\" \/><\/span>\n\t\t<\/p>\n\t<\/div>\n\t<div class=\"columns small-12 xlarge-6\">\n\t\t<p><span class=\"wpcf7-form-control-wrap\" data-name=\"website\"><input size=\"40\" maxlength=\"80\" class=\"wpcf7-form-control wpcf7-text wpcf7-validates-as-required\" aria-required=\"true\" aria-invalid=\"false\" placeholder=\"Website\" value=\"\" type=\"text\" name=\"website\" \/><\/span>\n\t\t<\/p>\n\t<\/div>\n<\/div>\n<div class=\"row\">\n\t<div class=\"columns small-12 xlarge-12\">\n\t\t<p><span class=\"wpcf7-form-control-wrap\" data-name=\"message\"><textarea cols=\"40\" rows=\"4\" maxlength=\"400\" class=\"wpcf7-form-control wpcf7-textarea\" aria-invalid=\"false\" placeholder=\"Tell us about your use case...\" name=\"message\"><\/textarea><\/span>\n\t\t<\/p>\n\t<\/div>\n<\/div>\n<div class=\"show-for-large\" style=\"height: 60px\">\n<\/div>\n<div class=\"hide-for-large\" style=\"height: 30px\">\n<\/div>\n<div class=\"row\">\n\t<div class=\"columns small-12 xlarge-12 text-center\">\n\t\t<p><span id=\"wpcf7-69de1da4346aa-wrapper\" class=\"wpcf7-form-control-wrap email-confirm-wrap\" style=\"display:none !important; visibility:hidden !important;\"><label for=\"wpcf7-69de1da4346aa-field\" class=\"hp-message\">Please leave this field empty.<\/label><input id=\"wpcf7-69de1da4346aa-field\"  class=\"wpcf7-form-control wpcf7-text\" type=\"text\" name=\"email-confirm\" value=\"\" size=\"40\" tabindex=\"-1\" autocomplete=\"new-password\" \/><\/span><button type=\"submit\" class=\"button no-margin-bottom\"><span>Submit<\/span><\/button>\n\t\t<\/p>\n\t<\/div>\n<\/div><div class=\"wpcf7-response-output\" aria-hidden=\"true\"><\/div>\n<\/form>\n<\/div>\n[\/vc_column_text][\/vc_column_inner][\/vc_row_inner][vc_empty_space height=&#8221;90px&#8221; el_class=&#8221;show-for-large&#8221;][vc_empty_space height=&#8221;45px&#8221; el_class=&#8221;hide-for-large&#8221;][\/vc_column][\/vc_row][\/vc_section]<\/p>\n<\/div>","protected":false},"excerpt":{"rendered":"<p>[vc_section el_id=&#8221;enterprise-section_0&#8243;][vc_row][vc_column][vc_empty_space height=&#8221;90px&#8221; el_class=&#8221;show-for-large&#8221;][vc_empty_space height=&#8221;90px&#8221; el_class=&#8221;hide-for-large&#8221;][vc_row_inner el_class=&#8221;row no-padding-vc&#8221;][vc_column_inner el_class=&#8221;columns small-12 large-8 large-offset-2&#8243;][vc_column_text el_class=&#8221;text-center&#8221;] Solutions d&#8217;entreprise en mati\u00e8re d&#8217;IA Lib\u00e9rez le potentiel des technologies d&#8217;IA de pointe pour r\u00e9volutionner les op\u00e9rations de votre entreprise gr\u00e2ce aux solutions compl\u00e8tes d&#8217;IA d&#8217;entreprise de Cody AI. Imaginez que vous puissiez augmenter la productivit\u00e9 de votre personnel gr\u00e2ce \u00e0 l&#8217;assistance<a class=\"excerpt-read-more\" href=\"https:\/\/meetcody.ai\/fr\/solutions-dentreprise-personnalisees-en-matiere-dia\/\" title=\"ReadSolutions personnalis\u00e9es d&#8217;IA pour les entreprises\">&#8230; Read more &raquo;<\/a><\/p>\n","protected":false},"author":1,"featured_media":0,"parent":0,"menu_order":0,"comment_status":"closed","ping_status":"closed","template":"template-visual-builder.php","meta":{"_acf_changed":false,"inline_featured_image":false,"footnotes":""},"class_list":["post-26071","page","type-page","status-publish","hentry"],"acf":[],"yoast_head":"<!-- This site is optimized with the Yoast SEO Premium plugin v21.8 (Yoast SEO v24.2) - https:\/\/yoast.com\/wordpress\/plugins\/seo\/ -->\n<title>Solutions personnalis\u00e9es d&#039;IA pour les entreprises<\/title>\n<meta name=\"description\" content=\"Lib\u00e9rez le potentiel des technologies d&#039;IA avanc\u00e9es pour transformer votre entreprise gr\u00e2ce \u00e0 nos solutions compl\u00e8tes d&#039;IA d&#039;entreprise chez Cody AI.\" \/>\n<meta name=\"robots\" content=\"index, follow, max-snippet:-1, max-image-preview:large, max-video-preview:-1\" \/>\n<link rel=\"canonical\" href=\"https:\/\/meetcody.ai\/fr\/solutions-dentreprise-personnalisees-en-matiere-dia\/\" \/>\n<meta property=\"og:locale\" content=\"fr_FR\" \/>\n<meta property=\"og:type\" content=\"article\" \/>\n<meta property=\"og:title\" content=\"Solutions personnalis\u00e9es d&#039;IA pour les entreprises\" \/>\n<meta property=\"og:description\" content=\"Lib\u00e9rez le potentiel des technologies d&#039;IA avanc\u00e9es pour transformer votre entreprise gr\u00e2ce \u00e0 nos solutions compl\u00e8tes d&#039;IA d&#039;entreprise chez Cody AI.\" \/>\n<meta property=\"og:url\" content=\"https:\/\/meetcody.ai\/fr\/solutions-dentreprise-personnalisees-en-matiere-dia\/\" \/>\n<meta property=\"og:site_name\" content=\"Cody - The AI Trained on Your Business\" \/>\n<meta property=\"article:modified_time\" content=\"2024-09-09T13:02:33+00:00\" \/>\n<meta property=\"og:image\" content=\"https:\/\/meetcody.ai\/wp-content\/uploads\/2023\/02\/grid_0-2.png\" \/>\n\t<meta property=\"og:image:width\" content=\"1536\" \/>\n\t<meta property=\"og:image:height\" content=\"1024\" \/>\n\t<meta property=\"og:image:type\" content=\"image\/png\" \/>\n<meta name=\"twitter:card\" content=\"summary_large_image\" \/>\n<meta name=\"twitter:site\" content=\"@meetcodyai\" \/>\n<meta name=\"twitter:label1\" content=\"Est. reading time\" \/>\n\t<meta name=\"twitter:data1\" content=\"6 minutes\" \/>\n<script type=\"application\/ld+json\" class=\"yoast-schema-graph\">{\"@context\":\"https:\/\/schema.org\",\"@graph\":[{\"@type\":\"WebPage\",\"@id\":\"https:\/\/meetcody.ai\/fr\/solutions-dentreprise-personnalisees-en-matiere-dia\/\",\"url\":\"https:\/\/meetcody.ai\/fr\/solutions-dentreprise-personnalisees-en-matiere-dia\/\",\"name\":\"Solutions personnalis\u00e9es d'IA pour les entreprises\",\"isPartOf\":{\"@id\":\"https:\/\/meetcody.ai\/#website\"},\"datePublished\":\"2023-04-25T08:34:14+00:00\",\"dateModified\":\"2024-09-09T13:02:33+00:00\",\"description\":\"Lib\u00e9rez le potentiel des technologies d'IA avanc\u00e9es pour transformer votre entreprise gr\u00e2ce \u00e0 nos solutions compl\u00e8tes d'IA d'entreprise chez Cody AI.\",\"breadcrumb\":{\"@id\":\"https:\/\/meetcody.ai\/fr\/solutions-dentreprise-personnalisees-en-matiere-dia\/#breadcrumb\"},\"inLanguage\":\"fr-FR\",\"potentialAction\":[{\"@type\":\"ReadAction\",\"target\":[\"https:\/\/meetcody.ai\/fr\/solutions-dentreprise-personnalisees-en-matiere-dia\/\"]}]},{\"@type\":\"BreadcrumbList\",\"@id\":\"https:\/\/meetcody.ai\/fr\/solutions-dentreprise-personnalisees-en-matiere-dia\/#breadcrumb\",\"itemListElement\":[{\"@type\":\"ListItem\",\"position\":1,\"name\":\"Home\",\"item\":\"https:\/\/meetcody.ai\/fr\/home-v2\/\"},{\"@type\":\"ListItem\",\"position\":2,\"name\":\"Solutions personnalis\u00e9es d&#8217;IA pour les entreprises\"}]},{\"@type\":\"WebSite\",\"@id\":\"https:\/\/meetcody.ai\/#website\",\"url\":\"https:\/\/meetcody.ai\/\",\"name\":\"Cody AI - The AI Trained on Your Business\",\"description\":\"AI Powered Knowledge Base for Employees\",\"publisher\":{\"@id\":\"https:\/\/meetcody.ai\/#organization\"},\"potentialAction\":[{\"@type\":\"SearchAction\",\"target\":{\"@type\":\"EntryPoint\",\"urlTemplate\":\"https:\/\/meetcody.ai\/?s={search_term_string}\"},\"query-input\":{\"@type\":\"PropertyValueSpecification\",\"valueRequired\":true,\"valueName\":\"search_term_string\"}}],\"inLanguage\":\"fr-FR\"},{\"@type\":\"Organization\",\"@id\":\"https:\/\/meetcody.ai\/#organization\",\"name\":\"Cody AI - The AI Trained on Your Business\",\"url\":\"https:\/\/meetcody.ai\/\",\"logo\":{\"@type\":\"ImageObject\",\"inLanguage\":\"fr-FR\",\"@id\":\"https:\/\/meetcody.ai\/#\/schema\/logo\/image\/\",\"url\":\"https:\/\/meetcody.ai\/wp-content\/uploads\/2023\/05\/logo-codyai.svg\",\"contentUrl\":\"https:\/\/meetcody.ai\/wp-content\/uploads\/2023\/05\/logo-codyai.svg\",\"width\":\"1024\",\"height\":\"1024\",\"caption\":\"Cody AI - The AI Trained on Your Business\"},\"image\":{\"@id\":\"https:\/\/meetcody.ai\/#\/schema\/logo\/image\/\"},\"sameAs\":[\"https:\/\/x.com\/meetcodyai\",\"https:\/\/discord.com\/invite\/jXEVDcFxqs\"]}]}<\/script>\n<!-- \/ Yoast SEO Premium plugin. -->","yoast_head_json":{"title":"Solutions personnalis\u00e9es d'IA pour les entreprises","description":"Lib\u00e9rez le potentiel des technologies d'IA avanc\u00e9es pour transformer votre entreprise gr\u00e2ce \u00e0 nos solutions compl\u00e8tes d'IA d'entreprise chez Cody AI.","robots":{"index":"index","follow":"follow","max-snippet":"max-snippet:-1","max-image-preview":"max-image-preview:large","max-video-preview":"max-video-preview:-1"},"canonical":"https:\/\/meetcody.ai\/fr\/solutions-dentreprise-personnalisees-en-matiere-dia\/","og_locale":"fr_FR","og_type":"article","og_title":"Solutions personnalis\u00e9es d'IA pour les entreprises","og_description":"Lib\u00e9rez le potentiel des technologies d'IA avanc\u00e9es pour transformer votre entreprise gr\u00e2ce \u00e0 nos solutions compl\u00e8tes d'IA d'entreprise chez Cody AI.","og_url":"https:\/\/meetcody.ai\/fr\/solutions-dentreprise-personnalisees-en-matiere-dia\/","og_site_name":"Cody - The AI Trained on Your Business","article_modified_time":"2024-09-09T13:02:33+00:00","og_image":[{"width":1536,"height":1024,"url":"https:\/\/meetcody.ai\/wp-content\/uploads\/2023\/02\/grid_0-2.png","type":"image\/png"}],"twitter_card":"summary_large_image","twitter_site":"@meetcodyai","twitter_misc":{"Est. reading time":"6 minutes"},"schema":{"@context":"https:\/\/schema.org","@graph":[{"@type":"WebPage","@id":"https:\/\/meetcody.ai\/fr\/solutions-dentreprise-personnalisees-en-matiere-dia\/","url":"https:\/\/meetcody.ai\/fr\/solutions-dentreprise-personnalisees-en-matiere-dia\/","name":"Solutions personnalis\u00e9es d'IA pour les entreprises","isPartOf":{"@id":"https:\/\/meetcody.ai\/#website"},"datePublished":"2023-04-25T08:34:14+00:00","dateModified":"2024-09-09T13:02:33+00:00","description":"Lib\u00e9rez le potentiel des technologies d'IA avanc\u00e9es pour transformer votre entreprise gr\u00e2ce \u00e0 nos solutions compl\u00e8tes d'IA d'entreprise chez Cody AI.","breadcrumb":{"@id":"https:\/\/meetcody.ai\/fr\/solutions-dentreprise-personnalisees-en-matiere-dia\/#breadcrumb"},"inLanguage":"fr-FR","potentialAction":[{"@type":"ReadAction","target":["https:\/\/meetcody.ai\/fr\/solutions-dentreprise-personnalisees-en-matiere-dia\/"]}]},{"@type":"BreadcrumbList","@id":"https:\/\/meetcody.ai\/fr\/solutions-dentreprise-personnalisees-en-matiere-dia\/#breadcrumb","itemListElement":[{"@type":"ListItem","position":1,"name":"Home","item":"https:\/\/meetcody.ai\/fr\/home-v2\/"},{"@type":"ListItem","position":2,"name":"Solutions personnalis\u00e9es d&#8217;IA pour les entreprises"}]},{"@type":"WebSite","@id":"https:\/\/meetcody.ai\/#website","url":"https:\/\/meetcody.ai\/","name":"Cody AI - The AI Trained on Your Business","description":"AI Powered Knowledge Base for Employees","publisher":{"@id":"https:\/\/meetcody.ai\/#organization"},"potentialAction":[{"@type":"SearchAction","target":{"@type":"EntryPoint","urlTemplate":"https:\/\/meetcody.ai\/?s={search_term_string}"},"query-input":{"@type":"PropertyValueSpecification","valueRequired":true,"valueName":"search_term_string"}}],"inLanguage":"fr-FR"},{"@type":"Organization","@id":"https:\/\/meetcody.ai\/#organization","name":"Cody AI - The AI Trained on Your Business","url":"https:\/\/meetcody.ai\/","logo":{"@type":"ImageObject","inLanguage":"fr-FR","@id":"https:\/\/meetcody.ai\/#\/schema\/logo\/image\/","url":"https:\/\/meetcody.ai\/wp-content\/uploads\/2023\/05\/logo-codyai.svg","contentUrl":"https:\/\/meetcody.ai\/wp-content\/uploads\/2023\/05\/logo-codyai.svg","width":"1024","height":"1024","caption":"Cody AI - The AI Trained on Your Business"},"image":{"@id":"https:\/\/meetcody.ai\/#\/schema\/logo\/image\/"},"sameAs":["https:\/\/x.com\/meetcodyai","https:\/\/discord.com\/invite\/jXEVDcFxqs"]}]}},"_links":{"self":[{"href":"https:\/\/meetcody.ai\/fr\/wp-json\/wp\/v2\/pages\/26071","targetHints":{"allow":["GET"]}}],"collection":[{"href":"https:\/\/meetcody.ai\/fr\/wp-json\/wp\/v2\/pages"}],"about":[{"href":"https:\/\/meetcody.ai\/fr\/wp-json\/wp\/v2\/types\/page"}],"author":[{"embeddable":true,"href":"https:\/\/meetcody.ai\/fr\/wp-json\/wp\/v2\/users\/1"}],"replies":[{"embeddable":true,"href":"https:\/\/meetcody.ai\/fr\/wp-json\/wp\/v2\/comments?post=26071"}],"version-history":[{"count":53,"href":"https:\/\/meetcody.ai\/fr\/wp-json\/wp\/v2\/pages\/26071\/revisions"}],"predecessor-version":[{"id":49466,"href":"https:\/\/meetcody.ai\/fr\/wp-json\/wp\/v2\/pages\/26071\/revisions\/49466"}],"wp:attachment":[{"href":"https:\/\/meetcody.ai\/fr\/wp-json\/wp\/v2\/media?parent=26071"}],"curies":[{"name":"wp","href":"https:\/\/api.w.org\/{rel}","templated":true}]}}