{"id":50244,"date":"2024-10-04T00:14:54","date_gmt":"2024-10-04T00:14:54","guid":{"rendered":"https:\/\/meetcody.ai\/documentacion\/"},"modified":"2024-10-04T00:16:17","modified_gmt":"2024-10-04T00:16:17","slug":"documentacion","status":"publish","type":"page","link":"https:\/\/meetcody.ai\/es\/documentacion\/","title":{"rendered":"Documentaci\u00f3n"},"content":{"rendered":"<h4><strong>1. Primeros pasos<\/strong><\/h4>\n<p>  Si eres nuevo en CODY, explora la <a href=\"https:\/\/intercom.help\/cody\/en\/\" target=\"_new\" rel=\"noopener\">Gu\u00eda de introducci\u00f3n<\/a> para saber c\u00f3mo crear tu cuenta, configurar tu espacio de trabajo y navegar por la plataforma.  <\/p>\n<h4><strong>2. Documentaci\u00f3n para desarrolladores<\/strong><\/h4>\n<p>  Accede a la documentaci\u00f3n de la API de CODY para integrar CODY con tus sistemas, aplicaciones y flujos de trabajo.  <\/p>\n<ul>\n<li><a href=\"https:\/\/developers.meetcody.ai\/\" target=\"_new\" rel=\"noopener\">Gu\u00eda de referencia de la API<\/a><\/li>\n<\/ul>\n<h4><strong>3. Cumplimiento y Legal<\/strong><\/h4>\n<p>  Revisa la documentaci\u00f3n de cumplimiento y los acuerdos legales de CODY, incluida la lista de subprocesadores y las pol\u00edticas relacionadas con la privacidad y la protecci\u00f3n de datos.  <\/p>\n<ul>\n<li><a href=\"https:\/\/meetcody.ai\/terms-conditions\/\" target=\"_new\" rel=\"noopener\">Condiciones generales<\/a><\/li>\n<li><a href=\"https:\/\/meetcody.ai\/privacy-policy\/\" target=\"_new\" rel=\"noopener\">Pol\u00edtica de privacidad<\/a><\/li>\n<li><a href=\"https:\/\/meetcody.ai\/compliance\/sub-processors\/\" target=\"_new\" rel=\"noopener\">Subprocesadores<\/a><\/li>\n<\/ul>\n<h4><strong>4. Seguridad y gesti\u00f3n de incidentes<\/strong><\/h4>\n<p>  Mantente informado sobre los \u00faltimos problemas de seguridad, vulnerabilidades y acciones de mitigaci\u00f3n a trav\u00e9s de los Boletines de Seguridad de CODY.<br \/>\nInf\u00f3rmate sobre nuestras estrategias de respuesta y mecanismos de informaci\u00f3n a trav\u00e9s de nuestra p\u00e1gina Gesti\u00f3n de Crisis.   <\/p>\n<ul>\n<li><a href=\"https:\/\/meetcody.ai\/security\/security-bulletins\/\" target=\"_new\" rel=\"noopener\">Boletines de seguridad<\/a><\/li>\n<li><a href=\"https:\/\/meetcody.ai\/security\/crisis\" target=\"_new\" rel=\"noopener\">Gesti\u00f3n de crisis e informes<\/a><\/li>\n<\/ul>\n<h4><strong>5. Asistencia y resoluci\u00f3n de problemas<\/strong><\/h4>\n<p>  Encuentra respuestas a preguntas frecuentes y soluciones a problemas t\u00e9cnicos en el Centro de Ayuda CODY, o ponte en contacto con el equipo de asistencia para obtener ayuda adicional.  <\/p>\n<ul>\n<li><a href=\"https:\/\/intercom.help\/cody\/en\/\" target=\"_new\" rel=\"noopener\">Centro de ayuda y FAQ<\/a><\/li>\n<\/ul>\n<h4><strong>6. Recursos adicionales<\/strong><\/h4>\n<p>  Mantente al d\u00eda de las \u00faltimas noticias, actualizaciones de productos y buenas pr\u00e1cticas de CODY a trav\u00e9s de nuestro blog.  <\/p>\n<ul>\n<li><a href=\"https:\/\/meetcody.ai\/blog\/\" target=\"_new\" rel=\"noopener\">Blog CODY<\/a><\/li>\n<\/ul>\n","protected":false},"excerpt":{"rendered":"<p>1. Primeros pasos Si eres nuevo en CODY, explora la Gu\u00eda de introducci\u00f3n para saber c\u00f3mo crear tu cuenta, configurar tu espacio de trabajo y navegar por la plataforma. 2. Documentaci\u00f3n para desarrolladores Accede a la documentaci\u00f3n de la API de CODY para integrar CODY con tus sistemas, aplicaciones y flujos de trabajo. Gu\u00eda de<a class=\"excerpt-read-more\" href=\"https:\/\/meetcody.ai\/es\/documentacion\/\" title=\"ReadDocumentaci\u00f3n\">&#8230; Read more &raquo;<\/a><\/p>\n","protected":false},"author":1,"featured_media":0,"parent":0,"menu_order":0,"comment_status":"closed","ping_status":"closed","template":"template-full-width.php","meta":{"_acf_changed":false,"inline_featured_image":false,"footnotes":""},"class_list":["post-50244","page","type-page","status-publish","hentry"],"acf":[],"yoast_head":"<!-- This site is optimized with the Yoast SEO Premium plugin v21.8 (Yoast SEO v24.2) - https:\/\/yoast.com\/wordpress\/plugins\/seo\/ -->\n<title>Documentaci\u00f3n - Cody - The AI Trained on Your Business<\/title>\n<meta name=\"robots\" content=\"index, follow, max-snippet:-1, max-image-preview:large, max-video-preview:-1\" \/>\n<link rel=\"canonical\" href=\"https:\/\/meetcody.ai\/es\/documentacion\/\" \/>\n<meta property=\"og:locale\" content=\"es_ES\" \/>\n<meta property=\"og:type\" content=\"article\" \/>\n<meta property=\"og:title\" content=\"Documentaci\u00f3n\" \/>\n<meta property=\"og:description\" content=\"1. Primeros pasos Si eres nuevo en CODY, explora la Gu\u00eda de introducci\u00f3n para saber c\u00f3mo crear tu cuenta, configurar tu espacio de trabajo y navegar por la plataforma. 2. Documentaci\u00f3n para desarrolladores Accede a la documentaci\u00f3n de la API de CODY para integrar CODY con tus sistemas, aplicaciones y flujos de trabajo. Gu\u00eda de... Read more &raquo;\" \/>\n<meta property=\"og:url\" content=\"https:\/\/meetcody.ai\/es\/documentacion\/\" \/>\n<meta property=\"og:site_name\" content=\"Cody - The AI Trained on Your Business\" \/>\n<meta property=\"article:modified_time\" content=\"2024-10-04T00:16:17+00:00\" \/>\n<meta property=\"og:image\" content=\"https:\/\/meetcody.ai\/wp-content\/uploads\/2023\/02\/grid_0-2.png\" \/>\n\t<meta property=\"og:image:width\" content=\"1536\" \/>\n\t<meta property=\"og:image:height\" content=\"1024\" \/>\n\t<meta property=\"og:image:type\" content=\"image\/png\" \/>\n<meta name=\"twitter:card\" content=\"summary_large_image\" \/>\n<meta name=\"twitter:site\" content=\"@meetcodyai\" \/>\n<meta name=\"twitter:label1\" content=\"Est. reading time\" \/>\n\t<meta name=\"twitter:data1\" content=\"1 minute\" \/>\n<script type=\"application\/ld+json\" class=\"yoast-schema-graph\">{\"@context\":\"https:\/\/schema.org\",\"@graph\":[{\"@type\":\"WebPage\",\"@id\":\"https:\/\/meetcody.ai\/es\/documentacion\/\",\"url\":\"https:\/\/meetcody.ai\/es\/documentacion\/\",\"name\":\"Documentaci\u00f3n - Cody - The AI Trained on Your Business\",\"isPartOf\":{\"@id\":\"https:\/\/meetcody.ai\/#website\"},\"datePublished\":\"2024-10-04T00:14:54+00:00\",\"dateModified\":\"2024-10-04T00:16:17+00:00\",\"breadcrumb\":{\"@id\":\"https:\/\/meetcody.ai\/es\/documentacion\/#breadcrumb\"},\"inLanguage\":\"es-ES\",\"potentialAction\":[{\"@type\":\"ReadAction\",\"target\":[\"https:\/\/meetcody.ai\/es\/documentacion\/\"]}]},{\"@type\":\"BreadcrumbList\",\"@id\":\"https:\/\/meetcody.ai\/es\/documentacion\/#breadcrumb\",\"itemListElement\":[{\"@type\":\"ListItem\",\"position\":1,\"name\":\"Home\",\"item\":\"https:\/\/meetcody.ai\/es\/inicio-v2\/\"},{\"@type\":\"ListItem\",\"position\":2,\"name\":\"Documentaci\u00f3n\"}]},{\"@type\":\"WebSite\",\"@id\":\"https:\/\/meetcody.ai\/#website\",\"url\":\"https:\/\/meetcody.ai\/\",\"name\":\"Cody AI - The AI Trained on Your Business\",\"description\":\"AI Powered Knowledge Base for Employees\",\"publisher\":{\"@id\":\"https:\/\/meetcody.ai\/#organization\"},\"potentialAction\":[{\"@type\":\"SearchAction\",\"target\":{\"@type\":\"EntryPoint\",\"urlTemplate\":\"https:\/\/meetcody.ai\/?s={search_term_string}\"},\"query-input\":{\"@type\":\"PropertyValueSpecification\",\"valueRequired\":true,\"valueName\":\"search_term_string\"}}],\"inLanguage\":\"es-ES\"},{\"@type\":\"Organization\",\"@id\":\"https:\/\/meetcody.ai\/#organization\",\"name\":\"Cody AI - The AI Trained on Your Business\",\"url\":\"https:\/\/meetcody.ai\/\",\"logo\":{\"@type\":\"ImageObject\",\"inLanguage\":\"es-ES\",\"@id\":\"https:\/\/meetcody.ai\/#\/schema\/logo\/image\/\",\"url\":\"https:\/\/meetcody.ai\/wp-content\/uploads\/2023\/05\/logo-codyai.svg\",\"contentUrl\":\"https:\/\/meetcody.ai\/wp-content\/uploads\/2023\/05\/logo-codyai.svg\",\"width\":\"1024\",\"height\":\"1024\",\"caption\":\"Cody AI - The AI Trained on Your Business\"},\"image\":{\"@id\":\"https:\/\/meetcody.ai\/#\/schema\/logo\/image\/\"},\"sameAs\":[\"https:\/\/x.com\/meetcodyai\",\"https:\/\/discord.com\/invite\/jXEVDcFxqs\"]}]}<\/script>\n<!-- \/ Yoast SEO Premium plugin. -->","yoast_head_json":{"title":"Documentaci\u00f3n - Cody - The AI Trained on Your Business","robots":{"index":"index","follow":"follow","max-snippet":"max-snippet:-1","max-image-preview":"max-image-preview:large","max-video-preview":"max-video-preview:-1"},"canonical":"https:\/\/meetcody.ai\/es\/documentacion\/","og_locale":"es_ES","og_type":"article","og_title":"Documentaci\u00f3n","og_description":"1. Primeros pasos Si eres nuevo en CODY, explora la Gu\u00eda de introducci\u00f3n para saber c\u00f3mo crear tu cuenta, configurar tu espacio de trabajo y navegar por la plataforma. 2. Documentaci\u00f3n para desarrolladores Accede a la documentaci\u00f3n de la API de CODY para integrar CODY con tus sistemas, aplicaciones y flujos de trabajo. Gu\u00eda de... Read more &raquo;","og_url":"https:\/\/meetcody.ai\/es\/documentacion\/","og_site_name":"Cody - The AI Trained on Your Business","article_modified_time":"2024-10-04T00:16:17+00:00","og_image":[{"width":1536,"height":1024,"url":"https:\/\/meetcody.ai\/wp-content\/uploads\/2023\/02\/grid_0-2.png","type":"image\/png"}],"twitter_card":"summary_large_image","twitter_site":"@meetcodyai","twitter_misc":{"Est. reading time":"1 minute"},"schema":{"@context":"https:\/\/schema.org","@graph":[{"@type":"WebPage","@id":"https:\/\/meetcody.ai\/es\/documentacion\/","url":"https:\/\/meetcody.ai\/es\/documentacion\/","name":"Documentaci\u00f3n - Cody - The AI Trained on Your Business","isPartOf":{"@id":"https:\/\/meetcody.ai\/#website"},"datePublished":"2024-10-04T00:14:54+00:00","dateModified":"2024-10-04T00:16:17+00:00","breadcrumb":{"@id":"https:\/\/meetcody.ai\/es\/documentacion\/#breadcrumb"},"inLanguage":"es-ES","potentialAction":[{"@type":"ReadAction","target":["https:\/\/meetcody.ai\/es\/documentacion\/"]}]},{"@type":"BreadcrumbList","@id":"https:\/\/meetcody.ai\/es\/documentacion\/#breadcrumb","itemListElement":[{"@type":"ListItem","position":1,"name":"Home","item":"https:\/\/meetcody.ai\/es\/inicio-v2\/"},{"@type":"ListItem","position":2,"name":"Documentaci\u00f3n"}]},{"@type":"WebSite","@id":"https:\/\/meetcody.ai\/#website","url":"https:\/\/meetcody.ai\/","name":"Cody AI - The AI Trained on Your Business","description":"AI Powered Knowledge Base for Employees","publisher":{"@id":"https:\/\/meetcody.ai\/#organization"},"potentialAction":[{"@type":"SearchAction","target":{"@type":"EntryPoint","urlTemplate":"https:\/\/meetcody.ai\/?s={search_term_string}"},"query-input":{"@type":"PropertyValueSpecification","valueRequired":true,"valueName":"search_term_string"}}],"inLanguage":"es-ES"},{"@type":"Organization","@id":"https:\/\/meetcody.ai\/#organization","name":"Cody AI - The AI Trained on Your Business","url":"https:\/\/meetcody.ai\/","logo":{"@type":"ImageObject","inLanguage":"es-ES","@id":"https:\/\/meetcody.ai\/#\/schema\/logo\/image\/","url":"https:\/\/meetcody.ai\/wp-content\/uploads\/2023\/05\/logo-codyai.svg","contentUrl":"https:\/\/meetcody.ai\/wp-content\/uploads\/2023\/05\/logo-codyai.svg","width":"1024","height":"1024","caption":"Cody AI - The AI Trained on Your Business"},"image":{"@id":"https:\/\/meetcody.ai\/#\/schema\/logo\/image\/"},"sameAs":["https:\/\/x.com\/meetcodyai","https:\/\/discord.com\/invite\/jXEVDcFxqs"]}]}},"_links":{"self":[{"href":"https:\/\/meetcody.ai\/es\/wp-json\/wp\/v2\/pages\/50244","targetHints":{"allow":["GET"]}}],"collection":[{"href":"https:\/\/meetcody.ai\/es\/wp-json\/wp\/v2\/pages"}],"about":[{"href":"https:\/\/meetcody.ai\/es\/wp-json\/wp\/v2\/types\/page"}],"author":[{"embeddable":true,"href":"https:\/\/meetcody.ai\/es\/wp-json\/wp\/v2\/users\/1"}],"replies":[{"embeddable":true,"href":"https:\/\/meetcody.ai\/es\/wp-json\/wp\/v2\/comments?post=50244"}],"version-history":[{"count":2,"href":"https:\/\/meetcody.ai\/es\/wp-json\/wp\/v2\/pages\/50244\/revisions"}],"predecessor-version":[{"id":50257,"href":"https:\/\/meetcody.ai\/es\/wp-json\/wp\/v2\/pages\/50244\/revisions\/50257"}],"wp:attachment":[{"href":"https:\/\/meetcody.ai\/es\/wp-json\/wp\/v2\/media?parent=50244"}],"curies":[{"name":"wp","href":"https:\/\/api.w.org\/{rel}","templated":true}]}}