{"id":49792,"date":"2024-10-03T23:41:42","date_gmt":"2024-10-03T23:41:42","guid":{"rendered":"https:\/\/meetcody.ai\/boletines-de-seguridad\/"},"modified":"2024-10-04T00:10:43","modified_gmt":"2024-10-04T00:10:43","slug":"boletines-de-seguridad","status":"publish","type":"page","link":"https:\/\/meetcody.ai\/es\/seguridad\/boletines-de-seguridad\/","title":{"rendered":"Boletines de seguridad"},"content":{"rendered":"<div class=\"wpb-content-wrapper\"><p>[vc_section el_id=&#8221;privacy-policy-section_0&#8243;][vc_row][vc_column][vc_row_inner el_class=&#8221;row no-padding-vc&#8221;][vc_column_inner][vc_column_text el_class=&#8221;large-text-left text-center&#8221;]<\/p>\n&#13;\n<p>Bienvenido a la p\u00e1gina del Bolet\u00edn de Seguridad de CODY.\nAqu\u00ed proporcionamos actualizaciones e informaci\u00f3n sobre problemas de seguridad, vulnerabilidades y acciones de respuesta a incidentes relevantes para la Red CODY.\nEsta p\u00e1gina se actualiza peri\u00f3dicamente para garantizar la transparencia y mantener informados a nuestros usuarios sobre cualquier suceso y resoluci\u00f3n relacionados con la seguridad.  <\/p>&#13;\n<hr\/>&#13;\n<h3><strong>Current Status: No Security Bulletins Published<\/strong><\/h3>&#13;\n<p>A fecha de hoy, no se ha emitido ning\u00fan bolet\u00edn de seguridad.\nCODY sigue funcionando con un alto nivel de seguridad, y no se han detectado incidentes que requieran divulgaci\u00f3n p\u00fablica. <\/p>&#13;\n<p>Damos prioridad a la seguridad y privacidad de nuestros usuarios, y aplicamos proactivamente medidas para mantener un entorno seguro.\nEn caso de que se identifique un incidente de seguridad o una vulnerabilidad, actualizaremos r\u00e1pidamente esta p\u00e1gina con los detalles necesarios, incluida la naturaleza del problema, nuestra respuesta y las acciones recomendadas para nuestros usuarios. <\/p>&#13;\n<hr\/>&#13;\n<h3><strong>What to Expect in Future Bulletins<\/strong><\/h3>&#13;\n<p>Si se publica un bolet\u00edn de seguridad, normalmente incluir\u00e1 los siguientes detalles:<\/p>&#13;\n<ul>&#13;\n<li><strong>Date of Issue<\/strong>: When the bulletin was published.<\/li>&#13;\n<li><strong>Severity Level<\/strong>: An assessment of the severity of the issue (e.g., Low, Medium, High, Critical).<\/li>&#13;\n<li><strong>Description of the Issue<\/strong>: A brief summary of the incident or vulnerability.<\/li>&#13;\n<li><strong>Impact Analysis<\/strong>: How the issue affects CODY\u2019s systems and\/or users.<\/li>&#13;\n<li><strong>Mitigation and Resolution<\/strong>: Steps CODY has taken to address the issue and any actions users need to take.<\/li>&#13;\n<li><strong>Additional Resources<\/strong>: Links to any relevant resources or support documentation.<\/li>&#13;\n<\/ul>&#13;\n<hr\/>&#13;\n<h3><strong>Contact Information<\/strong><\/h3>&#13;\n<p>Si tienes alguna pregunta o crees que has identificado un problema de seguridad, ponte en contacto con nuestro equipo de seguridad en security@meetcody.ai.\nValoramos tu aportaci\u00f3n y nos tomamos en serio todos los informes para mantener la seguridad de la Red CODY. <\/p>&#13;\n<p>[\/vc_column_text][\/vc_column_inner][\/vc_row_inner][vc_empty_space height=&#8221;90px&#8221; el_class=&#8221;show-for-large&#8221;][vc_empty_space height=&#8221;45px&#8221; el_class=&#8221;hide-for-large&#8221;][\/vc_column][\/vc_row][\/vc_section][vc_row][vc_column][vc_column_text]<\/p>&#13;\n<p> [\/vc_column_text][\/vc_column][\/vc_row]<\/p><\/div>","protected":false},"excerpt":{"rendered":"<p>[vc_section el_id=&#8221;privacy-policy-section_0&#8243;][vc_row][vc_column][vc_row_inner el_class=&#8221;row no-padding-vc&#8221;][vc_column_inner][vc_column_text el_class=&#8221;large-text-left text-center&#8221;] &#13; Bienvenido a la p\u00e1gina del Bolet\u00edn de Seguridad de CODY. Aqu\u00ed proporcionamos actualizaciones e informaci\u00f3n sobre problemas de seguridad, vulnerabilidades y acciones de respuesta a incidentes relevantes para la Red CODY. Esta p\u00e1gina se actualiza peri\u00f3dicamente para garantizar la transparencia y mantener informados a nuestros usuarios sobre cualquier<a class=\"excerpt-read-more\" href=\"https:\/\/meetcody.ai\/es\/seguridad\/boletines-de-seguridad\/\" title=\"ReadBoletines de seguridad\">&#8230; Read more &raquo;<\/a><\/p>\n","protected":false},"author":1,"featured_media":0,"parent":49819,"menu_order":0,"comment_status":"closed","ping_status":"closed","template":"template-full-width.php","meta":{"_acf_changed":false,"inline_featured_image":false,"footnotes":""},"class_list":["post-49792","page","type-page","status-publish","hentry"],"acf":[],"yoast_head":"<!-- This site is optimized with the Yoast SEO Premium plugin v21.8 (Yoast SEO v24.2) - https:\/\/yoast.com\/wordpress\/plugins\/seo\/ -->\n<title>Boletines de seguridad - Cody - The AI Trained on Your Business<\/title>\n<meta name=\"robots\" content=\"index, follow, max-snippet:-1, max-image-preview:large, max-video-preview:-1\" \/>\n<link rel=\"canonical\" href=\"https:\/\/meetcody.ai\/es\/seguridad\/boletines-de-seguridad\/\" \/>\n<meta property=\"og:locale\" content=\"es_ES\" \/>\n<meta property=\"og:type\" content=\"article\" \/>\n<meta property=\"og:title\" content=\"Boletines de seguridad\" \/>\n<meta property=\"og:description\" content=\"[vc_section el_id=&#8221;privacy-policy-section_0&#8243;][vc_row][vc_column][vc_row_inner el_class=&#8221;row no-padding-vc&#8221;][vc_column_inner][vc_column_text el_class=&#8221;large-text-left text-center&#8221;] &#013; Bienvenido a la p\u00e1gina del Bolet\u00edn de Seguridad de CODY. Aqu\u00ed proporcionamos actualizaciones e informaci\u00f3n sobre problemas de seguridad, vulnerabilidades y acciones de respuesta a incidentes relevantes para la Red CODY. Esta p\u00e1gina se actualiza peri\u00f3dicamente para garantizar la transparencia y mantener informados a nuestros usuarios sobre cualquier... Read more &raquo;\" \/>\n<meta property=\"og:url\" content=\"https:\/\/meetcody.ai\/es\/seguridad\/boletines-de-seguridad\/\" \/>\n<meta property=\"og:site_name\" content=\"Cody - The AI Trained on Your Business\" \/>\n<meta property=\"article:modified_time\" content=\"2024-10-04T00:10:43+00:00\" \/>\n<meta property=\"og:image\" content=\"https:\/\/meetcody.ai\/wp-content\/uploads\/2023\/02\/grid_0-2.png\" \/>\n\t<meta property=\"og:image:width\" content=\"1536\" \/>\n\t<meta property=\"og:image:height\" content=\"1024\" \/>\n\t<meta property=\"og:image:type\" content=\"image\/png\" \/>\n<meta name=\"twitter:card\" content=\"summary_large_image\" \/>\n<meta name=\"twitter:site\" content=\"@meetcodyai\" \/>\n<meta name=\"twitter:label1\" content=\"Est. reading time\" \/>\n\t<meta name=\"twitter:data1\" content=\"2 minutes\" \/>\n<script type=\"application\/ld+json\" class=\"yoast-schema-graph\">{\"@context\":\"https:\/\/schema.org\",\"@graph\":[{\"@type\":\"WebPage\",\"@id\":\"https:\/\/meetcody.ai\/es\/seguridad\/boletines-de-seguridad\/\",\"url\":\"https:\/\/meetcody.ai\/es\/seguridad\/boletines-de-seguridad\/\",\"name\":\"Boletines de seguridad - Cody - The AI Trained on Your Business\",\"isPartOf\":{\"@id\":\"https:\/\/meetcody.ai\/#website\"},\"datePublished\":\"2024-10-03T23:41:42+00:00\",\"dateModified\":\"2024-10-04T00:10:43+00:00\",\"breadcrumb\":{\"@id\":\"https:\/\/meetcody.ai\/es\/seguridad\/boletines-de-seguridad\/#breadcrumb\"},\"inLanguage\":\"es-ES\",\"potentialAction\":[{\"@type\":\"ReadAction\",\"target\":[\"https:\/\/meetcody.ai\/es\/seguridad\/boletines-de-seguridad\/\"]}]},{\"@type\":\"BreadcrumbList\",\"@id\":\"https:\/\/meetcody.ai\/es\/seguridad\/boletines-de-seguridad\/#breadcrumb\",\"itemListElement\":[{\"@type\":\"ListItem\",\"position\":1,\"name\":\"Home\",\"item\":\"https:\/\/meetcody.ai\/es\/inicio-v2\/\"},{\"@type\":\"ListItem\",\"position\":2,\"name\":\"Seguridad\",\"item\":\"https:\/\/meetcody.ai\/seguridad\/\"},{\"@type\":\"ListItem\",\"position\":3,\"name\":\"Boletines de seguridad\"}]},{\"@type\":\"WebSite\",\"@id\":\"https:\/\/meetcody.ai\/#website\",\"url\":\"https:\/\/meetcody.ai\/\",\"name\":\"Cody AI - The AI Trained on Your Business\",\"description\":\"AI Powered Knowledge Base for Employees\",\"publisher\":{\"@id\":\"https:\/\/meetcody.ai\/#organization\"},\"potentialAction\":[{\"@type\":\"SearchAction\",\"target\":{\"@type\":\"EntryPoint\",\"urlTemplate\":\"https:\/\/meetcody.ai\/?s={search_term_string}\"},\"query-input\":{\"@type\":\"PropertyValueSpecification\",\"valueRequired\":true,\"valueName\":\"search_term_string\"}}],\"inLanguage\":\"es-ES\"},{\"@type\":\"Organization\",\"@id\":\"https:\/\/meetcody.ai\/#organization\",\"name\":\"Cody AI - The AI Trained on Your Business\",\"url\":\"https:\/\/meetcody.ai\/\",\"logo\":{\"@type\":\"ImageObject\",\"inLanguage\":\"es-ES\",\"@id\":\"https:\/\/meetcody.ai\/#\/schema\/logo\/image\/\",\"url\":\"https:\/\/meetcody.ai\/wp-content\/uploads\/2023\/05\/logo-codyai.svg\",\"contentUrl\":\"https:\/\/meetcody.ai\/wp-content\/uploads\/2023\/05\/logo-codyai.svg\",\"width\":\"1024\",\"height\":\"1024\",\"caption\":\"Cody AI - The AI Trained on Your Business\"},\"image\":{\"@id\":\"https:\/\/meetcody.ai\/#\/schema\/logo\/image\/\"},\"sameAs\":[\"https:\/\/x.com\/meetcodyai\",\"https:\/\/discord.com\/invite\/jXEVDcFxqs\"]}]}<\/script>\n<!-- \/ Yoast SEO Premium plugin. -->","yoast_head_json":{"title":"Boletines de seguridad - Cody - The AI Trained on Your Business","robots":{"index":"index","follow":"follow","max-snippet":"max-snippet:-1","max-image-preview":"max-image-preview:large","max-video-preview":"max-video-preview:-1"},"canonical":"https:\/\/meetcody.ai\/es\/seguridad\/boletines-de-seguridad\/","og_locale":"es_ES","og_type":"article","og_title":"Boletines de seguridad","og_description":"[vc_section el_id=&#8221;privacy-policy-section_0&#8243;][vc_row][vc_column][vc_row_inner el_class=&#8221;row no-padding-vc&#8221;][vc_column_inner][vc_column_text el_class=&#8221;large-text-left text-center&#8221;] &#13; Bienvenido a la p\u00e1gina del Bolet\u00edn de Seguridad de CODY. Aqu\u00ed proporcionamos actualizaciones e informaci\u00f3n sobre problemas de seguridad, vulnerabilidades y acciones de respuesta a incidentes relevantes para la Red CODY. Esta p\u00e1gina se actualiza peri\u00f3dicamente para garantizar la transparencia y mantener informados a nuestros usuarios sobre cualquier... Read more &raquo;","og_url":"https:\/\/meetcody.ai\/es\/seguridad\/boletines-de-seguridad\/","og_site_name":"Cody - The AI Trained on Your Business","article_modified_time":"2024-10-04T00:10:43+00:00","og_image":[{"width":1536,"height":1024,"url":"https:\/\/meetcody.ai\/wp-content\/uploads\/2023\/02\/grid_0-2.png","type":"image\/png"}],"twitter_card":"summary_large_image","twitter_site":"@meetcodyai","twitter_misc":{"Est. reading time":"2 minutes"},"schema":{"@context":"https:\/\/schema.org","@graph":[{"@type":"WebPage","@id":"https:\/\/meetcody.ai\/es\/seguridad\/boletines-de-seguridad\/","url":"https:\/\/meetcody.ai\/es\/seguridad\/boletines-de-seguridad\/","name":"Boletines de seguridad - Cody - The AI Trained on Your Business","isPartOf":{"@id":"https:\/\/meetcody.ai\/#website"},"datePublished":"2024-10-03T23:41:42+00:00","dateModified":"2024-10-04T00:10:43+00:00","breadcrumb":{"@id":"https:\/\/meetcody.ai\/es\/seguridad\/boletines-de-seguridad\/#breadcrumb"},"inLanguage":"es-ES","potentialAction":[{"@type":"ReadAction","target":["https:\/\/meetcody.ai\/es\/seguridad\/boletines-de-seguridad\/"]}]},{"@type":"BreadcrumbList","@id":"https:\/\/meetcody.ai\/es\/seguridad\/boletines-de-seguridad\/#breadcrumb","itemListElement":[{"@type":"ListItem","position":1,"name":"Home","item":"https:\/\/meetcody.ai\/es\/inicio-v2\/"},{"@type":"ListItem","position":2,"name":"Seguridad","item":"https:\/\/meetcody.ai\/seguridad\/"},{"@type":"ListItem","position":3,"name":"Boletines de seguridad"}]},{"@type":"WebSite","@id":"https:\/\/meetcody.ai\/#website","url":"https:\/\/meetcody.ai\/","name":"Cody AI - The AI Trained on Your Business","description":"AI Powered Knowledge Base for Employees","publisher":{"@id":"https:\/\/meetcody.ai\/#organization"},"potentialAction":[{"@type":"SearchAction","target":{"@type":"EntryPoint","urlTemplate":"https:\/\/meetcody.ai\/?s={search_term_string}"},"query-input":{"@type":"PropertyValueSpecification","valueRequired":true,"valueName":"search_term_string"}}],"inLanguage":"es-ES"},{"@type":"Organization","@id":"https:\/\/meetcody.ai\/#organization","name":"Cody AI - The AI Trained on Your Business","url":"https:\/\/meetcody.ai\/","logo":{"@type":"ImageObject","inLanguage":"es-ES","@id":"https:\/\/meetcody.ai\/#\/schema\/logo\/image\/","url":"https:\/\/meetcody.ai\/wp-content\/uploads\/2023\/05\/logo-codyai.svg","contentUrl":"https:\/\/meetcody.ai\/wp-content\/uploads\/2023\/05\/logo-codyai.svg","width":"1024","height":"1024","caption":"Cody AI - The AI Trained on Your Business"},"image":{"@id":"https:\/\/meetcody.ai\/#\/schema\/logo\/image\/"},"sameAs":["https:\/\/x.com\/meetcodyai","https:\/\/discord.com\/invite\/jXEVDcFxqs"]}]}},"_links":{"self":[{"href":"https:\/\/meetcody.ai\/es\/wp-json\/wp\/v2\/pages\/49792","targetHints":{"allow":["GET"]}}],"collection":[{"href":"https:\/\/meetcody.ai\/es\/wp-json\/wp\/v2\/pages"}],"about":[{"href":"https:\/\/meetcody.ai\/es\/wp-json\/wp\/v2\/types\/page"}],"author":[{"embeddable":true,"href":"https:\/\/meetcody.ai\/es\/wp-json\/wp\/v2\/users\/1"}],"replies":[{"embeddable":true,"href":"https:\/\/meetcody.ai\/es\/wp-json\/wp\/v2\/comments?post=49792"}],"version-history":[{"count":14,"href":"https:\/\/meetcody.ai\/es\/wp-json\/wp\/v2\/pages\/49792\/revisions"}],"predecessor-version":[{"id":50167,"href":"https:\/\/meetcody.ai\/es\/wp-json\/wp\/v2\/pages\/49792\/revisions\/50167"}],"up":[{"embeddable":true,"href":"https:\/\/meetcody.ai\/es\/wp-json\/wp\/v2\/pages\/49819"}],"wp:attachment":[{"href":"https:\/\/meetcody.ai\/es\/wp-json\/wp\/v2\/media?parent=49792"}],"curies":[{"name":"wp","href":"https:\/\/api.w.org\/{rel}","templated":true}]}}