{"id":49642,"date":"2024-10-03T23:38:29","date_gmt":"2024-10-03T23:38:29","guid":{"rendered":"https:\/\/meetcody.ai\/subprocesadores\/"},"modified":"2024-10-03T23:57:08","modified_gmt":"2024-10-03T23:57:08","slug":"subprocesadores","status":"publish","type":"page","link":"https:\/\/meetcody.ai\/es\/conformidad\/subprocesadores\/","title":{"rendered":"Subprocesadores"},"content":{"rendered":"<div class=\"wpb-content-wrapper\"><p>[vc_section el_id=&#8221;privacy-policy-section_0&#8243;][vc_row][vc_column][vc_row_inner el_class=&#8221;row no-padding-vc&#8221;][vc_column_inner][vc_column_text el_class=&#8221;large-text-left text-center&#8221;]\u00daltima modificaci\u00f3n 8 de julio de 2024 Subencargados del tratamiento de datos de terceros Cody LLC utiliza las entidades de terceros que se indican a continuaci\u00f3n (cada una de ellas, un &#8220;subencargado del tratamiento&#8221;) para procesar datos personales en nombre de los clientes de Cody LLC y de conformidad con las condiciones contractuales entre Cody LLC y el subencargado del tratamiento para mantener los compromisos de Cody LLC en el Anexo de procesamiento de datos de Cody LLC.<br \/>\nEsta lista contiene los subencargados del tratamiento de los servicios generalmente disponibles de Cody LLC.<br \/>\nPuedes encontrar m\u00e1s informaci\u00f3n relativa a las medidas de seguridad de los subencargados del tratamiento a trav\u00e9s de los enlaces externos que aparecen a continuaci\u00f3n.<br \/>\nTen en cuenta que si utilizas la residencia de datos de Cody LLC, los datos fijados permanecen en tu ubicaci\u00f3n especificada, tal y como se describe en esta p\u00e1gina.[\/vc_column_text][vc_empty_space height=&#8221;50px&#8221; el_class=&#8221;show-for-large&#8221;][vc_column_text el_class=&#8221;large-text-left text-center&#8221;]<\/p>\n<div class=\"recommended-settings\">\n<table>\n<thead>\n<tr>\n<th>\n<h5 class=\"font-color-white no-margin-bottom\">Subprocesador<\/h5>\n<\/th>\n<th>\n<h5 class=\"font-color-white no-margin-bottom\">Productos en la nube aplicables<\/h5>\n<\/th>\n<th>\n<h5 class=\"font-color-white no-margin-bottom\">Naturaleza y finalidad del tratamiento<\/h5>\n<\/th>\n<th>\n<h5 class=\"font-color-white no-margin-bottom\">Lugar de procesamiento<\/h5>\n<\/th>\n<th>\n<h5 class=\"font-color-white no-margin-bottom\">Medidas de seguridad<\/h5>\n<\/th>\n<\/tr>\n<\/thead>\n<tbody>\n<tr>\n<td><span class=\"font-weight-bold font-color-secondary\">AWS<\/span><\/td>\n<td>Todos los productos en la nube de Cody LLC<\/td>\n<td>Proveedor de alojamiento en la nube<\/td>\n<td>EE.UU.<\/td>\n<td><a class=\"link-arrow-out font-color-secondary\" href=\"https:\/\/aws.amazon.com\/compliance\/programs\/\">Programas de conformidad de AWS<\/a><\/td>\n<\/tr>\n<tr>\n<td><span class=\"font-weight-bold font-color-secondary\">Cloudconvert<\/span><\/td>\n<td>Todos los productos en la nube de Cody LLC<\/td>\n<td>Servicios de conversi\u00f3n de archivos<\/td>\n<td>EE.UU.<\/td>\n<td><a class=\"link-arrow-out font-color-secondary\" href=\"https:\/\/cloudconvert.com\/security\">Seguridad Cloudconvert<\/a><\/td>\n<\/tr>\n<tr>\n<td><span class=\"font-weight-bold font-color-secondary\">OpenAI<\/span><\/td>\n<td>Todos los productos en la nube de Cody LLC con funciones de inteligencia<\/td>\n<td>Proveedor de servicios de IA generativa para productos con funciones de inteligencia<\/td>\n<td>EE.UU.<\/td>\n<td><a class=\"link-arrow-out font-color-secondary\" href=\"https:\/\/www.openai.com\/security\/\">Seguridad y confianza<\/a><\/td>\n<\/tr>\n<tr>\n<td><span class=\"font-weight-bold font-color-secondary\">Antr\u00f3pico<\/span><\/td>\n<td>Todos los productos en la nube de Cody LLC con funciones de inteligencia<\/td>\n<td>Proveedor de servicios de IA generativa para productos con funciones de inteligencia<\/td>\n<td>EE.UU.<\/td>\n<td><a class=\"link-arrow-out font-color-secondary\" href=\"https:\/\/www.anthropic.com\/security\">Seguridad antr\u00f3pica<\/a><\/td>\n<\/tr>\n<tr>\n<td><span class=\"font-weight-bold font-color-secondary\">SingleStore<\/span><\/td>\n<td>Todos los productos en la nube de Cody LLC<\/td>\n<td>Servicios de gesti\u00f3n de bases de datos<\/td>\n<td>EE.UU.<\/td>\n<td><a class=\"link-arrow-out font-color-secondary\" href=\"https:\/\/www.singlestore.com\/security\/\">SingleStore Seguridad<\/a><\/td>\n<\/tr>\n<tr>\n<td><span class=\"font-weight-bold font-color-secondary\">Raya<\/span><\/td>\n<td>Todos los productos en la nube de Cody LLC<\/td>\n<td>Facturaci\u00f3n y procesamiento de pagos<\/td>\n<td>EE.UU.<\/td>\n<td><a class=\"link-arrow-out font-color-secondary\" href=\"https:\/\/stripe.com\/docs\/security\">Seguridad Stripe<\/a><\/td>\n<\/tr>\n<tr>\n<td><span class=\"font-weight-bold font-color-secondary\">Interfono<\/span><\/td>\n<td>Todos los productos en la nube de Cody LLC<\/td>\n<td>Servicios de atenci\u00f3n al cliente y mensajer\u00eda<\/td>\n<td>EE.UU.<\/td>\n<td><a class=\"link-arrow-out font-color-secondary\" href=\"https:\/\/www.intercom.com\/security\">Interfono Seguridad<\/a><\/td>\n<\/tr>\n<\/tbody>\n<\/table>\n<\/div>\n<p>[\/vc_column_text][vc_empty_space height=&#8221;90px&#8221; el_class=&#8221;hide-for-large&#8221;][\/vc_column_inner][\/vc_row_inner][vc_empty_space height=&#8221;90px&#8221; el_class=&#8221;show-for-large&#8221;][vc_empty_space height=&#8221;45px&#8221; el_class=&#8221;hide-for-large&#8221;][\/vc_column][\/vc_row][\/vc_section]<\/p>\n<\/div>","protected":false},"excerpt":{"rendered":"<p>[vc_section el_id=&#8221;privacy-policy-section_0&#8243;][vc_row][vc_column][vc_row_inner el_class=&#8221;row no-padding-vc&#8221;][vc_column_inner][vc_column_text el_class=&#8221;large-text-left text-center&#8221;]\u00daltima modificaci\u00f3n 8 de julio de 2024 Subencargados del tratamiento de datos de terceros Cody LLC utiliza las entidades de terceros que se indican a continuaci\u00f3n (cada una de ellas, un &#8220;subencargado del tratamiento&#8221;) para procesar datos personales en nombre de los clientes de Cody LLC y de conformidad con<a class=\"excerpt-read-more\" href=\"https:\/\/meetcody.ai\/es\/conformidad\/subprocesadores\/\" title=\"ReadSubprocesadores\">&#8230; Read more &raquo;<\/a><\/p>\n","protected":false},"author":1,"featured_media":0,"parent":49829,"menu_order":0,"comment_status":"closed","ping_status":"closed","template":"template-full-width.php","meta":{"_acf_changed":false,"inline_featured_image":false,"footnotes":""},"class_list":["post-49642","page","type-page","status-publish","hentry"],"acf":[],"yoast_head":"<!-- This site is optimized with the Yoast SEO Premium plugin v21.8 (Yoast SEO v24.2) - https:\/\/yoast.com\/wordpress\/plugins\/seo\/ -->\n<title>Subprocesadores - Cody - The AI Trained on Your Business<\/title>\n<meta name=\"robots\" content=\"index, follow, max-snippet:-1, max-image-preview:large, max-video-preview:-1\" \/>\n<link rel=\"canonical\" href=\"https:\/\/meetcody.ai\/es\/conformidad\/subprocesadores\/\" \/>\n<meta property=\"og:locale\" content=\"es_ES\" \/>\n<meta property=\"og:type\" content=\"article\" \/>\n<meta property=\"og:title\" content=\"Subprocesadores\" \/>\n<meta property=\"og:description\" content=\"[vc_section el_id=&#8221;privacy-policy-section_0&#8243;][vc_row][vc_column][vc_row_inner el_class=&#8221;row no-padding-vc&#8221;][vc_column_inner][vc_column_text el_class=&#8221;large-text-left text-center&#8221;]\u00daltima modificaci\u00f3n 8 de julio de 2024 Subencargados del tratamiento de datos de terceros Cody LLC utiliza las entidades de terceros que se indican a continuaci\u00f3n (cada una de ellas, un &#8220;subencargado del tratamiento&#8221;) para procesar datos personales en nombre de los clientes de Cody LLC y de conformidad con... Read more &raquo;\" \/>\n<meta property=\"og:url\" content=\"https:\/\/meetcody.ai\/es\/conformidad\/subprocesadores\/\" \/>\n<meta property=\"og:site_name\" content=\"Cody - The AI Trained on Your Business\" \/>\n<meta property=\"article:modified_time\" content=\"2024-10-03T23:57:08+00:00\" \/>\n<meta property=\"og:image\" content=\"https:\/\/meetcody.ai\/wp-content\/uploads\/2023\/02\/grid_0-2.png\" \/>\n\t<meta property=\"og:image:width\" content=\"1536\" \/>\n\t<meta property=\"og:image:height\" content=\"1024\" \/>\n\t<meta property=\"og:image:type\" content=\"image\/png\" \/>\n<meta name=\"twitter:card\" content=\"summary_large_image\" \/>\n<meta name=\"twitter:site\" content=\"@meetcodyai\" \/>\n<meta name=\"twitter:label1\" content=\"Est. reading time\" \/>\n\t<meta name=\"twitter:data1\" content=\"2 minutes\" \/>\n<script type=\"application\/ld+json\" class=\"yoast-schema-graph\">{\"@context\":\"https:\/\/schema.org\",\"@graph\":[{\"@type\":\"WebPage\",\"@id\":\"https:\/\/meetcody.ai\/es\/conformidad\/subprocesadores\/\",\"url\":\"https:\/\/meetcody.ai\/es\/conformidad\/subprocesadores\/\",\"name\":\"Subprocesadores - Cody - The AI Trained on Your Business\",\"isPartOf\":{\"@id\":\"https:\/\/meetcody.ai\/#website\"},\"datePublished\":\"2024-10-03T23:38:29+00:00\",\"dateModified\":\"2024-10-03T23:57:08+00:00\",\"breadcrumb\":{\"@id\":\"https:\/\/meetcody.ai\/es\/conformidad\/subprocesadores\/#breadcrumb\"},\"inLanguage\":\"es-ES\",\"potentialAction\":[{\"@type\":\"ReadAction\",\"target\":[\"https:\/\/meetcody.ai\/es\/conformidad\/subprocesadores\/\"]}]},{\"@type\":\"BreadcrumbList\",\"@id\":\"https:\/\/meetcody.ai\/es\/conformidad\/subprocesadores\/#breadcrumb\",\"itemListElement\":[{\"@type\":\"ListItem\",\"position\":1,\"name\":\"Home\",\"item\":\"https:\/\/meetcody.ai\/es\/inicio-v2\/\"},{\"@type\":\"ListItem\",\"position\":2,\"name\":\"Conformidad\",\"item\":\"https:\/\/meetcody.ai\/conformidad\/\"},{\"@type\":\"ListItem\",\"position\":3,\"name\":\"Subprocesadores\"}]},{\"@type\":\"WebSite\",\"@id\":\"https:\/\/meetcody.ai\/#website\",\"url\":\"https:\/\/meetcody.ai\/\",\"name\":\"Cody AI - The AI Trained on Your Business\",\"description\":\"AI Powered Knowledge Base for Employees\",\"publisher\":{\"@id\":\"https:\/\/meetcody.ai\/#organization\"},\"potentialAction\":[{\"@type\":\"SearchAction\",\"target\":{\"@type\":\"EntryPoint\",\"urlTemplate\":\"https:\/\/meetcody.ai\/?s={search_term_string}\"},\"query-input\":{\"@type\":\"PropertyValueSpecification\",\"valueRequired\":true,\"valueName\":\"search_term_string\"}}],\"inLanguage\":\"es-ES\"},{\"@type\":\"Organization\",\"@id\":\"https:\/\/meetcody.ai\/#organization\",\"name\":\"Cody AI - The AI Trained on Your Business\",\"url\":\"https:\/\/meetcody.ai\/\",\"logo\":{\"@type\":\"ImageObject\",\"inLanguage\":\"es-ES\",\"@id\":\"https:\/\/meetcody.ai\/#\/schema\/logo\/image\/\",\"url\":\"https:\/\/meetcody.ai\/wp-content\/uploads\/2023\/05\/logo-codyai.svg\",\"contentUrl\":\"https:\/\/meetcody.ai\/wp-content\/uploads\/2023\/05\/logo-codyai.svg\",\"width\":\"1024\",\"height\":\"1024\",\"caption\":\"Cody AI - The AI Trained on Your Business\"},\"image\":{\"@id\":\"https:\/\/meetcody.ai\/#\/schema\/logo\/image\/\"},\"sameAs\":[\"https:\/\/x.com\/meetcodyai\",\"https:\/\/discord.com\/invite\/jXEVDcFxqs\"]}]}<\/script>\n<!-- \/ Yoast SEO Premium plugin. -->","yoast_head_json":{"title":"Subprocesadores - Cody - The AI Trained on Your Business","robots":{"index":"index","follow":"follow","max-snippet":"max-snippet:-1","max-image-preview":"max-image-preview:large","max-video-preview":"max-video-preview:-1"},"canonical":"https:\/\/meetcody.ai\/es\/conformidad\/subprocesadores\/","og_locale":"es_ES","og_type":"article","og_title":"Subprocesadores","og_description":"[vc_section el_id=&#8221;privacy-policy-section_0&#8243;][vc_row][vc_column][vc_row_inner el_class=&#8221;row no-padding-vc&#8221;][vc_column_inner][vc_column_text el_class=&#8221;large-text-left text-center&#8221;]\u00daltima modificaci\u00f3n 8 de julio de 2024 Subencargados del tratamiento de datos de terceros Cody LLC utiliza las entidades de terceros que se indican a continuaci\u00f3n (cada una de ellas, un &#8220;subencargado del tratamiento&#8221;) para procesar datos personales en nombre de los clientes de Cody LLC y de conformidad con... Read more &raquo;","og_url":"https:\/\/meetcody.ai\/es\/conformidad\/subprocesadores\/","og_site_name":"Cody - The AI Trained on Your Business","article_modified_time":"2024-10-03T23:57:08+00:00","og_image":[{"width":1536,"height":1024,"url":"https:\/\/meetcody.ai\/wp-content\/uploads\/2023\/02\/grid_0-2.png","type":"image\/png"}],"twitter_card":"summary_large_image","twitter_site":"@meetcodyai","twitter_misc":{"Est. reading time":"2 minutes"},"schema":{"@context":"https:\/\/schema.org","@graph":[{"@type":"WebPage","@id":"https:\/\/meetcody.ai\/es\/conformidad\/subprocesadores\/","url":"https:\/\/meetcody.ai\/es\/conformidad\/subprocesadores\/","name":"Subprocesadores - Cody - The AI Trained on Your Business","isPartOf":{"@id":"https:\/\/meetcody.ai\/#website"},"datePublished":"2024-10-03T23:38:29+00:00","dateModified":"2024-10-03T23:57:08+00:00","breadcrumb":{"@id":"https:\/\/meetcody.ai\/es\/conformidad\/subprocesadores\/#breadcrumb"},"inLanguage":"es-ES","potentialAction":[{"@type":"ReadAction","target":["https:\/\/meetcody.ai\/es\/conformidad\/subprocesadores\/"]}]},{"@type":"BreadcrumbList","@id":"https:\/\/meetcody.ai\/es\/conformidad\/subprocesadores\/#breadcrumb","itemListElement":[{"@type":"ListItem","position":1,"name":"Home","item":"https:\/\/meetcody.ai\/es\/inicio-v2\/"},{"@type":"ListItem","position":2,"name":"Conformidad","item":"https:\/\/meetcody.ai\/conformidad\/"},{"@type":"ListItem","position":3,"name":"Subprocesadores"}]},{"@type":"WebSite","@id":"https:\/\/meetcody.ai\/#website","url":"https:\/\/meetcody.ai\/","name":"Cody AI - The AI Trained on Your Business","description":"AI Powered Knowledge Base for Employees","publisher":{"@id":"https:\/\/meetcody.ai\/#organization"},"potentialAction":[{"@type":"SearchAction","target":{"@type":"EntryPoint","urlTemplate":"https:\/\/meetcody.ai\/?s={search_term_string}"},"query-input":{"@type":"PropertyValueSpecification","valueRequired":true,"valueName":"search_term_string"}}],"inLanguage":"es-ES"},{"@type":"Organization","@id":"https:\/\/meetcody.ai\/#organization","name":"Cody AI - The AI Trained on Your Business","url":"https:\/\/meetcody.ai\/","logo":{"@type":"ImageObject","inLanguage":"es-ES","@id":"https:\/\/meetcody.ai\/#\/schema\/logo\/image\/","url":"https:\/\/meetcody.ai\/wp-content\/uploads\/2023\/05\/logo-codyai.svg","contentUrl":"https:\/\/meetcody.ai\/wp-content\/uploads\/2023\/05\/logo-codyai.svg","width":"1024","height":"1024","caption":"Cody AI - The AI Trained on Your Business"},"image":{"@id":"https:\/\/meetcody.ai\/#\/schema\/logo\/image\/"},"sameAs":["https:\/\/x.com\/meetcodyai","https:\/\/discord.com\/invite\/jXEVDcFxqs"]}]}},"_links":{"self":[{"href":"https:\/\/meetcody.ai\/es\/wp-json\/wp\/v2\/pages\/49642","targetHints":{"allow":["GET"]}}],"collection":[{"href":"https:\/\/meetcody.ai\/es\/wp-json\/wp\/v2\/pages"}],"about":[{"href":"https:\/\/meetcody.ai\/es\/wp-json\/wp\/v2\/types\/page"}],"author":[{"embeddable":true,"href":"https:\/\/meetcody.ai\/es\/wp-json\/wp\/v2\/users\/1"}],"replies":[{"embeddable":true,"href":"https:\/\/meetcody.ai\/es\/wp-json\/wp\/v2\/comments?post=49642"}],"version-history":[{"count":41,"href":"https:\/\/meetcody.ai\/es\/wp-json\/wp\/v2\/pages\/49642\/revisions"}],"predecessor-version":[{"id":50099,"href":"https:\/\/meetcody.ai\/es\/wp-json\/wp\/v2\/pages\/49642\/revisions\/50099"}],"up":[{"embeddable":true,"href":"https:\/\/meetcody.ai\/es\/wp-json\/wp\/v2\/pages\/49829"}],"wp:attachment":[{"href":"https:\/\/meetcody.ai\/es\/wp-json\/wp\/v2\/media?parent=49642"}],"curies":[{"name":"wp","href":"https:\/\/api.w.org\/{rel}","templated":true}]}}