{"id":30311,"date":"2023-08-30T17:02:33","date_gmt":"2023-08-30T17:02:33","guid":{"rendered":"https:\/\/meetcody.ai\/ia-para-discordia\/"},"modified":"2023-08-30T17:02:47","modified_gmt":"2023-08-30T17:02:47","slug":"ia-para-discordia","status":"publish","type":"page","link":"https:\/\/meetcody.ai\/es\/ia-para-discordia\/","title":{"rendered":"IA para Discordia"},"content":{"rendered":"<div class=\"wpb-content-wrapper\"><p>[vc_section el_id=&#8221;cody-for-slack-section_0&#8243;][vc_row][vc_column][vc_empty_space height=&#8221;90px&#8221; el_class=&#8221;show-for-large&#8221;][vc_empty_space height=&#8221;45px&#8221; el_class=&#8221;hide-for-large&#8221;][vc_row_inner el_class=&#8221;row no-padding-vc&#8221;][vc_column_inner][vc_column_text el_class=&#8221;text-center&#8221;]<\/p>\n<h1 class=\"margin-bottom-1point5rem font-color-gradient page-heading\">Transforme su servidor Discord<br \/>\ncon IA personalizada<\/h1>\n<p>[\/vc_column_text][vc_empty_space height=&#8221;45px&#8221;][vc_column_text el_class=&#8221;text-center&#8221;]<\/p>\n<p class=\"no-margin-bottom remove-br\">Integrar un ChatGPT personalizado en tu servidor Discord es ahora m\u00e1s r\u00e1pido y f\u00e1cil que nunca.<\/p>\n<p>[\/vc_column_text][\/vc_column_inner][\/vc_row_inner][vc_empty_space height=&#8221;90px&#8221; el_class=&#8221;show-for-large&#8221;][vc_empty_space height=&#8221;45px&#8221; el_class=&#8221;hide-for-large&#8221;][vc_row_inner el_class=&#8221;row no-padding-vc&#8221;][vc_column_inner][vc_column_text el_class=&#8221;text-center&#8221;]<\/p>\n<p><img loading=\"lazy\" decoding=\"async\" class=\"alignnone size-full wp-image-30300\" src=\"https:\/\/meetcody.ai\/wp-content\/uploads\/2023\/08\/DiscordCover3.png\" alt=\"\" width=\"1234\" height=\"780\" srcset=\"https:\/\/meetcody.ai\/wp-content\/uploads\/2023\/08\/DiscordCover3.png 1234w, https:\/\/meetcody.ai\/wp-content\/uploads\/2023\/08\/DiscordCover3-300x190.png 300w, https:\/\/meetcody.ai\/wp-content\/uploads\/2023\/08\/DiscordCover3-1024x647.png 1024w, https:\/\/meetcody.ai\/wp-content\/uploads\/2023\/08\/DiscordCover3-768x485.png 768w, https:\/\/meetcody.ai\/wp-content\/uploads\/2023\/08\/DiscordCover3-1025x648.png 1025w\" sizes=\"auto, (max-width: 1234px) 100vw, 1234px\" \/>[\/vc_column_text][\/vc_column_inner][\/vc_row_inner][vc_empty_space height=&#8221;45px&#8221;][vc_row_inner el_class=&#8221;row no-padding-vc&#8221;][vc_column_inner][vc_column_text el_class=&#8221;text-center&#8221;]<a class=\"button header-button no-margin-bottom\" href=\"https:\/\/getcody.ai\/auth\/signup\" target=\"_blank\" rel=\"noopener\"><span class=\"\">Empezar ahora<\/span><\/a>[\/vc_column_text][\/vc_column_inner][\/vc_row_inner][\/vc_column][\/vc_row][\/vc_section][vc_section el_id=&#8221;cody-for-slack-section_1&#8243;][vc_row][vc_column][vc_empty_space height=&#8221;90px&#8221; el_class=&#8221;show-for-large&#8221;][vc_empty_space height=&#8221;45px&#8221; el_class=&#8221;hide-for-large&#8221;][vc_row_inner equal_height=&#8221;yes&#8221; content_placement=&#8221;middle&#8221; el_class=&#8221;row no-padding-vc&#8221;][vc_column_inner el_class=&#8221;large-order-1&#8243; width=&#8221;1\/2&#8243;][vc_column_text el_class=&#8221;text-center&#8221;]<\/p>\n<p><img loading=\"lazy\" decoding=\"async\" class=\"alignnone size-full wp-image-30282\" src=\"https:\/\/meetcody.ai\/wp-content\/uploads\/2023\/08\/DiscordCover1.png\" alt=\"\" width=\"1234\" height=\"735\" srcset=\"https:\/\/meetcody.ai\/wp-content\/uploads\/2023\/08\/DiscordCover1.png 1234w, https:\/\/meetcody.ai\/wp-content\/uploads\/2023\/08\/DiscordCover1-300x179.png 300w, https:\/\/meetcody.ai\/wp-content\/uploads\/2023\/08\/DiscordCover1-1024x610.png 1024w, https:\/\/meetcody.ai\/wp-content\/uploads\/2023\/08\/DiscordCover1-768x457.png 768w, https:\/\/meetcody.ai\/wp-content\/uploads\/2023\/08\/DiscordCover1-1088x648.png 1088w\" sizes=\"auto, (max-width: 1234px) 100vw, 1234px\" \/>[\/vc_column_text][vc_empty_space height=&#8221;45px&#8221; el_class=&#8221;hide-for-large&#8221;][\/vc_column_inner][vc_column_inner el_class=&#8221;large-order-0&#8243; width=&#8221;1\/2&#8243;][vc_column_text el_class=&#8221;large-text-left text-center extra-large-padding-right-for-large&#8221;]<\/p>\n<h1 class=\"font-color-white margin-bottom-2point5rem\"><span class=\"notion-enable-hover\" data-token-index=\"0\">Haga que su servidor sea m\u00e1s interactivo<\/span><\/h1>\n<p class=\"no-margin-bottom font-color-white\">Desh\u00e1gase de los viejos mensajes preestablecidos. Con Cody, disfruta de conversaciones espont\u00e1neas y atractivas que hacen que los usuarios vuelvan a por m\u00e1s.<\/p>\n<p>[\/vc_column_text][\/vc_column_inner][\/vc_row_inner][vc_empty_space height=&#8221;90px&#8221; el_class=&#8221;show-for-large&#8221;][vc_empty_space height=&#8221;45px&#8221; el_class=&#8221;hide-for-large&#8221;][\/vc_column][\/vc_row][\/vc_section][vc_section el_id=&#8221;cody-for-slack-section_2&#8243;][vc_row][vc_column][vc_empty_space height=&#8221;90px&#8221; el_class=&#8221;show-for-large&#8221;][vc_empty_space height=&#8221;45px&#8221; el_class=&#8221;hide-for-large&#8221;][vc_row_inner equal_height=&#8221;yes&#8221; content_placement=&#8221;middle&#8221; el_class=&#8221;row no-padding-vc&#8221;][vc_column_inner width=&#8221;1\/2&#8243;][vc_column_text el_class=&#8221;text-center&#8221;]<\/p>\n<p><img loading=\"lazy\" decoding=\"async\" class=\"alignnone size-full wp-image-30291\" src=\"https:\/\/meetcody.ai\/wp-content\/uploads\/2023\/08\/DiscordCover2.png\" alt=\"\" width=\"1234\" height=\"781\" srcset=\"https:\/\/meetcody.ai\/wp-content\/uploads\/2023\/08\/DiscordCover2.png 1234w, https:\/\/meetcody.ai\/wp-content\/uploads\/2023\/08\/DiscordCover2-300x190.png 300w, https:\/\/meetcody.ai\/wp-content\/uploads\/2023\/08\/DiscordCover2-1024x648.png 1024w, https:\/\/meetcody.ai\/wp-content\/uploads\/2023\/08\/DiscordCover2-768x486.png 768w\" sizes=\"auto, (max-width: 1234px) 100vw, 1234px\" \/>[\/vc_column_text][vc_empty_space height=&#8221;45px&#8221; el_class=&#8221;hide-for-large&#8221;][\/vc_column_inner][vc_column_inner width=&#8221;1\/2&#8243;][vc_column_text el_class=&#8221;large-text-left text-center extra-large-padding-left-for-large&#8221;]<\/p>\n<h1 class=\"font-color-white margin-bottom-2point5rem\"><span class=\"notion-enable-hover\" data-token-index=\"0\">Agilice el acceso a su base de conocimientos<\/span><\/h1>\n<p class=\"no-margin-bottom font-color-white\">Se acabaron las tediosas b\u00fasquedas en las preguntas frecuentes. Cody permite a los usuarios consultar directamente su base de conocimientos, facilitando a su comunidad la comprensi\u00f3n y el acceso a los datos.<\/p>\n<p>[\/vc_column_text][\/vc_column_inner][\/vc_row_inner][vc_empty_space height=&#8221;90px&#8221; el_class=&#8221;show-for-large&#8221;][vc_empty_space height=&#8221;45px&#8221; el_class=&#8221;hide-for-large&#8221;][\/vc_column][\/vc_row][\/vc_section][vc_section el_id=&#8221;cody-for-slack-section_3&#8243;][vc_row][vc_column][vc_empty_space height=&#8221;90px&#8221; el_class=&#8221;show-for-large&#8221;][vc_empty_space height=&#8221;45px&#8221; el_class=&#8221;hide-for-large&#8221;][vc_row_inner equal_height=&#8221;yes&#8221; content_placement=&#8221;middle&#8221; el_class=&#8221;row no-padding-vc animated-gradient-bg has-semirounded-border&#8221;][vc_column_inner][vc_empty_space height=&#8221;100px&#8221;][vc_column_text el_class=&#8221;text-center&#8221;]<\/p>\n<h1 class=\"font-color-white margin-bottom-2point5rem\">Impulsa el trabajo en equipo ahora con Cody para Discord AI<\/h1>\n<p><a class=\"button header-button no-margin-bottom\" href=\"https:\/\/getcody.ai\/auth\/signup\" target=\"_blank\" rel=\"noopener\"><span class=\"\">Empezar gratis<\/span><\/a>[\/vc_column_text][vc_empty_space height=&#8221;100px&#8221;][\/vc_column_inner][\/vc_row_inner][vc_empty_space height=&#8221;90px&#8221; el_class=&#8221;show-for-large&#8221;][vc_empty_space height=&#8221;45px&#8221; el_class=&#8221;hide-for-large&#8221;][\/vc_column][\/vc_row][\/vc_section]<\/p>\n<\/div>","protected":false},"excerpt":{"rendered":"<p>[vc_section el_id=&#8221;cody-for-slack-section_0&#8243;][vc_row][vc_column][vc_empty_space height=&#8221;90px&#8221; el_class=&#8221;show-for-large&#8221;][vc_empty_space height=&#8221;45px&#8221; el_class=&#8221;hide-for-large&#8221;][vc_row_inner el_class=&#8221;row no-padding-vc&#8221;][vc_column_inner][vc_column_text el_class=&#8221;text-center&#8221;] Transforme su servidor Discord con IA personalizada [\/vc_column_text][vc_empty_space height=&#8221;45px&#8221;][vc_column_text el_class=&#8221;text-center&#8221;] Integrar un ChatGPT personalizado en tu servidor Discord es ahora m\u00e1s r\u00e1pido y f\u00e1cil que nunca. [\/vc_column_text][\/vc_column_inner][\/vc_row_inner][vc_empty_space height=&#8221;90px&#8221; el_class=&#8221;show-for-large&#8221;][vc_empty_space height=&#8221;45px&#8221; el_class=&#8221;hide-for-large&#8221;][vc_row_inner el_class=&#8221;row no-padding-vc&#8221;][vc_column_inner][vc_column_text el_class=&#8221;text-center&#8221;] [\/vc_column_text][\/vc_column_inner][\/vc_row_inner][vc_empty_space height=&#8221;45px&#8221;][vc_row_inner el_class=&#8221;row no-padding-vc&#8221;][vc_column_inner][vc_column_text el_class=&#8221;text-center&#8221;]Empezar ahora[\/vc_column_text][\/vc_column_inner][\/vc_row_inner][\/vc_column][\/vc_row][\/vc_section][vc_section el_id=&#8221;cody-for-slack-section_1&#8243;][vc_row][vc_column][vc_empty_space height=&#8221;90px&#8221; el_class=&#8221;show-for-large&#8221;][vc_empty_space height=&#8221;45px&#8221; el_class=&#8221;hide-for-large&#8221;][vc_row_inner equal_height=&#8221;yes&#8221;<a class=\"excerpt-read-more\" href=\"https:\/\/meetcody.ai\/es\/ia-para-discordia\/\" title=\"ReadIA para Discordia\">&#8230; Read more &raquo;<\/a><\/p>\n","protected":false},"author":1,"featured_media":0,"parent":0,"menu_order":0,"comment_status":"closed","ping_status":"closed","template":"template-visual-builder.php","meta":{"_acf_changed":false,"inline_featured_image":false,"footnotes":""},"class_list":["post-30311","page","type-page","status-publish","hentry"],"acf":[],"yoast_head":"<!-- This site is optimized with the Yoast SEO Premium plugin v21.8 (Yoast SEO v24.2) - https:\/\/yoast.com\/wordpress\/plugins\/seo\/ -->\n<title>IA para Discordia Formado en su negocio<\/title>\n<meta name=\"description\" content=\"Integrar un ChatGPT personalizado en tu servidor Discord es ahora m\u00e1s r\u00e1pido y f\u00e1cil que nunca.\" \/>\n<meta name=\"robots\" content=\"index, follow, max-snippet:-1, max-image-preview:large, max-video-preview:-1\" \/>\n<link rel=\"canonical\" href=\"https:\/\/meetcody.ai\/es\/ia-para-discordia\/\" \/>\n<meta property=\"og:locale\" content=\"es_ES\" \/>\n<meta property=\"og:type\" content=\"article\" \/>\n<meta property=\"og:title\" content=\"IA para Discordia\" \/>\n<meta property=\"og:description\" content=\"Integrar un ChatGPT personalizado en tu servidor Discord es ahora m\u00e1s r\u00e1pido y f\u00e1cil que nunca.\" \/>\n<meta property=\"og:url\" content=\"https:\/\/meetcody.ai\/es\/ia-para-discordia\/\" \/>\n<meta property=\"og:site_name\" content=\"Cody - The AI Trained on Your Business\" \/>\n<meta property=\"article:modified_time\" content=\"2023-08-30T17:02:47+00:00\" \/>\n<meta property=\"og:image\" content=\"https:\/\/meetcody.ai\/wp-content\/uploads\/2023\/08\/DiscordCover3.png\" \/>\n<meta name=\"twitter:card\" content=\"summary_large_image\" \/>\n<meta name=\"twitter:site\" content=\"@meetcodyai\" \/>\n<meta name=\"twitter:label1\" content=\"Est. reading time\" \/>\n\t<meta name=\"twitter:data1\" content=\"3 minutes\" \/>\n<script type=\"application\/ld+json\" class=\"yoast-schema-graph\">{\"@context\":\"https:\/\/schema.org\",\"@graph\":[{\"@type\":\"WebPage\",\"@id\":\"https:\/\/meetcody.ai\/es\/ia-para-discordia\/\",\"url\":\"https:\/\/meetcody.ai\/es\/ia-para-discordia\/\",\"name\":\"IA para Discordia Formado en su negocio\",\"isPartOf\":{\"@id\":\"https:\/\/meetcody.ai\/#website\"},\"primaryImageOfPage\":{\"@id\":\"https:\/\/meetcody.ai\/es\/ia-para-discordia\/#primaryimage\"},\"image\":{\"@id\":\"https:\/\/meetcody.ai\/es\/ia-para-discordia\/#primaryimage\"},\"thumbnailUrl\":\"https:\/\/meetcody.ai\/wp-content\/uploads\/2023\/08\/DiscordCover3.png\",\"datePublished\":\"2023-08-30T17:02:33+00:00\",\"dateModified\":\"2023-08-30T17:02:47+00:00\",\"description\":\"Integrar un ChatGPT personalizado en tu servidor Discord es ahora m\u00e1s r\u00e1pido y f\u00e1cil que nunca.\",\"breadcrumb\":{\"@id\":\"https:\/\/meetcody.ai\/es\/ia-para-discordia\/#breadcrumb\"},\"inLanguage\":\"es-ES\",\"potentialAction\":[{\"@type\":\"ReadAction\",\"target\":[\"https:\/\/meetcody.ai\/es\/ia-para-discordia\/\"]}]},{\"@type\":\"ImageObject\",\"inLanguage\":\"es-ES\",\"@id\":\"https:\/\/meetcody.ai\/es\/ia-para-discordia\/#primaryimage\",\"url\":\"https:\/\/meetcody.ai\/wp-content\/uploads\/2023\/08\/DiscordCover3.png\",\"contentUrl\":\"https:\/\/meetcody.ai\/wp-content\/uploads\/2023\/08\/DiscordCover3.png\"},{\"@type\":\"BreadcrumbList\",\"@id\":\"https:\/\/meetcody.ai\/es\/ia-para-discordia\/#breadcrumb\",\"itemListElement\":[{\"@type\":\"ListItem\",\"position\":1,\"name\":\"Home\",\"item\":\"https:\/\/meetcody.ai\/es\/inicio-v2\/\"},{\"@type\":\"ListItem\",\"position\":2,\"name\":\"IA para Discordia\"}]},{\"@type\":\"WebSite\",\"@id\":\"https:\/\/meetcody.ai\/#website\",\"url\":\"https:\/\/meetcody.ai\/\",\"name\":\"Cody AI - The AI Trained on Your Business\",\"description\":\"AI Powered Knowledge Base for Employees\",\"publisher\":{\"@id\":\"https:\/\/meetcody.ai\/#organization\"},\"potentialAction\":[{\"@type\":\"SearchAction\",\"target\":{\"@type\":\"EntryPoint\",\"urlTemplate\":\"https:\/\/meetcody.ai\/?s={search_term_string}\"},\"query-input\":{\"@type\":\"PropertyValueSpecification\",\"valueRequired\":true,\"valueName\":\"search_term_string\"}}],\"inLanguage\":\"es-ES\"},{\"@type\":\"Organization\",\"@id\":\"https:\/\/meetcody.ai\/#organization\",\"name\":\"Cody AI - The AI Trained on Your Business\",\"url\":\"https:\/\/meetcody.ai\/\",\"logo\":{\"@type\":\"ImageObject\",\"inLanguage\":\"es-ES\",\"@id\":\"https:\/\/meetcody.ai\/#\/schema\/logo\/image\/\",\"url\":\"https:\/\/meetcody.ai\/wp-content\/uploads\/2023\/05\/logo-codyai.svg\",\"contentUrl\":\"https:\/\/meetcody.ai\/wp-content\/uploads\/2023\/05\/logo-codyai.svg\",\"width\":\"1024\",\"height\":\"1024\",\"caption\":\"Cody AI - The AI Trained on Your Business\"},\"image\":{\"@id\":\"https:\/\/meetcody.ai\/#\/schema\/logo\/image\/\"},\"sameAs\":[\"https:\/\/x.com\/meetcodyai\",\"https:\/\/discord.com\/invite\/jXEVDcFxqs\"]}]}<\/script>\n<!-- \/ Yoast SEO Premium plugin. -->","yoast_head_json":{"title":"IA para Discordia Formado en su negocio","description":"Integrar un ChatGPT personalizado en tu servidor Discord es ahora m\u00e1s r\u00e1pido y f\u00e1cil que nunca.","robots":{"index":"index","follow":"follow","max-snippet":"max-snippet:-1","max-image-preview":"max-image-preview:large","max-video-preview":"max-video-preview:-1"},"canonical":"https:\/\/meetcody.ai\/es\/ia-para-discordia\/","og_locale":"es_ES","og_type":"article","og_title":"IA para Discordia","og_description":"Integrar un ChatGPT personalizado en tu servidor Discord es ahora m\u00e1s r\u00e1pido y f\u00e1cil que nunca.","og_url":"https:\/\/meetcody.ai\/es\/ia-para-discordia\/","og_site_name":"Cody - The AI Trained on Your Business","article_modified_time":"2023-08-30T17:02:47+00:00","og_image":[{"url":"https:\/\/meetcody.ai\/wp-content\/uploads\/2023\/08\/DiscordCover3.png","type":"","width":"","height":""}],"twitter_card":"summary_large_image","twitter_site":"@meetcodyai","twitter_misc":{"Est. reading time":"3 minutes"},"schema":{"@context":"https:\/\/schema.org","@graph":[{"@type":"WebPage","@id":"https:\/\/meetcody.ai\/es\/ia-para-discordia\/","url":"https:\/\/meetcody.ai\/es\/ia-para-discordia\/","name":"IA para Discordia Formado en su negocio","isPartOf":{"@id":"https:\/\/meetcody.ai\/#website"},"primaryImageOfPage":{"@id":"https:\/\/meetcody.ai\/es\/ia-para-discordia\/#primaryimage"},"image":{"@id":"https:\/\/meetcody.ai\/es\/ia-para-discordia\/#primaryimage"},"thumbnailUrl":"https:\/\/meetcody.ai\/wp-content\/uploads\/2023\/08\/DiscordCover3.png","datePublished":"2023-08-30T17:02:33+00:00","dateModified":"2023-08-30T17:02:47+00:00","description":"Integrar un ChatGPT personalizado en tu servidor Discord es ahora m\u00e1s r\u00e1pido y f\u00e1cil que nunca.","breadcrumb":{"@id":"https:\/\/meetcody.ai\/es\/ia-para-discordia\/#breadcrumb"},"inLanguage":"es-ES","potentialAction":[{"@type":"ReadAction","target":["https:\/\/meetcody.ai\/es\/ia-para-discordia\/"]}]},{"@type":"ImageObject","inLanguage":"es-ES","@id":"https:\/\/meetcody.ai\/es\/ia-para-discordia\/#primaryimage","url":"https:\/\/meetcody.ai\/wp-content\/uploads\/2023\/08\/DiscordCover3.png","contentUrl":"https:\/\/meetcody.ai\/wp-content\/uploads\/2023\/08\/DiscordCover3.png"},{"@type":"BreadcrumbList","@id":"https:\/\/meetcody.ai\/es\/ia-para-discordia\/#breadcrumb","itemListElement":[{"@type":"ListItem","position":1,"name":"Home","item":"https:\/\/meetcody.ai\/es\/inicio-v2\/"},{"@type":"ListItem","position":2,"name":"IA para Discordia"}]},{"@type":"WebSite","@id":"https:\/\/meetcody.ai\/#website","url":"https:\/\/meetcody.ai\/","name":"Cody AI - The AI Trained on Your Business","description":"AI Powered Knowledge Base for Employees","publisher":{"@id":"https:\/\/meetcody.ai\/#organization"},"potentialAction":[{"@type":"SearchAction","target":{"@type":"EntryPoint","urlTemplate":"https:\/\/meetcody.ai\/?s={search_term_string}"},"query-input":{"@type":"PropertyValueSpecification","valueRequired":true,"valueName":"search_term_string"}}],"inLanguage":"es-ES"},{"@type":"Organization","@id":"https:\/\/meetcody.ai\/#organization","name":"Cody AI - The AI Trained on Your Business","url":"https:\/\/meetcody.ai\/","logo":{"@type":"ImageObject","inLanguage":"es-ES","@id":"https:\/\/meetcody.ai\/#\/schema\/logo\/image\/","url":"https:\/\/meetcody.ai\/wp-content\/uploads\/2023\/05\/logo-codyai.svg","contentUrl":"https:\/\/meetcody.ai\/wp-content\/uploads\/2023\/05\/logo-codyai.svg","width":"1024","height":"1024","caption":"Cody AI - The AI Trained on Your Business"},"image":{"@id":"https:\/\/meetcody.ai\/#\/schema\/logo\/image\/"},"sameAs":["https:\/\/x.com\/meetcodyai","https:\/\/discord.com\/invite\/jXEVDcFxqs"]}]}},"_links":{"self":[{"href":"https:\/\/meetcody.ai\/es\/wp-json\/wp\/v2\/pages\/30311","targetHints":{"allow":["GET"]}}],"collection":[{"href":"https:\/\/meetcody.ai\/es\/wp-json\/wp\/v2\/pages"}],"about":[{"href":"https:\/\/meetcody.ai\/es\/wp-json\/wp\/v2\/types\/page"}],"author":[{"embeddable":true,"href":"https:\/\/meetcody.ai\/es\/wp-json\/wp\/v2\/users\/1"}],"replies":[{"embeddable":true,"href":"https:\/\/meetcody.ai\/es\/wp-json\/wp\/v2\/comments?post=30311"}],"version-history":[{"count":2,"href":"https:\/\/meetcody.ai\/es\/wp-json\/wp\/v2\/pages\/30311\/revisions"}],"predecessor-version":[{"id":30319,"href":"https:\/\/meetcody.ai\/es\/wp-json\/wp\/v2\/pages\/30311\/revisions\/30319"}],"wp:attachment":[{"href":"https:\/\/meetcody.ai\/es\/wp-json\/wp\/v2\/media?parent=30311"}],"curies":[{"name":"wp","href":"https:\/\/api.w.org\/{rel}","templated":true}]}}