{"id":29939,"date":"2023-08-28T03:02:04","date_gmt":"2023-08-28T03:02:04","guid":{"rendered":"https:\/\/meetcody.ai\/cody-para-slack\/"},"modified":"2023-09-13T14:29:50","modified_gmt":"2023-09-13T14:29:50","slug":"cody-para-slack","status":"publish","type":"page","link":"https:\/\/meetcody.ai\/es\/cody-para-slack\/","title":{"rendered":"IA para Slack"},"content":{"rendered":"<div class=\"wpb-content-wrapper\"><p>[vc_section el_id=&#8221;cody-for-slack-section_0&#8243;][vc_row][vc_column][vc_empty_space height=&#8221;90px&#8221; el_class=&#8221;show-for-large&#8221;][vc_empty_space height=&#8221;45px&#8221; el_class=&#8221;hide-for-large&#8221;][vc_row_inner el_class=&#8221;row no-padding-vc&#8221;][vc_column_inner][vc_column_text el_class=&#8221;text-center&#8221;]<\/p>\n<h1 class=\"margin-bottom-1point5rem font-color-gradient page-heading\">Capacite a su equipo<br \/>\ncon Business AI para Slack<\/h1>\n<p>[\/vc_column_text][vc_empty_space height=&#8221;45px&#8221;][vc_column_text el_class=&#8221;text-center&#8221;]<\/p>\n<p class=\"no-margin-bottom remove-br\">Une a tu equipo como nunca antes con nuestra IA inteligente de Slack, Cody. Mejorar la colaboraci\u00f3n,<br \/>\nagilizar la comunicaci\u00f3n y aumentar la productividad de su equipo.<\/p>\n<p>[\/vc_column_text][\/vc_column_inner][\/vc_row_inner][vc_empty_space height=&#8221;90px&#8221; el_class=&#8221;show-for-large&#8221;][vc_empty_space height=&#8221;45px&#8221; el_class=&#8221;hide-for-large&#8221;][vc_row_inner el_class=&#8221;row no-padding-vc&#8221;][vc_column_inner][vc_column_text el_class=&#8221;text-center&#8221;]<img loading=\"lazy\" decoding=\"async\" class=\"alignnone wp-image-29909\" src=\"\/wp-content\/uploads\/2023\/08\/cody-for-slack-section_0-img_1.png\" alt=\"IA para Slack  \" width=\"1200\" height=\"885\"><\/p>\n<p>[\/vc_column_text][\/vc_column_inner][\/vc_row_inner][vc_empty_space height=&#8221;45px&#8221;][vc_row_inner el_class=&#8221;row no-padding-vc&#8221;][vc_column_inner][vc_column_text el_class=&#8221;text-center&#8221;]<a href=\"https:\/\/slack.com\/oauth\/v2\/authorize?client_id=4788846187559.5430113500931&amp;scope=app_mentions:read,chat:write,commands,im:history,im:read,metadata.message:read,users:read&amp;user_scope=\"><img loading=\"lazy\" decoding=\"async\" class=\"aligncenter\" src=\"https:\/\/platform.slack-edge.com\/img\/add_to_slack.png\" srcset=\"https:\/\/platform.slack-edge.com\/img\/add_to_slack.png 1x, https:\/\/platform.slack-edge.com\/img\/add_to_slack@2x.png 2x\" alt=\"A\u00f1adir a Slack\" width=\"139\" height=\"40\"><\/a>[\/vc_column_text][\/vc_column_inner][\/vc_row_inner][\/vc_column][\/vc_row][\/vc_section][vc_section el_id=&#8221;cody-for-slack-section_1&#8243;][vc_row][vc_column][vc_empty_space height=&#8221;90px&#8221; el_class=&#8221;show-for-large&#8221;][vc_empty_space height=&#8221;45px&#8221; el_class=&#8221;hide-for-large&#8221;][vc_row_inner equal_height=&#8221;yes&#8221; content_placement=&#8221;middle&#8221; el_class=&#8221;row no-padding-vc&#8221;][vc_column_inner el_class=&#8221;large-order-1&#8243; width=&#8221;1\/2&#8243;][vc_column_text el_class=&#8221;text-center&#8221;]<img decoding=\"async\" class=\"alignnone size-full wp-image-29995\" src=\"\/wp-content\/uploads\/2023\/08\/cody-for-slack-section_1-img.png\" alt=\"\" width=\"100%\" height=\"1670\" srcset=\"https:\/\/meetcody.ai\/wp-content\/uploads\/2023\/08\/cody-for-slack-section_1-img.png 2275w, https:\/\/meetcody.ai\/wp-content\/uploads\/2023\/08\/cody-for-slack-section_1-img-300x220.png 300w, https:\/\/meetcody.ai\/wp-content\/uploads\/2023\/08\/cody-for-slack-section_1-img-1024x752.png 1024w, https:\/\/meetcody.ai\/wp-content\/uploads\/2023\/08\/cody-for-slack-section_1-img-768x564.png 768w, https:\/\/meetcody.ai\/wp-content\/uploads\/2023\/08\/cody-for-slack-section_1-img-1536x1128.png 1536w, https:\/\/meetcody.ai\/wp-content\/uploads\/2023\/08\/cody-for-slack-section_1-img-2048x1503.png 2048w, https:\/\/meetcody.ai\/wp-content\/uploads\/2023\/08\/cody-for-slack-section_1-img-883x648.png 883w\" sizes=\"(max-width: 2275px) 100vw, 2275px\" \/>[\/vc_column_text][vc_empty_space height=&#8221;45px&#8221; el_class=&#8221;hide-for-large&#8221;][\/vc_column_inner][vc_column_inner el_class=&#8221;large-order-0&#8243; width=&#8221;1\/2&#8243;][vc_column_text el_class=&#8221;large-text-left text-center extra-large-padding-right-for-large&#8221;]<\/p>\n<h1 class=\"font-color-white margin-bottom-2point5rem\">Colaboraci\u00f3n en equipo simplificada<\/h1>\n<p class=\"no-margin-bottom font-color-white\">Libere el poder de la informaci\u00f3n en tiempo real con Cody para Slack AI. Al facilitar el acceso a los conocimientos, su equipo puede responder a las consultas al instante y trabajar con mayor eficacia. Adem\u00e1s, la capacidad de Cody para trabajar en canales compartidos significa que todo el mundo se mantiene informado, lo que fomenta un entorno de equipo m\u00e1s colaborativo e informado.<\/p>\n<p>[\/vc_column_text][\/vc_column_inner][\/vc_row_inner][vc_empty_space height=&#8221;90px&#8221; el_class=&#8221;show-for-large&#8221;][vc_empty_space height=&#8221;45px&#8221; el_class=&#8221;hide-for-large&#8221;][\/vc_column][\/vc_row][\/vc_section][vc_section el_id=&#8221;cody-for-slack-section_2&#8243;][vc_row][vc_column][vc_empty_space height=&#8221;90px&#8221; el_class=&#8221;show-for-large&#8221;][vc_empty_space height=&#8221;45px&#8221; el_class=&#8221;hide-for-large&#8221;][vc_row_inner equal_height=&#8221;yes&#8221; content_placement=&#8221;middle&#8221; el_class=&#8221;row no-padding-vc&#8221;][vc_column_inner width=&#8221;1\/2&#8243;][vc_column_text el_class=&#8221;text-center&#8221;]<img decoding=\"async\" class=\"alignnone size-full wp-image-30024\" src=\"\/wp-content\/uploads\/2023\/08\/cody-for-slack-section_2-img.png\" alt=\"\" width=\"100%\" height=\"1670\" srcset=\"https:\/\/meetcody.ai\/wp-content\/uploads\/2023\/08\/cody-for-slack-section_2-img.png 2275w, https:\/\/meetcody.ai\/wp-content\/uploads\/2023\/08\/cody-for-slack-section_2-img-300x220.png 300w, https:\/\/meetcody.ai\/wp-content\/uploads\/2023\/08\/cody-for-slack-section_2-img-1024x752.png 1024w, https:\/\/meetcody.ai\/wp-content\/uploads\/2023\/08\/cody-for-slack-section_2-img-768x564.png 768w, https:\/\/meetcody.ai\/wp-content\/uploads\/2023\/08\/cody-for-slack-section_2-img-1536x1128.png 1536w, https:\/\/meetcody.ai\/wp-content\/uploads\/2023\/08\/cody-for-slack-section_2-img-2048x1503.png 2048w, https:\/\/meetcody.ai\/wp-content\/uploads\/2023\/08\/cody-for-slack-section_2-img-883x648.png 883w\" sizes=\"(max-width: 2275px) 100vw, 2275px\" \/>[\/vc_column_text][vc_empty_space height=&#8221;45px&#8221; el_class=&#8221;hide-for-large&#8221;][\/vc_column_inner][vc_column_inner width=&#8221;1\/2&#8243;][vc_column_text el_class=&#8221;large-text-left text-center extra-large-padding-left-for-large&#8221;]<\/p>\n<h1 class=\"font-color-white margin-bottom-2point5rem\">Unificar equipos m\u00e1s all\u00e1 de las fronteras<\/h1>\n<p class=\"no-margin-bottom font-color-white\">Cody para Slack AI rompe las barreras ling\u00fc\u00edsticas, permitiendo a su equipo global colaborar sin problemas. Independientemente del idioma o la ubicaci\u00f3n, Cody se asegura de que todo el mundo est\u00e9 en la misma p\u00e1gina, fomentando un equipo verdaderamente unificado.<\/p>\n<p>[\/vc_column_text][\/vc_column_inner][\/vc_row_inner][vc_empty_space height=&#8221;90px&#8221; el_class=&#8221;show-for-large&#8221;][vc_empty_space height=&#8221;45px&#8221; el_class=&#8221;hide-for-large&#8221;][\/vc_column][\/vc_row][\/vc_section][vc_section el_id=&#8221;cody-for-slack-section_3&#8243;][vc_row][vc_column][vc_empty_space height=&#8221;90px&#8221; el_class=&#8221;show-for-large&#8221;][vc_empty_space height=&#8221;45px&#8221; el_class=&#8221;hide-for-large&#8221;][vc_row_inner equal_height=&#8221;yes&#8221; content_placement=&#8221;middle&#8221; el_class=&#8221;row no-padding-vc animated-gradient-bg has-semirounded-border&#8221;][vc_column_inner][vc_empty_space height=&#8221;100px&#8221;][vc_column_text el_class=&#8221;text-center&#8221;]<\/p>\n<h1 class=\"font-color-white margin-bottom-2point5rem\">Impulsa ahora el trabajo en equipo con Cody para Slack AI<\/h1>\n<p><a class=\"button header-button no-margin-bottom\" href=\"https:\/\/getcody.ai\/auth\/signup\" target=\"_blank\" rel=\"noopener\"><span class=\"\">Empezar gratis<\/span><\/a>[\/vc_column_text][vc_empty_space height=&#8221;100px&#8221;][\/vc_column_inner][\/vc_row_inner][vc_empty_space height=&#8221;90px&#8221; el_class=&#8221;show-for-large&#8221;][vc_empty_space height=&#8221;45px&#8221; el_class=&#8221;hide-for-large&#8221;][\/vc_column][\/vc_row][\/vc_section]<\/p>\n<\/div>","protected":false},"excerpt":{"rendered":"<p>[vc_section el_id=&#8221;cody-for-slack-section_0&#8243;][vc_row][vc_column][vc_empty_space height=&#8221;90px&#8221; el_class=&#8221;show-for-large&#8221;][vc_empty_space height=&#8221;45px&#8221; el_class=&#8221;hide-for-large&#8221;][vc_row_inner el_class=&#8221;row no-padding-vc&#8221;][vc_column_inner][vc_column_text el_class=&#8221;text-center&#8221;] Capacite a su equipo con Business AI para Slack [\/vc_column_text][vc_empty_space height=&#8221;45px&#8221;][vc_column_text el_class=&#8221;text-center&#8221;] Une a tu equipo como nunca antes con nuestra IA inteligente de Slack, Cody. Mejorar la colaboraci\u00f3n, agilizar la comunicaci\u00f3n y aumentar la productividad de su equipo. [\/vc_column_text][\/vc_column_inner][\/vc_row_inner][vc_empty_space height=&#8221;90px&#8221; el_class=&#8221;show-for-large&#8221;][vc_empty_space height=&#8221;45px&#8221; el_class=&#8221;hide-for-large&#8221;][vc_row_inner el_class=&#8221;row no-padding-vc&#8221;][vc_column_inner][vc_column_text<a class=\"excerpt-read-more\" href=\"https:\/\/meetcody.ai\/es\/cody-para-slack\/\" title=\"ReadIA para Slack\">&#8230; Read more &raquo;<\/a><\/p>\n","protected":false},"author":1,"featured_media":0,"parent":0,"menu_order":0,"comment_status":"closed","ping_status":"closed","template":"template-visual-builder.php","meta":{"_acf_changed":false,"inline_featured_image":false,"footnotes":""},"class_list":["post-29939","page","type-page","status-publish","hentry"],"acf":[],"yoast_head":"<!-- This site is optimized with the Yoast SEO Premium plugin v21.8 (Yoast SEO v24.2) - https:\/\/yoast.com\/wordpress\/plugins\/seo\/ -->\n<title>IA para Slack Formado en su negocio<\/title>\n<meta name=\"robots\" content=\"index, follow, max-snippet:-1, max-image-preview:large, max-video-preview:-1\" \/>\n<link rel=\"canonical\" href=\"https:\/\/meetcody.ai\/es\/cody-para-slack\/\" \/>\n<meta property=\"og:locale\" content=\"es_ES\" \/>\n<meta property=\"og:type\" content=\"article\" \/>\n<meta property=\"og:title\" content=\"IA para Slack\" \/>\n<meta property=\"og:description\" content=\"[vc_section el_id=&#8221;cody-for-slack-section_0&#8243;][vc_row][vc_column][vc_empty_space height=&#8221;90px&#8221; el_class=&#8221;show-for-large&#8221;][vc_empty_space height=&#8221;45px&#8221; el_class=&#8221;hide-for-large&#8221;][vc_row_inner el_class=&#8221;row no-padding-vc&#8221;][vc_column_inner][vc_column_text el_class=&#8221;text-center&#8221;] Capacite a su equipo con Business AI para Slack [\/vc_column_text][vc_empty_space height=&#8221;45px&#8221;][vc_column_text el_class=&#8221;text-center&#8221;] Une a tu equipo como nunca antes con nuestra IA inteligente de Slack, Cody. Mejorar la colaboraci\u00f3n, agilizar la comunicaci\u00f3n y aumentar la productividad de su equipo. [\/vc_column_text][\/vc_column_inner][\/vc_row_inner][vc_empty_space height=&#8221;90px&#8221; el_class=&#8221;show-for-large&#8221;][vc_empty_space height=&#8221;45px&#8221; el_class=&#8221;hide-for-large&#8221;][vc_row_inner el_class=&#8221;row no-padding-vc&#8221;][vc_column_inner][vc_column_text... Read more &raquo;\" \/>\n<meta property=\"og:url\" content=\"https:\/\/meetcody.ai\/es\/cody-para-slack\/\" \/>\n<meta property=\"og:site_name\" content=\"Cody - The AI Trained on Your Business\" \/>\n<meta property=\"article:modified_time\" content=\"2023-09-13T14:29:50+00:00\" \/>\n<meta property=\"og:image\" content=\"https:\/\/platform.slack-edge.com\/img\/add_to_slack.png\" \/>\n<meta name=\"twitter:card\" content=\"summary_large_image\" \/>\n<meta name=\"twitter:site\" content=\"@meetcodyai\" \/>\n<meta name=\"twitter:label1\" content=\"Est. reading time\" \/>\n\t<meta name=\"twitter:data1\" content=\"3 minutes\" \/>\n<script type=\"application\/ld+json\" class=\"yoast-schema-graph\">{\"@context\":\"https:\/\/schema.org\",\"@graph\":[{\"@type\":\"WebPage\",\"@id\":\"https:\/\/meetcody.ai\/es\/cody-para-slack\/\",\"url\":\"https:\/\/meetcody.ai\/es\/cody-para-slack\/\",\"name\":\"IA para Slack Formado en su negocio\",\"isPartOf\":{\"@id\":\"https:\/\/meetcody.ai\/#website\"},\"primaryImageOfPage\":{\"@id\":\"https:\/\/meetcody.ai\/es\/cody-para-slack\/#primaryimage\"},\"image\":{\"@id\":\"https:\/\/meetcody.ai\/es\/cody-para-slack\/#primaryimage\"},\"thumbnailUrl\":\"https:\/\/platform.slack-edge.com\/img\/add_to_slack.png\",\"datePublished\":\"2023-08-28T03:02:04+00:00\",\"dateModified\":\"2023-09-13T14:29:50+00:00\",\"breadcrumb\":{\"@id\":\"https:\/\/meetcody.ai\/es\/cody-para-slack\/#breadcrumb\"},\"inLanguage\":\"es-ES\",\"potentialAction\":[{\"@type\":\"ReadAction\",\"target\":[\"https:\/\/meetcody.ai\/es\/cody-para-slack\/\"]}]},{\"@type\":\"ImageObject\",\"inLanguage\":\"es-ES\",\"@id\":\"https:\/\/meetcody.ai\/es\/cody-para-slack\/#primaryimage\",\"url\":\"https:\/\/platform.slack-edge.com\/img\/add_to_slack.png\",\"contentUrl\":\"https:\/\/platform.slack-edge.com\/img\/add_to_slack.png\"},{\"@type\":\"BreadcrumbList\",\"@id\":\"https:\/\/meetcody.ai\/es\/cody-para-slack\/#breadcrumb\",\"itemListElement\":[{\"@type\":\"ListItem\",\"position\":1,\"name\":\"Home\",\"item\":\"https:\/\/meetcody.ai\/es\/inicio-v2\/\"},{\"@type\":\"ListItem\",\"position\":2,\"name\":\"IA para Slack\"}]},{\"@type\":\"WebSite\",\"@id\":\"https:\/\/meetcody.ai\/#website\",\"url\":\"https:\/\/meetcody.ai\/\",\"name\":\"Cody AI - The AI Trained on Your Business\",\"description\":\"AI Powered Knowledge Base for Employees\",\"publisher\":{\"@id\":\"https:\/\/meetcody.ai\/#organization\"},\"potentialAction\":[{\"@type\":\"SearchAction\",\"target\":{\"@type\":\"EntryPoint\",\"urlTemplate\":\"https:\/\/meetcody.ai\/?s={search_term_string}\"},\"query-input\":{\"@type\":\"PropertyValueSpecification\",\"valueRequired\":true,\"valueName\":\"search_term_string\"}}],\"inLanguage\":\"es-ES\"},{\"@type\":\"Organization\",\"@id\":\"https:\/\/meetcody.ai\/#organization\",\"name\":\"Cody AI - The AI Trained on Your Business\",\"url\":\"https:\/\/meetcody.ai\/\",\"logo\":{\"@type\":\"ImageObject\",\"inLanguage\":\"es-ES\",\"@id\":\"https:\/\/meetcody.ai\/#\/schema\/logo\/image\/\",\"url\":\"https:\/\/meetcody.ai\/wp-content\/uploads\/2023\/05\/logo-codyai.svg\",\"contentUrl\":\"https:\/\/meetcody.ai\/wp-content\/uploads\/2023\/05\/logo-codyai.svg\",\"width\":\"1024\",\"height\":\"1024\",\"caption\":\"Cody AI - The AI Trained on Your Business\"},\"image\":{\"@id\":\"https:\/\/meetcody.ai\/#\/schema\/logo\/image\/\"},\"sameAs\":[\"https:\/\/x.com\/meetcodyai\",\"https:\/\/discord.com\/invite\/jXEVDcFxqs\"]}]}<\/script>\n<!-- \/ Yoast SEO Premium plugin. -->","yoast_head_json":{"title":"IA para Slack Formado en su negocio","robots":{"index":"index","follow":"follow","max-snippet":"max-snippet:-1","max-image-preview":"max-image-preview:large","max-video-preview":"max-video-preview:-1"},"canonical":"https:\/\/meetcody.ai\/es\/cody-para-slack\/","og_locale":"es_ES","og_type":"article","og_title":"IA para Slack","og_description":"[vc_section el_id=&#8221;cody-for-slack-section_0&#8243;][vc_row][vc_column][vc_empty_space height=&#8221;90px&#8221; el_class=&#8221;show-for-large&#8221;][vc_empty_space height=&#8221;45px&#8221; el_class=&#8221;hide-for-large&#8221;][vc_row_inner el_class=&#8221;row no-padding-vc&#8221;][vc_column_inner][vc_column_text el_class=&#8221;text-center&#8221;] Capacite a su equipo con Business AI para Slack [\/vc_column_text][vc_empty_space height=&#8221;45px&#8221;][vc_column_text el_class=&#8221;text-center&#8221;] Une a tu equipo como nunca antes con nuestra IA inteligente de Slack, Cody. Mejorar la colaboraci\u00f3n, agilizar la comunicaci\u00f3n y aumentar la productividad de su equipo. [\/vc_column_text][\/vc_column_inner][\/vc_row_inner][vc_empty_space height=&#8221;90px&#8221; el_class=&#8221;show-for-large&#8221;][vc_empty_space height=&#8221;45px&#8221; el_class=&#8221;hide-for-large&#8221;][vc_row_inner el_class=&#8221;row no-padding-vc&#8221;][vc_column_inner][vc_column_text... Read more &raquo;","og_url":"https:\/\/meetcody.ai\/es\/cody-para-slack\/","og_site_name":"Cody - The AI Trained on Your Business","article_modified_time":"2023-09-13T14:29:50+00:00","og_image":[{"url":"https:\/\/platform.slack-edge.com\/img\/add_to_slack.png","type":"","width":"","height":""}],"twitter_card":"summary_large_image","twitter_site":"@meetcodyai","twitter_misc":{"Est. reading time":"3 minutes"},"schema":{"@context":"https:\/\/schema.org","@graph":[{"@type":"WebPage","@id":"https:\/\/meetcody.ai\/es\/cody-para-slack\/","url":"https:\/\/meetcody.ai\/es\/cody-para-slack\/","name":"IA para Slack Formado en su negocio","isPartOf":{"@id":"https:\/\/meetcody.ai\/#website"},"primaryImageOfPage":{"@id":"https:\/\/meetcody.ai\/es\/cody-para-slack\/#primaryimage"},"image":{"@id":"https:\/\/meetcody.ai\/es\/cody-para-slack\/#primaryimage"},"thumbnailUrl":"https:\/\/platform.slack-edge.com\/img\/add_to_slack.png","datePublished":"2023-08-28T03:02:04+00:00","dateModified":"2023-09-13T14:29:50+00:00","breadcrumb":{"@id":"https:\/\/meetcody.ai\/es\/cody-para-slack\/#breadcrumb"},"inLanguage":"es-ES","potentialAction":[{"@type":"ReadAction","target":["https:\/\/meetcody.ai\/es\/cody-para-slack\/"]}]},{"@type":"ImageObject","inLanguage":"es-ES","@id":"https:\/\/meetcody.ai\/es\/cody-para-slack\/#primaryimage","url":"https:\/\/platform.slack-edge.com\/img\/add_to_slack.png","contentUrl":"https:\/\/platform.slack-edge.com\/img\/add_to_slack.png"},{"@type":"BreadcrumbList","@id":"https:\/\/meetcody.ai\/es\/cody-para-slack\/#breadcrumb","itemListElement":[{"@type":"ListItem","position":1,"name":"Home","item":"https:\/\/meetcody.ai\/es\/inicio-v2\/"},{"@type":"ListItem","position":2,"name":"IA para Slack"}]},{"@type":"WebSite","@id":"https:\/\/meetcody.ai\/#website","url":"https:\/\/meetcody.ai\/","name":"Cody AI - The AI Trained on Your Business","description":"AI Powered Knowledge Base for Employees","publisher":{"@id":"https:\/\/meetcody.ai\/#organization"},"potentialAction":[{"@type":"SearchAction","target":{"@type":"EntryPoint","urlTemplate":"https:\/\/meetcody.ai\/?s={search_term_string}"},"query-input":{"@type":"PropertyValueSpecification","valueRequired":true,"valueName":"search_term_string"}}],"inLanguage":"es-ES"},{"@type":"Organization","@id":"https:\/\/meetcody.ai\/#organization","name":"Cody AI - The AI Trained on Your Business","url":"https:\/\/meetcody.ai\/","logo":{"@type":"ImageObject","inLanguage":"es-ES","@id":"https:\/\/meetcody.ai\/#\/schema\/logo\/image\/","url":"https:\/\/meetcody.ai\/wp-content\/uploads\/2023\/05\/logo-codyai.svg","contentUrl":"https:\/\/meetcody.ai\/wp-content\/uploads\/2023\/05\/logo-codyai.svg","width":"1024","height":"1024","caption":"Cody AI - The AI Trained on Your Business"},"image":{"@id":"https:\/\/meetcody.ai\/#\/schema\/logo\/image\/"},"sameAs":["https:\/\/x.com\/meetcodyai","https:\/\/discord.com\/invite\/jXEVDcFxqs"]}]}},"_links":{"self":[{"href":"https:\/\/meetcody.ai\/es\/wp-json\/wp\/v2\/pages\/29939","targetHints":{"allow":["GET"]}}],"collection":[{"href":"https:\/\/meetcody.ai\/es\/wp-json\/wp\/v2\/pages"}],"about":[{"href":"https:\/\/meetcody.ai\/es\/wp-json\/wp\/v2\/types\/page"}],"author":[{"embeddable":true,"href":"https:\/\/meetcody.ai\/es\/wp-json\/wp\/v2\/users\/1"}],"replies":[{"embeddable":true,"href":"https:\/\/meetcody.ai\/es\/wp-json\/wp\/v2\/comments?post=29939"}],"version-history":[{"count":36,"href":"https:\/\/meetcody.ai\/es\/wp-json\/wp\/v2\/pages\/29939\/revisions"}],"predecessor-version":[{"id":30739,"href":"https:\/\/meetcody.ai\/es\/wp-json\/wp\/v2\/pages\/29939\/revisions\/30739"}],"wp:attachment":[{"href":"https:\/\/meetcody.ai\/es\/wp-json\/wp\/v2\/media?parent=29939"}],"curies":[{"name":"wp","href":"https:\/\/api.w.org\/{rel}","templated":true}]}}