{"id":26065,"date":"2023-04-25T08:34:14","date_gmt":"2023-04-25T08:34:14","guid":{"rendered":"https:\/\/meetcody.ai\/soluciones-empresariales-personalizadas-de-ia-para-empresas\/"},"modified":"2024-09-09T13:02:35","modified_gmt":"2024-09-09T13:02:35","slug":"soluciones-empresariales-personalizadas-de-ia-para-empresas","status":"publish","type":"page","link":"https:\/\/meetcody.ai\/es\/soluciones-empresariales-personalizadas-de-ia-para-empresas\/","title":{"rendered":"Soluciones personalizadas de IA para empresas"},"content":{"rendered":"<div class=\"wpb-content-wrapper\"><p>[vc_section el_id=&#8221;enterprise-section_0&#8243;][vc_row][vc_column][vc_empty_space height=&#8221;90px&#8221; el_class=&#8221;show-for-large&#8221;][vc_empty_space height=&#8221;90px&#8221; el_class=&#8221;hide-for-large&#8221;][vc_row_inner el_class=&#8221;row no-padding-vc&#8221;][vc_column_inner el_class=&#8221;columns small-12 large-8 large-offset-2&#8243;][vc_column_text el_class=&#8221;text-center&#8221;]<\/p>\n<h1 class=\"margin-bottom-1point5rem font-color-gradient page-heading\">Soluciones de IA para empresas<\/h1>\n<p class=\"font-color-white no-margin-bottom\">Desbloquea el potencial de las tecnolog\u00edas de IA de vanguardia para revolucionar las operaciones de tu empresa con las soluciones integrales de IA empresarial de Cody AI.<br \/>\nImagina aumentar la productividad de tus empleados con la ayuda de la IA para cada tarea y decisi\u00f3n.<br \/>\nNuestra plataforma aprovecha Modelos de Lenguaje Amplio (LLM) de \u00faltima generaci\u00f3n, como Llama 3.1, Claude 3.5, GPT-4o, Gemini 1.5 y Mixtral-8x7B, para ofrecer una inteligencia similar a la humana, independiente de la plataforma, personalizable y que da prioridad a la privacidad de los datos con seguridad a\u00f1adida basada en roles.   Aprovechando las tecnolog\u00edas de IA de vanguardia de denoising, podemos ayudar a su empresa a alcanzar niveles de eficiencia e innovaci\u00f3n sin precedentes.<\/p>\n<p>[\/vc_column_text][\/vc_column_inner][\/vc_row_inner][\/vc_column][\/vc_row][\/vc_section][vc_section el_id=&#8221;enterprise-section_1&#8243;][vc_row][vc_column][vc_empty_space height=&#8221;90px&#8221; el_class=&#8221;show-for-large&#8221;][vc_empty_space height=&#8221;45px&#8221; el_class=&#8221;hide-for-large&#8221;][vc_row_inner el_class=&#8221;row no-padding-vc&#8221;][vc_column_inner width=&#8221;1\/3&#8243;][vc_column_text el_class=&#8221;large-text-left text-center&#8221;]<\/p>\n<p class=\"margin-bottom-2rem\"><img loading=\"lazy\" decoding=\"async\" class=\"alignnone size-full wp-image-145\" src=\"\/wp-content\/uploads\/2023\/05\/enterprise-section_1-img_1-updated.svg\" alt=\"\" width=\"99\" height=\"90\"><\/p>\n<p class=\"margin-bottom-2rem extra-big font-color-white\">Mayor eficacia y productividad<\/p>\n<p class=\"no-margin-bottom font-color-white\">Las soluciones de Cody AI aumentan la eficacia y la productividad automatizando tareas y agilizando procesos. Nuestros modelos de IA analizan los datos, generan ideas y ofrecen recomendaciones, lo que permite a su <a href=\"https:\/\/meetcody.ai\/es\/blog\/mejorar-el-trabajo-en-equipo-mediante-la-gestion-del-conocimiento-basada-en-ia\/\">equipo<\/a> centrarse en iniciativas estrat\u00e9gicas.<\/p>\n<p>[\/vc_column_text][vc_empty_space height=&#8221;24px&#8221; el_class=&#8221;hide-for-large&#8221;][\/vc_column_inner][vc_column_inner width=&#8221;1\/3&#8243;][vc_column_text el_class=&#8221;large-text-left text-center&#8221;]<\/p>\n<p class=\"margin-bottom-2rem\"><img loading=\"lazy\" decoding=\"async\" class=\"alignnone size-full wp-image-145\" src=\"\/wp-content\/uploads\/2023\/05\/enterprise-section_1-img_2-updated.svg\" alt=\"\" width=\"99\" height=\"90\"><\/p>\n<p class=\"margin-bottom-2rem extra-big font-color-white\">Soluciones de IA personalizadas para las necesidades espec\u00edficas de las empresas<\/p>\n<p class=\"no-margin-bottom font-color-white\">Proporcionamos modelos y soluciones de IA a medida que responden a sus necesidades empresariales espec\u00edficas y se integran perfectamente en sus sistemas existentes. Nuestra colaboraci\u00f3n garantiza que nuestras soluciones de IA se adapten al cambiante panorama de su empresa.<\/p>\n<p>[\/vc_column_text][vc_empty_space height=&#8221;24px&#8221; el_class=&#8221;hide-for-large&#8221;][\/vc_column_inner][vc_column_inner width=&#8221;1\/3&#8243;][vc_column_text el_class=&#8221;large-text-left text-center&#8221;]<\/p>\n<p class=\"margin-bottom-2rem\"><img loading=\"lazy\" decoding=\"async\" class=\"alignnone size-full wp-image-145\" src=\"\/wp-content\/uploads\/2023\/05\/home-section_3-icon_1.svg\" alt=\"\" width=\"99\" height=\"90\"><\/p>\n<p class=\"margin-bottom-2rem extra-big font-color-white\">Experiencia y apoyo a lo largo del viaje de la IA<\/p>\n<p class=\"no-margin-bottom font-color-white\">Nuestras soluciones integrales de IA empresarial incluyen consultor\u00eda, desarrollo, pruebas, automatizaci\u00f3n, implantaci\u00f3n y ampliaci\u00f3n. Nuestro equipo de expertos en IA tambi\u00e9n ofrece formaci\u00f3n e implementaci\u00f3n de las mejores pr\u00e1cticas para ayudar a su equipo a utilizar eficazmente las tecnolog\u00edas de IA y seguir siendo competitivo.<\/p>\n<p>[\/vc_column_text][\/vc_column_inner][\/vc_row_inner][vc_empty_space height=&#8221;90px&#8221; el_class=&#8221;show-for-large&#8221;][vc_empty_space height=&#8221;45px&#8221; el_class=&#8221;hide-for-large&#8221;][\/vc_column][\/vc_row][\/vc_section][vc_section el_id=&#8221;enterprise-section_2&#8243; css=&#8221;.vc_custom_1684793633129{background-image: url(https:\/\/meetcody.ai\/wp-content\/uploads\/2023\/05\/home-section_1-bg.png?id=261) !important;background-position: center !important;background-repeat: no-repeat !important;background-size: cover !important;}&#8221;][vc_row][vc_column][vc_empty_space height=&#8221;90px&#8221; el_class=&#8221;show-for-large&#8221;][vc_empty_space height=&#8221;45px&#8221; el_class=&#8221;hide-for-large&#8221;][vc_row_inner el_class=&#8221;row no-padding-vc bg-color-grayscale extra-padding-left-for-large extra-padding-right-for-large has-semirounded-border&#8221;][vc_column_inner][vc_empty_space height=&#8221;90px&#8221; el_class=&#8221;show-for-large&#8221;][vc_empty_space height=&#8221;45px&#8221; el_class=&#8221;hide-for-large&#8221;][vc_raw_html]PGRpdiBjbGFzcz0icm93Ij4KICAgIDxkaXYgY2xhc3M9ImNvbHVtbnMgc21hbGwtMTIgdGV4dC1jZW50ZXIiPgogICAgICAgIDxoMSBjbGFzcz0iZm9udC1jb2xvci13aGl0ZSBtYXJnaW4tYm90dG9tLTJyZW0iPlBvciBxdcOpIGVsZWdpciBDb2R5IEFJIHBhcmEgc29sdWNpb25lcyBkZSBJQSBlbXByZXNhcmlhbDwvaDE+CiAgICAgICAgPHAgY2xhc3M9ImZvbnQtY29sb3Itd2hpdGUgbm8tbWFyZ2luLWJvdHRvbSByZW1vdmUtYnIiPk51ZXN0cm8gZXF1aXBvIGRlIGV4cGVydG9zIGVuIElBIGRlIENvZHkgQUkgdGllbmUgdW5hIGFtcGxpYSBleHBlcmllbmNpYSB0cmFiYWphbmRvIGNvbiBtw6FzIGRlIDEuMDAwIGVtcHJlc2FzIHkgcHVlZGU8YnI+IGF5dWRhciBhIHR1IGVtcHJlc2EgYSBhcHJvdmVjaGFyIGVsIHBvZGVyIGRlIGxhcyB0ZWNub2xvZ8OtYXMgYXZhbnphZGFzIGRlIElBLiBPZnJlY2Vtb3M6PC9wPgogICAgICAgIDxkaXYgY2xhc3M9InNob3ctZm9yLWxhcmdlIiBzdHlsZT0iaGVpZ2h0OiA5MHB4Ij48L2Rpdj4KICAgICAgICA8ZGl2IGNsYXNzPSJoaWRlLWZvci1sYXJnZSIgc3R5bGU9ImhlaWdodDogNDVweCI+PC9kaXY+CiAgICA8L2Rpdj4KPC9kaXY+CjxkaXYgY2xhc3M9InJvdyI+CiAgICA8ZGl2IGNsYXNzPSJjb2x1bW5zIHNtYWxsLTEyIG1lZGl1bS02IGxhcmdlLTYgbGFyZ2UtdGV4dC1sZWZ0IHRleHQtY2VudGVyIj4KICAgICAgICA8cCBjbGFzcz0ibWFyZ2luLWJvdHRvbS0xcG9pbnQ1cmVtIGV4dHJhLWJpZyBmb250LWNvbG9yLXdoaXRlIGZvbnQtd2VpZ2h0LWJvbGQiPkVzdHJhdGVnaWFzIGRlIGFwbGljYWNpw7NuIHByb2JhZGFzICA8L3A+CiAgICAgICAgPHAgY2xhc3M9ImZvbnQtY29sb3Itd2hpdGUgbWFyZ2luLWJvdHRvbS0ycG9pbnQ1cmVtIj5Qb2RlbW9zIGF5dWRhcnRlIGEgaW50ZWdyYXIgbW9kZWxvcyBkZSBJQSBlbiB0dXMgaGVycmFtaWVudGFzIHkgcHJvY2Vzb3MgYWN0dWFsZXMgcGFyYSBtZWpvcmFyIGxhIHByb2R1Y3RpdmlkYWQgeSBsYSBjb2xhYm9yYWNpw7NuLCBjb24gbGEgc2VndXJpZGFkIGVuIHByaW1lciBwbGFuby48L3A+CiAgICAgICAgPGRpdiBjbGFzcz0iIiBzdHlsZT0iaGVpZ2h0OiA0NXB4Ij48L2Rpdj4KICAgIDwvZGl2PgogICAgPGRpdiBjbGFzcz0iY29sdW1ucyBzbWFsbC0xMiBtZWRpdW0tNiBsYXJnZS02IGxhcmdlLXRleHQtbGVmdCB0ZXh0LWNlbnRlciI+CiAgICAgICAgPHAgY2xhc3M9Im1hcmdpbi1ib3R0b20tMXBvaW50NXJlbSBleHRyYS1iaWcgZm9udC1jb2xvci13aGl0ZSBmb250LXdlaWdodC1ib2xkIj5DYW5hbGl6YWNpb25lcyBkZSBkYXRvcyBzZWd1cmFzIGVzcGVjaWFsaXphZGFzICA8L3A+CiAgICAgICAgPHAgY2xhc3M9ImZvbnQtY29sb3Itd2hpdGUgbWFyZ2luLWJvdHRvbS0ycG9pbnQ1cmVtIj5OdWVzdHJvIGVxdWlwbyBwdWVkZSBjcmVhciBtb2RlbG9zIGRlIElBIHBlcnNvbmFsaXphZG9zIGJhc2Fkb3MgZW4gdHUgZG9taW5pbyBlbXByZXNhcmlhbCB5IHR1cyByZXF1aXNpdG9zLCB5YSBzZWEgYW1wbGlhbmRvIGxvcyBtb2RlbG9zIE9wZW5BSSBvIHV0aWxpemFuZG8gbW9kZWxvcyBkZSBjw7NkaWdvIGFiaWVydG8gcHJlZW50cmVuYWRvcy48L3A+CiAgICAgICAgPGRpdiBjbGFzcz0iIiBzdHlsZT0iaGVpZ2h0OiA0NXB4Ij48L2Rpdj4KICAgIDwvZGl2PgogICAgPGRpdiBjbGFzcz0iY29sdW1ucyBzbWFsbC0xMiBtZWRpdW0tNiBsYXJnZS02IGxhcmdlLXRleHQtbGVmdCB0ZXh0LWNlbnRlciI+CiAgICAgICAgPHAgY2xhc3M9Im1hcmdpbi1ib3R0b20tMXBvaW50NXJlbSBleHRyYS1iaWcgZm9udC1jb2xvci13aGl0ZSBmb250LXdlaWdodC1ib2xkIj5SZW50YWJpbGlkYWQgYSBlc2NhbGE8L3A+CiAgICAgICAgPHAgY2xhc3M9ImZvbnQtY29sb3Itd2hpdGUgbWFyZ2luLWJvdHRvbS0ycG9pbnQ1cmVtIj5Qb2RlbW9zIGF5dWRhcnRlIGEgcmVkdWNpciBsb3MgY29zdGVzIGFzb2NpYWRvcyBhbCB1c28gZGUgbW9kZWxvcyBkZSBJQSBpbXBsYW50YW5kbyBlbCBtb2RlbG8gYWRlY3VhZG8gcGFyYSBlbCB0cmFiYWpvIHkgb3B0aW1pesOhbmRvbG8gcGFyYSB0YXJlYXMgaW5kaXZpZHVhbGVzLjwvcD4KICAgICAgICA8ZGl2IGNsYXNzPSIiIHN0eWxlPSJoZWlnaHQ6IDQ1cHgiPjwvZGl2PgogICAgPC9kaXY+CiAgICA8ZGl2IGNsYXNzPSJjb2x1bW5zIHNtYWxsLTEyIG1lZGl1bS02IGxhcmdlLTYgbGFyZ2UtdGV4dC1sZWZ0IHRleHQtY2VudGVyIj4KICAgICAgICA8cCBjbGFzcz0ibWFyZ2luLWJvdHRvbS0xcG9pbnQ1cmVtIGV4dHJhLWJpZyBmb250LWNvbG9yLXdoaXRlIGZvbnQtd2VpZ2h0LWJvbGQiPlNvbHVjaW9uZXMgaW50ZWdyYWxlcyBkZSBJQTwvcD4KICAgICAgICA8cCBjbGFzcz0iZm9udC1jb2xvci13aGl0ZSBtYXJnaW4tYm90dG9tLTJwb2ludDVyZW0iPlByb3BvcmNpb25hbW9zIHVuYSBnYW1hIGNvbXBsZXRhIGRlIHNvbHVjaW9uZXMgZW1wcmVzYXJpYWxlcyBkZSBJQSwgZGVzZGUgbGEgY29uc3VsdG9yw61hIGluaWNpYWwgaGFzdGEgZWwgZGVzYXJyb2xsbywgbGFzIHBydWViYXMsIGxhIGF1dG9tYXRpemFjacOzbiwgbGEgaW1wbGFudGFjacOzbiB5IGVsIGVzY2FsYWRvIGVuIHVuIGVudG9ybm8gbG9jYWwsIG11bHRpLW51YmUgbyBow61icmlkby48L3A+CiAgICAgICAgPGRpdiBjbGFzcz0iIiBzdHlsZT0iaGVpZ2h0OiA0NXB4Ij48L2Rpdj4KICAgIDwvZGl2Pgo8L2Rpdj4=[\/vc_raw_html][\/vc_column_inner][\/vc_row_inner][vc_empty_space height=&#8221;90px&#8221; el_class=&#8221;show-for-large&#8221;][vc_empty_space height=&#8221;45px&#8221; el_class=&#8221;hide-for-large&#8221;][\/vc_column][\/vc_row][\/vc_section][vc_section el_id=&#8221;enterprise-section_3&#8243;][vc_row][vc_column][vc_empty_space height=&#8221;90px&#8221; el_class=&#8221;show-for-large&#8221;][vc_empty_space height=&#8221;45px&#8221; el_class=&#8221;hide-for-large&#8221;][vc_row_inner el_class=&#8221;row no-padding-vc&#8221;][vc_column_inner el_class=&#8221;columns small-12 large-10 large-offset-1&#8243;][vc_column_text el_class=&#8221;text-center&#8221;]<\/p>\n<h1 class=\"font-color-white margin-bottom-2point5rem\">Emprenda su viaje hacia la transformaci\u00f3n de la IA<\/h1>\n<p class=\"font-color-white no-margin-bottom remove-br\">Ponte en contacto con nosotros hoy mismo para obtener m\u00e1s informaci\u00f3n sobre nuestras soluciones de IA empresarial en Cody AI y descubre c\u00f3mo podemos ayudar a tu empresa a prosperar en la era de la IA.<\/p>\n<p>[\/vc_column_text][\/vc_column_inner][\/vc_row_inner][vc_empty_space height=&#8221;90px&#8221; el_class=&#8221;show-for-large&#8221;][vc_empty_space height=&#8221;45px&#8221; el_class=&#8221;hide-for-large&#8221;][vc_row_inner el_class=&#8221;row no-padding-vc&#8221;][vc_column_inner][vc_column_text el_class=&#8221;text-center&#8221;]\n<div class=\"wpcf7 no-js\" id=\"wpcf7-f192-o1\" lang=\"en-US\" dir=\"ltr\">\n<div class=\"screen-reader-response\"><p role=\"status\" aria-live=\"polite\" aria-atomic=\"true\"><\/p> <ul><\/ul><\/div>\n<form action=\"\/es\/wp-json\/wp\/v2\/pages\/26065#wpcf7-f192-o1\" method=\"post\" class=\"wpcf7-form init\" aria-label=\"Contact form\" novalidate=\"novalidate\" data-status=\"init\">\n<div style=\"display: none;\">\n<input type=\"hidden\" name=\"_wpcf7\" value=\"192\" \/>\n<input type=\"hidden\" name=\"_wpcf7_version\" value=\"5.9.6\" \/>\n<input type=\"hidden\" name=\"_wpcf7_locale\" value=\"en_US\" \/>\n<input type=\"hidden\" name=\"_wpcf7_unit_tag\" value=\"wpcf7-f192-o1\" \/>\n<input type=\"hidden\" name=\"_wpcf7_container_post\" value=\"0\" \/>\n<input type=\"hidden\" name=\"_wpcf7_posted_data_hash\" value=\"\" \/>\n<\/div>\n<div class=\"row\">\n\t<div class=\"columns small-12 xlarge-6\">\n\t\t<p><span class=\"wpcf7-form-control-wrap\" data-name=\"full-name\"><input size=\"40\" maxlength=\"80\" class=\"wpcf7-form-control wpcf7-text wpcf7-validates-as-required\" aria-required=\"true\" aria-invalid=\"false\" placeholder=\"Full Name*\" value=\"\" type=\"text\" name=\"full-name\" \/><\/span>\n\t\t<\/p>\n\t<\/div>\n\t<div class=\"columns small-12 xlarge-6\">\n\t\t<p><span class=\"wpcf7-form-control-wrap\" data-name=\"email\"><input size=\"40\" maxlength=\"80\" class=\"wpcf7-form-control wpcf7-email wpcf7-validates-as-required wpcf7-text wpcf7-validates-as-email\" aria-required=\"true\" aria-invalid=\"false\" placeholder=\"Email*\" value=\"\" type=\"email\" name=\"email\" \/><\/span>\n\t\t<\/p>\n\t<\/div>\n<\/div>\n<div class=\"row\">\n\t<div class=\"columns small-12 xlarge-6\">\n\t\t<p><span class=\"wpcf7-form-control-wrap\" data-name=\"company-name\"><input size=\"40\" maxlength=\"80\" class=\"wpcf7-form-control wpcf7-text wpcf7-validates-as-required\" aria-required=\"true\" aria-invalid=\"false\" placeholder=\"Company Name\" value=\"\" type=\"text\" name=\"company-name\" \/><\/span>\n\t\t<\/p>\n\t<\/div>\n\t<div class=\"columns small-12 xlarge-6\">\n\t\t<p><span class=\"wpcf7-form-control-wrap\" data-name=\"mobile-phone\"><input size=\"40\" maxlength=\"80\" class=\"wpcf7-form-control wpcf7-text wpcf7-validates-as-required codesm-phone-field\" aria-required=\"true\" aria-invalid=\"false\" placeholder=\"Phone*\" value=\"\" type=\"text\" name=\"mobile-phone\" \/><\/span>\n\t\t<\/p>\n\t<\/div>\n<\/div>\n<div class=\"row\">\n\t<div class=\"columns small-12 xlarge-6\">\n\t\t<p><span class=\"wpcf7-form-control-wrap\" data-name=\"team-size\"><input size=\"40\" maxlength=\"80\" class=\"wpcf7-form-control wpcf7-text wpcf7-validates-as-required\" aria-required=\"true\" aria-invalid=\"false\" placeholder=\"Team Size\" value=\"\" type=\"text\" name=\"team-size\" \/><\/span>\n\t\t<\/p>\n\t<\/div>\n\t<div class=\"columns small-12 xlarge-6\">\n\t\t<p><span class=\"wpcf7-form-control-wrap\" data-name=\"website\"><input size=\"40\" maxlength=\"80\" class=\"wpcf7-form-control wpcf7-text wpcf7-validates-as-required\" aria-required=\"true\" aria-invalid=\"false\" placeholder=\"Website\" value=\"\" type=\"text\" name=\"website\" \/><\/span>\n\t\t<\/p>\n\t<\/div>\n<\/div>\n<div class=\"row\">\n\t<div class=\"columns small-12 xlarge-12\">\n\t\t<p><span class=\"wpcf7-form-control-wrap\" data-name=\"message\"><textarea cols=\"40\" rows=\"4\" maxlength=\"400\" class=\"wpcf7-form-control wpcf7-textarea\" aria-invalid=\"false\" placeholder=\"Tell us about your use case...\" name=\"message\"><\/textarea><\/span>\n\t\t<\/p>\n\t<\/div>\n<\/div>\n<div class=\"show-for-large\" style=\"height: 60px\">\n<\/div>\n<div class=\"hide-for-large\" style=\"height: 30px\">\n<\/div>\n<div class=\"row\">\n\t<div class=\"columns small-12 xlarge-12 text-center\">\n\t\t<p><span id=\"wpcf7-69df58b8249ae-wrapper\" class=\"wpcf7-form-control-wrap email-confirm-wrap\" style=\"display:none !important; visibility:hidden !important;\"><label for=\"wpcf7-69df58b8249ae-field\" class=\"hp-message\">Please leave this field empty.<\/label><input id=\"wpcf7-69df58b8249ae-field\"  class=\"wpcf7-form-control wpcf7-text\" type=\"text\" name=\"email-confirm\" value=\"\" size=\"40\" tabindex=\"-1\" autocomplete=\"new-password\" \/><\/span><button type=\"submit\" class=\"button no-margin-bottom\"><span>Submit<\/span><\/button>\n\t\t<\/p>\n\t<\/div>\n<\/div><div class=\"wpcf7-response-output\" aria-hidden=\"true\"><\/div>\n<\/form>\n<\/div>\n[\/vc_column_text][\/vc_column_inner][\/vc_row_inner][vc_empty_space height=&#8221;90px&#8221; el_class=&#8221;show-for-large&#8221;][vc_empty_space height=&#8221;45px&#8221; el_class=&#8221;hide-for-large&#8221;][\/vc_column][\/vc_row][\/vc_section]<\/p>\n<\/div>","protected":false},"excerpt":{"rendered":"<p>[vc_section el_id=&#8221;enterprise-section_0&#8243;][vc_row][vc_column][vc_empty_space height=&#8221;90px&#8221; el_class=&#8221;show-for-large&#8221;][vc_empty_space height=&#8221;90px&#8221; el_class=&#8221;hide-for-large&#8221;][vc_row_inner el_class=&#8221;row no-padding-vc&#8221;][vc_column_inner el_class=&#8221;columns small-12 large-8 large-offset-2&#8243;][vc_column_text el_class=&#8221;text-center&#8221;] Soluciones de IA para empresas Desbloquea el potencial de las tecnolog\u00edas de IA de vanguardia para revolucionar las operaciones de tu empresa con las soluciones integrales de IA empresarial de Cody AI. Imagina aumentar la productividad de tus empleados con la ayuda<a class=\"excerpt-read-more\" href=\"https:\/\/meetcody.ai\/es\/soluciones-empresariales-personalizadas-de-ia-para-empresas\/\" title=\"ReadSoluciones personalizadas de IA para empresas\">&#8230; Read more &raquo;<\/a><\/p>\n","protected":false},"author":1,"featured_media":0,"parent":0,"menu_order":0,"comment_status":"closed","ping_status":"closed","template":"template-visual-builder.php","meta":{"_acf_changed":false,"inline_featured_image":false,"footnotes":""},"class_list":["post-26065","page","type-page","status-publish","hentry"],"acf":[],"yoast_head":"<!-- This site is optimized with the Yoast SEO Premium plugin v21.8 (Yoast SEO v24.2) - https:\/\/yoast.com\/wordpress\/plugins\/seo\/ -->\n<title>Soluciones personalizadas de IA para empresas<\/title>\n<meta name=\"description\" content=\"Desbloquee el potencial de las tecnolog\u00edas avanzadas de IA para transformar su negocio con nuestras soluciones integrales de IA empresarial en Cody AI.\" \/>\n<meta name=\"robots\" content=\"index, follow, max-snippet:-1, max-image-preview:large, max-video-preview:-1\" \/>\n<link rel=\"canonical\" href=\"https:\/\/meetcody.ai\/es\/soluciones-empresariales-personalizadas-de-ia-para-empresas\/\" \/>\n<meta property=\"og:locale\" content=\"es_ES\" \/>\n<meta property=\"og:type\" content=\"article\" \/>\n<meta property=\"og:title\" content=\"Soluciones personalizadas de IA para empresas\" \/>\n<meta property=\"og:description\" content=\"Desbloquee el potencial de las tecnolog\u00edas avanzadas de IA para transformar su negocio con nuestras soluciones integrales de IA empresarial en Cody AI.\" \/>\n<meta property=\"og:url\" content=\"https:\/\/meetcody.ai\/es\/soluciones-empresariales-personalizadas-de-ia-para-empresas\/\" \/>\n<meta property=\"og:site_name\" content=\"Cody - The AI Trained on Your Business\" \/>\n<meta property=\"article:modified_time\" content=\"2024-09-09T13:02:35+00:00\" \/>\n<meta property=\"og:image\" content=\"https:\/\/meetcody.ai\/wp-content\/uploads\/2023\/02\/grid_0-2.png\" \/>\n\t<meta property=\"og:image:width\" content=\"1536\" \/>\n\t<meta property=\"og:image:height\" content=\"1024\" \/>\n\t<meta property=\"og:image:type\" content=\"image\/png\" \/>\n<meta name=\"twitter:card\" content=\"summary_large_image\" \/>\n<meta name=\"twitter:site\" content=\"@meetcodyai\" \/>\n<meta name=\"twitter:label1\" content=\"Est. reading time\" \/>\n\t<meta name=\"twitter:data1\" content=\"6 minutes\" \/>\n<script type=\"application\/ld+json\" class=\"yoast-schema-graph\">{\"@context\":\"https:\/\/schema.org\",\"@graph\":[{\"@type\":\"WebPage\",\"@id\":\"https:\/\/meetcody.ai\/es\/soluciones-empresariales-personalizadas-de-ia-para-empresas\/\",\"url\":\"https:\/\/meetcody.ai\/es\/soluciones-empresariales-personalizadas-de-ia-para-empresas\/\",\"name\":\"Soluciones personalizadas de IA para empresas\",\"isPartOf\":{\"@id\":\"https:\/\/meetcody.ai\/#website\"},\"datePublished\":\"2023-04-25T08:34:14+00:00\",\"dateModified\":\"2024-09-09T13:02:35+00:00\",\"description\":\"Desbloquee el potencial de las tecnolog\u00edas avanzadas de IA para transformar su negocio con nuestras soluciones integrales de IA empresarial en Cody AI.\",\"breadcrumb\":{\"@id\":\"https:\/\/meetcody.ai\/es\/soluciones-empresariales-personalizadas-de-ia-para-empresas\/#breadcrumb\"},\"inLanguage\":\"es-ES\",\"potentialAction\":[{\"@type\":\"ReadAction\",\"target\":[\"https:\/\/meetcody.ai\/es\/soluciones-empresariales-personalizadas-de-ia-para-empresas\/\"]}]},{\"@type\":\"BreadcrumbList\",\"@id\":\"https:\/\/meetcody.ai\/es\/soluciones-empresariales-personalizadas-de-ia-para-empresas\/#breadcrumb\",\"itemListElement\":[{\"@type\":\"ListItem\",\"position\":1,\"name\":\"Home\",\"item\":\"https:\/\/meetcody.ai\/es\/inicio-v2\/\"},{\"@type\":\"ListItem\",\"position\":2,\"name\":\"Soluciones personalizadas de IA para empresas\"}]},{\"@type\":\"WebSite\",\"@id\":\"https:\/\/meetcody.ai\/#website\",\"url\":\"https:\/\/meetcody.ai\/\",\"name\":\"Cody AI - The AI Trained on Your Business\",\"description\":\"AI Powered Knowledge Base for Employees\",\"publisher\":{\"@id\":\"https:\/\/meetcody.ai\/#organization\"},\"potentialAction\":[{\"@type\":\"SearchAction\",\"target\":{\"@type\":\"EntryPoint\",\"urlTemplate\":\"https:\/\/meetcody.ai\/?s={search_term_string}\"},\"query-input\":{\"@type\":\"PropertyValueSpecification\",\"valueRequired\":true,\"valueName\":\"search_term_string\"}}],\"inLanguage\":\"es-ES\"},{\"@type\":\"Organization\",\"@id\":\"https:\/\/meetcody.ai\/#organization\",\"name\":\"Cody AI - The AI Trained on Your Business\",\"url\":\"https:\/\/meetcody.ai\/\",\"logo\":{\"@type\":\"ImageObject\",\"inLanguage\":\"es-ES\",\"@id\":\"https:\/\/meetcody.ai\/#\/schema\/logo\/image\/\",\"url\":\"https:\/\/meetcody.ai\/wp-content\/uploads\/2023\/05\/logo-codyai.svg\",\"contentUrl\":\"https:\/\/meetcody.ai\/wp-content\/uploads\/2023\/05\/logo-codyai.svg\",\"width\":\"1024\",\"height\":\"1024\",\"caption\":\"Cody AI - The AI Trained on Your Business\"},\"image\":{\"@id\":\"https:\/\/meetcody.ai\/#\/schema\/logo\/image\/\"},\"sameAs\":[\"https:\/\/x.com\/meetcodyai\",\"https:\/\/discord.com\/invite\/jXEVDcFxqs\"]}]}<\/script>\n<!-- \/ Yoast SEO Premium plugin. -->","yoast_head_json":{"title":"Soluciones personalizadas de IA para empresas","description":"Desbloquee el potencial de las tecnolog\u00edas avanzadas de IA para transformar su negocio con nuestras soluciones integrales de IA empresarial en Cody AI.","robots":{"index":"index","follow":"follow","max-snippet":"max-snippet:-1","max-image-preview":"max-image-preview:large","max-video-preview":"max-video-preview:-1"},"canonical":"https:\/\/meetcody.ai\/es\/soluciones-empresariales-personalizadas-de-ia-para-empresas\/","og_locale":"es_ES","og_type":"article","og_title":"Soluciones personalizadas de IA para empresas","og_description":"Desbloquee el potencial de las tecnolog\u00edas avanzadas de IA para transformar su negocio con nuestras soluciones integrales de IA empresarial en Cody AI.","og_url":"https:\/\/meetcody.ai\/es\/soluciones-empresariales-personalizadas-de-ia-para-empresas\/","og_site_name":"Cody - The AI Trained on Your Business","article_modified_time":"2024-09-09T13:02:35+00:00","og_image":[{"width":1536,"height":1024,"url":"https:\/\/meetcody.ai\/wp-content\/uploads\/2023\/02\/grid_0-2.png","type":"image\/png"}],"twitter_card":"summary_large_image","twitter_site":"@meetcodyai","twitter_misc":{"Est. reading time":"6 minutes"},"schema":{"@context":"https:\/\/schema.org","@graph":[{"@type":"WebPage","@id":"https:\/\/meetcody.ai\/es\/soluciones-empresariales-personalizadas-de-ia-para-empresas\/","url":"https:\/\/meetcody.ai\/es\/soluciones-empresariales-personalizadas-de-ia-para-empresas\/","name":"Soluciones personalizadas de IA para empresas","isPartOf":{"@id":"https:\/\/meetcody.ai\/#website"},"datePublished":"2023-04-25T08:34:14+00:00","dateModified":"2024-09-09T13:02:35+00:00","description":"Desbloquee el potencial de las tecnolog\u00edas avanzadas de IA para transformar su negocio con nuestras soluciones integrales de IA empresarial en Cody AI.","breadcrumb":{"@id":"https:\/\/meetcody.ai\/es\/soluciones-empresariales-personalizadas-de-ia-para-empresas\/#breadcrumb"},"inLanguage":"es-ES","potentialAction":[{"@type":"ReadAction","target":["https:\/\/meetcody.ai\/es\/soluciones-empresariales-personalizadas-de-ia-para-empresas\/"]}]},{"@type":"BreadcrumbList","@id":"https:\/\/meetcody.ai\/es\/soluciones-empresariales-personalizadas-de-ia-para-empresas\/#breadcrumb","itemListElement":[{"@type":"ListItem","position":1,"name":"Home","item":"https:\/\/meetcody.ai\/es\/inicio-v2\/"},{"@type":"ListItem","position":2,"name":"Soluciones personalizadas de IA para empresas"}]},{"@type":"WebSite","@id":"https:\/\/meetcody.ai\/#website","url":"https:\/\/meetcody.ai\/","name":"Cody AI - The AI Trained on Your Business","description":"AI Powered Knowledge Base for Employees","publisher":{"@id":"https:\/\/meetcody.ai\/#organization"},"potentialAction":[{"@type":"SearchAction","target":{"@type":"EntryPoint","urlTemplate":"https:\/\/meetcody.ai\/?s={search_term_string}"},"query-input":{"@type":"PropertyValueSpecification","valueRequired":true,"valueName":"search_term_string"}}],"inLanguage":"es-ES"},{"@type":"Organization","@id":"https:\/\/meetcody.ai\/#organization","name":"Cody AI - The AI Trained on Your Business","url":"https:\/\/meetcody.ai\/","logo":{"@type":"ImageObject","inLanguage":"es-ES","@id":"https:\/\/meetcody.ai\/#\/schema\/logo\/image\/","url":"https:\/\/meetcody.ai\/wp-content\/uploads\/2023\/05\/logo-codyai.svg","contentUrl":"https:\/\/meetcody.ai\/wp-content\/uploads\/2023\/05\/logo-codyai.svg","width":"1024","height":"1024","caption":"Cody AI - The AI Trained on Your Business"},"image":{"@id":"https:\/\/meetcody.ai\/#\/schema\/logo\/image\/"},"sameAs":["https:\/\/x.com\/meetcodyai","https:\/\/discord.com\/invite\/jXEVDcFxqs"]}]}},"_links":{"self":[{"href":"https:\/\/meetcody.ai\/es\/wp-json\/wp\/v2\/pages\/26065","targetHints":{"allow":["GET"]}}],"collection":[{"href":"https:\/\/meetcody.ai\/es\/wp-json\/wp\/v2\/pages"}],"about":[{"href":"https:\/\/meetcody.ai\/es\/wp-json\/wp\/v2\/types\/page"}],"author":[{"embeddable":true,"href":"https:\/\/meetcody.ai\/es\/wp-json\/wp\/v2\/users\/1"}],"replies":[{"embeddable":true,"href":"https:\/\/meetcody.ai\/es\/wp-json\/wp\/v2\/comments?post=26065"}],"version-history":[{"count":45,"href":"https:\/\/meetcody.ai\/es\/wp-json\/wp\/v2\/pages\/26065\/revisions"}],"predecessor-version":[{"id":49478,"href":"https:\/\/meetcody.ai\/es\/wp-json\/wp\/v2\/pages\/26065\/revisions\/49478"}],"wp:attachment":[{"href":"https:\/\/meetcody.ai\/es\/wp-json\/wp\/v2\/media?parent=26065"}],"curies":[{"name":"wp","href":"https:\/\/api.w.org\/{rel}","templated":true}]}}