{"id":50239,"date":"2024-10-04T00:14:54","date_gmt":"2024-10-04T00:14:54","guid":{"rendered":"https:\/\/meetcody.ai\/dokumentation\/"},"modified":"2024-10-04T00:16:14","modified_gmt":"2024-10-04T00:16:14","slug":"dokumentation","status":"publish","type":"page","link":"https:\/\/meetcody.ai\/de\/dokumentation\/","title":{"rendered":"Dokumentation"},"content":{"rendered":"<h4><strong>1. Erste Schritte<\/strong><\/h4>\n<p>  Wenn Sie neu bei CODY sind, lesen Sie den <a href=\"https:\/\/intercom.help\/cody\/en\/\" target=\"_new\" rel=\"noopener\">Leitfaden &#8220;Erste Schritte&#8221;<\/a>, um zu erfahren, wie Sie Ihr Konto einrichten, Ihren Arbeitsbereich konfigurieren und durch die Plattform navigieren.  <\/p>\n<h4><strong>2. Dokumentation f\u00fcr Entwickler<\/strong><\/h4>\n<p>  Greifen Sie auf die CODY API-Dokumentation zu, um CODY in Ihre Systeme, Anwendungen und Arbeitsabl\u00e4ufe zu integrieren.  <\/p>\n<ul>\n<li><a href=\"https:\/\/developers.meetcody.ai\/\" target=\"_new\" rel=\"noopener\">API-Referenzhandbuch<\/a><\/li>\n<\/ul>\n<h4><strong>3. Compliance &amp; Recht<\/strong><\/h4>\n<p>  \u00dcberpr\u00fcfen Sie die Compliance-Dokumentation und die rechtlichen Vereinbarungen von CODY, einschlie\u00dflich der Liste der Unterauftragsverarbeiter und der Richtlinien in Bezug auf den Schutz der Privatsph\u00e4re und den Datenschutz.  <\/p>\n<ul>\n<li><a href=\"https:\/\/meetcody.ai\/terms-conditions\/\" target=\"_new\" rel=\"noopener\">Bedingungen und Konditionen<\/a><\/li>\n<li><a href=\"https:\/\/meetcody.ai\/privacy-policy\/\" target=\"_new\" rel=\"noopener\">Datenschutzbestimmungen<\/a><\/li>\n<li><a href=\"https:\/\/meetcody.ai\/compliance\/sub-processors\/\" target=\"_new\" rel=\"noopener\">Unterauftragsverarbeiter<\/a><\/li>\n<\/ul>\n<h4><strong>4. Sicherheit &amp; Incident Management<\/strong><\/h4>\n<p>  Bleiben Sie mit den CODY Security Bulletins \u00fcber die neuesten Sicherheitsprobleme, Schwachstellen und Abhilfema\u00dfnahmen informiert.<br \/>\nErfahren Sie mehr \u00fcber unsere Reaktionsstrategien und Berichtsmechanismen auf unserer Seite Krisenmanagement.   <\/p>\n<ul>\n<li><a href=\"https:\/\/meetcody.ai\/security\/security-bulletins\/\" target=\"_new\" rel=\"noopener\">Sicherheitsbulletins<\/a><\/li>\n<li><a href=\"https:\/\/meetcody.ai\/security\/crisis\" target=\"_new\" rel=\"noopener\">Krisenmanagement &amp; Berichterstattung<\/a><\/li>\n<\/ul>\n<h4><strong>5. Unterst\u00fctzung &amp; Fehlerbehebung<\/strong><\/h4>\n<p>  Im CODY Help Center finden Sie Antworten auf h\u00e4ufig gestellte Fragen und L\u00f6sungen f\u00fcr technische Probleme, oder setzen Sie sich mit dem Support-Team in Verbindung, wenn Sie weitere Hilfe ben\u00f6tigen.  <\/p>\n<ul>\n<li><a href=\"https:\/\/intercom.help\/cody\/en\/\" target=\"_new\" rel=\"noopener\">Hilfe-Center &amp; FAQ<\/a><\/li>\n<\/ul>\n<h4><strong>6. Zus\u00e4tzliche Ressourcen<\/strong><\/h4>\n<p>  Bleiben Sie auf dem Laufenden mit den neuesten Nachrichten, Produkt-Updates und Best Practices von CODY in unserem Blog.  <\/p>\n<ul>\n<li><a href=\"https:\/\/meetcody.ai\/blog\/\" target=\"_new\" rel=\"noopener\">CODY-Blog<\/a><\/li>\n<\/ul>\n","protected":false},"excerpt":{"rendered":"<p>1. Erste Schritte Wenn Sie neu bei CODY sind, lesen Sie den Leitfaden &#8220;Erste Schritte&#8221;, um zu erfahren, wie Sie Ihr Konto einrichten, Ihren Arbeitsbereich konfigurieren und durch die Plattform navigieren. 2. Dokumentation f\u00fcr Entwickler Greifen Sie auf die CODY API-Dokumentation zu, um CODY in Ihre Systeme, Anwendungen und Arbeitsabl\u00e4ufe zu integrieren. API-Referenzhandbuch 3. Compliance<a class=\"excerpt-read-more\" href=\"https:\/\/meetcody.ai\/de\/dokumentation\/\" title=\"ReadDokumentation\">&#8230; Read more &raquo;<\/a><\/p>\n","protected":false},"author":1,"featured_media":0,"parent":0,"menu_order":0,"comment_status":"closed","ping_status":"closed","template":"template-full-width.php","meta":{"_acf_changed":false,"inline_featured_image":false,"footnotes":""},"class_list":["post-50239","page","type-page","status-publish","hentry"],"acf":[],"yoast_head":"<!-- This site is optimized with the Yoast SEO Premium plugin v21.8 (Yoast SEO v24.2) - https:\/\/yoast.com\/wordpress\/plugins\/seo\/ -->\n<title>Dokumentation - Cody - The AI Trained on Your Business<\/title>\n<meta name=\"robots\" content=\"index, follow, max-snippet:-1, max-image-preview:large, max-video-preview:-1\" \/>\n<link rel=\"canonical\" href=\"https:\/\/meetcody.ai\/de\/dokumentation\/\" \/>\n<meta property=\"og:locale\" content=\"de_DE\" \/>\n<meta property=\"og:type\" content=\"article\" \/>\n<meta property=\"og:title\" content=\"Dokumentation\" \/>\n<meta property=\"og:description\" content=\"1. Erste Schritte Wenn Sie neu bei CODY sind, lesen Sie den Leitfaden &#8220;Erste Schritte&#8221;, um zu erfahren, wie Sie Ihr Konto einrichten, Ihren Arbeitsbereich konfigurieren und durch die Plattform navigieren. 2. Dokumentation f\u00fcr Entwickler Greifen Sie auf die CODY API-Dokumentation zu, um CODY in Ihre Systeme, Anwendungen und Arbeitsabl\u00e4ufe zu integrieren. API-Referenzhandbuch 3. Compliance... Read more &raquo;\" \/>\n<meta property=\"og:url\" content=\"https:\/\/meetcody.ai\/de\/dokumentation\/\" \/>\n<meta property=\"og:site_name\" content=\"Cody - The AI Trained on Your Business\" \/>\n<meta property=\"article:modified_time\" content=\"2024-10-04T00:16:14+00:00\" \/>\n<meta property=\"og:image\" content=\"https:\/\/meetcody.ai\/wp-content\/uploads\/2023\/02\/grid_0-2.png\" \/>\n\t<meta property=\"og:image:width\" content=\"1536\" \/>\n\t<meta property=\"og:image:height\" content=\"1024\" \/>\n\t<meta property=\"og:image:type\" content=\"image\/png\" \/>\n<meta name=\"twitter:card\" content=\"summary_large_image\" \/>\n<meta name=\"twitter:site\" content=\"@meetcodyai\" \/>\n<meta name=\"twitter:label1\" content=\"Est. reading time\" \/>\n\t<meta name=\"twitter:data1\" content=\"1 minute\" \/>\n<script type=\"application\/ld+json\" class=\"yoast-schema-graph\">{\"@context\":\"https:\/\/schema.org\",\"@graph\":[{\"@type\":\"WebPage\",\"@id\":\"https:\/\/meetcody.ai\/de\/dokumentation\/\",\"url\":\"https:\/\/meetcody.ai\/de\/dokumentation\/\",\"name\":\"Dokumentation - Cody - The AI Trained on Your Business\",\"isPartOf\":{\"@id\":\"https:\/\/meetcody.ai\/#website\"},\"datePublished\":\"2024-10-04T00:14:54+00:00\",\"dateModified\":\"2024-10-04T00:16:14+00:00\",\"breadcrumb\":{\"@id\":\"https:\/\/meetcody.ai\/de\/dokumentation\/#breadcrumb\"},\"inLanguage\":\"de-DE\",\"potentialAction\":[{\"@type\":\"ReadAction\",\"target\":[\"https:\/\/meetcody.ai\/de\/dokumentation\/\"]}]},{\"@type\":\"BreadcrumbList\",\"@id\":\"https:\/\/meetcody.ai\/de\/dokumentation\/#breadcrumb\",\"itemListElement\":[{\"@type\":\"ListItem\",\"position\":1,\"name\":\"Home\",\"item\":\"https:\/\/meetcody.ai\/de\/\"},{\"@type\":\"ListItem\",\"position\":2,\"name\":\"Dokumentation\"}]},{\"@type\":\"WebSite\",\"@id\":\"https:\/\/meetcody.ai\/#website\",\"url\":\"https:\/\/meetcody.ai\/\",\"name\":\"Cody AI - The AI Trained on Your Business\",\"description\":\"AI Powered Knowledge Base for Employees\",\"publisher\":{\"@id\":\"https:\/\/meetcody.ai\/#organization\"},\"potentialAction\":[{\"@type\":\"SearchAction\",\"target\":{\"@type\":\"EntryPoint\",\"urlTemplate\":\"https:\/\/meetcody.ai\/?s={search_term_string}\"},\"query-input\":{\"@type\":\"PropertyValueSpecification\",\"valueRequired\":true,\"valueName\":\"search_term_string\"}}],\"inLanguage\":\"de-DE\"},{\"@type\":\"Organization\",\"@id\":\"https:\/\/meetcody.ai\/#organization\",\"name\":\"Cody AI - The AI Trained on Your Business\",\"url\":\"https:\/\/meetcody.ai\/\",\"logo\":{\"@type\":\"ImageObject\",\"inLanguage\":\"de-DE\",\"@id\":\"https:\/\/meetcody.ai\/#\/schema\/logo\/image\/\",\"url\":\"https:\/\/meetcody.ai\/wp-content\/uploads\/2023\/05\/logo-codyai.svg\",\"contentUrl\":\"https:\/\/meetcody.ai\/wp-content\/uploads\/2023\/05\/logo-codyai.svg\",\"width\":\"1024\",\"height\":\"1024\",\"caption\":\"Cody AI - The AI Trained on Your Business\"},\"image\":{\"@id\":\"https:\/\/meetcody.ai\/#\/schema\/logo\/image\/\"},\"sameAs\":[\"https:\/\/x.com\/meetcodyai\",\"https:\/\/discord.com\/invite\/jXEVDcFxqs\"]}]}<\/script>\n<!-- \/ Yoast SEO Premium plugin. -->","yoast_head_json":{"title":"Dokumentation - Cody - The AI Trained on Your Business","robots":{"index":"index","follow":"follow","max-snippet":"max-snippet:-1","max-image-preview":"max-image-preview:large","max-video-preview":"max-video-preview:-1"},"canonical":"https:\/\/meetcody.ai\/de\/dokumentation\/","og_locale":"de_DE","og_type":"article","og_title":"Dokumentation","og_description":"1. Erste Schritte Wenn Sie neu bei CODY sind, lesen Sie den Leitfaden &#8220;Erste Schritte&#8221;, um zu erfahren, wie Sie Ihr Konto einrichten, Ihren Arbeitsbereich konfigurieren und durch die Plattform navigieren. 2. Dokumentation f\u00fcr Entwickler Greifen Sie auf die CODY API-Dokumentation zu, um CODY in Ihre Systeme, Anwendungen und Arbeitsabl\u00e4ufe zu integrieren. API-Referenzhandbuch 3. Compliance... Read more &raquo;","og_url":"https:\/\/meetcody.ai\/de\/dokumentation\/","og_site_name":"Cody - The AI Trained on Your Business","article_modified_time":"2024-10-04T00:16:14+00:00","og_image":[{"width":1536,"height":1024,"url":"https:\/\/meetcody.ai\/wp-content\/uploads\/2023\/02\/grid_0-2.png","type":"image\/png"}],"twitter_card":"summary_large_image","twitter_site":"@meetcodyai","twitter_misc":{"Est. reading time":"1 minute"},"schema":{"@context":"https:\/\/schema.org","@graph":[{"@type":"WebPage","@id":"https:\/\/meetcody.ai\/de\/dokumentation\/","url":"https:\/\/meetcody.ai\/de\/dokumentation\/","name":"Dokumentation - Cody - The AI Trained on Your Business","isPartOf":{"@id":"https:\/\/meetcody.ai\/#website"},"datePublished":"2024-10-04T00:14:54+00:00","dateModified":"2024-10-04T00:16:14+00:00","breadcrumb":{"@id":"https:\/\/meetcody.ai\/de\/dokumentation\/#breadcrumb"},"inLanguage":"de-DE","potentialAction":[{"@type":"ReadAction","target":["https:\/\/meetcody.ai\/de\/dokumentation\/"]}]},{"@type":"BreadcrumbList","@id":"https:\/\/meetcody.ai\/de\/dokumentation\/#breadcrumb","itemListElement":[{"@type":"ListItem","position":1,"name":"Home","item":"https:\/\/meetcody.ai\/de\/"},{"@type":"ListItem","position":2,"name":"Dokumentation"}]},{"@type":"WebSite","@id":"https:\/\/meetcody.ai\/#website","url":"https:\/\/meetcody.ai\/","name":"Cody AI - The AI Trained on Your Business","description":"AI Powered Knowledge Base for Employees","publisher":{"@id":"https:\/\/meetcody.ai\/#organization"},"potentialAction":[{"@type":"SearchAction","target":{"@type":"EntryPoint","urlTemplate":"https:\/\/meetcody.ai\/?s={search_term_string}"},"query-input":{"@type":"PropertyValueSpecification","valueRequired":true,"valueName":"search_term_string"}}],"inLanguage":"de-DE"},{"@type":"Organization","@id":"https:\/\/meetcody.ai\/#organization","name":"Cody AI - The AI Trained on Your Business","url":"https:\/\/meetcody.ai\/","logo":{"@type":"ImageObject","inLanguage":"de-DE","@id":"https:\/\/meetcody.ai\/#\/schema\/logo\/image\/","url":"https:\/\/meetcody.ai\/wp-content\/uploads\/2023\/05\/logo-codyai.svg","contentUrl":"https:\/\/meetcody.ai\/wp-content\/uploads\/2023\/05\/logo-codyai.svg","width":"1024","height":"1024","caption":"Cody AI - The AI Trained on Your Business"},"image":{"@id":"https:\/\/meetcody.ai\/#\/schema\/logo\/image\/"},"sameAs":["https:\/\/x.com\/meetcodyai","https:\/\/discord.com\/invite\/jXEVDcFxqs"]}]}},"_links":{"self":[{"href":"https:\/\/meetcody.ai\/de\/wp-json\/wp\/v2\/pages\/50239","targetHints":{"allow":["GET"]}}],"collection":[{"href":"https:\/\/meetcody.ai\/de\/wp-json\/wp\/v2\/pages"}],"about":[{"href":"https:\/\/meetcody.ai\/de\/wp-json\/wp\/v2\/types\/page"}],"author":[{"embeddable":true,"href":"https:\/\/meetcody.ai\/de\/wp-json\/wp\/v2\/users\/1"}],"replies":[{"embeddable":true,"href":"https:\/\/meetcody.ai\/de\/wp-json\/wp\/v2\/comments?post=50239"}],"version-history":[{"count":1,"href":"https:\/\/meetcody.ai\/de\/wp-json\/wp\/v2\/pages\/50239\/revisions"}],"predecessor-version":[{"id":50252,"href":"https:\/\/meetcody.ai\/de\/wp-json\/wp\/v2\/pages\/50239\/revisions\/50252"}],"wp:attachment":[{"href":"https:\/\/meetcody.ai\/de\/wp-json\/wp\/v2\/media?parent=50239"}],"curies":[{"name":"wp","href":"https:\/\/api.w.org\/{rel}","templated":true}]}}