{"id":49777,"date":"2024-10-03T23:41:42","date_gmt":"2024-10-03T23:41:42","guid":{"rendered":"https:\/\/meetcody.ai\/sicherheitsbulletins\/"},"modified":"2024-10-04T00:10:41","modified_gmt":"2024-10-04T00:10:41","slug":"sicherheitsbulletins","status":"publish","type":"page","link":"https:\/\/meetcody.ai\/de\/sicherheit\/sicherheitsbulletins\/","title":{"rendered":"Sicherheitsbulletins"},"content":{"rendered":"<div class=\"wpb-content-wrapper\"><p>[vc_section el_id=&#8221;privacy-policy-section_0&#8243;][vc_row][vc_column][vc_row_inner el_class=&#8221;row no-padding-vc&#8221;][vc_column_inner][vc_column_text el_class=&#8221;large-text-left text-center&#8221;]<\/p>\n&#13;\n<p>Willkommen auf der CODY-Sicherheitsbulletin-Seite.\nHier finden Sie Updates und Informationen zu Sicherheitsproblemen, Schwachstellen und Ma\u00dfnahmen zur Reaktion auf Vorf\u00e4lle, die f\u00fcr das CODY-Netzwerk relevant sind.\nDiese Seite wird regelm\u00e4\u00dfig aktualisiert, um Transparenz zu gew\u00e4hrleisten und unsere Benutzer \u00fcber alle sicherheitsrelevanten Ereignisse und L\u00f6sungen auf dem Laufenden zu halten.  <\/p>&#13;\n<hr\/>&#13;\n<h3><strong>Current Status: No Security Bulletins Published<\/strong><\/h3>&#13;\n<p>Zum jetzigen Zeitpunkt wurden keine Sicherheitsbulletins ver\u00f6ffentlicht.\nCODY arbeitet weiterhin mit einem hohen Ma\u00df an Sicherheit, und es wurden keine Vorf\u00e4lle festgestellt, die eine Ver\u00f6ffentlichung erfordern. <\/p>&#13;\n<p>Die Sicherheit und der Schutz der Privatsph\u00e4re unserer Nutzer haben f\u00fcr uns oberste Priorit\u00e4t, und wir ergreifen proaktiv Ma\u00dfnahmen zur Aufrechterhaltung einer sicheren Umgebung.\nSollte ein Sicherheitsvorfall oder eine Sicherheitsl\u00fccke festgestellt werden, werden wir diese Seite umgehend mit den notwendigen Details aktualisieren, einschlie\u00dflich der Art des Problems, unserer Reaktion und empfohlenen Ma\u00dfnahmen f\u00fcr unsere Benutzer. <\/p>&#13;\n<hr\/>&#13;\n<h3><strong>What to Expect in Future Bulletins<\/strong><\/h3>&#13;\n<p>Wenn ein Security Bulletin ver\u00f6ffentlicht wird, enth\u00e4lt es in der Regel die folgenden Details:<\/p>&#13;\n<ul>&#13;\n<li><strong>Date of Issue<\/strong>: When the bulletin was published.<\/li>&#13;\n<li><strong>Severity Level<\/strong>: An assessment of the severity of the issue (e.g., Low, Medium, High, Critical).<\/li>&#13;\n<li><strong>Description of the Issue<\/strong>: A brief summary of the incident or vulnerability.<\/li>&#13;\n<li><strong>Impact Analysis<\/strong>: How the issue affects CODY\u2019s systems and\/or users.<\/li>&#13;\n<li><strong>Mitigation and Resolution<\/strong>: Steps CODY has taken to address the issue and any actions users need to take.<\/li>&#13;\n<li><strong>Additional Resources<\/strong>: Links to any relevant resources or support documentation.<\/li>&#13;\n<\/ul>&#13;\n<hr\/>&#13;\n<h3><strong>Contact Information<\/strong><\/h3>&#13;\n<p>Wenn Sie Fragen haben oder glauben, ein Sicherheitsproblem entdeckt zu haben, wenden Sie sich bitte an unser Sicherheitsteam unter security@meetcody.ai.\nWir sch\u00e4tzen Ihren Beitrag und nehmen alle Meldungen ernst, um die Sicherheit des CODY-Netzwerks zu gew\u00e4hrleisten. <\/p>&#13;\n<p>[\/vc_column_text][\/vc_column_inner][\/vc_row_inner][vc_empty_space height=&#8221;90px&#8221; el_class=&#8221;show-for-large&#8221;][vc_empty_space height=&#8221;45px&#8221; el_class=&#8221;hide-for-large&#8221;][\/vc_column][\/vc_row][\/vc_section][vc_row][vc_column][vc_column_text]<\/p>&#13;\n<p> [\/vc_column_text][\/vc_column][\/vc_row]<\/p><\/div>","protected":false},"excerpt":{"rendered":"<p>[vc_section el_id=&#8221;privacy-policy-section_0&#8243;][vc_row][vc_column][vc_row_inner el_class=&#8221;row no-padding-vc&#8221;][vc_column_inner][vc_column_text el_class=&#8221;large-text-left text-center&#8221;] &#13; Willkommen auf der CODY-Sicherheitsbulletin-Seite. Hier finden Sie Updates und Informationen zu Sicherheitsproblemen, Schwachstellen und Ma\u00dfnahmen zur Reaktion auf Vorf\u00e4lle, die f\u00fcr das CODY-Netzwerk relevant sind. Diese Seite wird regelm\u00e4\u00dfig aktualisiert, um Transparenz zu gew\u00e4hrleisten und unsere Benutzer \u00fcber alle sicherheitsrelevanten Ereignisse und L\u00f6sungen auf dem Laufenden zu halten.<a class=\"excerpt-read-more\" href=\"https:\/\/meetcody.ai\/de\/sicherheit\/sicherheitsbulletins\/\" title=\"ReadSicherheitsbulletins\">&#8230; Read more &raquo;<\/a><\/p>\n","protected":false},"author":1,"featured_media":0,"parent":49816,"menu_order":0,"comment_status":"closed","ping_status":"closed","template":"template-full-width.php","meta":{"_acf_changed":false,"inline_featured_image":false,"footnotes":""},"class_list":["post-49777","page","type-page","status-publish","hentry"],"acf":[],"yoast_head":"<!-- This site is optimized with the Yoast SEO Premium plugin v21.8 (Yoast SEO v24.2) - https:\/\/yoast.com\/wordpress\/plugins\/seo\/ -->\n<title>Sicherheitsbulletins - Cody - The AI Trained on Your Business<\/title>\n<meta name=\"robots\" content=\"index, follow, max-snippet:-1, max-image-preview:large, max-video-preview:-1\" \/>\n<link rel=\"canonical\" href=\"https:\/\/meetcody.ai\/de\/sicherheit\/sicherheitsbulletins\/\" \/>\n<meta property=\"og:locale\" content=\"de_DE\" \/>\n<meta property=\"og:type\" content=\"article\" \/>\n<meta property=\"og:title\" content=\"Sicherheitsbulletins\" \/>\n<meta property=\"og:description\" content=\"[vc_section el_id=&#8221;privacy-policy-section_0&#8243;][vc_row][vc_column][vc_row_inner el_class=&#8221;row no-padding-vc&#8221;][vc_column_inner][vc_column_text el_class=&#8221;large-text-left text-center&#8221;] &#013; Willkommen auf der CODY-Sicherheitsbulletin-Seite. Hier finden Sie Updates und Informationen zu Sicherheitsproblemen, Schwachstellen und Ma\u00dfnahmen zur Reaktion auf Vorf\u00e4lle, die f\u00fcr das CODY-Netzwerk relevant sind. Diese Seite wird regelm\u00e4\u00dfig aktualisiert, um Transparenz zu gew\u00e4hrleisten und unsere Benutzer \u00fcber alle sicherheitsrelevanten Ereignisse und L\u00f6sungen auf dem Laufenden zu halten.... Read more &raquo;\" \/>\n<meta property=\"og:url\" content=\"https:\/\/meetcody.ai\/de\/sicherheit\/sicherheitsbulletins\/\" \/>\n<meta property=\"og:site_name\" content=\"Cody - The AI Trained on Your Business\" \/>\n<meta property=\"article:modified_time\" content=\"2024-10-04T00:10:41+00:00\" \/>\n<meta property=\"og:image\" content=\"https:\/\/meetcody.ai\/wp-content\/uploads\/2023\/02\/grid_0-2.png\" \/>\n\t<meta property=\"og:image:width\" content=\"1536\" \/>\n\t<meta property=\"og:image:height\" content=\"1024\" \/>\n\t<meta property=\"og:image:type\" content=\"image\/png\" \/>\n<meta name=\"twitter:card\" content=\"summary_large_image\" \/>\n<meta name=\"twitter:site\" content=\"@meetcodyai\" \/>\n<meta name=\"twitter:label1\" content=\"Est. reading time\" \/>\n\t<meta name=\"twitter:data1\" content=\"2 minutes\" \/>\n<script type=\"application\/ld+json\" class=\"yoast-schema-graph\">{\"@context\":\"https:\/\/schema.org\",\"@graph\":[{\"@type\":\"WebPage\",\"@id\":\"https:\/\/meetcody.ai\/de\/sicherheit\/sicherheitsbulletins\/\",\"url\":\"https:\/\/meetcody.ai\/de\/sicherheit\/sicherheitsbulletins\/\",\"name\":\"Sicherheitsbulletins - Cody - The AI Trained on Your Business\",\"isPartOf\":{\"@id\":\"https:\/\/meetcody.ai\/#website\"},\"datePublished\":\"2024-10-03T23:41:42+00:00\",\"dateModified\":\"2024-10-04T00:10:41+00:00\",\"breadcrumb\":{\"@id\":\"https:\/\/meetcody.ai\/de\/sicherheit\/sicherheitsbulletins\/#breadcrumb\"},\"inLanguage\":\"de-DE\",\"potentialAction\":[{\"@type\":\"ReadAction\",\"target\":[\"https:\/\/meetcody.ai\/de\/sicherheit\/sicherheitsbulletins\/\"]}]},{\"@type\":\"BreadcrumbList\",\"@id\":\"https:\/\/meetcody.ai\/de\/sicherheit\/sicherheitsbulletins\/#breadcrumb\",\"itemListElement\":[{\"@type\":\"ListItem\",\"position\":1,\"name\":\"Home\",\"item\":\"https:\/\/meetcody.ai\/de\/\"},{\"@type\":\"ListItem\",\"position\":2,\"name\":\"Sicherheit\",\"item\":\"https:\/\/meetcody.ai\/sicherheit\/\"},{\"@type\":\"ListItem\",\"position\":3,\"name\":\"Sicherheitsbulletins\"}]},{\"@type\":\"WebSite\",\"@id\":\"https:\/\/meetcody.ai\/#website\",\"url\":\"https:\/\/meetcody.ai\/\",\"name\":\"Cody AI - The AI Trained on Your Business\",\"description\":\"AI Powered Knowledge Base for Employees\",\"publisher\":{\"@id\":\"https:\/\/meetcody.ai\/#organization\"},\"potentialAction\":[{\"@type\":\"SearchAction\",\"target\":{\"@type\":\"EntryPoint\",\"urlTemplate\":\"https:\/\/meetcody.ai\/?s={search_term_string}\"},\"query-input\":{\"@type\":\"PropertyValueSpecification\",\"valueRequired\":true,\"valueName\":\"search_term_string\"}}],\"inLanguage\":\"de-DE\"},{\"@type\":\"Organization\",\"@id\":\"https:\/\/meetcody.ai\/#organization\",\"name\":\"Cody AI - The AI Trained on Your Business\",\"url\":\"https:\/\/meetcody.ai\/\",\"logo\":{\"@type\":\"ImageObject\",\"inLanguage\":\"de-DE\",\"@id\":\"https:\/\/meetcody.ai\/#\/schema\/logo\/image\/\",\"url\":\"https:\/\/meetcody.ai\/wp-content\/uploads\/2023\/05\/logo-codyai.svg\",\"contentUrl\":\"https:\/\/meetcody.ai\/wp-content\/uploads\/2023\/05\/logo-codyai.svg\",\"width\":\"1024\",\"height\":\"1024\",\"caption\":\"Cody AI - The AI Trained on Your Business\"},\"image\":{\"@id\":\"https:\/\/meetcody.ai\/#\/schema\/logo\/image\/\"},\"sameAs\":[\"https:\/\/x.com\/meetcodyai\",\"https:\/\/discord.com\/invite\/jXEVDcFxqs\"]}]}<\/script>\n<!-- \/ Yoast SEO Premium plugin. -->","yoast_head_json":{"title":"Sicherheitsbulletins - Cody - The AI Trained on Your Business","robots":{"index":"index","follow":"follow","max-snippet":"max-snippet:-1","max-image-preview":"max-image-preview:large","max-video-preview":"max-video-preview:-1"},"canonical":"https:\/\/meetcody.ai\/de\/sicherheit\/sicherheitsbulletins\/","og_locale":"de_DE","og_type":"article","og_title":"Sicherheitsbulletins","og_description":"[vc_section el_id=&#8221;privacy-policy-section_0&#8243;][vc_row][vc_column][vc_row_inner el_class=&#8221;row no-padding-vc&#8221;][vc_column_inner][vc_column_text el_class=&#8221;large-text-left text-center&#8221;] &#13; Willkommen auf der CODY-Sicherheitsbulletin-Seite. Hier finden Sie Updates und Informationen zu Sicherheitsproblemen, Schwachstellen und Ma\u00dfnahmen zur Reaktion auf Vorf\u00e4lle, die f\u00fcr das CODY-Netzwerk relevant sind. Diese Seite wird regelm\u00e4\u00dfig aktualisiert, um Transparenz zu gew\u00e4hrleisten und unsere Benutzer \u00fcber alle sicherheitsrelevanten Ereignisse und L\u00f6sungen auf dem Laufenden zu halten.... Read more &raquo;","og_url":"https:\/\/meetcody.ai\/de\/sicherheit\/sicherheitsbulletins\/","og_site_name":"Cody - The AI Trained on Your Business","article_modified_time":"2024-10-04T00:10:41+00:00","og_image":[{"width":1536,"height":1024,"url":"https:\/\/meetcody.ai\/wp-content\/uploads\/2023\/02\/grid_0-2.png","type":"image\/png"}],"twitter_card":"summary_large_image","twitter_site":"@meetcodyai","twitter_misc":{"Est. reading time":"2 minutes"},"schema":{"@context":"https:\/\/schema.org","@graph":[{"@type":"WebPage","@id":"https:\/\/meetcody.ai\/de\/sicherheit\/sicherheitsbulletins\/","url":"https:\/\/meetcody.ai\/de\/sicherheit\/sicherheitsbulletins\/","name":"Sicherheitsbulletins - Cody - The AI Trained on Your Business","isPartOf":{"@id":"https:\/\/meetcody.ai\/#website"},"datePublished":"2024-10-03T23:41:42+00:00","dateModified":"2024-10-04T00:10:41+00:00","breadcrumb":{"@id":"https:\/\/meetcody.ai\/de\/sicherheit\/sicherheitsbulletins\/#breadcrumb"},"inLanguage":"de-DE","potentialAction":[{"@type":"ReadAction","target":["https:\/\/meetcody.ai\/de\/sicherheit\/sicherheitsbulletins\/"]}]},{"@type":"BreadcrumbList","@id":"https:\/\/meetcody.ai\/de\/sicherheit\/sicherheitsbulletins\/#breadcrumb","itemListElement":[{"@type":"ListItem","position":1,"name":"Home","item":"https:\/\/meetcody.ai\/de\/"},{"@type":"ListItem","position":2,"name":"Sicherheit","item":"https:\/\/meetcody.ai\/sicherheit\/"},{"@type":"ListItem","position":3,"name":"Sicherheitsbulletins"}]},{"@type":"WebSite","@id":"https:\/\/meetcody.ai\/#website","url":"https:\/\/meetcody.ai\/","name":"Cody AI - The AI Trained on Your Business","description":"AI Powered Knowledge Base for Employees","publisher":{"@id":"https:\/\/meetcody.ai\/#organization"},"potentialAction":[{"@type":"SearchAction","target":{"@type":"EntryPoint","urlTemplate":"https:\/\/meetcody.ai\/?s={search_term_string}"},"query-input":{"@type":"PropertyValueSpecification","valueRequired":true,"valueName":"search_term_string"}}],"inLanguage":"de-DE"},{"@type":"Organization","@id":"https:\/\/meetcody.ai\/#organization","name":"Cody AI - The AI Trained on Your Business","url":"https:\/\/meetcody.ai\/","logo":{"@type":"ImageObject","inLanguage":"de-DE","@id":"https:\/\/meetcody.ai\/#\/schema\/logo\/image\/","url":"https:\/\/meetcody.ai\/wp-content\/uploads\/2023\/05\/logo-codyai.svg","contentUrl":"https:\/\/meetcody.ai\/wp-content\/uploads\/2023\/05\/logo-codyai.svg","width":"1024","height":"1024","caption":"Cody AI - The AI Trained on Your Business"},"image":{"@id":"https:\/\/meetcody.ai\/#\/schema\/logo\/image\/"},"sameAs":["https:\/\/x.com\/meetcodyai","https:\/\/discord.com\/invite\/jXEVDcFxqs"]}]}},"_links":{"self":[{"href":"https:\/\/meetcody.ai\/de\/wp-json\/wp\/v2\/pages\/49777","targetHints":{"allow":["GET"]}}],"collection":[{"href":"https:\/\/meetcody.ai\/de\/wp-json\/wp\/v2\/pages"}],"about":[{"href":"https:\/\/meetcody.ai\/de\/wp-json\/wp\/v2\/types\/page"}],"author":[{"embeddable":true,"href":"https:\/\/meetcody.ai\/de\/wp-json\/wp\/v2\/users\/1"}],"replies":[{"embeddable":true,"href":"https:\/\/meetcody.ai\/de\/wp-json\/wp\/v2\/comments?post=49777"}],"version-history":[{"count":8,"href":"https:\/\/meetcody.ai\/de\/wp-json\/wp\/v2\/pages\/49777\/revisions"}],"predecessor-version":[{"id":50162,"href":"https:\/\/meetcody.ai\/de\/wp-json\/wp\/v2\/pages\/49777\/revisions\/50162"}],"up":[{"embeddable":true,"href":"https:\/\/meetcody.ai\/de\/wp-json\/wp\/v2\/pages\/49816"}],"wp:attachment":[{"href":"https:\/\/meetcody.ai\/de\/wp-json\/wp\/v2\/media?parent=49777"}],"curies":[{"name":"wp","href":"https:\/\/api.w.org\/{rel}","templated":true}]}}