{"id":49652,"date":"2024-10-03T23:38:29","date_gmt":"2024-10-03T23:38:29","guid":{"rendered":"https:\/\/meetcody.ai\/sub-prozessoren\/"},"modified":"2024-10-03T23:57:07","modified_gmt":"2024-10-03T23:57:07","slug":"sub-prozessoren","status":"publish","type":"page","link":"https:\/\/meetcody.ai\/de\/compliance\/sub-prozessoren\/","title":{"rendered":"Sub-Prozessoren"},"content":{"rendered":"<div class=\"wpb-content-wrapper\"><p>[vc_section el_id=&#8221;privacy-policy-section_0&#8243;][vc_row][vc_column][vc_row_inner el_class=&#8221;row no-padding-vc&#8221;][vc_column_inner][vc_column_text el_class=&#8221;large-text-left text-center&#8221;]Zuletzt ge\u00e4ndert am 8. Juli 2024 Unterauftragsverarbeiter Cody LLC setzt die unten aufgef\u00fchrten Drittunternehmen (jeweils ein &#8220;Unterauftragsverarbeiter&#8221;) ein, um personenbezogene Daten im Auftrag von Cody LLC-Kunden und in \u00dcbereinstimmung mit den Vertragsbedingungen zwischen Cody LLC und dem Unterauftragsverarbeiter zu verarbeiten, um die Verpflichtungen von Cody LLC in Cody LLC&#8217;s Data Processing Addendum einzuhalten. Die folgende Liste enth\u00e4lt Unterauftragsverarbeiter f\u00fcr die allgemein verf\u00fcgbaren Dienste von Cody LLC. Weitere Informationen zu den Sicherheitsma\u00dfnahmen f\u00fcr Unterauftragsverarbeiter finden Sie \u00fcber die unten stehenden externen Links. Bitte beachten Sie, dass bei Verwendung der Cody LLC-Datenresidenz die angehefteten Daten an dem von Ihnen angegebenen Ort verbleiben, wie auf dieser Seite beschrieben.[\/vc_column_text][vc_empty_space height=&#8221;50px&#8221; el_class=&#8221;show-for-large&#8221;][vc_column_text el_class=&#8221;large-text-left text-center&#8221;]<\/p>\n<div class=\"recommended-settings\">\n<table>\n<thead>\n<tr>\n<th>\n<h5 class=\"font-color-white no-margin-bottom\">Sub-Prozessor<\/h5>\n<\/th>\n<th>\n<h5 class=\"font-color-white no-margin-bottom\">Anwendbare Cloud-Produkte<\/h5>\n<\/th>\n<th>\n<h5 class=\"font-color-white no-margin-bottom\">Art und Zweck der Verarbeitung<\/h5>\n<\/th>\n<th>\n<h5 class=\"font-color-white no-margin-bottom\">Ort der Verarbeitung<\/h5>\n<\/th>\n<th>\n<h5 class=\"font-color-white no-margin-bottom\">Sicherheitsma\u00dfnahmen<\/h5>\n<\/th>\n<\/tr>\n<\/thead>\n<tbody>\n<tr>\n<td><span class=\"font-weight-bold font-color-secondary\">AWS<\/span><\/td>\n<td>Alle Cody LLC Cloud-Produkte<\/td>\n<td>Cloud-Hosting-Anbieter<\/td>\n<td>USA<\/td>\n<td><a class=\"link-arrow-out font-color-secondary\" href=\"https:\/\/aws.amazon.com\/compliance\/programs\/\">AWS Compliance-Programme<\/a><\/td>\n<\/tr>\n<tr>\n<td><span class=\"font-weight-bold font-color-secondary\">Cloudconvert<\/span><\/td>\n<td>Alle Cody LLC Cloud-Produkte<\/td>\n<td>Dateikonvertierungsdienste<\/td>\n<td>USA<\/td>\n<td><a class=\"link-arrow-out font-color-secondary\" href=\"https:\/\/cloudconvert.com\/security\">Cloudconvert Sicherheit<\/a><\/td>\n<\/tr>\n<tr>\n<td><span class=\"font-weight-bold font-color-secondary\">OpenAI<\/span><\/td>\n<td>Alle Cody LLC Cloud-Produkte mit Intelligenz-Funktionen<\/td>\n<td>Generativer KI-Dienstleister f\u00fcr intelligente Produktfunktionen<\/td>\n<td>USA<\/td>\n<td><a class=\"link-arrow-out font-color-secondary\" href=\"https:\/\/www.openai.com\/security\/\">Sicherheit &amp; Vertrauen<\/a><\/td>\n<\/tr>\n<tr>\n<td><span class=\"font-weight-bold font-color-secondary\">Anthropisch<\/span><\/td>\n<td>Alle Cody LLC Cloud-Produkte mit intelligenten Funktionen<\/td>\n<td>Generativer KI-Dienstleister f\u00fcr intelligente Produktfunktionen<\/td>\n<td>USA<\/td>\n<td><a class=\"link-arrow-out font-color-secondary\" href=\"https:\/\/www.anthropic.com\/security\">Anthropische Sicherheit<\/a><\/td>\n<\/tr>\n<tr>\n<td><span class=\"font-weight-bold font-color-secondary\">SingleStore<\/span><\/td>\n<td>Alle Cody LLC Cloud-Produkte<\/td>\n<td>Datenbank-Management-Dienstleistungen<\/td>\n<td>USA<\/td>\n<td><a class=\"link-arrow-out font-color-secondary\" href=\"https:\/\/www.singlestore.com\/security\/\">SingleStore Sicherheit<\/a><\/td>\n<\/tr>\n<tr>\n<td><span class=\"font-weight-bold font-color-secondary\">Streifen<\/span><\/td>\n<td>Alle Cody LLC Cloud-Produkte<\/td>\n<td>Rechnungsstellung und Zahlungsabwicklung<\/td>\n<td>USA<\/td>\n<td><a class=\"link-arrow-out font-color-secondary\" href=\"https:\/\/stripe.com\/docs\/security\">Stripe Sicherheit<\/a><\/td>\n<\/tr>\n<tr>\n<td><span class=\"font-weight-bold font-color-secondary\">Gegensprechanlage<\/span><\/td>\n<td>Alle Cody LLC Cloud-Produkte<\/td>\n<td>Kundensupport und Messaging-Dienste<\/td>\n<td>USA<\/td>\n<td><a class=\"link-arrow-out font-color-secondary\" href=\"https:\/\/www.intercom.com\/security\">Intercom Sicherheit<\/a><\/td>\n<\/tr>\n<\/tbody>\n<\/table>\n<\/div>\n<p>[\/vc_column_text][vc_empty_space height=&#8221;90px&#8221; el_class=&#8221;hide-for-large&#8221;][\/vc_column_inner][\/vc_row_inner][vc_empty_space height=&#8221;90px&#8221; el_class=&#8221;show-for-large&#8221;][vc_empty_space height=&#8221;45px&#8221; el_class=&#8221;hide-for-large&#8221;][\/vc_column][\/vc_row][\/vc_section]<\/p>\n<\/div>","protected":false},"excerpt":{"rendered":"<p>[vc_section el_id=&#8221;privacy-policy-section_0&#8243;][vc_row][vc_column][vc_row_inner el_class=&#8221;row no-padding-vc&#8221;][vc_column_inner][vc_column_text el_class=&#8221;large-text-left text-center&#8221;]Zuletzt ge\u00e4ndert am 8. Juli 2024 Unterauftragsverarbeiter Cody LLC setzt die unten aufgef\u00fchrten Drittunternehmen (jeweils ein &#8220;Unterauftragsverarbeiter&#8221;) ein, um personenbezogene Daten im Auftrag von Cody LLC-Kunden und in \u00dcbereinstimmung mit den Vertragsbedingungen zwischen Cody LLC und dem Unterauftragsverarbeiter zu verarbeiten, um die Verpflichtungen von Cody LLC in Cody LLC&#8217;s Data<a class=\"excerpt-read-more\" href=\"https:\/\/meetcody.ai\/de\/compliance\/sub-prozessoren\/\" title=\"ReadSub-Prozessoren\">&#8230; Read more &raquo;<\/a><\/p>\n","protected":false},"author":1,"featured_media":0,"parent":49824,"menu_order":0,"comment_status":"closed","ping_status":"closed","template":"template-full-width.php","meta":{"_acf_changed":false,"inline_featured_image":false,"footnotes":""},"class_list":["post-49652","page","type-page","status-publish","hentry"],"acf":[],"yoast_head":"<!-- This site is optimized with the Yoast SEO Premium plugin v21.8 (Yoast SEO v24.2) - https:\/\/yoast.com\/wordpress\/plugins\/seo\/ -->\n<title>Sub-Prozessoren - Cody - The AI Trained on Your Business<\/title>\n<meta name=\"robots\" content=\"index, follow, max-snippet:-1, max-image-preview:large, max-video-preview:-1\" \/>\n<link rel=\"canonical\" href=\"https:\/\/meetcody.ai\/de\/compliance\/sub-prozessoren\/\" \/>\n<meta property=\"og:locale\" content=\"de_DE\" \/>\n<meta property=\"og:type\" content=\"article\" \/>\n<meta property=\"og:title\" content=\"Sub-Prozessoren\" \/>\n<meta property=\"og:description\" content=\"[vc_section el_id=&#8221;privacy-policy-section_0&#8243;][vc_row][vc_column][vc_row_inner el_class=&#8221;row no-padding-vc&#8221;][vc_column_inner][vc_column_text el_class=&#8221;large-text-left text-center&#8221;]Zuletzt ge\u00e4ndert am 8. Juli 2024 Unterauftragsverarbeiter Cody LLC setzt die unten aufgef\u00fchrten Drittunternehmen (jeweils ein &#8220;Unterauftragsverarbeiter&#8221;) ein, um personenbezogene Daten im Auftrag von Cody LLC-Kunden und in \u00dcbereinstimmung mit den Vertragsbedingungen zwischen Cody LLC und dem Unterauftragsverarbeiter zu verarbeiten, um die Verpflichtungen von Cody LLC in Cody LLC&#8217;s Data... Read more &raquo;\" \/>\n<meta property=\"og:url\" content=\"https:\/\/meetcody.ai\/de\/compliance\/sub-prozessoren\/\" \/>\n<meta property=\"og:site_name\" content=\"Cody - The AI Trained on Your Business\" \/>\n<meta property=\"article:modified_time\" content=\"2024-10-03T23:57:07+00:00\" \/>\n<meta property=\"og:image\" content=\"https:\/\/meetcody.ai\/wp-content\/uploads\/2023\/02\/grid_0-2.png\" \/>\n\t<meta property=\"og:image:width\" content=\"1536\" \/>\n\t<meta property=\"og:image:height\" content=\"1024\" \/>\n\t<meta property=\"og:image:type\" content=\"image\/png\" \/>\n<meta name=\"twitter:card\" content=\"summary_large_image\" \/>\n<meta name=\"twitter:site\" content=\"@meetcodyai\" \/>\n<meta name=\"twitter:label1\" content=\"Est. reading time\" \/>\n\t<meta name=\"twitter:data1\" content=\"1 minute\" \/>\n<script type=\"application\/ld+json\" class=\"yoast-schema-graph\">{\"@context\":\"https:\/\/schema.org\",\"@graph\":[{\"@type\":\"WebPage\",\"@id\":\"https:\/\/meetcody.ai\/de\/compliance\/sub-prozessoren\/\",\"url\":\"https:\/\/meetcody.ai\/de\/compliance\/sub-prozessoren\/\",\"name\":\"Sub-Prozessoren - Cody - The AI Trained on Your Business\",\"isPartOf\":{\"@id\":\"https:\/\/meetcody.ai\/#website\"},\"datePublished\":\"2024-10-03T23:38:29+00:00\",\"dateModified\":\"2024-10-03T23:57:07+00:00\",\"breadcrumb\":{\"@id\":\"https:\/\/meetcody.ai\/de\/compliance\/sub-prozessoren\/#breadcrumb\"},\"inLanguage\":\"de-DE\",\"potentialAction\":[{\"@type\":\"ReadAction\",\"target\":[\"https:\/\/meetcody.ai\/de\/compliance\/sub-prozessoren\/\"]}]},{\"@type\":\"BreadcrumbList\",\"@id\":\"https:\/\/meetcody.ai\/de\/compliance\/sub-prozessoren\/#breadcrumb\",\"itemListElement\":[{\"@type\":\"ListItem\",\"position\":1,\"name\":\"Home\",\"item\":\"https:\/\/meetcody.ai\/de\/\"},{\"@type\":\"ListItem\",\"position\":2,\"name\":\"Compliance\",\"item\":\"https:\/\/meetcody.ai\/compliance\/\"},{\"@type\":\"ListItem\",\"position\":3,\"name\":\"Sub-Prozessoren\"}]},{\"@type\":\"WebSite\",\"@id\":\"https:\/\/meetcody.ai\/#website\",\"url\":\"https:\/\/meetcody.ai\/\",\"name\":\"Cody AI - The AI Trained on Your Business\",\"description\":\"AI Powered Knowledge Base for Employees\",\"publisher\":{\"@id\":\"https:\/\/meetcody.ai\/#organization\"},\"potentialAction\":[{\"@type\":\"SearchAction\",\"target\":{\"@type\":\"EntryPoint\",\"urlTemplate\":\"https:\/\/meetcody.ai\/?s={search_term_string}\"},\"query-input\":{\"@type\":\"PropertyValueSpecification\",\"valueRequired\":true,\"valueName\":\"search_term_string\"}}],\"inLanguage\":\"de-DE\"},{\"@type\":\"Organization\",\"@id\":\"https:\/\/meetcody.ai\/#organization\",\"name\":\"Cody AI - The AI Trained on Your Business\",\"url\":\"https:\/\/meetcody.ai\/\",\"logo\":{\"@type\":\"ImageObject\",\"inLanguage\":\"de-DE\",\"@id\":\"https:\/\/meetcody.ai\/#\/schema\/logo\/image\/\",\"url\":\"https:\/\/meetcody.ai\/wp-content\/uploads\/2023\/05\/logo-codyai.svg\",\"contentUrl\":\"https:\/\/meetcody.ai\/wp-content\/uploads\/2023\/05\/logo-codyai.svg\",\"width\":\"1024\",\"height\":\"1024\",\"caption\":\"Cody AI - The AI Trained on Your Business\"},\"image\":{\"@id\":\"https:\/\/meetcody.ai\/#\/schema\/logo\/image\/\"},\"sameAs\":[\"https:\/\/x.com\/meetcodyai\",\"https:\/\/discord.com\/invite\/jXEVDcFxqs\"]}]}<\/script>\n<!-- \/ Yoast SEO Premium plugin. -->","yoast_head_json":{"title":"Sub-Prozessoren - Cody - The AI Trained on Your Business","robots":{"index":"index","follow":"follow","max-snippet":"max-snippet:-1","max-image-preview":"max-image-preview:large","max-video-preview":"max-video-preview:-1"},"canonical":"https:\/\/meetcody.ai\/de\/compliance\/sub-prozessoren\/","og_locale":"de_DE","og_type":"article","og_title":"Sub-Prozessoren","og_description":"[vc_section el_id=&#8221;privacy-policy-section_0&#8243;][vc_row][vc_column][vc_row_inner el_class=&#8221;row no-padding-vc&#8221;][vc_column_inner][vc_column_text el_class=&#8221;large-text-left text-center&#8221;]Zuletzt ge\u00e4ndert am 8. Juli 2024 Unterauftragsverarbeiter Cody LLC setzt die unten aufgef\u00fchrten Drittunternehmen (jeweils ein &#8220;Unterauftragsverarbeiter&#8221;) ein, um personenbezogene Daten im Auftrag von Cody LLC-Kunden und in \u00dcbereinstimmung mit den Vertragsbedingungen zwischen Cody LLC und dem Unterauftragsverarbeiter zu verarbeiten, um die Verpflichtungen von Cody LLC in Cody LLC&#8217;s Data... Read more &raquo;","og_url":"https:\/\/meetcody.ai\/de\/compliance\/sub-prozessoren\/","og_site_name":"Cody - The AI Trained on Your Business","article_modified_time":"2024-10-03T23:57:07+00:00","og_image":[{"width":1536,"height":1024,"url":"https:\/\/meetcody.ai\/wp-content\/uploads\/2023\/02\/grid_0-2.png","type":"image\/png"}],"twitter_card":"summary_large_image","twitter_site":"@meetcodyai","twitter_misc":{"Est. reading time":"1 minute"},"schema":{"@context":"https:\/\/schema.org","@graph":[{"@type":"WebPage","@id":"https:\/\/meetcody.ai\/de\/compliance\/sub-prozessoren\/","url":"https:\/\/meetcody.ai\/de\/compliance\/sub-prozessoren\/","name":"Sub-Prozessoren - Cody - The AI Trained on Your Business","isPartOf":{"@id":"https:\/\/meetcody.ai\/#website"},"datePublished":"2024-10-03T23:38:29+00:00","dateModified":"2024-10-03T23:57:07+00:00","breadcrumb":{"@id":"https:\/\/meetcody.ai\/de\/compliance\/sub-prozessoren\/#breadcrumb"},"inLanguage":"de-DE","potentialAction":[{"@type":"ReadAction","target":["https:\/\/meetcody.ai\/de\/compliance\/sub-prozessoren\/"]}]},{"@type":"BreadcrumbList","@id":"https:\/\/meetcody.ai\/de\/compliance\/sub-prozessoren\/#breadcrumb","itemListElement":[{"@type":"ListItem","position":1,"name":"Home","item":"https:\/\/meetcody.ai\/de\/"},{"@type":"ListItem","position":2,"name":"Compliance","item":"https:\/\/meetcody.ai\/compliance\/"},{"@type":"ListItem","position":3,"name":"Sub-Prozessoren"}]},{"@type":"WebSite","@id":"https:\/\/meetcody.ai\/#website","url":"https:\/\/meetcody.ai\/","name":"Cody AI - The AI Trained on Your Business","description":"AI Powered Knowledge Base for Employees","publisher":{"@id":"https:\/\/meetcody.ai\/#organization"},"potentialAction":[{"@type":"SearchAction","target":{"@type":"EntryPoint","urlTemplate":"https:\/\/meetcody.ai\/?s={search_term_string}"},"query-input":{"@type":"PropertyValueSpecification","valueRequired":true,"valueName":"search_term_string"}}],"inLanguage":"de-DE"},{"@type":"Organization","@id":"https:\/\/meetcody.ai\/#organization","name":"Cody AI - The AI Trained on Your Business","url":"https:\/\/meetcody.ai\/","logo":{"@type":"ImageObject","inLanguage":"de-DE","@id":"https:\/\/meetcody.ai\/#\/schema\/logo\/image\/","url":"https:\/\/meetcody.ai\/wp-content\/uploads\/2023\/05\/logo-codyai.svg","contentUrl":"https:\/\/meetcody.ai\/wp-content\/uploads\/2023\/05\/logo-codyai.svg","width":"1024","height":"1024","caption":"Cody AI - The AI Trained on Your Business"},"image":{"@id":"https:\/\/meetcody.ai\/#\/schema\/logo\/image\/"},"sameAs":["https:\/\/x.com\/meetcodyai","https:\/\/discord.com\/invite\/jXEVDcFxqs"]}]}},"_links":{"self":[{"href":"https:\/\/meetcody.ai\/de\/wp-json\/wp\/v2\/pages\/49652","targetHints":{"allow":["GET"]}}],"collection":[{"href":"https:\/\/meetcody.ai\/de\/wp-json\/wp\/v2\/pages"}],"about":[{"href":"https:\/\/meetcody.ai\/de\/wp-json\/wp\/v2\/types\/page"}],"author":[{"embeddable":true,"href":"https:\/\/meetcody.ai\/de\/wp-json\/wp\/v2\/users\/1"}],"replies":[{"embeddable":true,"href":"https:\/\/meetcody.ai\/de\/wp-json\/wp\/v2\/comments?post=49652"}],"version-history":[{"count":46,"href":"https:\/\/meetcody.ai\/de\/wp-json\/wp\/v2\/pages\/49652\/revisions"}],"predecessor-version":[{"id":50095,"href":"https:\/\/meetcody.ai\/de\/wp-json\/wp\/v2\/pages\/49652\/revisions\/50095"}],"up":[{"embeddable":true,"href":"https:\/\/meetcody.ai\/de\/wp-json\/wp\/v2\/pages\/49824"}],"wp:attachment":[{"href":"https:\/\/meetcody.ai\/de\/wp-json\/wp\/v2\/media?parent=49652"}],"curies":[{"name":"wp","href":"https:\/\/api.w.org\/{rel}","templated":true}]}}