{"id":29925,"date":"2023-08-28T03:02:04","date_gmt":"2023-08-28T03:02:04","guid":{"rendered":"https:\/\/meetcody.ai\/cody-fuer-slack\/"},"modified":"2023-09-13T14:29:48","modified_gmt":"2023-09-13T14:29:48","slug":"cody-fuer-slack","status":"publish","type":"page","link":"https:\/\/meetcody.ai\/de\/cody-fuer-slack\/","title":{"rendered":"KI f\u00fcr Slack"},"content":{"rendered":"<div class=\"wpb-content-wrapper\"><p>[vc_section el_id=&#8221;cody-for-slack-section_0&#8243;][vc_row][vc_column][vc_empty_space height=&#8221;90px&#8221; el_class=&#8221;show-for-large&#8221;][vc_empty_space height=&#8221;45px&#8221; el_class=&#8221;hide-for-large&#8221;][vc_row_inner el_class=&#8221;row no-padding-vc&#8221;][vc_column_inner][vc_column_text el_class=&#8221;text-center&#8221;]<\/p>\n<h1 class=\"margin-bottom-1point5rem font-color-gradient page-heading\">Erm\u00e4chtigen Sie Ihr Team<br \/>\nmit Business AI f\u00fcr Slack<\/h1>\n<p>[\/vc_column_text][vc_empty_space height=&#8221;45px&#8221;][vc_column_text el_class=&#8221;text-center&#8221;]<\/p>\n<p class=\"no-margin-bottom remove-br\">Vereinen Sie Ihr Team wie nie zuvor mit unserer intelligenten Slack-KI, Cody. Verbessern Sie die Zusammenarbeit,<br \/>\ndie Kommunikation zu rationalisieren und die Produktivit\u00e4t in Ihrem Team zu steigern.<\/p>\n<p>[\/vc_column_text][\/vc_column_inner][\/vc_row_inner][vc_empty_space height=&#8221;90px&#8221; el_class=&#8221;show-for-large&#8221;][vc_empty_space height=&#8221;45px&#8221; el_class=&#8221;hide-for-large&#8221;][vc_row_inner el_class=&#8221;row no-padding-vc&#8221;][vc_column_inner][vc_column_text el_class=&#8221;text-center&#8221;]<img loading=\"lazy\" decoding=\"async\" class=\"alignnone wp-image-29909\" src=\"\/wp-content\/uploads\/2023\/08\/cody-for-slack-section_0-img_1.png\" alt=\"KI f\u00fcr Slack  \" width=\"1200\" height=\"885\"><\/p>\n<p>[\/vc_column_text][\/vc_column_inner][\/vc_row_inner][vc_empty_space height=&#8221;45px&#8221;][vc_row_inner el_class=&#8221;row no-padding-vc&#8221;][vc_column_inner][vc_column_text el_class=&#8221;text-center&#8221;]<a href=\"https:\/\/slack.com\/oauth\/v2\/authorize?client_id=4788846187559.5430113500931&amp;scope=app_mentions:read,chat:write,commands,im:history,im:read,metadata.message:read,users:read&amp;user_scope=\"><img loading=\"lazy\" decoding=\"async\" class=\"aligncenter\" src=\"https:\/\/platform.slack-edge.com\/img\/add_to_slack.png\" srcset=\"https:\/\/platform.slack-edge.com\/img\/add_to_slack.png 1x, https:\/\/platform.slack-edge.com\/img\/add_to_slack@2x.png 2x\" alt=\"Zu Slack hinzuf\u00fcgen\" width=\"139\" height=\"40\"><\/a>[\/vc_column_text][\/vc_column_inner][\/vc_row_inner][\/vc_column][\/vc_row][\/vc_section][vc_section el_id=&#8221;cody-for-slack-section_1&#8243;][vc_row][vc_column][vc_empty_space height=&#8221;90px&#8221; el_class=&#8221;show-for-large&#8221;][vc_empty_space height=&#8221;45px&#8221; el_class=&#8221;hide-for-large&#8221;][vc_row_inner equal_height=&#8221;yes&#8221; content_placement=&#8221;middle&#8221; el_class=&#8221;row no-padding-vc&#8221;][vc_column_inner el_class=&#8221;large-order-1&#8243; width=&#8221;1\/2&#8243;][vc_column_text el_class=&#8221;text-center&#8221;]<img decoding=\"async\" class=\"alignnone size-full wp-image-29995\" src=\"\/wp-content\/uploads\/2023\/08\/cody-for-slack-section_1-img.png\" alt=\"\" width=\"100%\" height=\"1670\" srcset=\"https:\/\/meetcody.ai\/wp-content\/uploads\/2023\/08\/cody-for-slack-section_1-img.png 2275w, https:\/\/meetcody.ai\/wp-content\/uploads\/2023\/08\/cody-for-slack-section_1-img-300x220.png 300w, https:\/\/meetcody.ai\/wp-content\/uploads\/2023\/08\/cody-for-slack-section_1-img-1024x752.png 1024w, https:\/\/meetcody.ai\/wp-content\/uploads\/2023\/08\/cody-for-slack-section_1-img-768x564.png 768w, https:\/\/meetcody.ai\/wp-content\/uploads\/2023\/08\/cody-for-slack-section_1-img-1536x1128.png 1536w, https:\/\/meetcody.ai\/wp-content\/uploads\/2023\/08\/cody-for-slack-section_1-img-2048x1503.png 2048w, https:\/\/meetcody.ai\/wp-content\/uploads\/2023\/08\/cody-for-slack-section_1-img-883x648.png 883w\" sizes=\"(max-width: 2275px) 100vw, 2275px\" \/>[\/vc_column_text][vc_empty_space height=&#8221;45px&#8221; el_class=&#8221;hide-for-large&#8221;][\/vc_column_inner][vc_column_inner el_class=&#8221;large-order-0&#8243; width=&#8221;1\/2&#8243;][vc_column_text el_class=&#8221;large-text-left text-center extra-large-padding-right-for-large&#8221;]<\/p>\n<h1 class=\"font-color-white margin-bottom-2point5rem\">Teamzusammenarbeit leicht gemacht<\/h1>\n<p class=\"no-margin-bottom font-color-white\">Erschlie\u00dfen Sie mit Cody for Slack AI das Potenzial von Echtzeitinformationen. Indem Sie Wissen leicht zug\u00e4nglich machen, kann Ihr Team Anfragen sofort beantworten und effizienter arbeiten. Au\u00dferdem bedeutet Codys F\u00e4higkeit, in gemeinsamen Kan\u00e4len zu arbeiten, dass jeder auf dem Laufenden bleibt, was eine kollaborative und sachkundige Teamumgebung beg\u00fcnstigt.<\/p>\n<p>[\/vc_column_text][\/vc_column_inner][\/vc_row_inner][vc_empty_space height=&#8221;90px&#8221; el_class=&#8221;show-for-large&#8221;][vc_empty_space height=&#8221;45px&#8221; el_class=&#8221;hide-for-large&#8221;][\/vc_column][\/vc_row][\/vc_section][vc_section el_id=&#8221;cody-for-slack-section_2&#8243;][vc_row][vc_column][vc_empty_space height=&#8221;90px&#8221; el_class=&#8221;show-for-large&#8221;][vc_empty_space height=&#8221;45px&#8221; el_class=&#8221;hide-for-large&#8221;][vc_row_inner equal_height=&#8221;yes&#8221; content_placement=&#8221;middle&#8221; el_class=&#8221;row no-padding-vc&#8221;][vc_column_inner width=&#8221;1\/2&#8243;][vc_column_text el_class=&#8221;text-center&#8221;]<img decoding=\"async\" class=\"alignnone size-full wp-image-30024\" src=\"\/wp-content\/uploads\/2023\/08\/cody-for-slack-section_2-img.png\" alt=\"\" width=\"100%\" height=\"1670\" srcset=\"https:\/\/meetcody.ai\/wp-content\/uploads\/2023\/08\/cody-for-slack-section_2-img.png 2275w, https:\/\/meetcody.ai\/wp-content\/uploads\/2023\/08\/cody-for-slack-section_2-img-300x220.png 300w, https:\/\/meetcody.ai\/wp-content\/uploads\/2023\/08\/cody-for-slack-section_2-img-1024x752.png 1024w, https:\/\/meetcody.ai\/wp-content\/uploads\/2023\/08\/cody-for-slack-section_2-img-768x564.png 768w, https:\/\/meetcody.ai\/wp-content\/uploads\/2023\/08\/cody-for-slack-section_2-img-1536x1128.png 1536w, https:\/\/meetcody.ai\/wp-content\/uploads\/2023\/08\/cody-for-slack-section_2-img-2048x1503.png 2048w, https:\/\/meetcody.ai\/wp-content\/uploads\/2023\/08\/cody-for-slack-section_2-img-883x648.png 883w\" sizes=\"(max-width: 2275px) 100vw, 2275px\" \/>[\/vc_column_text][vc_empty_space height=&#8221;45px&#8221; el_class=&#8221;hide-for-large&#8221;][\/vc_column_inner][vc_column_inner width=&#8221;1\/2&#8243;][vc_column_text el_class=&#8221;large-text-left text-center extra-large-padding-left-for-large&#8221;]<\/p>\n<h1 class=\"font-color-white margin-bottom-2point5rem\">Teams \u00fcber Grenzen hinweg vereinen<\/h1>\n<p class=\"no-margin-bottom font-color-white\">Cody for Slack AI \u00fcberwindet Sprachbarrieren und erm\u00f6glicht Ihrem globalen Team eine nahtlose Zusammenarbeit. Unabh\u00e4ngig von Sprache und Standort sorgt Cody daf\u00fcr, dass alle auf derselben Seite stehen, und f\u00f6rdert so ein wirklich einheitliches Team.<\/p>\n<p>[\/vc_column_text][\/vc_column_inner][\/vc_row_inner][vc_empty_space height=&#8221;90px&#8221; el_class=&#8221;show-for-large&#8221;][vc_empty_space height=&#8221;45px&#8221; el_class=&#8221;hide-for-large&#8221;][\/vc_column][\/vc_row][\/vc_section][vc_section el_id=&#8221;cody-for-slack-section_3&#8243;][vc_row][vc_column][vc_empty_space height=&#8221;90px&#8221; el_class=&#8221;show-for-large&#8221;][vc_empty_space height=&#8221;45px&#8221; el_class=&#8221;hide-for-large&#8221;][vc_row_inner equal_height=&#8221;yes&#8221; content_placement=&#8221;middle&#8221; el_class=&#8221;row no-padding-vc animated-gradient-bg has-semirounded-border&#8221;][vc_column_inner][vc_empty_space height=&#8221;100px&#8221;][vc_column_text el_class=&#8221;text-center&#8221;]<\/p>\n<h1 class=\"font-color-white margin-bottom-2point5rem\">Verst\u00e4rken Sie jetzt die Teamarbeit mit Cody f\u00fcr Slack AI<\/h1>\n<p><a class=\"button header-button no-margin-bottom\" href=\"https:\/\/getcody.ai\/auth\/signup\" target=\"_blank\" rel=\"noopener\"><span class=\"\">Startet kostenlos<\/span><\/a>[\/vc_column_text][vc_empty_space height=&#8221;100px&#8221;][\/vc_column_inner][\/vc_row_inner][vc_empty_space height=&#8221;90px&#8221; el_class=&#8221;show-for-large&#8221;][vc_empty_space height=&#8221;45px&#8221; el_class=&#8221;hide-for-large&#8221;][\/vc_column][\/vc_row][\/vc_section]<\/p>\n<\/div>","protected":false},"excerpt":{"rendered":"<p>[vc_section el_id=&#8221;cody-for-slack-section_0&#8243;][vc_row][vc_column][vc_empty_space height=&#8221;90px&#8221; el_class=&#8221;show-for-large&#8221;][vc_empty_space height=&#8221;45px&#8221; el_class=&#8221;hide-for-large&#8221;][vc_row_inner el_class=&#8221;row no-padding-vc&#8221;][vc_column_inner][vc_column_text el_class=&#8221;text-center&#8221;] Erm\u00e4chtigen Sie Ihr Team mit Business AI f\u00fcr Slack [\/vc_column_text][vc_empty_space height=&#8221;45px&#8221;][vc_column_text el_class=&#8221;text-center&#8221;] Vereinen Sie Ihr Team wie nie zuvor mit unserer intelligenten Slack-KI, Cody. Verbessern Sie die Zusammenarbeit, die Kommunikation zu rationalisieren und die Produktivit\u00e4t in Ihrem Team zu steigern. [\/vc_column_text][\/vc_column_inner][\/vc_row_inner][vc_empty_space height=&#8221;90px&#8221; el_class=&#8221;show-for-large&#8221;][vc_empty_space height=&#8221;45px&#8221; el_class=&#8221;hide-for-large&#8221;][vc_row_inner el_class=&#8221;row<a class=\"excerpt-read-more\" href=\"https:\/\/meetcody.ai\/de\/cody-fuer-slack\/\" title=\"ReadKI f\u00fcr Slack\">&#8230; Read more &raquo;<\/a><\/p>\n","protected":false},"author":1,"featured_media":0,"parent":0,"menu_order":0,"comment_status":"closed","ping_status":"closed","template":"template-visual-builder.php","meta":{"_acf_changed":false,"inline_featured_image":false,"footnotes":""},"class_list":["post-29925","page","type-page","status-publish","hentry"],"acf":[],"yoast_head":"<!-- This site is optimized with the Yoast SEO Premium plugin v21.8 (Yoast SEO v24.2) - https:\/\/yoast.com\/wordpress\/plugins\/seo\/ -->\n<title>KI f\u00fcr Slack Geschult f\u00fcr Ihr Unternehmen<\/title>\n<meta name=\"robots\" content=\"index, follow, max-snippet:-1, max-image-preview:large, max-video-preview:-1\" \/>\n<link rel=\"canonical\" href=\"https:\/\/meetcody.ai\/de\/cody-fuer-slack\/\" \/>\n<meta property=\"og:locale\" content=\"de_DE\" \/>\n<meta property=\"og:type\" content=\"article\" \/>\n<meta property=\"og:title\" content=\"KI f\u00fcr Slack\" \/>\n<meta property=\"og:description\" content=\"[vc_section el_id=&#8221;cody-for-slack-section_0&#8243;][vc_row][vc_column][vc_empty_space height=&#8221;90px&#8221; el_class=&#8221;show-for-large&#8221;][vc_empty_space height=&#8221;45px&#8221; el_class=&#8221;hide-for-large&#8221;][vc_row_inner el_class=&#8221;row no-padding-vc&#8221;][vc_column_inner][vc_column_text el_class=&#8221;text-center&#8221;] Erm\u00e4chtigen Sie Ihr Team mit Business AI f\u00fcr Slack [\/vc_column_text][vc_empty_space height=&#8221;45px&#8221;][vc_column_text el_class=&#8221;text-center&#8221;] Vereinen Sie Ihr Team wie nie zuvor mit unserer intelligenten Slack-KI, Cody. Verbessern Sie die Zusammenarbeit, die Kommunikation zu rationalisieren und die Produktivit\u00e4t in Ihrem Team zu steigern. [\/vc_column_text][\/vc_column_inner][\/vc_row_inner][vc_empty_space height=&#8221;90px&#8221; el_class=&#8221;show-for-large&#8221;][vc_empty_space height=&#8221;45px&#8221; el_class=&#8221;hide-for-large&#8221;][vc_row_inner el_class=&#8221;row... Read more &raquo;\" \/>\n<meta property=\"og:url\" content=\"https:\/\/meetcody.ai\/de\/cody-fuer-slack\/\" \/>\n<meta property=\"og:site_name\" content=\"Cody - The AI Trained on Your Business\" \/>\n<meta property=\"article:modified_time\" content=\"2023-09-13T14:29:48+00:00\" \/>\n<meta property=\"og:image\" content=\"https:\/\/platform.slack-edge.com\/img\/add_to_slack.png\" \/>\n<meta name=\"twitter:card\" content=\"summary_large_image\" \/>\n<meta name=\"twitter:site\" content=\"@meetcodyai\" \/>\n<meta name=\"twitter:label1\" content=\"Est. reading time\" \/>\n\t<meta name=\"twitter:data1\" content=\"3 minutes\" \/>\n<script type=\"application\/ld+json\" class=\"yoast-schema-graph\">{\"@context\":\"https:\/\/schema.org\",\"@graph\":[{\"@type\":\"WebPage\",\"@id\":\"https:\/\/meetcody.ai\/de\/cody-fuer-slack\/\",\"url\":\"https:\/\/meetcody.ai\/de\/cody-fuer-slack\/\",\"name\":\"KI f\u00fcr Slack Geschult f\u00fcr Ihr Unternehmen\",\"isPartOf\":{\"@id\":\"https:\/\/meetcody.ai\/#website\"},\"primaryImageOfPage\":{\"@id\":\"https:\/\/meetcody.ai\/de\/cody-fuer-slack\/#primaryimage\"},\"image\":{\"@id\":\"https:\/\/meetcody.ai\/de\/cody-fuer-slack\/#primaryimage\"},\"thumbnailUrl\":\"https:\/\/platform.slack-edge.com\/img\/add_to_slack.png\",\"datePublished\":\"2023-08-28T03:02:04+00:00\",\"dateModified\":\"2023-09-13T14:29:48+00:00\",\"breadcrumb\":{\"@id\":\"https:\/\/meetcody.ai\/de\/cody-fuer-slack\/#breadcrumb\"},\"inLanguage\":\"de-DE\",\"potentialAction\":[{\"@type\":\"ReadAction\",\"target\":[\"https:\/\/meetcody.ai\/de\/cody-fuer-slack\/\"]}]},{\"@type\":\"ImageObject\",\"inLanguage\":\"de-DE\",\"@id\":\"https:\/\/meetcody.ai\/de\/cody-fuer-slack\/#primaryimage\",\"url\":\"https:\/\/platform.slack-edge.com\/img\/add_to_slack.png\",\"contentUrl\":\"https:\/\/platform.slack-edge.com\/img\/add_to_slack.png\"},{\"@type\":\"BreadcrumbList\",\"@id\":\"https:\/\/meetcody.ai\/de\/cody-fuer-slack\/#breadcrumb\",\"itemListElement\":[{\"@type\":\"ListItem\",\"position\":1,\"name\":\"Home\",\"item\":\"https:\/\/meetcody.ai\/de\/\"},{\"@type\":\"ListItem\",\"position\":2,\"name\":\"KI f\u00fcr Slack\"}]},{\"@type\":\"WebSite\",\"@id\":\"https:\/\/meetcody.ai\/#website\",\"url\":\"https:\/\/meetcody.ai\/\",\"name\":\"Cody AI - The AI Trained on Your Business\",\"description\":\"AI Powered Knowledge Base for Employees\",\"publisher\":{\"@id\":\"https:\/\/meetcody.ai\/#organization\"},\"potentialAction\":[{\"@type\":\"SearchAction\",\"target\":{\"@type\":\"EntryPoint\",\"urlTemplate\":\"https:\/\/meetcody.ai\/?s={search_term_string}\"},\"query-input\":{\"@type\":\"PropertyValueSpecification\",\"valueRequired\":true,\"valueName\":\"search_term_string\"}}],\"inLanguage\":\"de-DE\"},{\"@type\":\"Organization\",\"@id\":\"https:\/\/meetcody.ai\/#organization\",\"name\":\"Cody AI - The AI Trained on Your Business\",\"url\":\"https:\/\/meetcody.ai\/\",\"logo\":{\"@type\":\"ImageObject\",\"inLanguage\":\"de-DE\",\"@id\":\"https:\/\/meetcody.ai\/#\/schema\/logo\/image\/\",\"url\":\"https:\/\/meetcody.ai\/wp-content\/uploads\/2023\/05\/logo-codyai.svg\",\"contentUrl\":\"https:\/\/meetcody.ai\/wp-content\/uploads\/2023\/05\/logo-codyai.svg\",\"width\":\"1024\",\"height\":\"1024\",\"caption\":\"Cody AI - The AI Trained on Your Business\"},\"image\":{\"@id\":\"https:\/\/meetcody.ai\/#\/schema\/logo\/image\/\"},\"sameAs\":[\"https:\/\/x.com\/meetcodyai\",\"https:\/\/discord.com\/invite\/jXEVDcFxqs\"]}]}<\/script>\n<!-- \/ Yoast SEO Premium plugin. -->","yoast_head_json":{"title":"KI f\u00fcr Slack Geschult f\u00fcr Ihr Unternehmen","robots":{"index":"index","follow":"follow","max-snippet":"max-snippet:-1","max-image-preview":"max-image-preview:large","max-video-preview":"max-video-preview:-1"},"canonical":"https:\/\/meetcody.ai\/de\/cody-fuer-slack\/","og_locale":"de_DE","og_type":"article","og_title":"KI f\u00fcr Slack","og_description":"[vc_section el_id=&#8221;cody-for-slack-section_0&#8243;][vc_row][vc_column][vc_empty_space height=&#8221;90px&#8221; el_class=&#8221;show-for-large&#8221;][vc_empty_space height=&#8221;45px&#8221; el_class=&#8221;hide-for-large&#8221;][vc_row_inner el_class=&#8221;row no-padding-vc&#8221;][vc_column_inner][vc_column_text el_class=&#8221;text-center&#8221;] Erm\u00e4chtigen Sie Ihr Team mit Business AI f\u00fcr Slack [\/vc_column_text][vc_empty_space height=&#8221;45px&#8221;][vc_column_text el_class=&#8221;text-center&#8221;] Vereinen Sie Ihr Team wie nie zuvor mit unserer intelligenten Slack-KI, Cody. Verbessern Sie die Zusammenarbeit, die Kommunikation zu rationalisieren und die Produktivit\u00e4t in Ihrem Team zu steigern. [\/vc_column_text][\/vc_column_inner][\/vc_row_inner][vc_empty_space height=&#8221;90px&#8221; el_class=&#8221;show-for-large&#8221;][vc_empty_space height=&#8221;45px&#8221; el_class=&#8221;hide-for-large&#8221;][vc_row_inner el_class=&#8221;row... Read more &raquo;","og_url":"https:\/\/meetcody.ai\/de\/cody-fuer-slack\/","og_site_name":"Cody - The AI Trained on Your Business","article_modified_time":"2023-09-13T14:29:48+00:00","og_image":[{"url":"https:\/\/platform.slack-edge.com\/img\/add_to_slack.png","type":"","width":"","height":""}],"twitter_card":"summary_large_image","twitter_site":"@meetcodyai","twitter_misc":{"Est. reading time":"3 minutes"},"schema":{"@context":"https:\/\/schema.org","@graph":[{"@type":"WebPage","@id":"https:\/\/meetcody.ai\/de\/cody-fuer-slack\/","url":"https:\/\/meetcody.ai\/de\/cody-fuer-slack\/","name":"KI f\u00fcr Slack Geschult f\u00fcr Ihr Unternehmen","isPartOf":{"@id":"https:\/\/meetcody.ai\/#website"},"primaryImageOfPage":{"@id":"https:\/\/meetcody.ai\/de\/cody-fuer-slack\/#primaryimage"},"image":{"@id":"https:\/\/meetcody.ai\/de\/cody-fuer-slack\/#primaryimage"},"thumbnailUrl":"https:\/\/platform.slack-edge.com\/img\/add_to_slack.png","datePublished":"2023-08-28T03:02:04+00:00","dateModified":"2023-09-13T14:29:48+00:00","breadcrumb":{"@id":"https:\/\/meetcody.ai\/de\/cody-fuer-slack\/#breadcrumb"},"inLanguage":"de-DE","potentialAction":[{"@type":"ReadAction","target":["https:\/\/meetcody.ai\/de\/cody-fuer-slack\/"]}]},{"@type":"ImageObject","inLanguage":"de-DE","@id":"https:\/\/meetcody.ai\/de\/cody-fuer-slack\/#primaryimage","url":"https:\/\/platform.slack-edge.com\/img\/add_to_slack.png","contentUrl":"https:\/\/platform.slack-edge.com\/img\/add_to_slack.png"},{"@type":"BreadcrumbList","@id":"https:\/\/meetcody.ai\/de\/cody-fuer-slack\/#breadcrumb","itemListElement":[{"@type":"ListItem","position":1,"name":"Home","item":"https:\/\/meetcody.ai\/de\/"},{"@type":"ListItem","position":2,"name":"KI f\u00fcr Slack"}]},{"@type":"WebSite","@id":"https:\/\/meetcody.ai\/#website","url":"https:\/\/meetcody.ai\/","name":"Cody AI - The AI Trained on Your Business","description":"AI Powered Knowledge Base for Employees","publisher":{"@id":"https:\/\/meetcody.ai\/#organization"},"potentialAction":[{"@type":"SearchAction","target":{"@type":"EntryPoint","urlTemplate":"https:\/\/meetcody.ai\/?s={search_term_string}"},"query-input":{"@type":"PropertyValueSpecification","valueRequired":true,"valueName":"search_term_string"}}],"inLanguage":"de-DE"},{"@type":"Organization","@id":"https:\/\/meetcody.ai\/#organization","name":"Cody AI - The AI Trained on Your Business","url":"https:\/\/meetcody.ai\/","logo":{"@type":"ImageObject","inLanguage":"de-DE","@id":"https:\/\/meetcody.ai\/#\/schema\/logo\/image\/","url":"https:\/\/meetcody.ai\/wp-content\/uploads\/2023\/05\/logo-codyai.svg","contentUrl":"https:\/\/meetcody.ai\/wp-content\/uploads\/2023\/05\/logo-codyai.svg","width":"1024","height":"1024","caption":"Cody AI - The AI Trained on Your Business"},"image":{"@id":"https:\/\/meetcody.ai\/#\/schema\/logo\/image\/"},"sameAs":["https:\/\/x.com\/meetcodyai","https:\/\/discord.com\/invite\/jXEVDcFxqs"]}]}},"_links":{"self":[{"href":"https:\/\/meetcody.ai\/de\/wp-json\/wp\/v2\/pages\/29925","targetHints":{"allow":["GET"]}}],"collection":[{"href":"https:\/\/meetcody.ai\/de\/wp-json\/wp\/v2\/pages"}],"about":[{"href":"https:\/\/meetcody.ai\/de\/wp-json\/wp\/v2\/types\/page"}],"author":[{"embeddable":true,"href":"https:\/\/meetcody.ai\/de\/wp-json\/wp\/v2\/users\/1"}],"replies":[{"embeddable":true,"href":"https:\/\/meetcody.ai\/de\/wp-json\/wp\/v2\/comments?post=29925"}],"version-history":[{"count":33,"href":"https:\/\/meetcody.ai\/de\/wp-json\/wp\/v2\/pages\/29925\/revisions"}],"predecessor-version":[{"id":30729,"href":"https:\/\/meetcody.ai\/de\/wp-json\/wp\/v2\/pages\/29925\/revisions\/30729"}],"wp:attachment":[{"href":"https:\/\/meetcody.ai\/de\/wp-json\/wp\/v2\/media?parent=29925"}],"curies":[{"name":"wp","href":"https:\/\/api.w.org\/{rel}","templated":true}]}}