{"id":26095,"date":"2023-04-20T11:58:54","date_gmt":"2023-04-20T11:58:54","guid":{"rendered":"https:\/\/meetcody.ai\/preisgestaltung\/"},"modified":"2025-11-13T09:05:56","modified_gmt":"2025-11-13T09:05:56","slug":"preisgestaltung","status":"publish","type":"page","link":"https:\/\/meetcody.ai\/de\/preisgestaltung\/","title":{"rendered":"Preisgestaltung"},"content":{"rendered":"<div class=\"wpb-content-wrapper\"><p>[vc_section el_id=&#8221;pricing-section_0&#8243;][vc_row][vc_column][vc_empty_space height=&#8221;90px&#8221; el_class=&#8221;show-for-large&#8221;][vc_empty_space height=&#8221;90px&#8221; el_class=&#8221;hide-for-large&#8221;][vc_row_inner el_class=&#8221;row no-padding-vc&#8221;][vc_column_inner el_class=&#8221;columns large-8 large-offset-2&#8243;][vc_column_text el_class=&#8221;text-center&#8221;]<\/p>\n<h1 class=\"margin-bottom-1point5rem font-color-gradient page-heading\">Jetzt kostenlos einsteigen<\/h1>\n<section class=\"elementor-section elementor-top-section elementor-element elementor-element-3cb60ca elementor-section-boxed elementor-section-height-default elementor-section-height-default\" data-id=\"3cb60ca\" data-element_type=\"section\">\n<div class=\"elementor-container elementor-column-gap-default\">\n<div class=\"elementor-column elementor-col-100 elementor-top-column elementor-element elementor-element-8e0e96f\" data-id=\"8e0e96f\" data-element_type=\"column\">\n<div class=\"elementor-widget-wrap elementor-element-populated\">\n<div class=\"elementor-element elementor-element-18447c9 elementor-widget elementor-widget-text-editor\" data-id=\"18447c9\" data-element_type=\"widget\" data-widget_type=\"text-editor.default\">\n<div class=\"elementor-widget-container\">\n<p>Ganz gleich, ob Sie Cody f\u00fcr den pers\u00f6nlichen Gebrauch, mit einem Team oder f\u00fcr Ihre Kunden nutzen m\u00f6chten, wir haben das passende Paket f\u00fcr Sie.<\/p>\n<\/div>\n<\/div>\n<\/div>\n<\/div>\n<\/div>\n<\/section>\n<section class=\"elementor-section elementor-top-section elementor-element elementor-element-148b11e elementor-section-boxed elementor-section-height-default elementor-section-height-default\" data-id=\"148b11e\" data-element_type=\"section\">\n<div class=\"elementor-container elementor-column-gap-default\"><\/div>\n<\/section>\n<section class=\"elementor-section elementor-top-section elementor-element elementor-element-cf8b248 elementor-section-boxed elementor-section-height-default elementor-section-height-default\" data-id=\"cf8b248\" data-element_type=\"section\">\n<div id=\"dl_parallax_ele-cf8b248\" class=\"dl_parallax_ele-wrapper\"><\/div>\n<div class=\"elementor-container elementor-column-gap-default\">\n<div class=\"elementor-column elementor-col-100 elementor-top-column elementor-element elementor-element-3dc9101\" data-id=\"3dc9101\" data-element_type=\"column\">\n<div class=\"elementor-widget-wrap elementor-element-populated\">\n<div class=\"elementor-element elementor-element-5854acd elementor-widget elementor-widget-html\" data-id=\"5854acd\" data-element_type=\"widget\" data-widget_type=\"html.default\">\n<div class=\"elementor-widget-container\"><\/div>\n<\/div>\n<\/div>\n<\/div>\n<\/div>\n<\/section>\n<p>[\/vc_column_text][\/vc_column_inner][\/vc_row_inner][vc_empty_space height=&#8221;90px&#8221; el_class=&#8221;show-for-large&#8221;][vc_empty_space height=&#8221;45px&#8221; el_class=&#8221;hide-for-large&#8221;][\/vc_column][\/vc_row][\/vc_section][vc_section el_id=&#8221;pricing-section_1&#8243;][vc_row][vc_column][vc_empty_space height=&#8221;45px&#8221; el_class=&#8221;hide-for-large&#8221;][vc_row_inner el_class=&#8221;row no-padding-vc&#8221;][vc_column_inner width=&#8221;1\/3&#8243;][vc_empty_space height=&#8221;24px&#8221; el_class=&#8221;hide-for-large&#8221;][vc_column_text]<\/p>\n<div class=\"card bg-color-grayscale dark-border\">\n<p class=\"margin-bottom-0point5rem font-color-white\">Grundlegend<\/p>\n<h2 class=\" h1 margin-bottom-1point5rem font-color-gradient\">29 Dollar\/Monat<\/h2>\n<div class=\"border-bottom-secondary border-gradient margin-bottom-1point5rem\"><\/div>\n<ul class=\"no-bullet custom-bullets\">\n<li>2.500 Kredite<\/li>\n<li>GPT-5 Mini<\/li>\n<li>3 Teammitglieder<\/li>\n<li>14-Tage-Konversationsprotokoll<\/li>\n<li>1.000 Dokumente<\/li>\n<li>Website-Widget einbetten<\/li>\n<li>Website-Widget anpassen<\/li>\n<li>API<\/li>\n<\/ul>\n<p><a class=\"button no-margin-bottom\" href=\"https:\/\/getcody.ai\/buy\/00g3d85fgb0VbQc3cd\"><br \/>\n<span class=\"small\">Abonnieren<\/span><br \/>\n<\/a><\/p>\n<\/div>\n<p>[\/vc_column_text][\/vc_column_inner][vc_column_inner width=&#8221;1\/3&#8243;][vc_empty_space height=&#8221;24px&#8221; el_class=&#8221;hide-for-large&#8221;][vc_column_text]<\/p>\n<div class=\"card bg-color-grayscale dark-border\">\n<p class=\"margin-bottom-0point5rem font-color-white\">Pr\u00e4mie<\/p>\n<h2 class=\" h1 margin-bottom-1point5rem font-color-gradient\">$99\/mo<\/h2>\n<div class=\"border-bottom-secondary border-gradient margin-bottom-1point5rem\"><\/div>\n<ul class=\"no-bullet custom-bullets\">\n<li>10.000 Credits<\/li>\n<li>GPT 5 Mini<\/li>\n<li>GPT 5<\/li>\n<li>Claude 4 Sonett<\/li>\n<li>10 Teammitglieder<\/li>\n<li class=\"whitespace-normal break-words\">30-Tage-Konversationsprotokoll<\/li>\n<li>10.000 Dokumente<\/li>\n<li>10.000 Website-Seiten<\/li>\n<li>Website Crawler<\/li>\n<li>Wiederkehrende Website-Importe (3 Websites)<\/li>\n<li>Website-Widget einbetten (3 Websites)<\/li>\n<li>Website-Widget anpassen<\/li>\n<li>Cody Branding auf Widget entfernen<\/li>\n<li>API<\/li>\n<\/ul>\n<p><a class=\"button no-margin-bottom\" href=\"https:\/\/getcody.ai\/buy\/fZe150cHIb0VaM8dQS\"><br \/>\n<span class=\"small\">Abonnieren<\/span><br \/>\n<\/a><\/p>\n<\/div>\n<p>[\/vc_column_text][\/vc_column_inner][vc_column_inner width=&#8221;1\/3&#8243;][vc_empty_space height=&#8221;24px&#8221; el_class=&#8221;hide-for-large&#8221;][vc_column_text]<\/p>\n<div class=\"card bg-color-grayscale dark-border\">\n<p class=\"margin-bottom-0point5rem font-color-white\">Fortgeschrittene<\/p>\n<h2 class=\" h1 margin-bottom-1point5rem font-color-gradient\">$249\/mo<\/h2>\n<div class=\"border-bottom-secondary border-gradient margin-bottom-1point5rem\"><\/div>\n<ul class=\"no-bullet custom-bullets\">\n<li>25.000 Credits<\/li>\n<li>GPT 5 Mini<\/li>\n<li>GPT 5<\/li>\n<li>Claude 4 Sonett<\/li>\n<li>30 Teammitglieder<\/li>\n<li>90-Tage-Konversationsprotokoll<\/li>\n<li>25.000 Website-Seiten<\/li>\n<li>Website Crawler<\/li>\n<li>Wiederkehrende Website-Importe (9 Websites)<\/li>\n<li>Website-Widget einbetten (50 Websites)<\/li>\n<li>Website-Widget anpassen<\/li>\n<li>Cody Branding auf Widget entfernen<\/li>\n<li>API<\/li>\n<\/ul>\n<p><a class=\"button no-margin-bottom\" href=\"https:\/\/getcody.ai\/buy\/5kAeVQazA7OJ1by28b\"><br \/>\n<span class=\"small\">Abonnieren<\/span><br \/>\n<\/a><\/p>\n<\/div>\n<p>[\/vc_column_text][\/vc_column_inner][\/vc_row_inner][vc_empty_space height=&#8221;45px&#8221; el_class=&#8221;show-for-large&#8221;][vc_empty_space height=&#8221;24px&#8221; el_class=&#8221;hide-for-large&#8221;][\/vc_column][\/vc_row][\/vc_section][vc_section el_id=&#8221;pricing-section_2&#8243;][vc_row][vc_column][vc_empty_space height=&#8221;45px&#8221; el_class=&#8221;show-for-large&#8221;][vc_empty_space height=&#8221;24px&#8221; el_class=&#8221;hide-for-large&#8221;][vc_row_inner el_class=&#8221;row no-padding-vc&#8221;][vc_column_inner][vc_column_text el_class=&#8221;text-center&#8221;]<\/p>\n<h1 class=\"font-color-white no-margin-bottom\">H\u00e4ufig gestellte Fragen<\/h1>\n<p>[\/vc_column_text][\/vc_column_inner][\/vc_row_inner][vc_empty_space height=&#8221;90px&#8221; el_class=&#8221;show-for-large&#8221;][vc_empty_space height=&#8221;45px&#8221; el_class=&#8221;hide-for-large&#8221;][vc_row_inner el_class=&#8221;row no-padding-vc&#8221;][vc_column_inner el_class=&#8221;columns small-12 large-8 large-offset-2&#8243;][vc_raw_html]PHVsIGNsYXNzPSJhY2NvcmRpb24iIGRhdGEtYWNjb3JkaW9uPSIiIGRhdGEtYWxsb3ctYWxsLWNsb3NlZD0idHJ1ZSI+CiAgICA8bGkgY2xhc3M9ImFjY29yZGlvbi1pdGVtIGlzLWFjdGl2ZSIgZGF0YS1hY2NvcmRpb24taXRlbT0iIj4KICAgICAgICA8YSBocmVmPSIjIiBjbGFzcz0iYWNjb3JkaW9uLXRpdGxlIj4KICAgICAgICAgICAgPHAgY2xhc3M9Im5vLW1hcmdpbi1ib3R0b20gZXh0cmEtYmlnIGZvbnQtY29sb3Itd2hpdGUiPldhcyBpc3QgQ29keT88L3A+CiAgICAgICAgPC9hPgogICAgICAgIDxkaXYgY2xhc3M9ImFjY29yZGlvbi1jb250ZW50IiBkYXRhLXRhYi1jb250ZW50PSIiPgogICAgICAgICAgICA8cCBjbGFzcz0ibm8tbWFyZ2luLWJvdHRvbSBmb250LWNvbG9yLXdoaXRlIj5Db2R5IGlzdCBlaW4gS0ktZ2VzdGV1ZXJ0ZXIgdmlydHVlbGxlciBNaXRhcmJlaXRlciwgZGVyIElocgogVW50ZXJuZWhtZW4gYmVpIHZlcnNjaGllZGVuZW4gQXVmZ2FiZW4gdW50ZXJzdMO8dHplbiBrYW5uLCB6LiBCLiBiZWkgZGVyIEJlYW50d29ydHVuZyB2b24gRnJhZ2VuLCBkZXIgRXJsZWRpZ3VuZyB2b24gQXVmZ2FiZW4sIGRlbSBPbmJvYXJkaW5nIG5ldWVyIE1pdGFyYmVpdGVyLAogYmVpIGRlciBVbnRlcnN0w7x0enVuZyB1bmQgRmVobGVyYmVoZWJ1bmcgdW5kIGJlaSBkZXIgRWluYnJpbmd1bmcgbmV1ZXIgSWRlZW4gdW5kIEVya2VubnRuaXNzZS48L3A+CiAgICAgICAgPC9kaXY+CiAgICA8L2xpPgogICAgPGxpIGNsYXNzPSJhY2NvcmRpb24taXRlbSIgZGF0YS1hY2NvcmRpb24taXRlbT0iIj4KICAgICAgICA8YSBocmVmPSIjIiBjbGFzcz0iYWNjb3JkaW9uLXRpdGxlIj4KICAgICAgICAgICAgPHAgY2xhc3M9Im5vLW1hcmdpbi1ib3R0b20gZXh0cmEtYmlnIGZvbnQtY29sb3Itd2hpdGUiPldpZSBmdW5rdGlvbmllcnQgQ29keT88L3A+CiAgICAgICAgPC9hPgogICAgICAgIDxkaXYgY2xhc3M9ImFjY29yZGlvbi1jb250ZW50IiBkYXRhLXRhYi1jb250ZW50PSIiPgogICAgICAgICAgICA8cCBjbGFzcz0ibm8tbWFyZ2luLWJvdHRvbSBmb250LWNvbG9yLXdoaXRlIj5Db2R5IGR1cmNoc3VjaHQgYWxsZSBJaHJlIGdlc2FtbWVsdGVuIFVudGVybmVobWVuc2RhdGVuLCBlaW5zY2hsaWXDn2xpY2gKIEFydGlrZWwsIFBvd2VyUG9pbnRzIHVuZCBQREZzLCB1bmQgc3VjaHQgZGllIDEwIHJlbGV2YW50ZXN0ZW4gRG9rdW1lbnRlIGhlcmF1cywgdW0gaW4gU2VrdW5kZW5zY2huZWxsZSBlaW5lIEFudHdvcnQgYXVmCiB6dSBlcnN0ZWxsZW4uPC9wPgogICAgICAgIDwvZGl2PgogICAgPC9saT4KICAgIDxsaSBjbGFzcz0iYWNjb3JkaW9uLWl0ZW0iIGRhdGEtYWNjb3JkaW9uLWl0ZW09IiI+CiAgICAgICAgPGEgaHJlZj0iIyIgY2xhc3M9ImFjY29yZGlvbi10aXRsZSI+CiAgICAgICAgICAgIDxwIGNsYXNzPSJuby1tYXJnaW4tYm90dG9tIGV4dHJhLWJpZyBmb250LWNvbG9yLXdoaXRlIj5LYW5uIGljaCBEb2t1bWVudGUgenUgQ29keSBob2NobGFkZW4\/PC9wPgogICAgICAgIDwvYT4KICAgICAgICA8ZGl2IGNsYXNzPSJhY2NvcmRpb24tY29udGVudCIgZGF0YS10YWItY29udGVudD0iIj4KICAgICAgICAgICAgPHAgY2xhc3M9Im5vLW1hcmdpbi1ib3R0b20gZm9udC1jb2xvci13aGl0ZSI+SmEsIFNpZSBrw7ZubmVuIHZlcnNjaGllZGVuZSBBcnRlbiB2b24gRG9rdW1lbnRlbiB6dSBDb2R5IGhvY2hsYWRlbiwgei5CLgogV29yZCwgUG93ZXJQb2ludCB1bmQgUERGcywgdW5kIENvZHkgbGVybnQgc29mb3J0IGFsbGUgZGllc2UgSW5mb3JtYXRpb25lbiB1bmQgdmVyd2VuZGV0IHNpZSwgdW0KIEFudHdvcnRlbiBhdWYgSWhyZSBGcmFnZW4genUgZ2ViZW4uPC9wPgogICAgICAgIDwvZGl2PgogICAgPC9saT4KIDxsaSBjbGFzcz0iYWNjb3JkaW9uLWl0ZW0iIGRhdGEtYWNjb3JkaW9uLWl0ZW09IiI+CiAgICAgICAgPGEgaHJlZj0iIyIgY2xhc3M9ImFjY29yZGlvbi10aXRsZSI+CiAgICAgICAgICAgIDxwIGNsYXNzPSJuby1tYXJnaW4tYm90dG9tIGV4dHJhLWJpZyBmb250LWNvbG9yLXdoaXRlIj5XYXMgc2luZCBLcmVkaXRlPwogICAgICAgICAgICA8L3A+CiAgICAgICAgPC9hPgogICAgICAgIDxkaXYgY2xhc3M9ImFjY29yZGlvbi1jb250ZW50IiBkYXRhLXRhYi1jb250ZW50PgogICAgICAgICAgICA8cCBjbGFzcz0ibm8tbWFyZ2luLWJvdHRvbSBmb250LWNvbG9yLXdoaXRlIj48cD5DcmVkaXRzIG1lc3NlbiBkaWUgTnV0enVuZy4gWnVtIEJlaXNwaWVsOjwvcD4KICAgIDx1bD4KICAgICAgICA8bGk+RWluZSBHUFQgMyw1LUFiZnJhZ2UgdmVyYnJhdWNodCAxIEtyZWRpdC48L2xpPgogICAgICAgIDxsaT5FaW5lIEdQVCAzLjUgMTZLLUFiZnJhZ2UgZXJmb3JkZXJ0IDUgQ3JlZGl0cy48L2xpPgogICAgICAgIDxsaT5Gw7xyIGVpbmUgR1BULTQtQWJmcmFnZSB3ZXJkZW4gMTAgQ3JlZGl0cyBiZW7DtnRpZ3QuPC9saT4KICAgIDwvdWw+CiAgICA8cD5TaWUga8O2bm5lbiBJaHJlbiBLcmVkaXR2ZXJicmF1Y2ggaW4gRWNodHplaXQgYXVmIGRlciA8ZW0+IFJlZ2lzdGVya2FydGUgIk51dHp1bmciPC9lbT4gdmVyZm9sZ2VuLjwvcD4KICAgICAgICA8L2Rpdj4KICAgIDwvbGk+CiAgICA8bGkgY2xhc3M9ImFjY29yZGlvbi1pdGVtIiBkYXRhLWFjY29yZGlvbi1pdGVtPSIiPgogICAgICAgIDxhIGhyZWY9IiMiIGNsYXNzPSJhY2NvcmRpb24tdGl0bGUiPgogICAgICAgICAgICA8cCBjbGFzcz0ibm8tbWFyZ2luLWJvdHRvbSBleHRyYS1iaWcgZm9udC1jb2xvci13aGl0ZSI+S2FubiBpY2ggQ29keSBpbiBtZWluZW4gc3BlemlmaXNjaGVuIEdlc2Now6RmdHNwcm96ZXNzZW4gc2NodWxlbj8KICAgICAgICAgICAgPC9wPgogICAgICAgIDwvYT4KICAgICAgICA8ZGl2IGNsYXNzPSJhY2NvcmRpb24tY29udGVudCIgZGF0YS10YWItY29udGVudD0iIj4KICAgICAgICAgICAgPHAgY2xhc3M9Im5vLW1hcmdpbi1ib3R0b20gZm9udC1jb2xvci13aGl0ZSI+SmEsIFNpZSBrw7ZubmVuIENvZHkgaW4gSWhyZW4gc3BlemlmaXNjaGVuIEdlc2Now6RmdHNwcm96ZXNzZW4gc2NodWxlbiwKIHdpZSB6LkIuIGluIGRlciBTdXBwb3J0LURva3VtZW50YXRpb24sIHNvIGRhc3MgSWhyIFRlYW0gZXZlbnR1ZWxsZSBQcm9ibGVtZSBzY2huZWxsIGJlaGViZW4ga2Fubi48L3A+CiAgICAgICAgPC9kaXY+CiAgICA8L2xpPgoKICAgIDxsaSBjbGFzcz0iYWNjb3JkaW9uLWl0ZW0iIGRhdGEtYWNjb3JkaW9uLWl0ZW09IiI+CiAgICAgICAgPGEgaHJlZj0iIyIgY2xhc3M9ImFjY29yZGlvbi10aXRsZSI+CiAgICAgICAgICAgIDxwIGNsYXNzPSJuby1tYXJnaW4tYm90dG9tIGV4dHJhLWJpZyBmb250LWNvbG9yLXdoaXRlIj5Jc3QgQ29keSBlaW4gRXJzYXR6IGbDvHIgbWVuc2NobGljaGUgTWl0YXJiZWl0ZXI\/PC9wPgogICAgICAgIDwvYT4KICAgICAgICA8ZGl2IGNsYXNzPSJhY2NvcmRpb24tY29udGVudCIgZGF0YS10YWItY29udGVudD0iIj4KICAgICAgICAgICAgPHAgY2xhc3M9Im5vLW1hcmdpbi1ib3R0b20gZm9udC1jb2xvci13aGl0ZSI+TmVpbiwgQ29keSBpc3Qga2VpbiBFcnNhdHogZsO8ciBtZW5zY2hsaWNoZSBNaXRhcmJlaXRlci4gU3RhdHRkZXNzZW4gd3VyZGUKIGVudHdpY2tlbHQsIHVtIElociBUZWFtIHp1IHVudGVyc3TDvHR6ZW4gdW5kIHp1IGVyZ8OkbnplbiwgZGFtaXQgZXMgc2ljaCBhdWYgd2ljaHRpZ2VyZSBBdWZnYWJlbiBrb256ZW50cmllcmVuIHVuZCBlZmZpemllbnRlciBhcmJlaXRlbiBrYW5uCi48L3A+CiAgICAgICAgPC9kaXY+CiAgICA8L2xpPgoKCgo8L3VsPg==[\/vc_raw_html][\/vc_column_inner][\/vc_row_inner][vc_empty_space height=&#8221;90px&#8221; el_class=&#8221;show-for-large&#8221;][vc_empty_space height=&#8221;45px&#8221; el_class=&#8221;hide-for-large&#8221;][\/vc_column][\/vc_row][\/vc_section][vc_section el_id=&#8221;pricing-section_3&#8243;][vc_row][vc_column][vc_empty_space height=&#8221;45px&#8221; el_class=&#8221;hide-for-large&#8221;][vc_row_inner el_class=&#8221;row no-padding-vc animated-gradient-bg has-semirounded-border&#8221;][vc_column_inner el_class=&#8221;columns small-12 large-10 large-offset-1&#8243;][vc_empty_space height=&#8221;100px&#8221;][vc_column_text el_class=&#8221;text-center&#8221;]<\/p>\n<h2 class=\"font-color-white margin-bottom-2point5rem h1\">Mit einem pers\u00f6nlichen Konto kostenlos einsteigen<\/h2>\n<p>Sie erhalten 100 Credits pro Monat, 100 Dokumente und ein kostenloses Widget f\u00fcr Ihre Website.<\/p>\n<p><a class=\"button header-button no-margin-bottom\" style=\"max-width: 320px;\" href=\"https:\/\/getcody.ai\/auth\/signup\" target=\"_blank\" rel=\"noopener\"><span class=\"\">Erstellen Sie Ihre eigene AI<\/span><\/a>[\/vc_column_text][vc_empty_space height=&#8221;100px&#8221;][\/vc_column_inner][\/vc_row_inner][vc_empty_space height=&#8221;90px&#8221; el_class=&#8221;show-for-large&#8221;][vc_empty_space height=&#8221;45px&#8221; el_class=&#8221;hide-for-large&#8221;][\/vc_column][\/vc_row][\/vc_section]<\/p>\n<\/div>","protected":false},"excerpt":{"rendered":"<p>[vc_section el_id=&#8221;pricing-section_0&#8243;][vc_row][vc_column][vc_empty_space height=&#8221;90px&#8221; el_class=&#8221;show-for-large&#8221;][vc_empty_space height=&#8221;90px&#8221; el_class=&#8221;hide-for-large&#8221;][vc_row_inner el_class=&#8221;row no-padding-vc&#8221;][vc_column_inner el_class=&#8221;columns large-8 large-offset-2&#8243;][vc_column_text el_class=&#8221;text-center&#8221;] Jetzt kostenlos einsteigen Ganz gleich, ob Sie Cody f\u00fcr den pers\u00f6nlichen Gebrauch, mit einem Team oder f\u00fcr Ihre Kunden nutzen m\u00f6chten, wir haben das passende Paket f\u00fcr Sie. [\/vc_column_text][\/vc_column_inner][\/vc_row_inner][vc_empty_space height=&#8221;90px&#8221; el_class=&#8221;show-for-large&#8221;][vc_empty_space height=&#8221;45px&#8221; el_class=&#8221;hide-for-large&#8221;][\/vc_column][\/vc_row][\/vc_section][vc_section el_id=&#8221;pricing-section_1&#8243;][vc_row][vc_column][vc_empty_space height=&#8221;45px&#8221; el_class=&#8221;hide-for-large&#8221;][vc_row_inner el_class=&#8221;row no-padding-vc&#8221;][vc_column_inner width=&#8221;1\/3&#8243;][vc_empty_space height=&#8221;24px&#8221; el_class=&#8221;hide-for-large&#8221;][vc_column_text] Grundlegend 29<a class=\"excerpt-read-more\" href=\"https:\/\/meetcody.ai\/de\/preisgestaltung\/\" title=\"ReadPreisgestaltung\">&#8230; Read more &raquo;<\/a><\/p>\n","protected":false},"author":1,"featured_media":0,"parent":0,"menu_order":0,"comment_status":"closed","ping_status":"closed","template":"template-visual-builder.php","meta":{"_acf_changed":false,"inline_featured_image":false,"footnotes":""},"class_list":["post-26095","page","type-page","status-publish","hentry"],"acf":[],"yoast_head":"<!-- This site is optimized with the Yoast SEO Premium plugin v21.8 (Yoast SEO v24.2) - https:\/\/yoast.com\/wordpress\/plugins\/seo\/ -->\n<title>Preisgestaltung - Cody - The AI Trained on Your Business<\/title>\n<meta name=\"robots\" content=\"index, follow, max-snippet:-1, max-image-preview:large, max-video-preview:-1\" \/>\n<link rel=\"canonical\" href=\"https:\/\/meetcody.ai\/de\/preisgestaltung\/\" \/>\n<meta property=\"og:locale\" content=\"de_DE\" \/>\n<meta property=\"og:type\" content=\"article\" \/>\n<meta property=\"og:title\" content=\"Preisgestaltung\" \/>\n<meta property=\"og:description\" content=\"[vc_section el_id=&#8221;pricing-section_0&#8243;][vc_row][vc_column][vc_empty_space height=&#8221;90px&#8221; el_class=&#8221;show-for-large&#8221;][vc_empty_space height=&#8221;90px&#8221; el_class=&#8221;hide-for-large&#8221;][vc_row_inner el_class=&#8221;row no-padding-vc&#8221;][vc_column_inner el_class=&#8221;columns large-8 large-offset-2&#8243;][vc_column_text el_class=&#8221;text-center&#8221;] Jetzt kostenlos einsteigen Ganz gleich, ob Sie Cody f\u00fcr den pers\u00f6nlichen Gebrauch, mit einem Team oder f\u00fcr Ihre Kunden nutzen m\u00f6chten, wir haben das passende Paket f\u00fcr Sie. [\/vc_column_text][\/vc_column_inner][\/vc_row_inner][vc_empty_space height=&#8221;90px&#8221; el_class=&#8221;show-for-large&#8221;][vc_empty_space height=&#8221;45px&#8221; el_class=&#8221;hide-for-large&#8221;][\/vc_column][\/vc_row][\/vc_section][vc_section el_id=&#8221;pricing-section_1&#8243;][vc_row][vc_column][vc_empty_space height=&#8221;45px&#8221; el_class=&#8221;hide-for-large&#8221;][vc_row_inner el_class=&#8221;row no-padding-vc&#8221;][vc_column_inner width=&#8221;1\/3&#8243;][vc_empty_space height=&#8221;24px&#8221; el_class=&#8221;hide-for-large&#8221;][vc_column_text] Grundlegend 29... Read more &raquo;\" \/>\n<meta property=\"og:url\" content=\"https:\/\/meetcody.ai\/de\/preisgestaltung\/\" \/>\n<meta property=\"og:site_name\" content=\"Cody - The AI Trained on Your Business\" \/>\n<meta property=\"article:modified_time\" content=\"2025-11-13T09:05:56+00:00\" \/>\n<meta property=\"og:image\" content=\"https:\/\/meetcody.ai\/wp-content\/uploads\/2023\/02\/grid_0-2.png\" \/>\n\t<meta property=\"og:image:width\" content=\"1536\" \/>\n\t<meta property=\"og:image:height\" content=\"1024\" \/>\n\t<meta property=\"og:image:type\" content=\"image\/png\" \/>\n<meta name=\"twitter:card\" content=\"summary_large_image\" \/>\n<meta name=\"twitter:site\" content=\"@meetcodyai\" \/>\n<meta name=\"twitter:label1\" content=\"Est. reading time\" \/>\n\t<meta name=\"twitter:data1\" content=\"5 minutes\" \/>\n<script type=\"application\/ld+json\" class=\"yoast-schema-graph\">{\"@context\":\"https:\/\/schema.org\",\"@graph\":[{\"@type\":\"WebPage\",\"@id\":\"https:\/\/meetcody.ai\/de\/preisgestaltung\/\",\"url\":\"https:\/\/meetcody.ai\/de\/preisgestaltung\/\",\"name\":\"Preisgestaltung - Cody - The AI Trained on Your Business\",\"isPartOf\":{\"@id\":\"https:\/\/meetcody.ai\/#website\"},\"datePublished\":\"2023-04-20T11:58:54+00:00\",\"dateModified\":\"2025-11-13T09:05:56+00:00\",\"breadcrumb\":{\"@id\":\"https:\/\/meetcody.ai\/de\/preisgestaltung\/#breadcrumb\"},\"inLanguage\":\"de-DE\",\"potentialAction\":[{\"@type\":\"ReadAction\",\"target\":[\"https:\/\/meetcody.ai\/de\/preisgestaltung\/\"]}]},{\"@type\":\"BreadcrumbList\",\"@id\":\"https:\/\/meetcody.ai\/de\/preisgestaltung\/#breadcrumb\",\"itemListElement\":[{\"@type\":\"ListItem\",\"position\":1,\"name\":\"Home\",\"item\":\"https:\/\/meetcody.ai\/de\/\"},{\"@type\":\"ListItem\",\"position\":2,\"name\":\"Preisgestaltung\"}]},{\"@type\":\"WebSite\",\"@id\":\"https:\/\/meetcody.ai\/#website\",\"url\":\"https:\/\/meetcody.ai\/\",\"name\":\"Cody AI - The AI Trained on Your Business\",\"description\":\"AI Powered Knowledge Base for Employees\",\"publisher\":{\"@id\":\"https:\/\/meetcody.ai\/#organization\"},\"potentialAction\":[{\"@type\":\"SearchAction\",\"target\":{\"@type\":\"EntryPoint\",\"urlTemplate\":\"https:\/\/meetcody.ai\/?s={search_term_string}\"},\"query-input\":{\"@type\":\"PropertyValueSpecification\",\"valueRequired\":true,\"valueName\":\"search_term_string\"}}],\"inLanguage\":\"de-DE\"},{\"@type\":\"Organization\",\"@id\":\"https:\/\/meetcody.ai\/#organization\",\"name\":\"Cody AI - The AI Trained on Your Business\",\"url\":\"https:\/\/meetcody.ai\/\",\"logo\":{\"@type\":\"ImageObject\",\"inLanguage\":\"de-DE\",\"@id\":\"https:\/\/meetcody.ai\/#\/schema\/logo\/image\/\",\"url\":\"https:\/\/meetcody.ai\/wp-content\/uploads\/2023\/05\/logo-codyai.svg\",\"contentUrl\":\"https:\/\/meetcody.ai\/wp-content\/uploads\/2023\/05\/logo-codyai.svg\",\"width\":\"1024\",\"height\":\"1024\",\"caption\":\"Cody AI - The AI Trained on Your Business\"},\"image\":{\"@id\":\"https:\/\/meetcody.ai\/#\/schema\/logo\/image\/\"},\"sameAs\":[\"https:\/\/x.com\/meetcodyai\",\"https:\/\/discord.com\/invite\/jXEVDcFxqs\"]}]}<\/script>\n<!-- \/ Yoast SEO Premium plugin. -->","yoast_head_json":{"title":"Preisgestaltung - Cody - The AI Trained on Your Business","robots":{"index":"index","follow":"follow","max-snippet":"max-snippet:-1","max-image-preview":"max-image-preview:large","max-video-preview":"max-video-preview:-1"},"canonical":"https:\/\/meetcody.ai\/de\/preisgestaltung\/","og_locale":"de_DE","og_type":"article","og_title":"Preisgestaltung","og_description":"[vc_section el_id=&#8221;pricing-section_0&#8243;][vc_row][vc_column][vc_empty_space height=&#8221;90px&#8221; el_class=&#8221;show-for-large&#8221;][vc_empty_space height=&#8221;90px&#8221; el_class=&#8221;hide-for-large&#8221;][vc_row_inner el_class=&#8221;row no-padding-vc&#8221;][vc_column_inner el_class=&#8221;columns large-8 large-offset-2&#8243;][vc_column_text el_class=&#8221;text-center&#8221;] Jetzt kostenlos einsteigen Ganz gleich, ob Sie Cody f\u00fcr den pers\u00f6nlichen Gebrauch, mit einem Team oder f\u00fcr Ihre Kunden nutzen m\u00f6chten, wir haben das passende Paket f\u00fcr Sie. [\/vc_column_text][\/vc_column_inner][\/vc_row_inner][vc_empty_space height=&#8221;90px&#8221; el_class=&#8221;show-for-large&#8221;][vc_empty_space height=&#8221;45px&#8221; el_class=&#8221;hide-for-large&#8221;][\/vc_column][\/vc_row][\/vc_section][vc_section el_id=&#8221;pricing-section_1&#8243;][vc_row][vc_column][vc_empty_space height=&#8221;45px&#8221; el_class=&#8221;hide-for-large&#8221;][vc_row_inner el_class=&#8221;row no-padding-vc&#8221;][vc_column_inner width=&#8221;1\/3&#8243;][vc_empty_space height=&#8221;24px&#8221; el_class=&#8221;hide-for-large&#8221;][vc_column_text] Grundlegend 29... Read more &raquo;","og_url":"https:\/\/meetcody.ai\/de\/preisgestaltung\/","og_site_name":"Cody - The AI Trained on Your Business","article_modified_time":"2025-11-13T09:05:56+00:00","og_image":[{"width":1536,"height":1024,"url":"https:\/\/meetcody.ai\/wp-content\/uploads\/2023\/02\/grid_0-2.png","type":"image\/png"}],"twitter_card":"summary_large_image","twitter_site":"@meetcodyai","twitter_misc":{"Est. reading time":"5 minutes"},"schema":{"@context":"https:\/\/schema.org","@graph":[{"@type":"WebPage","@id":"https:\/\/meetcody.ai\/de\/preisgestaltung\/","url":"https:\/\/meetcody.ai\/de\/preisgestaltung\/","name":"Preisgestaltung - Cody - The AI Trained on Your Business","isPartOf":{"@id":"https:\/\/meetcody.ai\/#website"},"datePublished":"2023-04-20T11:58:54+00:00","dateModified":"2025-11-13T09:05:56+00:00","breadcrumb":{"@id":"https:\/\/meetcody.ai\/de\/preisgestaltung\/#breadcrumb"},"inLanguage":"de-DE","potentialAction":[{"@type":"ReadAction","target":["https:\/\/meetcody.ai\/de\/preisgestaltung\/"]}]},{"@type":"BreadcrumbList","@id":"https:\/\/meetcody.ai\/de\/preisgestaltung\/#breadcrumb","itemListElement":[{"@type":"ListItem","position":1,"name":"Home","item":"https:\/\/meetcody.ai\/de\/"},{"@type":"ListItem","position":2,"name":"Preisgestaltung"}]},{"@type":"WebSite","@id":"https:\/\/meetcody.ai\/#website","url":"https:\/\/meetcody.ai\/","name":"Cody AI - The AI Trained on Your Business","description":"AI Powered Knowledge Base for Employees","publisher":{"@id":"https:\/\/meetcody.ai\/#organization"},"potentialAction":[{"@type":"SearchAction","target":{"@type":"EntryPoint","urlTemplate":"https:\/\/meetcody.ai\/?s={search_term_string}"},"query-input":{"@type":"PropertyValueSpecification","valueRequired":true,"valueName":"search_term_string"}}],"inLanguage":"de-DE"},{"@type":"Organization","@id":"https:\/\/meetcody.ai\/#organization","name":"Cody AI - The AI Trained on Your Business","url":"https:\/\/meetcody.ai\/","logo":{"@type":"ImageObject","inLanguage":"de-DE","@id":"https:\/\/meetcody.ai\/#\/schema\/logo\/image\/","url":"https:\/\/meetcody.ai\/wp-content\/uploads\/2023\/05\/logo-codyai.svg","contentUrl":"https:\/\/meetcody.ai\/wp-content\/uploads\/2023\/05\/logo-codyai.svg","width":"1024","height":"1024","caption":"Cody AI - The AI Trained on Your Business"},"image":{"@id":"https:\/\/meetcody.ai\/#\/schema\/logo\/image\/"},"sameAs":["https:\/\/x.com\/meetcodyai","https:\/\/discord.com\/invite\/jXEVDcFxqs"]}]}},"_links":{"self":[{"href":"https:\/\/meetcody.ai\/de\/wp-json\/wp\/v2\/pages\/26095","targetHints":{"allow":["GET"]}}],"collection":[{"href":"https:\/\/meetcody.ai\/de\/wp-json\/wp\/v2\/pages"}],"about":[{"href":"https:\/\/meetcody.ai\/de\/wp-json\/wp\/v2\/types\/page"}],"author":[{"embeddable":true,"href":"https:\/\/meetcody.ai\/de\/wp-json\/wp\/v2\/users\/1"}],"replies":[{"embeddable":true,"href":"https:\/\/meetcody.ai\/de\/wp-json\/wp\/v2\/comments?post=26095"}],"version-history":[{"count":42,"href":"https:\/\/meetcody.ai\/de\/wp-json\/wp\/v2\/pages\/26095\/revisions"}],"predecessor-version":[{"id":62053,"href":"https:\/\/meetcody.ai\/de\/wp-json\/wp\/v2\/pages\/26095\/revisions\/62053"}],"wp:attachment":[{"href":"https:\/\/meetcody.ai\/de\/wp-json\/wp\/v2\/media?parent=26095"}],"curies":[{"name":"wp","href":"https:\/\/api.w.org\/{rel}","templated":true}]}}