{"id":26074,"date":"2023-04-25T08:34:14","date_gmt":"2023-04-25T08:34:14","guid":{"rendered":"https:\/\/meetcody.ai\/massgeschneiderte-ai-geschaeftsloesungen-fuer-unternehmen\/"},"modified":"2024-09-09T13:02:33","modified_gmt":"2024-09-09T13:02:33","slug":"massgeschneiderte-ai-geschaeftsloesungen-fuer-unternehmen","status":"publish","type":"page","link":"https:\/\/meetcody.ai\/de\/massgeschneiderte-ai-geschaeftsloesungen-fuer-unternehmen\/","title":{"rendered":"Kundenspezifische AI-L\u00f6sungen f\u00fcr Unternehmen"},"content":{"rendered":"<div class=\"wpb-content-wrapper\"><p>[vc_section el_id=&#8221;enterprise-section_0&#8243;][vc_row][vc_column][vc_empty_space height=&#8221;90px&#8221; el_class=&#8221;show-for-large&#8221;][vc_empty_space height=&#8221;90px&#8221; el_class=&#8221;hide-for-large&#8221;][vc_row_inner el_class=&#8221;row no-padding-vc&#8221;][vc_column_inner el_class=&#8221;columns small-12 large-8 large-offset-2&#8243;][vc_column_text el_class=&#8221;text-center&#8221;]<\/p>\n<h1 class=\"margin-bottom-1point5rem font-color-gradient page-heading\">KI-L\u00f6sungen f\u00fcr Unternehmen<\/h1>\n<p class=\"font-color-white no-margin-bottom\">Nutzen Sie das Potenzial modernster KI-Technologien und revolutionieren Sie Ihre Gesch\u00e4ftsabl\u00e4ufe mit den umfassenden KI-L\u00f6sungen f\u00fcr Unternehmen von Cody AI.<br \/>\nStellen Sie sich vor, Sie k\u00f6nnten die Produktivit\u00e4t Ihrer Mitarbeiter durch KI-gest\u00fctzte Unterst\u00fctzung bei jeder Aufgabe und Entscheidung steigern.<br \/>\nUnsere Plattform nutzt modernste Large Language Models (LLMs) wie Llama 3.1, Claude 3.5, GPT-4o, Gemini 1.5 und Mixtral-8x7B, um menschen\u00e4hnliche Intelligenz zu liefern, die plattformunabh\u00e4ngig und anpassbar ist und dem Datenschutz mit zus\u00e4tzlicher rollenbasierter Sicherheit Priorit\u00e4t einr\u00e4umt.   Durch den Einsatz modernster KI-Technologien k\u00f6nnen wir Ihr Unternehmen dabei unterst\u00fctzen, ein unvergleichliches Ma\u00df an Effizienz und Innovation zu erreichen.<\/p>\n<p>[\/vc_column_text][\/vc_column_inner][\/vc_row_inner][\/vc_column][\/vc_row][\/vc_section][vc_section el_id=&#8221;enterprise-section_1&#8243;][vc_row][vc_column][vc_empty_space height=&#8221;90px&#8221; el_class=&#8221;show-for-large&#8221;][vc_empty_space height=&#8221;45px&#8221; el_class=&#8221;hide-for-large&#8221;][vc_row_inner el_class=&#8221;row no-padding-vc&#8221;][vc_column_inner width=&#8221;1\/3&#8243;][vc_column_text el_class=&#8221;large-text-left text-center&#8221;]<\/p>\n<p class=\"margin-bottom-2rem\"><img loading=\"lazy\" decoding=\"async\" class=\"alignnone size-full wp-image-145\" src=\"\/wp-content\/uploads\/2023\/05\/enterprise-section_1-img_1-updated.svg\" alt=\"\" width=\"99\" height=\"90\"><\/p>\n<p class=\"margin-bottom-2rem extra-big font-color-white\">Gesteigerte Effizienz und Produktivit\u00e4t<\/p>\n<p class=\"no-margin-bottom font-color-white\">Die L\u00f6sungen von Cody AI steigern die Effizienz und Produktivit\u00e4t durch die Automatisierung von Aufgaben und die Rationalisierung von Prozessen. Unsere KI-Modelle analysieren Daten, generieren Erkenntnisse und geben Empfehlungen, damit sich Ihr <a href=\"https:\/\/meetcody.ai\/de\/blog\/verbesserung-der-teamarbeit-durch-ki-basiertes-wissensmanagement\/\">Team<\/a> auf strategische Initiativen konzentrieren kann.<\/p>\n<p>[\/vc_column_text][vc_empty_space height=&#8221;24px&#8221; el_class=&#8221;hide-for-large&#8221;][\/vc_column_inner][vc_column_inner width=&#8221;1\/3&#8243;][vc_column_text el_class=&#8221;large-text-left text-center&#8221;]<\/p>\n<p class=\"margin-bottom-2rem\"><img loading=\"lazy\" decoding=\"async\" class=\"alignnone size-full wp-image-145\" src=\"\/wp-content\/uploads\/2023\/05\/enterprise-section_1-img_2-updated.svg\" alt=\"\" width=\"99\" height=\"90\"><\/p>\n<p class=\"margin-bottom-2rem extra-big font-color-white\">Ma\u00dfgeschneiderte KI-L\u00f6sungen f\u00fcr einzigartige Unternehmensbed\u00fcrfnisse<\/p>\n<p class=\"no-margin-bottom font-color-white\">Wir bieten ma\u00dfgeschneiderte KI-Modelle und -L\u00f6sungen, die Ihren spezifischen Gesch\u00e4ftsanforderungen entsprechen und sich nahtlos in Ihre bestehenden Systeme integrieren lassen. Unsere Zusammenarbeit stellt sicher, dass sich unsere KI-L\u00f6sungen an Ihre sich entwickelnde Unternehmenslandschaft anpassen.<\/p>\n<p>[\/vc_column_text][vc_empty_space height=&#8221;24px&#8221; el_class=&#8221;hide-for-large&#8221;][\/vc_column_inner][vc_column_inner width=&#8221;1\/3&#8243;][vc_column_text el_class=&#8221;large-text-left text-center&#8221;]<\/p>\n<p class=\"margin-bottom-2rem\"><img loading=\"lazy\" decoding=\"async\" class=\"alignnone size-full wp-image-145\" src=\"\/wp-content\/uploads\/2023\/05\/home-section_3-icon_1.svg\" alt=\"\" width=\"99\" height=\"90\"><\/p>\n<p class=\"margin-bottom-2rem extra-big font-color-white\">Kompetenz und Unterst\u00fctzung w\u00e4hrend der gesamten KI-Reise<\/p>\n<p class=\"no-margin-bottom font-color-white\">Unsere End-to-End-L\u00f6sungen f\u00fcr KI in Unternehmen umfassen Beratung, Entwicklung, Tests, Automatisierung, Bereitstellung und Skalierung. Unser Team von KI-Experten bietet auch Schulungen und Best-Practice-Implementierungen an, damit Ihr Team KI-Technologien effektiv nutzen und wettbewerbsf\u00e4hig bleiben kann.<\/p>\n<p>[\/vc_column_text][\/vc_column_inner][\/vc_row_inner][vc_empty_space height=&#8221;90px&#8221; el_class=&#8221;show-for-large&#8221;][vc_empty_space height=&#8221;45px&#8221; el_class=&#8221;hide-for-large&#8221;][\/vc_column][\/vc_row][\/vc_section][vc_section el_id=&#8221;enterprise-section_2&#8243; css=&#8221;.vc_custom_1684793633129{background-image: url(https:\/\/meetcody.ai\/wp-content\/uploads\/2023\/05\/home-section_1-bg.png?id=261) !important;background-position: center !important;background-repeat: no-repeat !important;background-size: cover !important;}&#8221;][vc_row][vc_column][vc_empty_space height=&#8221;90px&#8221; el_class=&#8221;show-for-large&#8221;][vc_empty_space height=&#8221;45px&#8221; el_class=&#8221;hide-for-large&#8221;][vc_row_inner el_class=&#8221;row no-padding-vc bg-color-grayscale extra-padding-left-for-large extra-padding-right-for-large has-semirounded-border&#8221;][vc_column_inner][vc_empty_space height=&#8221;90px&#8221; el_class=&#8221;show-for-large&#8221;][vc_empty_space height=&#8221;45px&#8221; el_class=&#8221;hide-for-large&#8221;][vc_raw_html]PGRpdiBjbGFzcz0icm93Ij4KICAgIDxkaXYgY2xhc3M9ImNvbHVtbnMgc21hbGwtMTIgdGV4dC1jZW50ZXIiPgogICAgICAgIDxoMSBjbGFzcz0iZm9udC1jb2xvci13aGl0ZSBtYXJnaW4tYm90dG9tLTJyZW0iPldhcnVtIENvZHkgQUkgZsO8ciBFbnRlcnByaXNlIEFJLUzDtnN1bmdlbiB3w6RobGVuPzwvaDE+CiAgICAgICAgPHAgY2xhc3M9ImZvbnQtY29sb3Itd2hpdGUgbm8tbWFyZ2luLWJvdHRvbSByZW1vdmUtYnIiPlVuc2VyIFRlYW0gdm9uIEtJLUV4cGVydGVuIGJlaSBDb2R5IEFJIHZlcmbDvGd0IMO8YmVyIHVtZmFuZ3JlaWNoZSBFcmZhaHJ1bmcgaW4gZGVyIFp1c2FtbWVuYXJiZWl0IG1pdCBtZWhyIGFscyAxLjAwMCBVbnRlcm5laG1lbiB1bmQga2Fubjxicj4gZGFiZWkgaGVsZmVuLCBkaWUgTGVpc3R1bmdzZsOkaGlna2VpdCBmb3J0c2Nocml0dGxpY2hlciBLSS1UZWNobm9sb2dpZW4gZsO8ciBJaHIgVW50ZXJuZWhtZW4gbnV0emJhciB6dSBtYWNoZW4uIFdpciBiaWV0ZW46PC9wPgogICAgICAgIDxkaXYgY2xhc3M9InNob3ctZm9yLWxhcmdlIiBzdHlsZT0iaGVpZ2h0OiA5MHB4Ij48L2Rpdj4KICAgICAgICA8ZGl2IGNsYXNzPSJoaWRlLWZvci1sYXJnZSIgc3R5bGU9ImhlaWdodDogNDVweCI+PC9kaXY+CiAgICA8L2Rpdj4KPC9kaXY+CjxkaXYgY2xhc3M9InJvdyI+CiAgICA8ZGl2IGNsYXNzPSJjb2x1bW5zIHNtYWxsLTEyIG1lZGl1bS02IGxhcmdlLTYgbGFyZ2UtdGV4dC1sZWZ0IHRleHQtY2VudGVyIj4KICAgICAgICA8cCBjbGFzcz0ibWFyZ2luLWJvdHRvbS0xcG9pbnQ1cmVtIGV4dHJhLWJpZyBmb250LWNvbG9yLXdoaXRlIGZvbnQtd2VpZ2h0LWJvbGQiPkJld8OkaHJ0ZSBJbXBsZW1lbnRpZXJ1bmdzc3RyYXRlZ2llbiAgPC9wPgogICAgICAgIDxwIGNsYXNzPSJmb250LWNvbG9yLXdoaXRlIG1hcmdpbi1ib3R0b20tMnBvaW50NXJlbSI+V2lyIGvDtm5uZW4gSWhuZW4gaGVsZmVuLCBLSS1Nb2RlbGxlIGluIElocmUgYmVzdGVoZW5kZW4gVG9vbHMgdW5kIFByb3plc3NlIHp1IGludGVncmllcmVuLCB1bSBkaWUgUHJvZHVrdGl2aXTDpHQgdW5kIFp1c2FtbWVuYXJiZWl0IHp1IHZlcmJlc3Nlcm4sIHdvYmVpIGRpZSBTaWNoZXJoZWl0IGltIFZvcmRlcmdydW5kIHN0ZWh0LjwvcD4KICAgICAgICA8ZGl2IGNsYXNzPSIiIHN0eWxlPSJoZWlnaHQ6IDQ1cHgiPjwvZGl2PgogICAgPC9kaXY+CiAgICA8ZGl2IGNsYXNzPSJjb2x1bW5zIHNtYWxsLTEyIG1lZGl1bS02IGxhcmdlLTYgbGFyZ2UtdGV4dC1sZWZ0IHRleHQtY2VudGVyIj4KICAgICAgICA8cCBjbGFzcz0ibWFyZ2luLWJvdHRvbS0xcG9pbnQ1cmVtIGV4dHJhLWJpZyBmb250LWNvbG9yLXdoaXRlIGZvbnQtd2VpZ2h0LWJvbGQiPlNwZXppYWxpc2llcnRlIGdlc2ljaGVydGUgRGF0ZW5waXBlbGluZXMgIDwvcD4KICAgICAgICA8cCBjbGFzcz0iZm9udC1jb2xvci13aGl0ZSBtYXJnaW4tYm90dG9tLTJwb2ludDVyZW0iPlVuc2VyIFRlYW0ga2FubiBtYcOfZ2VzY2huZWlkZXJ0ZSBLSS1Nb2RlbGxlIGF1ZiBkZXIgR3J1bmRsYWdlIElocmVzIEdlc2Now6RmdHNiZXJlaWNocyB1bmQgSWhyZXIgQW5mb3JkZXJ1bmdlbiBlcnN0ZWxsZW4sIGluZGVtIGVzIGVudHdlZGVyIE9wZW5BSS1Nb2RlbGxlIGVyd2VpdGVydCBvZGVyIGJlcmVpdHMgdHJhaW5pZXJ0ZSBPcGVuLVNvdXJjZS1Nb2RlbGxlIHZlcndlbmRldC48L3A+CiAgICAgICAgPGRpdiBjbGFzcz0iIiBzdHlsZT0iaGVpZ2h0OiA0NXB4Ij48L2Rpdj4KICAgIDwvZGl2PgogICAgPGRpdiBjbGFzcz0iY29sdW1ucyBzbWFsbC0xMiBtZWRpdW0tNiBsYXJnZS02IGxhcmdlLXRleHQtbGVmdCB0ZXh0LWNlbnRlciI+CiAgICAgICAgPHAgY2xhc3M9Im1hcmdpbi1ib3R0b20tMXBvaW50NXJlbSBleHRyYS1iaWcgZm9udC1jb2xvci13aGl0ZSBmb250LXdlaWdodC1ib2xkIj5Lb3N0ZW5lZmZla3RpdiBpbSBncm\/Dn2VuIE1hw59zdGFiPC9wPgogICAgICAgIDxwIGNsYXNzPSJmb250LWNvbG9yLXdoaXRlIG1hcmdpbi1ib3R0b20tMnBvaW50NXJlbSI+V2lyIGvDtm5uZW4gSWhuZW4gaGVsZmVuLCBkaWUgbWl0IGRlbSBFaW5zYXR6IHZvbiBLSS1Nb2RlbGxlbiB2ZXJidW5kZW5lbiBLb3N0ZW4genUgc2Vua2VuLCBpbmRlbSB3aXIgZGFzIHJpY2h0aWdlIE1vZGVsbCBmw7xyIGRpZSBqZXdlaWxpZ2UgQXVmZ2FiZSBpbXBsZW1lbnRpZXJlbiB1bmQgZXMgZsO8ciBlaW56ZWxuZSBBdWZnYWJlbiBvcHRpbWllcmVuLjwvcD4KICAgICAgICA8ZGl2IGNsYXNzPSIiIHN0eWxlPSJoZWlnaHQ6IDQ1cHgiPjwvZGl2PgogICAgPC9kaXY+CiAgICA8ZGl2IGNsYXNzPSJjb2x1bW5zIHNtYWxsLTEyIG1lZGl1bS02IGxhcmdlLTYgbGFyZ2UtdGV4dC1sZWZ0IHRleHQtY2VudGVyIj4KICAgICAgICA8cCBjbGFzcz0ibWFyZ2luLWJvdHRvbS0xcG9pbnQ1cmVtIGV4dHJhLWJpZyBmb250LWNvbG9yLXdoaXRlIGZvbnQtd2VpZ2h0LWJvbGQiPkVuZC10by1FbmQgS0ktTMO2c3VuZ2VuPC9wPgogICAgICAgIDxwIGNsYXNzPSJmb250LWNvbG9yLXdoaXRlIG1hcmdpbi1ib3R0b20tMnBvaW50NXJlbSI+V2lyIGJpZXRlbiBlaW4gdW1mYXNzZW5kZXMgQW5nZWJvdCBhbiBLSS1Mw7ZzdW5nZW4gZsO8ciBVbnRlcm5laG1lbiwgdm9uIGRlciBhbmbDpG5nbGljaGVuIEJlcmF0dW5nIMO8YmVyIGRpZSBFbnR3aWNrbHVuZywgZGFzIFRlc3RlbiwgZGllIEF1dG9tYXRpc2llcnVuZywgZGllIEJlcmVpdHN0ZWxsdW5nIHVuZCBkaWUgU2thbGllcnVuZyBpbiBlaW5lciBsb2thbGVuLCBNdWx0aS1DbG91ZC0gb2RlciBoeWJyaWRlbiBVbWdlYnVuZy48L3A+CiAgICAgICAgPGRpdiBjbGFzcz0iIiBzdHlsZT0iaGVpZ2h0OiA0NXB4Ij48L2Rpdj4KICAgIDwvZGl2Pgo8L2Rpdj4=[\/vc_raw_html][\/vc_column_inner][\/vc_row_inner][vc_empty_space height=&#8221;90px&#8221; el_class=&#8221;show-for-large&#8221;][vc_empty_space height=&#8221;45px&#8221; el_class=&#8221;hide-for-large&#8221;][\/vc_column][\/vc_row][\/vc_section][vc_section el_id=&#8221;enterprise-section_3&#8243;][vc_row][vc_column][vc_empty_space height=&#8221;90px&#8221; el_class=&#8221;show-for-large&#8221;][vc_empty_space height=&#8221;45px&#8221; el_class=&#8221;hide-for-large&#8221;][vc_row_inner el_class=&#8221;row no-padding-vc&#8221;][vc_column_inner el_class=&#8221;columns small-12 large-10 large-offset-1&#8243;][vc_column_text el_class=&#8221;text-center&#8221;]<\/p>\n<h1 class=\"font-color-white margin-bottom-2point5rem\">Beginnen Sie Ihre Reise zur KI-Transformation<\/h1>\n<p class=\"font-color-white no-margin-bottom remove-br\">Kontaktieren Sie uns noch heute, um mehr \u00fcber unsere KI-L\u00f6sungen f\u00fcr Unternehmen bei Cody AI zu erfahren und zu entdecken, wie wir Ihrem Unternehmen helfen k\u00f6nnen, im Zeitalter der KI erfolgreich zu sein.<\/p>\n<p>[\/vc_column_text][\/vc_column_inner][\/vc_row_inner][vc_empty_space height=&#8221;90px&#8221; el_class=&#8221;show-for-large&#8221;][vc_empty_space height=&#8221;45px&#8221; el_class=&#8221;hide-for-large&#8221;][vc_row_inner el_class=&#8221;row no-padding-vc&#8221;][vc_column_inner][vc_column_text el_class=&#8221;text-center&#8221;]\n<div class=\"wpcf7 no-js\" id=\"wpcf7-f192-o1\" lang=\"en-US\" dir=\"ltr\">\n<div class=\"screen-reader-response\"><p role=\"status\" aria-live=\"polite\" aria-atomic=\"true\"><\/p> <ul><\/ul><\/div>\n<form action=\"\/de\/wp-json\/wp\/v2\/pages\/26074#wpcf7-f192-o1\" method=\"post\" class=\"wpcf7-form init\" aria-label=\"Contact form\" novalidate=\"novalidate\" data-status=\"init\">\n<div style=\"display: none;\">\n<input type=\"hidden\" name=\"_wpcf7\" value=\"192\" \/>\n<input type=\"hidden\" name=\"_wpcf7_version\" value=\"5.9.6\" \/>\n<input type=\"hidden\" name=\"_wpcf7_locale\" value=\"en_US\" \/>\n<input type=\"hidden\" name=\"_wpcf7_unit_tag\" value=\"wpcf7-f192-o1\" \/>\n<input type=\"hidden\" name=\"_wpcf7_container_post\" value=\"0\" \/>\n<input type=\"hidden\" name=\"_wpcf7_posted_data_hash\" value=\"\" \/>\n<\/div>\n<div class=\"row\">\n\t<div class=\"columns small-12 xlarge-6\">\n\t\t<p><span class=\"wpcf7-form-control-wrap\" data-name=\"full-name\"><input size=\"40\" maxlength=\"80\" class=\"wpcf7-form-control wpcf7-text wpcf7-validates-as-required\" aria-required=\"true\" aria-invalid=\"false\" placeholder=\"Full Name*\" value=\"\" type=\"text\" name=\"full-name\" \/><\/span>\n\t\t<\/p>\n\t<\/div>\n\t<div class=\"columns small-12 xlarge-6\">\n\t\t<p><span class=\"wpcf7-form-control-wrap\" data-name=\"email\"><input size=\"40\" maxlength=\"80\" class=\"wpcf7-form-control wpcf7-email wpcf7-validates-as-required wpcf7-text wpcf7-validates-as-email\" aria-required=\"true\" aria-invalid=\"false\" placeholder=\"Email*\" value=\"\" type=\"email\" name=\"email\" \/><\/span>\n\t\t<\/p>\n\t<\/div>\n<\/div>\n<div class=\"row\">\n\t<div class=\"columns small-12 xlarge-6\">\n\t\t<p><span class=\"wpcf7-form-control-wrap\" data-name=\"company-name\"><input size=\"40\" maxlength=\"80\" class=\"wpcf7-form-control wpcf7-text wpcf7-validates-as-required\" aria-required=\"true\" aria-invalid=\"false\" placeholder=\"Company Name\" value=\"\" type=\"text\" name=\"company-name\" \/><\/span>\n\t\t<\/p>\n\t<\/div>\n\t<div class=\"columns small-12 xlarge-6\">\n\t\t<p><span class=\"wpcf7-form-control-wrap\" data-name=\"mobile-phone\"><input size=\"40\" maxlength=\"80\" class=\"wpcf7-form-control wpcf7-text wpcf7-validates-as-required codesm-phone-field\" aria-required=\"true\" aria-invalid=\"false\" placeholder=\"Phone*\" value=\"\" type=\"text\" name=\"mobile-phone\" \/><\/span>\n\t\t<\/p>\n\t<\/div>\n<\/div>\n<div class=\"row\">\n\t<div class=\"columns small-12 xlarge-6\">\n\t\t<p><span class=\"wpcf7-form-control-wrap\" data-name=\"team-size\"><input size=\"40\" maxlength=\"80\" class=\"wpcf7-form-control wpcf7-text wpcf7-validates-as-required\" aria-required=\"true\" aria-invalid=\"false\" placeholder=\"Team Size\" value=\"\" type=\"text\" name=\"team-size\" \/><\/span>\n\t\t<\/p>\n\t<\/div>\n\t<div class=\"columns small-12 xlarge-6\">\n\t\t<p><span class=\"wpcf7-form-control-wrap\" data-name=\"website\"><input size=\"40\" maxlength=\"80\" class=\"wpcf7-form-control wpcf7-text wpcf7-validates-as-required\" aria-required=\"true\" aria-invalid=\"false\" placeholder=\"Website\" value=\"\" type=\"text\" name=\"website\" \/><\/span>\n\t\t<\/p>\n\t<\/div>\n<\/div>\n<div class=\"row\">\n\t<div class=\"columns small-12 xlarge-12\">\n\t\t<p><span class=\"wpcf7-form-control-wrap\" data-name=\"message\"><textarea cols=\"40\" rows=\"4\" maxlength=\"400\" class=\"wpcf7-form-control wpcf7-textarea\" aria-invalid=\"false\" placeholder=\"Tell us about your use case...\" name=\"message\"><\/textarea><\/span>\n\t\t<\/p>\n\t<\/div>\n<\/div>\n<div class=\"show-for-large\" style=\"height: 60px\">\n<\/div>\n<div class=\"hide-for-large\" style=\"height: 30px\">\n<\/div>\n<div class=\"row\">\n\t<div class=\"columns small-12 xlarge-12 text-center\">\n\t\t<p><span id=\"wpcf7-69de14520b4bf-wrapper\" class=\"wpcf7-form-control-wrap email-confirm-wrap\" style=\"display:none !important; visibility:hidden !important;\"><label for=\"wpcf7-69de14520b4bf-field\" class=\"hp-message\">Please leave this field empty.<\/label><input id=\"wpcf7-69de14520b4bf-field\"  class=\"wpcf7-form-control wpcf7-text\" type=\"text\" name=\"email-confirm\" value=\"\" size=\"40\" tabindex=\"-1\" autocomplete=\"new-password\" \/><\/span><button type=\"submit\" class=\"button no-margin-bottom\"><span>Submit<\/span><\/button>\n\t\t<\/p>\n\t<\/div>\n<\/div><div class=\"wpcf7-response-output\" aria-hidden=\"true\"><\/div>\n<\/form>\n<\/div>\n[\/vc_column_text][\/vc_column_inner][\/vc_row_inner][vc_empty_space height=&#8221;90px&#8221; el_class=&#8221;show-for-large&#8221;][vc_empty_space height=&#8221;45px&#8221; el_class=&#8221;hide-for-large&#8221;][\/vc_column][\/vc_row][\/vc_section]<\/p>\n<\/div>","protected":false},"excerpt":{"rendered":"<p>[vc_section el_id=&#8221;enterprise-section_0&#8243;][vc_row][vc_column][vc_empty_space height=&#8221;90px&#8221; el_class=&#8221;show-for-large&#8221;][vc_empty_space height=&#8221;90px&#8221; el_class=&#8221;hide-for-large&#8221;][vc_row_inner el_class=&#8221;row no-padding-vc&#8221;][vc_column_inner el_class=&#8221;columns small-12 large-8 large-offset-2&#8243;][vc_column_text el_class=&#8221;text-center&#8221;] KI-L\u00f6sungen f\u00fcr Unternehmen Nutzen Sie das Potenzial modernster KI-Technologien und revolutionieren Sie Ihre Gesch\u00e4ftsabl\u00e4ufe mit den umfassenden KI-L\u00f6sungen f\u00fcr Unternehmen von Cody AI. Stellen Sie sich vor, Sie k\u00f6nnten die Produktivit\u00e4t Ihrer Mitarbeiter durch KI-gest\u00fctzte Unterst\u00fctzung bei jeder Aufgabe und Entscheidung steigern.<a class=\"excerpt-read-more\" href=\"https:\/\/meetcody.ai\/de\/massgeschneiderte-ai-geschaeftsloesungen-fuer-unternehmen\/\" title=\"ReadKundenspezifische AI-L\u00f6sungen f\u00fcr Unternehmen\">&#8230; Read more &raquo;<\/a><\/p>\n","protected":false},"author":1,"featured_media":0,"parent":0,"menu_order":0,"comment_status":"closed","ping_status":"closed","template":"template-visual-builder.php","meta":{"_acf_changed":false,"inline_featured_image":false,"footnotes":""},"class_list":["post-26074","page","type-page","status-publish","hentry"],"acf":[],"yoast_head":"<!-- This site is optimized with the Yoast SEO Premium plugin v21.8 (Yoast SEO v24.2) - https:\/\/yoast.com\/wordpress\/plugins\/seo\/ -->\n<title>Kundenspezifische AI-L\u00f6sungen f\u00fcr Unternehmen<\/title>\n<meta name=\"description\" content=\"Erschlie\u00dfen Sie das Potenzial fortschrittlicher KI-Technologien, um Ihr Unternehmen mit unseren umfassenden KI-L\u00f6sungen f\u00fcr Unternehmen bei Cody AI zu transformieren.\" \/>\n<meta name=\"robots\" content=\"index, follow, max-snippet:-1, max-image-preview:large, max-video-preview:-1\" \/>\n<link rel=\"canonical\" href=\"https:\/\/meetcody.ai\/de\/massgeschneiderte-ai-geschaeftsloesungen-fuer-unternehmen\/\" \/>\n<meta property=\"og:locale\" content=\"de_DE\" \/>\n<meta property=\"og:type\" content=\"article\" \/>\n<meta property=\"og:title\" content=\"Kundenspezifische AI-L\u00f6sungen f\u00fcr Unternehmen\" \/>\n<meta property=\"og:description\" content=\"Erschlie\u00dfen Sie das Potenzial fortschrittlicher KI-Technologien, um Ihr Unternehmen mit unseren umfassenden KI-L\u00f6sungen f\u00fcr Unternehmen bei Cody AI zu transformieren.\" \/>\n<meta property=\"og:url\" content=\"https:\/\/meetcody.ai\/de\/massgeschneiderte-ai-geschaeftsloesungen-fuer-unternehmen\/\" \/>\n<meta property=\"og:site_name\" content=\"Cody - The AI Trained on Your Business\" \/>\n<meta property=\"article:modified_time\" content=\"2024-09-09T13:02:33+00:00\" \/>\n<meta property=\"og:image\" content=\"https:\/\/meetcody.ai\/wp-content\/uploads\/2023\/02\/grid_0-2.png\" \/>\n\t<meta property=\"og:image:width\" content=\"1536\" \/>\n\t<meta property=\"og:image:height\" content=\"1024\" \/>\n\t<meta property=\"og:image:type\" content=\"image\/png\" \/>\n<meta name=\"twitter:card\" content=\"summary_large_image\" \/>\n<meta name=\"twitter:site\" content=\"@meetcodyai\" \/>\n<meta name=\"twitter:label1\" content=\"Est. reading time\" \/>\n\t<meta name=\"twitter:data1\" content=\"6 minutes\" \/>\n<script type=\"application\/ld+json\" class=\"yoast-schema-graph\">{\"@context\":\"https:\/\/schema.org\",\"@graph\":[{\"@type\":\"WebPage\",\"@id\":\"https:\/\/meetcody.ai\/de\/massgeschneiderte-ai-geschaeftsloesungen-fuer-unternehmen\/\",\"url\":\"https:\/\/meetcody.ai\/de\/massgeschneiderte-ai-geschaeftsloesungen-fuer-unternehmen\/\",\"name\":\"Kundenspezifische AI-L\u00f6sungen f\u00fcr Unternehmen\",\"isPartOf\":{\"@id\":\"https:\/\/meetcody.ai\/#website\"},\"datePublished\":\"2023-04-25T08:34:14+00:00\",\"dateModified\":\"2024-09-09T13:02:33+00:00\",\"description\":\"Erschlie\u00dfen Sie das Potenzial fortschrittlicher KI-Technologien, um Ihr Unternehmen mit unseren umfassenden KI-L\u00f6sungen f\u00fcr Unternehmen bei Cody AI zu transformieren.\",\"breadcrumb\":{\"@id\":\"https:\/\/meetcody.ai\/de\/massgeschneiderte-ai-geschaeftsloesungen-fuer-unternehmen\/#breadcrumb\"},\"inLanguage\":\"de-DE\",\"potentialAction\":[{\"@type\":\"ReadAction\",\"target\":[\"https:\/\/meetcody.ai\/de\/massgeschneiderte-ai-geschaeftsloesungen-fuer-unternehmen\/\"]}]},{\"@type\":\"BreadcrumbList\",\"@id\":\"https:\/\/meetcody.ai\/de\/massgeschneiderte-ai-geschaeftsloesungen-fuer-unternehmen\/#breadcrumb\",\"itemListElement\":[{\"@type\":\"ListItem\",\"position\":1,\"name\":\"Home\",\"item\":\"https:\/\/meetcody.ai\/de\/\"},{\"@type\":\"ListItem\",\"position\":2,\"name\":\"Kundenspezifische AI-L\u00f6sungen f\u00fcr Unternehmen\"}]},{\"@type\":\"WebSite\",\"@id\":\"https:\/\/meetcody.ai\/#website\",\"url\":\"https:\/\/meetcody.ai\/\",\"name\":\"Cody AI - The AI Trained on Your Business\",\"description\":\"AI Powered Knowledge Base for Employees\",\"publisher\":{\"@id\":\"https:\/\/meetcody.ai\/#organization\"},\"potentialAction\":[{\"@type\":\"SearchAction\",\"target\":{\"@type\":\"EntryPoint\",\"urlTemplate\":\"https:\/\/meetcody.ai\/?s={search_term_string}\"},\"query-input\":{\"@type\":\"PropertyValueSpecification\",\"valueRequired\":true,\"valueName\":\"search_term_string\"}}],\"inLanguage\":\"de-DE\"},{\"@type\":\"Organization\",\"@id\":\"https:\/\/meetcody.ai\/#organization\",\"name\":\"Cody AI - The AI Trained on Your Business\",\"url\":\"https:\/\/meetcody.ai\/\",\"logo\":{\"@type\":\"ImageObject\",\"inLanguage\":\"de-DE\",\"@id\":\"https:\/\/meetcody.ai\/#\/schema\/logo\/image\/\",\"url\":\"https:\/\/meetcody.ai\/wp-content\/uploads\/2023\/05\/logo-codyai.svg\",\"contentUrl\":\"https:\/\/meetcody.ai\/wp-content\/uploads\/2023\/05\/logo-codyai.svg\",\"width\":\"1024\",\"height\":\"1024\",\"caption\":\"Cody AI - The AI Trained on Your Business\"},\"image\":{\"@id\":\"https:\/\/meetcody.ai\/#\/schema\/logo\/image\/\"},\"sameAs\":[\"https:\/\/x.com\/meetcodyai\",\"https:\/\/discord.com\/invite\/jXEVDcFxqs\"]}]}<\/script>\n<!-- \/ Yoast SEO Premium plugin. -->","yoast_head_json":{"title":"Kundenspezifische AI-L\u00f6sungen f\u00fcr Unternehmen","description":"Erschlie\u00dfen Sie das Potenzial fortschrittlicher KI-Technologien, um Ihr Unternehmen mit unseren umfassenden KI-L\u00f6sungen f\u00fcr Unternehmen bei Cody AI zu transformieren.","robots":{"index":"index","follow":"follow","max-snippet":"max-snippet:-1","max-image-preview":"max-image-preview:large","max-video-preview":"max-video-preview:-1"},"canonical":"https:\/\/meetcody.ai\/de\/massgeschneiderte-ai-geschaeftsloesungen-fuer-unternehmen\/","og_locale":"de_DE","og_type":"article","og_title":"Kundenspezifische AI-L\u00f6sungen f\u00fcr Unternehmen","og_description":"Erschlie\u00dfen Sie das Potenzial fortschrittlicher KI-Technologien, um Ihr Unternehmen mit unseren umfassenden KI-L\u00f6sungen f\u00fcr Unternehmen bei Cody AI zu transformieren.","og_url":"https:\/\/meetcody.ai\/de\/massgeschneiderte-ai-geschaeftsloesungen-fuer-unternehmen\/","og_site_name":"Cody - The AI Trained on Your Business","article_modified_time":"2024-09-09T13:02:33+00:00","og_image":[{"width":1536,"height":1024,"url":"https:\/\/meetcody.ai\/wp-content\/uploads\/2023\/02\/grid_0-2.png","type":"image\/png"}],"twitter_card":"summary_large_image","twitter_site":"@meetcodyai","twitter_misc":{"Est. reading time":"6 minutes"},"schema":{"@context":"https:\/\/schema.org","@graph":[{"@type":"WebPage","@id":"https:\/\/meetcody.ai\/de\/massgeschneiderte-ai-geschaeftsloesungen-fuer-unternehmen\/","url":"https:\/\/meetcody.ai\/de\/massgeschneiderte-ai-geschaeftsloesungen-fuer-unternehmen\/","name":"Kundenspezifische AI-L\u00f6sungen f\u00fcr Unternehmen","isPartOf":{"@id":"https:\/\/meetcody.ai\/#website"},"datePublished":"2023-04-25T08:34:14+00:00","dateModified":"2024-09-09T13:02:33+00:00","description":"Erschlie\u00dfen Sie das Potenzial fortschrittlicher KI-Technologien, um Ihr Unternehmen mit unseren umfassenden KI-L\u00f6sungen f\u00fcr Unternehmen bei Cody AI zu transformieren.","breadcrumb":{"@id":"https:\/\/meetcody.ai\/de\/massgeschneiderte-ai-geschaeftsloesungen-fuer-unternehmen\/#breadcrumb"},"inLanguage":"de-DE","potentialAction":[{"@type":"ReadAction","target":["https:\/\/meetcody.ai\/de\/massgeschneiderte-ai-geschaeftsloesungen-fuer-unternehmen\/"]}]},{"@type":"BreadcrumbList","@id":"https:\/\/meetcody.ai\/de\/massgeschneiderte-ai-geschaeftsloesungen-fuer-unternehmen\/#breadcrumb","itemListElement":[{"@type":"ListItem","position":1,"name":"Home","item":"https:\/\/meetcody.ai\/de\/"},{"@type":"ListItem","position":2,"name":"Kundenspezifische AI-L\u00f6sungen f\u00fcr Unternehmen"}]},{"@type":"WebSite","@id":"https:\/\/meetcody.ai\/#website","url":"https:\/\/meetcody.ai\/","name":"Cody AI - The AI Trained on Your Business","description":"AI Powered Knowledge Base for Employees","publisher":{"@id":"https:\/\/meetcody.ai\/#organization"},"potentialAction":[{"@type":"SearchAction","target":{"@type":"EntryPoint","urlTemplate":"https:\/\/meetcody.ai\/?s={search_term_string}"},"query-input":{"@type":"PropertyValueSpecification","valueRequired":true,"valueName":"search_term_string"}}],"inLanguage":"de-DE"},{"@type":"Organization","@id":"https:\/\/meetcody.ai\/#organization","name":"Cody AI - The AI Trained on Your Business","url":"https:\/\/meetcody.ai\/","logo":{"@type":"ImageObject","inLanguage":"de-DE","@id":"https:\/\/meetcody.ai\/#\/schema\/logo\/image\/","url":"https:\/\/meetcody.ai\/wp-content\/uploads\/2023\/05\/logo-codyai.svg","contentUrl":"https:\/\/meetcody.ai\/wp-content\/uploads\/2023\/05\/logo-codyai.svg","width":"1024","height":"1024","caption":"Cody AI - The AI Trained on Your Business"},"image":{"@id":"https:\/\/meetcody.ai\/#\/schema\/logo\/image\/"},"sameAs":["https:\/\/x.com\/meetcodyai","https:\/\/discord.com\/invite\/jXEVDcFxqs"]}]}},"_links":{"self":[{"href":"https:\/\/meetcody.ai\/de\/wp-json\/wp\/v2\/pages\/26074","targetHints":{"allow":["GET"]}}],"collection":[{"href":"https:\/\/meetcody.ai\/de\/wp-json\/wp\/v2\/pages"}],"about":[{"href":"https:\/\/meetcody.ai\/de\/wp-json\/wp\/v2\/types\/page"}],"author":[{"embeddable":true,"href":"https:\/\/meetcody.ai\/de\/wp-json\/wp\/v2\/users\/1"}],"replies":[{"embeddable":true,"href":"https:\/\/meetcody.ai\/de\/wp-json\/wp\/v2\/comments?post=26074"}],"version-history":[{"count":48,"href":"https:\/\/meetcody.ai\/de\/wp-json\/wp\/v2\/pages\/26074\/revisions"}],"predecessor-version":[{"id":49464,"href":"https:\/\/meetcody.ai\/de\/wp-json\/wp\/v2\/pages\/26074\/revisions\/49464"}],"wp:attachment":[{"href":"https:\/\/meetcody.ai\/de\/wp-json\/wp\/v2\/media?parent=26074"}],"curies":[{"name":"wp","href":"https:\/\/api.w.org\/{rel}","templated":true}]}}